





{"id":82976,"date":"2025-03-24T18:39:29","date_gmt":"2025-03-24T17:39:29","guid":{"rendered":"https:\/\/repliquemangacine.fr\/?post_type=product&#038;p=82976"},"modified":"2026-01-11T20:46:40","modified_gmt":"2026-01-11T19:46:40","slug":"fodero-glamdring-spada-di-gandalf-lotr","status":"publish","type":"product","link":"https:\/\/repliquemangacine.fr\/it\/epees-seigneur-des-anneaux\/glamdring-fourreau-epee-de-gandalf-lotr\/","title":{"rendered":"Fodero Glamdring - Spada di Gandalf LOTR"},"content":{"rendered":"<h2>Glamdring Fourreau, la spada di Gandalf: una replica fedele di Il Signore degli Anelli<\/h2>\n<p>Scoprite innanzitutto la replica del fodero di Glamdring, la leggendaria spada di Gandalf il Grigio, fedele compagno di Frodo e della Compagnia. La sua lama in acciaio inossidabile 440, con scanalatura centrale, garantisce un impressionante realismo e una finitura particolarmente accurata. La guardia in acciaio massiccio presenta una raffinata incisione al centro, che aggiunge un tocco elegante e autentico all'insieme. L'impugnatura \u00e8 rivestita in finta pelle blu, per una presa eccellente per i collezionisti o i cosplayer. Il pomo in acciaio massiccio appositamente progettato aggiunge prestigio a questa spada elfica. Fornita con un fodero in legno rivestito in similpelle blu, ornato da dettagli in metallo argentato. Con una lunghezza della lama di 89 cm e una lunghezza complessiva di 117 cm, questo pezzo raggiunge i 126 cm con il fodero, per un peso di 1925 grammi. Una spada mitica che non pu\u00f2 mancare.<\/p>\n<h2>Le leggendarie spade de Il Signore degli Anelli: simboli di coraggio e destino<\/h2>\n<p>Nella trilogia del Signore degli Anelli, ogni spada ha una storia profonda e un ruolo cruciale nel destino degli eroi. Glamdring, nota anche come Spacca-Goblin, fu scoperta da Gandalf in un'antica grotta insieme a Orcrist e Dard. Questa spada elfica si illumina di blu quando si avvicina il pericolo, proteggendo i suoi compagni. Gandalf, potente mago e guida della Compagnia, la usa saggiamente per affrontare la crescente oscurit\u00e0 della Terra di Mezzo. Ogni arma riflette il carattere del suo portatore e contribuisce alla fantastica epopea scritta da <a href=\"https:\/\/www.tolkiendil.com\/bienvenue\" target=\"_blank\" rel=\"noopener noreferrer\">Tolkien<\/a>. Attraverso queste lame si trasmettono eredit\u00e0, onore e coraggio. Possedere una replica come Glamdring \u00e8 molto pi\u00f9 di un oggetto decorativo: \u00e8 un'immersione in un universo mitico. Grazie alla loro autenticit\u00e0, queste spade continuano a ispirare generazioni di appassionati in tutto il mondo.<\/p>\n<h2>R\u00e9plique Manga Cin\u00e9 : tutte le spade del Signore degli Anelli<\/h2>\n<p>Su R\u00e9plique Manga Cin\u00e9, esplorate una vasta selezione di armi del magico mondo de Il Signore degli Anelli. Oltre a Glamdring, troverete il<a href=\"https:\/\/repliquemangacine.fr\/it\/spade-e-pugnali-gli-anelli-del-potere\/spada-anduril-aragorn-signore-degli-anelli\/\">And\u00faril<\/a>la spada forgiata per Aragorn dai fabbri elfici, simbolo della regalit\u00e0 riconquistata. Scoprite anche la<a href=\"https:\/\/repliquemangacine.fr\/it\/spade-del-signore-degli-anelli\/la-spada-di-boromir\/\">La spada di Boromir<\/a>pesante e potente, fedele al guerriero di Gondor. Per i fan di Rohan, il<a href=\"https:\/\/repliquemangacine.fr\/it\/spade-del-signore-degli-anelli\/spada-di-theoden-spada-di-herugrim\/\">Spada Herugrim<\/a> di Re Th\u00e9oden \u00e8 un pezzo iconico da non perdere. Gli appassionati di agilit\u00e0 apprezzeranno i pugnali di Legolas, sottili ed eleganti, ideali per il combattimento ravvicinato. Senza dimenticare il <a href=\"https:\/\/repliquemangacine.fr\/it\/spade-del-signore-degli-anelli\/signore-degli-anelli-nazgul-spada-cavalieri-neri-spada\/\">Le spade oscure dei Nazg\u00fbl<\/a>minaccioso e carico di un'aura di malvagit\u00e0. E, naturalmente, il<a href=\"https:\/\/repliquemangacine.fr\/it\/spade-del-signore-degli-anelli\/spada-di-frodo-2\/\">spada Dard de Frodon<\/a>piccolo ma formidabile, rimane un classico. In conclusione, sul nostro sito R\u00e9plique Manga Cin\u00e9 troverete repliche fedeli e di alta qualit\u00e0, perfette per gli appassionati, i cosplayer o i collezionisti di leggende del cinema.<\/p>","protected":false},"excerpt":{"rendered":"<p>Magnifica replica della spada Glamdring di Gandalf della trilogia del Signore degli Anelli<\/p>\n<ul>\n<li>Lama in acciaio inox 440 con scanalatura<\/li>\n<li>Solida guardia in acciaio con raffinata incisione centrale<\/li>\n<li>Manico in similpelle blu per una presa sicura<\/li>\n<li>Manopola in acciaio massiccio appositamente sagomata<\/li>\n<li>Fornito con fodero in legno rivestito in similpelle blu e decorazione in metallo.<\/li>\n<li>Lunghezza lama: 89 cm - Lunghezza totale: 117 cm<\/li>\n<li>Lunghezza totale con fodero: 126 cm - Peso: 1925 gr con fodero<\/li>\n<\/ul>","protected":false},"featured_media":82977,"template":"","meta":[],"product_brand":[896],"product_cat":[68,29],"product_tag":[],"class_list":{"0":"post-82976","1":"product","2":"type-product","3":"status-publish","4":"has-post-thumbnail","6":"product_brand-replique-manga-cine","7":"product_cat-epees-seigneur-des-anneaux","8":"product_cat-le-seigneur-des-anneaux","10":"first","11":"instock","12":"taxable","13":"shipping-taxable","14":"purchasable","15":"product-type-simple"},"yoast_head":"<!-- This site is optimized with the Yoast SEO plugin v27.4 - https:\/\/yoast.com\/product\/yoast-seo-wordpress\/ -->\n<title>Glamdring Fourreau - Ep\u00e9e de Gandalf LOTR | RMC<\/title>\n<meta name=\"description\" content=\"D\u00e9couvrez cette magnifique r\u00e9plique de l&#039;\u00e9p\u00e9e Glamdring Fourreau de Gqandalf dans Le Seigneur des Anneaux. Lame acier 440. Fourreau similicuir bleu. 126 cm\" \/>\n<meta name=\"robots\" content=\"index, follow, max-snippet:-1, max-image-preview:large, max-video-preview:-1\" \/>\n<link rel=\"canonical\" href=\"https:\/\/repliquemangacine.fr\/it\/spade-del-signore-degli-anelli\/fodero-glamdring-spada-di-gandalf-lotr\/\" \/>\n<meta property=\"og:locale\" content=\"it_IT\" \/>\n<meta property=\"og:type\" content=\"article\" \/>\n<meta property=\"og:title\" content=\"Glamdring Fourreau - Ep\u00e9e de Gandalf LOTR | RMC\" \/>\n<meta property=\"og:description\" content=\"D\u00e9couvrez cette magnifique r\u00e9plique de l&#039;\u00e9p\u00e9e Glamdring Fourreau de Gqandalf dans Le Seigneur des Anneaux. Lame acier 440. Fourreau similicuir bleu. 126 cm\" \/>\n<meta property=\"og:url\" content=\"https:\/\/repliquemangacine.fr\/it\/spade-del-signore-degli-anelli\/fodero-glamdring-spada-di-gandalf-lotr\/\" \/>\n<meta property=\"og:site_name\" content=\"R\u00e9plique Manga Cin\u00e9\" \/>\n<meta property=\"article:publisher\" content=\"https:\/\/www.facebook.com\/RepliqueMangaCine\" \/>\n<meta property=\"article:modified_time\" content=\"2026-01-11T19:46:40+00:00\" \/>\n<meta property=\"og:image\" content=\"https:\/\/repliquemangacine.fr\/wp-content\/uploads\/2025\/03\/epee-de-Gandalf-et-son-fourreau.jpg\" \/>\n\t<meta property=\"og:image:width\" content=\"500\" \/>\n\t<meta property=\"og:image:height\" content=\"500\" \/>\n\t<meta property=\"og:image:type\" content=\"image\/jpeg\" \/>\n<meta name=\"twitter:card\" content=\"summary_large_image\" \/>\n<meta name=\"twitter:label1\" content=\"Tempo di lettura stimato\" \/>\n\t<meta name=\"twitter:data1\" content=\"3 minuti\" \/>\n<script type=\"application\/ld+json\" class=\"yoast-schema-graph\">{\"@context\":\"https:\\\/\\\/schema.org\",\"@graph\":[{\"@type\":\"WebPage\",\"@id\":\"https:\\\/\\\/repliquemangacine.fr\\\/epees-seigneur-des-anneaux\\\/glamdring-fourreau-epee-de-gandalf-lotr\\\/\",\"url\":\"https:\\\/\\\/repliquemangacine.fr\\\/epees-seigneur-des-anneaux\\\/glamdring-fourreau-epee-de-gandalf-lotr\\\/\",\"name\":\"Glamdring Fourreau - Ep\u00e9e de Gandalf LOTR | RMC\",\"isPartOf\":{\"@id\":\"https:\\\/\\\/repliquemangacine.fr\\\/#website\"},\"primaryImageOfPage\":{\"@id\":\"https:\\\/\\\/repliquemangacine.fr\\\/epees-seigneur-des-anneaux\\\/glamdring-fourreau-epee-de-gandalf-lotr\\\/#primaryimage\"},\"image\":{\"@id\":\"https:\\\/\\\/repliquemangacine.fr\\\/epees-seigneur-des-anneaux\\\/glamdring-fourreau-epee-de-gandalf-lotr\\\/#primaryimage\"},\"thumbnailUrl\":\"https:\\\/\\\/repliquemangacine.fr\\\/wp-content\\\/uploads\\\/2025\\\/03\\\/epee-de-Gandalf-et-son-fourreau.jpg\",\"datePublished\":\"2025-03-24T17:39:29+00:00\",\"dateModified\":\"2026-01-11T19:46:40+00:00\",\"description\":\"D\u00e9couvrez cette magnifique r\u00e9plique de l'\u00e9p\u00e9e Glamdring Fourreau de Gqandalf dans Le Seigneur des Anneaux. Lame acier 440. Fourreau similicuir bleu. 126 cm\",\"breadcrumb\":{\"@id\":\"https:\\\/\\\/repliquemangacine.fr\\\/epees-seigneur-des-anneaux\\\/glamdring-fourreau-epee-de-gandalf-lotr\\\/#breadcrumb\"},\"inLanguage\":\"it-IT\",\"potentialAction\":[{\"@type\":\"ReadAction\",\"target\":[\"https:\\\/\\\/repliquemangacine.fr\\\/epees-seigneur-des-anneaux\\\/glamdring-fourreau-epee-de-gandalf-lotr\\\/\"]}]},{\"@type\":\"ImageObject\",\"inLanguage\":\"it-IT\",\"@id\":\"https:\\\/\\\/repliquemangacine.fr\\\/epees-seigneur-des-anneaux\\\/glamdring-fourreau-epee-de-gandalf-lotr\\\/#primaryimage\",\"url\":\"https:\\\/\\\/repliquemangacine.fr\\\/wp-content\\\/uploads\\\/2025\\\/03\\\/epee-de-Gandalf-et-son-fourreau.jpg\",\"contentUrl\":\"https:\\\/\\\/repliquemangacine.fr\\\/wp-content\\\/uploads\\\/2025\\\/03\\\/epee-de-Gandalf-et-son-fourreau.jpg\",\"width\":500,\"height\":500,\"caption\":\"Glamdring Fourreau \u00e9p\u00e9e de Gandalf - Le Seigneur des Anneaux\"},{\"@type\":\"BreadcrumbList\",\"@id\":\"https:\\\/\\\/repliquemangacine.fr\\\/epees-seigneur-des-anneaux\\\/glamdring-fourreau-epee-de-gandalf-lotr\\\/#breadcrumb\",\"itemListElement\":[{\"@type\":\"ListItem\",\"position\":1,\"name\":\"Accueil\",\"item\":\"https:\\\/\\\/repliquemangacine.fr\\\/\"},{\"@type\":\"ListItem\",\"position\":2,\"name\":\"Produits\",\"item\":\"https:\\\/\\\/repliquemangacine.fr\\\/boutique\\\/\"},{\"@type\":\"ListItem\",\"position\":3,\"name\":\"Glamdring Fourreau &#8211; Ep\u00e9e de Gandalf LOTR\"}]},{\"@type\":\"WebSite\",\"@id\":\"https:\\\/\\\/repliquemangacine.fr\\\/#website\",\"url\":\"https:\\\/\\\/repliquemangacine.fr\\\/\",\"name\":\"R\u00e9plique Manga Cin\u00e9\",\"description\":\"\",\"publisher\":{\"@id\":\"https:\\\/\\\/repliquemangacine.fr\\\/#organization\"},\"potentialAction\":[{\"@type\":\"SearchAction\",\"target\":{\"@type\":\"EntryPoint\",\"urlTemplate\":\"https:\\\/\\\/repliquemangacine.fr\\\/?s={search_term_string}\"},\"query-input\":{\"@type\":\"PropertyValueSpecification\",\"valueRequired\":true,\"valueName\":\"search_term_string\"}}],\"inLanguage\":\"it-IT\"},{\"@type\":\"Organization\",\"@id\":\"https:\\\/\\\/repliquemangacine.fr\\\/#organization\",\"name\":\"R\u00e9plique Manga Cin\u00e9\",\"url\":\"https:\\\/\\\/repliquemangacine.fr\\\/\",\"logo\":{\"@type\":\"ImageObject\",\"inLanguage\":\"it-IT\",\"@id\":\"https:\\\/\\\/repliquemangacine.fr\\\/#\\\/schema\\\/logo\\\/image\\\/\",\"url\":\"https:\\\/\\\/repliquemangacine.fr\\\/wp-content\\\/uploads\\\/2023\\\/10\\\/RMC-500250.png\",\"contentUrl\":\"https:\\\/\\\/repliquemangacine.fr\\\/wp-content\\\/uploads\\\/2023\\\/10\\\/RMC-500250.png\",\"width\":500,\"height\":250,\"caption\":\"R\u00e9plique Manga Cin\u00e9\"},\"image\":{\"@id\":\"https:\\\/\\\/repliquemangacine.fr\\\/#\\\/schema\\\/logo\\\/image\\\/\"},\"sameAs\":[\"https:\\\/\\\/www.facebook.com\\\/RepliqueMangaCine\",\"https:\\\/\\\/www.instagram.com\\\/repliquemangacine.fr\\\/\"]}]}<\/script>\n<!-- \/ Yoast SEO plugin. -->","yoast_head_json":{"title":"Fodero Glamdring - Spada di Gandalf LOTR | RMC","description":"Scoprite questa magnifica replica della spada Glamdring Scabbard usata da Gqandalf ne Il Signore degli Anelli. Lama in acciaio 440. Fodero in similpelle blu di 126 cm.","robots":{"index":"index","follow":"follow","max-snippet":"max-snippet:-1","max-image-preview":"max-image-preview:large","max-video-preview":"max-video-preview:-1"},"canonical":"https:\/\/repliquemangacine.fr\/it\/spade-del-signore-degli-anelli\/fodero-glamdring-spada-di-gandalf-lotr\/","og_locale":"it_IT","og_type":"article","og_title":"Glamdring Fourreau - Ep\u00e9e de Gandalf LOTR | RMC","og_description":"D\u00e9couvrez cette magnifique r\u00e9plique de l'\u00e9p\u00e9e Glamdring Fourreau de Gqandalf dans Le Seigneur des Anneaux. Lame acier 440. Fourreau similicuir bleu. 126 cm","og_url":"https:\/\/repliquemangacine.fr\/it\/spade-del-signore-degli-anelli\/fodero-glamdring-spada-di-gandalf-lotr\/","og_site_name":"R\u00e9plique Manga Cin\u00e9","article_publisher":"https:\/\/www.facebook.com\/RepliqueMangaCine","article_modified_time":"2026-01-11T19:46:40+00:00","og_image":[{"width":500,"height":500,"url":"https:\/\/repliquemangacine.fr\/wp-content\/uploads\/2025\/03\/epee-de-Gandalf-et-son-fourreau.jpg","type":"image\/jpeg"}],"twitter_card":"summary_large_image","twitter_misc":{"Tempo di lettura stimato":"3 minuti"},"schema":{"@context":"https:\/\/schema.org","@graph":[{"@type":"WebPage","@id":"https:\/\/repliquemangacine.fr\/epees-seigneur-des-anneaux\/glamdring-fourreau-epee-de-gandalf-lotr\/","url":"https:\/\/repliquemangacine.fr\/epees-seigneur-des-anneaux\/glamdring-fourreau-epee-de-gandalf-lotr\/","name":"Fodero Glamdring - Spada di Gandalf LOTR | RMC","isPartOf":{"@id":"https:\/\/repliquemangacine.fr\/#website"},"primaryImageOfPage":{"@id":"https:\/\/repliquemangacine.fr\/epees-seigneur-des-anneaux\/glamdring-fourreau-epee-de-gandalf-lotr\/#primaryimage"},"image":{"@id":"https:\/\/repliquemangacine.fr\/epees-seigneur-des-anneaux\/glamdring-fourreau-epee-de-gandalf-lotr\/#primaryimage"},"thumbnailUrl":"https:\/\/repliquemangacine.fr\/wp-content\/uploads\/2025\/03\/epee-de-Gandalf-et-son-fourreau.jpg","datePublished":"2025-03-24T17:39:29+00:00","dateModified":"2026-01-11T19:46:40+00:00","description":"Scoprite questa magnifica replica della spada Glamdring Scabbard usata da Gqandalf ne Il Signore degli Anelli. Lama in acciaio 440. Fodero in similpelle blu di 126 cm.","breadcrumb":{"@id":"https:\/\/repliquemangacine.fr\/epees-seigneur-des-anneaux\/glamdring-fourreau-epee-de-gandalf-lotr\/#breadcrumb"},"inLanguage":"it-IT","potentialAction":[{"@type":"ReadAction","target":["https:\/\/repliquemangacine.fr\/epees-seigneur-des-anneaux\/glamdring-fourreau-epee-de-gandalf-lotr\/"]}]},{"@type":"ImageObject","inLanguage":"it-IT","@id":"https:\/\/repliquemangacine.fr\/epees-seigneur-des-anneaux\/glamdring-fourreau-epee-de-gandalf-lotr\/#primaryimage","url":"https:\/\/repliquemangacine.fr\/wp-content\/uploads\/2025\/03\/epee-de-Gandalf-et-son-fourreau.jpg","contentUrl":"https:\/\/repliquemangacine.fr\/wp-content\/uploads\/2025\/03\/epee-de-Gandalf-et-son-fourreau.jpg","width":500,"height":500,"caption":"Glamdring Fourreau \u00e9p\u00e9e de Gandalf - Le Seigneur des Anneaux"},{"@type":"BreadcrumbList","@id":"https:\/\/repliquemangacine.fr\/epees-seigneur-des-anneaux\/glamdring-fourreau-epee-de-gandalf-lotr\/#breadcrumb","itemListElement":[{"@type":"ListItem","position":1,"name":"Accueil","item":"https:\/\/repliquemangacine.fr\/"},{"@type":"ListItem","position":2,"name":"Produits","item":"https:\/\/repliquemangacine.fr\/boutique\/"},{"@type":"ListItem","position":3,"name":"Glamdring Fourreau &#8211; Ep\u00e9e de Gandalf LOTR"}]},{"@type":"WebSite","@id":"https:\/\/repliquemangacine.fr\/#website","url":"https:\/\/repliquemangacine.fr\/","name":"R\u00e9plique Manga Cin\u00e9","description":"","publisher":{"@id":"https:\/\/repliquemangacine.fr\/#organization"},"potentialAction":[{"@type":"SearchAction","target":{"@type":"EntryPoint","urlTemplate":"https:\/\/repliquemangacine.fr\/?s={search_term_string}"},"query-input":{"@type":"PropertyValueSpecification","valueRequired":true,"valueName":"search_term_string"}}],"inLanguage":"it-IT"},{"@type":"Organization","@id":"https:\/\/repliquemangacine.fr\/#organization","name":"R\u00e9plique Manga Cin\u00e9","url":"https:\/\/repliquemangacine.fr\/","logo":{"@type":"ImageObject","inLanguage":"it-IT","@id":"https:\/\/repliquemangacine.fr\/#\/schema\/logo\/image\/","url":"https:\/\/repliquemangacine.fr\/wp-content\/uploads\/2023\/10\/RMC-500250.png","contentUrl":"https:\/\/repliquemangacine.fr\/wp-content\/uploads\/2023\/10\/RMC-500250.png","width":500,"height":250,"caption":"R\u00e9plique Manga Cin\u00e9"},"image":{"@id":"https:\/\/repliquemangacine.fr\/#\/schema\/logo\/image\/"},"sameAs":["https:\/\/www.facebook.com\/RepliqueMangaCine","https:\/\/www.instagram.com\/repliquemangacine.fr\/"]}]}},"_links":{"self":[{"href":"https:\/\/repliquemangacine.fr\/it\/wp-json\/wp\/v2\/product\/82976","targetHints":{"allow":["GET"]}}],"collection":[{"href":"https:\/\/repliquemangacine.fr\/it\/wp-json\/wp\/v2\/product"}],"about":[{"href":"https:\/\/repliquemangacine.fr\/it\/wp-json\/wp\/v2\/types\/product"}],"wp:featuredmedia":[{"embeddable":true,"href":"https:\/\/repliquemangacine.fr\/it\/wp-json\/wp\/v2\/media\/82977"}],"wp:attachment":[{"href":"https:\/\/repliquemangacine.fr\/it\/wp-json\/wp\/v2\/media?parent=82976"}],"wp:term":[{"taxonomy":"product_brand","embeddable":true,"href":"https:\/\/repliquemangacine.fr\/it\/wp-json\/wp\/v2\/product_brand?post=82976"},{"taxonomy":"product_cat","embeddable":true,"href":"https:\/\/repliquemangacine.fr\/it\/wp-json\/wp\/v2\/product_cat?post=82976"},{"taxonomy":"product_tag","embeddable":true,"href":"https:\/\/repliquemangacine.fr\/it\/wp-json\/wp\/v2\/product_tag?post=82976"}],"curies":[{"name":"wp","href":"https:\/\/api.w.org\/{rel}","templated":true}]}}