





{"id":82741,"date":"2025-03-14T17:49:20","date_gmt":"2025-03-14T16:49:20","guid":{"rendered":"https:\/\/repliquemangacine.fr\/?post_type=product&#038;p=82741"},"modified":"2026-02-24T10:29:56","modified_gmt":"2026-02-24T09:29:56","slug":"mjollnir-in-metallo-con-martello-thor-luminoso-a-led","status":"publish","type":"product","link":"https:\/\/repliquemangacine.fr\/it\/super-heros-marvel\/mjollnir-en-metal-avec-leds-marteau-de-thor-lumineux\/","title":{"rendered":"Mj\u00f6llnir in metallo con LED"},"content":{"rendered":"<h2>Mj\u00f6llnir in metallo con LED: una replica impressionante per i fan di Thor<\/h2>\n<p>Prima di tutto, immergetevi nel mondo di <a href=\"https:\/\/marvel.fandom.com\/fr\/wiki\/Marvel_Wiki\" target=\"_blank\" rel=\"noopener noreferrer\">supereroi<\/a> con questa eccezionale replica in metallo di Mj\u00f6llnir con LED, il leggendario martello di Thor. Questo modello interamente in metallo presenta un suggestivo effetto crepato, illuminato da LED. Grazie a un discreto pulsante di accensione\/spegnimento sull'impugnatura, l'illuminazione \u00e8 facile da attivare. Il martello presenta tre modalit\u00e0 di illuminazione, perfette per un'immersione totale. L'impugnatura in metallo decorato e il cinturino in similpelle assicurano una presa autentica. Con un peso di 3,7 kg e una lunghezza di 45 cm, questa replica offre una presenza imponente. Mj\u00f6llnir poggia su una base in ABS stampata e lucida, ornata di crepe. La base funziona con tre batterie (non incluse) per un effetto ancora pi\u00f9 spettacolare. Il martello di Thor \u00e8 dotato di un telecomando e di un cavo USB per una facile ricarica e un uso prolungato.<\/p>\n<h2>Un martello leggendario brandito da Thor e Jane Foster nell'universo Marvel.<\/h2>\n<p>Il Mj\u00f6llnir non \u00e8 solo un'arma, \u00e8 un simbolo di potere e divinit\u00e0. Forgiato dai Nani di Asgard con il metallo Uru, questo martello era l'arma emblematica di Thor, dio del Tuono. Con esso, Thor incanala il potere del fulmine e difende Asgard dai suoi nemici. Solo chi ne \u00e8 degno pu\u00f2 sollevare Mj\u00f6llnir, il che lo rende un manufatto sacro. Nel film Thor: Amore e Tuono, Jane Foster, l'amore di Thor, diventa Mighty Thor brandendo questo leggendario martello. Rotto e riforgiato, Mj\u00f6llnir gli conferisce una forza divina e la capacit\u00e0 di scagliare i suoi frammenti come temibili proiettili. Questa replica in metallo con LED cattura tutta la maestosit\u00e0 di quest'arma mitica. Che siate fan di Thor o di Mighty Thor, questo martello \u00e8 un'aggiunta essenziale alla vostra collezione.<\/p>\n<h2>Esplora l'universo Marvel con riproduzioni leggendarie e dettagliate<\/h2>\n<p>Per cominciare, il martello di Thor \u00e8 solo uno dei tesori della vostra collezione. Troverete anche il <a href=\"https:\/\/repliquemangacine.fr\/it\/supereroi-marvel\/pugnali-drax-guardiani-della-galassia\/\">I pugnali emblematici di Drax<\/a>e i loro foderi di Guardiani della Galassia. Per gli appassionati di oggetti mitici, il <a href=\"https:\/\/repliquemangacine.fr\/it\/supereroi-marvel\/daquaman-trident-210-cm-metallo\/\">Il tridente di Aquaman<\/a> in metallo, che misura 210 cm, \u00e8 un pezzo imponente. C'\u00e8 anche il<a href=\"https:\/\/repliquemangacine.fr\/it\/supereroi-marvel\/occhio-di-agamotto-ciondolo-amuleto-dr-strange\/\">Occhio di Agamotto<\/a> di Doctor Strange, fedele al magico artefatto del film, completa la collezione. Senza dimenticare il leggendario scudo di Capitan America, simbolo di forza e coraggio. Ogni pezzo \u00e8 realizzato con materiali di alta qualit\u00e0 per una finitura eccezionale. Che siate collezionisti o appassionati, queste repliche aggiungono una dimensione unica al vostro universo. In conclusione, partite all'avventura e arricchite la vostra collezione con gli oggetti iconici dei pi\u00f9 grandi eroi.<\/p>","protected":false},"excerpt":{"rendered":"<p>Magnifica replica non ufficiale in metallo del Mj\u00f6llnir con LED di Thor nell'universo Marvel<\/p>\n<ul>\n<li>Testa del martello interamente in metallo con effetto crepato e illuminazione a LED.<\/li>\n<li>Pulsante di avvio\/arresto sulla testa in corrispondenza dell'impugnatura<\/li>\n<li>Il martello ha 3 possibili funzioni Led<\/li>\n<li>Manico in metallo decorato con cinturino in similpelle<\/li>\n<li>Base espositiva in ABS stampato con crepe, anche illuminata, alimentata da 3 batterie (non incluse)<\/li>\n<li>Telecomando e cavo di ricarica USB a martello<\/li>\n<li>Dimensioni della testa: 23 cm di larghezza x 13,5 cm di profondit\u00e0<\/li>\n<li>Lunghezza totale senza cinturino 45 cm<\/li>\n<li>Peso: 3,7 kg<\/li>\n<\/ul>","protected":false},"featured_media":82745,"template":"","meta":[],"product_brand":[896],"product_cat":[59],"product_tag":[],"class_list":{"0":"post-82741","1":"product","2":"type-product","3":"status-publish","4":"has-post-thumbnail","6":"product_brand-replique-manga-cine","7":"product_cat-super-heros-marvel","9":"first","10":"instock","11":"taxable","12":"shipping-taxable","13":"purchasable","14":"product-type-simple"},"yoast_head":"<!-- This site is optimized with the Yoast SEO plugin v27.4 - https:\/\/yoast.com\/product\/yoast-seo-wordpress\/ -->\n<title>Mj\u00f6llnir en m\u00e9tal avec Leds - R\u00e9plique Manga Cin\u00e9<\/title>\n<meta name=\"description\" content=\"Magnifique ce marteau de Thor, Mj\u00f6llnir en m\u00e9tal avec Leds. 3 possibilit\u00e9s de fonction LED. Livr\u00e9 avec son support led, t\u00e9l\u00e9commande et fil USB. 3.7kg\" \/>\n<meta name=\"robots\" content=\"index, follow, max-snippet:-1, max-image-preview:large, max-video-preview:-1\" \/>\n<link rel=\"canonical\" href=\"https:\/\/repliquemangacine.fr\/it\/supereroi-marvel\/mjollnir-in-metallo-con-martello-thor-luminoso-a-led\/\" \/>\n<meta property=\"og:locale\" content=\"it_IT\" \/>\n<meta property=\"og:type\" content=\"article\" \/>\n<meta property=\"og:title\" content=\"Mj\u00f6llnir en m\u00e9tal avec Leds - R\u00e9plique Manga Cin\u00e9\" \/>\n<meta property=\"og:description\" content=\"Magnifique ce marteau de Thor, Mj\u00f6llnir en m\u00e9tal avec Leds. 3 possibilit\u00e9s de fonction LED. Livr\u00e9 avec son support led, t\u00e9l\u00e9commande et fil USB. 3.7kg\" \/>\n<meta property=\"og:url\" content=\"https:\/\/repliquemangacine.fr\/it\/supereroi-marvel\/mjollnir-in-metallo-con-martello-thor-luminoso-a-led\/\" \/>\n<meta property=\"og:site_name\" content=\"R\u00e9plique Manga Cin\u00e9\" \/>\n<meta property=\"article:publisher\" content=\"https:\/\/www.facebook.com\/RepliqueMangaCine\" \/>\n<meta property=\"article:modified_time\" content=\"2026-02-24T09:29:56+00:00\" \/>\n<meta property=\"og:image\" content=\"https:\/\/repliquemangacine.fr\/wp-content\/uploads\/2025\/03\/Mjollnir-en-metal-avec-Leds-sur-socle.jpg\" \/>\n\t<meta property=\"og:image:width\" content=\"500\" \/>\n\t<meta property=\"og:image:height\" content=\"500\" \/>\n\t<meta property=\"og:image:type\" content=\"image\/jpeg\" \/>\n<meta name=\"twitter:card\" content=\"summary_large_image\" \/>\n<meta name=\"twitter:label1\" content=\"Tempo di lettura stimato\" \/>\n\t<meta name=\"twitter:data1\" content=\"3 minuti\" \/>\n<script type=\"application\/ld+json\" class=\"yoast-schema-graph\">{\"@context\":\"https:\\\/\\\/schema.org\",\"@graph\":[{\"@type\":\"WebPage\",\"@id\":\"https:\\\/\\\/repliquemangacine.fr\\\/super-heros-marvel\\\/mjollnir-en-metal-avec-leds-marteau-de-thor-lumineux\\\/\",\"url\":\"https:\\\/\\\/repliquemangacine.fr\\\/super-heros-marvel\\\/mjollnir-en-metal-avec-leds-marteau-de-thor-lumineux\\\/\",\"name\":\"Mj\u00f6llnir en m\u00e9tal avec Leds - R\u00e9plique Manga Cin\u00e9\",\"isPartOf\":{\"@id\":\"https:\\\/\\\/repliquemangacine.fr\\\/#website\"},\"primaryImageOfPage\":{\"@id\":\"https:\\\/\\\/repliquemangacine.fr\\\/super-heros-marvel\\\/mjollnir-en-metal-avec-leds-marteau-de-thor-lumineux\\\/#primaryimage\"},\"image\":{\"@id\":\"https:\\\/\\\/repliquemangacine.fr\\\/super-heros-marvel\\\/mjollnir-en-metal-avec-leds-marteau-de-thor-lumineux\\\/#primaryimage\"},\"thumbnailUrl\":\"https:\\\/\\\/repliquemangacine.fr\\\/wp-content\\\/uploads\\\/2025\\\/03\\\/Mjollnir-en-metal-avec-Leds-sur-socle.jpg\",\"datePublished\":\"2025-03-14T16:49:20+00:00\",\"dateModified\":\"2026-02-24T09:29:56+00:00\",\"description\":\"Magnifique ce marteau de Thor, Mj\u00f6llnir en m\u00e9tal avec Leds. 3 possibilit\u00e9s de fonction LED. Livr\u00e9 avec son support led, t\u00e9l\u00e9commande et fil USB. 3.7kg\",\"breadcrumb\":{\"@id\":\"https:\\\/\\\/repliquemangacine.fr\\\/super-heros-marvel\\\/mjollnir-en-metal-avec-leds-marteau-de-thor-lumineux\\\/#breadcrumb\"},\"inLanguage\":\"it-IT\",\"potentialAction\":[{\"@type\":\"ReadAction\",\"target\":[\"https:\\\/\\\/repliquemangacine.fr\\\/super-heros-marvel\\\/mjollnir-en-metal-avec-leds-marteau-de-thor-lumineux\\\/\"]}]},{\"@type\":\"ImageObject\",\"inLanguage\":\"it-IT\",\"@id\":\"https:\\\/\\\/repliquemangacine.fr\\\/super-heros-marvel\\\/mjollnir-en-metal-avec-leds-marteau-de-thor-lumineux\\\/#primaryimage\",\"url\":\"https:\\\/\\\/repliquemangacine.fr\\\/wp-content\\\/uploads\\\/2025\\\/03\\\/Mjollnir-en-metal-avec-Leds-sur-socle.jpg\",\"contentUrl\":\"https:\\\/\\\/repliquemangacine.fr\\\/wp-content\\\/uploads\\\/2025\\\/03\\\/Mjollnir-en-metal-avec-Leds-sur-socle.jpg\",\"width\":500,\"height\":500,\"caption\":\"Mj\u00f6llnir en m\u00e9tal avec Leds Marteau de Thor\"},{\"@type\":\"BreadcrumbList\",\"@id\":\"https:\\\/\\\/repliquemangacine.fr\\\/super-heros-marvel\\\/mjollnir-en-metal-avec-leds-marteau-de-thor-lumineux\\\/#breadcrumb\",\"itemListElement\":[{\"@type\":\"ListItem\",\"position\":1,\"name\":\"Accueil\",\"item\":\"https:\\\/\\\/repliquemangacine.fr\\\/\"},{\"@type\":\"ListItem\",\"position\":2,\"name\":\"Produits\",\"item\":\"https:\\\/\\\/repliquemangacine.fr\\\/boutique\\\/\"},{\"@type\":\"ListItem\",\"position\":3,\"name\":\"Mj\u00f6llnir en m\u00e9tal avec Leds\"}]},{\"@type\":\"WebSite\",\"@id\":\"https:\\\/\\\/repliquemangacine.fr\\\/#website\",\"url\":\"https:\\\/\\\/repliquemangacine.fr\\\/\",\"name\":\"R\u00e9plique Manga Cin\u00e9\",\"description\":\"\",\"publisher\":{\"@id\":\"https:\\\/\\\/repliquemangacine.fr\\\/#organization\"},\"potentialAction\":[{\"@type\":\"SearchAction\",\"target\":{\"@type\":\"EntryPoint\",\"urlTemplate\":\"https:\\\/\\\/repliquemangacine.fr\\\/?s={search_term_string}\"},\"query-input\":{\"@type\":\"PropertyValueSpecification\",\"valueRequired\":true,\"valueName\":\"search_term_string\"}}],\"inLanguage\":\"it-IT\"},{\"@type\":\"Organization\",\"@id\":\"https:\\\/\\\/repliquemangacine.fr\\\/#organization\",\"name\":\"R\u00e9plique Manga Cin\u00e9\",\"url\":\"https:\\\/\\\/repliquemangacine.fr\\\/\",\"logo\":{\"@type\":\"ImageObject\",\"inLanguage\":\"it-IT\",\"@id\":\"https:\\\/\\\/repliquemangacine.fr\\\/#\\\/schema\\\/logo\\\/image\\\/\",\"url\":\"https:\\\/\\\/repliquemangacine.fr\\\/wp-content\\\/uploads\\\/2023\\\/10\\\/RMC-500250.png\",\"contentUrl\":\"https:\\\/\\\/repliquemangacine.fr\\\/wp-content\\\/uploads\\\/2023\\\/10\\\/RMC-500250.png\",\"width\":500,\"height\":250,\"caption\":\"R\u00e9plique Manga Cin\u00e9\"},\"image\":{\"@id\":\"https:\\\/\\\/repliquemangacine.fr\\\/#\\\/schema\\\/logo\\\/image\\\/\"},\"sameAs\":[\"https:\\\/\\\/www.facebook.com\\\/RepliqueMangaCine\",\"https:\\\/\\\/www.instagram.com\\\/repliquemangacine.fr\\\/\"]}]}<\/script>\n<!-- \/ Yoast SEO plugin. -->","yoast_head_json":{"title":"Mj\u00f6llnir in metallo con LED - R\u00e9plique Manga Cin\u00e9","description":"Magnifico martello di Thor, Mj\u00f6llnir in metallo con LED. 3 funzioni LED. Fornito con supporto per LED, telecomando e cavo USB. 3,7 kg","robots":{"index":"index","follow":"follow","max-snippet":"max-snippet:-1","max-image-preview":"max-image-preview:large","max-video-preview":"max-video-preview:-1"},"canonical":"https:\/\/repliquemangacine.fr\/it\/supereroi-marvel\/mjollnir-in-metallo-con-martello-thor-luminoso-a-led\/","og_locale":"it_IT","og_type":"article","og_title":"Mj\u00f6llnir en m\u00e9tal avec Leds - R\u00e9plique Manga Cin\u00e9","og_description":"Magnifique ce marteau de Thor, Mj\u00f6llnir en m\u00e9tal avec Leds. 3 possibilit\u00e9s de fonction LED. Livr\u00e9 avec son support led, t\u00e9l\u00e9commande et fil USB. 3.7kg","og_url":"https:\/\/repliquemangacine.fr\/it\/supereroi-marvel\/mjollnir-in-metallo-con-martello-thor-luminoso-a-led\/","og_site_name":"R\u00e9plique Manga Cin\u00e9","article_publisher":"https:\/\/www.facebook.com\/RepliqueMangaCine","article_modified_time":"2026-02-24T09:29:56+00:00","og_image":[{"width":500,"height":500,"url":"https:\/\/repliquemangacine.fr\/wp-content\/uploads\/2025\/03\/Mjollnir-en-metal-avec-Leds-sur-socle.jpg","type":"image\/jpeg"}],"twitter_card":"summary_large_image","twitter_misc":{"Tempo di lettura stimato":"3 minuti"},"schema":{"@context":"https:\/\/schema.org","@graph":[{"@type":"WebPage","@id":"https:\/\/repliquemangacine.fr\/super-heros-marvel\/mjollnir-en-metal-avec-leds-marteau-de-thor-lumineux\/","url":"https:\/\/repliquemangacine.fr\/super-heros-marvel\/mjollnir-en-metal-avec-leds-marteau-de-thor-lumineux\/","name":"Mj\u00f6llnir in metallo con LED - R\u00e9plique Manga Cin\u00e9","isPartOf":{"@id":"https:\/\/repliquemangacine.fr\/#website"},"primaryImageOfPage":{"@id":"https:\/\/repliquemangacine.fr\/super-heros-marvel\/mjollnir-en-metal-avec-leds-marteau-de-thor-lumineux\/#primaryimage"},"image":{"@id":"https:\/\/repliquemangacine.fr\/super-heros-marvel\/mjollnir-en-metal-avec-leds-marteau-de-thor-lumineux\/#primaryimage"},"thumbnailUrl":"https:\/\/repliquemangacine.fr\/wp-content\/uploads\/2025\/03\/Mjollnir-en-metal-avec-Leds-sur-socle.jpg","datePublished":"2025-03-14T16:49:20+00:00","dateModified":"2026-02-24T09:29:56+00:00","description":"Magnifico martello di Thor, Mj\u00f6llnir in metallo con LED. 3 funzioni LED. Fornito con supporto per LED, telecomando e cavo USB. 3,7 kg","breadcrumb":{"@id":"https:\/\/repliquemangacine.fr\/super-heros-marvel\/mjollnir-en-metal-avec-leds-marteau-de-thor-lumineux\/#breadcrumb"},"inLanguage":"it-IT","potentialAction":[{"@type":"ReadAction","target":["https:\/\/repliquemangacine.fr\/super-heros-marvel\/mjollnir-en-metal-avec-leds-marteau-de-thor-lumineux\/"]}]},{"@type":"ImageObject","inLanguage":"it-IT","@id":"https:\/\/repliquemangacine.fr\/super-heros-marvel\/mjollnir-en-metal-avec-leds-marteau-de-thor-lumineux\/#primaryimage","url":"https:\/\/repliquemangacine.fr\/wp-content\/uploads\/2025\/03\/Mjollnir-en-metal-avec-Leds-sur-socle.jpg","contentUrl":"https:\/\/repliquemangacine.fr\/wp-content\/uploads\/2025\/03\/Mjollnir-en-metal-avec-Leds-sur-socle.jpg","width":500,"height":500,"caption":"Mj\u00f6llnir en m\u00e9tal avec Leds Marteau de Thor"},{"@type":"BreadcrumbList","@id":"https:\/\/repliquemangacine.fr\/super-heros-marvel\/mjollnir-en-metal-avec-leds-marteau-de-thor-lumineux\/#breadcrumb","itemListElement":[{"@type":"ListItem","position":1,"name":"Accueil","item":"https:\/\/repliquemangacine.fr\/"},{"@type":"ListItem","position":2,"name":"Produits","item":"https:\/\/repliquemangacine.fr\/boutique\/"},{"@type":"ListItem","position":3,"name":"Mj\u00f6llnir en m\u00e9tal avec Leds"}]},{"@type":"WebSite","@id":"https:\/\/repliquemangacine.fr\/#website","url":"https:\/\/repliquemangacine.fr\/","name":"R\u00e9plique Manga Cin\u00e9","description":"","publisher":{"@id":"https:\/\/repliquemangacine.fr\/#organization"},"potentialAction":[{"@type":"SearchAction","target":{"@type":"EntryPoint","urlTemplate":"https:\/\/repliquemangacine.fr\/?s={search_term_string}"},"query-input":{"@type":"PropertyValueSpecification","valueRequired":true,"valueName":"search_term_string"}}],"inLanguage":"it-IT"},{"@type":"Organization","@id":"https:\/\/repliquemangacine.fr\/#organization","name":"R\u00e9plique Manga Cin\u00e9","url":"https:\/\/repliquemangacine.fr\/","logo":{"@type":"ImageObject","inLanguage":"it-IT","@id":"https:\/\/repliquemangacine.fr\/#\/schema\/logo\/image\/","url":"https:\/\/repliquemangacine.fr\/wp-content\/uploads\/2023\/10\/RMC-500250.png","contentUrl":"https:\/\/repliquemangacine.fr\/wp-content\/uploads\/2023\/10\/RMC-500250.png","width":500,"height":250,"caption":"R\u00e9plique Manga Cin\u00e9"},"image":{"@id":"https:\/\/repliquemangacine.fr\/#\/schema\/logo\/image\/"},"sameAs":["https:\/\/www.facebook.com\/RepliqueMangaCine","https:\/\/www.instagram.com\/repliquemangacine.fr\/"]}]}},"_links":{"self":[{"href":"https:\/\/repliquemangacine.fr\/it\/wp-json\/wp\/v2\/product\/82741","targetHints":{"allow":["GET"]}}],"collection":[{"href":"https:\/\/repliquemangacine.fr\/it\/wp-json\/wp\/v2\/product"}],"about":[{"href":"https:\/\/repliquemangacine.fr\/it\/wp-json\/wp\/v2\/types\/product"}],"wp:featuredmedia":[{"embeddable":true,"href":"https:\/\/repliquemangacine.fr\/it\/wp-json\/wp\/v2\/media\/82745"}],"wp:attachment":[{"href":"https:\/\/repliquemangacine.fr\/it\/wp-json\/wp\/v2\/media?parent=82741"}],"wp:term":[{"taxonomy":"product_brand","embeddable":true,"href":"https:\/\/repliquemangacine.fr\/it\/wp-json\/wp\/v2\/product_brand?post=82741"},{"taxonomy":"product_cat","embeddable":true,"href":"https:\/\/repliquemangacine.fr\/it\/wp-json\/wp\/v2\/product_cat?post=82741"},{"taxonomy":"product_tag","embeddable":true,"href":"https:\/\/repliquemangacine.fr\/it\/wp-json\/wp\/v2\/product_tag?post=82741"}],"curies":[{"name":"wp","href":"https:\/\/api.w.org\/{rel}","templated":true}]}}