





{"id":82583,"date":"2025-03-09T17:55:52","date_gmt":"2025-03-09T16:55:52","guid":{"rendered":"https:\/\/repliquemangacine.fr\/?post_type=product&#038;p=82583"},"modified":"2025-11-13T01:21:50","modified_gmt":"2025-11-13T00:21:50","slug":"katana-shodei-kitetsu-one-piece","status":"publish","type":"product","link":"https:\/\/repliquemangacine.fr\/it\/katana-en-metal-one-piece\/katana-shodei-kitetsu-one-piece\/","title":{"rendered":"Katana Shodei Kitetsu - One Piece"},"content":{"rendered":"<h2>Scoprite la Katana Shodei Kitetsu, la mitica lama dei Gorosei<\/h2>\n<p>Per prima cosa, lasciatevi affascinare dal leggendario <strong>Katana Shodei Kitetsu<\/strong>, brandita da Gandhi, uno dei misteriosi Gorosei in One Piece. Considerata una delle spade maledette pi\u00f9 potenti al mondo, questa lama affascina tanto quanto incute timore. Infatti,<\/p>\n<p>Tra le tre lame Kitetsu presenti in One Piece, \u00e8 stato confermato che la Shodai Kitetsu \u00e8 la migliore. Questa spada \u00e8 una delle <a href=\"https:\/\/manga-universe.net\/2023\/05\/11\/one-piece-15-epees-les-plus-fortes-a-ce-jour-classees\/\" target=\"_blank\" rel=\"noopener noreferrer\">12 spade di grado supremo<\/a>E per finire, \u00e8 anche una spada maledetta. Il rango parla da s\u00e9: si tratta di una spada estremamente potente, una delle spade di pi\u00f9 alta qualit\u00e0 mai prodotte nel mondo dei pirati. Prodotta dai fabbri di Kitetsu a Wano, attualmente non si sa dove si trovi.<\/p>\n<h2>Gorosei Gandhi, personaggio enigmatico di One Piece<\/h2>\n<p>Scoprite poi l'affascinante mondo di Gorosei Gandhi, un importante membro del Consiglio dei Cinque Anziani di One Piece. Misterioso e silenzioso, \u00e8 immediatamente riconoscibile per il suo abbigliamento tradizionale. La sua katana Shodai Kitetsu simboleggia il suo potere silenzioso, suscitando ammirazione e preoccupazione nei suoi avversari. Gandhi incarna la saggezza e il potere nascosto dei supremi governanti del governo mondiale. Sebbene la sua vera storia e le sue intenzioni siano ancora in gran parte sconosciute, la sua sola presenza suggerisce una forza incredibile. Questa figura enigmatica sta suscitando un crescente interesse tra gli appassionati, rendendo il <strong>Katana Shodei Kitetsu<\/strong> un oggetto di desiderio irrinunciabile per tutti i collezionisti.<\/p>\n<h2>Scopri le katane pi\u00f9 potenti di One Piece su R\u00e9plique Manga Cin\u00e9<\/h2>\n<p>Infine, arricchisci la tua collezione con le katane e le spade pi\u00f9 potenti dell'universo di One Piece disponibili su R\u00e9plique Manga Cin\u00e9. Scoprite le<a href=\"https:\/\/repliquemangacine.fr\/it\/videogiochi-manga-replica\/spada-yoru-kokutou-dracula-mihawk-lama-larga\/\">Spada Yoru<\/a>brandita con brio da Mihawk, considerata la lama pi\u00f9 affilata del mondo. Da non perdere la famosa spada soprannominata \"L'Asso\", emblematica della regione. <a href=\"https:\/\/repliquemangacine.fr\/it\/katana-in-metallo-monopezzo\/spada-pirata-gold-rogers-spada-ace\/\">spada del leggendario pirata Gold Roger<\/a>con una storia ricca di avventure. Completate la vostra selezione con il<a href=\"https:\/\/repliquemangacine.fr\/it\/videogiochi-manga-replica\/stinchi-le-roux-spada\/\">Spada Griffin di Shanks le Roux<\/a>un simbolo di carisma e potere indiscusso. Queste eccezionali repliche sono tra le 12 spade di qualit\u00e0 suprema, indispensabili per ogni fan che voglia rivivere a casa propria i momenti epici di One Piece.<\/p>","protected":false},"excerpt":{"rendered":"<p>Superba replica della Katana Shodei Kitetsu in One Piece<\/p>\n<ul>\n<li>Lama in acciaio finemente decorata in tre tonalit\u00e0.<\/li>\n<li>Protezione in metallo specifica per Kitetsu<\/li>\n<li>Manico in finta pelle di razza circondato da una treccia di cotone verde<\/li>\n<li>Fodero in legno circondato da un materiale sintetico simile al legno<\/li>\n<li>Lunghezza lama: 67,5 cm - Lunghezza totale con fodero: 104 cm<\/li>\n<\/ul>","protected":false},"featured_media":82584,"template":"","meta":[],"product_brand":[896],"product_cat":[123,23,36],"product_tag":[],"class_list":{"0":"post-82583","1":"product","2":"type-product","3":"status-publish","4":"has-post-thumbnail","6":"product_brand-replique-manga-cine","7":"product_cat-katana-en-metal-one-piece","8":"product_cat-repliques-manga-jeux-video","9":"product_cat-katana-one-piece","11":"first","12":"instock","13":"taxable","14":"shipping-taxable","15":"purchasable","16":"product-type-simple"},"yoast_head":"<!-- This site is optimized with the Yoast SEO plugin v27.5 - https:\/\/yoast.com\/product\/yoast-seo-wordpress\/ -->\n<title>Katana Shodei Kitetsu - One Piece - R\u00e9plique Manga Cin\u00e9<\/title>\n<meta name=\"description\" content=\"D\u00e9couvrez le Katana Shodei Kitetsu, katana maudit mani\u00e9 par Gandhi des Gorosei dans One Piece : une r\u00e9plique unique pour les collectionneurs !\" \/>\n<meta name=\"robots\" content=\"index, follow, max-snippet:-1, max-image-preview:large, max-video-preview:-1\" \/>\n<link rel=\"canonical\" href=\"https:\/\/repliquemangacine.fr\/it\/katana-in-metallo-monopezzo\/katana-shodei-kitetsu-one-piece\/\" \/>\n<meta property=\"og:locale\" content=\"it_IT\" \/>\n<meta property=\"og:type\" content=\"article\" \/>\n<meta property=\"og:title\" content=\"Katana Shodei Kitetsu - One Piece - R\u00e9plique Manga Cin\u00e9\" \/>\n<meta property=\"og:description\" content=\"D\u00e9couvrez le Katana Shodei Kitetsu, katana maudit mani\u00e9 par Gandhi des Gorosei dans One Piece : une r\u00e9plique unique pour les collectionneurs !\" \/>\n<meta property=\"og:url\" content=\"https:\/\/repliquemangacine.fr\/it\/katana-in-metallo-monopezzo\/katana-shodei-kitetsu-one-piece\/\" \/>\n<meta property=\"og:site_name\" content=\"R\u00e9plique Manga Cin\u00e9\" \/>\n<meta property=\"article:publisher\" content=\"https:\/\/www.facebook.com\/RepliqueMangaCine\" \/>\n<meta property=\"article:modified_time\" content=\"2025-11-13T00:21:50+00:00\" \/>\n<meta property=\"og:image\" content=\"https:\/\/repliquemangacine.fr\/wp-content\/uploads\/2025\/03\/katana-shodai-kitetsu.jpg\" \/>\n\t<meta property=\"og:image:width\" content=\"500\" \/>\n\t<meta property=\"og:image:height\" content=\"500\" \/>\n\t<meta property=\"og:image:type\" content=\"image\/jpeg\" \/>\n<meta name=\"twitter:card\" content=\"summary_large_image\" \/>\n<meta name=\"twitter:label1\" content=\"Tempo di lettura stimato\" \/>\n\t<meta name=\"twitter:data1\" content=\"3 minuti\" \/>\n<script type=\"application\/ld+json\" class=\"yoast-schema-graph\">{\"@context\":\"https:\\\/\\\/schema.org\",\"@graph\":[{\"@type\":\"WebPage\",\"@id\":\"https:\\\/\\\/repliquemangacine.fr\\\/katana-en-metal-one-piece\\\/katana-shodei-kitetsu-one-piece\\\/\",\"url\":\"https:\\\/\\\/repliquemangacine.fr\\\/katana-en-metal-one-piece\\\/katana-shodei-kitetsu-one-piece\\\/\",\"name\":\"Katana Shodei Kitetsu - One Piece - R\u00e9plique Manga Cin\u00e9\",\"isPartOf\":{\"@id\":\"https:\\\/\\\/repliquemangacine.fr\\\/#website\"},\"primaryImageOfPage\":{\"@id\":\"https:\\\/\\\/repliquemangacine.fr\\\/katana-en-metal-one-piece\\\/katana-shodei-kitetsu-one-piece\\\/#primaryimage\"},\"image\":{\"@id\":\"https:\\\/\\\/repliquemangacine.fr\\\/katana-en-metal-one-piece\\\/katana-shodei-kitetsu-one-piece\\\/#primaryimage\"},\"thumbnailUrl\":\"https:\\\/\\\/repliquemangacine.fr\\\/wp-content\\\/uploads\\\/2025\\\/03\\\/katana-shodai-kitetsu.jpg\",\"datePublished\":\"2025-03-09T16:55:52+00:00\",\"dateModified\":\"2025-11-13T00:21:50+00:00\",\"description\":\"D\u00e9couvrez le Katana Shodei Kitetsu, katana maudit mani\u00e9 par Gandhi des Gorosei dans One Piece : une r\u00e9plique unique pour les collectionneurs !\",\"breadcrumb\":{\"@id\":\"https:\\\/\\\/repliquemangacine.fr\\\/katana-en-metal-one-piece\\\/katana-shodei-kitetsu-one-piece\\\/#breadcrumb\"},\"inLanguage\":\"it-IT\",\"potentialAction\":[{\"@type\":\"ReadAction\",\"target\":[\"https:\\\/\\\/repliquemangacine.fr\\\/katana-en-metal-one-piece\\\/katana-shodei-kitetsu-one-piece\\\/\"]}]},{\"@type\":\"ImageObject\",\"inLanguage\":\"it-IT\",\"@id\":\"https:\\\/\\\/repliquemangacine.fr\\\/katana-en-metal-one-piece\\\/katana-shodei-kitetsu-one-piece\\\/#primaryimage\",\"url\":\"https:\\\/\\\/repliquemangacine.fr\\\/wp-content\\\/uploads\\\/2025\\\/03\\\/katana-shodai-kitetsu.jpg\",\"contentUrl\":\"https:\\\/\\\/repliquemangacine.fr\\\/wp-content\\\/uploads\\\/2025\\\/03\\\/katana-shodai-kitetsu.jpg\",\"width\":500,\"height\":500,\"caption\":\"Katana Shodei Kitetsu one piece\"},{\"@type\":\"BreadcrumbList\",\"@id\":\"https:\\\/\\\/repliquemangacine.fr\\\/katana-en-metal-one-piece\\\/katana-shodei-kitetsu-one-piece\\\/#breadcrumb\",\"itemListElement\":[{\"@type\":\"ListItem\",\"position\":1,\"name\":\"Accueil\",\"item\":\"https:\\\/\\\/repliquemangacine.fr\\\/\"},{\"@type\":\"ListItem\",\"position\":2,\"name\":\"Produits\",\"item\":\"https:\\\/\\\/repliquemangacine.fr\\\/boutique\\\/\"},{\"@type\":\"ListItem\",\"position\":3,\"name\":\"Katana Shodei Kitetsu &#8211; One Piece\"}]},{\"@type\":\"WebSite\",\"@id\":\"https:\\\/\\\/repliquemangacine.fr\\\/#website\",\"url\":\"https:\\\/\\\/repliquemangacine.fr\\\/\",\"name\":\"R\u00e9plique Manga Cin\u00e9\",\"description\":\"\",\"publisher\":{\"@id\":\"https:\\\/\\\/repliquemangacine.fr\\\/#organization\"},\"potentialAction\":[{\"@type\":\"SearchAction\",\"target\":{\"@type\":\"EntryPoint\",\"urlTemplate\":\"https:\\\/\\\/repliquemangacine.fr\\\/?s={search_term_string}\"},\"query-input\":{\"@type\":\"PropertyValueSpecification\",\"valueRequired\":true,\"valueName\":\"search_term_string\"}}],\"inLanguage\":\"it-IT\"},{\"@type\":\"Organization\",\"@id\":\"https:\\\/\\\/repliquemangacine.fr\\\/#organization\",\"name\":\"R\u00e9plique Manga Cin\u00e9\",\"url\":\"https:\\\/\\\/repliquemangacine.fr\\\/\",\"logo\":{\"@type\":\"ImageObject\",\"inLanguage\":\"it-IT\",\"@id\":\"https:\\\/\\\/repliquemangacine.fr\\\/#\\\/schema\\\/logo\\\/image\\\/\",\"url\":\"https:\\\/\\\/repliquemangacine.fr\\\/wp-content\\\/uploads\\\/2023\\\/10\\\/RMC-500250.png\",\"contentUrl\":\"https:\\\/\\\/repliquemangacine.fr\\\/wp-content\\\/uploads\\\/2023\\\/10\\\/RMC-500250.png\",\"width\":500,\"height\":250,\"caption\":\"R\u00e9plique Manga Cin\u00e9\"},\"image\":{\"@id\":\"https:\\\/\\\/repliquemangacine.fr\\\/#\\\/schema\\\/logo\\\/image\\\/\"},\"sameAs\":[\"https:\\\/\\\/www.facebook.com\\\/RepliqueMangaCine\",\"https:\\\/\\\/www.instagram.com\\\/repliquemangacine.fr\\\/\"]}]}<\/script>\n<!-- \/ Yoast SEO plugin. -->","yoast_head_json":{"title":"Katana Shodei Kitetsu - One Piece - R\u00e9plique Manga Cin\u00e9","description":"Scoprite la Katana Shodei Kitetsu, la katana maledetta brandita da Gandhi dei Gorosei in One Piece: una replica unica per i collezionisti!","robots":{"index":"index","follow":"follow","max-snippet":"max-snippet:-1","max-image-preview":"max-image-preview:large","max-video-preview":"max-video-preview:-1"},"canonical":"https:\/\/repliquemangacine.fr\/it\/katana-in-metallo-monopezzo\/katana-shodei-kitetsu-one-piece\/","og_locale":"it_IT","og_type":"article","og_title":"Katana Shodei Kitetsu - One Piece - R\u00e9plique Manga Cin\u00e9","og_description":"D\u00e9couvrez le Katana Shodei Kitetsu, katana maudit mani\u00e9 par Gandhi des Gorosei dans One Piece : une r\u00e9plique unique pour les collectionneurs !","og_url":"https:\/\/repliquemangacine.fr\/it\/katana-in-metallo-monopezzo\/katana-shodei-kitetsu-one-piece\/","og_site_name":"R\u00e9plique Manga Cin\u00e9","article_publisher":"https:\/\/www.facebook.com\/RepliqueMangaCine","article_modified_time":"2025-11-13T00:21:50+00:00","og_image":[{"width":500,"height":500,"url":"https:\/\/repliquemangacine.fr\/wp-content\/uploads\/2025\/03\/katana-shodai-kitetsu.jpg","type":"image\/jpeg"}],"twitter_card":"summary_large_image","twitter_misc":{"Tempo di lettura stimato":"3 minuti"},"schema":{"@context":"https:\/\/schema.org","@graph":[{"@type":"WebPage","@id":"https:\/\/repliquemangacine.fr\/katana-en-metal-one-piece\/katana-shodei-kitetsu-one-piece\/","url":"https:\/\/repliquemangacine.fr\/katana-en-metal-one-piece\/katana-shodei-kitetsu-one-piece\/","name":"Katana Shodei Kitetsu - One Piece - R\u00e9plique Manga Cin\u00e9","isPartOf":{"@id":"https:\/\/repliquemangacine.fr\/#website"},"primaryImageOfPage":{"@id":"https:\/\/repliquemangacine.fr\/katana-en-metal-one-piece\/katana-shodei-kitetsu-one-piece\/#primaryimage"},"image":{"@id":"https:\/\/repliquemangacine.fr\/katana-en-metal-one-piece\/katana-shodei-kitetsu-one-piece\/#primaryimage"},"thumbnailUrl":"https:\/\/repliquemangacine.fr\/wp-content\/uploads\/2025\/03\/katana-shodai-kitetsu.jpg","datePublished":"2025-03-09T16:55:52+00:00","dateModified":"2025-11-13T00:21:50+00:00","description":"Scoprite la Katana Shodei Kitetsu, la katana maledetta brandita da Gandhi dei Gorosei in One Piece: una replica unica per i collezionisti!","breadcrumb":{"@id":"https:\/\/repliquemangacine.fr\/katana-en-metal-one-piece\/katana-shodei-kitetsu-one-piece\/#breadcrumb"},"inLanguage":"it-IT","potentialAction":[{"@type":"ReadAction","target":["https:\/\/repliquemangacine.fr\/katana-en-metal-one-piece\/katana-shodei-kitetsu-one-piece\/"]}]},{"@type":"ImageObject","inLanguage":"it-IT","@id":"https:\/\/repliquemangacine.fr\/katana-en-metal-one-piece\/katana-shodei-kitetsu-one-piece\/#primaryimage","url":"https:\/\/repliquemangacine.fr\/wp-content\/uploads\/2025\/03\/katana-shodai-kitetsu.jpg","contentUrl":"https:\/\/repliquemangacine.fr\/wp-content\/uploads\/2025\/03\/katana-shodai-kitetsu.jpg","width":500,"height":500,"caption":"Katana Shodei Kitetsu one piece"},{"@type":"BreadcrumbList","@id":"https:\/\/repliquemangacine.fr\/katana-en-metal-one-piece\/katana-shodei-kitetsu-one-piece\/#breadcrumb","itemListElement":[{"@type":"ListItem","position":1,"name":"Accueil","item":"https:\/\/repliquemangacine.fr\/"},{"@type":"ListItem","position":2,"name":"Produits","item":"https:\/\/repliquemangacine.fr\/boutique\/"},{"@type":"ListItem","position":3,"name":"Katana Shodei Kitetsu &#8211; One Piece"}]},{"@type":"WebSite","@id":"https:\/\/repliquemangacine.fr\/#website","url":"https:\/\/repliquemangacine.fr\/","name":"R\u00e9plique Manga Cin\u00e9","description":"","publisher":{"@id":"https:\/\/repliquemangacine.fr\/#organization"},"potentialAction":[{"@type":"SearchAction","target":{"@type":"EntryPoint","urlTemplate":"https:\/\/repliquemangacine.fr\/?s={search_term_string}"},"query-input":{"@type":"PropertyValueSpecification","valueRequired":true,"valueName":"search_term_string"}}],"inLanguage":"it-IT"},{"@type":"Organization","@id":"https:\/\/repliquemangacine.fr\/#organization","name":"R\u00e9plique Manga Cin\u00e9","url":"https:\/\/repliquemangacine.fr\/","logo":{"@type":"ImageObject","inLanguage":"it-IT","@id":"https:\/\/repliquemangacine.fr\/#\/schema\/logo\/image\/","url":"https:\/\/repliquemangacine.fr\/wp-content\/uploads\/2023\/10\/RMC-500250.png","contentUrl":"https:\/\/repliquemangacine.fr\/wp-content\/uploads\/2023\/10\/RMC-500250.png","width":500,"height":250,"caption":"R\u00e9plique Manga Cin\u00e9"},"image":{"@id":"https:\/\/repliquemangacine.fr\/#\/schema\/logo\/image\/"},"sameAs":["https:\/\/www.facebook.com\/RepliqueMangaCine","https:\/\/www.instagram.com\/repliquemangacine.fr\/"]}]}},"_links":{"self":[{"href":"https:\/\/repliquemangacine.fr\/it\/wp-json\/wp\/v2\/product\/82583","targetHints":{"allow":["GET"]}}],"collection":[{"href":"https:\/\/repliquemangacine.fr\/it\/wp-json\/wp\/v2\/product"}],"about":[{"href":"https:\/\/repliquemangacine.fr\/it\/wp-json\/wp\/v2\/types\/product"}],"wp:featuredmedia":[{"embeddable":true,"href":"https:\/\/repliquemangacine.fr\/it\/wp-json\/wp\/v2\/media\/82584"}],"wp:attachment":[{"href":"https:\/\/repliquemangacine.fr\/it\/wp-json\/wp\/v2\/media?parent=82583"}],"wp:term":[{"taxonomy":"product_brand","embeddable":true,"href":"https:\/\/repliquemangacine.fr\/it\/wp-json\/wp\/v2\/product_brand?post=82583"},{"taxonomy":"product_cat","embeddable":true,"href":"https:\/\/repliquemangacine.fr\/it\/wp-json\/wp\/v2\/product_cat?post=82583"},{"taxonomy":"product_tag","embeddable":true,"href":"https:\/\/repliquemangacine.fr\/it\/wp-json\/wp\/v2\/product_tag?post=82583"}],"curies":[{"name":"wp","href":"https:\/\/api.w.org\/{rel}","templated":true}]}}