





{"id":82575,"date":"2025-03-09T16:12:40","date_gmt":"2025-03-09T15:12:40","guid":{"rendered":"https:\/\/repliquemangacine.fr\/?post_type=product&#038;p=82575"},"modified":"2026-03-25T15:57:41","modified_gmt":"2026-03-25T14:57:41","slug":"katana-enten-di-chihiro-kagurabachi","status":"publish","type":"product","link":"https:\/\/repliquemangacine.fr\/it\/katana-kagurabachi-metal\/katana-enten-de-chihiro-kagurabachi\/","title":{"rendered":"Katana Enten di Chihiro - Kagurabachi"},"content":{"rendered":"<h2>Scoprite la Katana Enten, l'arma definitiva di Chihiro.<\/h2>\n<p>Prima di tutto, lasciatevi sedurre dalla katana Enten, la leggendaria lama incantata brandita da Chihiro a Kagurabachi. Forgiata da <a href=\"https:\/\/kagurabachi.fandom.com\/wiki\/Kunishige_Rokuhira\" target=\"_blank\" rel=\"noopener noreferrer\">Kunishige Rokuhira<\/a>Questa eccezionale katana offre a chi la usa capacit\u00e0 uniche e straordinarie. Grazie all'Enten, \u00e8 possibile effettuare temibili tagli magici in combattimento. Inoltre, questa lama speciale assorbe l'energia circostante, consentendo di utilizzarla strategicamente in un secondo momento. Il suo potere mistico aumenta notevolmente le capacit\u00e0 fisiche e la velocit\u00e0 dell'utente. Ogni dettaglio di questa replica \u00e8 stato meticolosamente realizzato per rispecchiare l'originale. Possedere la katana Enten \u00e8 quindi un privilegio unico per qualsiasi fan o collezionista che desideri vivere appieno l'affascinante mondo di Kagurabachi.<\/p>\n<h2>Chihiro Rokuhira, un'epica ricerca di vendetta<\/h2>\n<p>Immergetevi nell'emozionante storia di Chihiro Rokuhira, protagonista del manga Kagurabachi. Dopo il tragico assassinio del padre Kunishige da parte degli stregoni Hishaku, Chihiro si imbarca in un'implacabile ricerca di vendetta. Armata della katana Enten, l'ultima creazione del padre, Chihiro affronta coraggiosamente i suoi temibili nemici. Lungo il cammino, sviluppa le sue tecniche di combattimento, in particolare il potente stile Iai della Purezza Bianca. Questo eroe determinato incarna il coraggio, la determinazione e la giustizia in un mondo complesso e violento. La sua storia avvincente, ricca di forti emozioni, piacer\u00e0 subito a tutti gli appassionati di manga e di avventure eroiche.<\/p>\n<h2>Completa la tua collezione su R\u00e9plique Manga Cin\u00e9<\/h2>\n<p>Infine, scoprite altre eccezionali repliche di katane disponibili su R\u00e9plique Manga Cin\u00e9. I fan di Berserk rimarranno impressionati dall'enorme <a href=\"https:\/\/repliquemangacine.fr\/it\/katana-e-manga-spada-anime-altri-manga\/spada-dragon-slayer-berserk-guts\/\">leggendaria spada di Guts<\/a>un vero simbolo di forza bruta e determinazione. Gli appassionati di Jujutsu Kaisen possono acquistare il potente <a href=\"https:\/\/repliquemangacine.fr\/it\/videogiochi-manga-replica\/lancia-celeste-di-toji-jujutsu-kaisen\/\">La lancia celeste di Toji<\/a>un'arma temibile con dettagli affascinanti. Per i fan di Dragon Ball Z, da non perdere l'iconico <a href=\"https:\/\/repliquemangacine.fr\/it\/katana-e-manga-spada-anime-altri-manga\/xeno-trunks-dbz-dragon-ball-z-spada\/\">La spada di Trunks<\/a>uno degli eroi pi\u00f9 amati della saga. R\u00e9plique Manga Cin\u00e9 vi offre questi pezzi unici, ideali per rivivere a casa le grandi avventure del vostro manga preferito.<\/p>","protected":false},"excerpt":{"rendered":"<p>Superba replica della Katana Enten di Chihiro dal manga Kagurabachi.<\/p>\n<ul>\n<li>Lama in acciaio bicolore non affilata.<\/li>\n<li>Guardia in acciaio invecchiato meticolosamente dettagliata.<\/li>\n<li>Manico in legno rivestito in finta pelle di razza, avvolto da una treccia in similpelle nera.<\/li>\n<li>Fodero in legno rivestito in ABS nero<\/li>\n<li>Lunghezza lama: 67,5 cm - Lunghezza totale con fodero: 103 cm<\/li>\n<\/ul>","protected":false},"featured_media":82577,"template":"","meta":[],"product_brand":[896],"product_cat":[874,875],"product_tag":[],"class_list":{"0":"post-82575","1":"product","2":"type-product","3":"status-publish","4":"has-post-thumbnail","6":"product_brand-replique-manga-cine","7":"product_cat-kagurabachi","8":"product_cat-katana-kagurabachi-metal","10":"first","11":"instock","12":"taxable","13":"shipping-taxable","14":"purchasable","15":"product-type-simple"},"yoast_head":"<!-- This site is optimized with the Yoast SEO plugin v27.4 - https:\/\/yoast.com\/product\/yoast-seo-wordpress\/ -->\n<title>Katana Enten de Chihiro - Kagurabachi - R\u00e9plique Manga Cin\u00e9<\/title>\n<meta name=\"description\" content=\"D\u00e9couvrez le Katana Enten de Chihiro dans Kagurabachi. Ce katana enchant\u00e9 \u00e0 une lame en acier. R\u00e9plique unique pour passionn\u00e9s et collectionneurs.\" \/>\n<meta name=\"robots\" content=\"index, follow, max-snippet:-1, max-image-preview:large, max-video-preview:-1\" \/>\n<link rel=\"canonical\" href=\"https:\/\/repliquemangacine.fr\/it\/katana-kagurabachi-metallo\/katana-enten-di-chihiro-kagurabachi\/\" \/>\n<meta property=\"og:locale\" content=\"it_IT\" \/>\n<meta property=\"og:type\" content=\"article\" \/>\n<meta property=\"og:title\" content=\"Katana Enten de Chihiro - Kagurabachi - R\u00e9plique Manga Cin\u00e9\" \/>\n<meta property=\"og:description\" content=\"D\u00e9couvrez le Katana Enten de Chihiro dans Kagurabachi. Ce katana enchant\u00e9 \u00e0 une lame en acier. R\u00e9plique unique pour passionn\u00e9s et collectionneurs.\" \/>\n<meta property=\"og:url\" content=\"https:\/\/repliquemangacine.fr\/it\/katana-kagurabachi-metallo\/katana-enten-di-chihiro-kagurabachi\/\" \/>\n<meta property=\"og:site_name\" content=\"R\u00e9plique Manga Cin\u00e9\" \/>\n<meta property=\"article:publisher\" content=\"https:\/\/www.facebook.com\/RepliqueMangaCine\" \/>\n<meta property=\"article:modified_time\" content=\"2026-03-25T14:57:41+00:00\" \/>\n<meta property=\"og:image\" content=\"https:\/\/repliquemangacine.fr\/wp-content\/uploads\/2025\/03\/Katana-Chihiro-Rokuhira.jpg\" \/>\n\t<meta property=\"og:image:width\" content=\"500\" \/>\n\t<meta property=\"og:image:height\" content=\"500\" \/>\n\t<meta property=\"og:image:type\" content=\"image\/jpeg\" \/>\n<meta name=\"twitter:card\" content=\"summary_large_image\" \/>\n<meta name=\"twitter:label1\" content=\"Tempo di lettura stimato\" \/>\n\t<meta name=\"twitter:data1\" content=\"2 minuti\" \/>\n<script type=\"application\/ld+json\" class=\"yoast-schema-graph\">{\"@context\":\"https:\\\/\\\/schema.org\",\"@graph\":[{\"@type\":\"WebPage\",\"@id\":\"https:\\\/\\\/repliquemangacine.fr\\\/katana-kagurabachi-metal\\\/katana-enten-de-chihiro-kagurabachi\\\/\",\"url\":\"https:\\\/\\\/repliquemangacine.fr\\\/katana-kagurabachi-metal\\\/katana-enten-de-chihiro-kagurabachi\\\/\",\"name\":\"Katana Enten de Chihiro - Kagurabachi - R\u00e9plique Manga Cin\u00e9\",\"isPartOf\":{\"@id\":\"https:\\\/\\\/repliquemangacine.fr\\\/#website\"},\"primaryImageOfPage\":{\"@id\":\"https:\\\/\\\/repliquemangacine.fr\\\/katana-kagurabachi-metal\\\/katana-enten-de-chihiro-kagurabachi\\\/#primaryimage\"},\"image\":{\"@id\":\"https:\\\/\\\/repliquemangacine.fr\\\/katana-kagurabachi-metal\\\/katana-enten-de-chihiro-kagurabachi\\\/#primaryimage\"},\"thumbnailUrl\":\"https:\\\/\\\/repliquemangacine.fr\\\/wp-content\\\/uploads\\\/2025\\\/03\\\/Katana-Chihiro-Rokuhira.jpg\",\"datePublished\":\"2025-03-09T15:12:40+00:00\",\"dateModified\":\"2026-03-25T14:57:41+00:00\",\"description\":\"D\u00e9couvrez le Katana Enten de Chihiro dans Kagurabachi. Ce katana enchant\u00e9 \u00e0 une lame en acier. R\u00e9plique unique pour passionn\u00e9s et collectionneurs.\",\"breadcrumb\":{\"@id\":\"https:\\\/\\\/repliquemangacine.fr\\\/katana-kagurabachi-metal\\\/katana-enten-de-chihiro-kagurabachi\\\/#breadcrumb\"},\"inLanguage\":\"it-IT\",\"potentialAction\":[{\"@type\":\"ReadAction\",\"target\":[\"https:\\\/\\\/repliquemangacine.fr\\\/katana-kagurabachi-metal\\\/katana-enten-de-chihiro-kagurabachi\\\/\"]}]},{\"@type\":\"ImageObject\",\"inLanguage\":\"it-IT\",\"@id\":\"https:\\\/\\\/repliquemangacine.fr\\\/katana-kagurabachi-metal\\\/katana-enten-de-chihiro-kagurabachi\\\/#primaryimage\",\"url\":\"https:\\\/\\\/repliquemangacine.fr\\\/wp-content\\\/uploads\\\/2025\\\/03\\\/Katana-Chihiro-Rokuhira.jpg\",\"contentUrl\":\"https:\\\/\\\/repliquemangacine.fr\\\/wp-content\\\/uploads\\\/2025\\\/03\\\/Katana-Chihiro-Rokuhira.jpg\",\"width\":500,\"height\":500,\"caption\":\"Katana Enten de Chihiro dans Kagurabachi\"},{\"@type\":\"BreadcrumbList\",\"@id\":\"https:\\\/\\\/repliquemangacine.fr\\\/katana-kagurabachi-metal\\\/katana-enten-de-chihiro-kagurabachi\\\/#breadcrumb\",\"itemListElement\":[{\"@type\":\"ListItem\",\"position\":1,\"name\":\"Accueil\",\"item\":\"https:\\\/\\\/repliquemangacine.fr\\\/\"},{\"@type\":\"ListItem\",\"position\":2,\"name\":\"Produits\",\"item\":\"https:\\\/\\\/repliquemangacine.fr\\\/boutique\\\/\"},{\"@type\":\"ListItem\",\"position\":3,\"name\":\"Katana Enten de Chihiro &#8211; Kagurabachi\"}]},{\"@type\":\"WebSite\",\"@id\":\"https:\\\/\\\/repliquemangacine.fr\\\/#website\",\"url\":\"https:\\\/\\\/repliquemangacine.fr\\\/\",\"name\":\"R\u00e9plique Manga Cin\u00e9\",\"description\":\"\",\"publisher\":{\"@id\":\"https:\\\/\\\/repliquemangacine.fr\\\/#organization\"},\"potentialAction\":[{\"@type\":\"SearchAction\",\"target\":{\"@type\":\"EntryPoint\",\"urlTemplate\":\"https:\\\/\\\/repliquemangacine.fr\\\/?s={search_term_string}\"},\"query-input\":{\"@type\":\"PropertyValueSpecification\",\"valueRequired\":true,\"valueName\":\"search_term_string\"}}],\"inLanguage\":\"it-IT\"},{\"@type\":\"Organization\",\"@id\":\"https:\\\/\\\/repliquemangacine.fr\\\/#organization\",\"name\":\"R\u00e9plique Manga Cin\u00e9\",\"url\":\"https:\\\/\\\/repliquemangacine.fr\\\/\",\"logo\":{\"@type\":\"ImageObject\",\"inLanguage\":\"it-IT\",\"@id\":\"https:\\\/\\\/repliquemangacine.fr\\\/#\\\/schema\\\/logo\\\/image\\\/\",\"url\":\"https:\\\/\\\/repliquemangacine.fr\\\/wp-content\\\/uploads\\\/2023\\\/10\\\/RMC-500250.png\",\"contentUrl\":\"https:\\\/\\\/repliquemangacine.fr\\\/wp-content\\\/uploads\\\/2023\\\/10\\\/RMC-500250.png\",\"width\":500,\"height\":250,\"caption\":\"R\u00e9plique Manga Cin\u00e9\"},\"image\":{\"@id\":\"https:\\\/\\\/repliquemangacine.fr\\\/#\\\/schema\\\/logo\\\/image\\\/\"},\"sameAs\":[\"https:\\\/\\\/www.facebook.com\\\/RepliqueMangaCine\",\"https:\\\/\\\/www.instagram.com\\\/repliquemangacine.fr\\\/\"]}]}<\/script>\n<!-- \/ Yoast SEO plugin. -->","yoast_head_json":{"title":"Katana Enten di Chihiro - Kagurabachi - R\u00e9plique Manga Cin\u00e9","description":"Scoprite la katana Enten di Chihiro a Kagurabachi. Questa katana incantata ha una lama in acciaio. Una replica unica per appassionati e collezionisti.","robots":{"index":"index","follow":"follow","max-snippet":"max-snippet:-1","max-image-preview":"max-image-preview:large","max-video-preview":"max-video-preview:-1"},"canonical":"https:\/\/repliquemangacine.fr\/it\/katana-kagurabachi-metallo\/katana-enten-di-chihiro-kagurabachi\/","og_locale":"it_IT","og_type":"article","og_title":"Katana Enten de Chihiro - Kagurabachi - R\u00e9plique Manga Cin\u00e9","og_description":"D\u00e9couvrez le Katana Enten de Chihiro dans Kagurabachi. Ce katana enchant\u00e9 \u00e0 une lame en acier. R\u00e9plique unique pour passionn\u00e9s et collectionneurs.","og_url":"https:\/\/repliquemangacine.fr\/it\/katana-kagurabachi-metallo\/katana-enten-di-chihiro-kagurabachi\/","og_site_name":"R\u00e9plique Manga Cin\u00e9","article_publisher":"https:\/\/www.facebook.com\/RepliqueMangaCine","article_modified_time":"2026-03-25T14:57:41+00:00","og_image":[{"width":500,"height":500,"url":"https:\/\/repliquemangacine.fr\/wp-content\/uploads\/2025\/03\/Katana-Chihiro-Rokuhira.jpg","type":"image\/jpeg"}],"twitter_card":"summary_large_image","twitter_misc":{"Tempo di lettura stimato":"2 minuti"},"schema":{"@context":"https:\/\/schema.org","@graph":[{"@type":"WebPage","@id":"https:\/\/repliquemangacine.fr\/katana-kagurabachi-metal\/katana-enten-de-chihiro-kagurabachi\/","url":"https:\/\/repliquemangacine.fr\/katana-kagurabachi-metal\/katana-enten-de-chihiro-kagurabachi\/","name":"Katana Enten di Chihiro - Kagurabachi - R\u00e9plique Manga Cin\u00e9","isPartOf":{"@id":"https:\/\/repliquemangacine.fr\/#website"},"primaryImageOfPage":{"@id":"https:\/\/repliquemangacine.fr\/katana-kagurabachi-metal\/katana-enten-de-chihiro-kagurabachi\/#primaryimage"},"image":{"@id":"https:\/\/repliquemangacine.fr\/katana-kagurabachi-metal\/katana-enten-de-chihiro-kagurabachi\/#primaryimage"},"thumbnailUrl":"https:\/\/repliquemangacine.fr\/wp-content\/uploads\/2025\/03\/Katana-Chihiro-Rokuhira.jpg","datePublished":"2025-03-09T15:12:40+00:00","dateModified":"2026-03-25T14:57:41+00:00","description":"Scoprite la katana Enten di Chihiro a Kagurabachi. Questa katana incantata ha una lama in acciaio. Una replica unica per appassionati e collezionisti.","breadcrumb":{"@id":"https:\/\/repliquemangacine.fr\/katana-kagurabachi-metal\/katana-enten-de-chihiro-kagurabachi\/#breadcrumb"},"inLanguage":"it-IT","potentialAction":[{"@type":"ReadAction","target":["https:\/\/repliquemangacine.fr\/katana-kagurabachi-metal\/katana-enten-de-chihiro-kagurabachi\/"]}]},{"@type":"ImageObject","inLanguage":"it-IT","@id":"https:\/\/repliquemangacine.fr\/katana-kagurabachi-metal\/katana-enten-de-chihiro-kagurabachi\/#primaryimage","url":"https:\/\/repliquemangacine.fr\/wp-content\/uploads\/2025\/03\/Katana-Chihiro-Rokuhira.jpg","contentUrl":"https:\/\/repliquemangacine.fr\/wp-content\/uploads\/2025\/03\/Katana-Chihiro-Rokuhira.jpg","width":500,"height":500,"caption":"Katana Enten de Chihiro dans Kagurabachi"},{"@type":"BreadcrumbList","@id":"https:\/\/repliquemangacine.fr\/katana-kagurabachi-metal\/katana-enten-de-chihiro-kagurabachi\/#breadcrumb","itemListElement":[{"@type":"ListItem","position":1,"name":"Accueil","item":"https:\/\/repliquemangacine.fr\/"},{"@type":"ListItem","position":2,"name":"Produits","item":"https:\/\/repliquemangacine.fr\/boutique\/"},{"@type":"ListItem","position":3,"name":"Katana Enten de Chihiro &#8211; Kagurabachi"}]},{"@type":"WebSite","@id":"https:\/\/repliquemangacine.fr\/#website","url":"https:\/\/repliquemangacine.fr\/","name":"R\u00e9plique Manga Cin\u00e9","description":"","publisher":{"@id":"https:\/\/repliquemangacine.fr\/#organization"},"potentialAction":[{"@type":"SearchAction","target":{"@type":"EntryPoint","urlTemplate":"https:\/\/repliquemangacine.fr\/?s={search_term_string}"},"query-input":{"@type":"PropertyValueSpecification","valueRequired":true,"valueName":"search_term_string"}}],"inLanguage":"it-IT"},{"@type":"Organization","@id":"https:\/\/repliquemangacine.fr\/#organization","name":"R\u00e9plique Manga Cin\u00e9","url":"https:\/\/repliquemangacine.fr\/","logo":{"@type":"ImageObject","inLanguage":"it-IT","@id":"https:\/\/repliquemangacine.fr\/#\/schema\/logo\/image\/","url":"https:\/\/repliquemangacine.fr\/wp-content\/uploads\/2023\/10\/RMC-500250.png","contentUrl":"https:\/\/repliquemangacine.fr\/wp-content\/uploads\/2023\/10\/RMC-500250.png","width":500,"height":250,"caption":"R\u00e9plique Manga Cin\u00e9"},"image":{"@id":"https:\/\/repliquemangacine.fr\/#\/schema\/logo\/image\/"},"sameAs":["https:\/\/www.facebook.com\/RepliqueMangaCine","https:\/\/www.instagram.com\/repliquemangacine.fr\/"]}]}},"_links":{"self":[{"href":"https:\/\/repliquemangacine.fr\/it\/wp-json\/wp\/v2\/product\/82575","targetHints":{"allow":["GET"]}}],"collection":[{"href":"https:\/\/repliquemangacine.fr\/it\/wp-json\/wp\/v2\/product"}],"about":[{"href":"https:\/\/repliquemangacine.fr\/it\/wp-json\/wp\/v2\/types\/product"}],"wp:featuredmedia":[{"embeddable":true,"href":"https:\/\/repliquemangacine.fr\/it\/wp-json\/wp\/v2\/media\/82577"}],"wp:attachment":[{"href":"https:\/\/repliquemangacine.fr\/it\/wp-json\/wp\/v2\/media?parent=82575"}],"wp:term":[{"taxonomy":"product_brand","embeddable":true,"href":"https:\/\/repliquemangacine.fr\/it\/wp-json\/wp\/v2\/product_brand?post=82575"},{"taxonomy":"product_cat","embeddable":true,"href":"https:\/\/repliquemangacine.fr\/it\/wp-json\/wp\/v2\/product_cat?post=82575"},{"taxonomy":"product_tag","embeddable":true,"href":"https:\/\/repliquemangacine.fr\/it\/wp-json\/wp\/v2\/product_tag?post=82575"}],"curies":[{"name":"wp","href":"https:\/\/api.w.org\/{rel}","templated":true}]}}