





{"id":82552,"date":"2025-03-09T15:31:02","date_gmt":"2025-03-09T14:31:02","guid":{"rendered":"https:\/\/repliquemangacine.fr\/?post_type=product&#038;p=82552"},"modified":"2026-04-15T16:43:31","modified_gmt":"2026-04-15T14:43:31","slug":"katana-cloud-gouger-a-kagurabachi","status":"publish","type":"product","link":"https:\/\/repliquemangacine.fr\/it\/katana-kagurabachi-metal\/katana-cloud-gouger-dans-kagurabachi\/","title":{"rendered":"Sgorbiatore di nuvole di Katana a Kagurabachi"},"content":{"rendered":"<h2>Scoprite la replica della katana Cloud Gouger di Genichi Sojo<\/h2>\n<p>Prima di tutto, lasciatevi sedurre dall'eccezionale replica del <strong>Katana di Cloud Gouger<\/strong> di Genichi Sojo. Questa katana presenta una lama in acciaio robusto, non affilata, minuziosamente decorata per riflettere fedelmente l'opera originale. Il suo elegante manico imita perfettamente la pelle di razza nera, ricoperta da una treccia di cotone bianco, garantendo un comfort ottimale e un'estetica autentica. Inoltre, la guardia in acciaio presenta splendidi dettagli ispirati ai motivi del manga. Il fodero, invece, \u00e8 in legno rivestito in ABS. Con una lama che misura circa 67,5 cm e una lunghezza totale di 103 cm, questa katana \u00e8 un'aggiunta imperdibile per ogni collezionista o fan del manga Kagurabachi.<\/p>\n<p>Va sottolineato che Cloud Gouger \u00e8 una delle sette lame incantate forgiate da Kunishige Rokuhira. Cloud Gouger \u00e8 una katana speciale intrisa di magia che possedeva poteri soprannaturali. Quando viene attivata invocando il nome di Cloud Gouger, dalla lama emergono fino a due nuvole a forma di draghi orientali che volano intorno al gonfiatore.<\/p>\n<h2>Rivivete l'avvincente storia di Kagurabachi<\/h2>\n<p>Immergetevi nell'emozionante mondo del manga Kagurabachi. La drammatica storia segue Chihiro Rokuhira in cerca di vendetta dopo l'assassinio del padre da parte degli Hishaku. La Cloud Gouger, la leggendaria katana forgiata dal <a href=\"https:\/\/kagurabachi.fandom.com\/wiki\/Kunishige_Rokuhira\" target=\"_blank\" rel=\"noopener noreferrer\">Kunishige<\/a>. Usata da Genichi Sojo, un temibile trafficante d'armi, fino al suo fatale scontro con Chihiro. In quel momento decisivo, la katana si spezza, simboleggiando la fine di un'epoca oscura e l'inizio di un'epica ricerca di giustizia. Kagurabachi mescola abilmente azione intensa, dramma struggente e combattimenti spettacolari, affascinando immediatamente il pubblico con la sua trama ricca e i suoi personaggi complessi. Adottare la replica della katana Cloud Gouger significa abbracciare pienamente questa storia profonda e potente.<\/p>\n<h2>Scoprite le altre imperdibili repliche di manga<\/h2>\n<p>Infine, arricchite la vostra collezione con le nostre prestigiose katane ispirate a manga di culto come One Piece, Demon Slayer e Bleach. Troverete le leggendarie sciabole di Zoro, come la temibile <a href=\"https:\/\/repliquemangacine.fr\/it\/videogiochi-manga-replica\/costume-intero-enma-katana-viola\/\">Enma katana<\/a> o l'affascinante Nidai Kitetsu. Per i fan di Demon Slayer, procuratevi l'opera <a href=\"https:\/\/repliquemangacine.fr\/it\/katana-dacciaio-kimetsu-no-yaiba-metal-katana-demon-slayer\/katana-tanjiro-kamado-uccisore-di-demoni\/\">La katana di Tanjiro Kamado<\/a> o lo Zenitsu, veri e propri simboli di coraggio. Bleach presenta anche alcune linee di grande impatto, come l'emblematico <a href=\"https:\/\/repliquemangacine.fr\/it\/katana-bleach\/katana-bankai-tensa-zangetsu-ichigo-104-cm\/\">Zanpakut\u014d di Ichigo Kurosaki<\/a>una lama emblematica del leggendario Shonen. Grazie a queste eccezionali repliche, potrete immergervi ancora di pi\u00f9 nel mondo dei vostri eroi preferiti ed esaltare la vostra passione con pezzi unici, ricercati dai fan di tutto il mondo.<\/p>","protected":false},"excerpt":{"rendered":"<p>Superba replica della Cloud Gouger Katana di Genichi Sojo in Kagurabachi<\/p>\n<ul>\n<li>Lama in acciaio bicolore<\/li>\n<li>Protezione specifica per la forma del metallo<\/li>\n<li>Manico in legno rivestito in finta pelle di razza e circondato da un intreccio di cotone bianco<\/li>\n<li>Fodero in legno con copertura in ABS<\/li>\n<li>Lunghezza lama: 67,5 cm - Lunghezza totale: 103 cm<\/li>\n<\/ul>","protected":false},"featured_media":82568,"template":"","meta":[],"product_brand":[896],"product_cat":[874,875],"product_tag":[],"class_list":{"0":"post-82552","1":"product","2":"type-product","3":"status-publish","4":"has-post-thumbnail","6":"product_brand-replique-manga-cine","7":"product_cat-kagurabachi","8":"product_cat-katana-kagurabachi-metal","10":"first","11":"instock","12":"taxable","13":"shipping-taxable","14":"purchasable","15":"product-type-simple"},"yoast_head":"<!-- This site is optimized with the Yoast SEO plugin v27.4 - https:\/\/yoast.com\/product\/yoast-seo-wordpress\/ -->\n<title>Katana Cloud Gouger dans Kagurabachi - R\u00e9plique Manga Cin\u00e9<\/title>\n<meta name=\"description\" content=\"Adoptez la r\u00e9plique collector du katana Cloud Gouger de Genichi Sojo, lame l\u00e9gendaire du manga Kagurabachi, pour une immersion ultime chez vous !\" \/>\n<meta name=\"robots\" content=\"index, follow, max-snippet:-1, max-image-preview:large, max-video-preview:-1\" \/>\n<link rel=\"canonical\" href=\"https:\/\/repliquemangacine.fr\/it\/katana-kagurabachi-metallo\/katana-cloud-gouger-a-kagurabachi\/\" \/>\n<meta property=\"og:locale\" content=\"it_IT\" \/>\n<meta property=\"og:type\" content=\"article\" \/>\n<meta property=\"og:title\" content=\"Katana Cloud Gouger dans Kagurabachi - R\u00e9plique Manga Cin\u00e9\" \/>\n<meta property=\"og:description\" content=\"Adoptez la r\u00e9plique collector du katana Cloud Gouger de Genichi Sojo, lame l\u00e9gendaire du manga Kagurabachi, pour une immersion ultime chez vous !\" \/>\n<meta property=\"og:url\" content=\"https:\/\/repliquemangacine.fr\/it\/katana-kagurabachi-metallo\/katana-cloud-gouger-a-kagurabachi\/\" \/>\n<meta property=\"og:site_name\" content=\"R\u00e9plique Manga Cin\u00e9\" \/>\n<meta property=\"article:publisher\" content=\"https:\/\/www.facebook.com\/RepliqueMangaCine\" \/>\n<meta property=\"article:modified_time\" content=\"2026-04-15T14:43:31+00:00\" \/>\n<meta property=\"og:image\" content=\"https:\/\/repliquemangacine.fr\/wp-content\/uploads\/2025\/03\/Katana-Genichi-Sojo.jpg\" \/>\n\t<meta property=\"og:image:width\" content=\"500\" \/>\n\t<meta property=\"og:image:height\" content=\"500\" \/>\n\t<meta property=\"og:image:type\" content=\"image\/jpeg\" \/>\n<meta name=\"twitter:card\" content=\"summary_large_image\" \/>\n<meta name=\"twitter:label1\" content=\"Tempo di lettura stimato\" \/>\n\t<meta name=\"twitter:data1\" content=\"3 minuti\" \/>\n<script type=\"application\/ld+json\" class=\"yoast-schema-graph\">{\"@context\":\"https:\\\/\\\/schema.org\",\"@graph\":[{\"@type\":\"WebPage\",\"@id\":\"https:\\\/\\\/repliquemangacine.fr\\\/katana-kagurabachi-metal\\\/katana-cloud-gouger-dans-kagurabachi\\\/\",\"url\":\"https:\\\/\\\/repliquemangacine.fr\\\/katana-kagurabachi-metal\\\/katana-cloud-gouger-dans-kagurabachi\\\/\",\"name\":\"Katana Cloud Gouger dans Kagurabachi - R\u00e9plique Manga Cin\u00e9\",\"isPartOf\":{\"@id\":\"https:\\\/\\\/repliquemangacine.fr\\\/#website\"},\"primaryImageOfPage\":{\"@id\":\"https:\\\/\\\/repliquemangacine.fr\\\/katana-kagurabachi-metal\\\/katana-cloud-gouger-dans-kagurabachi\\\/#primaryimage\"},\"image\":{\"@id\":\"https:\\\/\\\/repliquemangacine.fr\\\/katana-kagurabachi-metal\\\/katana-cloud-gouger-dans-kagurabachi\\\/#primaryimage\"},\"thumbnailUrl\":\"https:\\\/\\\/repliquemangacine.fr\\\/wp-content\\\/uploads\\\/2025\\\/03\\\/Katana-Genichi-Sojo.jpg\",\"datePublished\":\"2025-03-09T14:31:02+00:00\",\"dateModified\":\"2026-04-15T14:43:31+00:00\",\"description\":\"Adoptez la r\u00e9plique collector du katana Cloud Gouger de Genichi Sojo, lame l\u00e9gendaire du manga Kagurabachi, pour une immersion ultime chez vous !\",\"breadcrumb\":{\"@id\":\"https:\\\/\\\/repliquemangacine.fr\\\/katana-kagurabachi-metal\\\/katana-cloud-gouger-dans-kagurabachi\\\/#breadcrumb\"},\"inLanguage\":\"it-IT\",\"potentialAction\":[{\"@type\":\"ReadAction\",\"target\":[\"https:\\\/\\\/repliquemangacine.fr\\\/katana-kagurabachi-metal\\\/katana-cloud-gouger-dans-kagurabachi\\\/\"]}]},{\"@type\":\"ImageObject\",\"inLanguage\":\"it-IT\",\"@id\":\"https:\\\/\\\/repliquemangacine.fr\\\/katana-kagurabachi-metal\\\/katana-cloud-gouger-dans-kagurabachi\\\/#primaryimage\",\"url\":\"https:\\\/\\\/repliquemangacine.fr\\\/wp-content\\\/uploads\\\/2025\\\/03\\\/Katana-Genichi-Sojo.jpg\",\"contentUrl\":\"https:\\\/\\\/repliquemangacine.fr\\\/wp-content\\\/uploads\\\/2025\\\/03\\\/Katana-Genichi-Sojo.jpg\",\"width\":500,\"height\":500,\"caption\":\"Katana Cloud Gouger dans Kagurabachi\"},{\"@type\":\"BreadcrumbList\",\"@id\":\"https:\\\/\\\/repliquemangacine.fr\\\/katana-kagurabachi-metal\\\/katana-cloud-gouger-dans-kagurabachi\\\/#breadcrumb\",\"itemListElement\":[{\"@type\":\"ListItem\",\"position\":1,\"name\":\"Accueil\",\"item\":\"https:\\\/\\\/repliquemangacine.fr\\\/\"},{\"@type\":\"ListItem\",\"position\":2,\"name\":\"Produits\",\"item\":\"https:\\\/\\\/repliquemangacine.fr\\\/boutique\\\/\"},{\"@type\":\"ListItem\",\"position\":3,\"name\":\"Katana Cloud Gouger dans Kagurabachi\"}]},{\"@type\":\"WebSite\",\"@id\":\"https:\\\/\\\/repliquemangacine.fr\\\/#website\",\"url\":\"https:\\\/\\\/repliquemangacine.fr\\\/\",\"name\":\"R\u00e9plique Manga Cin\u00e9\",\"description\":\"\",\"publisher\":{\"@id\":\"https:\\\/\\\/repliquemangacine.fr\\\/#organization\"},\"potentialAction\":[{\"@type\":\"SearchAction\",\"target\":{\"@type\":\"EntryPoint\",\"urlTemplate\":\"https:\\\/\\\/repliquemangacine.fr\\\/?s={search_term_string}\"},\"query-input\":{\"@type\":\"PropertyValueSpecification\",\"valueRequired\":true,\"valueName\":\"search_term_string\"}}],\"inLanguage\":\"it-IT\"},{\"@type\":\"Organization\",\"@id\":\"https:\\\/\\\/repliquemangacine.fr\\\/#organization\",\"name\":\"R\u00e9plique Manga Cin\u00e9\",\"url\":\"https:\\\/\\\/repliquemangacine.fr\\\/\",\"logo\":{\"@type\":\"ImageObject\",\"inLanguage\":\"it-IT\",\"@id\":\"https:\\\/\\\/repliquemangacine.fr\\\/#\\\/schema\\\/logo\\\/image\\\/\",\"url\":\"https:\\\/\\\/repliquemangacine.fr\\\/wp-content\\\/uploads\\\/2023\\\/10\\\/RMC-500250.png\",\"contentUrl\":\"https:\\\/\\\/repliquemangacine.fr\\\/wp-content\\\/uploads\\\/2023\\\/10\\\/RMC-500250.png\",\"width\":500,\"height\":250,\"caption\":\"R\u00e9plique Manga Cin\u00e9\"},\"image\":{\"@id\":\"https:\\\/\\\/repliquemangacine.fr\\\/#\\\/schema\\\/logo\\\/image\\\/\"},\"sameAs\":[\"https:\\\/\\\/www.facebook.com\\\/RepliqueMangaCine\",\"https:\\\/\\\/www.instagram.com\\\/repliquemangacine.fr\\\/\"]}]}<\/script>\n<!-- \/ Yoast SEO plugin. -->","yoast_head_json":{"title":"Sgorbio Katana Cloud a Kagurabachi - R\u00e9plique Manga Cin\u00e9","description":"Adotta la replica da collezione della katana Cloud Gouger di Genichi Sojo, la leggendaria lama del manga Kagurabachi, per un'immersione domestica senza precedenti!","robots":{"index":"index","follow":"follow","max-snippet":"max-snippet:-1","max-image-preview":"max-image-preview:large","max-video-preview":"max-video-preview:-1"},"canonical":"https:\/\/repliquemangacine.fr\/it\/katana-kagurabachi-metallo\/katana-cloud-gouger-a-kagurabachi\/","og_locale":"it_IT","og_type":"article","og_title":"Katana Cloud Gouger dans Kagurabachi - R\u00e9plique Manga Cin\u00e9","og_description":"Adoptez la r\u00e9plique collector du katana Cloud Gouger de Genichi Sojo, lame l\u00e9gendaire du manga Kagurabachi, pour une immersion ultime chez vous !","og_url":"https:\/\/repliquemangacine.fr\/it\/katana-kagurabachi-metallo\/katana-cloud-gouger-a-kagurabachi\/","og_site_name":"R\u00e9plique Manga Cin\u00e9","article_publisher":"https:\/\/www.facebook.com\/RepliqueMangaCine","article_modified_time":"2026-04-15T14:43:31+00:00","og_image":[{"width":500,"height":500,"url":"https:\/\/repliquemangacine.fr\/wp-content\/uploads\/2025\/03\/Katana-Genichi-Sojo.jpg","type":"image\/jpeg"}],"twitter_card":"summary_large_image","twitter_misc":{"Tempo di lettura stimato":"3 minuti"},"schema":{"@context":"https:\/\/schema.org","@graph":[{"@type":"WebPage","@id":"https:\/\/repliquemangacine.fr\/katana-kagurabachi-metal\/katana-cloud-gouger-dans-kagurabachi\/","url":"https:\/\/repliquemangacine.fr\/katana-kagurabachi-metal\/katana-cloud-gouger-dans-kagurabachi\/","name":"Sgorbio Katana Cloud a Kagurabachi - R\u00e9plique Manga Cin\u00e9","isPartOf":{"@id":"https:\/\/repliquemangacine.fr\/#website"},"primaryImageOfPage":{"@id":"https:\/\/repliquemangacine.fr\/katana-kagurabachi-metal\/katana-cloud-gouger-dans-kagurabachi\/#primaryimage"},"image":{"@id":"https:\/\/repliquemangacine.fr\/katana-kagurabachi-metal\/katana-cloud-gouger-dans-kagurabachi\/#primaryimage"},"thumbnailUrl":"https:\/\/repliquemangacine.fr\/wp-content\/uploads\/2025\/03\/Katana-Genichi-Sojo.jpg","datePublished":"2025-03-09T14:31:02+00:00","dateModified":"2026-04-15T14:43:31+00:00","description":"Adotta la replica da collezione della katana Cloud Gouger di Genichi Sojo, la leggendaria lama del manga Kagurabachi, per un'immersione domestica senza precedenti!","breadcrumb":{"@id":"https:\/\/repliquemangacine.fr\/katana-kagurabachi-metal\/katana-cloud-gouger-dans-kagurabachi\/#breadcrumb"},"inLanguage":"it-IT","potentialAction":[{"@type":"ReadAction","target":["https:\/\/repliquemangacine.fr\/katana-kagurabachi-metal\/katana-cloud-gouger-dans-kagurabachi\/"]}]},{"@type":"ImageObject","inLanguage":"it-IT","@id":"https:\/\/repliquemangacine.fr\/katana-kagurabachi-metal\/katana-cloud-gouger-dans-kagurabachi\/#primaryimage","url":"https:\/\/repliquemangacine.fr\/wp-content\/uploads\/2025\/03\/Katana-Genichi-Sojo.jpg","contentUrl":"https:\/\/repliquemangacine.fr\/wp-content\/uploads\/2025\/03\/Katana-Genichi-Sojo.jpg","width":500,"height":500,"caption":"Katana Cloud Gouger dans Kagurabachi"},{"@type":"BreadcrumbList","@id":"https:\/\/repliquemangacine.fr\/katana-kagurabachi-metal\/katana-cloud-gouger-dans-kagurabachi\/#breadcrumb","itemListElement":[{"@type":"ListItem","position":1,"name":"Accueil","item":"https:\/\/repliquemangacine.fr\/"},{"@type":"ListItem","position":2,"name":"Produits","item":"https:\/\/repliquemangacine.fr\/boutique\/"},{"@type":"ListItem","position":3,"name":"Katana Cloud Gouger dans Kagurabachi"}]},{"@type":"WebSite","@id":"https:\/\/repliquemangacine.fr\/#website","url":"https:\/\/repliquemangacine.fr\/","name":"R\u00e9plique Manga Cin\u00e9","description":"","publisher":{"@id":"https:\/\/repliquemangacine.fr\/#organization"},"potentialAction":[{"@type":"SearchAction","target":{"@type":"EntryPoint","urlTemplate":"https:\/\/repliquemangacine.fr\/?s={search_term_string}"},"query-input":{"@type":"PropertyValueSpecification","valueRequired":true,"valueName":"search_term_string"}}],"inLanguage":"it-IT"},{"@type":"Organization","@id":"https:\/\/repliquemangacine.fr\/#organization","name":"R\u00e9plique Manga Cin\u00e9","url":"https:\/\/repliquemangacine.fr\/","logo":{"@type":"ImageObject","inLanguage":"it-IT","@id":"https:\/\/repliquemangacine.fr\/#\/schema\/logo\/image\/","url":"https:\/\/repliquemangacine.fr\/wp-content\/uploads\/2023\/10\/RMC-500250.png","contentUrl":"https:\/\/repliquemangacine.fr\/wp-content\/uploads\/2023\/10\/RMC-500250.png","width":500,"height":250,"caption":"R\u00e9plique Manga Cin\u00e9"},"image":{"@id":"https:\/\/repliquemangacine.fr\/#\/schema\/logo\/image\/"},"sameAs":["https:\/\/www.facebook.com\/RepliqueMangaCine","https:\/\/www.instagram.com\/repliquemangacine.fr\/"]}]}},"_links":{"self":[{"href":"https:\/\/repliquemangacine.fr\/it\/wp-json\/wp\/v2\/product\/82552","targetHints":{"allow":["GET"]}}],"collection":[{"href":"https:\/\/repliquemangacine.fr\/it\/wp-json\/wp\/v2\/product"}],"about":[{"href":"https:\/\/repliquemangacine.fr\/it\/wp-json\/wp\/v2\/types\/product"}],"wp:featuredmedia":[{"embeddable":true,"href":"https:\/\/repliquemangacine.fr\/it\/wp-json\/wp\/v2\/media\/82568"}],"wp:attachment":[{"href":"https:\/\/repliquemangacine.fr\/it\/wp-json\/wp\/v2\/media?parent=82552"}],"wp:term":[{"taxonomy":"product_brand","embeddable":true,"href":"https:\/\/repliquemangacine.fr\/it\/wp-json\/wp\/v2\/product_brand?post=82552"},{"taxonomy":"product_cat","embeddable":true,"href":"https:\/\/repliquemangacine.fr\/it\/wp-json\/wp\/v2\/product_cat?post=82552"},{"taxonomy":"product_tag","embeddable":true,"href":"https:\/\/repliquemangacine.fr\/it\/wp-json\/wp\/v2\/product_tag?post=82552"}],"curies":[{"name":"wp","href":"https:\/\/api.w.org\/{rel}","templated":true}]}}