





{"id":82540,"date":"2025-03-08T17:13:46","date_gmt":"2025-03-08T16:13:46","guid":{"rendered":"https:\/\/repliquemangacine.fr\/?post_type=product&#038;p=82540"},"modified":"2026-03-19T12:21:20","modified_gmt":"2026-03-19T11:21:20","slug":"mortal-blade-sekiro-shadows-die-twice-4","status":"publish","type":"product","link":"https:\/\/repliquemangacine.fr\/it\/katana-et-epee-de-jeux-video-autre-jeux-video\/mortal-blade-sekiro-shadows-die-twice-4\/","title":{"rendered":"Mortal Blade Sekiro - Le ombre muoiono due volte 4"},"content":{"rendered":"<h2>Scopri la leggendaria Lama Mortale di Sekiro<\/h2>\n<p>Per prima cosa, esplorate l'affascinante mondo del Giappone feudale con l'opera<strong> Lama mortale di Sekiro<\/strong>. Questa eccezionale katana ha una lama smussata in acciaio. Ornata da magnifiche e dettagliate decorazioni, \u00e8 perfetta per gli appassionati e i collezionisti pi\u00f9 esigenti. L'impugnatura, elegante e autentica, imita la pelle di una razza nera ricoperta da una sottile treccia di cotone bianco. Il risultato \u00e8 una presa confortevole e realistica. Inoltre, la guardia in acciaio invecchiato \u00e8 finemente scolpita. Delicatamente raffigurante petali di fiori, evoca lo spirito tradizionale dei samurai. Il fodero, realizzato in legno robusto e rivestito in finto legno ABS, completa armoniosamente questo oggetto da collezione con una ricca decorazione realizzata con cura. Con una lama di 66,5 cm e una lunghezza totale di 105 cm compreso il fodero. Questa replica diventer\u00e0 rapidamente un must della vostra collezione e, grazie alla sua autenticit\u00e0, attirer\u00e0 l'attenzione dei vostri ospiti.<\/p>\n<h2>Immergiti nell'affascinante mondo di Sekiro: Shadows Die Twice<\/h2>\n<p>Allora lasciatevi trasportare dall'affascinante mondo di Sekiro: Shadows Die Twice. Creato da FromSoftware, lo studio dietro le acclamate serie Dark Souls e Bloodborne. Ambientato in un <a href=\"https:\/\/www.worldhistory.org\/trans\/fr\/2-1438\/feodalisme-dans-le-japon-medieval\/\" target=\"_blank\" rel=\"noopener noreferrer\">Giappone feudale<\/a> Questo videogioco immaginario e mistico vi immerge nel cuore di un'avventura epica e oscura in cui mitologia e realt\u00e0 si intrecciano. I giocatori vestono i panni di Sekiro, un temibile guerriero dotato di arti protesici unici e in cerca di vendetta e redenzione personale. Grazie a un gameplay impegnativo ma gratificante, ogni battaglia diventa una vera e propria prova di abilit\u00e0, in cui precisione e reattivit\u00e0 sono essenziali. Il gioco \u00e8 rinomato anche per la sua grafica sontuosa, gli ambienti dettagliati e la trama profonda, ricca di mistero e colpi di scena accattivanti. Possedere una replica della Lama della Morte \u00e8 quindi un'occasione unica per incarnare appieno lo spirito del gioco a casa propria.<\/p>\n<h2>Completate la vostra collezione con le altre repliche dei videogiochi<\/h2>\n<p>Infine, se siete appassionati del mondo dei videogiochi, date un'occhiata alle nostre altre repliche mitiche, che piaceranno a tutti i fan. Per i fan dell'Anello di Elden, il<a href=\"https:\/\/repliquemangacine.fr\/it\/katana-e-spada-videogiochi-altri-videogiochi\/spada-di-luna-oscura-spada-grande-anello-elden\/\">Spada della Luna Nera<\/a> vi aspetta, un emblema leggendario dall'incomparabile potere magico, ideale per vivere l'atmosfera misteriosa di questo gioco di culto. Disponibile anche il<a href=\"https:\/\/repliquemangacine.fr\/it\/katana-e-spada-videogiochi-altri-videogiochi\/spada-fusion-cloud-multiblade-buster-spada-final-fantasy-vii\/\">Spada a fusione Scontro tra nuvole<\/a> di Final Fantasy. Una replica eccezionale, perfetta per rivivere le epiche avventure del famoso eroe e per stupire i vostri amici. E non perdetevi il magnifico <a href=\"https:\/\/repliquemangacine.fr\/it\/katana-e-spada-videogiochi-altri-videogiochi\/spada-rossa-regina-diavolo-il-mio-grido\/\">Spada della Regina Rossa<\/a> del leggendario Nero in Devil May Cry. Rinomato per il suo design unico e le sue finiture eccezionali. Che siate collezionisti esperti o principianti, ogni replica vi avvicina ai vostri eroi preferiti e alle loro indimenticabili avventure, arricchendo la vostra collezione con oggetti rari e affascinanti.<\/p>","protected":false},"excerpt":{"rendered":"<p>Superba replica della katana di Sekiro nel videogioco Shadows Die Twice<\/p>\n<ul>\n<li>Lama in acciaio non affilata con decorazione.<\/li>\n<li>Manico in finta pelle di razza nera, ricoperto da una treccia di cotone bianco.<\/li>\n<li>Elsa in acciaio antico raffigurante petali di fiori.<\/li>\n<li>Fodero in legno rivestito in ABS e riccamente decorato.<\/li>\n<li>Lunghezza della lama: 66,5 cm - Lunghezza totale: 105 cm con fodero<\/li>\n<\/ul>","protected":false},"featured_media":82542,"template":"","meta":[],"product_brand":[896],"product_cat":[67],"product_tag":[],"class_list":{"0":"post-82540","1":"product","2":"type-product","3":"status-publish","4":"has-post-thumbnail","6":"product_brand-replique-manga-cine","7":"product_cat-katana-et-epee-de-jeux-video-autre-jeux-video","9":"first","10":"instock","11":"taxable","12":"shipping-taxable","13":"purchasable","14":"product-type-simple"},"yoast_head":"<!-- This site is optimized with the Yoast SEO plugin v27.5 - https:\/\/yoast.com\/product\/yoast-seo-wordpress\/ -->\n<title>Mortal Blade Sekiro - Shadows Die Twice 4 - R\u00e9plique Manga Cin\u00e9<\/title>\n<meta name=\"description\" content=\"Devenez ma\u00eetre samoura\u00ef avec la r\u00e9plique collector du katana Mortal Blade de Sekiro, pour une immersion ultime chez vous ! Lame acier. 105 cm\" \/>\n<meta name=\"robots\" content=\"index, follow, max-snippet:-1, max-image-preview:large, max-video-preview:-1\" \/>\n<link rel=\"canonical\" href=\"https:\/\/repliquemangacine.fr\/it\/katana-e-spada-videogiochi-altri-videogiochi\/mortal-blade-sekiro-shadows-die-twice-4\/\" \/>\n<meta property=\"og:locale\" content=\"it_IT\" \/>\n<meta property=\"og:type\" content=\"article\" \/>\n<meta property=\"og:title\" content=\"Mortal Blade Sekiro - Shadows Die Twice 4 - R\u00e9plique Manga Cin\u00e9\" \/>\n<meta property=\"og:description\" content=\"Devenez ma\u00eetre samoura\u00ef avec la r\u00e9plique collector du katana Mortal Blade de Sekiro, pour une immersion ultime chez vous ! Lame acier. 105 cm\" \/>\n<meta property=\"og:url\" content=\"https:\/\/repliquemangacine.fr\/it\/katana-e-spada-videogiochi-altri-videogiochi\/mortal-blade-sekiro-shadows-die-twice-4\/\" \/>\n<meta property=\"og:site_name\" content=\"R\u00e9plique Manga Cin\u00e9\" \/>\n<meta property=\"article:publisher\" content=\"https:\/\/www.facebook.com\/RepliqueMangaCine\" \/>\n<meta property=\"article:modified_time\" content=\"2026-03-19T11:21:20+00:00\" \/>\n<meta property=\"og:image\" content=\"https:\/\/repliquemangacine.fr\/wp-content\/uploads\/2025\/03\/katana-Sekiro-shadows-die-twice.jpg\" \/>\n\t<meta property=\"og:image:width\" content=\"500\" \/>\n\t<meta property=\"og:image:height\" content=\"500\" \/>\n\t<meta property=\"og:image:type\" content=\"image\/jpeg\" \/>\n<meta name=\"twitter:card\" content=\"summary_large_image\" \/>\n<meta name=\"twitter:label1\" content=\"Tempo di lettura stimato\" \/>\n\t<meta name=\"twitter:data1\" content=\"3 minuti\" \/>\n<script type=\"application\/ld+json\" class=\"yoast-schema-graph\">{\"@context\":\"https:\\\/\\\/schema.org\",\"@graph\":[{\"@type\":\"WebPage\",\"@id\":\"https:\\\/\\\/repliquemangacine.fr\\\/katana-et-epee-de-jeux-video-autre-jeux-video\\\/mortal-blade-sekiro-shadows-die-twice-4\\\/\",\"url\":\"https:\\\/\\\/repliquemangacine.fr\\\/katana-et-epee-de-jeux-video-autre-jeux-video\\\/mortal-blade-sekiro-shadows-die-twice-4\\\/\",\"name\":\"Mortal Blade Sekiro - Shadows Die Twice 4 - R\u00e9plique Manga Cin\u00e9\",\"isPartOf\":{\"@id\":\"https:\\\/\\\/repliquemangacine.fr\\\/#website\"},\"primaryImageOfPage\":{\"@id\":\"https:\\\/\\\/repliquemangacine.fr\\\/katana-et-epee-de-jeux-video-autre-jeux-video\\\/mortal-blade-sekiro-shadows-die-twice-4\\\/#primaryimage\"},\"image\":{\"@id\":\"https:\\\/\\\/repliquemangacine.fr\\\/katana-et-epee-de-jeux-video-autre-jeux-video\\\/mortal-blade-sekiro-shadows-die-twice-4\\\/#primaryimage\"},\"thumbnailUrl\":\"https:\\\/\\\/repliquemangacine.fr\\\/wp-content\\\/uploads\\\/2025\\\/03\\\/katana-Sekiro-shadows-die-twice.jpg\",\"datePublished\":\"2025-03-08T16:13:46+00:00\",\"dateModified\":\"2026-03-19T11:21:20+00:00\",\"description\":\"Devenez ma\u00eetre samoura\u00ef avec la r\u00e9plique collector du katana Mortal Blade de Sekiro, pour une immersion ultime chez vous ! Lame acier. 105 cm\",\"breadcrumb\":{\"@id\":\"https:\\\/\\\/repliquemangacine.fr\\\/katana-et-epee-de-jeux-video-autre-jeux-video\\\/mortal-blade-sekiro-shadows-die-twice-4\\\/#breadcrumb\"},\"inLanguage\":\"it-IT\",\"potentialAction\":[{\"@type\":\"ReadAction\",\"target\":[\"https:\\\/\\\/repliquemangacine.fr\\\/katana-et-epee-de-jeux-video-autre-jeux-video\\\/mortal-blade-sekiro-shadows-die-twice-4\\\/\"]}]},{\"@type\":\"ImageObject\",\"inLanguage\":\"it-IT\",\"@id\":\"https:\\\/\\\/repliquemangacine.fr\\\/katana-et-epee-de-jeux-video-autre-jeux-video\\\/mortal-blade-sekiro-shadows-die-twice-4\\\/#primaryimage\",\"url\":\"https:\\\/\\\/repliquemangacine.fr\\\/wp-content\\\/uploads\\\/2025\\\/03\\\/katana-Sekiro-shadows-die-twice.jpg\",\"contentUrl\":\"https:\\\/\\\/repliquemangacine.fr\\\/wp-content\\\/uploads\\\/2025\\\/03\\\/katana-Sekiro-shadows-die-twice.jpg\",\"width\":500,\"height\":500,\"caption\":\"Mortal Blade Sekiro\"},{\"@type\":\"BreadcrumbList\",\"@id\":\"https:\\\/\\\/repliquemangacine.fr\\\/katana-et-epee-de-jeux-video-autre-jeux-video\\\/mortal-blade-sekiro-shadows-die-twice-4\\\/#breadcrumb\",\"itemListElement\":[{\"@type\":\"ListItem\",\"position\":1,\"name\":\"Accueil\",\"item\":\"https:\\\/\\\/repliquemangacine.fr\\\/\"},{\"@type\":\"ListItem\",\"position\":2,\"name\":\"Produits\",\"item\":\"https:\\\/\\\/repliquemangacine.fr\\\/boutique\\\/\"},{\"@type\":\"ListItem\",\"position\":3,\"name\":\"Mortal Blade Sekiro &#8211; Shadows Die Twice 4\"}]},{\"@type\":\"WebSite\",\"@id\":\"https:\\\/\\\/repliquemangacine.fr\\\/#website\",\"url\":\"https:\\\/\\\/repliquemangacine.fr\\\/\",\"name\":\"R\u00e9plique Manga Cin\u00e9\",\"description\":\"\",\"publisher\":{\"@id\":\"https:\\\/\\\/repliquemangacine.fr\\\/#organization\"},\"potentialAction\":[{\"@type\":\"SearchAction\",\"target\":{\"@type\":\"EntryPoint\",\"urlTemplate\":\"https:\\\/\\\/repliquemangacine.fr\\\/?s={search_term_string}\"},\"query-input\":{\"@type\":\"PropertyValueSpecification\",\"valueRequired\":true,\"valueName\":\"search_term_string\"}}],\"inLanguage\":\"it-IT\"},{\"@type\":\"Organization\",\"@id\":\"https:\\\/\\\/repliquemangacine.fr\\\/#organization\",\"name\":\"R\u00e9plique Manga Cin\u00e9\",\"url\":\"https:\\\/\\\/repliquemangacine.fr\\\/\",\"logo\":{\"@type\":\"ImageObject\",\"inLanguage\":\"it-IT\",\"@id\":\"https:\\\/\\\/repliquemangacine.fr\\\/#\\\/schema\\\/logo\\\/image\\\/\",\"url\":\"https:\\\/\\\/repliquemangacine.fr\\\/wp-content\\\/uploads\\\/2023\\\/10\\\/RMC-500250.png\",\"contentUrl\":\"https:\\\/\\\/repliquemangacine.fr\\\/wp-content\\\/uploads\\\/2023\\\/10\\\/RMC-500250.png\",\"width\":500,\"height\":250,\"caption\":\"R\u00e9plique Manga Cin\u00e9\"},\"image\":{\"@id\":\"https:\\\/\\\/repliquemangacine.fr\\\/#\\\/schema\\\/logo\\\/image\\\/\"},\"sameAs\":[\"https:\\\/\\\/www.facebook.com\\\/RepliqueMangaCine\",\"https:\\\/\\\/www.instagram.com\\\/repliquemangacine.fr\\\/\"]}]}<\/script>\n<!-- \/ Yoast SEO plugin. -->","yoast_head_json":{"title":"Mortal Blade Sekiro - Le ombre muoiono due volte 4 - R\u00e9plique Manga Cin\u00e9","description":"Diventa un maestro samurai con la replica da collezione della katana Mortal Blade di Sekiro, per un'esperienza di immersione domestica senza precedenti! Lama in acciaio. Lunghezza 105 cm","robots":{"index":"index","follow":"follow","max-snippet":"max-snippet:-1","max-image-preview":"max-image-preview:large","max-video-preview":"max-video-preview:-1"},"canonical":"https:\/\/repliquemangacine.fr\/it\/katana-e-spada-videogiochi-altri-videogiochi\/mortal-blade-sekiro-shadows-die-twice-4\/","og_locale":"it_IT","og_type":"article","og_title":"Mortal Blade Sekiro - Shadows Die Twice 4 - R\u00e9plique Manga Cin\u00e9","og_description":"Devenez ma\u00eetre samoura\u00ef avec la r\u00e9plique collector du katana Mortal Blade de Sekiro, pour une immersion ultime chez vous ! Lame acier. 105 cm","og_url":"https:\/\/repliquemangacine.fr\/it\/katana-e-spada-videogiochi-altri-videogiochi\/mortal-blade-sekiro-shadows-die-twice-4\/","og_site_name":"R\u00e9plique Manga Cin\u00e9","article_publisher":"https:\/\/www.facebook.com\/RepliqueMangaCine","article_modified_time":"2026-03-19T11:21:20+00:00","og_image":[{"width":500,"height":500,"url":"https:\/\/repliquemangacine.fr\/wp-content\/uploads\/2025\/03\/katana-Sekiro-shadows-die-twice.jpg","type":"image\/jpeg"}],"twitter_card":"summary_large_image","twitter_misc":{"Tempo di lettura stimato":"3 minuti"},"schema":{"@context":"https:\/\/schema.org","@graph":[{"@type":"WebPage","@id":"https:\/\/repliquemangacine.fr\/katana-et-epee-de-jeux-video-autre-jeux-video\/mortal-blade-sekiro-shadows-die-twice-4\/","url":"https:\/\/repliquemangacine.fr\/katana-et-epee-de-jeux-video-autre-jeux-video\/mortal-blade-sekiro-shadows-die-twice-4\/","name":"Mortal Blade Sekiro - Le ombre muoiono due volte 4 - R\u00e9plique Manga Cin\u00e9","isPartOf":{"@id":"https:\/\/repliquemangacine.fr\/#website"},"primaryImageOfPage":{"@id":"https:\/\/repliquemangacine.fr\/katana-et-epee-de-jeux-video-autre-jeux-video\/mortal-blade-sekiro-shadows-die-twice-4\/#primaryimage"},"image":{"@id":"https:\/\/repliquemangacine.fr\/katana-et-epee-de-jeux-video-autre-jeux-video\/mortal-blade-sekiro-shadows-die-twice-4\/#primaryimage"},"thumbnailUrl":"https:\/\/repliquemangacine.fr\/wp-content\/uploads\/2025\/03\/katana-Sekiro-shadows-die-twice.jpg","datePublished":"2025-03-08T16:13:46+00:00","dateModified":"2026-03-19T11:21:20+00:00","description":"Diventa un maestro samurai con la replica da collezione della katana Mortal Blade di Sekiro, per un'esperienza di immersione domestica senza precedenti! Lama in acciaio. Lunghezza 105 cm","breadcrumb":{"@id":"https:\/\/repliquemangacine.fr\/katana-et-epee-de-jeux-video-autre-jeux-video\/mortal-blade-sekiro-shadows-die-twice-4\/#breadcrumb"},"inLanguage":"it-IT","potentialAction":[{"@type":"ReadAction","target":["https:\/\/repliquemangacine.fr\/katana-et-epee-de-jeux-video-autre-jeux-video\/mortal-blade-sekiro-shadows-die-twice-4\/"]}]},{"@type":"ImageObject","inLanguage":"it-IT","@id":"https:\/\/repliquemangacine.fr\/katana-et-epee-de-jeux-video-autre-jeux-video\/mortal-blade-sekiro-shadows-die-twice-4\/#primaryimage","url":"https:\/\/repliquemangacine.fr\/wp-content\/uploads\/2025\/03\/katana-Sekiro-shadows-die-twice.jpg","contentUrl":"https:\/\/repliquemangacine.fr\/wp-content\/uploads\/2025\/03\/katana-Sekiro-shadows-die-twice.jpg","width":500,"height":500,"caption":"Mortal Blade Sekiro"},{"@type":"BreadcrumbList","@id":"https:\/\/repliquemangacine.fr\/katana-et-epee-de-jeux-video-autre-jeux-video\/mortal-blade-sekiro-shadows-die-twice-4\/#breadcrumb","itemListElement":[{"@type":"ListItem","position":1,"name":"Accueil","item":"https:\/\/repliquemangacine.fr\/"},{"@type":"ListItem","position":2,"name":"Produits","item":"https:\/\/repliquemangacine.fr\/boutique\/"},{"@type":"ListItem","position":3,"name":"Mortal Blade Sekiro &#8211; Shadows Die Twice 4"}]},{"@type":"WebSite","@id":"https:\/\/repliquemangacine.fr\/#website","url":"https:\/\/repliquemangacine.fr\/","name":"R\u00e9plique Manga Cin\u00e9","description":"","publisher":{"@id":"https:\/\/repliquemangacine.fr\/#organization"},"potentialAction":[{"@type":"SearchAction","target":{"@type":"EntryPoint","urlTemplate":"https:\/\/repliquemangacine.fr\/?s={search_term_string}"},"query-input":{"@type":"PropertyValueSpecification","valueRequired":true,"valueName":"search_term_string"}}],"inLanguage":"it-IT"},{"@type":"Organization","@id":"https:\/\/repliquemangacine.fr\/#organization","name":"R\u00e9plique Manga Cin\u00e9","url":"https:\/\/repliquemangacine.fr\/","logo":{"@type":"ImageObject","inLanguage":"it-IT","@id":"https:\/\/repliquemangacine.fr\/#\/schema\/logo\/image\/","url":"https:\/\/repliquemangacine.fr\/wp-content\/uploads\/2023\/10\/RMC-500250.png","contentUrl":"https:\/\/repliquemangacine.fr\/wp-content\/uploads\/2023\/10\/RMC-500250.png","width":500,"height":250,"caption":"R\u00e9plique Manga Cin\u00e9"},"image":{"@id":"https:\/\/repliquemangacine.fr\/#\/schema\/logo\/image\/"},"sameAs":["https:\/\/www.facebook.com\/RepliqueMangaCine","https:\/\/www.instagram.com\/repliquemangacine.fr\/"]}]}},"_links":{"self":[{"href":"https:\/\/repliquemangacine.fr\/it\/wp-json\/wp\/v2\/product\/82540","targetHints":{"allow":["GET"]}}],"collection":[{"href":"https:\/\/repliquemangacine.fr\/it\/wp-json\/wp\/v2\/product"}],"about":[{"href":"https:\/\/repliquemangacine.fr\/it\/wp-json\/wp\/v2\/types\/product"}],"wp:featuredmedia":[{"embeddable":true,"href":"https:\/\/repliquemangacine.fr\/it\/wp-json\/wp\/v2\/media\/82542"}],"wp:attachment":[{"href":"https:\/\/repliquemangacine.fr\/it\/wp-json\/wp\/v2\/media?parent=82540"}],"wp:term":[{"taxonomy":"product_brand","embeddable":true,"href":"https:\/\/repliquemangacine.fr\/it\/wp-json\/wp\/v2\/product_brand?post=82540"},{"taxonomy":"product_cat","embeddable":true,"href":"https:\/\/repliquemangacine.fr\/it\/wp-json\/wp\/v2\/product_cat?post=82540"},{"taxonomy":"product_tag","embeddable":true,"href":"https:\/\/repliquemangacine.fr\/it\/wp-json\/wp\/v2\/product_tag?post=82540"}],"curies":[{"name":"wp","href":"https:\/\/api.w.org\/{rel}","templated":true}]}}