





{"id":82266,"date":"2025-02-21T17:59:48","date_gmt":"2025-02-21T16:59:48","guid":{"rendered":"https:\/\/repliquemangacine.fr\/?post_type=product&#038;p=82266"},"modified":"2025-11-13T01:25:53","modified_gmt":"2025-11-13T00:25:53","slug":"spada-elden-ring-greatsword","status":"publish","type":"product","link":"https:\/\/repliquemangacine.fr\/it\/elden-ring\/epee-greatsword-elden-ring\/","title":{"rendered":"Anello Greatsword Elden"},"content":{"rendered":"<h2>Spada dell'Anello di Elden: la spada colossale dei guerrieri della Forza<\/h2>\n<p>In primo luogo, il<strong>Spada<\/strong> <strong>Spadone di Elden Ring<\/strong> \u00e8 un'imponente spada colossale ispirata alla saga <a href=\"https:\/\/berserk.fandom.com\/fr\/wiki\/Wiki_Berserk\" target=\"_blank\" rel=\"noopener noreferrer\">Berserk<\/a>. Quest'arma massiccia ha un potere distruttivo senza pari. Il suo design grezzo e imponente ricorda le spade dei pi\u00f9 grandi guerrieri dell'universo dark fantasy. La Greatsword \u00e8 l'arma perfetta per i giocatori che cercano il massimo impatto in battaglia. La sua enorme lama le conferisce una portata spaventosa sul campo di battaglia. Grazie alla scalatura della Forza, infligge danni titanici agli avversari. Gli attacchi in salto con quest'arma sono formidabili contro i nemici di grandi dimensioni e i boss. Inoltre, la Spada Grande \u00e8 ideale per spezzare la postura degli avversari con i suoi colpi potenti. Con questa spada, ogni colpo sferrato fa tremare il terreno e fa cadere i nemici in piedi. Questo emblematico artefatto \u00e8 un must per tutti i giocatori che amano la potenza pura.<\/p>\n<h2>Padroneggiate la spada Elden Ring e dominate i vostri avversari.<\/h2>\n<p>La Spada Grande \u00e8 un'arma formidabile che eccelle nel combattimento ravvicinato e nei duelli intensi. Grazie al suo peso colossale, offre una potenza d'attacco eccezionale. Il suo attacco pesante \u00e8 in grado di rompere la guardia anche dei nemici pi\u00f9 duri. Pu\u00f2 essere combinato con diverse Ceneri di Guerra per massimizzare il suo potenziale offensivo. L'Artiglio del Leone \u00e8 una delle abilit\u00e0 migliori, che consente di eseguire una serie di attacchi acrobatici distruttivi. Con un aumento della Forza a 50+, questa spada diventa l'arma definitiva. Perfetta, quindi, per le build tank in grado di subire e infliggere danni enormi. Il suo design imponente ricorda la spada leggendaria di Guts in Berserk. Si pu\u00f2 ottenere molto presto nel gioco, esplorando la regione di Caelid. La sua versatilit\u00e0 e brutalit\u00e0 la rendono un'arma leggendaria per ogni avventuriero in cerca di dominio totale.<\/p>\n<h2>Altre lame leggendarie dei pi\u00f9 grandi videogiochi<\/h2>\n<p>Oltre alla Greatsword, ci sono altre spade mitiche che meritano un posto nella vostra collezione. La <a href=\"https:\/\/repliquemangacine.fr\/it\/katana-e-spada-videogiochi-altri-videogiochi\/spada-di-luna-oscura-spada-grande-anello-elden\/\">Luna scura<\/a> La Spada Grande \u00e8 un'arma emblematica dell'Anello di Elden, impregnata di energia lunare. C'\u00e8 anche la <a href=\"https:\/\/repliquemangacine.fr\/it\/katana-e-spada-videogiochi-altri-videogiochi\/katana-moonveil-nellanello-elden\/\">Moonveil<\/a>una katana leggendaria, pu\u00f2 infliggere attacchi magici rapidi e taglienti. Cos\u00ec come la<a href=\"https:\/\/repliquemangacine.fr\/it\/katana-e-spada-videogiochi-altri-videogiochi\/katana-uchigatana-elden-ring\/\">Uchigatana<\/a>\u00e8 un'arma imperdibile per gli appassionati di build sanguinanti. Nell'universo di Final Fantasy, la<a href=\"https:\/\/repliquemangacine.fr\/it\/katana-e-spada-videogiochi-altri-videogiochi\/spada-fusion-cloud-multiblade-buster-spada-final-fantasy-vii\/\">Spada di fusione di Cloud Strife<\/a> impressiona per il suo design iconico e la sua potenza. Altre spade di culto, come la Master Sword di Zelda, sono altrettanto leggendarie. Ogni spada ha le sue caratteristiche uniche, adattate agli stili di combattimento dei giocatori. Vale la pena sottolineare che queste armi sono oggetti da collezione ideali per tutti gli appassionati di videogiochi. In conclusione, esplorate la nostra collezione e scegliete l'arma che corrisponde al vostro animo di guerriero.<\/p>","protected":false},"excerpt":{"rendered":"<p>Splendida replica della Grande Spada nell'Anello di Elden<\/p>\n<ul>\n<li>Lama larga non tagliente a doppio smusso<\/li>\n<li>Protezione metallica appositamente sagomata<\/li>\n<li>Maniglia e pomolo in acciaio<\/li>\n<li>Fornito con fodero in similpelle nera<\/li>\n<li>Cinghia di trasporto<\/li>\n<li>Lunghezza lama: 65,5 cm - Lunghezza totale: 138 cm<\/li>\n<li>Peso: 4670 g con fodero<\/li>\n<\/ul>","protected":false},"featured_media":82269,"template":"","meta":[],"product_brand":[896],"product_cat":[876,67],"product_tag":[],"class_list":{"0":"post-82266","1":"product","2":"type-product","3":"status-publish","4":"has-post-thumbnail","6":"product_brand-replique-manga-cine","7":"product_cat-elden-ring","8":"product_cat-katana-et-epee-de-jeux-video-autre-jeux-video","10":"first","11":"instock","12":"taxable","13":"shipping-taxable","14":"purchasable","15":"product-type-simple"},"yoast_head":"<!-- This site is optimized with the Yoast SEO plugin v27.4 - https:\/\/yoast.com\/product\/yoast-seo-wordpress\/ -->\n<title>Ep\u00e9e Greatsword Elden Ring - R\u00e9plique Manga Cin\u00e9<\/title>\n<meta name=\"description\" content=\"Imposante cette Ep\u00e9e Greatsword d&#039;Elden Ring. Tout en acier. Lame large double biseaux non tranchant. Fourreau simili cuir. 138 cm - Poids : 4670 g\" \/>\n<meta name=\"robots\" content=\"index, follow, max-snippet:-1, max-image-preview:large, max-video-preview:-1\" \/>\n<link rel=\"canonical\" href=\"https:\/\/repliquemangacine.fr\/it\/anello-di-elden\/spada-elden-ring-greatsword\/\" \/>\n<meta property=\"og:locale\" content=\"it_IT\" \/>\n<meta property=\"og:type\" content=\"article\" \/>\n<meta property=\"og:title\" content=\"Ep\u00e9e Greatsword Elden Ring - R\u00e9plique Manga Cin\u00e9\" \/>\n<meta property=\"og:description\" content=\"Imposante cette Ep\u00e9e Greatsword d&#039;Elden Ring. Tout en acier. Lame large double biseaux non tranchant. Fourreau simili cuir. 138 cm - Poids : 4670 g\" \/>\n<meta property=\"og:url\" content=\"https:\/\/repliquemangacine.fr\/it\/anello-di-elden\/spada-elden-ring-greatsword\/\" \/>\n<meta property=\"og:site_name\" content=\"R\u00e9plique Manga Cin\u00e9\" \/>\n<meta property=\"article:publisher\" content=\"https:\/\/www.facebook.com\/RepliqueMangaCine\" \/>\n<meta property=\"article:modified_time\" content=\"2025-11-13T00:25:53+00:00\" \/>\n<meta property=\"og:image\" content=\"https:\/\/repliquemangacine.fr\/wp-content\/uploads\/2025\/02\/Epee-Greatsword-Elden-Ring.jpg\" \/>\n\t<meta property=\"og:image:width\" content=\"500\" \/>\n\t<meta property=\"og:image:height\" content=\"500\" \/>\n\t<meta property=\"og:image:type\" content=\"image\/jpeg\" \/>\n<meta name=\"twitter:card\" content=\"summary_large_image\" \/>\n<meta name=\"twitter:label1\" content=\"Tempo di lettura stimato\" \/>\n\t<meta name=\"twitter:data1\" content=\"3 minuti\" \/>\n<script type=\"application\/ld+json\" class=\"yoast-schema-graph\">{\"@context\":\"https:\\\/\\\/schema.org\",\"@graph\":[{\"@type\":\"WebPage\",\"@id\":\"https:\\\/\\\/repliquemangacine.fr\\\/elden-ring\\\/epee-greatsword-elden-ring\\\/\",\"url\":\"https:\\\/\\\/repliquemangacine.fr\\\/elden-ring\\\/epee-greatsword-elden-ring\\\/\",\"name\":\"Ep\u00e9e Greatsword Elden Ring - R\u00e9plique Manga Cin\u00e9\",\"isPartOf\":{\"@id\":\"https:\\\/\\\/repliquemangacine.fr\\\/#website\"},\"primaryImageOfPage\":{\"@id\":\"https:\\\/\\\/repliquemangacine.fr\\\/elden-ring\\\/epee-greatsword-elden-ring\\\/#primaryimage\"},\"image\":{\"@id\":\"https:\\\/\\\/repliquemangacine.fr\\\/elden-ring\\\/epee-greatsword-elden-ring\\\/#primaryimage\"},\"thumbnailUrl\":\"https:\\\/\\\/repliquemangacine.fr\\\/wp-content\\\/uploads\\\/2025\\\/02\\\/Epee-Greatsword-Elden-Ring.jpg\",\"datePublished\":\"2025-02-21T16:59:48+00:00\",\"dateModified\":\"2025-11-13T00:25:53+00:00\",\"description\":\"Imposante cette Ep\u00e9e Greatsword d'Elden Ring. Tout en acier. Lame large double biseaux non tranchant. Fourreau simili cuir. 138 cm - Poids : 4670 g\",\"breadcrumb\":{\"@id\":\"https:\\\/\\\/repliquemangacine.fr\\\/elden-ring\\\/epee-greatsword-elden-ring\\\/#breadcrumb\"},\"inLanguage\":\"it-IT\",\"potentialAction\":[{\"@type\":\"ReadAction\",\"target\":[\"https:\\\/\\\/repliquemangacine.fr\\\/elden-ring\\\/epee-greatsword-elden-ring\\\/\"]}]},{\"@type\":\"ImageObject\",\"inLanguage\":\"it-IT\",\"@id\":\"https:\\\/\\\/repliquemangacine.fr\\\/elden-ring\\\/epee-greatsword-elden-ring\\\/#primaryimage\",\"url\":\"https:\\\/\\\/repliquemangacine.fr\\\/wp-content\\\/uploads\\\/2025\\\/02\\\/Epee-Greatsword-Elden-Ring.jpg\",\"contentUrl\":\"https:\\\/\\\/repliquemangacine.fr\\\/wp-content\\\/uploads\\\/2025\\\/02\\\/Epee-Greatsword-Elden-Ring.jpg\",\"width\":500,\"height\":500,\"caption\":\"Ep\u00e9e Greatsword Elden Ring\"},{\"@type\":\"BreadcrumbList\",\"@id\":\"https:\\\/\\\/repliquemangacine.fr\\\/elden-ring\\\/epee-greatsword-elden-ring\\\/#breadcrumb\",\"itemListElement\":[{\"@type\":\"ListItem\",\"position\":1,\"name\":\"Accueil\",\"item\":\"https:\\\/\\\/repliquemangacine.fr\\\/\"},{\"@type\":\"ListItem\",\"position\":2,\"name\":\"Produits\",\"item\":\"https:\\\/\\\/repliquemangacine.fr\\\/boutique\\\/\"},{\"@type\":\"ListItem\",\"position\":3,\"name\":\"Ep\u00e9e Greatsword Elden Ring\"}]},{\"@type\":\"WebSite\",\"@id\":\"https:\\\/\\\/repliquemangacine.fr\\\/#website\",\"url\":\"https:\\\/\\\/repliquemangacine.fr\\\/\",\"name\":\"R\u00e9plique Manga Cin\u00e9\",\"description\":\"\",\"publisher\":{\"@id\":\"https:\\\/\\\/repliquemangacine.fr\\\/#organization\"},\"potentialAction\":[{\"@type\":\"SearchAction\",\"target\":{\"@type\":\"EntryPoint\",\"urlTemplate\":\"https:\\\/\\\/repliquemangacine.fr\\\/?s={search_term_string}\"},\"query-input\":{\"@type\":\"PropertyValueSpecification\",\"valueRequired\":true,\"valueName\":\"search_term_string\"}}],\"inLanguage\":\"it-IT\"},{\"@type\":\"Organization\",\"@id\":\"https:\\\/\\\/repliquemangacine.fr\\\/#organization\",\"name\":\"R\u00e9plique Manga Cin\u00e9\",\"url\":\"https:\\\/\\\/repliquemangacine.fr\\\/\",\"logo\":{\"@type\":\"ImageObject\",\"inLanguage\":\"it-IT\",\"@id\":\"https:\\\/\\\/repliquemangacine.fr\\\/#\\\/schema\\\/logo\\\/image\\\/\",\"url\":\"https:\\\/\\\/repliquemangacine.fr\\\/wp-content\\\/uploads\\\/2023\\\/10\\\/RMC-500250.png\",\"contentUrl\":\"https:\\\/\\\/repliquemangacine.fr\\\/wp-content\\\/uploads\\\/2023\\\/10\\\/RMC-500250.png\",\"width\":500,\"height\":250,\"caption\":\"R\u00e9plique Manga Cin\u00e9\"},\"image\":{\"@id\":\"https:\\\/\\\/repliquemangacine.fr\\\/#\\\/schema\\\/logo\\\/image\\\/\"},\"sameAs\":[\"https:\\\/\\\/www.facebook.com\\\/RepliqueMangaCine\",\"https:\\\/\\\/www.instagram.com\\\/repliquemangacine.fr\\\/\"]}]}<\/script>\n<!-- \/ Yoast SEO plugin. -->","yoast_head_json":{"title":"Anello Elden con spada grande - R\u00e9plique Manga Cin\u00e9","description":"Un'imponente Spada di Elden Ring. Interamente in acciaio. Lama larga, doppiamente smussata e non tagliente. Fodero in finta pelle. 138 cm - Peso : 4670 g","robots":{"index":"index","follow":"follow","max-snippet":"max-snippet:-1","max-image-preview":"max-image-preview:large","max-video-preview":"max-video-preview:-1"},"canonical":"https:\/\/repliquemangacine.fr\/it\/anello-di-elden\/spada-elden-ring-greatsword\/","og_locale":"it_IT","og_type":"article","og_title":"Ep\u00e9e Greatsword Elden Ring - R\u00e9plique Manga Cin\u00e9","og_description":"Imposante cette Ep\u00e9e Greatsword d'Elden Ring. Tout en acier. Lame large double biseaux non tranchant. Fourreau simili cuir. 138 cm - Poids : 4670 g","og_url":"https:\/\/repliquemangacine.fr\/it\/anello-di-elden\/spada-elden-ring-greatsword\/","og_site_name":"R\u00e9plique Manga Cin\u00e9","article_publisher":"https:\/\/www.facebook.com\/RepliqueMangaCine","article_modified_time":"2025-11-13T00:25:53+00:00","og_image":[{"width":500,"height":500,"url":"https:\/\/repliquemangacine.fr\/wp-content\/uploads\/2025\/02\/Epee-Greatsword-Elden-Ring.jpg","type":"image\/jpeg"}],"twitter_card":"summary_large_image","twitter_misc":{"Tempo di lettura stimato":"3 minuti"},"schema":{"@context":"https:\/\/schema.org","@graph":[{"@type":"WebPage","@id":"https:\/\/repliquemangacine.fr\/elden-ring\/epee-greatsword-elden-ring\/","url":"https:\/\/repliquemangacine.fr\/elden-ring\/epee-greatsword-elden-ring\/","name":"Anello Elden con spada grande - R\u00e9plique Manga Cin\u00e9","isPartOf":{"@id":"https:\/\/repliquemangacine.fr\/#website"},"primaryImageOfPage":{"@id":"https:\/\/repliquemangacine.fr\/elden-ring\/epee-greatsword-elden-ring\/#primaryimage"},"image":{"@id":"https:\/\/repliquemangacine.fr\/elden-ring\/epee-greatsword-elden-ring\/#primaryimage"},"thumbnailUrl":"https:\/\/repliquemangacine.fr\/wp-content\/uploads\/2025\/02\/Epee-Greatsword-Elden-Ring.jpg","datePublished":"2025-02-21T16:59:48+00:00","dateModified":"2025-11-13T00:25:53+00:00","description":"Un'imponente Spada di Elden Ring. Interamente in acciaio. Lama larga, doppiamente smussata e non tagliente. Fodero in finta pelle. 138 cm - Peso : 4670 g","breadcrumb":{"@id":"https:\/\/repliquemangacine.fr\/elden-ring\/epee-greatsword-elden-ring\/#breadcrumb"},"inLanguage":"it-IT","potentialAction":[{"@type":"ReadAction","target":["https:\/\/repliquemangacine.fr\/elden-ring\/epee-greatsword-elden-ring\/"]}]},{"@type":"ImageObject","inLanguage":"it-IT","@id":"https:\/\/repliquemangacine.fr\/elden-ring\/epee-greatsword-elden-ring\/#primaryimage","url":"https:\/\/repliquemangacine.fr\/wp-content\/uploads\/2025\/02\/Epee-Greatsword-Elden-Ring.jpg","contentUrl":"https:\/\/repliquemangacine.fr\/wp-content\/uploads\/2025\/02\/Epee-Greatsword-Elden-Ring.jpg","width":500,"height":500,"caption":"Ep\u00e9e Greatsword Elden Ring"},{"@type":"BreadcrumbList","@id":"https:\/\/repliquemangacine.fr\/elden-ring\/epee-greatsword-elden-ring\/#breadcrumb","itemListElement":[{"@type":"ListItem","position":1,"name":"Accueil","item":"https:\/\/repliquemangacine.fr\/"},{"@type":"ListItem","position":2,"name":"Produits","item":"https:\/\/repliquemangacine.fr\/boutique\/"},{"@type":"ListItem","position":3,"name":"Ep\u00e9e Greatsword Elden Ring"}]},{"@type":"WebSite","@id":"https:\/\/repliquemangacine.fr\/#website","url":"https:\/\/repliquemangacine.fr\/","name":"R\u00e9plique Manga Cin\u00e9","description":"","publisher":{"@id":"https:\/\/repliquemangacine.fr\/#organization"},"potentialAction":[{"@type":"SearchAction","target":{"@type":"EntryPoint","urlTemplate":"https:\/\/repliquemangacine.fr\/?s={search_term_string}"},"query-input":{"@type":"PropertyValueSpecification","valueRequired":true,"valueName":"search_term_string"}}],"inLanguage":"it-IT"},{"@type":"Organization","@id":"https:\/\/repliquemangacine.fr\/#organization","name":"R\u00e9plique Manga Cin\u00e9","url":"https:\/\/repliquemangacine.fr\/","logo":{"@type":"ImageObject","inLanguage":"it-IT","@id":"https:\/\/repliquemangacine.fr\/#\/schema\/logo\/image\/","url":"https:\/\/repliquemangacine.fr\/wp-content\/uploads\/2023\/10\/RMC-500250.png","contentUrl":"https:\/\/repliquemangacine.fr\/wp-content\/uploads\/2023\/10\/RMC-500250.png","width":500,"height":250,"caption":"R\u00e9plique Manga Cin\u00e9"},"image":{"@id":"https:\/\/repliquemangacine.fr\/#\/schema\/logo\/image\/"},"sameAs":["https:\/\/www.facebook.com\/RepliqueMangaCine","https:\/\/www.instagram.com\/repliquemangacine.fr\/"]}]}},"_links":{"self":[{"href":"https:\/\/repliquemangacine.fr\/it\/wp-json\/wp\/v2\/product\/82266","targetHints":{"allow":["GET"]}}],"collection":[{"href":"https:\/\/repliquemangacine.fr\/it\/wp-json\/wp\/v2\/product"}],"about":[{"href":"https:\/\/repliquemangacine.fr\/it\/wp-json\/wp\/v2\/types\/product"}],"wp:featuredmedia":[{"embeddable":true,"href":"https:\/\/repliquemangacine.fr\/it\/wp-json\/wp\/v2\/media\/82269"}],"wp:attachment":[{"href":"https:\/\/repliquemangacine.fr\/it\/wp-json\/wp\/v2\/media?parent=82266"}],"wp:term":[{"taxonomy":"product_brand","embeddable":true,"href":"https:\/\/repliquemangacine.fr\/it\/wp-json\/wp\/v2\/product_brand?post=82266"},{"taxonomy":"product_cat","embeddable":true,"href":"https:\/\/repliquemangacine.fr\/it\/wp-json\/wp\/v2\/product_cat?post=82266"},{"taxonomy":"product_tag","embeddable":true,"href":"https:\/\/repliquemangacine.fr\/it\/wp-json\/wp\/v2\/product_tag?post=82266"}],"curies":[{"name":"wp","href":"https:\/\/api.w.org\/{rel}","templated":true}]}}