





{"id":82140,"date":"2025-02-16T18:14:54","date_gmt":"2025-02-16T17:14:54","guid":{"rendered":"https:\/\/repliquemangacine.fr\/?post_type=product&#038;p=82140"},"modified":"2025-11-13T14:22:49","modified_gmt":"2025-11-13T13:22:49","slug":"duncan-higlander-katana-v2","status":"publish","type":"product","link":"https:\/\/repliquemangacine.fr\/it\/films-series-tv-vente-de-katana-epee-et-produits-derives\/katana-higlander-de-duncan-v2\/","title":{"rendered":"Katana Highlander di Duncan V2"},"content":{"rendered":"<h2>La Katana degli Highlander di Duncan MacLeod - L'arma di un Immortale<\/h2>\n<p>La prima \u00e8 la Katana di Duncan MacLeod, una delle armi pi\u00f9 iconiche della saga. Usata da Duncan, il cugino di Connor, \u00e8 una delle armi pi\u00f9 iconiche della saga. <a href=\"https:\/\/fr.wikipedia.org\/wiki\/Clan_MacLeod\">MacLeod<\/a>nella serie TV. Questa katana si distingue per l'eleganza e il forte simbolismo. Con la sua lunga e affusolata lama in acciaio, incarna sia la tradizione giapponese che la forza bruta degli immortali. Il suo manico \u00e8 particolarmente riconoscibile grazie all'impugnatura finemente scolpita a forma di drago. Questo dettaglio unico lo rende immediatamente riconoscibile. Ereditata dal suo maestro Hideo Koto, ha accompagnato Duncan nella sua ricerca di onore e sopravvivenza attraverso i secoli. Gli ha permesso di sconfiggere numerosi avversari e di raccogliere il loro potere dopo ogni duello.<\/p>\n<h2>Una Katana con una ricca storia e uno stile unico<\/h2>\n<p>A differenza delle spade europee, spesso massicce e robuste, la katana di Duncan offre un approccio pi\u00f9 fluido e raffinato al combattimento. La sua lama, progettata per attacchi precisi e rapidi, \u00e8 perfettamente adatta ai duelli tra immortali. Di conseguenza, ogni colpo sferrato con questa katana \u00e8 una miscela di grazia e potenza, che illustra il caratteristico stile di combattimento di Duncan. Questa eredit\u00e0 samurai \u00e8 rafforzata dall'idea che solo un vero guerriero pu\u00f2 brandire un'arma del genere con onore e disciplina. Sia nella serie Highlander che nell'immaginazione dei fan, questa katana rimane un punto di riferimento per le armi mitiche nel cinema e nella televisione.<\/p>\n<h2>Una leggendaria Katana da collezione<\/h2>\n<p>Se siete appassionati di Highlander o di katana storiche, questa replica \u00e8 l'aggiunta perfetta alla vostra collezione. Con la sua finitura meticolosa, l'impugnatura scolpita a forma di drago e la lama affilata. Rappresenta un pezzo eccezionale per gli appassionati di armi iconiche. Insieme ad altre spade leggendarie come la <a href=\"https:\/\/repliquemangacine.fr\/it\/katana-e-spada-videogiochi-altri-videogiochi\/katana-yamoto-vergil-dmc-devil-my-cry\/\">Katana Vergil Yamato<\/a> (Devil May Cry). E la katana Enma di Zoro (One Piece). O la <a href=\"https:\/\/repliquemangacine.fr\/it\/katana-in-metallo-monopezzo\/pezzo-unico-luminoso-katana-trafalgar-law\/\">Spade luminose ispirate alla Legge di Trafalgar<\/a>, questa katana \u00e8 un oggetto cult da possedere. Che tu sia un collezionista, un cosplayer o un semplice ammiratore della saga Highlander, quest'arma ti permetter\u00e0 di rivivere l'intensit\u00e0 dei combattimenti immortali e di aggiungere un tocco mitico alla tua collezione.<\/p>\n<p>In conclusione, solo uno potr\u00e0 rimanere... Sarai tu a possedere questa leggendaria katana?<\/p>","protected":false},"excerpt":{"rendered":"<p>Superba replica della Katana Duncan di Highlander ispirata alla serie.<\/p>\n<ul>\n<li>Lama in acciaio inox<\/li>\n<li>Manico in resina finemente scolpito<\/li>\n<li>Protezione in acciaio placcato oro appositamente sagomata<\/li>\n<li>Pomello a testa di serpente-drago in resina<\/li>\n<li>Fodero in legno laccato nero con decorazione dorata<\/li>\n<li>Lunghezza lama: 67 cm - Lunghezza totale: 102 cm<\/li>\n<li>Peso 1035 g con fodero<\/li>\n<\/ul>","protected":false},"featured_media":82141,"template":"","meta":[],"product_brand":[896],"product_cat":[91,66,24],"product_tag":[],"class_list":{"0":"post-82140","1":"product","2":"type-product","3":"status-publish","4":"has-post-thumbnail","6":"product_brand-replique-manga-cine","7":"product_cat-katana-les-epees-de-films-et-series","8":"product_cat-repliques-d-armes-films-et-series","9":"product_cat-films-series-tv-vente-de-katana-epee-et-produits-derives","11":"first","12":"instock","13":"taxable","14":"shipping-taxable","15":"purchasable","16":"product-type-simple"},"yoast_head":"<!-- This site is optimized with the Yoast SEO plugin v27.5 - https:\/\/yoast.com\/product\/yoast-seo-wordpress\/ -->\n<title>Katana Highlander de Duncan V2 - R\u00e9plique Manga Cin\u00e9<\/title>\n<meta name=\"description\" content=\"Superbe r\u00e9plique du Katana Higlander Duncan. Lame en acier. Poign\u00e9e et pommeau en r\u00e9sine finement travaill\u00e9e. Garde en m\u00e9tal dor\u00e9. Longueur totale 102 cm\" \/>\n<meta name=\"robots\" content=\"index, follow, max-snippet:-1, max-image-preview:large, max-video-preview:-1\" \/>\n<link rel=\"canonical\" href=\"https:\/\/repliquemangacine.fr\/it\/film-serie-tv-vendita-di-spade-katana-e-prodotti-correlati\/duncan-higlander-katana-v2\/\" \/>\n<meta property=\"og:locale\" content=\"it_IT\" \/>\n<meta property=\"og:type\" content=\"article\" \/>\n<meta property=\"og:title\" content=\"Katana Highlander de Duncan V2 - R\u00e9plique Manga Cin\u00e9\" \/>\n<meta property=\"og:description\" content=\"Superbe r\u00e9plique du Katana Higlander Duncan. Lame en acier. Poign\u00e9e et pommeau en r\u00e9sine finement travaill\u00e9e. Garde en m\u00e9tal dor\u00e9. Longueur totale 102 cm\" \/>\n<meta property=\"og:url\" content=\"https:\/\/repliquemangacine.fr\/it\/film-serie-tv-vendita-di-spade-katana-e-prodotti-correlati\/duncan-higlander-katana-v2\/\" \/>\n<meta property=\"og:site_name\" content=\"R\u00e9plique Manga Cin\u00e9\" \/>\n<meta property=\"article:publisher\" content=\"https:\/\/www.facebook.com\/RepliqueMangaCine\" \/>\n<meta property=\"article:modified_time\" content=\"2025-11-13T13:22:49+00:00\" \/>\n<meta property=\"og:image\" content=\"https:\/\/repliquemangacine.fr\/wp-content\/uploads\/2025\/02\/Katana-Highlander-Duncan.jpg\" \/>\n\t<meta property=\"og:image:width\" content=\"500\" \/>\n\t<meta property=\"og:image:height\" content=\"500\" \/>\n\t<meta property=\"og:image:type\" content=\"image\/jpeg\" \/>\n<meta name=\"twitter:card\" content=\"summary_large_image\" \/>\n<meta name=\"twitter:label1\" content=\"Tempo di lettura stimato\" \/>\n\t<meta name=\"twitter:data1\" content=\"3 minuti\" \/>\n<script type=\"application\/ld+json\" class=\"yoast-schema-graph\">{\"@context\":\"https:\\\/\\\/schema.org\",\"@graph\":[{\"@type\":\"WebPage\",\"@id\":\"https:\\\/\\\/repliquemangacine.fr\\\/films-series-tv-vente-de-katana-epee-et-produits-derives\\\/katana-higlander-de-duncan-v2\\\/\",\"url\":\"https:\\\/\\\/repliquemangacine.fr\\\/films-series-tv-vente-de-katana-epee-et-produits-derives\\\/katana-higlander-de-duncan-v2\\\/\",\"name\":\"Katana Highlander de Duncan V2 - R\u00e9plique Manga Cin\u00e9\",\"isPartOf\":{\"@id\":\"https:\\\/\\\/repliquemangacine.fr\\\/#website\"},\"primaryImageOfPage\":{\"@id\":\"https:\\\/\\\/repliquemangacine.fr\\\/films-series-tv-vente-de-katana-epee-et-produits-derives\\\/katana-higlander-de-duncan-v2\\\/#primaryimage\"},\"image\":{\"@id\":\"https:\\\/\\\/repliquemangacine.fr\\\/films-series-tv-vente-de-katana-epee-et-produits-derives\\\/katana-higlander-de-duncan-v2\\\/#primaryimage\"},\"thumbnailUrl\":\"https:\\\/\\\/repliquemangacine.fr\\\/wp-content\\\/uploads\\\/2025\\\/02\\\/Katana-Highlander-Duncan.jpg\",\"datePublished\":\"2025-02-16T17:14:54+00:00\",\"dateModified\":\"2025-11-13T13:22:49+00:00\",\"description\":\"Superbe r\u00e9plique du Katana Higlander Duncan. Lame en acier. Poign\u00e9e et pommeau en r\u00e9sine finement travaill\u00e9e. Garde en m\u00e9tal dor\u00e9. Longueur totale 102 cm\",\"breadcrumb\":{\"@id\":\"https:\\\/\\\/repliquemangacine.fr\\\/films-series-tv-vente-de-katana-epee-et-produits-derives\\\/katana-higlander-de-duncan-v2\\\/#breadcrumb\"},\"inLanguage\":\"it-IT\",\"potentialAction\":[{\"@type\":\"ReadAction\",\"target\":[\"https:\\\/\\\/repliquemangacine.fr\\\/films-series-tv-vente-de-katana-epee-et-produits-derives\\\/katana-higlander-de-duncan-v2\\\/\"]}]},{\"@type\":\"ImageObject\",\"inLanguage\":\"it-IT\",\"@id\":\"https:\\\/\\\/repliquemangacine.fr\\\/films-series-tv-vente-de-katana-epee-et-produits-derives\\\/katana-higlander-de-duncan-v2\\\/#primaryimage\",\"url\":\"https:\\\/\\\/repliquemangacine.fr\\\/wp-content\\\/uploads\\\/2025\\\/02\\\/Katana-Highlander-Duncan.jpg\",\"contentUrl\":\"https:\\\/\\\/repliquemangacine.fr\\\/wp-content\\\/uploads\\\/2025\\\/02\\\/Katana-Highlander-Duncan.jpg\",\"width\":500,\"height\":500,\"caption\":\"Katana Higlander Duncan\"},{\"@type\":\"BreadcrumbList\",\"@id\":\"https:\\\/\\\/repliquemangacine.fr\\\/films-series-tv-vente-de-katana-epee-et-produits-derives\\\/katana-higlander-de-duncan-v2\\\/#breadcrumb\",\"itemListElement\":[{\"@type\":\"ListItem\",\"position\":1,\"name\":\"Accueil\",\"item\":\"https:\\\/\\\/repliquemangacine.fr\\\/\"},{\"@type\":\"ListItem\",\"position\":2,\"name\":\"Produits\",\"item\":\"https:\\\/\\\/repliquemangacine.fr\\\/boutique\\\/\"},{\"@type\":\"ListItem\",\"position\":3,\"name\":\"Katana Highlander de Duncan V2\"}]},{\"@type\":\"WebSite\",\"@id\":\"https:\\\/\\\/repliquemangacine.fr\\\/#website\",\"url\":\"https:\\\/\\\/repliquemangacine.fr\\\/\",\"name\":\"R\u00e9plique Manga Cin\u00e9\",\"description\":\"\",\"publisher\":{\"@id\":\"https:\\\/\\\/repliquemangacine.fr\\\/#organization\"},\"potentialAction\":[{\"@type\":\"SearchAction\",\"target\":{\"@type\":\"EntryPoint\",\"urlTemplate\":\"https:\\\/\\\/repliquemangacine.fr\\\/?s={search_term_string}\"},\"query-input\":{\"@type\":\"PropertyValueSpecification\",\"valueRequired\":true,\"valueName\":\"search_term_string\"}}],\"inLanguage\":\"it-IT\"},{\"@type\":\"Organization\",\"@id\":\"https:\\\/\\\/repliquemangacine.fr\\\/#organization\",\"name\":\"R\u00e9plique Manga Cin\u00e9\",\"url\":\"https:\\\/\\\/repliquemangacine.fr\\\/\",\"logo\":{\"@type\":\"ImageObject\",\"inLanguage\":\"it-IT\",\"@id\":\"https:\\\/\\\/repliquemangacine.fr\\\/#\\\/schema\\\/logo\\\/image\\\/\",\"url\":\"https:\\\/\\\/repliquemangacine.fr\\\/wp-content\\\/uploads\\\/2023\\\/10\\\/RMC-500250.png\",\"contentUrl\":\"https:\\\/\\\/repliquemangacine.fr\\\/wp-content\\\/uploads\\\/2023\\\/10\\\/RMC-500250.png\",\"width\":500,\"height\":250,\"caption\":\"R\u00e9plique Manga Cin\u00e9\"},\"image\":{\"@id\":\"https:\\\/\\\/repliquemangacine.fr\\\/#\\\/schema\\\/logo\\\/image\\\/\"},\"sameAs\":[\"https:\\\/\\\/www.facebook.com\\\/RepliqueMangaCine\",\"https:\\\/\\\/www.instagram.com\\\/repliquemangacine.fr\\\/\"]}]}<\/script>\n<!-- \/ Yoast SEO plugin. -->","yoast_head_json":{"title":"Katana Highlander V2 di Duncan - R\u00e9plique Manga Cin\u00e9","description":"Eccellente replica della Katana Duncan di Higlander. Lama in acciaio. Impugnatura e pomo in resina finemente lavorata. Guardia in metallo placcato oro. Lunghezza totale 102 cm.","robots":{"index":"index","follow":"follow","max-snippet":"max-snippet:-1","max-image-preview":"max-image-preview:large","max-video-preview":"max-video-preview:-1"},"canonical":"https:\/\/repliquemangacine.fr\/it\/film-serie-tv-vendita-di-spade-katana-e-prodotti-correlati\/duncan-higlander-katana-v2\/","og_locale":"it_IT","og_type":"article","og_title":"Katana Highlander de Duncan V2 - R\u00e9plique Manga Cin\u00e9","og_description":"Superbe r\u00e9plique du Katana Higlander Duncan. Lame en acier. Poign\u00e9e et pommeau en r\u00e9sine finement travaill\u00e9e. Garde en m\u00e9tal dor\u00e9. Longueur totale 102 cm","og_url":"https:\/\/repliquemangacine.fr\/it\/film-serie-tv-vendita-di-spade-katana-e-prodotti-correlati\/duncan-higlander-katana-v2\/","og_site_name":"R\u00e9plique Manga Cin\u00e9","article_publisher":"https:\/\/www.facebook.com\/RepliqueMangaCine","article_modified_time":"2025-11-13T13:22:49+00:00","og_image":[{"width":500,"height":500,"url":"https:\/\/repliquemangacine.fr\/wp-content\/uploads\/2025\/02\/Katana-Highlander-Duncan.jpg","type":"image\/jpeg"}],"twitter_card":"summary_large_image","twitter_misc":{"Tempo di lettura stimato":"3 minuti"},"schema":{"@context":"https:\/\/schema.org","@graph":[{"@type":"WebPage","@id":"https:\/\/repliquemangacine.fr\/films-series-tv-vente-de-katana-epee-et-produits-derives\/katana-higlander-de-duncan-v2\/","url":"https:\/\/repliquemangacine.fr\/films-series-tv-vente-de-katana-epee-et-produits-derives\/katana-higlander-de-duncan-v2\/","name":"Katana Highlander V2 di Duncan - R\u00e9plique Manga Cin\u00e9","isPartOf":{"@id":"https:\/\/repliquemangacine.fr\/#website"},"primaryImageOfPage":{"@id":"https:\/\/repliquemangacine.fr\/films-series-tv-vente-de-katana-epee-et-produits-derives\/katana-higlander-de-duncan-v2\/#primaryimage"},"image":{"@id":"https:\/\/repliquemangacine.fr\/films-series-tv-vente-de-katana-epee-et-produits-derives\/katana-higlander-de-duncan-v2\/#primaryimage"},"thumbnailUrl":"https:\/\/repliquemangacine.fr\/wp-content\/uploads\/2025\/02\/Katana-Highlander-Duncan.jpg","datePublished":"2025-02-16T17:14:54+00:00","dateModified":"2025-11-13T13:22:49+00:00","description":"Eccellente replica della Katana Duncan di Higlander. Lama in acciaio. Impugnatura e pomo in resina finemente lavorata. Guardia in metallo placcato oro. Lunghezza totale 102 cm.","breadcrumb":{"@id":"https:\/\/repliquemangacine.fr\/films-series-tv-vente-de-katana-epee-et-produits-derives\/katana-higlander-de-duncan-v2\/#breadcrumb"},"inLanguage":"it-IT","potentialAction":[{"@type":"ReadAction","target":["https:\/\/repliquemangacine.fr\/films-series-tv-vente-de-katana-epee-et-produits-derives\/katana-higlander-de-duncan-v2\/"]}]},{"@type":"ImageObject","inLanguage":"it-IT","@id":"https:\/\/repliquemangacine.fr\/films-series-tv-vente-de-katana-epee-et-produits-derives\/katana-higlander-de-duncan-v2\/#primaryimage","url":"https:\/\/repliquemangacine.fr\/wp-content\/uploads\/2025\/02\/Katana-Highlander-Duncan.jpg","contentUrl":"https:\/\/repliquemangacine.fr\/wp-content\/uploads\/2025\/02\/Katana-Highlander-Duncan.jpg","width":500,"height":500,"caption":"Katana Higlander Duncan"},{"@type":"BreadcrumbList","@id":"https:\/\/repliquemangacine.fr\/films-series-tv-vente-de-katana-epee-et-produits-derives\/katana-higlander-de-duncan-v2\/#breadcrumb","itemListElement":[{"@type":"ListItem","position":1,"name":"Accueil","item":"https:\/\/repliquemangacine.fr\/"},{"@type":"ListItem","position":2,"name":"Produits","item":"https:\/\/repliquemangacine.fr\/boutique\/"},{"@type":"ListItem","position":3,"name":"Katana Highlander de Duncan V2"}]},{"@type":"WebSite","@id":"https:\/\/repliquemangacine.fr\/#website","url":"https:\/\/repliquemangacine.fr\/","name":"R\u00e9plique Manga Cin\u00e9","description":"","publisher":{"@id":"https:\/\/repliquemangacine.fr\/#organization"},"potentialAction":[{"@type":"SearchAction","target":{"@type":"EntryPoint","urlTemplate":"https:\/\/repliquemangacine.fr\/?s={search_term_string}"},"query-input":{"@type":"PropertyValueSpecification","valueRequired":true,"valueName":"search_term_string"}}],"inLanguage":"it-IT"},{"@type":"Organization","@id":"https:\/\/repliquemangacine.fr\/#organization","name":"R\u00e9plique Manga Cin\u00e9","url":"https:\/\/repliquemangacine.fr\/","logo":{"@type":"ImageObject","inLanguage":"it-IT","@id":"https:\/\/repliquemangacine.fr\/#\/schema\/logo\/image\/","url":"https:\/\/repliquemangacine.fr\/wp-content\/uploads\/2023\/10\/RMC-500250.png","contentUrl":"https:\/\/repliquemangacine.fr\/wp-content\/uploads\/2023\/10\/RMC-500250.png","width":500,"height":250,"caption":"R\u00e9plique Manga Cin\u00e9"},"image":{"@id":"https:\/\/repliquemangacine.fr\/#\/schema\/logo\/image\/"},"sameAs":["https:\/\/www.facebook.com\/RepliqueMangaCine","https:\/\/www.instagram.com\/repliquemangacine.fr\/"]}]}},"_links":{"self":[{"href":"https:\/\/repliquemangacine.fr\/it\/wp-json\/wp\/v2\/product\/82140","targetHints":{"allow":["GET"]}}],"collection":[{"href":"https:\/\/repliquemangacine.fr\/it\/wp-json\/wp\/v2\/product"}],"about":[{"href":"https:\/\/repliquemangacine.fr\/it\/wp-json\/wp\/v2\/types\/product"}],"wp:featuredmedia":[{"embeddable":true,"href":"https:\/\/repliquemangacine.fr\/it\/wp-json\/wp\/v2\/media\/82141"}],"wp:attachment":[{"href":"https:\/\/repliquemangacine.fr\/it\/wp-json\/wp\/v2\/media?parent=82140"}],"wp:term":[{"taxonomy":"product_brand","embeddable":true,"href":"https:\/\/repliquemangacine.fr\/it\/wp-json\/wp\/v2\/product_brand?post=82140"},{"taxonomy":"product_cat","embeddable":true,"href":"https:\/\/repliquemangacine.fr\/it\/wp-json\/wp\/v2\/product_cat?post=82140"},{"taxonomy":"product_tag","embeddable":true,"href":"https:\/\/repliquemangacine.fr\/it\/wp-json\/wp\/v2\/product_tag?post=82140"}],"curies":[{"name":"wp","href":"https:\/\/api.w.org\/{rel}","templated":true}]}}