





{"id":82132,"date":"2025-02-16T16:44:52","date_gmt":"2025-02-16T15:44:52","guid":{"rendered":"https:\/\/repliquemangacine.fr\/?post_type=product&#038;p=82132"},"modified":"2025-11-13T14:23:43","modified_gmt":"2025-11-13T13:23:43","slug":"pugnale-spada-regina-rossa-nero-diavolo-il-mio-grido","status":"publish","type":"product","link":"https:\/\/repliquemangacine.fr\/it\/katana-et-epee-de-jeux-video-autre-jeux-video\/dague-epee-red-queen-nero-devil-my-cry\/","title":{"rendered":"Pugnale con spada Red Queen Nero - Devil My Cry"},"content":{"rendered":"<h2>La spada-pugnale della Regina Rossa - Il potere di Nerone in formato compatto<\/h2>\n<p>Scoprite la spada-pugnale della Regina Rossa, un'eccezionale riproduzione dell'arma emblematica di Nerone. <a href=\"https:\/\/devilmaycrydmc.fandom.com\/fr\/wiki\/Devil_May_Cry\" target=\"_blank\" rel=\"noopener noreferrer\">Devil May Cry<\/a>. Ispirata all'imponente design della spada della Regina Rossa, questa versione pi\u00f9 compatta conserva tutto lo stile e l'aggressivit\u00e0 dell'arma originale. Con la sua lama in metallo finemente lavorata e decorata. Con la sua impugnatura dettagliata e il sistema di scatto che imita il famoso Exceed, \u00e8 un vero e proprio oggetto da collezione. Che siate fan di Devil May Cry o amanti delle lame raffinate. Questo pugnale-spada \u00e8 ideale per mostre, cosplay o semplicemente per aggiungere alla vostra collezione di armi da videogioco. Grazie al suo formato pi\u00f9 maneggevole, permette di godere della cruda essenza di Red Queen senza l'ingombro di una spada massiccia.<\/p>\n<h2>Design ispirato a Exceed: un pugnale unico e potente<\/h2>\n<p>Il sistema Exceed della spada Red Queen \u00e8 una delle caratteristiche pi\u00f9 distintive di Devil May Cry. Questo pugnale-spada riprende fedelmente questo elemento distintivo grazie alla sua guardia progettata come una manopola di moto. Ricorda immediatamente l'arma originale di Nero, che gli permette di sferrare attacchi potentissimi nel gioco.<\/p>\n<p>Il suo design futuristico e brutale gli conferisce un aspetto unico che lo rende molto pi\u00f9 di un semplice coltello da collezione. Con dettagli precisi e finiture accurate, questa replica della Red Queen in versione pugnale-spada \u00e8 un'occasione rara per tutti i fan della saga. Aggiungila subito alla tua collezione e impersona Nero con stile e potenza!<\/p>\n<h2>Le altre armi iconiche di Devil May Cry - Yamato, Rebellion e la spada del diavolo<\/h2>\n<p>Se siete fan di Devil May Cry, non potete perdervi le altre armi leggendarie della saga. Prima di tutto, la<a href=\"https:\/\/repliquemangacine.fr\/it\/katana-e-spada-videogiochi-altri-videogiochi\/katana-vergil-yamato-v2\/\"> Katana Vergil Yamato<\/a>\u00e8 l'epitome della precisione e dell'eleganza nel combattimento con la spada. Apre squarci dimensionali per attacchi devastanti. Da parte sua, <a href=\"https:\/\/repliquemangacine.fr\/it\/katana-e-spada-videogiochi-altri-videogiochi\/spada-ribelle-spada-di-dante-devil-may-cry\/\">La ribellione, l'enorme spada di Dante<\/a>simboleggia il suo stile di combattimento selvaggio e prepotente. Infine, per gli appassionati di armi ancora pi\u00f9 impressionanti. L'<a href=\"https:\/\/repliquemangacine.fr\/it\/katana-e-spada-videogiochi-altri-videogiochi\/epee-du-diable-de-dante-devil-my-cry\/\">La spada del diavolo di Dante<\/a>, una delle repliche pi\u00f9 imponenti, che unisce potenza demoniaca e un design inimitabile. Che tu sia un collezionista o un appassionato di cosplay, queste armi mitiche sono disponibili nel nostro negozio per permetterti di rivivere i combattimenti pi\u00f9 epici di Devil May Cry.<\/p>\n<p>Per concludere, non perdete l'occasione di aggiudicarvi queste eccezionali repliche e immergetevi nel mondo brutale ed elegante di DMC!<\/p>","protected":false},"excerpt":{"rendered":"<p>Splendida replica della spada pugnale di Nerone in Devil My Cry<\/p>\n<ul>\n<li>Lama decorata in acciaio inox 440<\/li>\n<li>Protezione in acciaio appositamente sagomata<\/li>\n<li>Manico in acciaio rivestito in similpelle per una presa sicura<\/li>\n<li>Fornito con supporto in legno<\/li>\n<li>Lunghezza lama: 44,5 cm - Lunghezza totale: 66,5 cm<\/li>\n<li>Peso: 970 g<\/li>\n<\/ul>","protected":false},"featured_media":82133,"template":"","meta":[],"product_brand":[896],"product_cat":[880,67],"product_tag":[],"class_list":{"0":"post-82132","1":"product","2":"type-product","3":"status-publish","4":"has-post-thumbnail","6":"product_brand-replique-manga-cine","7":"product_cat-devil-may-cry","8":"product_cat-katana-et-epee-de-jeux-video-autre-jeux-video","10":"first","11":"instock","12":"taxable","13":"shipping-taxable","14":"purchasable","15":"product-type-simple"},"yoast_head":"<!-- This site is optimized with the Yoast SEO plugin v27.5 - https:\/\/yoast.com\/product\/yoast-seo-wordpress\/ -->\n<title>Dague \u00e9p\u00e9e Red Queen Nero - Devil My Cry - R\u00e9plique Manga Cin\u00e9<\/title>\n<meta name=\"description\" content=\"Superbe Dague \u00e9p\u00e9e Red Queen de Nero inspir\u00e9 e Devil My Cry. Tout en acier. Lame non tranchante d\u00e9cor\u00e9e. Garde sp\u00e9cifique. Livr\u00e9 avec son support. 63,5 cm\" \/>\n<meta name=\"robots\" content=\"index, follow, max-snippet:-1, max-image-preview:large, max-video-preview:-1\" \/>\n<link rel=\"canonical\" href=\"https:\/\/repliquemangacine.fr\/it\/il-diavolo-puo-piangere\/pugnale-spada-regina-rossa-nero-diavolo-il-mio-grido\/\" \/>\n<meta property=\"og:locale\" content=\"it_IT\" \/>\n<meta property=\"og:type\" content=\"article\" \/>\n<meta property=\"og:title\" content=\"Dague \u00e9p\u00e9e Red Queen Nero - Devil My Cry - R\u00e9plique Manga Cin\u00e9\" \/>\n<meta property=\"og:description\" content=\"Superbe Dague \u00e9p\u00e9e Red Queen de Nero inspir\u00e9 e Devil My Cry. Tout en acier. Lame non tranchante d\u00e9cor\u00e9e. Garde sp\u00e9cifique. Livr\u00e9 avec son support. 63,5 cm\" \/>\n<meta property=\"og:url\" content=\"https:\/\/repliquemangacine.fr\/it\/il-diavolo-puo-piangere\/pugnale-spada-regina-rossa-nero-diavolo-il-mio-grido\/\" \/>\n<meta property=\"og:site_name\" content=\"R\u00e9plique Manga Cin\u00e9\" \/>\n<meta property=\"article:publisher\" content=\"https:\/\/www.facebook.com\/RepliqueMangaCine\" \/>\n<meta property=\"article:modified_time\" content=\"2025-11-13T13:23:43+00:00\" \/>\n<meta property=\"og:image\" content=\"https:\/\/repliquemangacine.fr\/wp-content\/uploads\/2025\/02\/Dague-Nero-Devil-My-Cry-avec-logo.jpg\" \/>\n\t<meta property=\"og:image:width\" content=\"500\" \/>\n\t<meta property=\"og:image:height\" content=\"500\" \/>\n\t<meta property=\"og:image:type\" content=\"image\/jpeg\" \/>\n<meta name=\"twitter:card\" content=\"summary_large_image\" \/>\n<meta name=\"twitter:label1\" content=\"Tempo di lettura stimato\" \/>\n\t<meta name=\"twitter:data1\" content=\"3 minuti\" \/>\n<script type=\"application\/ld+json\" class=\"yoast-schema-graph\">{\"@context\":\"https:\\\/\\\/schema.org\",\"@graph\":[{\"@type\":\"WebPage\",\"@id\":\"https:\\\/\\\/repliquemangacine.fr\\\/devil-may-cry\\\/dague-epee-red-queen-nero-devil-my-cry\\\/\",\"url\":\"https:\\\/\\\/repliquemangacine.fr\\\/devil-may-cry\\\/dague-epee-red-queen-nero-devil-my-cry\\\/\",\"name\":\"Dague \u00e9p\u00e9e Red Queen Nero - Devil My Cry - R\u00e9plique Manga Cin\u00e9\",\"isPartOf\":{\"@id\":\"https:\\\/\\\/repliquemangacine.fr\\\/#website\"},\"primaryImageOfPage\":{\"@id\":\"https:\\\/\\\/repliquemangacine.fr\\\/devil-may-cry\\\/dague-epee-red-queen-nero-devil-my-cry\\\/#primaryimage\"},\"image\":{\"@id\":\"https:\\\/\\\/repliquemangacine.fr\\\/devil-may-cry\\\/dague-epee-red-queen-nero-devil-my-cry\\\/#primaryimage\"},\"thumbnailUrl\":\"https:\\\/\\\/repliquemangacine.fr\\\/wp-content\\\/uploads\\\/2025\\\/02\\\/Dague-Nero-Devil-My-Cry-avec-logo.jpg\",\"datePublished\":\"2025-02-16T15:44:52+00:00\",\"dateModified\":\"2025-11-13T13:23:43+00:00\",\"description\":\"Superbe Dague \u00e9p\u00e9e Red Queen de Nero inspir\u00e9 e Devil My Cry. Tout en acier. Lame non tranchante d\u00e9cor\u00e9e. Garde sp\u00e9cifique. Livr\u00e9 avec son support. 63,5 cm\",\"breadcrumb\":{\"@id\":\"https:\\\/\\\/repliquemangacine.fr\\\/devil-may-cry\\\/dague-epee-red-queen-nero-devil-my-cry\\\/#breadcrumb\"},\"inLanguage\":\"it-IT\",\"potentialAction\":[{\"@type\":\"ReadAction\",\"target\":[\"https:\\\/\\\/repliquemangacine.fr\\\/devil-may-cry\\\/dague-epee-red-queen-nero-devil-my-cry\\\/\"]}]},{\"@type\":\"ImageObject\",\"inLanguage\":\"it-IT\",\"@id\":\"https:\\\/\\\/repliquemangacine.fr\\\/devil-may-cry\\\/dague-epee-red-queen-nero-devil-my-cry\\\/#primaryimage\",\"url\":\"https:\\\/\\\/repliquemangacine.fr\\\/wp-content\\\/uploads\\\/2025\\\/02\\\/Dague-Nero-Devil-My-Cry-avec-logo.jpg\",\"contentUrl\":\"https:\\\/\\\/repliquemangacine.fr\\\/wp-content\\\/uploads\\\/2025\\\/02\\\/Dague-Nero-Devil-My-Cry-avec-logo.jpg\",\"width\":500,\"height\":500,\"caption\":\"Dague \u00e9p\u00e9e Red Queen de Nero dans Devil My Cry\"},{\"@type\":\"BreadcrumbList\",\"@id\":\"https:\\\/\\\/repliquemangacine.fr\\\/devil-may-cry\\\/dague-epee-red-queen-nero-devil-my-cry\\\/#breadcrumb\",\"itemListElement\":[{\"@type\":\"ListItem\",\"position\":1,\"name\":\"Accueil\",\"item\":\"https:\\\/\\\/repliquemangacine.fr\\\/\"},{\"@type\":\"ListItem\",\"position\":2,\"name\":\"Produits\",\"item\":\"https:\\\/\\\/repliquemangacine.fr\\\/boutique\\\/\"},{\"@type\":\"ListItem\",\"position\":3,\"name\":\"Dague \u00e9p\u00e9e Red Queen Nero &#8211; Devil My Cry\"}]},{\"@type\":\"WebSite\",\"@id\":\"https:\\\/\\\/repliquemangacine.fr\\\/#website\",\"url\":\"https:\\\/\\\/repliquemangacine.fr\\\/\",\"name\":\"R\u00e9plique Manga Cin\u00e9\",\"description\":\"\",\"publisher\":{\"@id\":\"https:\\\/\\\/repliquemangacine.fr\\\/#organization\"},\"potentialAction\":[{\"@type\":\"SearchAction\",\"target\":{\"@type\":\"EntryPoint\",\"urlTemplate\":\"https:\\\/\\\/repliquemangacine.fr\\\/?s={search_term_string}\"},\"query-input\":{\"@type\":\"PropertyValueSpecification\",\"valueRequired\":true,\"valueName\":\"search_term_string\"}}],\"inLanguage\":\"it-IT\"},{\"@type\":\"Organization\",\"@id\":\"https:\\\/\\\/repliquemangacine.fr\\\/#organization\",\"name\":\"R\u00e9plique Manga Cin\u00e9\",\"url\":\"https:\\\/\\\/repliquemangacine.fr\\\/\",\"logo\":{\"@type\":\"ImageObject\",\"inLanguage\":\"it-IT\",\"@id\":\"https:\\\/\\\/repliquemangacine.fr\\\/#\\\/schema\\\/logo\\\/image\\\/\",\"url\":\"https:\\\/\\\/repliquemangacine.fr\\\/wp-content\\\/uploads\\\/2023\\\/10\\\/RMC-500250.png\",\"contentUrl\":\"https:\\\/\\\/repliquemangacine.fr\\\/wp-content\\\/uploads\\\/2023\\\/10\\\/RMC-500250.png\",\"width\":500,\"height\":250,\"caption\":\"R\u00e9plique Manga Cin\u00e9\"},\"image\":{\"@id\":\"https:\\\/\\\/repliquemangacine.fr\\\/#\\\/schema\\\/logo\\\/image\\\/\"},\"sameAs\":[\"https:\\\/\\\/www.facebook.com\\\/RepliqueMangaCine\",\"https:\\\/\\\/www.instagram.com\\\/repliquemangacine.fr\\\/\"]}]}<\/script>\n<!-- \/ Yoast SEO plugin. -->","yoast_head_json":{"title":"Pugnale con spada Red Queen Nero - Devil My Cry - R\u00e9plique Manga Cin\u00e9","description":"Superbo pugnale con spada Red Queen di Nero ispirato a Devil My Cry. Interamente in acciaio. Lama decorata non tagliente. Guardia speciale. Consegnato con il suo supporto. 63,5 cm","robots":{"index":"index","follow":"follow","max-snippet":"max-snippet:-1","max-image-preview":"max-image-preview:large","max-video-preview":"max-video-preview:-1"},"canonical":"https:\/\/repliquemangacine.fr\/it\/il-diavolo-puo-piangere\/pugnale-spada-regina-rossa-nero-diavolo-il-mio-grido\/","og_locale":"it_IT","og_type":"article","og_title":"Dague \u00e9p\u00e9e Red Queen Nero - Devil My Cry - R\u00e9plique Manga Cin\u00e9","og_description":"Superbe Dague \u00e9p\u00e9e Red Queen de Nero inspir\u00e9 e Devil My Cry. Tout en acier. Lame non tranchante d\u00e9cor\u00e9e. Garde sp\u00e9cifique. Livr\u00e9 avec son support. 63,5 cm","og_url":"https:\/\/repliquemangacine.fr\/it\/il-diavolo-puo-piangere\/pugnale-spada-regina-rossa-nero-diavolo-il-mio-grido\/","og_site_name":"R\u00e9plique Manga Cin\u00e9","article_publisher":"https:\/\/www.facebook.com\/RepliqueMangaCine","article_modified_time":"2025-11-13T13:23:43+00:00","og_image":[{"width":500,"height":500,"url":"https:\/\/repliquemangacine.fr\/wp-content\/uploads\/2025\/02\/Dague-Nero-Devil-My-Cry-avec-logo.jpg","type":"image\/jpeg"}],"twitter_card":"summary_large_image","twitter_misc":{"Tempo di lettura stimato":"3 minuti"},"schema":{"@context":"https:\/\/schema.org","@graph":[{"@type":"WebPage","@id":"https:\/\/repliquemangacine.fr\/devil-may-cry\/dague-epee-red-queen-nero-devil-my-cry\/","url":"https:\/\/repliquemangacine.fr\/devil-may-cry\/dague-epee-red-queen-nero-devil-my-cry\/","name":"Pugnale con spada Red Queen Nero - Devil My Cry - R\u00e9plique Manga Cin\u00e9","isPartOf":{"@id":"https:\/\/repliquemangacine.fr\/#website"},"primaryImageOfPage":{"@id":"https:\/\/repliquemangacine.fr\/devil-may-cry\/dague-epee-red-queen-nero-devil-my-cry\/#primaryimage"},"image":{"@id":"https:\/\/repliquemangacine.fr\/devil-may-cry\/dague-epee-red-queen-nero-devil-my-cry\/#primaryimage"},"thumbnailUrl":"https:\/\/repliquemangacine.fr\/wp-content\/uploads\/2025\/02\/Dague-Nero-Devil-My-Cry-avec-logo.jpg","datePublished":"2025-02-16T15:44:52+00:00","dateModified":"2025-11-13T13:23:43+00:00","description":"Superbo pugnale con spada Red Queen di Nero ispirato a Devil My Cry. Interamente in acciaio. Lama decorata non tagliente. Guardia speciale. Consegnato con il suo supporto. 63,5 cm","breadcrumb":{"@id":"https:\/\/repliquemangacine.fr\/devil-may-cry\/dague-epee-red-queen-nero-devil-my-cry\/#breadcrumb"},"inLanguage":"it-IT","potentialAction":[{"@type":"ReadAction","target":["https:\/\/repliquemangacine.fr\/devil-may-cry\/dague-epee-red-queen-nero-devil-my-cry\/"]}]},{"@type":"ImageObject","inLanguage":"it-IT","@id":"https:\/\/repliquemangacine.fr\/devil-may-cry\/dague-epee-red-queen-nero-devil-my-cry\/#primaryimage","url":"https:\/\/repliquemangacine.fr\/wp-content\/uploads\/2025\/02\/Dague-Nero-Devil-My-Cry-avec-logo.jpg","contentUrl":"https:\/\/repliquemangacine.fr\/wp-content\/uploads\/2025\/02\/Dague-Nero-Devil-My-Cry-avec-logo.jpg","width":500,"height":500,"caption":"Dague \u00e9p\u00e9e Red Queen de Nero dans Devil My Cry"},{"@type":"BreadcrumbList","@id":"https:\/\/repliquemangacine.fr\/devil-may-cry\/dague-epee-red-queen-nero-devil-my-cry\/#breadcrumb","itemListElement":[{"@type":"ListItem","position":1,"name":"Accueil","item":"https:\/\/repliquemangacine.fr\/"},{"@type":"ListItem","position":2,"name":"Produits","item":"https:\/\/repliquemangacine.fr\/boutique\/"},{"@type":"ListItem","position":3,"name":"Dague \u00e9p\u00e9e Red Queen Nero &#8211; Devil My Cry"}]},{"@type":"WebSite","@id":"https:\/\/repliquemangacine.fr\/#website","url":"https:\/\/repliquemangacine.fr\/","name":"R\u00e9plique Manga Cin\u00e9","description":"","publisher":{"@id":"https:\/\/repliquemangacine.fr\/#organization"},"potentialAction":[{"@type":"SearchAction","target":{"@type":"EntryPoint","urlTemplate":"https:\/\/repliquemangacine.fr\/?s={search_term_string}"},"query-input":{"@type":"PropertyValueSpecification","valueRequired":true,"valueName":"search_term_string"}}],"inLanguage":"it-IT"},{"@type":"Organization","@id":"https:\/\/repliquemangacine.fr\/#organization","name":"R\u00e9plique Manga Cin\u00e9","url":"https:\/\/repliquemangacine.fr\/","logo":{"@type":"ImageObject","inLanguage":"it-IT","@id":"https:\/\/repliquemangacine.fr\/#\/schema\/logo\/image\/","url":"https:\/\/repliquemangacine.fr\/wp-content\/uploads\/2023\/10\/RMC-500250.png","contentUrl":"https:\/\/repliquemangacine.fr\/wp-content\/uploads\/2023\/10\/RMC-500250.png","width":500,"height":250,"caption":"R\u00e9plique Manga Cin\u00e9"},"image":{"@id":"https:\/\/repliquemangacine.fr\/#\/schema\/logo\/image\/"},"sameAs":["https:\/\/www.facebook.com\/RepliqueMangaCine","https:\/\/www.instagram.com\/repliquemangacine.fr\/"]}]}},"_links":{"self":[{"href":"https:\/\/repliquemangacine.fr\/it\/wp-json\/wp\/v2\/product\/82132","targetHints":{"allow":["GET"]}}],"collection":[{"href":"https:\/\/repliquemangacine.fr\/it\/wp-json\/wp\/v2\/product"}],"about":[{"href":"https:\/\/repliquemangacine.fr\/it\/wp-json\/wp\/v2\/types\/product"}],"wp:featuredmedia":[{"embeddable":true,"href":"https:\/\/repliquemangacine.fr\/it\/wp-json\/wp\/v2\/media\/82133"}],"wp:attachment":[{"href":"https:\/\/repliquemangacine.fr\/it\/wp-json\/wp\/v2\/media?parent=82132"}],"wp:term":[{"taxonomy":"product_brand","embeddable":true,"href":"https:\/\/repliquemangacine.fr\/it\/wp-json\/wp\/v2\/product_brand?post=82132"},{"taxonomy":"product_cat","embeddable":true,"href":"https:\/\/repliquemangacine.fr\/it\/wp-json\/wp\/v2\/product_cat?post=82132"},{"taxonomy":"product_tag","embeddable":true,"href":"https:\/\/repliquemangacine.fr\/it\/wp-json\/wp\/v2\/product_tag?post=82132"}],"curies":[{"name":"wp","href":"https:\/\/api.w.org\/{rel}","templated":true}]}}