





{"id":82124,"date":"2025-02-16T15:33:30","date_gmt":"2025-02-16T14:33:30","guid":{"rendered":"https:\/\/repliquemangacine.fr\/?post_type=product&#038;p=82124"},"modified":"2026-03-23T19:07:02","modified_gmt":"2026-03-23T18:07:02","slug":"spada-fusion-cloud-multiblade-buster-spada-final-fantasy-vii","status":"publish","type":"product","link":"https:\/\/repliquemangacine.fr\/it\/katana-et-epee-de-jeux-video-autre-jeux-video\/epee-de-fusion-cloud-multiblade-buster-sword-final-fantasy-vii\/","title":{"rendered":"Spada a fusione Cloud Strife - Spada multi-lama Buster"},"content":{"rendered":"<h2>La Fusion Sword di Cloud Strife - Un'arma leggendaria di Final Fantasy<\/h2>\n<p>Per cominciare, la Fusion Sword di Cloud Strife, vista in <a href=\"https:\/\/finalfantasy.fandom.com\/fr\/wiki\/Final_Fantasy_VII\" target=\"_blank\" rel=\"noopener noreferrer\">Final Fantasy VII<\/a>: Advent Children. Una versione evoluta e spettacolare della famosa Buster Sword. Composta da sei lame distinte (multiblade), pu\u00f2 essere assemblata in un'unica arma massiccia. Inoltre, \u00e8 possibile utilizzarla in diverse configurazioni per uno stile di combattimento ultra dinamico.<\/p>\n<p>Cloud maneggia questa spada con impressionante agilit\u00e0, sferrando attacchi fulminei contro i suoi avversari, in particolare durante il suo mitico scontro con Sephiroth. Il suo design brutale e meccanico la rende un oggetto iconico, apprezzato dai fan della saga.<\/p>\n<p>Questa replica fedele all'arma del gioco \u00e8 un vero must-have per tutti gli appassionati di Final Fantasy!<\/p>\n<h2>Cloud Strife - Eroe determinato e guerriero eccezionale<\/h2>\n<p>Cloud Strife \u00e8 il personaggio principale di Final Fantasy VII, un ex SOLDAT diventato mercenario, noto per il suo look iconico e la sua incredibile forza in combattimento. Dotato di una personalit\u00e0 tormentata, nel corso della storia si evolve in un leader coraggioso pronto ad affrontare Shinra e Sephiroth per proteggere il pianeta.<\/p>\n<p>La sua Spada della Fusione simboleggia perfettamente il suo stile di combattimento unico: potente, veloce e strategico. Con quest'arma dimostra di non essere pi\u00f9 solo un guerriero solitario, ma un vero eroe pronto a tutto per salvare i suoi cari. Il suo carisma e le sue tecniche spettacolari lo rendono uno dei personaggi pi\u00f9 iconici dei videogiochi.<\/p>\n<h2>Altre armi leggendarie da scoprire su R\u00e9plique Manga Cin\u00e9<\/h2>\n<p>Se la Spada a Fusione di Cloud vi ha colpito, amerete le altre armi leggendarie disponibili sul nostro sito. Immergetevi nel mondo di Warcraft con <a href=\"https:\/\/repliquemangacine.fr\/it\/spade-di-world-of-warcraft\/frostmourne-deuillegivre-spada-spada-del-re-dei-lich\/\">Frostmourne<\/a>la spada maledetta del Re dei Lich. Si pu\u00f2 anche giocare nei panni di Kratos con il <a href=\"https:\/\/repliquemangacine.fr\/it\/katana-e-spada-videogiochi-altri-videogiochi\/ascia-di-kratos-dio-della-guerra\/\">Ascia del Leviatano da God of War<\/a>una temibile arma nordica. I fan di Devil May Cry saranno anche felici di riabbracciare il<a href=\"https:\/\/repliquemangacine.fr\/it\/katana-e-spada-videogiochi-altri-videogiochi\/epee-du-diable-de-dante-devil-my-cry\/\">La spada del diavolo di Dante<\/a>, un'arma demoniaca dai poteri sovrumani.<\/p>\n<p>Che tu sia un collezionista, un cosplayer o un appassionato di armi mitiche, la nostra selezione ti garantisce pezzi eccezionali da esporre o da maneggiare per rivivere i combattimenti pi\u00f9 epici della cultura pop.<\/p>\n<p>In conclusione, non perdete l'occasione di acquistare queste eccezionali repliche e aggiungere un tocco epico alla vostra collezione!<\/p>","protected":false},"excerpt":{"rendered":"<p>L'impressionante Fusion Sword di Cloud Strife in Final Fantasy VII: Advent Children<\/p>\n<ul>\n<li>Tutto acciaio<\/li>\n<li>Composto da 6 lame separate che possono essere assemblate in un'unica enorme spada che ricorda la Buster Sword.<\/li>\n<li>Staccate o assemblate secondo le vostre esigenze.<\/li>\n<li>Una versione pi\u00f9 tecnica e avanzata della Buster Sword.<\/li>\n<li>Istruzioni di montaggio e smontaggio<\/li>\n<li>Lunghezza lama assemblata: 81 cm - Lunghezza totale: 110,5 cm<\/li>\n<li>Peso: 4500 g<\/li>\n<\/ul>","protected":false},"featured_media":82125,"template":"","meta":[],"product_brand":[896],"product_cat":[1012,67],"product_tag":[],"class_list":{"0":"post-82124","1":"product","2":"type-product","3":"status-publish","4":"has-post-thumbnail","6":"product_brand-replique-manga-cine","7":"product_cat-final-fantasy-repliques-final-fantasy","8":"product_cat-katana-et-epee-de-jeux-video-autre-jeux-video","10":"first","11":"instock","12":"sale","13":"taxable","14":"shipping-taxable","15":"purchasable","16":"product-type-simple"},"yoast_head":"<!-- This site is optimized with the Yoast SEO plugin v27.4 - https:\/\/yoast.com\/product\/yoast-seo-wordpress\/ -->\n<title>\u00c9p\u00e9e de fusion Cloud Strife - Multiblade Buster Sword - FF7 | RMC<\/title>\n<meta name=\"description\" content=\"Impressionnante cette \u00c9p\u00e9e de fusion de Cloud Strife dans Final Fantasy VII. Multiblade compos\u00e9e de 6 lames distinctes qui s&#039;assemblent. Tout en acier\" \/>\n<meta name=\"robots\" content=\"index, follow, max-snippet:-1, max-image-preview:large, max-video-preview:-1\" \/>\n<link rel=\"canonical\" href=\"https:\/\/repliquemangacine.fr\/it\/katana-e-spada-videogiochi-altri-videogiochi\/spada-fusion-cloud-multiblade-buster-spada-final-fantasy-vii\/\" \/>\n<meta property=\"og:locale\" content=\"it_IT\" \/>\n<meta property=\"og:type\" content=\"article\" \/>\n<meta property=\"og:title\" content=\"\u00c9p\u00e9e de fusion Cloud Strife - Multiblade Buster Sword - FF7 | RMC\" \/>\n<meta property=\"og:description\" content=\"Impressionnante cette \u00c9p\u00e9e de fusion de Cloud Strife dans Final Fantasy VII. Multiblade compos\u00e9e de 6 lames distinctes qui s&#039;assemblent. Tout en acier\" \/>\n<meta property=\"og:url\" content=\"https:\/\/repliquemangacine.fr\/it\/katana-e-spada-videogiochi-altri-videogiochi\/spada-fusion-cloud-multiblade-buster-spada-final-fantasy-vii\/\" \/>\n<meta property=\"og:site_name\" content=\"R\u00e9plique Manga Cin\u00e9\" \/>\n<meta property=\"article:publisher\" content=\"https:\/\/www.facebook.com\/RepliqueMangaCine\" \/>\n<meta property=\"article:modified_time\" content=\"2026-03-23T18:07:02+00:00\" \/>\n<meta property=\"og:image\" content=\"https:\/\/repliquemangacine.fr\/wp-content\/uploads\/2025\/02\/Epee-de-Fusion-Cloud-FF7.jpg\" \/>\n\t<meta property=\"og:image:width\" content=\"500\" \/>\n\t<meta property=\"og:image:height\" content=\"500\" \/>\n\t<meta property=\"og:image:type\" content=\"image\/jpeg\" \/>\n<meta name=\"twitter:card\" content=\"summary_large_image\" \/>\n<meta name=\"twitter:label1\" content=\"Tempo di lettura stimato\" \/>\n\t<meta name=\"twitter:data1\" content=\"3 minuti\" \/>\n<script type=\"application\/ld+json\" class=\"yoast-schema-graph\">{\"@context\":\"https:\\\/\\\/schema.org\",\"@graph\":[{\"@type\":\"WebPage\",\"@id\":\"https:\\\/\\\/repliquemangacine.fr\\\/katana-et-epee-de-jeux-video-autre-jeux-video\\\/epee-de-fusion-cloud-multiblade-buster-sword-final-fantasy-vii\\\/\",\"url\":\"https:\\\/\\\/repliquemangacine.fr\\\/katana-et-epee-de-jeux-video-autre-jeux-video\\\/epee-de-fusion-cloud-multiblade-buster-sword-final-fantasy-vii\\\/\",\"name\":\"\u00c9p\u00e9e de fusion Cloud Strife - Multiblade Buster Sword - FF7 | RMC\",\"isPartOf\":{\"@id\":\"https:\\\/\\\/repliquemangacine.fr\\\/#website\"},\"primaryImageOfPage\":{\"@id\":\"https:\\\/\\\/repliquemangacine.fr\\\/katana-et-epee-de-jeux-video-autre-jeux-video\\\/epee-de-fusion-cloud-multiblade-buster-sword-final-fantasy-vii\\\/#primaryimage\"},\"image\":{\"@id\":\"https:\\\/\\\/repliquemangacine.fr\\\/katana-et-epee-de-jeux-video-autre-jeux-video\\\/epee-de-fusion-cloud-multiblade-buster-sword-final-fantasy-vii\\\/#primaryimage\"},\"thumbnailUrl\":\"https:\\\/\\\/repliquemangacine.fr\\\/wp-content\\\/uploads\\\/2025\\\/02\\\/Epee-de-Fusion-Cloud-FF7.jpg\",\"datePublished\":\"2025-02-16T14:33:30+00:00\",\"dateModified\":\"2026-03-23T18:07:02+00:00\",\"description\":\"Impressionnante cette \u00c9p\u00e9e de fusion de Cloud Strife dans Final Fantasy VII. Multiblade compos\u00e9e de 6 lames distinctes qui s'assemblent. Tout en acier\",\"breadcrumb\":{\"@id\":\"https:\\\/\\\/repliquemangacine.fr\\\/katana-et-epee-de-jeux-video-autre-jeux-video\\\/epee-de-fusion-cloud-multiblade-buster-sword-final-fantasy-vii\\\/#breadcrumb\"},\"inLanguage\":\"it-IT\",\"potentialAction\":[{\"@type\":\"ReadAction\",\"target\":[\"https:\\\/\\\/repliquemangacine.fr\\\/katana-et-epee-de-jeux-video-autre-jeux-video\\\/epee-de-fusion-cloud-multiblade-buster-sword-final-fantasy-vii\\\/\"]}]},{\"@type\":\"ImageObject\",\"inLanguage\":\"it-IT\",\"@id\":\"https:\\\/\\\/repliquemangacine.fr\\\/katana-et-epee-de-jeux-video-autre-jeux-video\\\/epee-de-fusion-cloud-multiblade-buster-sword-final-fantasy-vii\\\/#primaryimage\",\"url\":\"https:\\\/\\\/repliquemangacine.fr\\\/wp-content\\\/uploads\\\/2025\\\/02\\\/Epee-de-Fusion-Cloud-FF7.jpg\",\"contentUrl\":\"https:\\\/\\\/repliquemangacine.fr\\\/wp-content\\\/uploads\\\/2025\\\/02\\\/Epee-de-Fusion-Cloud-FF7.jpg\",\"width\":500,\"height\":500,\"caption\":\"Ep\u00e9e de fusion Cloud-Final Fantasy VII\"},{\"@type\":\"BreadcrumbList\",\"@id\":\"https:\\\/\\\/repliquemangacine.fr\\\/katana-et-epee-de-jeux-video-autre-jeux-video\\\/epee-de-fusion-cloud-multiblade-buster-sword-final-fantasy-vii\\\/#breadcrumb\",\"itemListElement\":[{\"@type\":\"ListItem\",\"position\":1,\"name\":\"Accueil\",\"item\":\"https:\\\/\\\/repliquemangacine.fr\\\/\"},{\"@type\":\"ListItem\",\"position\":2,\"name\":\"Produits\",\"item\":\"https:\\\/\\\/repliquemangacine.fr\\\/boutique\\\/\"},{\"@type\":\"ListItem\",\"position\":3,\"name\":\"\u00c9p\u00e9e de fusion Cloud Strife &#8211; Multiblade Buster Sword\"}]},{\"@type\":\"WebSite\",\"@id\":\"https:\\\/\\\/repliquemangacine.fr\\\/#website\",\"url\":\"https:\\\/\\\/repliquemangacine.fr\\\/\",\"name\":\"R\u00e9plique Manga Cin\u00e9\",\"description\":\"\",\"publisher\":{\"@id\":\"https:\\\/\\\/repliquemangacine.fr\\\/#organization\"},\"potentialAction\":[{\"@type\":\"SearchAction\",\"target\":{\"@type\":\"EntryPoint\",\"urlTemplate\":\"https:\\\/\\\/repliquemangacine.fr\\\/?s={search_term_string}\"},\"query-input\":{\"@type\":\"PropertyValueSpecification\",\"valueRequired\":true,\"valueName\":\"search_term_string\"}}],\"inLanguage\":\"it-IT\"},{\"@type\":\"Organization\",\"@id\":\"https:\\\/\\\/repliquemangacine.fr\\\/#organization\",\"name\":\"R\u00e9plique Manga Cin\u00e9\",\"url\":\"https:\\\/\\\/repliquemangacine.fr\\\/\",\"logo\":{\"@type\":\"ImageObject\",\"inLanguage\":\"it-IT\",\"@id\":\"https:\\\/\\\/repliquemangacine.fr\\\/#\\\/schema\\\/logo\\\/image\\\/\",\"url\":\"https:\\\/\\\/repliquemangacine.fr\\\/wp-content\\\/uploads\\\/2023\\\/10\\\/RMC-500250.png\",\"contentUrl\":\"https:\\\/\\\/repliquemangacine.fr\\\/wp-content\\\/uploads\\\/2023\\\/10\\\/RMC-500250.png\",\"width\":500,\"height\":250,\"caption\":\"R\u00e9plique Manga Cin\u00e9\"},\"image\":{\"@id\":\"https:\\\/\\\/repliquemangacine.fr\\\/#\\\/schema\\\/logo\\\/image\\\/\"},\"sameAs\":[\"https:\\\/\\\/www.facebook.com\\\/RepliqueMangaCine\",\"https:\\\/\\\/www.instagram.com\\\/repliquemangacine.fr\\\/\"]}]}<\/script>\n<!-- \/ Yoast SEO plugin. -->","yoast_head_json":{"title":"Fusion Sword Cloud Strife - Spada Multiblade Buster - FF7 | RMC","description":"Impressionante spada a fusione di Cloud Strife in Final Fantasy VII. Multi-lama composta da 6 lame separate che si incastrano tra loro. Tutta in acciaio","robots":{"index":"index","follow":"follow","max-snippet":"max-snippet:-1","max-image-preview":"max-image-preview:large","max-video-preview":"max-video-preview:-1"},"canonical":"https:\/\/repliquemangacine.fr\/it\/katana-e-spada-videogiochi-altri-videogiochi\/spada-fusion-cloud-multiblade-buster-spada-final-fantasy-vii\/","og_locale":"it_IT","og_type":"article","og_title":"\u00c9p\u00e9e de fusion Cloud Strife - Multiblade Buster Sword - FF7 | RMC","og_description":"Impressionnante cette \u00c9p\u00e9e de fusion de Cloud Strife dans Final Fantasy VII. Multiblade compos\u00e9e de 6 lames distinctes qui s'assemblent. Tout en acier","og_url":"https:\/\/repliquemangacine.fr\/it\/katana-e-spada-videogiochi-altri-videogiochi\/spada-fusion-cloud-multiblade-buster-spada-final-fantasy-vii\/","og_site_name":"R\u00e9plique Manga Cin\u00e9","article_publisher":"https:\/\/www.facebook.com\/RepliqueMangaCine","article_modified_time":"2026-03-23T18:07:02+00:00","og_image":[{"width":500,"height":500,"url":"https:\/\/repliquemangacine.fr\/wp-content\/uploads\/2025\/02\/Epee-de-Fusion-Cloud-FF7.jpg","type":"image\/jpeg"}],"twitter_card":"summary_large_image","twitter_misc":{"Tempo di lettura stimato":"3 minuti"},"schema":{"@context":"https:\/\/schema.org","@graph":[{"@type":"WebPage","@id":"https:\/\/repliquemangacine.fr\/katana-et-epee-de-jeux-video-autre-jeux-video\/epee-de-fusion-cloud-multiblade-buster-sword-final-fantasy-vii\/","url":"https:\/\/repliquemangacine.fr\/katana-et-epee-de-jeux-video-autre-jeux-video\/epee-de-fusion-cloud-multiblade-buster-sword-final-fantasy-vii\/","name":"Fusion Sword Cloud Strife - Spada Multiblade Buster - FF7 | RMC","isPartOf":{"@id":"https:\/\/repliquemangacine.fr\/#website"},"primaryImageOfPage":{"@id":"https:\/\/repliquemangacine.fr\/katana-et-epee-de-jeux-video-autre-jeux-video\/epee-de-fusion-cloud-multiblade-buster-sword-final-fantasy-vii\/#primaryimage"},"image":{"@id":"https:\/\/repliquemangacine.fr\/katana-et-epee-de-jeux-video-autre-jeux-video\/epee-de-fusion-cloud-multiblade-buster-sword-final-fantasy-vii\/#primaryimage"},"thumbnailUrl":"https:\/\/repliquemangacine.fr\/wp-content\/uploads\/2025\/02\/Epee-de-Fusion-Cloud-FF7.jpg","datePublished":"2025-02-16T14:33:30+00:00","dateModified":"2026-03-23T18:07:02+00:00","description":"Impressionante spada a fusione di Cloud Strife in Final Fantasy VII. Multi-lama composta da 6 lame separate che si incastrano tra loro. Tutta in acciaio","breadcrumb":{"@id":"https:\/\/repliquemangacine.fr\/katana-et-epee-de-jeux-video-autre-jeux-video\/epee-de-fusion-cloud-multiblade-buster-sword-final-fantasy-vii\/#breadcrumb"},"inLanguage":"it-IT","potentialAction":[{"@type":"ReadAction","target":["https:\/\/repliquemangacine.fr\/katana-et-epee-de-jeux-video-autre-jeux-video\/epee-de-fusion-cloud-multiblade-buster-sword-final-fantasy-vii\/"]}]},{"@type":"ImageObject","inLanguage":"it-IT","@id":"https:\/\/repliquemangacine.fr\/katana-et-epee-de-jeux-video-autre-jeux-video\/epee-de-fusion-cloud-multiblade-buster-sword-final-fantasy-vii\/#primaryimage","url":"https:\/\/repliquemangacine.fr\/wp-content\/uploads\/2025\/02\/Epee-de-Fusion-Cloud-FF7.jpg","contentUrl":"https:\/\/repliquemangacine.fr\/wp-content\/uploads\/2025\/02\/Epee-de-Fusion-Cloud-FF7.jpg","width":500,"height":500,"caption":"Ep\u00e9e de fusion Cloud-Final Fantasy VII"},{"@type":"BreadcrumbList","@id":"https:\/\/repliquemangacine.fr\/katana-et-epee-de-jeux-video-autre-jeux-video\/epee-de-fusion-cloud-multiblade-buster-sword-final-fantasy-vii\/#breadcrumb","itemListElement":[{"@type":"ListItem","position":1,"name":"Accueil","item":"https:\/\/repliquemangacine.fr\/"},{"@type":"ListItem","position":2,"name":"Produits","item":"https:\/\/repliquemangacine.fr\/boutique\/"},{"@type":"ListItem","position":3,"name":"\u00c9p\u00e9e de fusion Cloud Strife &#8211; Multiblade Buster Sword"}]},{"@type":"WebSite","@id":"https:\/\/repliquemangacine.fr\/#website","url":"https:\/\/repliquemangacine.fr\/","name":"R\u00e9plique Manga Cin\u00e9","description":"","publisher":{"@id":"https:\/\/repliquemangacine.fr\/#organization"},"potentialAction":[{"@type":"SearchAction","target":{"@type":"EntryPoint","urlTemplate":"https:\/\/repliquemangacine.fr\/?s={search_term_string}"},"query-input":{"@type":"PropertyValueSpecification","valueRequired":true,"valueName":"search_term_string"}}],"inLanguage":"it-IT"},{"@type":"Organization","@id":"https:\/\/repliquemangacine.fr\/#organization","name":"R\u00e9plique Manga Cin\u00e9","url":"https:\/\/repliquemangacine.fr\/","logo":{"@type":"ImageObject","inLanguage":"it-IT","@id":"https:\/\/repliquemangacine.fr\/#\/schema\/logo\/image\/","url":"https:\/\/repliquemangacine.fr\/wp-content\/uploads\/2023\/10\/RMC-500250.png","contentUrl":"https:\/\/repliquemangacine.fr\/wp-content\/uploads\/2023\/10\/RMC-500250.png","width":500,"height":250,"caption":"R\u00e9plique Manga Cin\u00e9"},"image":{"@id":"https:\/\/repliquemangacine.fr\/#\/schema\/logo\/image\/"},"sameAs":["https:\/\/www.facebook.com\/RepliqueMangaCine","https:\/\/www.instagram.com\/repliquemangacine.fr\/"]}]}},"_links":{"self":[{"href":"https:\/\/repliquemangacine.fr\/it\/wp-json\/wp\/v2\/product\/82124","targetHints":{"allow":["GET"]}}],"collection":[{"href":"https:\/\/repliquemangacine.fr\/it\/wp-json\/wp\/v2\/product"}],"about":[{"href":"https:\/\/repliquemangacine.fr\/it\/wp-json\/wp\/v2\/types\/product"}],"wp:featuredmedia":[{"embeddable":true,"href":"https:\/\/repliquemangacine.fr\/it\/wp-json\/wp\/v2\/media\/82125"}],"wp:attachment":[{"href":"https:\/\/repliquemangacine.fr\/it\/wp-json\/wp\/v2\/media?parent=82124"}],"wp:term":[{"taxonomy":"product_brand","embeddable":true,"href":"https:\/\/repliquemangacine.fr\/it\/wp-json\/wp\/v2\/product_brand?post=82124"},{"taxonomy":"product_cat","embeddable":true,"href":"https:\/\/repliquemangacine.fr\/it\/wp-json\/wp\/v2\/product_cat?post=82124"},{"taxonomy":"product_tag","embeddable":true,"href":"https:\/\/repliquemangacine.fr\/it\/wp-json\/wp\/v2\/product_tag?post=82124"}],"curies":[{"name":"wp","href":"https:\/\/api.w.org\/{rel}","templated":true}]}}