





{"id":81554,"date":"2025-01-26T18:41:31","date_gmt":"2025-01-26T17:41:31","guid":{"rendered":"https:\/\/repliquemangacine.fr\/?post_type=product&#038;p=81554"},"modified":"2025-12-12T16:40:08","modified_gmt":"2025-12-12T15:40:08","slug":"katana-da-taglio-highlander","status":"publish","type":"product","link":"https:\/\/repliquemangacine.fr\/it\/katana-forge\/katana-coupant-highlander\/","title":{"rendered":"Katana da taglio Highlander"},"content":{"rendered":"<h2>Katana da taglio Highlander: Lama leggendaria e iconica<\/h2>\n<p>Innanzitutto, la Katana tagliente Highlander, lama leggendaria ed emblematica, arma di Connor MacLeod. Katana eccezionale, che si distingue dalle spade tradizionali per il suo manico in avorio scolpito a forma di drago. Questa spada gli \u00e8 stata donata dal suo mentore, Juan S\u00e1nchez Villa-Lobos Ram\u00edrez (interpretato da Sean Connery). Un immortale egiziano al servizio del re di Spagna.<\/p>\n<p>Connor MacLeod, protagonista emblematico del film Highlander (1986), interpretato da Christopher Lambert. Guerriero immortale di origini scozzesi, nato nel XVI secolo. Scopre la sua immortalit\u00e0 dopo essere sopravvissuto a una ferita mortale durante una battaglia. Diventa quindi il bersaglio di altri immortali, tutti impegnati in una lotta senza fine chiamata \u201cIl Gioco\u201d, dove solo uno pu\u00f2 sopravvivere.<\/p>\n<h2>Katana da taglio Highlander: Lame leggendarie per guerrieri immortali<\/h2>\n<p>Immergetevi nel mitico mondo di Highlander con le nostre eccezionali katane replica ispirate alla saga cult. Che siate appassionati collezionisti o amanti delle armi, i nostri modelli combinano autenticit\u00e0, qualit\u00e0 e potenza, proprio come gli immortali del film. Scoprite il <a href=\"https:\/\/repliquemangacine.fr\/it\/film-e-serie-di-repliche-di-armi\/katana-duncan-highlander\/\">katana di Duncan MacLeod<\/a>L'erede spirituale di Connor, con una lama affilata e un design fedele alla serie. Per i puristi, offriamo anche il<a href=\"https:\/\/repliquemangacine.fr\/it\/spade-katana-da-film-e-serie\/spada-highlander-di-connor-macleod\/\">La leggendaria spada di Connor MacLeod<\/a>progettato dal prestigioso <a href=\"https:\/\/www.marto.es\/index.php\/es\/\" target=\"_blank\" rel=\"noopener noreferrer\">Marto<\/a>rinomata per la sua eccezionale maestria. Consegnata con un Certificato di Origine e Qualit\u00e0, che garantisce una produzione di alta gamma. Ogni katana \u00e8 un pezzo unico da collezione, perfetto da esporre o da maneggiare con rispetto. Quale sceglierete?<\/p>\n<h2>Come si mantiene la lama della katana?<\/h2>\n<p>In primo luogo, le katane da collezione e decorative sono realizzate e assemblate in modo semplificato. Poich\u00e9 il loro uso \u00e8 decorativo, mancano le caratteristiche di sicurezza richieste a una spada giapponese destinata all'allenamento. Tuttavia, la katana di Connor in Highlander ha una lama d'acciaio che deve essere mantenuta per evitare danni nel tempo. Infatti, quando mostrerete la vostra katana, i vostri amici saranno curiosi di vedere la lama e di toccarla. \u00c8 qui che bisogna fare attenzione, perch\u00e9 l'acidit\u00e0 delle dita \u00e8 molto dannosa per l'acciaio, qualunque sia la sua qualit\u00e0. Tuttavia, se ci\u00f2 accade, non fatevi prendere dal panico: basta usare un panno inumidito con un po' d'olio e cancellare le impronte digitali. Se lo farete, la vostra spada durer\u00e0 molto a lungo.<\/p>\n<p>&nbsp;<\/p>","protected":false},"excerpt":{"rendered":"<p>Questa katana da taglio Highlander di Connor Mcleod \u00e8 davvero notevole.<\/p>\n<ul>\n<li>Lama in acciaio 1045 forgiato, ad alto tenore di carbonio.<\/li>\n<li>Realizzato a mano<\/li>\n<li>Fodero in legno laccato rosso con una linea nera alle estremit\u00e0 per una maggiore raffinatezza.<\/li>\n<li>Manico in resina finemente dettagliato che termina con una testa di drago sul pomo.<\/li>\n<li>Protezione in acciaio nero decorato<\/li>\n<li>Fornito in una scatola di legno con copertina satinata decorata, kit di manutenzione e supporto.<\/li>\n<li>Manuale di manutenzione<\/li>\n<li>Lunghezza lama: 72,5 cm - Lunghezza totale: 106,5 cm e 109,5 cm con fodero<\/li>\n<\/ul>","protected":false},"featured_media":81556,"template":"","meta":[],"product_brand":[896],"product_cat":[91,66,24,38],"product_tag":[],"class_list":{"0":"post-81554","1":"product","2":"type-product","3":"status-publish","4":"has-post-thumbnail","6":"product_brand-replique-manga-cine","7":"product_cat-katana-les-epees-de-films-et-series","8":"product_cat-repliques-d-armes-films-et-series","9":"product_cat-films-series-tv-vente-de-katana-epee-et-produits-derives","10":"product_cat-katana-forge","12":"first","13":"instock","14":"taxable","15":"shipping-taxable","16":"purchasable","17":"product-type-simple"},"yoast_head":"<!-- This site is optimized with the Yoast SEO plugin v27.4 - https:\/\/yoast.com\/product\/yoast-seo-wordpress\/ -->\n<title>Katana coupant Highlander - R\u00e9plique Manga Cin\u00e9<\/title>\n<meta name=\"description\" content=\"En exclusivit\u00e9 ! Retrouvez le Katana coupant Highlander de Connor McLeod. Lame tranchante en acier forg\u00e9 1045, haute teneur en carbone. Fait \u00e0 la main.\" \/>\n<meta name=\"robots\" content=\"index, follow, max-snippet:-1, max-image-preview:large, max-video-preview:-1\" \/>\n<link rel=\"canonical\" href=\"https:\/\/repliquemangacine.fr\/it\/fucina-di-katana\/katana-da-taglio-highlander\/\" \/>\n<meta property=\"og:locale\" content=\"it_IT\" \/>\n<meta property=\"og:type\" content=\"article\" \/>\n<meta property=\"og:title\" content=\"Katana coupant Highlander - R\u00e9plique Manga Cin\u00e9\" \/>\n<meta property=\"og:description\" content=\"En exclusivit\u00e9 ! Retrouvez le Katana coupant Highlander de Connor McLeod. Lame tranchante en acier forg\u00e9 1045, haute teneur en carbone. Fait \u00e0 la main.\" \/>\n<meta property=\"og:url\" content=\"https:\/\/repliquemangacine.fr\/it\/fucina-di-katana\/katana-da-taglio-highlander\/\" \/>\n<meta property=\"og:site_name\" content=\"R\u00e9plique Manga Cin\u00e9\" \/>\n<meta property=\"article:publisher\" content=\"https:\/\/www.facebook.com\/RepliqueMangaCine\" \/>\n<meta property=\"article:modified_time\" content=\"2025-12-12T15:40:08+00:00\" \/>\n<meta property=\"og:image\" content=\"https:\/\/repliquemangacine.fr\/wp-content\/uploads\/2025\/01\/Katana-Coupant-Highlander-hors-de-son-fourreau.jpg\" \/>\n\t<meta property=\"og:image:width\" content=\"500\" \/>\n\t<meta property=\"og:image:height\" content=\"500\" \/>\n\t<meta property=\"og:image:type\" content=\"image\/jpeg\" \/>\n<meta name=\"twitter:card\" content=\"summary_large_image\" \/>\n<meta name=\"twitter:label1\" content=\"Tempo di lettura stimato\" \/>\n\t<meta name=\"twitter:data1\" content=\"3 minuti\" \/>\n<script type=\"application\/ld+json\" class=\"yoast-schema-graph\">{\"@context\":\"https:\\\/\\\/schema.org\",\"@graph\":[{\"@type\":\"WebPage\",\"@id\":\"https:\\\/\\\/repliquemangacine.fr\\\/katana-forge\\\/katana-coupant-highlander\\\/\",\"url\":\"https:\\\/\\\/repliquemangacine.fr\\\/katana-forge\\\/katana-coupant-highlander\\\/\",\"name\":\"Katana coupant Highlander - R\u00e9plique Manga Cin\u00e9\",\"isPartOf\":{\"@id\":\"https:\\\/\\\/repliquemangacine.fr\\\/#website\"},\"primaryImageOfPage\":{\"@id\":\"https:\\\/\\\/repliquemangacine.fr\\\/katana-forge\\\/katana-coupant-highlander\\\/#primaryimage\"},\"image\":{\"@id\":\"https:\\\/\\\/repliquemangacine.fr\\\/katana-forge\\\/katana-coupant-highlander\\\/#primaryimage\"},\"thumbnailUrl\":\"https:\\\/\\\/repliquemangacine.fr\\\/wp-content\\\/uploads\\\/2025\\\/01\\\/Katana-Coupant-Highlander-hors-de-son-fourreau.jpg\",\"datePublished\":\"2025-01-26T17:41:31+00:00\",\"dateModified\":\"2025-12-12T15:40:08+00:00\",\"description\":\"En exclusivit\u00e9 ! Retrouvez le Katana coupant Highlander de Connor McLeod. Lame tranchante en acier forg\u00e9 1045, haute teneur en carbone. Fait \u00e0 la main.\",\"breadcrumb\":{\"@id\":\"https:\\\/\\\/repliquemangacine.fr\\\/katana-forge\\\/katana-coupant-highlander\\\/#breadcrumb\"},\"inLanguage\":\"it-IT\",\"potentialAction\":[{\"@type\":\"ReadAction\",\"target\":[\"https:\\\/\\\/repliquemangacine.fr\\\/katana-forge\\\/katana-coupant-highlander\\\/\"]}]},{\"@type\":\"ImageObject\",\"inLanguage\":\"it-IT\",\"@id\":\"https:\\\/\\\/repliquemangacine.fr\\\/katana-forge\\\/katana-coupant-highlander\\\/#primaryimage\",\"url\":\"https:\\\/\\\/repliquemangacine.fr\\\/wp-content\\\/uploads\\\/2025\\\/01\\\/Katana-Coupant-Highlander-hors-de-son-fourreau.jpg\",\"contentUrl\":\"https:\\\/\\\/repliquemangacine.fr\\\/wp-content\\\/uploads\\\/2025\\\/01\\\/Katana-Coupant-Highlander-hors-de-son-fourreau.jpg\",\"width\":500,\"height\":500,\"caption\":\"Katana coupant Highlander de connor Mcleod\"},{\"@type\":\"BreadcrumbList\",\"@id\":\"https:\\\/\\\/repliquemangacine.fr\\\/katana-forge\\\/katana-coupant-highlander\\\/#breadcrumb\",\"itemListElement\":[{\"@type\":\"ListItem\",\"position\":1,\"name\":\"Accueil\",\"item\":\"https:\\\/\\\/repliquemangacine.fr\\\/\"},{\"@type\":\"ListItem\",\"position\":2,\"name\":\"Produits\",\"item\":\"https:\\\/\\\/repliquemangacine.fr\\\/boutique\\\/\"},{\"@type\":\"ListItem\",\"position\":3,\"name\":\"Katana coupant Highlander\"}]},{\"@type\":\"WebSite\",\"@id\":\"https:\\\/\\\/repliquemangacine.fr\\\/#website\",\"url\":\"https:\\\/\\\/repliquemangacine.fr\\\/\",\"name\":\"R\u00e9plique Manga Cin\u00e9\",\"description\":\"\",\"publisher\":{\"@id\":\"https:\\\/\\\/repliquemangacine.fr\\\/#organization\"},\"potentialAction\":[{\"@type\":\"SearchAction\",\"target\":{\"@type\":\"EntryPoint\",\"urlTemplate\":\"https:\\\/\\\/repliquemangacine.fr\\\/?s={search_term_string}\"},\"query-input\":{\"@type\":\"PropertyValueSpecification\",\"valueRequired\":true,\"valueName\":\"search_term_string\"}}],\"inLanguage\":\"it-IT\"},{\"@type\":\"Organization\",\"@id\":\"https:\\\/\\\/repliquemangacine.fr\\\/#organization\",\"name\":\"R\u00e9plique Manga Cin\u00e9\",\"url\":\"https:\\\/\\\/repliquemangacine.fr\\\/\",\"logo\":{\"@type\":\"ImageObject\",\"inLanguage\":\"it-IT\",\"@id\":\"https:\\\/\\\/repliquemangacine.fr\\\/#\\\/schema\\\/logo\\\/image\\\/\",\"url\":\"https:\\\/\\\/repliquemangacine.fr\\\/wp-content\\\/uploads\\\/2023\\\/10\\\/RMC-500250.png\",\"contentUrl\":\"https:\\\/\\\/repliquemangacine.fr\\\/wp-content\\\/uploads\\\/2023\\\/10\\\/RMC-500250.png\",\"width\":500,\"height\":250,\"caption\":\"R\u00e9plique Manga Cin\u00e9\"},\"image\":{\"@id\":\"https:\\\/\\\/repliquemangacine.fr\\\/#\\\/schema\\\/logo\\\/image\\\/\"},\"sameAs\":[\"https:\\\/\\\/www.facebook.com\\\/RepliqueMangaCine\",\"https:\\\/\\\/www.instagram.com\\\/repliquemangacine.fr\\\/\"]}]}<\/script>\n<!-- \/ Yoast SEO plugin. -->","yoast_head_json":{"title":"Katana da taglio Highlander - R\u00e9plique Manga Cin\u00e9","description":"Esclusivo! La Katana da taglio Highlander di Connor McLeod. Lama forgiata in acciaio 1045, ad alto tenore di carbonio. Realizzata a mano.","robots":{"index":"index","follow":"follow","max-snippet":"max-snippet:-1","max-image-preview":"max-image-preview:large","max-video-preview":"max-video-preview:-1"},"canonical":"https:\/\/repliquemangacine.fr\/it\/fucina-di-katana\/katana-da-taglio-highlander\/","og_locale":"it_IT","og_type":"article","og_title":"Katana coupant Highlander - R\u00e9plique Manga Cin\u00e9","og_description":"En exclusivit\u00e9 ! Retrouvez le Katana coupant Highlander de Connor McLeod. Lame tranchante en acier forg\u00e9 1045, haute teneur en carbone. Fait \u00e0 la main.","og_url":"https:\/\/repliquemangacine.fr\/it\/fucina-di-katana\/katana-da-taglio-highlander\/","og_site_name":"R\u00e9plique Manga Cin\u00e9","article_publisher":"https:\/\/www.facebook.com\/RepliqueMangaCine","article_modified_time":"2025-12-12T15:40:08+00:00","og_image":[{"width":500,"height":500,"url":"https:\/\/repliquemangacine.fr\/wp-content\/uploads\/2025\/01\/Katana-Coupant-Highlander-hors-de-son-fourreau.jpg","type":"image\/jpeg"}],"twitter_card":"summary_large_image","twitter_misc":{"Tempo di lettura stimato":"3 minuti"},"schema":{"@context":"https:\/\/schema.org","@graph":[{"@type":"WebPage","@id":"https:\/\/repliquemangacine.fr\/katana-forge\/katana-coupant-highlander\/","url":"https:\/\/repliquemangacine.fr\/katana-forge\/katana-coupant-highlander\/","name":"Katana da taglio Highlander - R\u00e9plique Manga Cin\u00e9","isPartOf":{"@id":"https:\/\/repliquemangacine.fr\/#website"},"primaryImageOfPage":{"@id":"https:\/\/repliquemangacine.fr\/katana-forge\/katana-coupant-highlander\/#primaryimage"},"image":{"@id":"https:\/\/repliquemangacine.fr\/katana-forge\/katana-coupant-highlander\/#primaryimage"},"thumbnailUrl":"https:\/\/repliquemangacine.fr\/wp-content\/uploads\/2025\/01\/Katana-Coupant-Highlander-hors-de-son-fourreau.jpg","datePublished":"2025-01-26T17:41:31+00:00","dateModified":"2025-12-12T15:40:08+00:00","description":"Esclusivo! La Katana da taglio Highlander di Connor McLeod. Lama forgiata in acciaio 1045, ad alto tenore di carbonio. Realizzata a mano.","breadcrumb":{"@id":"https:\/\/repliquemangacine.fr\/katana-forge\/katana-coupant-highlander\/#breadcrumb"},"inLanguage":"it-IT","potentialAction":[{"@type":"ReadAction","target":["https:\/\/repliquemangacine.fr\/katana-forge\/katana-coupant-highlander\/"]}]},{"@type":"ImageObject","inLanguage":"it-IT","@id":"https:\/\/repliquemangacine.fr\/katana-forge\/katana-coupant-highlander\/#primaryimage","url":"https:\/\/repliquemangacine.fr\/wp-content\/uploads\/2025\/01\/Katana-Coupant-Highlander-hors-de-son-fourreau.jpg","contentUrl":"https:\/\/repliquemangacine.fr\/wp-content\/uploads\/2025\/01\/Katana-Coupant-Highlander-hors-de-son-fourreau.jpg","width":500,"height":500,"caption":"Katana coupant Highlander de connor Mcleod"},{"@type":"BreadcrumbList","@id":"https:\/\/repliquemangacine.fr\/katana-forge\/katana-coupant-highlander\/#breadcrumb","itemListElement":[{"@type":"ListItem","position":1,"name":"Accueil","item":"https:\/\/repliquemangacine.fr\/"},{"@type":"ListItem","position":2,"name":"Produits","item":"https:\/\/repliquemangacine.fr\/boutique\/"},{"@type":"ListItem","position":3,"name":"Katana coupant Highlander"}]},{"@type":"WebSite","@id":"https:\/\/repliquemangacine.fr\/#website","url":"https:\/\/repliquemangacine.fr\/","name":"R\u00e9plique Manga Cin\u00e9","description":"","publisher":{"@id":"https:\/\/repliquemangacine.fr\/#organization"},"potentialAction":[{"@type":"SearchAction","target":{"@type":"EntryPoint","urlTemplate":"https:\/\/repliquemangacine.fr\/?s={search_term_string}"},"query-input":{"@type":"PropertyValueSpecification","valueRequired":true,"valueName":"search_term_string"}}],"inLanguage":"it-IT"},{"@type":"Organization","@id":"https:\/\/repliquemangacine.fr\/#organization","name":"R\u00e9plique Manga Cin\u00e9","url":"https:\/\/repliquemangacine.fr\/","logo":{"@type":"ImageObject","inLanguage":"it-IT","@id":"https:\/\/repliquemangacine.fr\/#\/schema\/logo\/image\/","url":"https:\/\/repliquemangacine.fr\/wp-content\/uploads\/2023\/10\/RMC-500250.png","contentUrl":"https:\/\/repliquemangacine.fr\/wp-content\/uploads\/2023\/10\/RMC-500250.png","width":500,"height":250,"caption":"R\u00e9plique Manga Cin\u00e9"},"image":{"@id":"https:\/\/repliquemangacine.fr\/#\/schema\/logo\/image\/"},"sameAs":["https:\/\/www.facebook.com\/RepliqueMangaCine","https:\/\/www.instagram.com\/repliquemangacine.fr\/"]}]}},"_links":{"self":[{"href":"https:\/\/repliquemangacine.fr\/it\/wp-json\/wp\/v2\/product\/81554","targetHints":{"allow":["GET"]}}],"collection":[{"href":"https:\/\/repliquemangacine.fr\/it\/wp-json\/wp\/v2\/product"}],"about":[{"href":"https:\/\/repliquemangacine.fr\/it\/wp-json\/wp\/v2\/types\/product"}],"wp:featuredmedia":[{"embeddable":true,"href":"https:\/\/repliquemangacine.fr\/it\/wp-json\/wp\/v2\/media\/81556"}],"wp:attachment":[{"href":"https:\/\/repliquemangacine.fr\/it\/wp-json\/wp\/v2\/media?parent=81554"}],"wp:term":[{"taxonomy":"product_brand","embeddable":true,"href":"https:\/\/repliquemangacine.fr\/it\/wp-json\/wp\/v2\/product_brand?post=81554"},{"taxonomy":"product_cat","embeddable":true,"href":"https:\/\/repliquemangacine.fr\/it\/wp-json\/wp\/v2\/product_cat?post=81554"},{"taxonomy":"product_tag","embeddable":true,"href":"https:\/\/repliquemangacine.fr\/it\/wp-json\/wp\/v2\/product_tag?post=81554"}],"curies":[{"name":"wp","href":"https:\/\/api.w.org\/{rel}","templated":true}]}}