





{"id":81501,"date":"2025-01-23T18:36:22","date_gmt":"2025-01-23T17:36:22","guid":{"rendered":"https:\/\/repliquemangacine.fr\/?post_type=product&#038;p=81501"},"modified":"2026-04-15T12:19:50","modified_gmt":"2026-04-15T10:19:50","slug":"spada-sacra-al-chiaro-di-luna","status":"publish","type":"product","link":"https:\/\/repliquemangacine.fr\/it\/katana-et-epee-de-jeux-video-autre-jeux-video\/epee-holy-moonlight-bloodborne\/","title":{"rendered":"Spada sacra al chiaro di luna - Bloodborne"},"content":{"rendered":"<h2>Spada sacra al chiaro di luna: una lama di mistero e potere<\/h2>\n<p>Per cominciare, il<strong>Spada sacra al chiaro di luna<\/strong>una delle armi pi\u00f9 iconiche del <a href=\"https:\/\/bloodborne.fandom.com\/fr\/wiki\/Bloodborne\" target=\"_blank\" rel=\"noopener noreferrer\">Sanguinolento<\/a>. Particolarmente apprezzata dai giocatori per la sua estetica unica e la sua formidabile potenza. Fa la sua comparsa nel DLC The Old Hunters ed \u00e8 un riferimento diretto alla spada Moonlight Greatsword, un classico della saga Souls di FromSoftware.<\/p>\n<p>Questa spada leggendaria unisce la brutalit\u00e0 di una grande spada all'energia mistica della luna. Offre uno stile di combattimento versatile. Ha due modalit\u00e0:<\/p>\n<ul>\n<li>Forma standard: una spada massiccia dall'aspetto consumato e antico, ideale per un potente combattimento corpo a corpo.<\/li>\n<li>Forma lunare: quando la spada si carica di una luce spettrale verdastra. Sprigiona onde di energia magica, perfette per gli attacchi a distanza.<\/li>\n<\/ul>\n<p>Quest'arma, associata a Ludwig, il primo cacciatore della Chiesa del Rimedio, la brandiva nella sua battaglia contro creature da incubo. \u00c8 un simbolo di luce in un mondo immerso nelle tenebre, che rafforza la sua aura mitica.<\/p>\n<h2>Videogioco Spade e armi leggendarie: Raccogli il potere degli eroi<\/h2>\n<p>Immergetevi nel mondo dei videogiochi con le nostre iconiche armi replica, fedeli alle leggende che incarnano. Scoprite il <a href=\"https:\/\/repliquemangacine.fr\/it\/katana-e-spada-videogiochi-altri-videogiochi\/spada-rossa-regina-diavolo-il-mio-grido\/\">Regina Rossa,<\/a> La spada superpotente di Nero in Devil May Cry. Dotata dell'emblematica impugnatura ad accelerazione per colpi devastanti. Per i fan di Elden Ring, la<a href=\"https:\/\/repliquemangacine.fr\/it\/katana-e-spada-videogiochi-altri-videogiochi\/spada-di-luna-oscura-spada-grande-anello-elden\/\">Spada della Luna Nera<\/a>ispirato alla strega Ranni, offre un design mistico con la sua lama intrisa di energia lunare. E per gli appassionati di battaglie epiche, il <a href=\"https:\/\/repliquemangacine.fr\/it\/katana-e-spada-videogiochi-altri-videogiochi\/ascia-di-kratos-dio-della-guerra\/\">Ascia di Kratos<\/a>di God of War, si distingue per la sua versione fluorescente, che rende omaggio agli effetti runici del gioco. Che siate collezionisti o appassionati di fantasy, queste repliche sono progettate per catturare la potenza e il carisma dei vostri eroi preferiti. In conclusione, prendete il controllo del vostro destino e aggiungete un'arma leggendaria alla vostra collezione!<\/p>\n<h2>Come faccio a mantenere la lama della mia spada Holy Moonlight?<\/h2>\n<p>In primo luogo, le katane da collezione e decorative sono realizzate e assemblate in modo semplificato. Poich\u00e9 il loro uso \u00e8 decorativo, non hanno le caratteristiche di sicurezza richieste da una spada giapponese destinata all'allenamento. Tuttavia, la vostra <strong>Spada sacra al chiaro di luna<\/strong> a una lama d'acciaio che deve essere curata per evitare che si danneggi nel tempo. Quando si espone la katana, gli amici saranno curiosi di vedere la lama e di toccarla. \u00c8 qui che bisogna fare attenzione, perch\u00e9 l'acidit\u00e0 delle dita \u00e8 molto dannosa per l'acciaio, indipendentemente dalla sua qualit\u00e0. Tuttavia, se dovesse succedere, niente panico: \u00e8 sufficiente un panno inumidito con un po' di<a href=\"https:\/\/repliquemangacine.fr\/it\/armi-storiche\/olio-universale-ballistol\/\">Olio universale Ballistol<\/a> e pulire le impronte digitali. Se lo fate, la vostra spada durer\u00e0 a lungo.<\/p>","protected":false},"excerpt":{"rendered":"<p>Replica eccellente della Holy Moonlight Sword del videogioco Bloodborne.<\/p>\n<ul>\n<li>Lama in acciaio inossidabile blu finemente decorata.<\/li>\n<li>Guardia, impugnatura e pomo appositamente sagomati.<\/li>\n<li>Fornito con supporto a parete in legno decorato.<\/li>\n<li>Lunghezza lama: 75,5 cm - Lunghezza totale: 105 cm<\/li>\n<li>Peso: 1500 g<\/li>\n<\/ul>","protected":false},"featured_media":81502,"template":"","meta":[],"product_brand":[896],"product_cat":[67],"product_tag":[],"class_list":{"0":"post-81501","1":"product","2":"type-product","3":"status-publish","4":"has-post-thumbnail","6":"product_brand-replique-manga-cine","7":"product_cat-katana-et-epee-de-jeux-video-autre-jeux-video","9":"first","10":"instock","11":"taxable","12":"shipping-taxable","13":"purchasable","14":"product-type-simple"},"yoast_head":"<!-- This site is optimized with the Yoast SEO plugin v27.5 - https:\/\/yoast.com\/product\/yoast-seo-wordpress\/ -->\n<title>Epe\u0301e Holy Moonlight - Bloodborne - R\u00e9plique Manga Cin\u00e9<\/title>\n<meta name=\"description\" content=\"D\u00e9couvrez l&#039; Epe\u0301e Holy Moonlight dans le jeu vid\u00e9o Bloodborne. Lame en acier inoxydable bleue avec d\u00e9cors. Garde et pommeau de forme sp\u00e9cifique. 100cm\" \/>\n<meta name=\"robots\" content=\"index, follow, max-snippet:-1, max-image-preview:large, max-video-preview:-1\" \/>\n<link rel=\"canonical\" href=\"https:\/\/repliquemangacine.fr\/it\/katana-e-spada-videogiochi-altri-videogiochi\/spada-sacra-al-chiaro-di-luna\/\" \/>\n<meta property=\"og:locale\" content=\"it_IT\" \/>\n<meta property=\"og:type\" content=\"article\" \/>\n<meta property=\"og:title\" content=\"Epe\u0301e Holy Moonlight - Bloodborne - R\u00e9plique Manga Cin\u00e9\" \/>\n<meta property=\"og:description\" content=\"D\u00e9couvrez l&#039; Epe\u0301e Holy Moonlight dans le jeu vid\u00e9o Bloodborne. Lame en acier inoxydable bleue avec d\u00e9cors. Garde et pommeau de forme sp\u00e9cifique. 100cm\" \/>\n<meta property=\"og:url\" content=\"https:\/\/repliquemangacine.fr\/it\/katana-e-spada-videogiochi-altri-videogiochi\/spada-sacra-al-chiaro-di-luna\/\" \/>\n<meta property=\"og:site_name\" content=\"R\u00e9plique Manga Cin\u00e9\" \/>\n<meta property=\"article:publisher\" content=\"https:\/\/www.facebook.com\/RepliqueMangaCine\" \/>\n<meta property=\"article:modified_time\" content=\"2026-04-15T10:19:50+00:00\" \/>\n<meta property=\"og:image\" content=\"https:\/\/repliquemangacine.fr\/wp-content\/uploads\/2025\/01\/Epee-Holy-Moonlight-Bloodborne.jpg\" \/>\n\t<meta property=\"og:image:width\" content=\"500\" \/>\n\t<meta property=\"og:image:height\" content=\"500\" \/>\n\t<meta property=\"og:image:type\" content=\"image\/jpeg\" \/>\n<meta name=\"twitter:card\" content=\"summary_large_image\" \/>\n<meta name=\"twitter:label1\" content=\"Tempo di lettura stimato\" \/>\n\t<meta name=\"twitter:data1\" content=\"3 minuti\" \/>\n<script type=\"application\/ld+json\" class=\"yoast-schema-graph\">{\"@context\":\"https:\\\/\\\/schema.org\",\"@graph\":[{\"@type\":\"WebPage\",\"@id\":\"https:\\\/\\\/repliquemangacine.fr\\\/katana-et-epee-de-jeux-video-autre-jeux-video\\\/epee-holy-moonlight-bloodborne\\\/\",\"url\":\"https:\\\/\\\/repliquemangacine.fr\\\/katana-et-epee-de-jeux-video-autre-jeux-video\\\/epee-holy-moonlight-bloodborne\\\/\",\"name\":\"Epe\u0301e Holy Moonlight - Bloodborne - R\u00e9plique Manga Cin\u00e9\",\"isPartOf\":{\"@id\":\"https:\\\/\\\/repliquemangacine.fr\\\/#website\"},\"primaryImageOfPage\":{\"@id\":\"https:\\\/\\\/repliquemangacine.fr\\\/katana-et-epee-de-jeux-video-autre-jeux-video\\\/epee-holy-moonlight-bloodborne\\\/#primaryimage\"},\"image\":{\"@id\":\"https:\\\/\\\/repliquemangacine.fr\\\/katana-et-epee-de-jeux-video-autre-jeux-video\\\/epee-holy-moonlight-bloodborne\\\/#primaryimage\"},\"thumbnailUrl\":\"https:\\\/\\\/repliquemangacine.fr\\\/wp-content\\\/uploads\\\/2025\\\/01\\\/Epee-Holy-Moonlight-Bloodborne.jpg\",\"datePublished\":\"2025-01-23T17:36:22+00:00\",\"dateModified\":\"2026-04-15T10:19:50+00:00\",\"description\":\"D\u00e9couvrez l' Epe\u0301e Holy Moonlight dans le jeu vid\u00e9o Bloodborne. Lame en acier inoxydable bleue avec d\u00e9cors. Garde et pommeau de forme sp\u00e9cifique. 100cm\",\"breadcrumb\":{\"@id\":\"https:\\\/\\\/repliquemangacine.fr\\\/katana-et-epee-de-jeux-video-autre-jeux-video\\\/epee-holy-moonlight-bloodborne\\\/#breadcrumb\"},\"inLanguage\":\"it-IT\",\"potentialAction\":[{\"@type\":\"ReadAction\",\"target\":[\"https:\\\/\\\/repliquemangacine.fr\\\/katana-et-epee-de-jeux-video-autre-jeux-video\\\/epee-holy-moonlight-bloodborne\\\/\"]}]},{\"@type\":\"ImageObject\",\"inLanguage\":\"it-IT\",\"@id\":\"https:\\\/\\\/repliquemangacine.fr\\\/katana-et-epee-de-jeux-video-autre-jeux-video\\\/epee-holy-moonlight-bloodborne\\\/#primaryimage\",\"url\":\"https:\\\/\\\/repliquemangacine.fr\\\/wp-content\\\/uploads\\\/2025\\\/01\\\/Epee-Holy-Moonlight-Bloodborne.jpg\",\"contentUrl\":\"https:\\\/\\\/repliquemangacine.fr\\\/wp-content\\\/uploads\\\/2025\\\/01\\\/Epee-Holy-Moonlight-Bloodborne.jpg\",\"width\":500,\"height\":500,\"caption\":\"Epe\u0301e Holy Moonlight - Bloodborne\"},{\"@type\":\"BreadcrumbList\",\"@id\":\"https:\\\/\\\/repliquemangacine.fr\\\/katana-et-epee-de-jeux-video-autre-jeux-video\\\/epee-holy-moonlight-bloodborne\\\/#breadcrumb\",\"itemListElement\":[{\"@type\":\"ListItem\",\"position\":1,\"name\":\"Accueil\",\"item\":\"https:\\\/\\\/repliquemangacine.fr\\\/\"},{\"@type\":\"ListItem\",\"position\":2,\"name\":\"Produits\",\"item\":\"https:\\\/\\\/repliquemangacine.fr\\\/boutique\\\/\"},{\"@type\":\"ListItem\",\"position\":3,\"name\":\"Epe\u0301e Holy Moonlight &#8211; Bloodborne\"}]},{\"@type\":\"WebSite\",\"@id\":\"https:\\\/\\\/repliquemangacine.fr\\\/#website\",\"url\":\"https:\\\/\\\/repliquemangacine.fr\\\/\",\"name\":\"R\u00e9plique Manga Cin\u00e9\",\"description\":\"\",\"publisher\":{\"@id\":\"https:\\\/\\\/repliquemangacine.fr\\\/#organization\"},\"potentialAction\":[{\"@type\":\"SearchAction\",\"target\":{\"@type\":\"EntryPoint\",\"urlTemplate\":\"https:\\\/\\\/repliquemangacine.fr\\\/?s={search_term_string}\"},\"query-input\":{\"@type\":\"PropertyValueSpecification\",\"valueRequired\":true,\"valueName\":\"search_term_string\"}}],\"inLanguage\":\"it-IT\"},{\"@type\":\"Organization\",\"@id\":\"https:\\\/\\\/repliquemangacine.fr\\\/#organization\",\"name\":\"R\u00e9plique Manga Cin\u00e9\",\"url\":\"https:\\\/\\\/repliquemangacine.fr\\\/\",\"logo\":{\"@type\":\"ImageObject\",\"inLanguage\":\"it-IT\",\"@id\":\"https:\\\/\\\/repliquemangacine.fr\\\/#\\\/schema\\\/logo\\\/image\\\/\",\"url\":\"https:\\\/\\\/repliquemangacine.fr\\\/wp-content\\\/uploads\\\/2023\\\/10\\\/RMC-500250.png\",\"contentUrl\":\"https:\\\/\\\/repliquemangacine.fr\\\/wp-content\\\/uploads\\\/2023\\\/10\\\/RMC-500250.png\",\"width\":500,\"height\":250,\"caption\":\"R\u00e9plique Manga Cin\u00e9\"},\"image\":{\"@id\":\"https:\\\/\\\/repliquemangacine.fr\\\/#\\\/schema\\\/logo\\\/image\\\/\"},\"sameAs\":[\"https:\\\/\\\/www.facebook.com\\\/RepliqueMangaCine\",\"https:\\\/\\\/www.instagram.com\\\/repliquemangacine.fr\\\/\"]}]}<\/script>\n<!-- \/ Yoast SEO plugin. -->","yoast_head_json":{"title":"Spada sacra al chiaro di luna - Bloodborne - R\u00e9plique Manga Cin\u00e9","description":"Scopri la spada Holy Moonlight nel videogioco Bloodborne. Lama in acciaio inossidabile blu con decorazioni. Guardia e pomo di forma speciale. Lunghezza 100 cm","robots":{"index":"index","follow":"follow","max-snippet":"max-snippet:-1","max-image-preview":"max-image-preview:large","max-video-preview":"max-video-preview:-1"},"canonical":"https:\/\/repliquemangacine.fr\/it\/katana-e-spada-videogiochi-altri-videogiochi\/spada-sacra-al-chiaro-di-luna\/","og_locale":"it_IT","og_type":"article","og_title":"Epe\u0301e Holy Moonlight - Bloodborne - R\u00e9plique Manga Cin\u00e9","og_description":"D\u00e9couvrez l' Epe\u0301e Holy Moonlight dans le jeu vid\u00e9o Bloodborne. Lame en acier inoxydable bleue avec d\u00e9cors. Garde et pommeau de forme sp\u00e9cifique. 100cm","og_url":"https:\/\/repliquemangacine.fr\/it\/katana-e-spada-videogiochi-altri-videogiochi\/spada-sacra-al-chiaro-di-luna\/","og_site_name":"R\u00e9plique Manga Cin\u00e9","article_publisher":"https:\/\/www.facebook.com\/RepliqueMangaCine","article_modified_time":"2026-04-15T10:19:50+00:00","og_image":[{"width":500,"height":500,"url":"https:\/\/repliquemangacine.fr\/wp-content\/uploads\/2025\/01\/Epee-Holy-Moonlight-Bloodborne.jpg","type":"image\/jpeg"}],"twitter_card":"summary_large_image","twitter_misc":{"Tempo di lettura stimato":"3 minuti"},"schema":{"@context":"https:\/\/schema.org","@graph":[{"@type":"WebPage","@id":"https:\/\/repliquemangacine.fr\/katana-et-epee-de-jeux-video-autre-jeux-video\/epee-holy-moonlight-bloodborne\/","url":"https:\/\/repliquemangacine.fr\/katana-et-epee-de-jeux-video-autre-jeux-video\/epee-holy-moonlight-bloodborne\/","name":"Spada sacra al chiaro di luna - Bloodborne - R\u00e9plique Manga Cin\u00e9","isPartOf":{"@id":"https:\/\/repliquemangacine.fr\/#website"},"primaryImageOfPage":{"@id":"https:\/\/repliquemangacine.fr\/katana-et-epee-de-jeux-video-autre-jeux-video\/epee-holy-moonlight-bloodborne\/#primaryimage"},"image":{"@id":"https:\/\/repliquemangacine.fr\/katana-et-epee-de-jeux-video-autre-jeux-video\/epee-holy-moonlight-bloodborne\/#primaryimage"},"thumbnailUrl":"https:\/\/repliquemangacine.fr\/wp-content\/uploads\/2025\/01\/Epee-Holy-Moonlight-Bloodborne.jpg","datePublished":"2025-01-23T17:36:22+00:00","dateModified":"2026-04-15T10:19:50+00:00","description":"Scopri la spada Holy Moonlight nel videogioco Bloodborne. Lama in acciaio inossidabile blu con decorazioni. Guardia e pomo di forma speciale. Lunghezza 100 cm","breadcrumb":{"@id":"https:\/\/repliquemangacine.fr\/katana-et-epee-de-jeux-video-autre-jeux-video\/epee-holy-moonlight-bloodborne\/#breadcrumb"},"inLanguage":"it-IT","potentialAction":[{"@type":"ReadAction","target":["https:\/\/repliquemangacine.fr\/katana-et-epee-de-jeux-video-autre-jeux-video\/epee-holy-moonlight-bloodborne\/"]}]},{"@type":"ImageObject","inLanguage":"it-IT","@id":"https:\/\/repliquemangacine.fr\/katana-et-epee-de-jeux-video-autre-jeux-video\/epee-holy-moonlight-bloodborne\/#primaryimage","url":"https:\/\/repliquemangacine.fr\/wp-content\/uploads\/2025\/01\/Epee-Holy-Moonlight-Bloodborne.jpg","contentUrl":"https:\/\/repliquemangacine.fr\/wp-content\/uploads\/2025\/01\/Epee-Holy-Moonlight-Bloodborne.jpg","width":500,"height":500,"caption":"Epe\u0301e Holy Moonlight - Bloodborne"},{"@type":"BreadcrumbList","@id":"https:\/\/repliquemangacine.fr\/katana-et-epee-de-jeux-video-autre-jeux-video\/epee-holy-moonlight-bloodborne\/#breadcrumb","itemListElement":[{"@type":"ListItem","position":1,"name":"Accueil","item":"https:\/\/repliquemangacine.fr\/"},{"@type":"ListItem","position":2,"name":"Produits","item":"https:\/\/repliquemangacine.fr\/boutique\/"},{"@type":"ListItem","position":3,"name":"Epe\u0301e Holy Moonlight &#8211; Bloodborne"}]},{"@type":"WebSite","@id":"https:\/\/repliquemangacine.fr\/#website","url":"https:\/\/repliquemangacine.fr\/","name":"R\u00e9plique Manga Cin\u00e9","description":"","publisher":{"@id":"https:\/\/repliquemangacine.fr\/#organization"},"potentialAction":[{"@type":"SearchAction","target":{"@type":"EntryPoint","urlTemplate":"https:\/\/repliquemangacine.fr\/?s={search_term_string}"},"query-input":{"@type":"PropertyValueSpecification","valueRequired":true,"valueName":"search_term_string"}}],"inLanguage":"it-IT"},{"@type":"Organization","@id":"https:\/\/repliquemangacine.fr\/#organization","name":"R\u00e9plique Manga Cin\u00e9","url":"https:\/\/repliquemangacine.fr\/","logo":{"@type":"ImageObject","inLanguage":"it-IT","@id":"https:\/\/repliquemangacine.fr\/#\/schema\/logo\/image\/","url":"https:\/\/repliquemangacine.fr\/wp-content\/uploads\/2023\/10\/RMC-500250.png","contentUrl":"https:\/\/repliquemangacine.fr\/wp-content\/uploads\/2023\/10\/RMC-500250.png","width":500,"height":250,"caption":"R\u00e9plique Manga Cin\u00e9"},"image":{"@id":"https:\/\/repliquemangacine.fr\/#\/schema\/logo\/image\/"},"sameAs":["https:\/\/www.facebook.com\/RepliqueMangaCine","https:\/\/www.instagram.com\/repliquemangacine.fr\/"]}]}},"_links":{"self":[{"href":"https:\/\/repliquemangacine.fr\/it\/wp-json\/wp\/v2\/product\/81501","targetHints":{"allow":["GET"]}}],"collection":[{"href":"https:\/\/repliquemangacine.fr\/it\/wp-json\/wp\/v2\/product"}],"about":[{"href":"https:\/\/repliquemangacine.fr\/it\/wp-json\/wp\/v2\/types\/product"}],"wp:featuredmedia":[{"embeddable":true,"href":"https:\/\/repliquemangacine.fr\/it\/wp-json\/wp\/v2\/media\/81502"}],"wp:attachment":[{"href":"https:\/\/repliquemangacine.fr\/it\/wp-json\/wp\/v2\/media?parent=81501"}],"wp:term":[{"taxonomy":"product_brand","embeddable":true,"href":"https:\/\/repliquemangacine.fr\/it\/wp-json\/wp\/v2\/product_brand?post=81501"},{"taxonomy":"product_cat","embeddable":true,"href":"https:\/\/repliquemangacine.fr\/it\/wp-json\/wp\/v2\/product_cat?post=81501"},{"taxonomy":"product_tag","embeddable":true,"href":"https:\/\/repliquemangacine.fr\/it\/wp-json\/wp\/v2\/product_tag?post=81501"}],"curies":[{"name":"wp","href":"https:\/\/api.w.org\/{rel}","templated":true}]}}