





{"id":81495,"date":"2025-01-23T14:32:44","date_gmt":"2025-01-23T13:32:44","guid":{"rendered":"https:\/\/repliquemangacine.fr\/?post_type=product&#038;p=81495"},"modified":"2026-04-20T19:31:41","modified_gmt":"2026-04-20T17:31:41","slug":"fondina-singola-per-mancini","status":"publish","type":"product","link":"https:\/\/repliquemangacine.fr\/it\/holster-western-ceinturon\/holster-simple-pour-gaucher\/","title":{"rendered":"Fondina singola per mancini"},"content":{"rendered":"<h2>Fondina singola in pelle per mancini.<\/h2>\n<p>Per cominciare, questa semplice fondina per mancini, appositamente progettata per contenere una pistola, ma sul lato sinistro. Questa cintura ha una cartucciera per inserire proiettili finti.<\/p>\n<p>Generalmente progettata per l'uso con una sola mano. Ci\u00f2 consente di rimuovere e\/o sostituire l'arma con la stessa mano. Per rimettere la pistola nella fondina con una sola mano \u00e8 necessario un materiale rigido. Tradizionalmente \u00e8 fissata alla cintura tramite un'imbracatura.<\/p>\n<p>\u00c8 diventata popolare nei film western e nelle famose scene di duello. L'estrazione della pistola in alcuni film \u00e8 piuttosto spettacolare e ci sono alcune prodezze tecniche per rimetterla a posto.<\/p>\n<h2>La vostra fondina singola per mancini al miglior prezzo.<\/h2>\n<p>Offriamo un'ampia gamma di accessori western.<\/p>\n<p>Innanzitutto,<\/p>\n<ul>\n<li>Per la fondina \u00e8 necessario un revolver come il modello <a href=\"https:\/\/repliquemangacine.fr\/it\/pistola-kolser\/colt-45-lucidato-4-75-pollici-1873-caso-kolser\/\">Peacekeeper Colt 45 lucidato<\/a> il marchio <a href=\"https:\/\/kolser.com\/\" target=\"_blank\" rel=\"noopener noreferrer\">Kolser<\/a>.<\/li>\n<li>Ci sono anche <a href=\"https:\/\/repliquemangacine.fr\/it\/denix\/colt-denix-dummy-bullets-accessorio-western\/\">proiettili finti per Colt Denix<\/a> per riempire l'astuccio della cartuccia.<\/li>\n<li>Cos\u00ec come il <a href=\"https:\/\/repliquemangacine.fr\/it\/denix\/supporto-in-legno-per-colt\/\">supporto alla presentazione<\/a> della vostra Colt.<\/li>\n<li>E molti altri da scoprire nel nostro negozio online!<\/li>\n<\/ul>\n<p>Ecco perch\u00e9 \u00e8 un'ottima idea regalo per tutti gli amanti delle armi western.<\/p>\n<p>In conclusione, potete utilizzare questa semplice fondina per revolver per le vostre rievocazioni e rappresentazioni western. Questa arma \u00e8 innanzitutto un oggetto da collezione e da esposizione.<\/p>\n<p>R\u00e9plique Manga Cin\u00e9 \u00e8 un'azienda francese, distributore ufficiale dei marchi Denix e Kolser.<\/p>\n<h2>Come vengono realizzati gli accessori western?<\/h2>\n<p>Per cominciare, tutti i nostri prodotti derivati sono di altissima qualit\u00e0, realizzati con una meticolosa attenzione ai dettagli. Alcuni di essi sono realizzati a mano, per riprodurre i minimi dettagli. Le parti pi\u00f9 importanti sono lavorate con macchine molto precise. Le incisioni sono generalmente realizzate con una punta di diamante o con il laser.<\/p>\n<p>La tua fondina semplice per Colt, realizzata per riprodurre fedelmente ogni dettaglio. Per essere all'altezza dell'eredit\u00e0 dei capolavori originali. L'accento \u00e8 posto sulla creazione di repliche di alta qualit\u00e0 che siano il pi\u00f9 possibile accurate dal punto di vista storico.<\/p>\n<p>In conclusione, importate dalla Cina, dalla Spagna o dall'India, le nostre repliche vi stupiranno!<\/p>","protected":false},"excerpt":{"rendered":"<p>Questa speciale cintura western per mancini \u00e8 realizzata in pelle spessa e modellata ed \u00e8 di altissima qualit\u00e0.<\/p>\n<ul>\n<li>Realizzato e cucito a mano.<\/li>\n<li><strong>Speciale per mancini<\/strong><\/li>\n<li>Con finiture in vera pelle.<\/li>\n<li>Fibbia da cintura in metallo.<\/li>\n<li>Cinghie di supporto.<\/li>\n<li>Nastro della cartuccia.<\/li>\n<li>Fornito senza proiettili finti.<\/li>\n<li>Lunghezza 112 cm.<\/li>\n<\/ul>","protected":false},"featured_media":81496,"template":"","meta":[],"product_brand":[896],"product_cat":[45,90,64],"product_tag":[],"class_list":{"0":"post-81495","1":"product","2":"type-product","3":"status-publish","4":"has-post-thumbnail","6":"product_brand-replique-manga-cine","7":"product_cat-holster-western-ceinturon","8":"product_cat-holster-accessoires-western","9":"product_cat-western-repliques-armes","11":"first","12":"outofstock","13":"taxable","14":"shipping-taxable","15":"purchasable","16":"product-type-simple"},"yoast_head":"<!-- This site is optimized with the Yoast SEO plugin v27.4 - https:\/\/yoast.com\/product\/yoast-seo-wordpress\/ -->\n<title>Holster simple pour Gaucher - R\u00e9plique Manga Cin\u00e9<\/title>\n<meta name=\"description\" content=\"Superbe Holster simple pour Gaucher. Cartouchi\u00e8re. Muni de pi\u00e8ces d\u00e9coratives en cuir v\u00e9ritable. Boucle de ceinturon en m\u00e9tal. Lani\u00e8res de maintien. 112 cm\" \/>\n<meta name=\"robots\" content=\"index, follow, max-snippet:-1, max-image-preview:large, max-video-preview:-1\" \/>\n<link rel=\"canonical\" href=\"https:\/\/repliquemangacine.fr\/it\/fondina-da-cintura-western\/fondina-singola-per-mancini\/\" \/>\n<meta property=\"og:locale\" content=\"it_IT\" \/>\n<meta property=\"og:type\" content=\"article\" \/>\n<meta property=\"og:title\" content=\"Holster simple pour Gaucher - R\u00e9plique Manga Cin\u00e9\" \/>\n<meta property=\"og:description\" content=\"Superbe Holster simple pour Gaucher. Cartouchi\u00e8re. Muni de pi\u00e8ces d\u00e9coratives en cuir v\u00e9ritable. Boucle de ceinturon en m\u00e9tal. Lani\u00e8res de maintien. 112 cm\" \/>\n<meta property=\"og:url\" content=\"https:\/\/repliquemangacine.fr\/it\/fondina-da-cintura-western\/fondina-singola-per-mancini\/\" \/>\n<meta property=\"og:site_name\" content=\"R\u00e9plique Manga Cin\u00e9\" \/>\n<meta property=\"article:publisher\" content=\"https:\/\/www.facebook.com\/RepliqueMangaCine\" \/>\n<meta property=\"article:modified_time\" content=\"2026-04-20T17:31:41+00:00\" \/>\n<meta property=\"og:image\" content=\"https:\/\/repliquemangacine.fr\/wp-content\/uploads\/2025\/01\/Holster-simple-pour-gaucher.jpg\" \/>\n\t<meta property=\"og:image:width\" content=\"500\" \/>\n\t<meta property=\"og:image:height\" content=\"500\" \/>\n\t<meta property=\"og:image:type\" content=\"image\/jpeg\" \/>\n<meta name=\"twitter:card\" content=\"summary_large_image\" \/>\n<meta name=\"twitter:label1\" content=\"Tempo di lettura stimato\" \/>\n\t<meta name=\"twitter:data1\" content=\"2 minuti\" \/>\n<script type=\"application\/ld+json\" class=\"yoast-schema-graph\">{\"@context\":\"https:\\\/\\\/schema.org\",\"@graph\":[{\"@type\":\"WebPage\",\"@id\":\"https:\\\/\\\/repliquemangacine.fr\\\/holster-western-ceinturon\\\/holster-simple-pour-gaucher\\\/\",\"url\":\"https:\\\/\\\/repliquemangacine.fr\\\/holster-western-ceinturon\\\/holster-simple-pour-gaucher\\\/\",\"name\":\"Holster simple pour Gaucher - R\u00e9plique Manga Cin\u00e9\",\"isPartOf\":{\"@id\":\"https:\\\/\\\/repliquemangacine.fr\\\/#website\"},\"primaryImageOfPage\":{\"@id\":\"https:\\\/\\\/repliquemangacine.fr\\\/holster-western-ceinturon\\\/holster-simple-pour-gaucher\\\/#primaryimage\"},\"image\":{\"@id\":\"https:\\\/\\\/repliquemangacine.fr\\\/holster-western-ceinturon\\\/holster-simple-pour-gaucher\\\/#primaryimage\"},\"thumbnailUrl\":\"https:\\\/\\\/repliquemangacine.fr\\\/wp-content\\\/uploads\\\/2025\\\/01\\\/Holster-simple-pour-gaucher.jpg\",\"datePublished\":\"2025-01-23T13:32:44+00:00\",\"dateModified\":\"2026-04-20T17:31:41+00:00\",\"description\":\"Superbe Holster simple pour Gaucher. Cartouchi\u00e8re. Muni de pi\u00e8ces d\u00e9coratives en cuir v\u00e9ritable. Boucle de ceinturon en m\u00e9tal. Lani\u00e8res de maintien. 112 cm\",\"breadcrumb\":{\"@id\":\"https:\\\/\\\/repliquemangacine.fr\\\/holster-western-ceinturon\\\/holster-simple-pour-gaucher\\\/#breadcrumb\"},\"inLanguage\":\"it-IT\",\"potentialAction\":[{\"@type\":\"ReadAction\",\"target\":[\"https:\\\/\\\/repliquemangacine.fr\\\/holster-western-ceinturon\\\/holster-simple-pour-gaucher\\\/\"]}]},{\"@type\":\"ImageObject\",\"inLanguage\":\"it-IT\",\"@id\":\"https:\\\/\\\/repliquemangacine.fr\\\/holster-western-ceinturon\\\/holster-simple-pour-gaucher\\\/#primaryimage\",\"url\":\"https:\\\/\\\/repliquemangacine.fr\\\/wp-content\\\/uploads\\\/2025\\\/01\\\/Holster-simple-pour-gaucher.jpg\",\"contentUrl\":\"https:\\\/\\\/repliquemangacine.fr\\\/wp-content\\\/uploads\\\/2025\\\/01\\\/Holster-simple-pour-gaucher.jpg\",\"width\":500,\"height\":500,\"caption\":\"Holster simple pour gaucher\"},{\"@type\":\"BreadcrumbList\",\"@id\":\"https:\\\/\\\/repliquemangacine.fr\\\/holster-western-ceinturon\\\/holster-simple-pour-gaucher\\\/#breadcrumb\",\"itemListElement\":[{\"@type\":\"ListItem\",\"position\":1,\"name\":\"Accueil\",\"item\":\"https:\\\/\\\/repliquemangacine.fr\\\/\"},{\"@type\":\"ListItem\",\"position\":2,\"name\":\"Produits\",\"item\":\"https:\\\/\\\/repliquemangacine.fr\\\/boutique\\\/\"},{\"@type\":\"ListItem\",\"position\":3,\"name\":\"Holster simple pour Gaucher\"}]},{\"@type\":\"WebSite\",\"@id\":\"https:\\\/\\\/repliquemangacine.fr\\\/#website\",\"url\":\"https:\\\/\\\/repliquemangacine.fr\\\/\",\"name\":\"R\u00e9plique Manga Cin\u00e9\",\"description\":\"\",\"publisher\":{\"@id\":\"https:\\\/\\\/repliquemangacine.fr\\\/#organization\"},\"potentialAction\":[{\"@type\":\"SearchAction\",\"target\":{\"@type\":\"EntryPoint\",\"urlTemplate\":\"https:\\\/\\\/repliquemangacine.fr\\\/?s={search_term_string}\"},\"query-input\":{\"@type\":\"PropertyValueSpecification\",\"valueRequired\":true,\"valueName\":\"search_term_string\"}}],\"inLanguage\":\"it-IT\"},{\"@type\":\"Organization\",\"@id\":\"https:\\\/\\\/repliquemangacine.fr\\\/#organization\",\"name\":\"R\u00e9plique Manga Cin\u00e9\",\"url\":\"https:\\\/\\\/repliquemangacine.fr\\\/\",\"logo\":{\"@type\":\"ImageObject\",\"inLanguage\":\"it-IT\",\"@id\":\"https:\\\/\\\/repliquemangacine.fr\\\/#\\\/schema\\\/logo\\\/image\\\/\",\"url\":\"https:\\\/\\\/repliquemangacine.fr\\\/wp-content\\\/uploads\\\/2023\\\/10\\\/RMC-500250.png\",\"contentUrl\":\"https:\\\/\\\/repliquemangacine.fr\\\/wp-content\\\/uploads\\\/2023\\\/10\\\/RMC-500250.png\",\"width\":500,\"height\":250,\"caption\":\"R\u00e9plique Manga Cin\u00e9\"},\"image\":{\"@id\":\"https:\\\/\\\/repliquemangacine.fr\\\/#\\\/schema\\\/logo\\\/image\\\/\"},\"sameAs\":[\"https:\\\/\\\/www.facebook.com\\\/RepliqueMangaCine\",\"https:\\\/\\\/www.instagram.com\\\/repliquemangacine.fr\\\/\"]}]}<\/script>\n<!-- \/ Yoast SEO plugin. -->","yoast_head_json":{"title":"Fondina singola per mancini - R\u00e9plique Manga Cin\u00e9","description":"Eccellente fondina singola per mancini. Custodia per cartucce. Dotata di decorazioni in vera pelle. Fibbia da cintura in metallo. Cinghie di fissaggio. Lunghezza 112 cm","robots":{"index":"index","follow":"follow","max-snippet":"max-snippet:-1","max-image-preview":"max-image-preview:large","max-video-preview":"max-video-preview:-1"},"canonical":"https:\/\/repliquemangacine.fr\/it\/fondina-da-cintura-western\/fondina-singola-per-mancini\/","og_locale":"it_IT","og_type":"article","og_title":"Holster simple pour Gaucher - R\u00e9plique Manga Cin\u00e9","og_description":"Superbe Holster simple pour Gaucher. Cartouchi\u00e8re. Muni de pi\u00e8ces d\u00e9coratives en cuir v\u00e9ritable. Boucle de ceinturon en m\u00e9tal. Lani\u00e8res de maintien. 112 cm","og_url":"https:\/\/repliquemangacine.fr\/it\/fondina-da-cintura-western\/fondina-singola-per-mancini\/","og_site_name":"R\u00e9plique Manga Cin\u00e9","article_publisher":"https:\/\/www.facebook.com\/RepliqueMangaCine","article_modified_time":"2026-04-20T17:31:41+00:00","og_image":[{"width":500,"height":500,"url":"https:\/\/repliquemangacine.fr\/wp-content\/uploads\/2025\/01\/Holster-simple-pour-gaucher.jpg","type":"image\/jpeg"}],"twitter_card":"summary_large_image","twitter_misc":{"Tempo di lettura stimato":"2 minuti"},"schema":{"@context":"https:\/\/schema.org","@graph":[{"@type":"WebPage","@id":"https:\/\/repliquemangacine.fr\/holster-western-ceinturon\/holster-simple-pour-gaucher\/","url":"https:\/\/repliquemangacine.fr\/holster-western-ceinturon\/holster-simple-pour-gaucher\/","name":"Fondina singola per mancini - R\u00e9plique Manga Cin\u00e9","isPartOf":{"@id":"https:\/\/repliquemangacine.fr\/#website"},"primaryImageOfPage":{"@id":"https:\/\/repliquemangacine.fr\/holster-western-ceinturon\/holster-simple-pour-gaucher\/#primaryimage"},"image":{"@id":"https:\/\/repliquemangacine.fr\/holster-western-ceinturon\/holster-simple-pour-gaucher\/#primaryimage"},"thumbnailUrl":"https:\/\/repliquemangacine.fr\/wp-content\/uploads\/2025\/01\/Holster-simple-pour-gaucher.jpg","datePublished":"2025-01-23T13:32:44+00:00","dateModified":"2026-04-20T17:31:41+00:00","description":"Eccellente fondina singola per mancini. Custodia per cartucce. Dotata di decorazioni in vera pelle. Fibbia da cintura in metallo. Cinghie di fissaggio. Lunghezza 112 cm","breadcrumb":{"@id":"https:\/\/repliquemangacine.fr\/holster-western-ceinturon\/holster-simple-pour-gaucher\/#breadcrumb"},"inLanguage":"it-IT","potentialAction":[{"@type":"ReadAction","target":["https:\/\/repliquemangacine.fr\/holster-western-ceinturon\/holster-simple-pour-gaucher\/"]}]},{"@type":"ImageObject","inLanguage":"it-IT","@id":"https:\/\/repliquemangacine.fr\/holster-western-ceinturon\/holster-simple-pour-gaucher\/#primaryimage","url":"https:\/\/repliquemangacine.fr\/wp-content\/uploads\/2025\/01\/Holster-simple-pour-gaucher.jpg","contentUrl":"https:\/\/repliquemangacine.fr\/wp-content\/uploads\/2025\/01\/Holster-simple-pour-gaucher.jpg","width":500,"height":500,"caption":"Holster simple pour gaucher"},{"@type":"BreadcrumbList","@id":"https:\/\/repliquemangacine.fr\/holster-western-ceinturon\/holster-simple-pour-gaucher\/#breadcrumb","itemListElement":[{"@type":"ListItem","position":1,"name":"Accueil","item":"https:\/\/repliquemangacine.fr\/"},{"@type":"ListItem","position":2,"name":"Produits","item":"https:\/\/repliquemangacine.fr\/boutique\/"},{"@type":"ListItem","position":3,"name":"Holster simple pour Gaucher"}]},{"@type":"WebSite","@id":"https:\/\/repliquemangacine.fr\/#website","url":"https:\/\/repliquemangacine.fr\/","name":"R\u00e9plique Manga Cin\u00e9","description":"","publisher":{"@id":"https:\/\/repliquemangacine.fr\/#organization"},"potentialAction":[{"@type":"SearchAction","target":{"@type":"EntryPoint","urlTemplate":"https:\/\/repliquemangacine.fr\/?s={search_term_string}"},"query-input":{"@type":"PropertyValueSpecification","valueRequired":true,"valueName":"search_term_string"}}],"inLanguage":"it-IT"},{"@type":"Organization","@id":"https:\/\/repliquemangacine.fr\/#organization","name":"R\u00e9plique Manga Cin\u00e9","url":"https:\/\/repliquemangacine.fr\/","logo":{"@type":"ImageObject","inLanguage":"it-IT","@id":"https:\/\/repliquemangacine.fr\/#\/schema\/logo\/image\/","url":"https:\/\/repliquemangacine.fr\/wp-content\/uploads\/2023\/10\/RMC-500250.png","contentUrl":"https:\/\/repliquemangacine.fr\/wp-content\/uploads\/2023\/10\/RMC-500250.png","width":500,"height":250,"caption":"R\u00e9plique Manga Cin\u00e9"},"image":{"@id":"https:\/\/repliquemangacine.fr\/#\/schema\/logo\/image\/"},"sameAs":["https:\/\/www.facebook.com\/RepliqueMangaCine","https:\/\/www.instagram.com\/repliquemangacine.fr\/"]}]}},"_links":{"self":[{"href":"https:\/\/repliquemangacine.fr\/it\/wp-json\/wp\/v2\/product\/81495","targetHints":{"allow":["GET"]}}],"collection":[{"href":"https:\/\/repliquemangacine.fr\/it\/wp-json\/wp\/v2\/product"}],"about":[{"href":"https:\/\/repliquemangacine.fr\/it\/wp-json\/wp\/v2\/types\/product"}],"wp:featuredmedia":[{"embeddable":true,"href":"https:\/\/repliquemangacine.fr\/it\/wp-json\/wp\/v2\/media\/81496"}],"wp:attachment":[{"href":"https:\/\/repliquemangacine.fr\/it\/wp-json\/wp\/v2\/media?parent=81495"}],"wp:term":[{"taxonomy":"product_brand","embeddable":true,"href":"https:\/\/repliquemangacine.fr\/it\/wp-json\/wp\/v2\/product_brand?post=81495"},{"taxonomy":"product_cat","embeddable":true,"href":"https:\/\/repliquemangacine.fr\/it\/wp-json\/wp\/v2\/product_cat?post=81495"},{"taxonomy":"product_tag","embeddable":true,"href":"https:\/\/repliquemangacine.fr\/it\/wp-json\/wp\/v2\/product_tag?post=81495"}],"curies":[{"name":"wp","href":"https:\/\/api.w.org\/{rel}","templated":true}]}}