





{"id":81448,"date":"2025-01-21T20:03:17","date_gmt":"2025-01-21T19:03:17","guid":{"rendered":"https:\/\/repliquemangacine.fr\/?post_type=product&#038;p=81448"},"modified":"2025-12-28T14:42:59","modified_gmt":"2025-12-28T13:42:59","slug":"ame-no-habakiri-luce-a-led-un-pezzo-unico","status":"publish","type":"product","link":"https:\/\/repliquemangacine.fr\/it\/katana-lumineux-one-piece\/ame-no-habakiri-lumineux-leds-one-piece\/","title":{"rendered":"Ame no Habakiri Luminoso (Led) - Pezzo unico"},"content":{"rendered":"<h2>Katana Ame no Habakiri Luminosa in One Piece<\/h2>\n<p>Ecco un nuovo articolo: la katana.\u00a0 <strong>Luce Ame no Habakiri<\/strong>un'arma leggendaria nell'universo di One Piece. Questa replica unica \u00e8 alimentata a batteria e illuminata da LED integrati, che aggiungono un tocco spettacolare a quest'arma leggendaria. Premendo un pulsante di accensione e spegnimento, discretamente nascosto per preservare l'estetica della katana, la lama si illumina istantaneamente, ricreando il sacro potere di Ame no Habakiri.<\/p>\n<p>Indossata da Kozuki Oden e rinomata per la sua capacit\u00e0 di fendere persino il cielo. Questa katana simboleggia la grandezza e la leggenda dei samurai Wano. L'Ame no Habakiri \u00e8 uno dei 21 \u00f4 Wazamono, o <a href=\"https:\/\/onepiece.fandom.com\/fr\/wiki\/Meito\" target=\"_blank\" rel=\"noopener noreferrer\">Meito<\/a> di classe inferiore a Saijo \u00f4 Wazamono, ma di classe superiore a Ryo Wazamono.<\/p>\n<p>Grazie a questa innovazione tecnologica, avrete molto di pi\u00f9 di una semplice replica: si tratta di un vero e proprio oggetto da collezione interattivo che combina una qualit\u00e0 eccezionale con un'immersione visiva. Una novit\u00e0 assoluta per i fan di One Piece, ideale per arricchire una collezione o per completare un epico cosplay.<\/p>\n<h2>Scopri le altre katane leggere di Demon Slayer<\/h2>\n<p>Oltre alla katana Ame no Habakiri, la gamma di katane luminose di One Piece comprende anche altre impressionanti repliche.<\/p>\n<ul>\n<li>Le<a href=\"https:\/\/repliquemangacine.fr\/it\/katana-monopezzo\/katana-shusui-pezzo-unico-luminoso\/\"> katana Shusui luminosa<\/a> conosciuto come \"il maledetto\" con la sua lama decorata e i LED rosa, assolutamente sublime!<\/li>\n<li>Oltre all'essenziale <a href=\"https:\/\/repliquemangacine.fr\/it\/katana-leggera-monopezzo\/costume-intero-luminoso-katana-ichimonji\/\">Katana luminosa Ichimonji<\/a> Il celio di Zoro, che tiene tra i denti.<\/li>\n<li>C'\u00e8 anche il <a href=\"https:\/\/repliquemangacine.fr\/it\/katana-leggera-monopezzo\/katana-enma-led-light-one-piece\/\">Katana leggera Enma<\/a> nella versione viola, con lama decorata e LED bianchi.<\/li>\n<li>E molti altri da scoprire nel nostro negozio online. Trova tutti i modelli di One Piece, dalla mini-katana alla katana in legno o metallo, affilata o meno.<\/li>\n<\/ul>\n<p>In conclusione, \u00e8 possibile utilizzare questa Katana Ame no Habakiri anche per le sfilate di cosplay o le feste a tema. Ma soprattutto, la Katana di Zoro \u00e8 anche un oggetto da collezione e un pezzo decorativo.<\/p>\n<h2>L'innovazione al servizio degli appassionati: eccezionali katane luminose<\/h2>\n<p>Il mondo delle repliche di katana ha raggiunto un nuovo livello con questi modelli luminosi. Ed \u00e8 una rivoluzione per i fan di Demon Slayer. Cos\u00ec come la loro qualit\u00e0 costruttiva e la loro fedelt\u00e0 alle armi viste nell'anime. Queste katane sono dotate di tecnologia LED che aggiunge una nuova dimensione immersiva. Ogni katana diventa molto pi\u00f9 di un semplice oggetto da collezione. \u00c8 un elemento veramente interattivo, in grado di brillare e di evocare il potere dei personaggi che rappresenta. I LED sono facilmente attivabili tramite un pulsante discreto, in modo da poter godere appieno dell'esperienza. Che si tratti di mostre, foto o anche di cosplay. Questa innovazione, che unisce tradizione e tecnologia, rende le katane luminose una rivoluzione per gli appassionati che cercano repliche autentiche ma innovative. Se volete arricchire la vostra collezione con qualcosa di unico e sorprendente, allora queste katane luminose fanno al caso vostro!<\/p>","protected":false},"excerpt":{"rendered":"<p>Splendida replica della Katana Ame no Habakiri in versione luminosa (LED) in One Piece<\/p>\n<ul>\n<li>Lama in metallo sulla parte superiore con decorazioni, parte inferiore in ABS spesso con LED all'interno.<br \/>\nPulsante di accensione\/spegnimento discreto e facile da usare<br \/>\nProtezione metallica appositamente sagomata<br \/>\nManico decorato e laccato<br \/>\nL'estremit\u00e0 del manico pu\u00f2 essere staccata per inserire due batterie AAA (non fornite).<br \/>\nFodero in legno laccato bianco con ornamento.<br \/>\nLunghezza lama: 67 cm - Lunghezza totale: 103 cm - Peso: 1040 gr (con fodero)<\/li>\n<\/ul>\n<p>&nbsp;<\/p>","protected":false},"featured_media":81449,"template":"","meta":[],"product_brand":[896],"product_cat":[868,871,36],"product_tag":[],"class_list":{"0":"post-81448","1":"product","2":"type-product","3":"status-publish","4":"has-post-thumbnail","6":"product_brand-replique-manga-cine","7":"product_cat-katana-lumineux","8":"product_cat-katana-lumineux-one-piece","9":"product_cat-katana-one-piece","11":"first","12":"instock","13":"sale","14":"taxable","15":"shipping-taxable","16":"purchasable","17":"product-type-simple"},"yoast_head":"<!-- This site is optimized with the Yoast SEO plugin v27.4 - https:\/\/yoast.com\/product\/yoast-seo-wordpress\/ -->\n<title>Ame no Habakiri Lumineux (Leds) - One-piece - R\u00e9plique Manga Cin\u00e9<\/title>\n<meta name=\"description\" content=\"En exclusivit\u00e9 ! Ce katana Ame no Habakiri Lumineux dans One Piece. Lame en acier et ABS contenant les Leds. Bouton marche\/arr\u00eat. Fourreau laqu\u00e9. 103 cm\" \/>\n<meta name=\"robots\" content=\"index, follow, max-snippet:-1, max-image-preview:large, max-video-preview:-1\" \/>\n<link rel=\"canonical\" href=\"https:\/\/repliquemangacine.fr\/it\/katana-leggera-monopezzo\/ame-no-habakiri-luce-a-led-un-pezzo-unico\/\" \/>\n<meta property=\"og:locale\" content=\"it_IT\" \/>\n<meta property=\"og:type\" content=\"article\" \/>\n<meta property=\"og:title\" content=\"Ame no Habakiri Lumineux (Leds) - One-piece - R\u00e9plique Manga Cin\u00e9\" \/>\n<meta property=\"og:description\" content=\"En exclusivit\u00e9 ! Ce katana Ame no Habakiri Lumineux dans One Piece. Lame en acier et ABS contenant les Leds. Bouton marche\/arr\u00eat. Fourreau laqu\u00e9. 103 cm\" \/>\n<meta property=\"og:url\" content=\"https:\/\/repliquemangacine.fr\/it\/katana-leggera-monopezzo\/ame-no-habakiri-luce-a-led-un-pezzo-unico\/\" \/>\n<meta property=\"og:site_name\" content=\"R\u00e9plique Manga Cin\u00e9\" \/>\n<meta property=\"article:publisher\" content=\"https:\/\/www.facebook.com\/RepliqueMangaCine\" \/>\n<meta property=\"article:modified_time\" content=\"2025-12-28T13:42:59+00:00\" \/>\n<meta property=\"og:image\" content=\"https:\/\/repliquemangacine.fr\/wp-content\/uploads\/2025\/01\/Ame-no-Habakiri-Lumineux-One-piece.jpg\" \/>\n\t<meta property=\"og:image:width\" content=\"500\" \/>\n\t<meta property=\"og:image:height\" content=\"500\" \/>\n\t<meta property=\"og:image:type\" content=\"image\/jpeg\" \/>\n<meta name=\"twitter:card\" content=\"summary_large_image\" \/>\n<meta name=\"twitter:label1\" content=\"Tempo di lettura stimato\" \/>\n\t<meta name=\"twitter:data1\" content=\"3 minuti\" \/>\n<script type=\"application\/ld+json\" class=\"yoast-schema-graph\">{\"@context\":\"https:\\\/\\\/schema.org\",\"@graph\":[{\"@type\":\"WebPage\",\"@id\":\"https:\\\/\\\/repliquemangacine.fr\\\/katana-lumineux-one-piece\\\/ame-no-habakiri-lumineux-leds-one-piece\\\/\",\"url\":\"https:\\\/\\\/repliquemangacine.fr\\\/katana-lumineux-one-piece\\\/ame-no-habakiri-lumineux-leds-one-piece\\\/\",\"name\":\"Ame no Habakiri Lumineux (Leds) - One-piece - R\u00e9plique Manga Cin\u00e9\",\"isPartOf\":{\"@id\":\"https:\\\/\\\/repliquemangacine.fr\\\/#website\"},\"primaryImageOfPage\":{\"@id\":\"https:\\\/\\\/repliquemangacine.fr\\\/katana-lumineux-one-piece\\\/ame-no-habakiri-lumineux-leds-one-piece\\\/#primaryimage\"},\"image\":{\"@id\":\"https:\\\/\\\/repliquemangacine.fr\\\/katana-lumineux-one-piece\\\/ame-no-habakiri-lumineux-leds-one-piece\\\/#primaryimage\"},\"thumbnailUrl\":\"https:\\\/\\\/repliquemangacine.fr\\\/wp-content\\\/uploads\\\/2025\\\/01\\\/Ame-no-Habakiri-Lumineux-One-piece.jpg\",\"datePublished\":\"2025-01-21T19:03:17+00:00\",\"dateModified\":\"2025-12-28T13:42:59+00:00\",\"description\":\"En exclusivit\u00e9 ! Ce katana Ame no Habakiri Lumineux dans One Piece. Lame en acier et ABS contenant les Leds. Bouton marche\\\/arr\u00eat. Fourreau laqu\u00e9. 103 cm\",\"breadcrumb\":{\"@id\":\"https:\\\/\\\/repliquemangacine.fr\\\/katana-lumineux-one-piece\\\/ame-no-habakiri-lumineux-leds-one-piece\\\/#breadcrumb\"},\"inLanguage\":\"it-IT\",\"potentialAction\":[{\"@type\":\"ReadAction\",\"target\":[\"https:\\\/\\\/repliquemangacine.fr\\\/katana-lumineux-one-piece\\\/ame-no-habakiri-lumineux-leds-one-piece\\\/\"]}]},{\"@type\":\"ImageObject\",\"inLanguage\":\"it-IT\",\"@id\":\"https:\\\/\\\/repliquemangacine.fr\\\/katana-lumineux-one-piece\\\/ame-no-habakiri-lumineux-leds-one-piece\\\/#primaryimage\",\"url\":\"https:\\\/\\\/repliquemangacine.fr\\\/wp-content\\\/uploads\\\/2025\\\/01\\\/Ame-no-Habakiri-Lumineux-One-piece.jpg\",\"contentUrl\":\"https:\\\/\\\/repliquemangacine.fr\\\/wp-content\\\/uploads\\\/2025\\\/01\\\/Ame-no-Habakiri-Lumineux-One-piece.jpg\",\"width\":500,\"height\":500,\"caption\":\"Ame no Habakiri Lumineux One Piece\"},{\"@type\":\"BreadcrumbList\",\"@id\":\"https:\\\/\\\/repliquemangacine.fr\\\/katana-lumineux-one-piece\\\/ame-no-habakiri-lumineux-leds-one-piece\\\/#breadcrumb\",\"itemListElement\":[{\"@type\":\"ListItem\",\"position\":1,\"name\":\"Accueil\",\"item\":\"https:\\\/\\\/repliquemangacine.fr\\\/\"},{\"@type\":\"ListItem\",\"position\":2,\"name\":\"Produits\",\"item\":\"https:\\\/\\\/repliquemangacine.fr\\\/boutique\\\/\"},{\"@type\":\"ListItem\",\"position\":3,\"name\":\"Ame no Habakiri Lumineux (Leds) &#8211; One-piece\"}]},{\"@type\":\"WebSite\",\"@id\":\"https:\\\/\\\/repliquemangacine.fr\\\/#website\",\"url\":\"https:\\\/\\\/repliquemangacine.fr\\\/\",\"name\":\"R\u00e9plique Manga Cin\u00e9\",\"description\":\"\",\"publisher\":{\"@id\":\"https:\\\/\\\/repliquemangacine.fr\\\/#organization\"},\"potentialAction\":[{\"@type\":\"SearchAction\",\"target\":{\"@type\":\"EntryPoint\",\"urlTemplate\":\"https:\\\/\\\/repliquemangacine.fr\\\/?s={search_term_string}\"},\"query-input\":{\"@type\":\"PropertyValueSpecification\",\"valueRequired\":true,\"valueName\":\"search_term_string\"}}],\"inLanguage\":\"it-IT\"},{\"@type\":\"Organization\",\"@id\":\"https:\\\/\\\/repliquemangacine.fr\\\/#organization\",\"name\":\"R\u00e9plique Manga Cin\u00e9\",\"url\":\"https:\\\/\\\/repliquemangacine.fr\\\/\",\"logo\":{\"@type\":\"ImageObject\",\"inLanguage\":\"it-IT\",\"@id\":\"https:\\\/\\\/repliquemangacine.fr\\\/#\\\/schema\\\/logo\\\/image\\\/\",\"url\":\"https:\\\/\\\/repliquemangacine.fr\\\/wp-content\\\/uploads\\\/2023\\\/10\\\/RMC-500250.png\",\"contentUrl\":\"https:\\\/\\\/repliquemangacine.fr\\\/wp-content\\\/uploads\\\/2023\\\/10\\\/RMC-500250.png\",\"width\":500,\"height\":250,\"caption\":\"R\u00e9plique Manga Cin\u00e9\"},\"image\":{\"@id\":\"https:\\\/\\\/repliquemangacine.fr\\\/#\\\/schema\\\/logo\\\/image\\\/\"},\"sameAs\":[\"https:\\\/\\\/www.facebook.com\\\/RepliqueMangaCine\",\"https:\\\/\\\/www.instagram.com\\\/repliquemangacine.fr\\\/\"]}]}<\/script>\n<!-- \/ Yoast SEO plugin. -->","yoast_head_json":{"title":"Ame no Habakiri Luminoso (LED) - Pezzo unico - R\u00e9plique Manga Cin\u00e9","description":"Esclusivo! Questa katana luminosa Ame no Habakiri in One Piece. Lama in acciaio e ABS contenente LED. Pulsante di accensione e spegnimento. Fodero laccato. 103 cm","robots":{"index":"index","follow":"follow","max-snippet":"max-snippet:-1","max-image-preview":"max-image-preview:large","max-video-preview":"max-video-preview:-1"},"canonical":"https:\/\/repliquemangacine.fr\/it\/katana-leggera-monopezzo\/ame-no-habakiri-luce-a-led-un-pezzo-unico\/","og_locale":"it_IT","og_type":"article","og_title":"Ame no Habakiri Lumineux (Leds) - One-piece - R\u00e9plique Manga Cin\u00e9","og_description":"En exclusivit\u00e9 ! Ce katana Ame no Habakiri Lumineux dans One Piece. Lame en acier et ABS contenant les Leds. Bouton marche\/arr\u00eat. Fourreau laqu\u00e9. 103 cm","og_url":"https:\/\/repliquemangacine.fr\/it\/katana-leggera-monopezzo\/ame-no-habakiri-luce-a-led-un-pezzo-unico\/","og_site_name":"R\u00e9plique Manga Cin\u00e9","article_publisher":"https:\/\/www.facebook.com\/RepliqueMangaCine","article_modified_time":"2025-12-28T13:42:59+00:00","og_image":[{"width":500,"height":500,"url":"https:\/\/repliquemangacine.fr\/wp-content\/uploads\/2025\/01\/Ame-no-Habakiri-Lumineux-One-piece.jpg","type":"image\/jpeg"}],"twitter_card":"summary_large_image","twitter_misc":{"Tempo di lettura stimato":"3 minuti"},"schema":{"@context":"https:\/\/schema.org","@graph":[{"@type":"WebPage","@id":"https:\/\/repliquemangacine.fr\/katana-lumineux-one-piece\/ame-no-habakiri-lumineux-leds-one-piece\/","url":"https:\/\/repliquemangacine.fr\/katana-lumineux-one-piece\/ame-no-habakiri-lumineux-leds-one-piece\/","name":"Ame no Habakiri Luminoso (LED) - Pezzo unico - R\u00e9plique Manga Cin\u00e9","isPartOf":{"@id":"https:\/\/repliquemangacine.fr\/#website"},"primaryImageOfPage":{"@id":"https:\/\/repliquemangacine.fr\/katana-lumineux-one-piece\/ame-no-habakiri-lumineux-leds-one-piece\/#primaryimage"},"image":{"@id":"https:\/\/repliquemangacine.fr\/katana-lumineux-one-piece\/ame-no-habakiri-lumineux-leds-one-piece\/#primaryimage"},"thumbnailUrl":"https:\/\/repliquemangacine.fr\/wp-content\/uploads\/2025\/01\/Ame-no-Habakiri-Lumineux-One-piece.jpg","datePublished":"2025-01-21T19:03:17+00:00","dateModified":"2025-12-28T13:42:59+00:00","description":"Esclusivo! Questa katana luminosa Ame no Habakiri in One Piece. Lama in acciaio e ABS contenente LED. Pulsante di accensione e spegnimento. Fodero laccato. 103 cm","breadcrumb":{"@id":"https:\/\/repliquemangacine.fr\/katana-lumineux-one-piece\/ame-no-habakiri-lumineux-leds-one-piece\/#breadcrumb"},"inLanguage":"it-IT","potentialAction":[{"@type":"ReadAction","target":["https:\/\/repliquemangacine.fr\/katana-lumineux-one-piece\/ame-no-habakiri-lumineux-leds-one-piece\/"]}]},{"@type":"ImageObject","inLanguage":"it-IT","@id":"https:\/\/repliquemangacine.fr\/katana-lumineux-one-piece\/ame-no-habakiri-lumineux-leds-one-piece\/#primaryimage","url":"https:\/\/repliquemangacine.fr\/wp-content\/uploads\/2025\/01\/Ame-no-Habakiri-Lumineux-One-piece.jpg","contentUrl":"https:\/\/repliquemangacine.fr\/wp-content\/uploads\/2025\/01\/Ame-no-Habakiri-Lumineux-One-piece.jpg","width":500,"height":500,"caption":"Ame no Habakiri Lumineux One Piece"},{"@type":"BreadcrumbList","@id":"https:\/\/repliquemangacine.fr\/katana-lumineux-one-piece\/ame-no-habakiri-lumineux-leds-one-piece\/#breadcrumb","itemListElement":[{"@type":"ListItem","position":1,"name":"Accueil","item":"https:\/\/repliquemangacine.fr\/"},{"@type":"ListItem","position":2,"name":"Produits","item":"https:\/\/repliquemangacine.fr\/boutique\/"},{"@type":"ListItem","position":3,"name":"Ame no Habakiri Lumineux (Leds) &#8211; One-piece"}]},{"@type":"WebSite","@id":"https:\/\/repliquemangacine.fr\/#website","url":"https:\/\/repliquemangacine.fr\/","name":"R\u00e9plique Manga Cin\u00e9","description":"","publisher":{"@id":"https:\/\/repliquemangacine.fr\/#organization"},"potentialAction":[{"@type":"SearchAction","target":{"@type":"EntryPoint","urlTemplate":"https:\/\/repliquemangacine.fr\/?s={search_term_string}"},"query-input":{"@type":"PropertyValueSpecification","valueRequired":true,"valueName":"search_term_string"}}],"inLanguage":"it-IT"},{"@type":"Organization","@id":"https:\/\/repliquemangacine.fr\/#organization","name":"R\u00e9plique Manga Cin\u00e9","url":"https:\/\/repliquemangacine.fr\/","logo":{"@type":"ImageObject","inLanguage":"it-IT","@id":"https:\/\/repliquemangacine.fr\/#\/schema\/logo\/image\/","url":"https:\/\/repliquemangacine.fr\/wp-content\/uploads\/2023\/10\/RMC-500250.png","contentUrl":"https:\/\/repliquemangacine.fr\/wp-content\/uploads\/2023\/10\/RMC-500250.png","width":500,"height":250,"caption":"R\u00e9plique Manga Cin\u00e9"},"image":{"@id":"https:\/\/repliquemangacine.fr\/#\/schema\/logo\/image\/"},"sameAs":["https:\/\/www.facebook.com\/RepliqueMangaCine","https:\/\/www.instagram.com\/repliquemangacine.fr\/"]}]}},"_links":{"self":[{"href":"https:\/\/repliquemangacine.fr\/it\/wp-json\/wp\/v2\/product\/81448","targetHints":{"allow":["GET"]}}],"collection":[{"href":"https:\/\/repliquemangacine.fr\/it\/wp-json\/wp\/v2\/product"}],"about":[{"href":"https:\/\/repliquemangacine.fr\/it\/wp-json\/wp\/v2\/types\/product"}],"wp:featuredmedia":[{"embeddable":true,"href":"https:\/\/repliquemangacine.fr\/it\/wp-json\/wp\/v2\/media\/81449"}],"wp:attachment":[{"href":"https:\/\/repliquemangacine.fr\/it\/wp-json\/wp\/v2\/media?parent=81448"}],"wp:term":[{"taxonomy":"product_brand","embeddable":true,"href":"https:\/\/repliquemangacine.fr\/it\/wp-json\/wp\/v2\/product_brand?post=81448"},{"taxonomy":"product_cat","embeddable":true,"href":"https:\/\/repliquemangacine.fr\/it\/wp-json\/wp\/v2\/product_cat?post=81448"},{"taxonomy":"product_tag","embeddable":true,"href":"https:\/\/repliquemangacine.fr\/it\/wp-json\/wp\/v2\/product_tag?post=81448"}],"curies":[{"name":"wp","href":"https:\/\/api.w.org\/{rel}","templated":true}]}}