





{"id":81436,"date":"2025-01-21T19:39:31","date_gmt":"2025-01-21T18:39:31","guid":{"rendered":"https:\/\/repliquemangacine.fr\/?post_type=product&#038;p=81436"},"modified":"2025-11-13T14:36:44","modified_gmt":"2025-11-13T13:36:44","slug":"katana-enma-led-light-one-piece","status":"publish","type":"product","link":"https:\/\/repliquemangacine.fr\/it\/katana-lumineux-one-piece\/katana-enma-lumineux-leds-one-piece\/","title":{"rendered":"Katana Enma Luminous (LED) - Pezzo unico"},"content":{"rendered":"<h2>Katana Enma luminosa - La leggendaria spada di Zoro finalmente disponibile<\/h2>\n<p>Per iniziare, scoprite la luminosa katana Enma, la mitica arma di Roronoa Zoro in <a href=\"https:\/\/onepiece.fandom.com\/fr\/wiki\/One_Piece_Encyclop%C3%A9die\" target=\"_blank\" rel=\"noopener noreferrer\">Un pezzo<\/a>, ora disponibile in una replica eccezionale. Questa spada, nota per essere appartenuta a Kozuki Oden, \u00e8 una delle pi\u00f9 potenti che Zoro abbia mai impugnato. La lama in metallo decorata nella parte superiore e la parte inferiore in ABS spesso con LED integrati le conferiscono un effetto luminoso sorprendente. Perfetta per collezionisti e appassionati di cosplay. Il suo pulsante di accensione\/spegnimento discreto e facile da usare consente di attivare l'illuminazione in un batter d'occhio.<\/p>\n<p>La guardia in metallo dalla forma unica e l'impugnatura laccata e decorata riproducono fedelmente la temibile arma del spadaccino. Il fodero in legno laccato viola con dettagli dorati conferisce un tocco di prestigio a questa eccezionale replica. Questa katana \u00e8 un must per tutti i fan di One Piece che desiderano possedere un pezzo unico ispirato al leggendario manga.<\/p>\n<h2>Una spada eccezionale con un design fedele e coinvolgente<\/h2>\n<p>La katana Enma luminosa si distingue per la sua estetica impressionante e il suo design accurato. La sua lama di 67 cm presenta dettagli fedeli al manga. Il suo sistema di illuminazione a LED integrato esalta ogni curva della spada. Il suo puntale rimovibile, progettato per inserire due batterie AAA (non fornite), garantisce un'installazione semplice e veloce. Il tutto preservando l'integrit\u00e0 del design. Va sottolineato che si tratta di una novit\u00e0 assoluta nel mondo delle katana.<\/p>\n<p>Pensata per gli appassionati pi\u00f9 esigenti, questa katana \u00e8 ideale sia per la decorazione, il cosplay o le messe in scena. Il fodero in legno laccato viola, decorato con motivi dorati, ricorda l'aura mistica e potentissima di Enma, una lama in grado di assorbire l'energia di chi la impugna. Combinando qualit\u00e0 di fabbricazione, materiali robusti e finiture di alta gamma, questa katana luminosa \u00e8 un pezzo da collezione imperdibile per gli appassionati di One Piece e gli amanti delle armi leggendarie.<\/p>\n<h2>Completa la tua collezione con le altre spade leggendarie di Zoro<\/h2>\n<p>Se la luminosa katana Enma \u00e8 un gioiello di autenticit\u00e0, perch\u00e9 non completare la vostra collezione con le altre mitiche spade di Roronoa Zoro? Troverete la <a href=\"https:\/\/repliquemangacine.fr\/it\/katana-leggera-monopezzo\/costume-intero-luminoso-katana-ichimonji\/\">katana led Wado Ichimonji<\/a>Tiene tra i denti la sua spada bianca, simbolo del suo giuramento a Kuina. Immergetevi nella leggenda con <a href=\"https:\/\/repliquemangacine.fr\/it\/katana-monopezzo\/katana-shusui-pezzo-unico-luminoso\/\">Shusui, la lama maledetta<\/a>una temibile sciabola nera appartenuta al leggendario samurai Ryuma. Sentite il potere di <a href=\"https:\/\/repliquemangacine.fr\/it\/katana-luminosa\/katana-sandai-kitetsu-luminous-led-one-piece\/\">Sandai Kitetsu<\/a>, una lama demoniaca nota per la sua sete di sangue.<\/p>\n<p>Sul nostro sito ti proponiamo una collezione completa di katana luminose ispirate a One Piece. Ognuna \u00e8 realizzata con materiali di alta qualit\u00e0 e un'impressionante attenzione ai dettagli. Che siate collezionisti o appassionati di cosplay ultra-realistico, queste spade sono perfette per arricchire il vostro universo e incarnare appieno lo spirito del pi\u00f9 grande spadaccino dei mari. Per concludere, non perdetevi queste repliche uniche e equipaggiatevi come il futuro Re delle Spade!<\/p>","protected":false},"excerpt":{"rendered":"<p>Superba replica della Katana Enma in versione luminosa (LED) in One Piece<\/p>\n<ul>\n<li>Lama in metallo sulla parte superiore con decorazioni, parte inferiore in ABS spesso con LED all'interno.<\/li>\n<li>Pulsante di accensione\/spegnimento discreto e facile da usare<\/li>\n<li>Protezione metallica appositamente sagomata<\/li>\n<li>Manico decorato e laccato<\/li>\n<li>L'estremit\u00e0 del manico pu\u00f2 essere staccata per inserire due batterie AAA (non fornite).<\/li>\n<li>Fodero in legno laccato viola con ornamento.<\/li>\n<li>Lunghezza lama: 67 cm - Lunghezza totale: 103 cm<\/li>\n<li>Peso: 1040 g (con fodero)<\/li>\n<\/ul>","protected":false},"featured_media":81437,"template":"","meta":[],"product_brand":[896],"product_cat":[868,871,36],"product_tag":[],"class_list":{"0":"post-81436","1":"product","2":"type-product","3":"status-publish","4":"has-post-thumbnail","6":"product_brand-replique-manga-cine","7":"product_cat-katana-lumineux","8":"product_cat-katana-lumineux-one-piece","9":"product_cat-katana-one-piece","11":"first","12":"instock","13":"sale","14":"taxable","15":"shipping-taxable","16":"purchasable","17":"product-type-simple"},"yoast_head":"<!-- This site is optimized with the Yoast SEO plugin v27.4 - https:\/\/yoast.com\/product\/yoast-seo-wordpress\/ -->\n<title>Katana Enma Lumineux (Leds) - One-Piece - R\u00e9plique Manga Cin\u00e9<\/title>\n<meta name=\"description\" content=\"Exceptionnelle ! Ce Katana Enma Lumineux (Leds) dans One Piece. Lame acier et ABS contenant les Leds. Bouton marche\/arr\u00eat. Fourreau laqu\u00e9 violet. 103 cm\" \/>\n<meta name=\"robots\" content=\"index, follow, max-snippet:-1, max-image-preview:large, max-video-preview:-1\" \/>\n<link rel=\"canonical\" href=\"https:\/\/repliquemangacine.fr\/it\/katana-leggera-monopezzo\/katana-enma-led-light-one-piece\/\" \/>\n<meta property=\"og:locale\" content=\"it_IT\" \/>\n<meta property=\"og:type\" content=\"article\" \/>\n<meta property=\"og:title\" content=\"Katana Enma Lumineux (Leds) - One-Piece - R\u00e9plique Manga Cin\u00e9\" \/>\n<meta property=\"og:description\" content=\"Exceptionnelle ! Ce Katana Enma Lumineux (Leds) dans One Piece. Lame acier et ABS contenant les Leds. Bouton marche\/arr\u00eat. Fourreau laqu\u00e9 violet. 103 cm\" \/>\n<meta property=\"og:url\" content=\"https:\/\/repliquemangacine.fr\/it\/katana-leggera-monopezzo\/katana-enma-led-light-one-piece\/\" \/>\n<meta property=\"og:site_name\" content=\"R\u00e9plique Manga Cin\u00e9\" \/>\n<meta property=\"article:publisher\" content=\"https:\/\/www.facebook.com\/RepliqueMangaCine\" \/>\n<meta property=\"article:modified_time\" content=\"2025-11-13T13:36:44+00:00\" \/>\n<meta property=\"og:image\" content=\"https:\/\/repliquemangacine.fr\/wp-content\/uploads\/2025\/01\/Katana-Enma-Lumineux-One-Piece.jpg\" \/>\n\t<meta property=\"og:image:width\" content=\"500\" \/>\n\t<meta property=\"og:image:height\" content=\"500\" \/>\n\t<meta property=\"og:image:type\" content=\"image\/jpeg\" \/>\n<meta name=\"twitter:card\" content=\"summary_large_image\" \/>\n<meta name=\"twitter:label1\" content=\"Tempo di lettura stimato\" \/>\n\t<meta name=\"twitter:data1\" content=\"3 minuti\" \/>\n<script type=\"application\/ld+json\" class=\"yoast-schema-graph\">{\"@context\":\"https:\\\/\\\/schema.org\",\"@graph\":[{\"@type\":\"WebPage\",\"@id\":\"https:\\\/\\\/repliquemangacine.fr\\\/katana-lumineux-one-piece\\\/katana-enma-lumineux-leds-one-piece\\\/\",\"url\":\"https:\\\/\\\/repliquemangacine.fr\\\/katana-lumineux-one-piece\\\/katana-enma-lumineux-leds-one-piece\\\/\",\"name\":\"Katana Enma Lumineux (Leds) - One-Piece - R\u00e9plique Manga Cin\u00e9\",\"isPartOf\":{\"@id\":\"https:\\\/\\\/repliquemangacine.fr\\\/#website\"},\"primaryImageOfPage\":{\"@id\":\"https:\\\/\\\/repliquemangacine.fr\\\/katana-lumineux-one-piece\\\/katana-enma-lumineux-leds-one-piece\\\/#primaryimage\"},\"image\":{\"@id\":\"https:\\\/\\\/repliquemangacine.fr\\\/katana-lumineux-one-piece\\\/katana-enma-lumineux-leds-one-piece\\\/#primaryimage\"},\"thumbnailUrl\":\"https:\\\/\\\/repliquemangacine.fr\\\/wp-content\\\/uploads\\\/2025\\\/01\\\/Katana-Enma-Lumineux-One-Piece.jpg\",\"datePublished\":\"2025-01-21T18:39:31+00:00\",\"dateModified\":\"2025-11-13T13:36:44+00:00\",\"description\":\"Exceptionnelle ! Ce Katana Enma Lumineux (Leds) dans One Piece. Lame acier et ABS contenant les Leds. Bouton marche\\\/arr\u00eat. Fourreau laqu\u00e9 violet. 103 cm\",\"breadcrumb\":{\"@id\":\"https:\\\/\\\/repliquemangacine.fr\\\/katana-lumineux-one-piece\\\/katana-enma-lumineux-leds-one-piece\\\/#breadcrumb\"},\"inLanguage\":\"it-IT\",\"potentialAction\":[{\"@type\":\"ReadAction\",\"target\":[\"https:\\\/\\\/repliquemangacine.fr\\\/katana-lumineux-one-piece\\\/katana-enma-lumineux-leds-one-piece\\\/\"]}]},{\"@type\":\"ImageObject\",\"inLanguage\":\"it-IT\",\"@id\":\"https:\\\/\\\/repliquemangacine.fr\\\/katana-lumineux-one-piece\\\/katana-enma-lumineux-leds-one-piece\\\/#primaryimage\",\"url\":\"https:\\\/\\\/repliquemangacine.fr\\\/wp-content\\\/uploads\\\/2025\\\/01\\\/Katana-Enma-Lumineux-One-Piece.jpg\",\"contentUrl\":\"https:\\\/\\\/repliquemangacine.fr\\\/wp-content\\\/uploads\\\/2025\\\/01\\\/Katana-Enma-Lumineux-One-Piece.jpg\",\"width\":500,\"height\":500,\"caption\":\"Katana Enma Lumineux One Piece\"},{\"@type\":\"BreadcrumbList\",\"@id\":\"https:\\\/\\\/repliquemangacine.fr\\\/katana-lumineux-one-piece\\\/katana-enma-lumineux-leds-one-piece\\\/#breadcrumb\",\"itemListElement\":[{\"@type\":\"ListItem\",\"position\":1,\"name\":\"Accueil\",\"item\":\"https:\\\/\\\/repliquemangacine.fr\\\/\"},{\"@type\":\"ListItem\",\"position\":2,\"name\":\"Produits\",\"item\":\"https:\\\/\\\/repliquemangacine.fr\\\/boutique\\\/\"},{\"@type\":\"ListItem\",\"position\":3,\"name\":\"Katana Enma Lumineux (Leds) &#8211; One-Piece\"}]},{\"@type\":\"WebSite\",\"@id\":\"https:\\\/\\\/repliquemangacine.fr\\\/#website\",\"url\":\"https:\\\/\\\/repliquemangacine.fr\\\/\",\"name\":\"R\u00e9plique Manga Cin\u00e9\",\"description\":\"\",\"publisher\":{\"@id\":\"https:\\\/\\\/repliquemangacine.fr\\\/#organization\"},\"potentialAction\":[{\"@type\":\"SearchAction\",\"target\":{\"@type\":\"EntryPoint\",\"urlTemplate\":\"https:\\\/\\\/repliquemangacine.fr\\\/?s={search_term_string}\"},\"query-input\":{\"@type\":\"PropertyValueSpecification\",\"valueRequired\":true,\"valueName\":\"search_term_string\"}}],\"inLanguage\":\"it-IT\"},{\"@type\":\"Organization\",\"@id\":\"https:\\\/\\\/repliquemangacine.fr\\\/#organization\",\"name\":\"R\u00e9plique Manga Cin\u00e9\",\"url\":\"https:\\\/\\\/repliquemangacine.fr\\\/\",\"logo\":{\"@type\":\"ImageObject\",\"inLanguage\":\"it-IT\",\"@id\":\"https:\\\/\\\/repliquemangacine.fr\\\/#\\\/schema\\\/logo\\\/image\\\/\",\"url\":\"https:\\\/\\\/repliquemangacine.fr\\\/wp-content\\\/uploads\\\/2023\\\/10\\\/RMC-500250.png\",\"contentUrl\":\"https:\\\/\\\/repliquemangacine.fr\\\/wp-content\\\/uploads\\\/2023\\\/10\\\/RMC-500250.png\",\"width\":500,\"height\":250,\"caption\":\"R\u00e9plique Manga Cin\u00e9\"},\"image\":{\"@id\":\"https:\\\/\\\/repliquemangacine.fr\\\/#\\\/schema\\\/logo\\\/image\\\/\"},\"sameAs\":[\"https:\\\/\\\/www.facebook.com\\\/RepliqueMangaCine\",\"https:\\\/\\\/www.instagram.com\\\/repliquemangacine.fr\\\/\"]}]}<\/script>\n<!-- \/ Yoast SEO plugin. -->","yoast_head_json":{"title":"Katana Enma Luminous (LED) - Pezzo unico - R\u00e9plique Manga Cin\u00e9","description":"Eccezionale! Questa Katana Enma Luminous (Leds) in un unico pezzo. Lama in acciaio e ABS contenente LED. Pulsante di accensione e spegnimento. Fodero laccato viola. 103 cm","robots":{"index":"index","follow":"follow","max-snippet":"max-snippet:-1","max-image-preview":"max-image-preview:large","max-video-preview":"max-video-preview:-1"},"canonical":"https:\/\/repliquemangacine.fr\/it\/katana-leggera-monopezzo\/katana-enma-led-light-one-piece\/","og_locale":"it_IT","og_type":"article","og_title":"Katana Enma Lumineux (Leds) - One-Piece - R\u00e9plique Manga Cin\u00e9","og_description":"Exceptionnelle ! Ce Katana Enma Lumineux (Leds) dans One Piece. Lame acier et ABS contenant les Leds. Bouton marche\/arr\u00eat. Fourreau laqu\u00e9 violet. 103 cm","og_url":"https:\/\/repliquemangacine.fr\/it\/katana-leggera-monopezzo\/katana-enma-led-light-one-piece\/","og_site_name":"R\u00e9plique Manga Cin\u00e9","article_publisher":"https:\/\/www.facebook.com\/RepliqueMangaCine","article_modified_time":"2025-11-13T13:36:44+00:00","og_image":[{"width":500,"height":500,"url":"https:\/\/repliquemangacine.fr\/wp-content\/uploads\/2025\/01\/Katana-Enma-Lumineux-One-Piece.jpg","type":"image\/jpeg"}],"twitter_card":"summary_large_image","twitter_misc":{"Tempo di lettura stimato":"3 minuti"},"schema":{"@context":"https:\/\/schema.org","@graph":[{"@type":"WebPage","@id":"https:\/\/repliquemangacine.fr\/katana-lumineux-one-piece\/katana-enma-lumineux-leds-one-piece\/","url":"https:\/\/repliquemangacine.fr\/katana-lumineux-one-piece\/katana-enma-lumineux-leds-one-piece\/","name":"Katana Enma Luminous (LED) - Pezzo unico - R\u00e9plique Manga Cin\u00e9","isPartOf":{"@id":"https:\/\/repliquemangacine.fr\/#website"},"primaryImageOfPage":{"@id":"https:\/\/repliquemangacine.fr\/katana-lumineux-one-piece\/katana-enma-lumineux-leds-one-piece\/#primaryimage"},"image":{"@id":"https:\/\/repliquemangacine.fr\/katana-lumineux-one-piece\/katana-enma-lumineux-leds-one-piece\/#primaryimage"},"thumbnailUrl":"https:\/\/repliquemangacine.fr\/wp-content\/uploads\/2025\/01\/Katana-Enma-Lumineux-One-Piece.jpg","datePublished":"2025-01-21T18:39:31+00:00","dateModified":"2025-11-13T13:36:44+00:00","description":"Eccezionale! Questa Katana Enma Luminous (Leds) in un unico pezzo. Lama in acciaio e ABS contenente LED. Pulsante di accensione e spegnimento. Fodero laccato viola. 103 cm","breadcrumb":{"@id":"https:\/\/repliquemangacine.fr\/katana-lumineux-one-piece\/katana-enma-lumineux-leds-one-piece\/#breadcrumb"},"inLanguage":"it-IT","potentialAction":[{"@type":"ReadAction","target":["https:\/\/repliquemangacine.fr\/katana-lumineux-one-piece\/katana-enma-lumineux-leds-one-piece\/"]}]},{"@type":"ImageObject","inLanguage":"it-IT","@id":"https:\/\/repliquemangacine.fr\/katana-lumineux-one-piece\/katana-enma-lumineux-leds-one-piece\/#primaryimage","url":"https:\/\/repliquemangacine.fr\/wp-content\/uploads\/2025\/01\/Katana-Enma-Lumineux-One-Piece.jpg","contentUrl":"https:\/\/repliquemangacine.fr\/wp-content\/uploads\/2025\/01\/Katana-Enma-Lumineux-One-Piece.jpg","width":500,"height":500,"caption":"Katana Enma Lumineux One Piece"},{"@type":"BreadcrumbList","@id":"https:\/\/repliquemangacine.fr\/katana-lumineux-one-piece\/katana-enma-lumineux-leds-one-piece\/#breadcrumb","itemListElement":[{"@type":"ListItem","position":1,"name":"Accueil","item":"https:\/\/repliquemangacine.fr\/"},{"@type":"ListItem","position":2,"name":"Produits","item":"https:\/\/repliquemangacine.fr\/boutique\/"},{"@type":"ListItem","position":3,"name":"Katana Enma Lumineux (Leds) &#8211; One-Piece"}]},{"@type":"WebSite","@id":"https:\/\/repliquemangacine.fr\/#website","url":"https:\/\/repliquemangacine.fr\/","name":"R\u00e9plique Manga Cin\u00e9","description":"","publisher":{"@id":"https:\/\/repliquemangacine.fr\/#organization"},"potentialAction":[{"@type":"SearchAction","target":{"@type":"EntryPoint","urlTemplate":"https:\/\/repliquemangacine.fr\/?s={search_term_string}"},"query-input":{"@type":"PropertyValueSpecification","valueRequired":true,"valueName":"search_term_string"}}],"inLanguage":"it-IT"},{"@type":"Organization","@id":"https:\/\/repliquemangacine.fr\/#organization","name":"R\u00e9plique Manga Cin\u00e9","url":"https:\/\/repliquemangacine.fr\/","logo":{"@type":"ImageObject","inLanguage":"it-IT","@id":"https:\/\/repliquemangacine.fr\/#\/schema\/logo\/image\/","url":"https:\/\/repliquemangacine.fr\/wp-content\/uploads\/2023\/10\/RMC-500250.png","contentUrl":"https:\/\/repliquemangacine.fr\/wp-content\/uploads\/2023\/10\/RMC-500250.png","width":500,"height":250,"caption":"R\u00e9plique Manga Cin\u00e9"},"image":{"@id":"https:\/\/repliquemangacine.fr\/#\/schema\/logo\/image\/"},"sameAs":["https:\/\/www.facebook.com\/RepliqueMangaCine","https:\/\/www.instagram.com\/repliquemangacine.fr\/"]}]}},"_links":{"self":[{"href":"https:\/\/repliquemangacine.fr\/it\/wp-json\/wp\/v2\/product\/81436","targetHints":{"allow":["GET"]}}],"collection":[{"href":"https:\/\/repliquemangacine.fr\/it\/wp-json\/wp\/v2\/product"}],"about":[{"href":"https:\/\/repliquemangacine.fr\/it\/wp-json\/wp\/v2\/types\/product"}],"wp:featuredmedia":[{"embeddable":true,"href":"https:\/\/repliquemangacine.fr\/it\/wp-json\/wp\/v2\/media\/81437"}],"wp:attachment":[{"href":"https:\/\/repliquemangacine.fr\/it\/wp-json\/wp\/v2\/media?parent=81436"}],"wp:term":[{"taxonomy":"product_brand","embeddable":true,"href":"https:\/\/repliquemangacine.fr\/it\/wp-json\/wp\/v2\/product_brand?post=81436"},{"taxonomy":"product_cat","embeddable":true,"href":"https:\/\/repliquemangacine.fr\/it\/wp-json\/wp\/v2\/product_cat?post=81436"},{"taxonomy":"product_tag","embeddable":true,"href":"https:\/\/repliquemangacine.fr\/it\/wp-json\/wp\/v2\/product_tag?post=81436"}],"curies":[{"name":"wp","href":"https:\/\/api.w.org\/{rel}","templated":true}]}}