





{"id":81430,"date":"2025-01-21T19:27:53","date_gmt":"2025-01-21T18:27:53","guid":{"rendered":"https:\/\/repliquemangacine.fr\/?post_type=product&#038;p=81430"},"modified":"2026-04-16T18:24:34","modified_gmt":"2026-04-16T16:24:34","slug":"katana-sandai-kitetsu-luminous-led-one-piece","status":"publish","type":"product","link":"https:\/\/repliquemangacine.fr\/it\/katana-lumineux\/katana-sandai-kitetsu-lumineux-leds-one-piece\/","title":{"rendered":"Katana Kitetsu Sanda\u00ef illuminata (LED) - Pezzo unico"},"content":{"rendered":"<h2>Katana Sanda\u00ef Kitetsu luminosa - la spada maledetta di Zoro finalmente nelle tue mani<\/h2>\n<p>Per cominciare, scoprite la katana luminosa Sanda\u00ef Kitetsu, una delle lame pi\u00f9 temute di One Piece. Ora disponibile in una replica fedele e dettagliata. Questa spada leggendaria, nota per essere maledetta e assetata di sangue. Una delle tre Kitetsu, lame famose per la loro potenza e pericolosit\u00e0. Il suo design unico \u00e8 esaltato da una lama in metallo decorata nella parte superiore. Mentre la parte inferiore in ABS spesso con LED integrati offre un effetto luminoso impressionante. Grazie al suo pulsante di accensione\/spegnimento discreto e facile da usare, l'attivazione dell'illuminazione \u00e8 semplicissima. Rendendo questa replica perfetta per il cosplay e la collezione.<\/p>\n<p>Questa katana si distingue per la sua guardia in metallo dalla forma particolare, l'impugnatura decorata e intrecciata e il fodero in legno rosso con finiture nere e dorate, che evocano la potenza sinistra di questa lama mitica. Con una lunghezza totale di 105 cm, questa spada \u00e8 un vero e proprio pezzo da collezione per tutti gli appassionati di One Piece e gli amanti delle armi iconiche del manga.<\/p>\n<h2>Una lama maledetta con un design accattivante e coinvolgente<\/h2>\n<p>La luminosa katana Sanda\u00ef Kitetsu colpisce tanto per il suo design quanto per la sua storia in One Piece. Questa lama, che si ritiene porti sfortuna ai suoi possessori, \u00e8 un pezzo affascinante ed essenziale per i fan di One Piece. <a href=\"https:\/\/onepiece.fandom.com\/fr\/wiki\/Roronoa_Zoro\" target=\"_blank\" rel=\"noopener noreferrer\">Zoro<\/a> e il suo stile di combattimento con tre spade. La sua lama di 72,5 cm, decorata con motivi distintivi, diventa ancora pi\u00f9 suggestiva quando si illumina, grazie ai LED integrati nella sua struttura in ABS spesso.<\/p>\n<p>Con un'estremit\u00e0 rimovibile che consente di inserire due batterie AAA (non incluse). Questa replica unisce praticit\u00e0 e fedelt\u00e0 al design originale del manga. Il fodero in legno rosso con estremit\u00e0 nere e dorate conferisce un tocco di autenticit\u00e0, esaltandone l'aura mistica e maledetta. Che tu sia un collezionista, un appassionato di cosplay o un semplice amante delle armi leggendarie, questa katana luminosa \u00e8 un must per completare la tua collezione e affrontare il tuo destino come Zoro.<\/p>\n<h2>L'intera collezione di katane di Zoro e molto altro ancora.<\/h2>\n<p>Se la luminosa katana Sanda\u00ef Kitetsu vi affascina per la sua storia e il suo design, sappiate che la nostra collezione comprende tutte le repliche emblematiche di One Piece. Trovate il <a href=\"https:\/\/repliquemangacine.fr\/it\/katana-leggera-monopezzo\/costume-intero-luminoso-katana-wado-ichimonji\/\">katana Wado Ichimonji<\/a>la nobile e raffinata lama bianca che Zoro porta tra i denti. E la spada maledetta Shusui, un tempo impugnata dal leggendario samurai Ryuma. E non perdetevi la <a href=\"https:\/\/repliquemangacine.fr\/it\/katana-leggera-monopezzo\/katana-enma-led-light-one-piece\/\">Enma katana<\/a>, l'arma devastante appartenuta a Kozuki Oden, che ha spinto Zoro a superare i propri limiti.<\/p>\n<p>Il nostro negozio offre una vasta gamma di katana One Piece, con modelli luminosi dotati di LED, versioni con lama in metallo dettagliata e spade in legno ideali per il cosplay. Ogni pezzo \u00e8 realizzato con un'attenzione eccezionale ai dettagli, garantendo autenticit\u00e0, qualit\u00e0 e totale immersione nell'universo dei manga. Scegli la tua lama e segui le orme del pi\u00f9 grande spadaccino della Grand Line!<\/p>","protected":false},"excerpt":{"rendered":"<p>Splendida replica della Katana Sanda\u00ef Kitetsu in versione luminosa (Leds) in One Piece<\/p>\n<ul>\n<li>Lama in metallo sulla parte superiore con decorazioni, parte inferiore in ABS spesso con LED all'interno.<br \/>\nPulsante di accensione\/spegnimento discreto e facile da usare<br \/>\nProtezione metallica appositamente sagomata<br \/>\nManico rivestito di treccia di cotone rosso<br \/>\nL'estremit\u00e0 del manico pu\u00f2 essere staccata per inserire due batterie AAA (non fornite).<br \/>\nFodero in legno laccato bordeaux decorato.<br \/>\nLunghezza lama: 67,5 cm - Lunghezza totale: 104 cm - Peso: 1150 gr (con fodero)<\/li>.<\/li>\n<\/ul>","protected":false},"featured_media":81431,"template":"","meta":[],"product_brand":[896],"product_cat":[868,871,36],"product_tag":[],"class_list":{"0":"post-81430","1":"product","2":"type-product","3":"status-publish","4":"has-post-thumbnail","6":"product_brand-replique-manga-cine","7":"product_cat-katana-lumineux","8":"product_cat-katana-lumineux-one-piece","9":"product_cat-katana-one-piece","11":"first","12":"instock","13":"sale","14":"taxable","15":"shipping-taxable","16":"purchasable","17":"product-type-simple"},"yoast_head":"<!-- This site is optimized with the Yoast SEO plugin v27.5 - https:\/\/yoast.com\/product\/yoast-seo-wordpress\/ -->\n<title>Katana Sanda\u00ef Kitetsu Lumineux (Leds) - One-Piece - R\u00e9plique Manga Cin\u00e9<\/title>\n<meta name=\"description\" content=\"Exclusif ! D\u00e9couvrez ce Katana Sanda\u00ef Kitetsu Lumineux de One Piece. Lame en acier et ABS avec Leds \u00e0 l&#039;int\u00e9rieur. Bouton marche\/arr\u00eat. 104 cm\" \/>\n<meta name=\"robots\" content=\"index, follow, max-snippet:-1, max-image-preview:large, max-video-preview:-1\" \/>\n<link rel=\"canonical\" href=\"https:\/\/repliquemangacine.fr\/it\/katana-luminosa\/katana-sandai-kitetsu-luminous-led-one-piece\/\" \/>\n<meta property=\"og:locale\" content=\"it_IT\" \/>\n<meta property=\"og:type\" content=\"article\" \/>\n<meta property=\"og:title\" content=\"Katana Sanda\u00ef Kitetsu Lumineux (Leds) - One-Piece - R\u00e9plique Manga Cin\u00e9\" \/>\n<meta property=\"og:description\" content=\"Exclusif ! D\u00e9couvrez ce Katana Sanda\u00ef Kitetsu Lumineux de One Piece. Lame en acier et ABS avec Leds \u00e0 l&#039;int\u00e9rieur. Bouton marche\/arr\u00eat. 104 cm\" \/>\n<meta property=\"og:url\" content=\"https:\/\/repliquemangacine.fr\/it\/katana-luminosa\/katana-sandai-kitetsu-luminous-led-one-piece\/\" \/>\n<meta property=\"og:site_name\" content=\"R\u00e9plique Manga Cin\u00e9\" \/>\n<meta property=\"article:publisher\" content=\"https:\/\/www.facebook.com\/RepliqueMangaCine\" \/>\n<meta property=\"article:modified_time\" content=\"2026-04-16T16:24:34+00:00\" \/>\n<meta property=\"og:image\" content=\"https:\/\/repliquemangacine.fr\/wp-content\/uploads\/2025\/01\/Katana-Sandai-Kitetsu-Lumineux-One-Piece.jpg\" \/>\n\t<meta property=\"og:image:width\" content=\"500\" \/>\n\t<meta property=\"og:image:height\" content=\"500\" \/>\n\t<meta property=\"og:image:type\" content=\"image\/jpeg\" \/>\n<meta name=\"twitter:card\" content=\"summary_large_image\" \/>\n<meta name=\"twitter:label1\" content=\"Tempo di lettura stimato\" \/>\n\t<meta name=\"twitter:data1\" content=\"3 minuti\" \/>\n<script type=\"application\/ld+json\" class=\"yoast-schema-graph\">{\"@context\":\"https:\\\/\\\/schema.org\",\"@graph\":[{\"@type\":\"WebPage\",\"@id\":\"https:\\\/\\\/repliquemangacine.fr\\\/katana-lumineux\\\/katana-sandai-kitetsu-lumineux-leds-one-piece\\\/\",\"url\":\"https:\\\/\\\/repliquemangacine.fr\\\/katana-lumineux\\\/katana-sandai-kitetsu-lumineux-leds-one-piece\\\/\",\"name\":\"Katana Sanda\u00ef Kitetsu Lumineux (Leds) - One-Piece - R\u00e9plique Manga Cin\u00e9\",\"isPartOf\":{\"@id\":\"https:\\\/\\\/repliquemangacine.fr\\\/#website\"},\"primaryImageOfPage\":{\"@id\":\"https:\\\/\\\/repliquemangacine.fr\\\/katana-lumineux\\\/katana-sandai-kitetsu-lumineux-leds-one-piece\\\/#primaryimage\"},\"image\":{\"@id\":\"https:\\\/\\\/repliquemangacine.fr\\\/katana-lumineux\\\/katana-sandai-kitetsu-lumineux-leds-one-piece\\\/#primaryimage\"},\"thumbnailUrl\":\"https:\\\/\\\/repliquemangacine.fr\\\/wp-content\\\/uploads\\\/2025\\\/01\\\/Katana-Sandai-Kitetsu-Lumineux-One-Piece.jpg\",\"datePublished\":\"2025-01-21T18:27:53+00:00\",\"dateModified\":\"2026-04-16T16:24:34+00:00\",\"description\":\"Exclusif ! D\u00e9couvrez ce Katana Sanda\u00ef Kitetsu Lumineux de One Piece. Lame en acier et ABS avec Leds \u00e0 l'int\u00e9rieur. Bouton marche\\\/arr\u00eat. 104 cm\",\"breadcrumb\":{\"@id\":\"https:\\\/\\\/repliquemangacine.fr\\\/katana-lumineux\\\/katana-sandai-kitetsu-lumineux-leds-one-piece\\\/#breadcrumb\"},\"inLanguage\":\"it-IT\",\"potentialAction\":[{\"@type\":\"ReadAction\",\"target\":[\"https:\\\/\\\/repliquemangacine.fr\\\/katana-lumineux\\\/katana-sandai-kitetsu-lumineux-leds-one-piece\\\/\"]}]},{\"@type\":\"ImageObject\",\"inLanguage\":\"it-IT\",\"@id\":\"https:\\\/\\\/repliquemangacine.fr\\\/katana-lumineux\\\/katana-sandai-kitetsu-lumineux-leds-one-piece\\\/#primaryimage\",\"url\":\"https:\\\/\\\/repliquemangacine.fr\\\/wp-content\\\/uploads\\\/2025\\\/01\\\/Katana-Sandai-Kitetsu-Lumineux-One-Piece.jpg\",\"contentUrl\":\"https:\\\/\\\/repliquemangacine.fr\\\/wp-content\\\/uploads\\\/2025\\\/01\\\/Katana-Sandai-Kitetsu-Lumineux-One-Piece.jpg\",\"width\":500,\"height\":500,\"caption\":\"Katana Sanda\u00ef Kitetsu Lumineux One Pi\u00e8ce\"},{\"@type\":\"BreadcrumbList\",\"@id\":\"https:\\\/\\\/repliquemangacine.fr\\\/katana-lumineux\\\/katana-sandai-kitetsu-lumineux-leds-one-piece\\\/#breadcrumb\",\"itemListElement\":[{\"@type\":\"ListItem\",\"position\":1,\"name\":\"Accueil\",\"item\":\"https:\\\/\\\/repliquemangacine.fr\\\/\"},{\"@type\":\"ListItem\",\"position\":2,\"name\":\"Produits\",\"item\":\"https:\\\/\\\/repliquemangacine.fr\\\/boutique\\\/\"},{\"@type\":\"ListItem\",\"position\":3,\"name\":\"Katana Sanda\u00ef Kitetsu Lumineux (Leds) &#8211; One-Piece\"}]},{\"@type\":\"WebSite\",\"@id\":\"https:\\\/\\\/repliquemangacine.fr\\\/#website\",\"url\":\"https:\\\/\\\/repliquemangacine.fr\\\/\",\"name\":\"R\u00e9plique Manga Cin\u00e9\",\"description\":\"\",\"publisher\":{\"@id\":\"https:\\\/\\\/repliquemangacine.fr\\\/#organization\"},\"potentialAction\":[{\"@type\":\"SearchAction\",\"target\":{\"@type\":\"EntryPoint\",\"urlTemplate\":\"https:\\\/\\\/repliquemangacine.fr\\\/?s={search_term_string}\"},\"query-input\":{\"@type\":\"PropertyValueSpecification\",\"valueRequired\":true,\"valueName\":\"search_term_string\"}}],\"inLanguage\":\"it-IT\"},{\"@type\":\"Organization\",\"@id\":\"https:\\\/\\\/repliquemangacine.fr\\\/#organization\",\"name\":\"R\u00e9plique Manga Cin\u00e9\",\"url\":\"https:\\\/\\\/repliquemangacine.fr\\\/\",\"logo\":{\"@type\":\"ImageObject\",\"inLanguage\":\"it-IT\",\"@id\":\"https:\\\/\\\/repliquemangacine.fr\\\/#\\\/schema\\\/logo\\\/image\\\/\",\"url\":\"https:\\\/\\\/repliquemangacine.fr\\\/wp-content\\\/uploads\\\/2023\\\/10\\\/RMC-500250.png\",\"contentUrl\":\"https:\\\/\\\/repliquemangacine.fr\\\/wp-content\\\/uploads\\\/2023\\\/10\\\/RMC-500250.png\",\"width\":500,\"height\":250,\"caption\":\"R\u00e9plique Manga Cin\u00e9\"},\"image\":{\"@id\":\"https:\\\/\\\/repliquemangacine.fr\\\/#\\\/schema\\\/logo\\\/image\\\/\"},\"sameAs\":[\"https:\\\/\\\/www.facebook.com\\\/RepliqueMangaCine\",\"https:\\\/\\\/www.instagram.com\\\/repliquemangacine.fr\\\/\"]}]}<\/script>\n<!-- \/ Yoast SEO plugin. -->","yoast_head_json":{"title":"Katana Sanda\u00ef Kitetsu illuminata (LED) - Monopezzo - R\u00e9plique Manga Cin\u00e9","description":"Esclusivo! Scopri questa Katana Sanda\u00ef Kitetsu luminosa di One Piece. Lama in acciaio e ABS con LED all'interno. Pulsante di accensione e spegnimento. 104 cm di lunghezza","robots":{"index":"index","follow":"follow","max-snippet":"max-snippet:-1","max-image-preview":"max-image-preview:large","max-video-preview":"max-video-preview:-1"},"canonical":"https:\/\/repliquemangacine.fr\/it\/katana-luminosa\/katana-sandai-kitetsu-luminous-led-one-piece\/","og_locale":"it_IT","og_type":"article","og_title":"Katana Sanda\u00ef Kitetsu Lumineux (Leds) - One-Piece - R\u00e9plique Manga Cin\u00e9","og_description":"Exclusif ! D\u00e9couvrez ce Katana Sanda\u00ef Kitetsu Lumineux de One Piece. Lame en acier et ABS avec Leds \u00e0 l'int\u00e9rieur. Bouton marche\/arr\u00eat. 104 cm","og_url":"https:\/\/repliquemangacine.fr\/it\/katana-luminosa\/katana-sandai-kitetsu-luminous-led-one-piece\/","og_site_name":"R\u00e9plique Manga Cin\u00e9","article_publisher":"https:\/\/www.facebook.com\/RepliqueMangaCine","article_modified_time":"2026-04-16T16:24:34+00:00","og_image":[{"width":500,"height":500,"url":"https:\/\/repliquemangacine.fr\/wp-content\/uploads\/2025\/01\/Katana-Sandai-Kitetsu-Lumineux-One-Piece.jpg","type":"image\/jpeg"}],"twitter_card":"summary_large_image","twitter_misc":{"Tempo di lettura stimato":"3 minuti"},"schema":{"@context":"https:\/\/schema.org","@graph":[{"@type":"WebPage","@id":"https:\/\/repliquemangacine.fr\/katana-lumineux\/katana-sandai-kitetsu-lumineux-leds-one-piece\/","url":"https:\/\/repliquemangacine.fr\/katana-lumineux\/katana-sandai-kitetsu-lumineux-leds-one-piece\/","name":"Katana Sanda\u00ef Kitetsu illuminata (LED) - Monopezzo - R\u00e9plique Manga Cin\u00e9","isPartOf":{"@id":"https:\/\/repliquemangacine.fr\/#website"},"primaryImageOfPage":{"@id":"https:\/\/repliquemangacine.fr\/katana-lumineux\/katana-sandai-kitetsu-lumineux-leds-one-piece\/#primaryimage"},"image":{"@id":"https:\/\/repliquemangacine.fr\/katana-lumineux\/katana-sandai-kitetsu-lumineux-leds-one-piece\/#primaryimage"},"thumbnailUrl":"https:\/\/repliquemangacine.fr\/wp-content\/uploads\/2025\/01\/Katana-Sandai-Kitetsu-Lumineux-One-Piece.jpg","datePublished":"2025-01-21T18:27:53+00:00","dateModified":"2026-04-16T16:24:34+00:00","description":"Esclusivo! Scopri questa Katana Sanda\u00ef Kitetsu luminosa di One Piece. Lama in acciaio e ABS con LED all'interno. Pulsante di accensione e spegnimento. 104 cm di lunghezza","breadcrumb":{"@id":"https:\/\/repliquemangacine.fr\/katana-lumineux\/katana-sandai-kitetsu-lumineux-leds-one-piece\/#breadcrumb"},"inLanguage":"it-IT","potentialAction":[{"@type":"ReadAction","target":["https:\/\/repliquemangacine.fr\/katana-lumineux\/katana-sandai-kitetsu-lumineux-leds-one-piece\/"]}]},{"@type":"ImageObject","inLanguage":"it-IT","@id":"https:\/\/repliquemangacine.fr\/katana-lumineux\/katana-sandai-kitetsu-lumineux-leds-one-piece\/#primaryimage","url":"https:\/\/repliquemangacine.fr\/wp-content\/uploads\/2025\/01\/Katana-Sandai-Kitetsu-Lumineux-One-Piece.jpg","contentUrl":"https:\/\/repliquemangacine.fr\/wp-content\/uploads\/2025\/01\/Katana-Sandai-Kitetsu-Lumineux-One-Piece.jpg","width":500,"height":500,"caption":"Katana Sanda\u00ef Kitetsu Lumineux One Pi\u00e8ce"},{"@type":"BreadcrumbList","@id":"https:\/\/repliquemangacine.fr\/katana-lumineux\/katana-sandai-kitetsu-lumineux-leds-one-piece\/#breadcrumb","itemListElement":[{"@type":"ListItem","position":1,"name":"Accueil","item":"https:\/\/repliquemangacine.fr\/"},{"@type":"ListItem","position":2,"name":"Produits","item":"https:\/\/repliquemangacine.fr\/boutique\/"},{"@type":"ListItem","position":3,"name":"Katana Sanda\u00ef Kitetsu Lumineux (Leds) &#8211; One-Piece"}]},{"@type":"WebSite","@id":"https:\/\/repliquemangacine.fr\/#website","url":"https:\/\/repliquemangacine.fr\/","name":"R\u00e9plique Manga Cin\u00e9","description":"","publisher":{"@id":"https:\/\/repliquemangacine.fr\/#organization"},"potentialAction":[{"@type":"SearchAction","target":{"@type":"EntryPoint","urlTemplate":"https:\/\/repliquemangacine.fr\/?s={search_term_string}"},"query-input":{"@type":"PropertyValueSpecification","valueRequired":true,"valueName":"search_term_string"}}],"inLanguage":"it-IT"},{"@type":"Organization","@id":"https:\/\/repliquemangacine.fr\/#organization","name":"R\u00e9plique Manga Cin\u00e9","url":"https:\/\/repliquemangacine.fr\/","logo":{"@type":"ImageObject","inLanguage":"it-IT","@id":"https:\/\/repliquemangacine.fr\/#\/schema\/logo\/image\/","url":"https:\/\/repliquemangacine.fr\/wp-content\/uploads\/2023\/10\/RMC-500250.png","contentUrl":"https:\/\/repliquemangacine.fr\/wp-content\/uploads\/2023\/10\/RMC-500250.png","width":500,"height":250,"caption":"R\u00e9plique Manga Cin\u00e9"},"image":{"@id":"https:\/\/repliquemangacine.fr\/#\/schema\/logo\/image\/"},"sameAs":["https:\/\/www.facebook.com\/RepliqueMangaCine","https:\/\/www.instagram.com\/repliquemangacine.fr\/"]}]}},"_links":{"self":[{"href":"https:\/\/repliquemangacine.fr\/it\/wp-json\/wp\/v2\/product\/81430","targetHints":{"allow":["GET"]}}],"collection":[{"href":"https:\/\/repliquemangacine.fr\/it\/wp-json\/wp\/v2\/product"}],"about":[{"href":"https:\/\/repliquemangacine.fr\/it\/wp-json\/wp\/v2\/types\/product"}],"wp:featuredmedia":[{"embeddable":true,"href":"https:\/\/repliquemangacine.fr\/it\/wp-json\/wp\/v2\/media\/81431"}],"wp:attachment":[{"href":"https:\/\/repliquemangacine.fr\/it\/wp-json\/wp\/v2\/media?parent=81430"}],"wp:term":[{"taxonomy":"product_brand","embeddable":true,"href":"https:\/\/repliquemangacine.fr\/it\/wp-json\/wp\/v2\/product_brand?post=81430"},{"taxonomy":"product_cat","embeddable":true,"href":"https:\/\/repliquemangacine.fr\/it\/wp-json\/wp\/v2\/product_cat?post=81430"},{"taxonomy":"product_tag","embeddable":true,"href":"https:\/\/repliquemangacine.fr\/it\/wp-json\/wp\/v2\/product_tag?post=81430"}],"curies":[{"name":"wp","href":"https:\/\/api.w.org\/{rel}","templated":true}]}}