





{"id":81422,"date":"2025-01-21T19:12:35","date_gmt":"2025-01-21T18:12:35","guid":{"rendered":"https:\/\/repliquemangacine.fr\/?post_type=product&#038;p=81422"},"modified":"2026-05-02T21:34:20","modified_gmt":"2026-05-02T19:34:20","slug":"costume-intero-luminoso-katana-wado-ichimonji","status":"publish","type":"product","link":"https:\/\/repliquemangacine.fr\/it\/katana-lumineux-one-piece\/katana-wado-ichimonji-lumineux-one-piece\/","title":{"rendered":"Katana Wado Ichimonji illuminata (led) - One Piece"},"content":{"rendered":"<h2>Katana Wado Ichimonji luminosa - L'emblematica spada di Zoro finalmente disponibile<\/h2>\n<p>Prima di tutto, la luminosa katana Wado Ichimonji, una delle lame pi\u00f9 emblematiche di Roronoa Zoro in <a href=\"https:\/\/onepiece.fandom.com\/fr\/wiki\/One_Piece_Encyclop%C3%A9die\" target=\"_blank\" rel=\"noopener noreferrer\">Un pezzo<\/a>. Ereditata dalla sua amica d'infanzia Kuina, questa spada di alta qualit\u00e0 \u00e8 una replica fedele, con un design accurato e finiture eccezionali. La lama in metallo nella parte superiore e la parte inferiore in ABS spesso con LED integrati le conferiscono un effetto luminoso sorprendente. Perfetta per collezionisti e cosplayer. Il suo pulsante di accensione\/spegnimento discreto e molto facile da usare consente di attivare l'illuminazione con estrema semplicit\u00e0.<\/p>\n<p>L'elsa in metallo dalla forma particolare. L'impugnatura rivestita con una treccia di cotone bianco. Il fodero in legno bianco decorato con dorature rendono omaggio al design nobile ed elegante di questa lama leggendaria. Con una lunghezza totale di 105 cm e un peso di 1306 g con fodero. Questa katana luminosa \u00e8 un pezzo da collezione per tutti gli appassionati di One Piece.<\/p>\n<h2>Una spada leggendaria con un design autentico e luminoso<\/h2>\n<p>La katana Wado Ichimonji luminosa, un pezzo unico che unisce tradizione e modernit\u00e0 grazie al suo sistema LED integrato. La sua lama di 72,5 cm si illumina per offrire un effetto spettacolare durante le messe in scena o le esposizioni. Il puntale del manico \u00e8 rimovibile, consentendo l'inserimento di due batterie AAA (non fornite). Ci\u00f2 garantisce un utilizzo semplice e pratico senza alterare il design autentico della katana.<\/p>\n<p>Questa spada \u00e8 perfetta per i fan di One Piece, che siano collezionisti o cosplayer. Il fodero in legno bianco con decorazioni dorate riflette la nobilt\u00e0 e la potenza della katana di Zoro, una delle 21 O Wazamono, spade eccezionali dell'universo manga. Con una finitura di alta qualit\u00e0, materiali robusti e un realismo impressionante, questa replica arricchir\u00e0 la tua collezione e ti trasporter\u00e0 nel cuore dell'avventura di Grand Line.<\/p>\n<h2>Una collezione completa di katane di One Piece per tutti gli appassionati<\/h2>\n<p>Se siete fan di One Piece, non perdetevi la nostra collezione di katane ispirate al mondo del manga. Oltre alla luminosa katana Wado Ichimonji, troverete altre spade leggendarie. Come la <a href=\"https:\/\/repliquemangacine.fr\/it\/katana-leggera-monopezzo\/katana-enma-led-light-one-piece\/\">Katana leggera Enma<\/a>la potente lama viola e <a href=\"https:\/\/repliquemangacine.fr\/it\/katana-monopezzo\/katana-shusui-pezzo-unico-luminoso\/\">Shusui, la spada nera maledetta<\/a>. C'\u00e8 anche la Sandai Kitetsu, una katana maledetta dalla lama temibile, oltre ad altre armi emblematiche come Yoru, la gigantesca spada di Dracule Mihawk.<\/p>\n<p>Che tu stia cercando una replica con lama in metallo, una katana in legno per il cosplay o un modello luminoso con LED integrati, la nostra collezione offre una gamma completa in grado di soddisfare tutti gli appassionati. Ogni pezzo \u00e8 realizzato con un'attenzione eccezionale ai dettagli, garantendo autenticit\u00e0 e qualit\u00e0. In conclusione, entra nei panni del pi\u00f9 grande spadaccino di Grand Line e scegli subito la tua spada!<\/p>","protected":false},"excerpt":{"rendered":"<p>Superba replica della Katana Ichimonji in versione luminosa (LED) in One Piece<\/p>\n<ul>\n<li>Lama in metallo sulla parte superiore, fondo in ABS spesso con LED all'interno.<\/li>\n<li>Pulsante di accensione\/spegnimento discreto e facile da usare<\/li>\n<li>Protezione metallica appositamente sagomata<\/li>\n<li>Poign\u00e9e recouverte d\u2019une tresse en coton blanche&amp;amp;amp;amp;amp;amp;amp;amp;amp;amp;amp;lt;\/li&gt;<\/li>\n<li>L'estremit\u00e0 del manico pu\u00f2 essere staccata per inserire due batterie AAA (non fornite)<\/li><li>Fodero in legno bianco con estremit\u00e0 dorate.<\/li>\n<li>Lunghezza lama: 72,5<\/li>\n<li>cm - Lunghezza totale: 105 cm - Peso: 1306 g (con fodero)<\/li>\n<\/ul>","protected":false},"featured_media":81423,"template":"","meta":[],"product_brand":[896],"product_cat":[868,871,36],"product_tag":[],"class_list":{"0":"post-81422","1":"product","2":"type-product","3":"status-publish","4":"has-post-thumbnail","6":"product_brand-replique-manga-cine","7":"product_cat-katana-lumineux","8":"product_cat-katana-lumineux-one-piece","9":"product_cat-katana-one-piece","11":"first","12":"instock","13":"sale","14":"taxable","15":"shipping-taxable","16":"purchasable","17":"product-type-simple"},"yoast_head":"<!-- This site is optimized with the Yoast SEO plugin v27.5 - https:\/\/yoast.com\/product\/yoast-seo-wordpress\/ -->\n<title>Katana Wado Ichimonji Lumineux (Leds)- One Piece - R\u00e9plique Manga Cin\u00e9<\/title>\n<meta name=\"description\" content=\"En exclusivit\u00e9 ! Retrouvez le Katana Wado Ichimonji Lumineux dans One Piece. Bouton marche arr\u00eat. Lame en acier et ABS contenant les Leds. 105 cm\" \/>\n<meta name=\"robots\" content=\"index, follow, max-snippet:-1, max-image-preview:large, max-video-preview:-1\" \/>\n<link rel=\"canonical\" href=\"https:\/\/repliquemangacine.fr\/it\/katana-leggera-monopezzo\/costume-intero-luminoso-katana-wado-ichimonji\/\" \/>\n<meta property=\"og:locale\" content=\"it_IT\" \/>\n<meta property=\"og:type\" content=\"article\" \/>\n<meta property=\"og:title\" content=\"Katana Wado Ichimonji Lumineux (Leds)- One Piece - R\u00e9plique Manga Cin\u00e9\" \/>\n<meta property=\"og:description\" content=\"En exclusivit\u00e9 ! Retrouvez le Katana Wado Ichimonji Lumineux dans One Piece. Bouton marche arr\u00eat. Lame en acier et ABS contenant les Leds. 105 cm\" \/>\n<meta property=\"og:url\" content=\"https:\/\/repliquemangacine.fr\/it\/katana-leggera-monopezzo\/costume-intero-luminoso-katana-wado-ichimonji\/\" \/>\n<meta property=\"og:site_name\" content=\"R\u00e9plique Manga Cin\u00e9\" \/>\n<meta property=\"article:publisher\" content=\"https:\/\/www.facebook.com\/RepliqueMangaCine\" \/>\n<meta property=\"article:modified_time\" content=\"2026-05-02T19:34:20+00:00\" \/>\n<meta property=\"og:image\" content=\"https:\/\/repliquemangacine.fr\/wp-content\/uploads\/2025\/01\/Katana-Ichimonji-Lumineux-One-Piece.jpg\" \/>\n\t<meta property=\"og:image:width\" content=\"500\" \/>\n\t<meta property=\"og:image:height\" content=\"500\" \/>\n\t<meta property=\"og:image:type\" content=\"image\/jpeg\" \/>\n<meta name=\"twitter:card\" content=\"summary_large_image\" \/>\n<meta name=\"twitter:label1\" content=\"Tempo di lettura stimato\" \/>\n\t<meta name=\"twitter:data1\" content=\"3 minuti\" \/>\n<script type=\"application\/ld+json\" class=\"yoast-schema-graph\">{\"@context\":\"https:\\\/\\\/schema.org\",\"@graph\":[{\"@type\":\"WebPage\",\"@id\":\"https:\\\/\\\/repliquemangacine.fr\\\/katana-lumineux-one-piece\\\/katana-wado-ichimonji-lumineux-one-piece\\\/\",\"url\":\"https:\\\/\\\/repliquemangacine.fr\\\/katana-lumineux-one-piece\\\/katana-wado-ichimonji-lumineux-one-piece\\\/\",\"name\":\"Katana Wado Ichimonji Lumineux (Leds)- One Piece - R\u00e9plique Manga Cin\u00e9\",\"isPartOf\":{\"@id\":\"https:\\\/\\\/repliquemangacine.fr\\\/#website\"},\"primaryImageOfPage\":{\"@id\":\"https:\\\/\\\/repliquemangacine.fr\\\/katana-lumineux-one-piece\\\/katana-wado-ichimonji-lumineux-one-piece\\\/#primaryimage\"},\"image\":{\"@id\":\"https:\\\/\\\/repliquemangacine.fr\\\/katana-lumineux-one-piece\\\/katana-wado-ichimonji-lumineux-one-piece\\\/#primaryimage\"},\"thumbnailUrl\":\"https:\\\/\\\/repliquemangacine.fr\\\/wp-content\\\/uploads\\\/2025\\\/01\\\/Katana-Ichimonji-Lumineux-One-Piece.jpg\",\"datePublished\":\"2025-01-21T18:12:35+00:00\",\"dateModified\":\"2026-05-02T19:34:20+00:00\",\"description\":\"En exclusivit\u00e9 ! Retrouvez le Katana Wado Ichimonji Lumineux dans One Piece. Bouton marche arr\u00eat. Lame en acier et ABS contenant les Leds. 105 cm\",\"breadcrumb\":{\"@id\":\"https:\\\/\\\/repliquemangacine.fr\\\/katana-lumineux-one-piece\\\/katana-wado-ichimonji-lumineux-one-piece\\\/#breadcrumb\"},\"inLanguage\":\"it-IT\",\"potentialAction\":[{\"@type\":\"ReadAction\",\"target\":[\"https:\\\/\\\/repliquemangacine.fr\\\/katana-lumineux-one-piece\\\/katana-wado-ichimonji-lumineux-one-piece\\\/\"]}]},{\"@type\":\"ImageObject\",\"inLanguage\":\"it-IT\",\"@id\":\"https:\\\/\\\/repliquemangacine.fr\\\/katana-lumineux-one-piece\\\/katana-wado-ichimonji-lumineux-one-piece\\\/#primaryimage\",\"url\":\"https:\\\/\\\/repliquemangacine.fr\\\/wp-content\\\/uploads\\\/2025\\\/01\\\/Katana-Ichimonji-Lumineux-One-Piece.jpg\",\"contentUrl\":\"https:\\\/\\\/repliquemangacine.fr\\\/wp-content\\\/uploads\\\/2025\\\/01\\\/Katana-Ichimonji-Lumineux-One-Piece.jpg\",\"width\":500,\"height\":500,\"caption\":\"Katana Ichimonji Lumineux One Piece\"},{\"@type\":\"BreadcrumbList\",\"@id\":\"https:\\\/\\\/repliquemangacine.fr\\\/katana-lumineux-one-piece\\\/katana-wado-ichimonji-lumineux-one-piece\\\/#breadcrumb\",\"itemListElement\":[{\"@type\":\"ListItem\",\"position\":1,\"name\":\"Accueil\",\"item\":\"https:\\\/\\\/repliquemangacine.fr\\\/\"},{\"@type\":\"ListItem\",\"position\":2,\"name\":\"Produits\",\"item\":\"https:\\\/\\\/repliquemangacine.fr\\\/boutique\\\/\"},{\"@type\":\"ListItem\",\"position\":3,\"name\":\"Katana Wado Ichimonji Lumineux (Leds)- One Piece\"}]},{\"@type\":\"WebSite\",\"@id\":\"https:\\\/\\\/repliquemangacine.fr\\\/#website\",\"url\":\"https:\\\/\\\/repliquemangacine.fr\\\/\",\"name\":\"R\u00e9plique Manga Cin\u00e9\",\"description\":\"\",\"publisher\":{\"@id\":\"https:\\\/\\\/repliquemangacine.fr\\\/#organization\"},\"potentialAction\":[{\"@type\":\"SearchAction\",\"target\":{\"@type\":\"EntryPoint\",\"urlTemplate\":\"https:\\\/\\\/repliquemangacine.fr\\\/?s={search_term_string}\"},\"query-input\":{\"@type\":\"PropertyValueSpecification\",\"valueRequired\":true,\"valueName\":\"search_term_string\"}}],\"inLanguage\":\"it-IT\"},{\"@type\":\"Organization\",\"@id\":\"https:\\\/\\\/repliquemangacine.fr\\\/#organization\",\"name\":\"R\u00e9plique Manga Cin\u00e9\",\"url\":\"https:\\\/\\\/repliquemangacine.fr\\\/\",\"logo\":{\"@type\":\"ImageObject\",\"inLanguage\":\"it-IT\",\"@id\":\"https:\\\/\\\/repliquemangacine.fr\\\/#\\\/schema\\\/logo\\\/image\\\/\",\"url\":\"https:\\\/\\\/repliquemangacine.fr\\\/wp-content\\\/uploads\\\/2023\\\/10\\\/RMC-500250.png\",\"contentUrl\":\"https:\\\/\\\/repliquemangacine.fr\\\/wp-content\\\/uploads\\\/2023\\\/10\\\/RMC-500250.png\",\"width\":500,\"height\":250,\"caption\":\"R\u00e9plique Manga Cin\u00e9\"},\"image\":{\"@id\":\"https:\\\/\\\/repliquemangacine.fr\\\/#\\\/schema\\\/logo\\\/image\\\/\"},\"sameAs\":[\"https:\\\/\\\/www.facebook.com\\\/RepliqueMangaCine\",\"https:\\\/\\\/www.instagram.com\\\/repliquemangacine.fr\\\/\"]}]}<\/script>\n<!-- \/ Yoast SEO plugin. -->","yoast_head_json":{"title":"Katana Wado Ichimonji illuminata (led) - Pezzo unico - R\u00e9plique Manga Cin\u00e9","description":"Esclusivo! Trova la Katana luminosa Wado Ichimonji in One Piece. Pulsante di accensione\/spegnimento. Lama in acciaio e ABS con LED. Lunghezza 105 cm","robots":{"index":"index","follow":"follow","max-snippet":"max-snippet:-1","max-image-preview":"max-image-preview:large","max-video-preview":"max-video-preview:-1"},"canonical":"https:\/\/repliquemangacine.fr\/it\/katana-leggera-monopezzo\/costume-intero-luminoso-katana-wado-ichimonji\/","og_locale":"it_IT","og_type":"article","og_title":"Katana Wado Ichimonji Lumineux (Leds)- One Piece - R\u00e9plique Manga Cin\u00e9","og_description":"En exclusivit\u00e9 ! Retrouvez le Katana Wado Ichimonji Lumineux dans One Piece. Bouton marche arr\u00eat. Lame en acier et ABS contenant les Leds. 105 cm","og_url":"https:\/\/repliquemangacine.fr\/it\/katana-leggera-monopezzo\/costume-intero-luminoso-katana-wado-ichimonji\/","og_site_name":"R\u00e9plique Manga Cin\u00e9","article_publisher":"https:\/\/www.facebook.com\/RepliqueMangaCine","article_modified_time":"2026-05-02T19:34:20+00:00","og_image":[{"width":500,"height":500,"url":"https:\/\/repliquemangacine.fr\/wp-content\/uploads\/2025\/01\/Katana-Ichimonji-Lumineux-One-Piece.jpg","type":"image\/jpeg"}],"twitter_card":"summary_large_image","twitter_misc":{"Tempo di lettura stimato":"3 minuti"},"schema":{"@context":"https:\/\/schema.org","@graph":[{"@type":"WebPage","@id":"https:\/\/repliquemangacine.fr\/katana-lumineux-one-piece\/katana-wado-ichimonji-lumineux-one-piece\/","url":"https:\/\/repliquemangacine.fr\/katana-lumineux-one-piece\/katana-wado-ichimonji-lumineux-one-piece\/","name":"Katana Wado Ichimonji illuminata (led) - Pezzo unico - R\u00e9plique Manga Cin\u00e9","isPartOf":{"@id":"https:\/\/repliquemangacine.fr\/#website"},"primaryImageOfPage":{"@id":"https:\/\/repliquemangacine.fr\/katana-lumineux-one-piece\/katana-wado-ichimonji-lumineux-one-piece\/#primaryimage"},"image":{"@id":"https:\/\/repliquemangacine.fr\/katana-lumineux-one-piece\/katana-wado-ichimonji-lumineux-one-piece\/#primaryimage"},"thumbnailUrl":"https:\/\/repliquemangacine.fr\/wp-content\/uploads\/2025\/01\/Katana-Ichimonji-Lumineux-One-Piece.jpg","datePublished":"2025-01-21T18:12:35+00:00","dateModified":"2026-05-02T19:34:20+00:00","description":"Esclusivo! Trova la Katana luminosa Wado Ichimonji in One Piece. Pulsante di accensione\/spegnimento. Lama in acciaio e ABS con LED. Lunghezza 105 cm","breadcrumb":{"@id":"https:\/\/repliquemangacine.fr\/katana-lumineux-one-piece\/katana-wado-ichimonji-lumineux-one-piece\/#breadcrumb"},"inLanguage":"it-IT","potentialAction":[{"@type":"ReadAction","target":["https:\/\/repliquemangacine.fr\/katana-lumineux-one-piece\/katana-wado-ichimonji-lumineux-one-piece\/"]}]},{"@type":"ImageObject","inLanguage":"it-IT","@id":"https:\/\/repliquemangacine.fr\/katana-lumineux-one-piece\/katana-wado-ichimonji-lumineux-one-piece\/#primaryimage","url":"https:\/\/repliquemangacine.fr\/wp-content\/uploads\/2025\/01\/Katana-Ichimonji-Lumineux-One-Piece.jpg","contentUrl":"https:\/\/repliquemangacine.fr\/wp-content\/uploads\/2025\/01\/Katana-Ichimonji-Lumineux-One-Piece.jpg","width":500,"height":500,"caption":"Katana Ichimonji Lumineux One Piece"},{"@type":"BreadcrumbList","@id":"https:\/\/repliquemangacine.fr\/katana-lumineux-one-piece\/katana-wado-ichimonji-lumineux-one-piece\/#breadcrumb","itemListElement":[{"@type":"ListItem","position":1,"name":"Accueil","item":"https:\/\/repliquemangacine.fr\/"},{"@type":"ListItem","position":2,"name":"Produits","item":"https:\/\/repliquemangacine.fr\/boutique\/"},{"@type":"ListItem","position":3,"name":"Katana Wado Ichimonji Lumineux (Leds)- One Piece"}]},{"@type":"WebSite","@id":"https:\/\/repliquemangacine.fr\/#website","url":"https:\/\/repliquemangacine.fr\/","name":"R\u00e9plique Manga Cin\u00e9","description":"","publisher":{"@id":"https:\/\/repliquemangacine.fr\/#organization"},"potentialAction":[{"@type":"SearchAction","target":{"@type":"EntryPoint","urlTemplate":"https:\/\/repliquemangacine.fr\/?s={search_term_string}"},"query-input":{"@type":"PropertyValueSpecification","valueRequired":true,"valueName":"search_term_string"}}],"inLanguage":"it-IT"},{"@type":"Organization","@id":"https:\/\/repliquemangacine.fr\/#organization","name":"R\u00e9plique Manga Cin\u00e9","url":"https:\/\/repliquemangacine.fr\/","logo":{"@type":"ImageObject","inLanguage":"it-IT","@id":"https:\/\/repliquemangacine.fr\/#\/schema\/logo\/image\/","url":"https:\/\/repliquemangacine.fr\/wp-content\/uploads\/2023\/10\/RMC-500250.png","contentUrl":"https:\/\/repliquemangacine.fr\/wp-content\/uploads\/2023\/10\/RMC-500250.png","width":500,"height":250,"caption":"R\u00e9plique Manga Cin\u00e9"},"image":{"@id":"https:\/\/repliquemangacine.fr\/#\/schema\/logo\/image\/"},"sameAs":["https:\/\/www.facebook.com\/RepliqueMangaCine","https:\/\/www.instagram.com\/repliquemangacine.fr\/"]}]}},"_links":{"self":[{"href":"https:\/\/repliquemangacine.fr\/it\/wp-json\/wp\/v2\/product\/81422","targetHints":{"allow":["GET"]}}],"collection":[{"href":"https:\/\/repliquemangacine.fr\/it\/wp-json\/wp\/v2\/product"}],"about":[{"href":"https:\/\/repliquemangacine.fr\/it\/wp-json\/wp\/v2\/types\/product"}],"wp:featuredmedia":[{"embeddable":true,"href":"https:\/\/repliquemangacine.fr\/it\/wp-json\/wp\/v2\/media\/81423"}],"wp:attachment":[{"href":"https:\/\/repliquemangacine.fr\/it\/wp-json\/wp\/v2\/media?parent=81422"}],"wp:term":[{"taxonomy":"product_brand","embeddable":true,"href":"https:\/\/repliquemangacine.fr\/it\/wp-json\/wp\/v2\/product_brand?post=81422"},{"taxonomy":"product_cat","embeddable":true,"href":"https:\/\/repliquemangacine.fr\/it\/wp-json\/wp\/v2\/product_cat?post=81422"},{"taxonomy":"product_tag","embeddable":true,"href":"https:\/\/repliquemangacine.fr\/it\/wp-json\/wp\/v2\/product_tag?post=81422"}],"curies":[{"name":"wp","href":"https:\/\/api.w.org\/{rel}","templated":true}]}}