





{"id":81413,"date":"2025-01-21T19:00:16","date_gmt":"2025-01-21T18:00:16","guid":{"rendered":"https:\/\/repliquemangacine.fr\/?post_type=product&#038;p=81413"},"modified":"2026-03-31T19:53:57","modified_gmt":"2026-03-31T17:53:57","slug":"katana-shusui-pezzo-unico-luminoso","status":"publish","type":"product","link":"https:\/\/repliquemangacine.fr\/it\/katana-one-piece\/katana-shusui-lumineux-one-piece\/","title":{"rendered":"Katana Shusui illuminata (led) - One Piece"},"content":{"rendered":"<h2>Katana Shusui luminosa - La lama maledetta del leggendario samurai<\/h2>\n<p>Per prima cosa, scoprite la katana luminosa Shusui, una replica sorprendente della mitica lama di Roronoa Zoro in One Piece. Un tempo brandita dal famoso samurai Ryuma, questa spada nera \u00e8 considerata un tesoro nazionale del Paese di Wano. \u00c8 inoltre una delle lame pi\u00f9 potenti che Zoro abbia mai impugnato. La sua lama in metallo finemente decorata nella parte superiore, combinata con una parte inferiore in ABS spesso con LED rosa integrati, offre un effetto visivo spettacolare una volta illuminata. Il suo pulsante di accensione\/spegnimento discreto e facile da usare consente di attivare l'illuminazione con semplicit\u00e0, rafforzando l'aura mistica e imponente di questa leggendaria spada.<\/p>\n<p>Con la sua caratteristica guardia in metallo, l'impugnatura rivestita in treccia di cotone nero e il fodero laccato nero splendidamente decorato. Questa katana \u00e8 un pezzo eccezionale per i collezionisti e gli appassionati di One Piece. Con una lunghezza totale di 104 cm e un peso equilibrato di 1160 g, questa replica unisce estetica, qualit\u00e0 e fedelt\u00e0 all'opera originale, per un'immersione totale nell'universo dei spadaccini di Grand Line.<\/p>\n<h2>Una katana mitica con un design impressionante e coinvolgente<\/h2>\n<p>La katana luminosa Shusui non si distingue solo per la sua storia, ma anche per il suo design sontuoso e le finiture di alta qualit\u00e0. L'effetto LED rosa integrato nella parte inferiore della lama in ABS spesso conferisce una dimensione mistica e soprannaturale, ricordando l'aura intimidatoria di questa spada nera. La sua lama di 67 cm, minuziosamente decorata, riflette perfettamente l'estetica di Shusui in One Piece. Ricordando l'aura intimidatoria di questa spada nera. La sua lama di 67 cm, minuziosamente decorata, riflette perfettamente l'estetica di Shusui in One Piece. Rendendo questa replica ideale per il cosplay, le esposizioni o le messe in scena epiche.<\/p>\n<p>Grazie al suo manico rimovibile, che consente di inserire due batterie AAA (non incluse), questa katana combina autenticit\u00e0 e modernit\u00e0 per un'esperienza coinvolgente. Il fodero laccato nero decorato aggiunge un tocco di eleganza e prestigio a quest'arma gi\u00e0 di per s\u00e9 impressionante. Che tu sia un collezionista o un appassionato di One Piece, questa lama maledetta sublimer\u00e0 la tua collezione e ti immerger\u00e0 nell'universo dei pi\u00f9 grandi samurai del Paese di Wano.<\/p>\n<h2>Una collezione completa di katane luminose e classiche, ispirate a One Piece.<\/h2>\n<p>Se siete affascinati dalla katana illuminata Shusui, sarete felici di scoprire tutta la nostra gamma di repliche fedeli delle armi di <a href=\"https:\/\/onepiece.fandom.com\/fr\/wiki\/Roronoa_Zoro\" target=\"_blank\" rel=\"noopener noreferrer\">Roronoa Zoro<\/a> e altri spadaccini leggendari. Scoprite la luminosa katana Enma, la leggendaria lama che ha costretto Zoro a superare i suoi limiti. C'\u00e8 anche la <a href=\"https:\/\/repliquemangacine.fr\/it\/katana-luminosa\/katana-sandai-kitetsu-luminous-led-one-piece\/\">Sanda\u00ef Kitetsu<\/a>, la spada maledetta nota per il suo temperamento imprevedibile. Senza dimenticare la Wado Ichimonji, la sua iconica katana bianca che tiene tra i denti, eredit\u00e0 del suo giuramento a Kuina.<\/p>\n<p>La nostra collezione comprende anche versioni in metallo per i puristi, modelli in legno per i cosplayer e <a href=\"https:\/\/repliquemangacine.fr\/it\/katana-luminosa\/\">katane luminose<\/a> dotati di LED per un'immersione totale. Ogni pezzo \u00e8 progettato con un'eccezionale attenzione ai dettagli, garantendo qualit\u00e0, realismo e robustezza. Unisciti all'\u00e9lite degli spadaccini della Grand Line e scegli subito la tua katana!<\/p>","protected":false},"excerpt":{"rendered":"<p>Superba replica della katana Shusui in versione luminosa (Leds) in One Piece<\/p>\n<ul>\n<li>Lama in metallo decorata sulla parte superiore, fondo in ABS spesso con LED rosa all'interno.<\/li>\n<li>Pulsante di accensione\/spegnimento discreto e facile da usare<\/li>\n<li>Protezione metallica appositamente sagomata<\/li>\n<li>Manico rivestito con treccia di cotone nero<\/li>\n<li>L'estremit\u00e0 del manico pu\u00f2 essere staccata per inserire due batterie AAA (non fornite).<\/li>\n<li>Fodero nero laccato e decorato.<\/li>\n<li>Lunghezza lama: 67 cm - Lunghezza totale: 104 cm - Peso: 1160 g<\/li>\n<\/ul>","protected":false},"featured_media":81414,"template":"","meta":[],"product_brand":[896],"product_cat":[868,871,36],"product_tag":[],"class_list":{"0":"post-81413","1":"product","2":"type-product","3":"status-publish","4":"has-post-thumbnail","6":"product_brand-replique-manga-cine","7":"product_cat-katana-lumineux","8":"product_cat-katana-lumineux-one-piece","9":"product_cat-katana-one-piece","11":"first","12":"instock","13":"sale","14":"taxable","15":"shipping-taxable","16":"purchasable","17":"product-type-simple"},"yoast_head":"<!-- This site is optimized with the Yoast SEO plugin v27.4 - https:\/\/yoast.com\/product\/yoast-seo-wordpress\/ -->\n<title>Katana Shusui Lumineux (Leds)- One Piece - R\u00e9plique Manga Cin\u00e9<\/title>\n<meta name=\"description\" content=\"Exclusivit\u00e9 ! Katana Shusui Lumineux dans One piece. Bouton marche\/arr\u00eat. Lame en acier et en ABS contenant les LEDS. Fourreau Laqu\u00e9 d\u00e9cor\u00e9. 104 cm\" \/>\n<meta name=\"robots\" content=\"index, follow, max-snippet:-1, max-image-preview:large, max-video-preview:-1\" \/>\n<link rel=\"canonical\" href=\"https:\/\/repliquemangacine.fr\/it\/katana-monopezzo\/katana-shusui-pezzo-unico-luminoso\/\" \/>\n<meta property=\"og:locale\" content=\"it_IT\" \/>\n<meta property=\"og:type\" content=\"article\" \/>\n<meta property=\"og:title\" content=\"Katana Shusui Lumineux (Leds)- One Piece - R\u00e9plique Manga Cin\u00e9\" \/>\n<meta property=\"og:description\" content=\"Exclusivit\u00e9 ! Katana Shusui Lumineux dans One piece. Bouton marche\/arr\u00eat. Lame en acier et en ABS contenant les LEDS. Fourreau Laqu\u00e9 d\u00e9cor\u00e9. 104 cm\" \/>\n<meta property=\"og:url\" content=\"https:\/\/repliquemangacine.fr\/it\/katana-monopezzo\/katana-shusui-pezzo-unico-luminoso\/\" \/>\n<meta property=\"og:site_name\" content=\"R\u00e9plique Manga Cin\u00e9\" \/>\n<meta property=\"article:publisher\" content=\"https:\/\/www.facebook.com\/RepliqueMangaCine\" \/>\n<meta property=\"article:modified_time\" content=\"2026-03-31T17:53:57+00:00\" \/>\n<meta property=\"og:image\" content=\"https:\/\/repliquemangacine.fr\/wp-content\/uploads\/2025\/01\/Katana-Shusui-Lumineux-One-Piece.jpg\" \/>\n\t<meta property=\"og:image:width\" content=\"500\" \/>\n\t<meta property=\"og:image:height\" content=\"500\" \/>\n\t<meta property=\"og:image:type\" content=\"image\/jpeg\" \/>\n<meta name=\"twitter:card\" content=\"summary_large_image\" \/>\n<meta name=\"twitter:label1\" content=\"Tempo di lettura stimato\" \/>\n\t<meta name=\"twitter:data1\" content=\"3 minuti\" \/>\n<script type=\"application\/ld+json\" class=\"yoast-schema-graph\">{\"@context\":\"https:\\\/\\\/schema.org\",\"@graph\":[{\"@type\":\"WebPage\",\"@id\":\"https:\\\/\\\/repliquemangacine.fr\\\/katana-one-piece\\\/katana-shusui-lumineux-one-piece\\\/\",\"url\":\"https:\\\/\\\/repliquemangacine.fr\\\/katana-one-piece\\\/katana-shusui-lumineux-one-piece\\\/\",\"name\":\"Katana Shusui Lumineux (Leds)- One Piece - R\u00e9plique Manga Cin\u00e9\",\"isPartOf\":{\"@id\":\"https:\\\/\\\/repliquemangacine.fr\\\/#website\"},\"primaryImageOfPage\":{\"@id\":\"https:\\\/\\\/repliquemangacine.fr\\\/katana-one-piece\\\/katana-shusui-lumineux-one-piece\\\/#primaryimage\"},\"image\":{\"@id\":\"https:\\\/\\\/repliquemangacine.fr\\\/katana-one-piece\\\/katana-shusui-lumineux-one-piece\\\/#primaryimage\"},\"thumbnailUrl\":\"https:\\\/\\\/repliquemangacine.fr\\\/wp-content\\\/uploads\\\/2025\\\/01\\\/Katana-Shusui-Lumineux-One-Piece.jpg\",\"datePublished\":\"2025-01-21T18:00:16+00:00\",\"dateModified\":\"2026-03-31T17:53:57+00:00\",\"description\":\"Exclusivit\u00e9 ! Katana Shusui Lumineux dans One piece. Bouton marche\\\/arr\u00eat. Lame en acier et en ABS contenant les LEDS. Fourreau Laqu\u00e9 d\u00e9cor\u00e9. 104 cm\",\"breadcrumb\":{\"@id\":\"https:\\\/\\\/repliquemangacine.fr\\\/katana-one-piece\\\/katana-shusui-lumineux-one-piece\\\/#breadcrumb\"},\"inLanguage\":\"it-IT\",\"potentialAction\":[{\"@type\":\"ReadAction\",\"target\":[\"https:\\\/\\\/repliquemangacine.fr\\\/katana-one-piece\\\/katana-shusui-lumineux-one-piece\\\/\"]}]},{\"@type\":\"ImageObject\",\"inLanguage\":\"it-IT\",\"@id\":\"https:\\\/\\\/repliquemangacine.fr\\\/katana-one-piece\\\/katana-shusui-lumineux-one-piece\\\/#primaryimage\",\"url\":\"https:\\\/\\\/repliquemangacine.fr\\\/wp-content\\\/uploads\\\/2025\\\/01\\\/Katana-Shusui-Lumineux-One-Piece.jpg\",\"contentUrl\":\"https:\\\/\\\/repliquemangacine.fr\\\/wp-content\\\/uploads\\\/2025\\\/01\\\/Katana-Shusui-Lumineux-One-Piece.jpg\",\"width\":500,\"height\":500,\"caption\":\"Katana Shusui Lumineux One Piece\"},{\"@type\":\"BreadcrumbList\",\"@id\":\"https:\\\/\\\/repliquemangacine.fr\\\/katana-one-piece\\\/katana-shusui-lumineux-one-piece\\\/#breadcrumb\",\"itemListElement\":[{\"@type\":\"ListItem\",\"position\":1,\"name\":\"Accueil\",\"item\":\"https:\\\/\\\/repliquemangacine.fr\\\/\"},{\"@type\":\"ListItem\",\"position\":2,\"name\":\"Produits\",\"item\":\"https:\\\/\\\/repliquemangacine.fr\\\/boutique\\\/\"},{\"@type\":\"ListItem\",\"position\":3,\"name\":\"Katana Shusui Lumineux (Leds)- One Piece\"}]},{\"@type\":\"WebSite\",\"@id\":\"https:\\\/\\\/repliquemangacine.fr\\\/#website\",\"url\":\"https:\\\/\\\/repliquemangacine.fr\\\/\",\"name\":\"R\u00e9plique Manga Cin\u00e9\",\"description\":\"\",\"publisher\":{\"@id\":\"https:\\\/\\\/repliquemangacine.fr\\\/#organization\"},\"potentialAction\":[{\"@type\":\"SearchAction\",\"target\":{\"@type\":\"EntryPoint\",\"urlTemplate\":\"https:\\\/\\\/repliquemangacine.fr\\\/?s={search_term_string}\"},\"query-input\":{\"@type\":\"PropertyValueSpecification\",\"valueRequired\":true,\"valueName\":\"search_term_string\"}}],\"inLanguage\":\"it-IT\"},{\"@type\":\"Organization\",\"@id\":\"https:\\\/\\\/repliquemangacine.fr\\\/#organization\",\"name\":\"R\u00e9plique Manga Cin\u00e9\",\"url\":\"https:\\\/\\\/repliquemangacine.fr\\\/\",\"logo\":{\"@type\":\"ImageObject\",\"inLanguage\":\"it-IT\",\"@id\":\"https:\\\/\\\/repliquemangacine.fr\\\/#\\\/schema\\\/logo\\\/image\\\/\",\"url\":\"https:\\\/\\\/repliquemangacine.fr\\\/wp-content\\\/uploads\\\/2023\\\/10\\\/RMC-500250.png\",\"contentUrl\":\"https:\\\/\\\/repliquemangacine.fr\\\/wp-content\\\/uploads\\\/2023\\\/10\\\/RMC-500250.png\",\"width\":500,\"height\":250,\"caption\":\"R\u00e9plique Manga Cin\u00e9\"},\"image\":{\"@id\":\"https:\\\/\\\/repliquemangacine.fr\\\/#\\\/schema\\\/logo\\\/image\\\/\"},\"sameAs\":[\"https:\\\/\\\/www.facebook.com\\\/RepliqueMangaCine\",\"https:\\\/\\\/www.instagram.com\\\/repliquemangacine.fr\\\/\"]}]}<\/script>\n<!-- \/ Yoast SEO plugin. -->","yoast_head_json":{"title":"Katana Shusui illuminata (led) - One Piece - R\u00e9plique Manga Cin\u00e9","description":"Esclusivo! Katana Shusui luminosa in un unico pezzo. Pulsante di accensione e spegnimento. Lama in acciaio e ABS contenente LED. Fodero decorato e laccato. 104 cm.","robots":{"index":"index","follow":"follow","max-snippet":"max-snippet:-1","max-image-preview":"max-image-preview:large","max-video-preview":"max-video-preview:-1"},"canonical":"https:\/\/repliquemangacine.fr\/it\/katana-monopezzo\/katana-shusui-pezzo-unico-luminoso\/","og_locale":"it_IT","og_type":"article","og_title":"Katana Shusui Lumineux (Leds)- One Piece - R\u00e9plique Manga Cin\u00e9","og_description":"Exclusivit\u00e9 ! Katana Shusui Lumineux dans One piece. Bouton marche\/arr\u00eat. Lame en acier et en ABS contenant les LEDS. Fourreau Laqu\u00e9 d\u00e9cor\u00e9. 104 cm","og_url":"https:\/\/repliquemangacine.fr\/it\/katana-monopezzo\/katana-shusui-pezzo-unico-luminoso\/","og_site_name":"R\u00e9plique Manga Cin\u00e9","article_publisher":"https:\/\/www.facebook.com\/RepliqueMangaCine","article_modified_time":"2026-03-31T17:53:57+00:00","og_image":[{"width":500,"height":500,"url":"https:\/\/repliquemangacine.fr\/wp-content\/uploads\/2025\/01\/Katana-Shusui-Lumineux-One-Piece.jpg","type":"image\/jpeg"}],"twitter_card":"summary_large_image","twitter_misc":{"Tempo di lettura stimato":"3 minuti"},"schema":{"@context":"https:\/\/schema.org","@graph":[{"@type":"WebPage","@id":"https:\/\/repliquemangacine.fr\/katana-one-piece\/katana-shusui-lumineux-one-piece\/","url":"https:\/\/repliquemangacine.fr\/katana-one-piece\/katana-shusui-lumineux-one-piece\/","name":"Katana Shusui illuminata (led) - One Piece - R\u00e9plique Manga Cin\u00e9","isPartOf":{"@id":"https:\/\/repliquemangacine.fr\/#website"},"primaryImageOfPage":{"@id":"https:\/\/repliquemangacine.fr\/katana-one-piece\/katana-shusui-lumineux-one-piece\/#primaryimage"},"image":{"@id":"https:\/\/repliquemangacine.fr\/katana-one-piece\/katana-shusui-lumineux-one-piece\/#primaryimage"},"thumbnailUrl":"https:\/\/repliquemangacine.fr\/wp-content\/uploads\/2025\/01\/Katana-Shusui-Lumineux-One-Piece.jpg","datePublished":"2025-01-21T18:00:16+00:00","dateModified":"2026-03-31T17:53:57+00:00","description":"Esclusivo! Katana Shusui luminosa in un unico pezzo. Pulsante di accensione e spegnimento. Lama in acciaio e ABS contenente LED. Fodero decorato e laccato. 104 cm.","breadcrumb":{"@id":"https:\/\/repliquemangacine.fr\/katana-one-piece\/katana-shusui-lumineux-one-piece\/#breadcrumb"},"inLanguage":"it-IT","potentialAction":[{"@type":"ReadAction","target":["https:\/\/repliquemangacine.fr\/katana-one-piece\/katana-shusui-lumineux-one-piece\/"]}]},{"@type":"ImageObject","inLanguage":"it-IT","@id":"https:\/\/repliquemangacine.fr\/katana-one-piece\/katana-shusui-lumineux-one-piece\/#primaryimage","url":"https:\/\/repliquemangacine.fr\/wp-content\/uploads\/2025\/01\/Katana-Shusui-Lumineux-One-Piece.jpg","contentUrl":"https:\/\/repliquemangacine.fr\/wp-content\/uploads\/2025\/01\/Katana-Shusui-Lumineux-One-Piece.jpg","width":500,"height":500,"caption":"Katana Shusui Lumineux One Piece"},{"@type":"BreadcrumbList","@id":"https:\/\/repliquemangacine.fr\/katana-one-piece\/katana-shusui-lumineux-one-piece\/#breadcrumb","itemListElement":[{"@type":"ListItem","position":1,"name":"Accueil","item":"https:\/\/repliquemangacine.fr\/"},{"@type":"ListItem","position":2,"name":"Produits","item":"https:\/\/repliquemangacine.fr\/boutique\/"},{"@type":"ListItem","position":3,"name":"Katana Shusui Lumineux (Leds)- One Piece"}]},{"@type":"WebSite","@id":"https:\/\/repliquemangacine.fr\/#website","url":"https:\/\/repliquemangacine.fr\/","name":"R\u00e9plique Manga Cin\u00e9","description":"","publisher":{"@id":"https:\/\/repliquemangacine.fr\/#organization"},"potentialAction":[{"@type":"SearchAction","target":{"@type":"EntryPoint","urlTemplate":"https:\/\/repliquemangacine.fr\/?s={search_term_string}"},"query-input":{"@type":"PropertyValueSpecification","valueRequired":true,"valueName":"search_term_string"}}],"inLanguage":"it-IT"},{"@type":"Organization","@id":"https:\/\/repliquemangacine.fr\/#organization","name":"R\u00e9plique Manga Cin\u00e9","url":"https:\/\/repliquemangacine.fr\/","logo":{"@type":"ImageObject","inLanguage":"it-IT","@id":"https:\/\/repliquemangacine.fr\/#\/schema\/logo\/image\/","url":"https:\/\/repliquemangacine.fr\/wp-content\/uploads\/2023\/10\/RMC-500250.png","contentUrl":"https:\/\/repliquemangacine.fr\/wp-content\/uploads\/2023\/10\/RMC-500250.png","width":500,"height":250,"caption":"R\u00e9plique Manga Cin\u00e9"},"image":{"@id":"https:\/\/repliquemangacine.fr\/#\/schema\/logo\/image\/"},"sameAs":["https:\/\/www.facebook.com\/RepliqueMangaCine","https:\/\/www.instagram.com\/repliquemangacine.fr\/"]}]}},"_links":{"self":[{"href":"https:\/\/repliquemangacine.fr\/it\/wp-json\/wp\/v2\/product\/81413","targetHints":{"allow":["GET"]}}],"collection":[{"href":"https:\/\/repliquemangacine.fr\/it\/wp-json\/wp\/v2\/product"}],"about":[{"href":"https:\/\/repliquemangacine.fr\/it\/wp-json\/wp\/v2\/types\/product"}],"wp:featuredmedia":[{"embeddable":true,"href":"https:\/\/repliquemangacine.fr\/it\/wp-json\/wp\/v2\/media\/81414"}],"wp:attachment":[{"href":"https:\/\/repliquemangacine.fr\/it\/wp-json\/wp\/v2\/media?parent=81413"}],"wp:term":[{"taxonomy":"product_brand","embeddable":true,"href":"https:\/\/repliquemangacine.fr\/it\/wp-json\/wp\/v2\/product_brand?post=81413"},{"taxonomy":"product_cat","embeddable":true,"href":"https:\/\/repliquemangacine.fr\/it\/wp-json\/wp\/v2\/product_cat?post=81413"},{"taxonomy":"product_tag","embeddable":true,"href":"https:\/\/repliquemangacine.fr\/it\/wp-json\/wp\/v2\/product_tag?post=81413"}],"curies":[{"name":"wp","href":"https:\/\/api.w.org\/{rel}","templated":true}]}}