





{"id":81327,"date":"2025-01-18T19:21:33","date_gmt":"2025-01-18T18:21:33","guid":{"rendered":"https:\/\/repliquemangacine.fr\/?post_type=product&#038;p=81327"},"modified":"2025-11-13T14:44:42","modified_gmt":"2025-11-13T13:44:42","slug":"zelda-principessa-del-crepuscolo-spada-la-leggenda-di-zelda","status":"publish","type":"product","link":"https:\/\/repliquemangacine.fr\/it\/epee-zelda\/epee-princesse-zelda-twilight-princess-la-legende-de-zelda\/","title":{"rendered":"Spada della Principessa Zelda - Principessa del Crepuscolo"},"content":{"rendered":"<h2>La Spada della Principessa Zelda - Una replica maestosa e raffinata<\/h2>\n<p>Per prima cosa, scoprite la Spada della Principessa Zelda, una sontuosa replica ispirata al leggendario gioco The Legend of Zelda: Twilight Princess. Questa elegante lama incarna perfettamente la nobilt\u00e0 e il potere della sovrana di Zelda.<a href=\"https:\/\/zelda.fandom.com\/fr\/wiki\/Hyrule_(Breath_of_the_Wild)\" target=\"_blank\" rel=\"noopener noreferrer\">Hyrule<\/a>. Questo rende questa spada un must per i collezionisti e gli appassionati dell'universo di Zelda. Realizzata interamente in fibra di vetro, offre un perfetto equilibrio tra leggerezza, resistenza e realismo, garantendo una presa confortevole e una durata eccezionale.<\/p>\n<p>Con una lunghezza della lama di 85 cm e una lunghezza totale di 116 cm, questa replica si distingue per il suo aspetto regale e le finiture curate. Che tu voglia esporla, arricchire la tua collezione o indossarla durante i tuoi cosplay della principessa Zelda o di un cavaliere di Hyrule, questa spada ti trasporter\u00e0 istantaneamente nel magico universo della saga. Grazie al suo peso leggero di 715 g, \u00e8 tanto maneggevole quanto impressionante, ideale per dare vita alle tue avventure.<\/p>\n<h2>Design accurato e materiali di alta qualit\u00e0<\/h2>\n<p>La spada della principessa Zelda non \u00e8 una semplice replica. \u00c8 il risultato di un lavoro meticoloso volto a catturare tutta la grazia e la maestosit\u00e0 dell'arma leggendaria. Realizzata in fibra di vetro, offre una resistenza notevole pur rimanendo leggera, il che la rende una spada sia esteticamente gradevole che pratica. Il suo design raffinato, ispirato al gioco Twilight Princess, evoca perfettamente l'aura regale di Zelda e l'eredit\u00e0 della Triforce.<\/p>\n<p>Inoltre, i dettagli di questa lama sono riprodotti con grande precisione, offrendo un'immersione totale ai fan della serie. Che sia per arricchire la vostra collezione, accompagnare un costume cosplay o semplicemente possedere un oggetto eccezionale, questa replica sapr\u00e0 sedurre gli appassionati dell'universo di Zelda e gli amanti delle armi fantastiche. Il suo mix di dettagli storici e tocchi eroici lo rendono un vero gioiello da possedere.<\/p>\n<h2>Completate la vostra collezione con altre armi iconiche di Zelda e dei videogiochi<\/h2>\n<p>La Spada della Principessa Zelda \u00e8 un pezzo unico che arricchir\u00e0 la vostra collezione, ma perch\u00e9 fermarsi qui? Potrete trovare altre armi iconiche dell'universo di The Legend of Zelda, come l'indispensabile <a href=\"https:\/\/repliquemangacine.fr\/it\/spada-di-zelda\/spada-master-spada-zelda\/\">Maestro di spada<\/a>La famosa spada di Link. E accessori iconici come il <a href=\"https:\/\/repliquemangacine.fr\/it\/spada-di-zelda\/scudo-hylia-zelda-scudo-hylian\/\">Scudo di Hylia<\/a>. Immergiti nella magia della saga raccogliendo i manufatti pi\u00f9 potenti ed emblematici di Hyrule.<\/p>\n<p>E se siete appassionati delle spade dei videogiochi, non perdetevi le nostre repliche ispirate a universi leggendari come Final Fantasy, Elden Ring, Devil May Cry e molti altri. Che siate collezionisti, appassionati di cosplay o fan del fantasy. Va sottolineato che la nostra selezione offre articoli di alta qualit\u00e0, fedeli ai disegni originali e progettati per catturare tutta la magia dei mondi virtuali. In conclusione, aggiungi la Spada della Principessa Zelda alla tua collezione e incarna l'eleganza e la potenza della sovrana di Hyrule!<\/p>","protected":false},"excerpt":{"rendered":"<p>La spada della Principessa Zelda in Twilight Princess \u00e8 sorprendente.<\/p>\n<p>&nbsp;<\/p>\n<ul>\n<li>Tutto in vetroresina<\/li>\n<li>Materiali di alta qualit\u00e0<\/li>\n<li>Combina eleganza, leggerezza e durata.<\/li>\n<li>Ideale per i vostri cosplay&lt;<\/li>\n<\/ul>\n<p>&nbsp;<\/p>\n<ul>\/li&gt;<\/p>\n<li>Lunghezza lama: 85 cm - Lunghezza totale: 116 cm<\/li>\n<li>Peso: 715 g<\/li>\n<\/ul>","protected":false},"featured_media":81329,"template":"","meta":[],"product_brand":[896],"product_cat":[56],"product_tag":[],"class_list":{"0":"post-81327","1":"product","2":"type-product","3":"status-publish","4":"has-post-thumbnail","6":"product_brand-replique-manga-cine","7":"product_cat-epee-zelda","9":"first","10":"instock","11":"taxable","12":"shipping-taxable","13":"purchasable","14":"product-type-simple"},"yoast_head":"<!-- This site is optimized with the Yoast SEO plugin v27.4 - https:\/\/yoast.com\/product\/yoast-seo-wordpress\/ -->\n<title>\u00c9p\u00e9e Princesse Zelda - Twilight Princess - R\u00e9plique Manga Cin\u00e9<\/title>\n<meta name=\"description\" content=\"D\u00e9couvrez l&#039;\u00c9p\u00e9e Princesse Zelda dans le jeu vid\u00e9o Legend of Zelda: Twilight Princess. Tout en fibre de verre. Haute qualit\u00e9. 116 cm\" \/>\n<meta name=\"robots\" content=\"index, follow, max-snippet:-1, max-image-preview:large, max-video-preview:-1\" \/>\n<link rel=\"canonical\" href=\"https:\/\/repliquemangacine.fr\/it\/spada-di-zelda\/zelda-principessa-del-crepuscolo-spada-la-leggenda-di-zelda\/\" \/>\n<meta property=\"og:locale\" content=\"it_IT\" \/>\n<meta property=\"og:type\" content=\"article\" \/>\n<meta property=\"og:title\" content=\"\u00c9p\u00e9e Princesse Zelda - Twilight Princess - R\u00e9plique Manga Cin\u00e9\" \/>\n<meta property=\"og:description\" content=\"D\u00e9couvrez l&#039;\u00c9p\u00e9e Princesse Zelda dans le jeu vid\u00e9o Legend of Zelda: Twilight Princess. Tout en fibre de verre. Haute qualit\u00e9. 116 cm\" \/>\n<meta property=\"og:url\" content=\"https:\/\/repliquemangacine.fr\/it\/spada-di-zelda\/zelda-principessa-del-crepuscolo-spada-la-leggenda-di-zelda\/\" \/>\n<meta property=\"og:site_name\" content=\"R\u00e9plique Manga Cin\u00e9\" \/>\n<meta property=\"article:publisher\" content=\"https:\/\/www.facebook.com\/RepliqueMangaCine\" \/>\n<meta property=\"article:modified_time\" content=\"2025-11-13T13:44:42+00:00\" \/>\n<meta property=\"og:image\" content=\"https:\/\/repliquemangacine.fr\/wp-content\/uploads\/2025\/01\/Epee-Princesse-Zelda-Twilight-Princess.jpg\" \/>\n\t<meta property=\"og:image:width\" content=\"500\" \/>\n\t<meta property=\"og:image:height\" content=\"500\" \/>\n\t<meta property=\"og:image:type\" content=\"image\/jpeg\" \/>\n<meta name=\"twitter:card\" content=\"summary_large_image\" \/>\n<meta name=\"twitter:label1\" content=\"Tempo di lettura stimato\" \/>\n\t<meta name=\"twitter:data1\" content=\"3 minuti\" \/>\n<script type=\"application\/ld+json\" class=\"yoast-schema-graph\">{\"@context\":\"https:\\\/\\\/schema.org\",\"@graph\":[{\"@type\":\"WebPage\",\"@id\":\"https:\\\/\\\/repliquemangacine.fr\\\/epee-zelda\\\/epee-princesse-zelda-twilight-princess-la-legende-de-zelda\\\/\",\"url\":\"https:\\\/\\\/repliquemangacine.fr\\\/epee-zelda\\\/epee-princesse-zelda-twilight-princess-la-legende-de-zelda\\\/\",\"name\":\"\u00c9p\u00e9e Princesse Zelda - Twilight Princess - R\u00e9plique Manga Cin\u00e9\",\"isPartOf\":{\"@id\":\"https:\\\/\\\/repliquemangacine.fr\\\/#website\"},\"primaryImageOfPage\":{\"@id\":\"https:\\\/\\\/repliquemangacine.fr\\\/epee-zelda\\\/epee-princesse-zelda-twilight-princess-la-legende-de-zelda\\\/#primaryimage\"},\"image\":{\"@id\":\"https:\\\/\\\/repliquemangacine.fr\\\/epee-zelda\\\/epee-princesse-zelda-twilight-princess-la-legende-de-zelda\\\/#primaryimage\"},\"thumbnailUrl\":\"https:\\\/\\\/repliquemangacine.fr\\\/wp-content\\\/uploads\\\/2025\\\/01\\\/Epee-Princesse-Zelda-Twilight-Princess.jpg\",\"datePublished\":\"2025-01-18T18:21:33+00:00\",\"dateModified\":\"2025-11-13T13:44:42+00:00\",\"description\":\"D\u00e9couvrez l'\u00c9p\u00e9e Princesse Zelda dans le jeu vid\u00e9o Legend of Zelda: Twilight Princess. Tout en fibre de verre. Haute qualit\u00e9. 116 cm\",\"breadcrumb\":{\"@id\":\"https:\\\/\\\/repliquemangacine.fr\\\/epee-zelda\\\/epee-princesse-zelda-twilight-princess-la-legende-de-zelda\\\/#breadcrumb\"},\"inLanguage\":\"it-IT\",\"potentialAction\":[{\"@type\":\"ReadAction\",\"target\":[\"https:\\\/\\\/repliquemangacine.fr\\\/epee-zelda\\\/epee-princesse-zelda-twilight-princess-la-legende-de-zelda\\\/\"]}]},{\"@type\":\"ImageObject\",\"inLanguage\":\"it-IT\",\"@id\":\"https:\\\/\\\/repliquemangacine.fr\\\/epee-zelda\\\/epee-princesse-zelda-twilight-princess-la-legende-de-zelda\\\/#primaryimage\",\"url\":\"https:\\\/\\\/repliquemangacine.fr\\\/wp-content\\\/uploads\\\/2025\\\/01\\\/Epee-Princesse-Zelda-Twilight-Princess.jpg\",\"contentUrl\":\"https:\\\/\\\/repliquemangacine.fr\\\/wp-content\\\/uploads\\\/2025\\\/01\\\/Epee-Princesse-Zelda-Twilight-Princess.jpg\",\"width\":500,\"height\":500,\"caption\":\"\u00c9p\u00e9e-Princesse-Zelda-Twilight-Princess\"},{\"@type\":\"BreadcrumbList\",\"@id\":\"https:\\\/\\\/repliquemangacine.fr\\\/epee-zelda\\\/epee-princesse-zelda-twilight-princess-la-legende-de-zelda\\\/#breadcrumb\",\"itemListElement\":[{\"@type\":\"ListItem\",\"position\":1,\"name\":\"Accueil\",\"item\":\"https:\\\/\\\/repliquemangacine.fr\\\/\"},{\"@type\":\"ListItem\",\"position\":2,\"name\":\"Produits\",\"item\":\"https:\\\/\\\/repliquemangacine.fr\\\/boutique\\\/\"},{\"@type\":\"ListItem\",\"position\":3,\"name\":\"\u00c9p\u00e9e Princesse Zelda &#8211; Twilight Princess\"}]},{\"@type\":\"WebSite\",\"@id\":\"https:\\\/\\\/repliquemangacine.fr\\\/#website\",\"url\":\"https:\\\/\\\/repliquemangacine.fr\\\/\",\"name\":\"R\u00e9plique Manga Cin\u00e9\",\"description\":\"\",\"publisher\":{\"@id\":\"https:\\\/\\\/repliquemangacine.fr\\\/#organization\"},\"potentialAction\":[{\"@type\":\"SearchAction\",\"target\":{\"@type\":\"EntryPoint\",\"urlTemplate\":\"https:\\\/\\\/repliquemangacine.fr\\\/?s={search_term_string}\"},\"query-input\":{\"@type\":\"PropertyValueSpecification\",\"valueRequired\":true,\"valueName\":\"search_term_string\"}}],\"inLanguage\":\"it-IT\"},{\"@type\":\"Organization\",\"@id\":\"https:\\\/\\\/repliquemangacine.fr\\\/#organization\",\"name\":\"R\u00e9plique Manga Cin\u00e9\",\"url\":\"https:\\\/\\\/repliquemangacine.fr\\\/\",\"logo\":{\"@type\":\"ImageObject\",\"inLanguage\":\"it-IT\",\"@id\":\"https:\\\/\\\/repliquemangacine.fr\\\/#\\\/schema\\\/logo\\\/image\\\/\",\"url\":\"https:\\\/\\\/repliquemangacine.fr\\\/wp-content\\\/uploads\\\/2023\\\/10\\\/RMC-500250.png\",\"contentUrl\":\"https:\\\/\\\/repliquemangacine.fr\\\/wp-content\\\/uploads\\\/2023\\\/10\\\/RMC-500250.png\",\"width\":500,\"height\":250,\"caption\":\"R\u00e9plique Manga Cin\u00e9\"},\"image\":{\"@id\":\"https:\\\/\\\/repliquemangacine.fr\\\/#\\\/schema\\\/logo\\\/image\\\/\"},\"sameAs\":[\"https:\\\/\\\/www.facebook.com\\\/RepliqueMangaCine\",\"https:\\\/\\\/www.instagram.com\\\/repliquemangacine.fr\\\/\"]}]}<\/script>\n<!-- \/ Yoast SEO plugin. -->","yoast_head_json":{"title":"Spada della Principessa Zelda - Principessa del Crepuscolo - R\u00e9plique Manga Cin\u00e9","description":"Scoprite la Spada della Principessa Zelda nel videogioco Legend of Zelda: Twilight Princess. Tutta in fibra di vetro. Alta qualit\u00e0. Lunghezza 116 cm","robots":{"index":"index","follow":"follow","max-snippet":"max-snippet:-1","max-image-preview":"max-image-preview:large","max-video-preview":"max-video-preview:-1"},"canonical":"https:\/\/repliquemangacine.fr\/it\/spada-di-zelda\/zelda-principessa-del-crepuscolo-spada-la-leggenda-di-zelda\/","og_locale":"it_IT","og_type":"article","og_title":"\u00c9p\u00e9e Princesse Zelda - Twilight Princess - R\u00e9plique Manga Cin\u00e9","og_description":"D\u00e9couvrez l'\u00c9p\u00e9e Princesse Zelda dans le jeu vid\u00e9o Legend of Zelda: Twilight Princess. Tout en fibre de verre. Haute qualit\u00e9. 116 cm","og_url":"https:\/\/repliquemangacine.fr\/it\/spada-di-zelda\/zelda-principessa-del-crepuscolo-spada-la-leggenda-di-zelda\/","og_site_name":"R\u00e9plique Manga Cin\u00e9","article_publisher":"https:\/\/www.facebook.com\/RepliqueMangaCine","article_modified_time":"2025-11-13T13:44:42+00:00","og_image":[{"width":500,"height":500,"url":"https:\/\/repliquemangacine.fr\/wp-content\/uploads\/2025\/01\/Epee-Princesse-Zelda-Twilight-Princess.jpg","type":"image\/jpeg"}],"twitter_card":"summary_large_image","twitter_misc":{"Tempo di lettura stimato":"3 minuti"},"schema":{"@context":"https:\/\/schema.org","@graph":[{"@type":"WebPage","@id":"https:\/\/repliquemangacine.fr\/epee-zelda\/epee-princesse-zelda-twilight-princess-la-legende-de-zelda\/","url":"https:\/\/repliquemangacine.fr\/epee-zelda\/epee-princesse-zelda-twilight-princess-la-legende-de-zelda\/","name":"Spada della Principessa Zelda - Principessa del Crepuscolo - R\u00e9plique Manga Cin\u00e9","isPartOf":{"@id":"https:\/\/repliquemangacine.fr\/#website"},"primaryImageOfPage":{"@id":"https:\/\/repliquemangacine.fr\/epee-zelda\/epee-princesse-zelda-twilight-princess-la-legende-de-zelda\/#primaryimage"},"image":{"@id":"https:\/\/repliquemangacine.fr\/epee-zelda\/epee-princesse-zelda-twilight-princess-la-legende-de-zelda\/#primaryimage"},"thumbnailUrl":"https:\/\/repliquemangacine.fr\/wp-content\/uploads\/2025\/01\/Epee-Princesse-Zelda-Twilight-Princess.jpg","datePublished":"2025-01-18T18:21:33+00:00","dateModified":"2025-11-13T13:44:42+00:00","description":"Scoprite la Spada della Principessa Zelda nel videogioco Legend of Zelda: Twilight Princess. Tutta in fibra di vetro. Alta qualit\u00e0. Lunghezza 116 cm","breadcrumb":{"@id":"https:\/\/repliquemangacine.fr\/epee-zelda\/epee-princesse-zelda-twilight-princess-la-legende-de-zelda\/#breadcrumb"},"inLanguage":"it-IT","potentialAction":[{"@type":"ReadAction","target":["https:\/\/repliquemangacine.fr\/epee-zelda\/epee-princesse-zelda-twilight-princess-la-legende-de-zelda\/"]}]},{"@type":"ImageObject","inLanguage":"it-IT","@id":"https:\/\/repliquemangacine.fr\/epee-zelda\/epee-princesse-zelda-twilight-princess-la-legende-de-zelda\/#primaryimage","url":"https:\/\/repliquemangacine.fr\/wp-content\/uploads\/2025\/01\/Epee-Princesse-Zelda-Twilight-Princess.jpg","contentUrl":"https:\/\/repliquemangacine.fr\/wp-content\/uploads\/2025\/01\/Epee-Princesse-Zelda-Twilight-Princess.jpg","width":500,"height":500,"caption":"\u00c9p\u00e9e-Princesse-Zelda-Twilight-Princess"},{"@type":"BreadcrumbList","@id":"https:\/\/repliquemangacine.fr\/epee-zelda\/epee-princesse-zelda-twilight-princess-la-legende-de-zelda\/#breadcrumb","itemListElement":[{"@type":"ListItem","position":1,"name":"Accueil","item":"https:\/\/repliquemangacine.fr\/"},{"@type":"ListItem","position":2,"name":"Produits","item":"https:\/\/repliquemangacine.fr\/boutique\/"},{"@type":"ListItem","position":3,"name":"\u00c9p\u00e9e Princesse Zelda &#8211; Twilight Princess"}]},{"@type":"WebSite","@id":"https:\/\/repliquemangacine.fr\/#website","url":"https:\/\/repliquemangacine.fr\/","name":"R\u00e9plique Manga Cin\u00e9","description":"","publisher":{"@id":"https:\/\/repliquemangacine.fr\/#organization"},"potentialAction":[{"@type":"SearchAction","target":{"@type":"EntryPoint","urlTemplate":"https:\/\/repliquemangacine.fr\/?s={search_term_string}"},"query-input":{"@type":"PropertyValueSpecification","valueRequired":true,"valueName":"search_term_string"}}],"inLanguage":"it-IT"},{"@type":"Organization","@id":"https:\/\/repliquemangacine.fr\/#organization","name":"R\u00e9plique Manga Cin\u00e9","url":"https:\/\/repliquemangacine.fr\/","logo":{"@type":"ImageObject","inLanguage":"it-IT","@id":"https:\/\/repliquemangacine.fr\/#\/schema\/logo\/image\/","url":"https:\/\/repliquemangacine.fr\/wp-content\/uploads\/2023\/10\/RMC-500250.png","contentUrl":"https:\/\/repliquemangacine.fr\/wp-content\/uploads\/2023\/10\/RMC-500250.png","width":500,"height":250,"caption":"R\u00e9plique Manga Cin\u00e9"},"image":{"@id":"https:\/\/repliquemangacine.fr\/#\/schema\/logo\/image\/"},"sameAs":["https:\/\/www.facebook.com\/RepliqueMangaCine","https:\/\/www.instagram.com\/repliquemangacine.fr\/"]}]}},"_links":{"self":[{"href":"https:\/\/repliquemangacine.fr\/it\/wp-json\/wp\/v2\/product\/81327","targetHints":{"allow":["GET"]}}],"collection":[{"href":"https:\/\/repliquemangacine.fr\/it\/wp-json\/wp\/v2\/product"}],"about":[{"href":"https:\/\/repliquemangacine.fr\/it\/wp-json\/wp\/v2\/types\/product"}],"wp:featuredmedia":[{"embeddable":true,"href":"https:\/\/repliquemangacine.fr\/it\/wp-json\/wp\/v2\/media\/81329"}],"wp:attachment":[{"href":"https:\/\/repliquemangacine.fr\/it\/wp-json\/wp\/v2\/media?parent=81327"}],"wp:term":[{"taxonomy":"product_brand","embeddable":true,"href":"https:\/\/repliquemangacine.fr\/it\/wp-json\/wp\/v2\/product_brand?post=81327"},{"taxonomy":"product_cat","embeddable":true,"href":"https:\/\/repliquemangacine.fr\/it\/wp-json\/wp\/v2\/product_cat?post=81327"},{"taxonomy":"product_tag","embeddable":true,"href":"https:\/\/repliquemangacine.fr\/it\/wp-json\/wp\/v2\/product_tag?post=81327"}],"curies":[{"name":"wp","href":"https:\/\/api.w.org\/{rel}","templated":true}]}}