





{"id":81322,"date":"2025-01-18T19:08:36","date_gmt":"2025-01-18T18:08:36","guid":{"rendered":"https:\/\/repliquemangacine.fr\/?post_type=product&#038;p=81322"},"modified":"2026-04-15T12:24:11","modified_gmt":"2026-04-15T10:24:11","slug":"pugnale-daedrico-in-elder-scrolls-v-skyrim","status":"publish","type":"product","link":"https:\/\/repliquemangacine.fr\/it\/katana-et-epee-de-jeux-video-autre-jeux-video\/dague-daedric-dans-elder-scrolls-v-skyrim\/","title":{"rendered":"Pugnale daedrico in Elder Scrolls V: Skyrim"},"content":{"rendered":"<h2>Daedric Dagger - La mitica arma di Skyrim \u00e8 ora disponibile come replica<\/h2>\n<p>Immergetevi nell'epico mondo di <a href=\"https:\/\/elderscrolls.fandom.com\/fr\/wiki\/The_Elder_Scrolls_V:_Skyrim\" target=\"_blank\" rel=\"noopener noreferrer\">The Elder Scrolls V: Skyrim<\/a> con questa replica del pugnale Daedric. Arma emblematica apprezzata dai guerrieri e dagli assassini del gioco. Forgiato con un design temibile e una finitura invecchiata. Questo pugnale incarna tutta l'oscurit\u00e0 e la potenza dei manufatti daedrici.<\/p>\n<p>Con la sua lama seghettata da 44 cm, la finitura in acciaio invecchiato e i dettagli curati. Il manico rivestito in filo di cotone nero decorato garantisce una presa confortevole e un aspetto mistico. A completare questa replica, una piccola lama si trova all'estremit\u00e0 dell'impugnatura, accentuando cos\u00ec l'aura malvagia di questa arma leggendaria. Fornito con un supporto da parete in legno decorato, questo pugnale tronegger\u00e0 con orgoglio tra i vostri pezzi da collezione pi\u00f9 belli.<\/p>\n<h2>Un design fedele agli artefatti daedrici di Skyrim<\/h2>\n<p>Ispirata direttamente alle armi maledette del gioco. Il pugnale Daedric riprende ogni dettaglio che lo rende cos\u00ec unico nell'universo di Skyrim. La sua lama invecchiata e seghettata, che sembra essere stata forgiata dalle forze oscure dei Daedra, ne rafforza l'aspetto mistico e spietato. Con una lunghezza totale di 60,5 cm, impone un certo carisma pur rimanendo facilmente maneggevole.<\/p>\n<p>Gli appassionati di cosplay e collezionisti, sedotti dalla qualit\u00e0 della fattura e dalla fedelt\u00e0 del design. Il suo supporto da parete in legno decorato consente un'esposizione elegante, ideale per valorizzare questa prestigiosa replica. Che siate fan sfegatati di Skyrim o appassionati collezionisti, questo pugnale aggiunger\u00e0 un tocco epico e oscuro al vostro universo.<\/p>\n<p>Non perdetevi questo articolo imperdibile e equipaggiatevi come un vero campione di Tamriel!<\/p>\n<h2>Una collezione di armi leggendarie per veri appassionati<\/h2>\n<p>Se il Daedric Dagger di Skyrim vi affascina, sarete felici di scoprire altre repliche altrettanto mitiche disponibili sul nostro sito. Immergetevi nel mondo di Devil May Cry con l'incredibile <a href=\"https:\/\/repliquemangacine.fr\/it\/katana-e-spada-videogiochi-altri-videogiochi\/epee-du-diable-de-dante-devil-my-cry\/\">La spada del diavolo di Dante<\/a>. Un'arma tanto maestosa quanto temibile, che incarna tutto il potere del figlio di Sparda. Se siete appassionati di mondi oscuri e ammalianti, la<a href=\"https:\/\/repliquemangacine.fr\/it\/katana-e-spada-videogiochi-altri-videogiochi\/spada-di-luna-oscura-spada-grande-anello-elden\/\">Spada della Luna Nera di Elden Ring<\/a> vi condurr\u00e0 direttamente nel cuore delle Terre Proibite, mentre il <a href=\"https:\/\/repliquemangacine.fr\/it\/katana-e-spada-videogiochi-altri-videogiochi\/spada-sacra-al-chiaro-di-luna\/\">Spada sacra al chiaro di luna da Bloodborne<\/a> delizier\u00e0 i cacciatori alla ricerca di un artefatto leggendario.<\/p>\n<p>Il nostro catalogo \u00e8 ricco di repliche iconiche tratte dai pi\u00f9 grandi videogiochi e saghe fantasy, dalle katana luminose ispirate a One Piece alle lame emblematiche di The Witcher, Zelda, Final Fantasy e molto altro ancora. Ogni pezzo \u00e8 infatti progettato con un'attenzione eccezionale ai dettagli, ideale per collezionisti, cosplayer e appassionati di armi leggendarie. Esplora la nostra selezione e trova l'arma che completer\u00e0 la tua collezione!<\/p>","protected":false},"excerpt":{"rendered":"<p>Una splendida replica del pugnale daedrico del videogioco The Elder Scrolls V: Skyrim.<\/p>\n<ul>\n<li>Tutto in acciaio invecchiato<\/li>\n<li>Manico rivestito di filo di cotone nero decorato<\/li>\n<li>All'estremit\u00e0 del manico si trova una piccola lama.<\/li>\n<li>Lama di forma specifica, invecchiata e seghettata<\/li>\n<li>Fornito con supporto a parete in legno decorato.<\/li>\n<li>Lunghezza lama: 44 cm - Lunghezza totale: 60,5 cm<\/li>\n<li>Peso: 1310 g<\/li>\n<\/ul>","protected":false},"featured_media":81323,"template":"","meta":[],"product_brand":[896],"product_cat":[67],"product_tag":[],"class_list":{"0":"post-81322","1":"product","2":"type-product","3":"status-publish","4":"has-post-thumbnail","6":"product_brand-replique-manga-cine","7":"product_cat-katana-et-epee-de-jeux-video-autre-jeux-video","9":"first","10":"instock","11":"taxable","12":"shipping-taxable","13":"purchasable","14":"product-type-simple"},"yoast_head":"<!-- This site is optimized with the Yoast SEO plugin v27.5 - https:\/\/yoast.com\/product\/yoast-seo-wordpress\/ -->\n<title>Dague Daedric dans Elder Scrolls V : Skyrim - R\u00e9plique Manga Cin\u00e9<\/title>\n<meta name=\"description\" content=\"Superbe dague Daedric dans le jeu vid\u00e9o The Elder Scrolls V: Skyrim. Tout en acier vieilli. Lame dentel\u00e9e de 44 cm. Support plaque en bois. 60.5 cm\" \/>\n<meta name=\"robots\" content=\"index, follow, max-snippet:-1, max-image-preview:large, max-video-preview:-1\" \/>\n<link rel=\"canonical\" href=\"https:\/\/repliquemangacine.fr\/it\/katana-e-spada-videogiochi-altri-videogiochi\/pugnale-daedrico-in-elder-scrolls-v-skyrim\/\" \/>\n<meta property=\"og:locale\" content=\"it_IT\" \/>\n<meta property=\"og:type\" content=\"article\" \/>\n<meta property=\"og:title\" content=\"Dague Daedric dans Elder Scrolls V : Skyrim - R\u00e9plique Manga Cin\u00e9\" \/>\n<meta property=\"og:description\" content=\"Superbe dague Daedric dans le jeu vid\u00e9o The Elder Scrolls V: Skyrim. Tout en acier vieilli. Lame dentel\u00e9e de 44 cm. Support plaque en bois. 60.5 cm\" \/>\n<meta property=\"og:url\" content=\"https:\/\/repliquemangacine.fr\/it\/katana-e-spada-videogiochi-altri-videogiochi\/pugnale-daedrico-in-elder-scrolls-v-skyrim\/\" \/>\n<meta property=\"og:site_name\" content=\"R\u00e9plique Manga Cin\u00e9\" \/>\n<meta property=\"article:publisher\" content=\"https:\/\/www.facebook.com\/RepliqueMangaCine\" \/>\n<meta property=\"article:modified_time\" content=\"2026-04-15T10:24:11+00:00\" \/>\n<meta property=\"og:image\" content=\"https:\/\/repliquemangacine.fr\/wp-content\/uploads\/2025\/01\/Dague-Daedric-dans-Elder-Scrolls-V.jpg\" \/>\n\t<meta property=\"og:image:width\" content=\"500\" \/>\n\t<meta property=\"og:image:height\" content=\"500\" \/>\n\t<meta property=\"og:image:type\" content=\"image\/jpeg\" \/>\n<meta name=\"twitter:card\" content=\"summary_large_image\" \/>\n<meta name=\"twitter:label1\" content=\"Tempo di lettura stimato\" \/>\n\t<meta name=\"twitter:data1\" content=\"3 minuti\" \/>\n<script type=\"application\/ld+json\" class=\"yoast-schema-graph\">{\"@context\":\"https:\\\/\\\/schema.org\",\"@graph\":[{\"@type\":\"WebPage\",\"@id\":\"https:\\\/\\\/repliquemangacine.fr\\\/katana-et-epee-de-jeux-video-autre-jeux-video\\\/dague-daedric-dans-elder-scrolls-v-skyrim\\\/\",\"url\":\"https:\\\/\\\/repliquemangacine.fr\\\/katana-et-epee-de-jeux-video-autre-jeux-video\\\/dague-daedric-dans-elder-scrolls-v-skyrim\\\/\",\"name\":\"Dague Daedric dans Elder Scrolls V : Skyrim - R\u00e9plique Manga Cin\u00e9\",\"isPartOf\":{\"@id\":\"https:\\\/\\\/repliquemangacine.fr\\\/#website\"},\"primaryImageOfPage\":{\"@id\":\"https:\\\/\\\/repliquemangacine.fr\\\/katana-et-epee-de-jeux-video-autre-jeux-video\\\/dague-daedric-dans-elder-scrolls-v-skyrim\\\/#primaryimage\"},\"image\":{\"@id\":\"https:\\\/\\\/repliquemangacine.fr\\\/katana-et-epee-de-jeux-video-autre-jeux-video\\\/dague-daedric-dans-elder-scrolls-v-skyrim\\\/#primaryimage\"},\"thumbnailUrl\":\"https:\\\/\\\/repliquemangacine.fr\\\/wp-content\\\/uploads\\\/2025\\\/01\\\/Dague-Daedric-dans-Elder-Scrolls-V.jpg\",\"datePublished\":\"2025-01-18T18:08:36+00:00\",\"dateModified\":\"2026-04-15T10:24:11+00:00\",\"description\":\"Superbe dague Daedric dans le jeu vid\u00e9o The Elder Scrolls V: Skyrim. Tout en acier vieilli. Lame dentel\u00e9e de 44 cm. Support plaque en bois. 60.5 cm\",\"breadcrumb\":{\"@id\":\"https:\\\/\\\/repliquemangacine.fr\\\/katana-et-epee-de-jeux-video-autre-jeux-video\\\/dague-daedric-dans-elder-scrolls-v-skyrim\\\/#breadcrumb\"},\"inLanguage\":\"it-IT\",\"potentialAction\":[{\"@type\":\"ReadAction\",\"target\":[\"https:\\\/\\\/repliquemangacine.fr\\\/katana-et-epee-de-jeux-video-autre-jeux-video\\\/dague-daedric-dans-elder-scrolls-v-skyrim\\\/\"]}]},{\"@type\":\"ImageObject\",\"inLanguage\":\"it-IT\",\"@id\":\"https:\\\/\\\/repliquemangacine.fr\\\/katana-et-epee-de-jeux-video-autre-jeux-video\\\/dague-daedric-dans-elder-scrolls-v-skyrim\\\/#primaryimage\",\"url\":\"https:\\\/\\\/repliquemangacine.fr\\\/wp-content\\\/uploads\\\/2025\\\/01\\\/Dague-Daedric-dans-Elder-Scrolls-V.jpg\",\"contentUrl\":\"https:\\\/\\\/repliquemangacine.fr\\\/wp-content\\\/uploads\\\/2025\\\/01\\\/Dague-Daedric-dans-Elder-Scrolls-V.jpg\",\"width\":500,\"height\":500,\"caption\":\"Dague-Daedric-dans-Elder-Scrolls-V : Skyrim\"},{\"@type\":\"BreadcrumbList\",\"@id\":\"https:\\\/\\\/repliquemangacine.fr\\\/katana-et-epee-de-jeux-video-autre-jeux-video\\\/dague-daedric-dans-elder-scrolls-v-skyrim\\\/#breadcrumb\",\"itemListElement\":[{\"@type\":\"ListItem\",\"position\":1,\"name\":\"Accueil\",\"item\":\"https:\\\/\\\/repliquemangacine.fr\\\/\"},{\"@type\":\"ListItem\",\"position\":2,\"name\":\"Produits\",\"item\":\"https:\\\/\\\/repliquemangacine.fr\\\/boutique\\\/\"},{\"@type\":\"ListItem\",\"position\":3,\"name\":\"Dague Daedric dans Elder Scrolls V : Skyrim\"}]},{\"@type\":\"WebSite\",\"@id\":\"https:\\\/\\\/repliquemangacine.fr\\\/#website\",\"url\":\"https:\\\/\\\/repliquemangacine.fr\\\/\",\"name\":\"R\u00e9plique Manga Cin\u00e9\",\"description\":\"\",\"publisher\":{\"@id\":\"https:\\\/\\\/repliquemangacine.fr\\\/#organization\"},\"potentialAction\":[{\"@type\":\"SearchAction\",\"target\":{\"@type\":\"EntryPoint\",\"urlTemplate\":\"https:\\\/\\\/repliquemangacine.fr\\\/?s={search_term_string}\"},\"query-input\":{\"@type\":\"PropertyValueSpecification\",\"valueRequired\":true,\"valueName\":\"search_term_string\"}}],\"inLanguage\":\"it-IT\"},{\"@type\":\"Organization\",\"@id\":\"https:\\\/\\\/repliquemangacine.fr\\\/#organization\",\"name\":\"R\u00e9plique Manga Cin\u00e9\",\"url\":\"https:\\\/\\\/repliquemangacine.fr\\\/\",\"logo\":{\"@type\":\"ImageObject\",\"inLanguage\":\"it-IT\",\"@id\":\"https:\\\/\\\/repliquemangacine.fr\\\/#\\\/schema\\\/logo\\\/image\\\/\",\"url\":\"https:\\\/\\\/repliquemangacine.fr\\\/wp-content\\\/uploads\\\/2023\\\/10\\\/RMC-500250.png\",\"contentUrl\":\"https:\\\/\\\/repliquemangacine.fr\\\/wp-content\\\/uploads\\\/2023\\\/10\\\/RMC-500250.png\",\"width\":500,\"height\":250,\"caption\":\"R\u00e9plique Manga Cin\u00e9\"},\"image\":{\"@id\":\"https:\\\/\\\/repliquemangacine.fr\\\/#\\\/schema\\\/logo\\\/image\\\/\"},\"sameAs\":[\"https:\\\/\\\/www.facebook.com\\\/RepliqueMangaCine\",\"https:\\\/\\\/www.instagram.com\\\/repliquemangacine.fr\\\/\"]}]}<\/script>\n<!-- \/ Yoast SEO plugin. -->","yoast_head_json":{"title":"Pugnale daedrico in Elder Scrolls V: Skyrim - R\u00e9plique Manga Cin\u00e9","description":"Splendido pugnale daedrico dal videogioco The Elder Scrolls V: Skyrim. Tutto in acciaio invecchiato. Lama seghettata da 44 cm. Supporto in legno. 60,5 cm","robots":{"index":"index","follow":"follow","max-snippet":"max-snippet:-1","max-image-preview":"max-image-preview:large","max-video-preview":"max-video-preview:-1"},"canonical":"https:\/\/repliquemangacine.fr\/it\/katana-e-spada-videogiochi-altri-videogiochi\/pugnale-daedrico-in-elder-scrolls-v-skyrim\/","og_locale":"it_IT","og_type":"article","og_title":"Dague Daedric dans Elder Scrolls V : Skyrim - R\u00e9plique Manga Cin\u00e9","og_description":"Superbe dague Daedric dans le jeu vid\u00e9o The Elder Scrolls V: Skyrim. Tout en acier vieilli. Lame dentel\u00e9e de 44 cm. Support plaque en bois. 60.5 cm","og_url":"https:\/\/repliquemangacine.fr\/it\/katana-e-spada-videogiochi-altri-videogiochi\/pugnale-daedrico-in-elder-scrolls-v-skyrim\/","og_site_name":"R\u00e9plique Manga Cin\u00e9","article_publisher":"https:\/\/www.facebook.com\/RepliqueMangaCine","article_modified_time":"2026-04-15T10:24:11+00:00","og_image":[{"width":500,"height":500,"url":"https:\/\/repliquemangacine.fr\/wp-content\/uploads\/2025\/01\/Dague-Daedric-dans-Elder-Scrolls-V.jpg","type":"image\/jpeg"}],"twitter_card":"summary_large_image","twitter_misc":{"Tempo di lettura stimato":"3 minuti"},"schema":{"@context":"https:\/\/schema.org","@graph":[{"@type":"WebPage","@id":"https:\/\/repliquemangacine.fr\/katana-et-epee-de-jeux-video-autre-jeux-video\/dague-daedric-dans-elder-scrolls-v-skyrim\/","url":"https:\/\/repliquemangacine.fr\/katana-et-epee-de-jeux-video-autre-jeux-video\/dague-daedric-dans-elder-scrolls-v-skyrim\/","name":"Pugnale daedrico in Elder Scrolls V: Skyrim - R\u00e9plique Manga Cin\u00e9","isPartOf":{"@id":"https:\/\/repliquemangacine.fr\/#website"},"primaryImageOfPage":{"@id":"https:\/\/repliquemangacine.fr\/katana-et-epee-de-jeux-video-autre-jeux-video\/dague-daedric-dans-elder-scrolls-v-skyrim\/#primaryimage"},"image":{"@id":"https:\/\/repliquemangacine.fr\/katana-et-epee-de-jeux-video-autre-jeux-video\/dague-daedric-dans-elder-scrolls-v-skyrim\/#primaryimage"},"thumbnailUrl":"https:\/\/repliquemangacine.fr\/wp-content\/uploads\/2025\/01\/Dague-Daedric-dans-Elder-Scrolls-V.jpg","datePublished":"2025-01-18T18:08:36+00:00","dateModified":"2026-04-15T10:24:11+00:00","description":"Splendido pugnale daedrico dal videogioco The Elder Scrolls V: Skyrim. Tutto in acciaio invecchiato. Lama seghettata da 44 cm. Supporto in legno. 60,5 cm","breadcrumb":{"@id":"https:\/\/repliquemangacine.fr\/katana-et-epee-de-jeux-video-autre-jeux-video\/dague-daedric-dans-elder-scrolls-v-skyrim\/#breadcrumb"},"inLanguage":"it-IT","potentialAction":[{"@type":"ReadAction","target":["https:\/\/repliquemangacine.fr\/katana-et-epee-de-jeux-video-autre-jeux-video\/dague-daedric-dans-elder-scrolls-v-skyrim\/"]}]},{"@type":"ImageObject","inLanguage":"it-IT","@id":"https:\/\/repliquemangacine.fr\/katana-et-epee-de-jeux-video-autre-jeux-video\/dague-daedric-dans-elder-scrolls-v-skyrim\/#primaryimage","url":"https:\/\/repliquemangacine.fr\/wp-content\/uploads\/2025\/01\/Dague-Daedric-dans-Elder-Scrolls-V.jpg","contentUrl":"https:\/\/repliquemangacine.fr\/wp-content\/uploads\/2025\/01\/Dague-Daedric-dans-Elder-Scrolls-V.jpg","width":500,"height":500,"caption":"Dague-Daedric-dans-Elder-Scrolls-V : Skyrim"},{"@type":"BreadcrumbList","@id":"https:\/\/repliquemangacine.fr\/katana-et-epee-de-jeux-video-autre-jeux-video\/dague-daedric-dans-elder-scrolls-v-skyrim\/#breadcrumb","itemListElement":[{"@type":"ListItem","position":1,"name":"Accueil","item":"https:\/\/repliquemangacine.fr\/"},{"@type":"ListItem","position":2,"name":"Produits","item":"https:\/\/repliquemangacine.fr\/boutique\/"},{"@type":"ListItem","position":3,"name":"Dague Daedric dans Elder Scrolls V : Skyrim"}]},{"@type":"WebSite","@id":"https:\/\/repliquemangacine.fr\/#website","url":"https:\/\/repliquemangacine.fr\/","name":"R\u00e9plique Manga Cin\u00e9","description":"","publisher":{"@id":"https:\/\/repliquemangacine.fr\/#organization"},"potentialAction":[{"@type":"SearchAction","target":{"@type":"EntryPoint","urlTemplate":"https:\/\/repliquemangacine.fr\/?s={search_term_string}"},"query-input":{"@type":"PropertyValueSpecification","valueRequired":true,"valueName":"search_term_string"}}],"inLanguage":"it-IT"},{"@type":"Organization","@id":"https:\/\/repliquemangacine.fr\/#organization","name":"R\u00e9plique Manga Cin\u00e9","url":"https:\/\/repliquemangacine.fr\/","logo":{"@type":"ImageObject","inLanguage":"it-IT","@id":"https:\/\/repliquemangacine.fr\/#\/schema\/logo\/image\/","url":"https:\/\/repliquemangacine.fr\/wp-content\/uploads\/2023\/10\/RMC-500250.png","contentUrl":"https:\/\/repliquemangacine.fr\/wp-content\/uploads\/2023\/10\/RMC-500250.png","width":500,"height":250,"caption":"R\u00e9plique Manga Cin\u00e9"},"image":{"@id":"https:\/\/repliquemangacine.fr\/#\/schema\/logo\/image\/"},"sameAs":["https:\/\/www.facebook.com\/RepliqueMangaCine","https:\/\/www.instagram.com\/repliquemangacine.fr\/"]}]}},"_links":{"self":[{"href":"https:\/\/repliquemangacine.fr\/it\/wp-json\/wp\/v2\/product\/81322","targetHints":{"allow":["GET"]}}],"collection":[{"href":"https:\/\/repliquemangacine.fr\/it\/wp-json\/wp\/v2\/product"}],"about":[{"href":"https:\/\/repliquemangacine.fr\/it\/wp-json\/wp\/v2\/types\/product"}],"wp:featuredmedia":[{"embeddable":true,"href":"https:\/\/repliquemangacine.fr\/it\/wp-json\/wp\/v2\/media\/81323"}],"wp:attachment":[{"href":"https:\/\/repliquemangacine.fr\/it\/wp-json\/wp\/v2\/media?parent=81322"}],"wp:term":[{"taxonomy":"product_brand","embeddable":true,"href":"https:\/\/repliquemangacine.fr\/it\/wp-json\/wp\/v2\/product_brand?post=81322"},{"taxonomy":"product_cat","embeddable":true,"href":"https:\/\/repliquemangacine.fr\/it\/wp-json\/wp\/v2\/product_cat?post=81322"},{"taxonomy":"product_tag","embeddable":true,"href":"https:\/\/repliquemangacine.fr\/it\/wp-json\/wp\/v2\/product_tag?post=81322"}],"curies":[{"name":"wp","href":"https:\/\/api.w.org\/{rel}","templated":true}]}}