





{"id":81312,"date":"2025-01-18T17:22:17","date_gmt":"2025-01-18T16:22:17","guid":{"rendered":"https:\/\/repliquemangacine.fr\/?post_type=product&#038;p=81312"},"modified":"2025-11-13T14:49:13","modified_gmt":"2025-11-13T13:49:13","slug":"ruan-mei-lute-honkai-serie-star-rail","status":"publish","type":"product","link":"https:\/\/repliquemangacine.fr\/it\/katana-et-epee-de-jeux-video-autre-jeux-video\/luth-de-ruan-mei-honkai-star-rail-series\/","title":{"rendered":"Liuto Ruan Mei - serie Honkai Star Rail"},"content":{"rendered":"<h2>Il liuto di Ruan Mei: una replica ordinata ed elegante per i fan di Honkai Star Rail<\/h2>\n<p>Per prima cosa, scoprite il <strong>Liuto Ruan Mei<\/strong>una replica unica e raffinata, ispirata al mondo poetico e tecnologico di<a href=\"https:\/\/honkai-star-rail.fandom.com\/wiki\/Honkai:_Star_Rail_Wiki\" target=\"_blank\" rel=\"noopener noreferrer\">Honkai Star Rail<\/a>. Realizzato interamente in fibra di vetro, questo liuto combina leggerezza, durata e fascino estetico, rendendolo ideale per il collezionismo o il cosplay. Ogni pezzo \u00e8 dipinto a mano, garantendo una finitura unica e artigianale, fedele al modello del gioco. I materiali di alta qualit\u00e0 utilizzati ne garantiscono la durata nel tempo, anche dopo ripetute esposizioni. Grazie al suo design elegante e alle finiture sublimi, questa replica aggiunger\u00e0 un vero tocco artistico alla vostra collezione. Questo liuto \u00e8 anche leggero e maneggevole, con una lunghezza complessiva di 80 cm e un peso di soli 960 grammi. Se siete amanti degli oggetti rari o appassionati di cosplay, questo \u00e8 il pezzo che fa per voi. Incarna lo spirito raffinato e potente di Ruan Mei nel gioco.<\/p>\n<h2>Uno strumento simbolico al centro del potere di Ruan Mei in Honkai Star Rail<\/h2>\n<p>In Honkai Star Rail, Ruan Mei \u00e8 molto pi\u00f9 di una brillante scienziata: \u00e8 una forza di armonia e strategia. Il suo liuto, portato e maneggiato con delicatezza, incarna l'equilibrio tra bellezza, potere e conoscenza. Questo strumento \u00e8 pi\u00f9 di un semplice oggetto decorativo: \u00e8 profondamente legato alla sua capacit\u00e0 di sostenere e dominare il campo di battaglia. Infatti, durante la battaglia, il liuto diventa uno strumento di controllo e di ispirazione, influenzando con precisione il flusso del combattimento. Simboleggia la fusione di arte e tecnologia, due pilastri dell'universo Honkai. Ogni nota suonata da Ruan Mei \u00e8 intrisa di mistero e potere, rafforzando il ruolo strategico del personaggio. Possedere questa replica significa abbracciare una parte dell'anima del gioco e celebrare l'eleganza tattica di uno dei personaggi pi\u00f9 amati della serie.<\/p>\n<h2>R\u00e9plique Manga Cin\u00e9: armi e oggetti di culto dei pi\u00f9 grandi videogiochi<\/h2>\n<p>Da R\u00e9plique Manga Cin\u00e9 troverete un'eccezionale selezione di repliche di videogiochi e licenze cult. Oltre al Liuto di Ruan Mei, scoprite anche il <a href=\"https:\/\/repliquemangacine.fr\/it\/katana-e-spada-videogiochi-altri-videogiochi\/pugnale-daedrico-in-elder-scrolls-v-skyrim\/\">Pugnale Dedrico<\/a>il personaggio iconico dell'oscuro mondo di Skyrim. Esplora il potere di<a href=\"https:\/\/repliquemangacine.fr\/it\/katana-e-spada-videogiochi-altri-videogiochi\/spada-fusion-cloud-multiblade-buster-spada-final-fantasy-vii\/\">Spada di fusione di Cloud Strife<\/a>la Spada Multiblade Buster, imponente e massiccia. Lasciatevi sedurre dalla<a href=\"https:\/\/repliquemangacine.fr\/it\/impatto-genshin\/ruggito-dei-leoni-spada-da-impatto-genshin\/\">Spada Ruggito del Leone<\/a> di Genshin Impact, tanto elegante quanto tagliente. Troverete anche il leggendario <a href=\"https:\/\/repliquemangacine.fr\/it\/katana-e-spada-videogiochi-altri-videogiochi\/spada-rossa-regina-diavolo-il-mio-grido\/\">Regina Rossa di Nero<\/a>fedele ed elegante. Immergetevi nella saga di Fate Stay Night con il <a href=\"https:\/\/repliquemangacine.fr\/it\/katana-e-spada-videogiochi-altri-videogiochi\/epees-darcher-yin-yang-destino-rimanere-notte\/\">Spade arciere Yin Yang<\/a>simboli di equilibrio e maestria. E non \u00e8 tutto: il nostro catalogo \u00e8 ricco di armi leggendarie accuratamente riprodotte. R\u00e9plique Manga Cin\u00e9 \u00e8 il posto giusto per gli appassionati di cosplay, collezionismo e videogiochi. In conclusione, scoprite oggetti unici per rivivere le vostre avventure preferite con realismo e stile.<\/p>","protected":false},"excerpt":{"rendered":"<p>Splendida replica del liuto di Ruan Mei nella serie Honkai: Star Rail.<\/p>\n<ul>\n<li>Realizzato interamente in fibra di vetro<\/li>\n<li>Dipinto a mano<\/li>\n<li>Materiali di alta qualit\u00e0<\/li>\n<li>Combina eleganza, leggerezza e durata<\/li>\n<li>Finitura sublime<\/li>\n<li>Lunghezza totale: 80 cm - Peso: 960 g<\/li>\n<\/ul>","protected":false},"featured_media":81313,"template":"","meta":[],"product_brand":[896],"product_cat":[67],"product_tag":[],"class_list":{"0":"post-81312","1":"product","2":"type-product","3":"status-publish","4":"has-post-thumbnail","6":"product_brand-replique-manga-cine","7":"product_cat-katana-et-epee-de-jeux-video-autre-jeux-video","9":"first","10":"instock","11":"taxable","12":"shipping-taxable","13":"purchasable","14":"product-type-simple"},"yoast_head":"<!-- This site is optimized with the Yoast SEO plugin v27.5 - https:\/\/yoast.com\/product\/yoast-seo-wordpress\/ -->\n<title>Luth de Ruan Mei - Honkai Star Rail series - R\u00e9plique Manga Cin\u00e9<\/title>\n<meta name=\"description\" content=\"Superbe r\u00e9plique du Luth de Ruan Mei dans le Honkai : Star Rail s\u00e9rie. Tout en fibre de verre. Mat\u00e9riaux de haute qualit\u00e9, finitions exceptionnelles. 80cm\" \/>\n<meta name=\"robots\" content=\"index, follow, max-snippet:-1, max-image-preview:large, max-video-preview:-1\" \/>\n<link rel=\"canonical\" href=\"https:\/\/repliquemangacine.fr\/it\/katana-e-spada-videogiochi-altri-videogiochi\/ruan-mei-lute-honkai-serie-star-rail\/\" \/>\n<meta property=\"og:locale\" content=\"it_IT\" \/>\n<meta property=\"og:type\" content=\"article\" \/>\n<meta property=\"og:title\" content=\"Luth de Ruan Mei - Honkai Star Rail series - R\u00e9plique Manga Cin\u00e9\" \/>\n<meta property=\"og:description\" content=\"Superbe r\u00e9plique du Luth de Ruan Mei dans le Honkai : Star Rail s\u00e9rie. Tout en fibre de verre. Mat\u00e9riaux de haute qualit\u00e9, finitions exceptionnelles. 80cm\" \/>\n<meta property=\"og:url\" content=\"https:\/\/repliquemangacine.fr\/it\/katana-e-spada-videogiochi-altri-videogiochi\/ruan-mei-lute-honkai-serie-star-rail\/\" \/>\n<meta property=\"og:site_name\" content=\"R\u00e9plique Manga Cin\u00e9\" \/>\n<meta property=\"article:publisher\" content=\"https:\/\/www.facebook.com\/RepliqueMangaCine\" \/>\n<meta property=\"article:modified_time\" content=\"2025-11-13T13:49:13+00:00\" \/>\n<meta property=\"og:image\" content=\"https:\/\/repliquemangacine.fr\/wp-content\/uploads\/2025\/01\/Luth-de-Ruan-Mei-Honkau-Starrail.jpg\" \/>\n\t<meta property=\"og:image:width\" content=\"500\" \/>\n\t<meta property=\"og:image:height\" content=\"500\" \/>\n\t<meta property=\"og:image:type\" content=\"image\/jpeg\" \/>\n<meta name=\"twitter:card\" content=\"summary_large_image\" \/>\n<meta name=\"twitter:label1\" content=\"Tempo di lettura stimato\" \/>\n\t<meta name=\"twitter:data1\" content=\"3 minuti\" \/>\n<script type=\"application\/ld+json\" class=\"yoast-schema-graph\">{\"@context\":\"https:\\\/\\\/schema.org\",\"@graph\":[{\"@type\":\"WebPage\",\"@id\":\"https:\\\/\\\/repliquemangacine.fr\\\/katana-et-epee-de-jeux-video-autre-jeux-video\\\/luth-de-ruan-mei-honkai-star-rail-series\\\/\",\"url\":\"https:\\\/\\\/repliquemangacine.fr\\\/katana-et-epee-de-jeux-video-autre-jeux-video\\\/luth-de-ruan-mei-honkai-star-rail-series\\\/\",\"name\":\"Luth de Ruan Mei - Honkai Star Rail series - R\u00e9plique Manga Cin\u00e9\",\"isPartOf\":{\"@id\":\"https:\\\/\\\/repliquemangacine.fr\\\/#website\"},\"primaryImageOfPage\":{\"@id\":\"https:\\\/\\\/repliquemangacine.fr\\\/katana-et-epee-de-jeux-video-autre-jeux-video\\\/luth-de-ruan-mei-honkai-star-rail-series\\\/#primaryimage\"},\"image\":{\"@id\":\"https:\\\/\\\/repliquemangacine.fr\\\/katana-et-epee-de-jeux-video-autre-jeux-video\\\/luth-de-ruan-mei-honkai-star-rail-series\\\/#primaryimage\"},\"thumbnailUrl\":\"https:\\\/\\\/repliquemangacine.fr\\\/wp-content\\\/uploads\\\/2025\\\/01\\\/Luth-de-Ruan-Mei-Honkau-Starrail.jpg\",\"datePublished\":\"2025-01-18T16:22:17+00:00\",\"dateModified\":\"2025-11-13T13:49:13+00:00\",\"description\":\"Superbe r\u00e9plique du Luth de Ruan Mei dans le Honkai : Star Rail s\u00e9rie. Tout en fibre de verre. Mat\u00e9riaux de haute qualit\u00e9, finitions exceptionnelles. 80cm\",\"breadcrumb\":{\"@id\":\"https:\\\/\\\/repliquemangacine.fr\\\/katana-et-epee-de-jeux-video-autre-jeux-video\\\/luth-de-ruan-mei-honkai-star-rail-series\\\/#breadcrumb\"},\"inLanguage\":\"it-IT\",\"potentialAction\":[{\"@type\":\"ReadAction\",\"target\":[\"https:\\\/\\\/repliquemangacine.fr\\\/katana-et-epee-de-jeux-video-autre-jeux-video\\\/luth-de-ruan-mei-honkai-star-rail-series\\\/\"]}]},{\"@type\":\"ImageObject\",\"inLanguage\":\"it-IT\",\"@id\":\"https:\\\/\\\/repliquemangacine.fr\\\/katana-et-epee-de-jeux-video-autre-jeux-video\\\/luth-de-ruan-mei-honkai-star-rail-series\\\/#primaryimage\",\"url\":\"https:\\\/\\\/repliquemangacine.fr\\\/wp-content\\\/uploads\\\/2025\\\/01\\\/Luth-de-Ruan-Mei-Honkau-Starrail.jpg\",\"contentUrl\":\"https:\\\/\\\/repliquemangacine.fr\\\/wp-content\\\/uploads\\\/2025\\\/01\\\/Luth-de-Ruan-Mei-Honkau-Starrail.jpg\",\"width\":500,\"height\":500,\"caption\":\"Luth de Ruan Mei Honkai Starrail\"},{\"@type\":\"BreadcrumbList\",\"@id\":\"https:\\\/\\\/repliquemangacine.fr\\\/katana-et-epee-de-jeux-video-autre-jeux-video\\\/luth-de-ruan-mei-honkai-star-rail-series\\\/#breadcrumb\",\"itemListElement\":[{\"@type\":\"ListItem\",\"position\":1,\"name\":\"Accueil\",\"item\":\"https:\\\/\\\/repliquemangacine.fr\\\/\"},{\"@type\":\"ListItem\",\"position\":2,\"name\":\"Produits\",\"item\":\"https:\\\/\\\/repliquemangacine.fr\\\/boutique\\\/\"},{\"@type\":\"ListItem\",\"position\":3,\"name\":\"Luth de Ruan Mei &#8211; Honkai Star Rail series\"}]},{\"@type\":\"WebSite\",\"@id\":\"https:\\\/\\\/repliquemangacine.fr\\\/#website\",\"url\":\"https:\\\/\\\/repliquemangacine.fr\\\/\",\"name\":\"R\u00e9plique Manga Cin\u00e9\",\"description\":\"\",\"publisher\":{\"@id\":\"https:\\\/\\\/repliquemangacine.fr\\\/#organization\"},\"potentialAction\":[{\"@type\":\"SearchAction\",\"target\":{\"@type\":\"EntryPoint\",\"urlTemplate\":\"https:\\\/\\\/repliquemangacine.fr\\\/?s={search_term_string}\"},\"query-input\":{\"@type\":\"PropertyValueSpecification\",\"valueRequired\":true,\"valueName\":\"search_term_string\"}}],\"inLanguage\":\"it-IT\"},{\"@type\":\"Organization\",\"@id\":\"https:\\\/\\\/repliquemangacine.fr\\\/#organization\",\"name\":\"R\u00e9plique Manga Cin\u00e9\",\"url\":\"https:\\\/\\\/repliquemangacine.fr\\\/\",\"logo\":{\"@type\":\"ImageObject\",\"inLanguage\":\"it-IT\",\"@id\":\"https:\\\/\\\/repliquemangacine.fr\\\/#\\\/schema\\\/logo\\\/image\\\/\",\"url\":\"https:\\\/\\\/repliquemangacine.fr\\\/wp-content\\\/uploads\\\/2023\\\/10\\\/RMC-500250.png\",\"contentUrl\":\"https:\\\/\\\/repliquemangacine.fr\\\/wp-content\\\/uploads\\\/2023\\\/10\\\/RMC-500250.png\",\"width\":500,\"height\":250,\"caption\":\"R\u00e9plique Manga Cin\u00e9\"},\"image\":{\"@id\":\"https:\\\/\\\/repliquemangacine.fr\\\/#\\\/schema\\\/logo\\\/image\\\/\"},\"sameAs\":[\"https:\\\/\\\/www.facebook.com\\\/RepliqueMangaCine\",\"https:\\\/\\\/www.instagram.com\\\/repliquemangacine.fr\\\/\"]}]}<\/script>\n<!-- \/ Yoast SEO plugin. -->","yoast_head_json":{"title":"Liuto Ruan Mei - Serie Honkai Star Rail - R\u00e9plique Manga Cin\u00e9","description":"Splendida replica del liuto di Ruan Mei nella serie Honkai: Star Rail. Tutto in fibra di vetro. Materiali di alta qualit\u00e0, finiture eccezionali. 80cm","robots":{"index":"index","follow":"follow","max-snippet":"max-snippet:-1","max-image-preview":"max-image-preview:large","max-video-preview":"max-video-preview:-1"},"canonical":"https:\/\/repliquemangacine.fr\/it\/katana-e-spada-videogiochi-altri-videogiochi\/ruan-mei-lute-honkai-serie-star-rail\/","og_locale":"it_IT","og_type":"article","og_title":"Luth de Ruan Mei - Honkai Star Rail series - R\u00e9plique Manga Cin\u00e9","og_description":"Superbe r\u00e9plique du Luth de Ruan Mei dans le Honkai : Star Rail s\u00e9rie. Tout en fibre de verre. Mat\u00e9riaux de haute qualit\u00e9, finitions exceptionnelles. 80cm","og_url":"https:\/\/repliquemangacine.fr\/it\/katana-e-spada-videogiochi-altri-videogiochi\/ruan-mei-lute-honkai-serie-star-rail\/","og_site_name":"R\u00e9plique Manga Cin\u00e9","article_publisher":"https:\/\/www.facebook.com\/RepliqueMangaCine","article_modified_time":"2025-11-13T13:49:13+00:00","og_image":[{"width":500,"height":500,"url":"https:\/\/repliquemangacine.fr\/wp-content\/uploads\/2025\/01\/Luth-de-Ruan-Mei-Honkau-Starrail.jpg","type":"image\/jpeg"}],"twitter_card":"summary_large_image","twitter_misc":{"Tempo di lettura stimato":"3 minuti"},"schema":{"@context":"https:\/\/schema.org","@graph":[{"@type":"WebPage","@id":"https:\/\/repliquemangacine.fr\/katana-et-epee-de-jeux-video-autre-jeux-video\/luth-de-ruan-mei-honkai-star-rail-series\/","url":"https:\/\/repliquemangacine.fr\/katana-et-epee-de-jeux-video-autre-jeux-video\/luth-de-ruan-mei-honkai-star-rail-series\/","name":"Liuto Ruan Mei - Serie Honkai Star Rail - R\u00e9plique Manga Cin\u00e9","isPartOf":{"@id":"https:\/\/repliquemangacine.fr\/#website"},"primaryImageOfPage":{"@id":"https:\/\/repliquemangacine.fr\/katana-et-epee-de-jeux-video-autre-jeux-video\/luth-de-ruan-mei-honkai-star-rail-series\/#primaryimage"},"image":{"@id":"https:\/\/repliquemangacine.fr\/katana-et-epee-de-jeux-video-autre-jeux-video\/luth-de-ruan-mei-honkai-star-rail-series\/#primaryimage"},"thumbnailUrl":"https:\/\/repliquemangacine.fr\/wp-content\/uploads\/2025\/01\/Luth-de-Ruan-Mei-Honkau-Starrail.jpg","datePublished":"2025-01-18T16:22:17+00:00","dateModified":"2025-11-13T13:49:13+00:00","description":"Splendida replica del liuto di Ruan Mei nella serie Honkai: Star Rail. Tutto in fibra di vetro. Materiali di alta qualit\u00e0, finiture eccezionali. 80cm","breadcrumb":{"@id":"https:\/\/repliquemangacine.fr\/katana-et-epee-de-jeux-video-autre-jeux-video\/luth-de-ruan-mei-honkai-star-rail-series\/#breadcrumb"},"inLanguage":"it-IT","potentialAction":[{"@type":"ReadAction","target":["https:\/\/repliquemangacine.fr\/katana-et-epee-de-jeux-video-autre-jeux-video\/luth-de-ruan-mei-honkai-star-rail-series\/"]}]},{"@type":"ImageObject","inLanguage":"it-IT","@id":"https:\/\/repliquemangacine.fr\/katana-et-epee-de-jeux-video-autre-jeux-video\/luth-de-ruan-mei-honkai-star-rail-series\/#primaryimage","url":"https:\/\/repliquemangacine.fr\/wp-content\/uploads\/2025\/01\/Luth-de-Ruan-Mei-Honkau-Starrail.jpg","contentUrl":"https:\/\/repliquemangacine.fr\/wp-content\/uploads\/2025\/01\/Luth-de-Ruan-Mei-Honkau-Starrail.jpg","width":500,"height":500,"caption":"Luth de Ruan Mei Honkai Starrail"},{"@type":"BreadcrumbList","@id":"https:\/\/repliquemangacine.fr\/katana-et-epee-de-jeux-video-autre-jeux-video\/luth-de-ruan-mei-honkai-star-rail-series\/#breadcrumb","itemListElement":[{"@type":"ListItem","position":1,"name":"Accueil","item":"https:\/\/repliquemangacine.fr\/"},{"@type":"ListItem","position":2,"name":"Produits","item":"https:\/\/repliquemangacine.fr\/boutique\/"},{"@type":"ListItem","position":3,"name":"Luth de Ruan Mei &#8211; Honkai Star Rail series"}]},{"@type":"WebSite","@id":"https:\/\/repliquemangacine.fr\/#website","url":"https:\/\/repliquemangacine.fr\/","name":"R\u00e9plique Manga Cin\u00e9","description":"","publisher":{"@id":"https:\/\/repliquemangacine.fr\/#organization"},"potentialAction":[{"@type":"SearchAction","target":{"@type":"EntryPoint","urlTemplate":"https:\/\/repliquemangacine.fr\/?s={search_term_string}"},"query-input":{"@type":"PropertyValueSpecification","valueRequired":true,"valueName":"search_term_string"}}],"inLanguage":"it-IT"},{"@type":"Organization","@id":"https:\/\/repliquemangacine.fr\/#organization","name":"R\u00e9plique Manga Cin\u00e9","url":"https:\/\/repliquemangacine.fr\/","logo":{"@type":"ImageObject","inLanguage":"it-IT","@id":"https:\/\/repliquemangacine.fr\/#\/schema\/logo\/image\/","url":"https:\/\/repliquemangacine.fr\/wp-content\/uploads\/2023\/10\/RMC-500250.png","contentUrl":"https:\/\/repliquemangacine.fr\/wp-content\/uploads\/2023\/10\/RMC-500250.png","width":500,"height":250,"caption":"R\u00e9plique Manga Cin\u00e9"},"image":{"@id":"https:\/\/repliquemangacine.fr\/#\/schema\/logo\/image\/"},"sameAs":["https:\/\/www.facebook.com\/RepliqueMangaCine","https:\/\/www.instagram.com\/repliquemangacine.fr\/"]}]}},"_links":{"self":[{"href":"https:\/\/repliquemangacine.fr\/it\/wp-json\/wp\/v2\/product\/81312","targetHints":{"allow":["GET"]}}],"collection":[{"href":"https:\/\/repliquemangacine.fr\/it\/wp-json\/wp\/v2\/product"}],"about":[{"href":"https:\/\/repliquemangacine.fr\/it\/wp-json\/wp\/v2\/types\/product"}],"wp:featuredmedia":[{"embeddable":true,"href":"https:\/\/repliquemangacine.fr\/it\/wp-json\/wp\/v2\/media\/81313"}],"wp:attachment":[{"href":"https:\/\/repliquemangacine.fr\/it\/wp-json\/wp\/v2\/media?parent=81312"}],"wp:term":[{"taxonomy":"product_brand","embeddable":true,"href":"https:\/\/repliquemangacine.fr\/it\/wp-json\/wp\/v2\/product_brand?post=81312"},{"taxonomy":"product_cat","embeddable":true,"href":"https:\/\/repliquemangacine.fr\/it\/wp-json\/wp\/v2\/product_cat?post=81312"},{"taxonomy":"product_tag","embeddable":true,"href":"https:\/\/repliquemangacine.fr\/it\/wp-json\/wp\/v2\/product_tag?post=81312"}],"curies":[{"name":"wp","href":"https:\/\/api.w.org\/{rel}","templated":true}]}}