





{"id":81303,"date":"2025-01-18T16:36:28","date_gmt":"2025-01-18T15:36:28","guid":{"rendered":"https:\/\/repliquemangacine.fr\/?post_type=product&#038;p=81303"},"modified":"2025-12-30T13:38:10","modified_gmt":"2025-12-30T12:38:10","slug":"ascia-di-kratos-dio-della-guerra","status":"publish","type":"product","link":"https:\/\/repliquemangacine.fr\/it\/katana-et-epee-de-jeux-video-autre-jeux-video\/hache-de-kratos-god-of-war\/","title":{"rendered":"Ascia di Kratos God of War"},"content":{"rendered":"<h2>L'ascia del Leviatano di Kratos: una replica fedele e impressionante<\/h2>\n<p>Prima di tutto, l'ascia del Leviatano di Kratos \u00e8 un pezzo eccezionale per tutti gli appassionati di <a href=\"https:\/\/godofwar.fandom.com\/fr\/wiki\/Wiki_God_of_War\" target=\"_blank\" rel=\"noopener noreferrer\">Dio della Guerra<\/a>. La sua testa in acciaio inossidabile \u00e8 incisa con autentici motivi nordici. Grazie a un effetto fluorescente, si illumina al buio per un aspetto ancora pi\u00f9 realistico. Il manico in fibra di vetro \u00e8 rinforzato internamente con metallo, il che lo rende estremamente robusto. Un cinturino in similpelle assicura una presa comoda ed ergonomica. Fornita con un discreto supporto in legno, \u00e8 un vero e proprio richiamo visivo. La testa dell'ascia misura 30 cm, mentre la lunghezza complessiva \u00e8 di 105 cm. Con un peso di 8.000 g, quest'ascia \u00e8 un vero simbolo di potenza. Ogni dettaglio \u00e8 stato progettato per rispettare l'estetica dell'arma leggendaria del gioco.<\/p>\n<h2>L'importanza delle armi nell'universo di God of War<\/h2>\n<p>In God of War, infatti, le armi sono pi\u00f9 che semplici strumenti di combattimento. Sono un'estensione di Kratos e della sua furia vendicativa. Inoltre, l'ascia del Leviatano \u00e8 l'erede delle pi\u00f9 potenti armi nordiche, in grado di congelare i nemici e di tornare nella mano del suo portatore. Perci\u00f2, nel corso della saga, ogni arma ha una ricca storia e un profondo impatto sullo sviluppo del personaggio. Inoltre, le Lame del Caos, segnate dalla tragedia, sono un simbolo del passato di Kratos. Ogni arma incarna una parte del suo destino e della sua lotta interiore. Le meccaniche di combattimento di God of War si basano su queste armi iconiche, consentendo un'ampia variet\u00e0 di stili di attacco. La padronanza di queste armi \u00e8 essenziale per progredire e affrontare i numerosi nemici. Esse rendono Kratos un guerriero temibile e implacabile.<\/p>\n<h2>Scopri altre armi leggendarie su R\u00e9plique Manga Cin\u00e9<\/h2>\n<p>Su R\u00e9plique Manga Cin\u00e9 troverete una selezione unica di armi per videogiochi fedelmente riprodotte. Sarete in grado di brandire le<a href=\"https:\/\/repliquemangacine.fr\/it\/katana-e-spada-videogiochi-altri-videogiochi\/cloud-strife-hardedge-sword-final-fantasy-vii-remake\/\">Spada Hardedge di Cloud Strife<\/a> di Final Fantasy VII Remake, realizzato in schiuma ad alta densit\u00e0 per una presa sicura. Per i fan di Genshin Impact, <a href=\"https:\/\/repliquemangacine.fr\/it\/impatto-genshin\/fredom-spada-giurata-nellimpatto-di-genshin\/\">i Cavalieri della Libert\u00e0<\/a> \u00e8 disponibile anche nella nostra collezione. I fan di Ghost of Tsushima apprezzeranno il <a href=\"https:\/\/repliquemangacine.fr\/it\/katana-e-spada-videogiochi-altri-videogiochi\/katana-sakai-forge-fantasma-di-tsushima\/\">katana di Jin Saka\u00ef<\/a>Disponibile in versione affilata piuttosto che tagliente. E, naturalmente, non possiamo dimenticare il <a href=\"https:\/\/repliquemangacine.fr\/it\/videogiochi-manga-replica\/lame-del-caos-kratos\/\">Lame del Caos di Kratos<\/a>disponibili nelle versioni in metallo e in schiuma per soddisfare tutti i collezionisti. Che siate fan di God of War o di altri titoli di culto, il nostro catalogo \u00e8 ricco di armi iconiche. In conclusione, fate della vostra collezione un tributo ai pi\u00f9 grandi videogiochi della storia.<\/p>","protected":false},"excerpt":{"rendered":"<p>Impressionante ascia Leviathan di Kratos in God of War<\/p>\n<ul>\n<li>Testa dell'ascia in acciaio inossidabile incisa e fluorescente.<\/li>\n<li>Manico in fibra di vetro con interno letale.<\/li>\n<li>Cinturino in similpelle per una presa sicura<\/li>\n<li>Fornito con un piccolo e discreto supporto in legno per lasciare ampio spazio all'ascia.<\/li>\n<li>Lunghezza della testa: 30 cm - Lunghezza dell'ascia: 105 cm<\/li>\n<li>Peso: 8000 g<\/li>\n<\/ul>","protected":false},"featured_media":81305,"template":"","meta":[],"product_brand":[896],"product_cat":[67],"product_tag":[],"class_list":{"0":"post-81303","1":"product","2":"type-product","3":"status-publish","4":"has-post-thumbnail","6":"product_brand-replique-manga-cine","7":"product_cat-katana-et-epee-de-jeux-video-autre-jeux-video","9":"first","10":"outofstock","11":"taxable","12":"shipping-taxable","13":"purchasable","14":"product-type-simple"},"yoast_head":"<!-- This site is optimized with the Yoast SEO plugin v27.5 - https:\/\/yoast.com\/product\/yoast-seo-wordpress\/ -->\n<title>Hache de Kratos God of War - R\u00e9plique Manga Cin\u00e9<\/title>\n<meta name=\"description\" content=\"En exclusivit\u00e9, cette Hache de Kratos Leviathan dans God of War. T\u00eate de hache en acier inoxydable, grav\u00e9e et fluosrescente. Poids : 8 kg - 105 cm\" \/>\n<meta name=\"robots\" content=\"index, follow, max-snippet:-1, max-image-preview:large, max-video-preview:-1\" \/>\n<link rel=\"canonical\" href=\"https:\/\/repliquemangacine.fr\/it\/katana-e-spada-videogiochi-altri-videogiochi\/ascia-di-kratos-dio-della-guerra\/\" \/>\n<meta property=\"og:locale\" content=\"it_IT\" \/>\n<meta property=\"og:type\" content=\"article\" \/>\n<meta property=\"og:title\" content=\"Hache de Kratos God of War - R\u00e9plique Manga Cin\u00e9\" \/>\n<meta property=\"og:description\" content=\"En exclusivit\u00e9, cette Hache de Kratos Leviathan dans God of War. T\u00eate de hache en acier inoxydable, grav\u00e9e et fluosrescente. Poids : 8 kg - 105 cm\" \/>\n<meta property=\"og:url\" content=\"https:\/\/repliquemangacine.fr\/it\/katana-e-spada-videogiochi-altri-videogiochi\/ascia-di-kratos-dio-della-guerra\/\" \/>\n<meta property=\"og:site_name\" content=\"R\u00e9plique Manga Cin\u00e9\" \/>\n<meta property=\"article:publisher\" content=\"https:\/\/www.facebook.com\/RepliqueMangaCine\" \/>\n<meta property=\"article:modified_time\" content=\"2025-12-30T12:38:10+00:00\" \/>\n<meta property=\"og:image\" content=\"https:\/\/repliquemangacine.fr\/wp-content\/uploads\/2025\/01\/Hache-de-Kratos-God-of-War-hache-leviathan.jpg\" \/>\n\t<meta property=\"og:image:width\" content=\"500\" \/>\n\t<meta property=\"og:image:height\" content=\"500\" \/>\n\t<meta property=\"og:image:type\" content=\"image\/jpeg\" \/>\n<meta name=\"twitter:card\" content=\"summary_large_image\" \/>\n<meta name=\"twitter:label1\" content=\"Tempo di lettura stimato\" \/>\n\t<meta name=\"twitter:data1\" content=\"3 minuti\" \/>\n<script type=\"application\/ld+json\" class=\"yoast-schema-graph\">{\"@context\":\"https:\\\/\\\/schema.org\",\"@graph\":[{\"@type\":\"WebPage\",\"@id\":\"https:\\\/\\\/repliquemangacine.fr\\\/katana-et-epee-de-jeux-video-autre-jeux-video\\\/hache-de-kratos-god-of-war\\\/\",\"url\":\"https:\\\/\\\/repliquemangacine.fr\\\/katana-et-epee-de-jeux-video-autre-jeux-video\\\/hache-de-kratos-god-of-war\\\/\",\"name\":\"Hache de Kratos God of War - R\u00e9plique Manga Cin\u00e9\",\"isPartOf\":{\"@id\":\"https:\\\/\\\/repliquemangacine.fr\\\/#website\"},\"primaryImageOfPage\":{\"@id\":\"https:\\\/\\\/repliquemangacine.fr\\\/katana-et-epee-de-jeux-video-autre-jeux-video\\\/hache-de-kratos-god-of-war\\\/#primaryimage\"},\"image\":{\"@id\":\"https:\\\/\\\/repliquemangacine.fr\\\/katana-et-epee-de-jeux-video-autre-jeux-video\\\/hache-de-kratos-god-of-war\\\/#primaryimage\"},\"thumbnailUrl\":\"https:\\\/\\\/repliquemangacine.fr\\\/wp-content\\\/uploads\\\/2025\\\/01\\\/Hache-de-Kratos-God-of-War-hache-leviathan.jpg\",\"datePublished\":\"2025-01-18T15:36:28+00:00\",\"dateModified\":\"2025-12-30T12:38:10+00:00\",\"description\":\"En exclusivit\u00e9, cette Hache de Kratos Leviathan dans God of War. T\u00eate de hache en acier inoxydable, grav\u00e9e et fluosrescente. Poids : 8 kg - 105 cm\",\"breadcrumb\":{\"@id\":\"https:\\\/\\\/repliquemangacine.fr\\\/katana-et-epee-de-jeux-video-autre-jeux-video\\\/hache-de-kratos-god-of-war\\\/#breadcrumb\"},\"inLanguage\":\"it-IT\",\"potentialAction\":[{\"@type\":\"ReadAction\",\"target\":[\"https:\\\/\\\/repliquemangacine.fr\\\/katana-et-epee-de-jeux-video-autre-jeux-video\\\/hache-de-kratos-god-of-war\\\/\"]}]},{\"@type\":\"ImageObject\",\"inLanguage\":\"it-IT\",\"@id\":\"https:\\\/\\\/repliquemangacine.fr\\\/katana-et-epee-de-jeux-video-autre-jeux-video\\\/hache-de-kratos-god-of-war\\\/#primaryimage\",\"url\":\"https:\\\/\\\/repliquemangacine.fr\\\/wp-content\\\/uploads\\\/2025\\\/01\\\/Hache-de-Kratos-God-of-War-hache-leviathan.jpg\",\"contentUrl\":\"https:\\\/\\\/repliquemangacine.fr\\\/wp-content\\\/uploads\\\/2025\\\/01\\\/Hache-de-Kratos-God-of-War-hache-leviathan.jpg\",\"width\":500,\"height\":500,\"caption\":\"Hache de Kratos dans God of War\"},{\"@type\":\"BreadcrumbList\",\"@id\":\"https:\\\/\\\/repliquemangacine.fr\\\/katana-et-epee-de-jeux-video-autre-jeux-video\\\/hache-de-kratos-god-of-war\\\/#breadcrumb\",\"itemListElement\":[{\"@type\":\"ListItem\",\"position\":1,\"name\":\"Accueil\",\"item\":\"https:\\\/\\\/repliquemangacine.fr\\\/\"},{\"@type\":\"ListItem\",\"position\":2,\"name\":\"Produits\",\"item\":\"https:\\\/\\\/repliquemangacine.fr\\\/boutique\\\/\"},{\"@type\":\"ListItem\",\"position\":3,\"name\":\"Hache de Kratos God of War\"}]},{\"@type\":\"WebSite\",\"@id\":\"https:\\\/\\\/repliquemangacine.fr\\\/#website\",\"url\":\"https:\\\/\\\/repliquemangacine.fr\\\/\",\"name\":\"R\u00e9plique Manga Cin\u00e9\",\"description\":\"\",\"publisher\":{\"@id\":\"https:\\\/\\\/repliquemangacine.fr\\\/#organization\"},\"potentialAction\":[{\"@type\":\"SearchAction\",\"target\":{\"@type\":\"EntryPoint\",\"urlTemplate\":\"https:\\\/\\\/repliquemangacine.fr\\\/?s={search_term_string}\"},\"query-input\":{\"@type\":\"PropertyValueSpecification\",\"valueRequired\":true,\"valueName\":\"search_term_string\"}}],\"inLanguage\":\"it-IT\"},{\"@type\":\"Organization\",\"@id\":\"https:\\\/\\\/repliquemangacine.fr\\\/#organization\",\"name\":\"R\u00e9plique Manga Cin\u00e9\",\"url\":\"https:\\\/\\\/repliquemangacine.fr\\\/\",\"logo\":{\"@type\":\"ImageObject\",\"inLanguage\":\"it-IT\",\"@id\":\"https:\\\/\\\/repliquemangacine.fr\\\/#\\\/schema\\\/logo\\\/image\\\/\",\"url\":\"https:\\\/\\\/repliquemangacine.fr\\\/wp-content\\\/uploads\\\/2023\\\/10\\\/RMC-500250.png\",\"contentUrl\":\"https:\\\/\\\/repliquemangacine.fr\\\/wp-content\\\/uploads\\\/2023\\\/10\\\/RMC-500250.png\",\"width\":500,\"height\":250,\"caption\":\"R\u00e9plique Manga Cin\u00e9\"},\"image\":{\"@id\":\"https:\\\/\\\/repliquemangacine.fr\\\/#\\\/schema\\\/logo\\\/image\\\/\"},\"sameAs\":[\"https:\\\/\\\/www.facebook.com\\\/RepliqueMangaCine\",\"https:\\\/\\\/www.instagram.com\\\/repliquemangacine.fr\\\/\"]}]}<\/script>\n<!-- \/ Yoast SEO plugin. -->","yoast_head_json":{"title":"Ascia di Kratos God of War - R\u00e9plique Manga Cin\u00e9","description":"Esclusivamente quest'ascia di Kratos Leviathan in God of War. Testa dell'ascia in acciaio inossidabile, incisa e fluorescente. Peso: 8 kg - 105 cm","robots":{"index":"index","follow":"follow","max-snippet":"max-snippet:-1","max-image-preview":"max-image-preview:large","max-video-preview":"max-video-preview:-1"},"canonical":"https:\/\/repliquemangacine.fr\/it\/katana-e-spada-videogiochi-altri-videogiochi\/ascia-di-kratos-dio-della-guerra\/","og_locale":"it_IT","og_type":"article","og_title":"Hache de Kratos God of War - R\u00e9plique Manga Cin\u00e9","og_description":"En exclusivit\u00e9, cette Hache de Kratos Leviathan dans God of War. T\u00eate de hache en acier inoxydable, grav\u00e9e et fluosrescente. Poids : 8 kg - 105 cm","og_url":"https:\/\/repliquemangacine.fr\/it\/katana-e-spada-videogiochi-altri-videogiochi\/ascia-di-kratos-dio-della-guerra\/","og_site_name":"R\u00e9plique Manga Cin\u00e9","article_publisher":"https:\/\/www.facebook.com\/RepliqueMangaCine","article_modified_time":"2025-12-30T12:38:10+00:00","og_image":[{"width":500,"height":500,"url":"https:\/\/repliquemangacine.fr\/wp-content\/uploads\/2025\/01\/Hache-de-Kratos-God-of-War-hache-leviathan.jpg","type":"image\/jpeg"}],"twitter_card":"summary_large_image","twitter_misc":{"Tempo di lettura stimato":"3 minuti"},"schema":{"@context":"https:\/\/schema.org","@graph":[{"@type":"WebPage","@id":"https:\/\/repliquemangacine.fr\/katana-et-epee-de-jeux-video-autre-jeux-video\/hache-de-kratos-god-of-war\/","url":"https:\/\/repliquemangacine.fr\/katana-et-epee-de-jeux-video-autre-jeux-video\/hache-de-kratos-god-of-war\/","name":"Ascia di Kratos God of War - R\u00e9plique Manga Cin\u00e9","isPartOf":{"@id":"https:\/\/repliquemangacine.fr\/#website"},"primaryImageOfPage":{"@id":"https:\/\/repliquemangacine.fr\/katana-et-epee-de-jeux-video-autre-jeux-video\/hache-de-kratos-god-of-war\/#primaryimage"},"image":{"@id":"https:\/\/repliquemangacine.fr\/katana-et-epee-de-jeux-video-autre-jeux-video\/hache-de-kratos-god-of-war\/#primaryimage"},"thumbnailUrl":"https:\/\/repliquemangacine.fr\/wp-content\/uploads\/2025\/01\/Hache-de-Kratos-God-of-War-hache-leviathan.jpg","datePublished":"2025-01-18T15:36:28+00:00","dateModified":"2025-12-30T12:38:10+00:00","description":"Esclusivamente quest'ascia di Kratos Leviathan in God of War. Testa dell'ascia in acciaio inossidabile, incisa e fluorescente. Peso: 8 kg - 105 cm","breadcrumb":{"@id":"https:\/\/repliquemangacine.fr\/katana-et-epee-de-jeux-video-autre-jeux-video\/hache-de-kratos-god-of-war\/#breadcrumb"},"inLanguage":"it-IT","potentialAction":[{"@type":"ReadAction","target":["https:\/\/repliquemangacine.fr\/katana-et-epee-de-jeux-video-autre-jeux-video\/hache-de-kratos-god-of-war\/"]}]},{"@type":"ImageObject","inLanguage":"it-IT","@id":"https:\/\/repliquemangacine.fr\/katana-et-epee-de-jeux-video-autre-jeux-video\/hache-de-kratos-god-of-war\/#primaryimage","url":"https:\/\/repliquemangacine.fr\/wp-content\/uploads\/2025\/01\/Hache-de-Kratos-God-of-War-hache-leviathan.jpg","contentUrl":"https:\/\/repliquemangacine.fr\/wp-content\/uploads\/2025\/01\/Hache-de-Kratos-God-of-War-hache-leviathan.jpg","width":500,"height":500,"caption":"Hache de Kratos dans God of War"},{"@type":"BreadcrumbList","@id":"https:\/\/repliquemangacine.fr\/katana-et-epee-de-jeux-video-autre-jeux-video\/hache-de-kratos-god-of-war\/#breadcrumb","itemListElement":[{"@type":"ListItem","position":1,"name":"Accueil","item":"https:\/\/repliquemangacine.fr\/"},{"@type":"ListItem","position":2,"name":"Produits","item":"https:\/\/repliquemangacine.fr\/boutique\/"},{"@type":"ListItem","position":3,"name":"Hache de Kratos God of War"}]},{"@type":"WebSite","@id":"https:\/\/repliquemangacine.fr\/#website","url":"https:\/\/repliquemangacine.fr\/","name":"R\u00e9plique Manga Cin\u00e9","description":"","publisher":{"@id":"https:\/\/repliquemangacine.fr\/#organization"},"potentialAction":[{"@type":"SearchAction","target":{"@type":"EntryPoint","urlTemplate":"https:\/\/repliquemangacine.fr\/?s={search_term_string}"},"query-input":{"@type":"PropertyValueSpecification","valueRequired":true,"valueName":"search_term_string"}}],"inLanguage":"it-IT"},{"@type":"Organization","@id":"https:\/\/repliquemangacine.fr\/#organization","name":"R\u00e9plique Manga Cin\u00e9","url":"https:\/\/repliquemangacine.fr\/","logo":{"@type":"ImageObject","inLanguage":"it-IT","@id":"https:\/\/repliquemangacine.fr\/#\/schema\/logo\/image\/","url":"https:\/\/repliquemangacine.fr\/wp-content\/uploads\/2023\/10\/RMC-500250.png","contentUrl":"https:\/\/repliquemangacine.fr\/wp-content\/uploads\/2023\/10\/RMC-500250.png","width":500,"height":250,"caption":"R\u00e9plique Manga Cin\u00e9"},"image":{"@id":"https:\/\/repliquemangacine.fr\/#\/schema\/logo\/image\/"},"sameAs":["https:\/\/www.facebook.com\/RepliqueMangaCine","https:\/\/www.instagram.com\/repliquemangacine.fr\/"]}]}},"_links":{"self":[{"href":"https:\/\/repliquemangacine.fr\/it\/wp-json\/wp\/v2\/product\/81303","targetHints":{"allow":["GET"]}}],"collection":[{"href":"https:\/\/repliquemangacine.fr\/it\/wp-json\/wp\/v2\/product"}],"about":[{"href":"https:\/\/repliquemangacine.fr\/it\/wp-json\/wp\/v2\/types\/product"}],"wp:featuredmedia":[{"embeddable":true,"href":"https:\/\/repliquemangacine.fr\/it\/wp-json\/wp\/v2\/media\/81305"}],"wp:attachment":[{"href":"https:\/\/repliquemangacine.fr\/it\/wp-json\/wp\/v2\/media?parent=81303"}],"wp:term":[{"taxonomy":"product_brand","embeddable":true,"href":"https:\/\/repliquemangacine.fr\/it\/wp-json\/wp\/v2\/product_brand?post=81303"},{"taxonomy":"product_cat","embeddable":true,"href":"https:\/\/repliquemangacine.fr\/it\/wp-json\/wp\/v2\/product_cat?post=81303"},{"taxonomy":"product_tag","embeddable":true,"href":"https:\/\/repliquemangacine.fr\/it\/wp-json\/wp\/v2\/product_tag?post=81303"}],"curies":[{"name":"wp","href":"https:\/\/api.w.org\/{rel}","templated":true}]}}