





{"id":81274,"date":"2025-01-18T15:32:39","date_gmt":"2025-01-18T14:32:39","guid":{"rendered":"https:\/\/repliquemangacine.fr\/?post_type=product&#038;p=81274"},"modified":"2025-11-13T14:51:47","modified_gmt":"2025-11-13T13:51:47","slug":"sacred-sword-excalibur-kirito-in-alfheim-online-sword-art-online","status":"publish","type":"product","link":"https:\/\/repliquemangacine.fr\/it\/epee-sword-art-online\/epee-sacree-excalibur-kirito-dans-alfheim-online-sword-art-online\/","title":{"rendered":"Spada sacra Excalibur Kirito in Alfheim Online"},"content":{"rendered":"<h2>Spada sacra Excalibur Kirito in Alfheim Online (SAO Fractured Daydream)<\/h2>\n<p>Innanzitutto, la spada sacra Excalibur \u00e8 l'epitome dell'arma leggendaria. Forgiata dal dio dei fabbri, V\u00f6lundr. Questa maestosa spada \u00e8 la pi\u00f9 potente del regno, superando persino la spada demoniaca Gram. Il suo design unico combina una lunga lama d'oro abbagliante con un'elsa a forma di ala ornata da tre gemme scintillanti. La presa \u00e8 assicurata da una raffinata impugnatura dorata. Riflette tutta la nobilt\u00e0 di quest'arma mitica. La ricompensa finale della missione \"La Sacra Spada del Palazzo di Ghiaccio\". La spada Excalibur \u00e8 attualmente nelle mani dell'eroe Kirito. L'ha ottenuta completando una missione in <a href=\"https:\/\/swordartonline-fandom-com.translate.goog\/wiki\/J%C3%B6tunheimr?_x_tr_sl=en&amp;_x_tr_tl=fr&amp;_x_tr_hl=fr&amp;_x_tr_pto=sc\" target=\"_blank\" rel=\"noopener noreferrer\">J\u00f6tunheimr<\/a>. Simbolo di potere e gloria, questa spada \u00e8 l'oggetto di ogni desiderio nel mondo dei giocatori.<\/p>\n<h2>Altre armi iconiche dell'universo SAO<\/h2>\n<p>Per cominciare, il mondo di SAO \u00e8 pieno di armi affascinanti quanto la spada sacra Excalibur. Tra queste ci sono le <a href=\"https:\/\/repliquemangacine.fr\/it\/sword-art-online-2\/kirito-sao-spada-repulsore-scuro\/\">Repulsore oscuro<\/a> e il<a href=\"https:\/\/repliquemangacine.fr\/it\/sword-art-online-2\/epee-elucidator-kirito-sao\/\">Spada elucidatrice<\/a>due armi leggendarie brandite da Kirito. Entrambe si distinguono per estetica e potenza. Elucidator, con la sua imponente lama nera, incarna determinazione ed efficienza. Il Dark Repulser, creato dal raro cristallo Crystalite Ingot, si distingue per la sua esclusiva lucentezza turchese. Dal canto suo, Asuna, il fulmine di SAO, impugna con grazia il <a href=\"https:\/\/repliquemangacine.fr\/it\/sword-art-online-2\/spada-lambent-light-rapiere-asuna-sao\/\">Spada leggera Lambent<\/a>Un'arma leggera e precisa, perfetta per attacchi rapidi e devastanti. Queste armi non sono solo strumenti di combattimento, ma sono centrali per l'identit\u00e0 dei personaggi, riflettendo la loro forza e la loro storia.<\/p>\n<h2>Spada Sacra Excalibur: un'esperienza di acquisto unica sul nostro sito<\/h2>\n<p>Su R\u00e9plique Manga Cin\u00e9, vi offriamo la replica perfetta della spada sacra Excalibur. Combinando qualit\u00e0 e autenticit\u00e0. Per noi \u00e8 un punto d'onore soddisfare i nostri clienti con una consegna rapida in 24\/48 ore. Pagamento sicuro 100% e recensioni garantite per aiutarvi a fare la vostra scelta. Il nostro sito presenta un'ampia selezione di repliche di armi dei vostri franchise preferiti.  Sono presenti anche descrizioni dettagliate e foto accurate. In conclusione, che siate appassionati collezionisti o fan di oggetti mitici. Noi abbiamo quello che fa per voi. Affidatevi alla nostra esperienza per arricchire la vostra collezione con oggetti unici e iconici.<\/p>\n<p>&nbsp;<\/p>","protected":false},"excerpt":{"rendered":"<p>Replica identica della spada sacra Excalibur in Alfheim Online (SAO Fractured Daydream )<\/p>\n<ul>\n<li>Realizzato interamente in metallo placcato oro<\/li>\n<li>Lama in acciaio non tagliente<\/li>\n<li>La guardia trasversale ha la forma di un piccolo paio di ali e presenta una piccola placca triangolare verde con tre gemme.<\/li>\n<li>Pomello e protezione superiore appositamente sagomati<\/li>\n<li>Fornito con fodero in similpelle nera<\/li>\n<li>Lunghezza lama: 76 cm - Lunghezza totale: 108,5 cm<\/li>\n<li>Peso: 2180 g<\/li>\n<\/ul>","protected":false},"featured_media":81276,"template":"","meta":[],"product_brand":[896],"product_cat":[53],"product_tag":[],"class_list":{"0":"post-81274","1":"product","2":"type-product","3":"status-publish","4":"has-post-thumbnail","6":"product_brand-replique-manga-cine","7":"product_cat-epee-sword-art-online","9":"first","10":"instock","11":"taxable","12":"shipping-taxable","13":"purchasable","14":"product-type-simple"},"yoast_head":"<!-- This site is optimized with the Yoast SEO plugin v27.3 - https:\/\/yoast.com\/product\/yoast-seo-wordpress\/ -->\n<title>\u00c9p\u00e9e sacr\u00e9e Excalibur Kirito dans Alfheim Online - R\u00e9plique Manga Cin\u00e9<\/title>\n<meta name=\"description\" content=\"D\u00e9couvrez la r\u00e9plique de l\u2019\u00e9p\u00e9e sacr\u00e9e Excalibur issue de l&#039;univers de Alfheim Online dans Sword Art Online: Fractured Daydream. Tout en acier. 108.5 cm\" \/>\n<meta name=\"robots\" content=\"index, follow, max-snippet:-1, max-image-preview:large, max-video-preview:-1\" \/>\n<link rel=\"canonical\" href=\"https:\/\/repliquemangacine.fr\/it\/sword-art-online-2\/sacred-sword-excalibur-kirito-in-alfheim-online-sword-art-online\/\" \/>\n<meta property=\"og:locale\" content=\"it_IT\" \/>\n<meta property=\"og:type\" content=\"article\" \/>\n<meta property=\"og:title\" content=\"\u00c9p\u00e9e sacr\u00e9e Excalibur Kirito dans Alfheim Online - R\u00e9plique Manga Cin\u00e9\" \/>\n<meta property=\"og:description\" content=\"D\u00e9couvrez la r\u00e9plique de l\u2019\u00e9p\u00e9e sacr\u00e9e Excalibur issue de l&#039;univers de Alfheim Online dans Sword Art Online: Fractured Daydream. Tout en acier. 108.5 cm\" \/>\n<meta property=\"og:url\" content=\"https:\/\/repliquemangacine.fr\/it\/sword-art-online-2\/sacred-sword-excalibur-kirito-in-alfheim-online-sword-art-online\/\" \/>\n<meta property=\"og:site_name\" content=\"R\u00e9plique Manga Cin\u00e9\" \/>\n<meta property=\"article:publisher\" content=\"https:\/\/www.facebook.com\/RepliqueMangaCine\" \/>\n<meta property=\"article:modified_time\" content=\"2025-11-13T13:51:47+00:00\" \/>\n<meta property=\"og:image\" content=\"https:\/\/repliquemangacine.fr\/wp-content\/uploads\/2025\/01\/Epee-sacree-Excalibur-Kirito-dans-Alfheim-Online-1.jpg\" \/>\n\t<meta property=\"og:image:width\" content=\"500\" \/>\n\t<meta property=\"og:image:height\" content=\"500\" \/>\n\t<meta property=\"og:image:type\" content=\"image\/jpeg\" \/>\n<meta name=\"twitter:card\" content=\"summary_large_image\" \/>\n<meta name=\"twitter:label1\" content=\"Tempo di lettura stimato\" \/>\n\t<meta name=\"twitter:data1\" content=\"3 minuti\" \/>\n<script type=\"application\/ld+json\" class=\"yoast-schema-graph\">{\"@context\":\"https:\\\/\\\/schema.org\",\"@graph\":[{\"@type\":\"WebPage\",\"@id\":\"https:\\\/\\\/repliquemangacine.fr\\\/epee-sword-art-online\\\/epee-sacree-excalibur-kirito-dans-alfheim-online-sword-art-online\\\/\",\"url\":\"https:\\\/\\\/repliquemangacine.fr\\\/epee-sword-art-online\\\/epee-sacree-excalibur-kirito-dans-alfheim-online-sword-art-online\\\/\",\"name\":\"\u00c9p\u00e9e sacr\u00e9e Excalibur Kirito dans Alfheim Online - R\u00e9plique Manga Cin\u00e9\",\"isPartOf\":{\"@id\":\"https:\\\/\\\/repliquemangacine.fr\\\/#website\"},\"primaryImageOfPage\":{\"@id\":\"https:\\\/\\\/repliquemangacine.fr\\\/epee-sword-art-online\\\/epee-sacree-excalibur-kirito-dans-alfheim-online-sword-art-online\\\/#primaryimage\"},\"image\":{\"@id\":\"https:\\\/\\\/repliquemangacine.fr\\\/epee-sword-art-online\\\/epee-sacree-excalibur-kirito-dans-alfheim-online-sword-art-online\\\/#primaryimage\"},\"thumbnailUrl\":\"https:\\\/\\\/repliquemangacine.fr\\\/wp-content\\\/uploads\\\/2025\\\/01\\\/Epee-sacree-Excalibur-Kirito-dans-Alfheim-Online-1.jpg\",\"datePublished\":\"2025-01-18T14:32:39+00:00\",\"dateModified\":\"2025-11-13T13:51:47+00:00\",\"description\":\"D\u00e9couvrez la r\u00e9plique de l\u2019\u00e9p\u00e9e sacr\u00e9e Excalibur issue de l'univers de Alfheim Online dans Sword Art Online: Fractured Daydream. Tout en acier. 108.5 cm\",\"breadcrumb\":{\"@id\":\"https:\\\/\\\/repliquemangacine.fr\\\/epee-sword-art-online\\\/epee-sacree-excalibur-kirito-dans-alfheim-online-sword-art-online\\\/#breadcrumb\"},\"inLanguage\":\"it-IT\",\"potentialAction\":[{\"@type\":\"ReadAction\",\"target\":[\"https:\\\/\\\/repliquemangacine.fr\\\/epee-sword-art-online\\\/epee-sacree-excalibur-kirito-dans-alfheim-online-sword-art-online\\\/\"]}]},{\"@type\":\"ImageObject\",\"inLanguage\":\"it-IT\",\"@id\":\"https:\\\/\\\/repliquemangacine.fr\\\/epee-sword-art-online\\\/epee-sacree-excalibur-kirito-dans-alfheim-online-sword-art-online\\\/#primaryimage\",\"url\":\"https:\\\/\\\/repliquemangacine.fr\\\/wp-content\\\/uploads\\\/2025\\\/01\\\/Epee-sacree-Excalibur-Kirito-dans-Alfheim-Online-1.jpg\",\"contentUrl\":\"https:\\\/\\\/repliquemangacine.fr\\\/wp-content\\\/uploads\\\/2025\\\/01\\\/Epee-sacree-Excalibur-Kirito-dans-Alfheim-Online-1.jpg\",\"width\":500,\"height\":500,\"caption\":\"\u00c9p\u00e9e-sacr\u00e9e-Excalibur-Kirito-dans-Alfheim-Online\"},{\"@type\":\"BreadcrumbList\",\"@id\":\"https:\\\/\\\/repliquemangacine.fr\\\/epee-sword-art-online\\\/epee-sacree-excalibur-kirito-dans-alfheim-online-sword-art-online\\\/#breadcrumb\",\"itemListElement\":[{\"@type\":\"ListItem\",\"position\":1,\"name\":\"Accueil\",\"item\":\"https:\\\/\\\/repliquemangacine.fr\\\/\"},{\"@type\":\"ListItem\",\"position\":2,\"name\":\"Produits\",\"item\":\"https:\\\/\\\/repliquemangacine.fr\\\/boutique\\\/\"},{\"@type\":\"ListItem\",\"position\":3,\"name\":\"\u00c9p\u00e9e sacr\u00e9e Excalibur Kirito dans Alfheim Online\"}]},{\"@type\":\"WebSite\",\"@id\":\"https:\\\/\\\/repliquemangacine.fr\\\/#website\",\"url\":\"https:\\\/\\\/repliquemangacine.fr\\\/\",\"name\":\"R\u00e9plique Manga Cin\u00e9\",\"description\":\"\",\"publisher\":{\"@id\":\"https:\\\/\\\/repliquemangacine.fr\\\/#organization\"},\"potentialAction\":[{\"@type\":\"SearchAction\",\"target\":{\"@type\":\"EntryPoint\",\"urlTemplate\":\"https:\\\/\\\/repliquemangacine.fr\\\/?s={search_term_string}\"},\"query-input\":{\"@type\":\"PropertyValueSpecification\",\"valueRequired\":true,\"valueName\":\"search_term_string\"}}],\"inLanguage\":\"it-IT\"},{\"@type\":\"Organization\",\"@id\":\"https:\\\/\\\/repliquemangacine.fr\\\/#organization\",\"name\":\"R\u00e9plique Manga Cin\u00e9\",\"url\":\"https:\\\/\\\/repliquemangacine.fr\\\/\",\"logo\":{\"@type\":\"ImageObject\",\"inLanguage\":\"it-IT\",\"@id\":\"https:\\\/\\\/repliquemangacine.fr\\\/#\\\/schema\\\/logo\\\/image\\\/\",\"url\":\"https:\\\/\\\/repliquemangacine.fr\\\/wp-content\\\/uploads\\\/2023\\\/10\\\/RMC-500250.png\",\"contentUrl\":\"https:\\\/\\\/repliquemangacine.fr\\\/wp-content\\\/uploads\\\/2023\\\/10\\\/RMC-500250.png\",\"width\":500,\"height\":250,\"caption\":\"R\u00e9plique Manga Cin\u00e9\"},\"image\":{\"@id\":\"https:\\\/\\\/repliquemangacine.fr\\\/#\\\/schema\\\/logo\\\/image\\\/\"},\"sameAs\":[\"https:\\\/\\\/www.facebook.com\\\/RepliqueMangaCine\",\"https:\\\/\\\/www.instagram.com\\\/repliquemangacine.fr\\\/\"]}]}<\/script>\n<!-- \/ Yoast SEO plugin. -->","yoast_head_json":{"title":"Spada sacra Excalibur Kirito in Alfheim Online - R\u00e9plique Manga Cin\u00e9","description":"Scopri la replica della spada sacra Excalibur del mondo di Alfheim Online in Sword Art Online: Fractured Daydream. Tutta in acciaio. Lunghezza 108,5 cm","robots":{"index":"index","follow":"follow","max-snippet":"max-snippet:-1","max-image-preview":"max-image-preview:large","max-video-preview":"max-video-preview:-1"},"canonical":"https:\/\/repliquemangacine.fr\/it\/sword-art-online-2\/sacred-sword-excalibur-kirito-in-alfheim-online-sword-art-online\/","og_locale":"it_IT","og_type":"article","og_title":"\u00c9p\u00e9e sacr\u00e9e Excalibur Kirito dans Alfheim Online - R\u00e9plique Manga Cin\u00e9","og_description":"D\u00e9couvrez la r\u00e9plique de l\u2019\u00e9p\u00e9e sacr\u00e9e Excalibur issue de l'univers de Alfheim Online dans Sword Art Online: Fractured Daydream. Tout en acier. 108.5 cm","og_url":"https:\/\/repliquemangacine.fr\/it\/sword-art-online-2\/sacred-sword-excalibur-kirito-in-alfheim-online-sword-art-online\/","og_site_name":"R\u00e9plique Manga Cin\u00e9","article_publisher":"https:\/\/www.facebook.com\/RepliqueMangaCine","article_modified_time":"2025-11-13T13:51:47+00:00","og_image":[{"width":500,"height":500,"url":"https:\/\/repliquemangacine.fr\/wp-content\/uploads\/2025\/01\/Epee-sacree-Excalibur-Kirito-dans-Alfheim-Online-1.jpg","type":"image\/jpeg"}],"twitter_card":"summary_large_image","twitter_misc":{"Tempo di lettura stimato":"3 minuti"},"schema":{"@context":"https:\/\/schema.org","@graph":[{"@type":"WebPage","@id":"https:\/\/repliquemangacine.fr\/epee-sword-art-online\/epee-sacree-excalibur-kirito-dans-alfheim-online-sword-art-online\/","url":"https:\/\/repliquemangacine.fr\/epee-sword-art-online\/epee-sacree-excalibur-kirito-dans-alfheim-online-sword-art-online\/","name":"Spada sacra Excalibur Kirito in Alfheim Online - R\u00e9plique Manga Cin\u00e9","isPartOf":{"@id":"https:\/\/repliquemangacine.fr\/#website"},"primaryImageOfPage":{"@id":"https:\/\/repliquemangacine.fr\/epee-sword-art-online\/epee-sacree-excalibur-kirito-dans-alfheim-online-sword-art-online\/#primaryimage"},"image":{"@id":"https:\/\/repliquemangacine.fr\/epee-sword-art-online\/epee-sacree-excalibur-kirito-dans-alfheim-online-sword-art-online\/#primaryimage"},"thumbnailUrl":"https:\/\/repliquemangacine.fr\/wp-content\/uploads\/2025\/01\/Epee-sacree-Excalibur-Kirito-dans-Alfheim-Online-1.jpg","datePublished":"2025-01-18T14:32:39+00:00","dateModified":"2025-11-13T13:51:47+00:00","description":"Scopri la replica della spada sacra Excalibur del mondo di Alfheim Online in Sword Art Online: Fractured Daydream. Tutta in acciaio. Lunghezza 108,5 cm","breadcrumb":{"@id":"https:\/\/repliquemangacine.fr\/epee-sword-art-online\/epee-sacree-excalibur-kirito-dans-alfheim-online-sword-art-online\/#breadcrumb"},"inLanguage":"it-IT","potentialAction":[{"@type":"ReadAction","target":["https:\/\/repliquemangacine.fr\/epee-sword-art-online\/epee-sacree-excalibur-kirito-dans-alfheim-online-sword-art-online\/"]}]},{"@type":"ImageObject","inLanguage":"it-IT","@id":"https:\/\/repliquemangacine.fr\/epee-sword-art-online\/epee-sacree-excalibur-kirito-dans-alfheim-online-sword-art-online\/#primaryimage","url":"https:\/\/repliquemangacine.fr\/wp-content\/uploads\/2025\/01\/Epee-sacree-Excalibur-Kirito-dans-Alfheim-Online-1.jpg","contentUrl":"https:\/\/repliquemangacine.fr\/wp-content\/uploads\/2025\/01\/Epee-sacree-Excalibur-Kirito-dans-Alfheim-Online-1.jpg","width":500,"height":500,"caption":"\u00c9p\u00e9e-sacr\u00e9e-Excalibur-Kirito-dans-Alfheim-Online"},{"@type":"BreadcrumbList","@id":"https:\/\/repliquemangacine.fr\/epee-sword-art-online\/epee-sacree-excalibur-kirito-dans-alfheim-online-sword-art-online\/#breadcrumb","itemListElement":[{"@type":"ListItem","position":1,"name":"Accueil","item":"https:\/\/repliquemangacine.fr\/"},{"@type":"ListItem","position":2,"name":"Produits","item":"https:\/\/repliquemangacine.fr\/boutique\/"},{"@type":"ListItem","position":3,"name":"\u00c9p\u00e9e sacr\u00e9e Excalibur Kirito dans Alfheim Online"}]},{"@type":"WebSite","@id":"https:\/\/repliquemangacine.fr\/#website","url":"https:\/\/repliquemangacine.fr\/","name":"R\u00e9plique Manga Cin\u00e9","description":"","publisher":{"@id":"https:\/\/repliquemangacine.fr\/#organization"},"potentialAction":[{"@type":"SearchAction","target":{"@type":"EntryPoint","urlTemplate":"https:\/\/repliquemangacine.fr\/?s={search_term_string}"},"query-input":{"@type":"PropertyValueSpecification","valueRequired":true,"valueName":"search_term_string"}}],"inLanguage":"it-IT"},{"@type":"Organization","@id":"https:\/\/repliquemangacine.fr\/#organization","name":"R\u00e9plique Manga Cin\u00e9","url":"https:\/\/repliquemangacine.fr\/","logo":{"@type":"ImageObject","inLanguage":"it-IT","@id":"https:\/\/repliquemangacine.fr\/#\/schema\/logo\/image\/","url":"https:\/\/repliquemangacine.fr\/wp-content\/uploads\/2023\/10\/RMC-500250.png","contentUrl":"https:\/\/repliquemangacine.fr\/wp-content\/uploads\/2023\/10\/RMC-500250.png","width":500,"height":250,"caption":"R\u00e9plique Manga Cin\u00e9"},"image":{"@id":"https:\/\/repliquemangacine.fr\/#\/schema\/logo\/image\/"},"sameAs":["https:\/\/www.facebook.com\/RepliqueMangaCine","https:\/\/www.instagram.com\/repliquemangacine.fr\/"]}]}},"_links":{"self":[{"href":"https:\/\/repliquemangacine.fr\/it\/wp-json\/wp\/v2\/product\/81274","targetHints":{"allow":["GET"]}}],"collection":[{"href":"https:\/\/repliquemangacine.fr\/it\/wp-json\/wp\/v2\/product"}],"about":[{"href":"https:\/\/repliquemangacine.fr\/it\/wp-json\/wp\/v2\/types\/product"}],"wp:featuredmedia":[{"embeddable":true,"href":"https:\/\/repliquemangacine.fr\/it\/wp-json\/wp\/v2\/media\/81276"}],"wp:attachment":[{"href":"https:\/\/repliquemangacine.fr\/it\/wp-json\/wp\/v2\/media?parent=81274"}],"wp:term":[{"taxonomy":"product_brand","embeddable":true,"href":"https:\/\/repliquemangacine.fr\/it\/wp-json\/wp\/v2\/product_brand?post=81274"},{"taxonomy":"product_cat","embeddable":true,"href":"https:\/\/repliquemangacine.fr\/it\/wp-json\/wp\/v2\/product_cat?post=81274"},{"taxonomy":"product_tag","embeddable":true,"href":"https:\/\/repliquemangacine.fr\/it\/wp-json\/wp\/v2\/product_tag?post=81274"}],"curies":[{"name":"wp","href":"https:\/\/api.w.org\/{rel}","templated":true}]}}