





{"id":81092,"date":"2025-01-09T18:22:58","date_gmt":"2025-01-09T17:22:58","guid":{"rendered":"https:\/\/repliquemangacine.fr\/?post_type=product&#038;p=81092"},"modified":"2025-11-13T14:56:24","modified_gmt":"2025-11-13T13:56:24","slug":"pistola-genya-shinazugawa-demon-slayer","status":"publish","type":"product","link":"https:\/\/repliquemangacine.fr\/it\/katana-demon-slayer\/pistolet-genya-shinazugawa-demon-slayer\/","title":{"rendered":"Pistola Genya Shinazugawa - Uccisore di demoni"},"content":{"rendered":"<h2>La pistola di Genya Shinazugawa: una replica fedele e dettagliata per i fan della Cacciatrice di Demoni<\/h2>\n<p>Prima di tutto, scoprite la pistola di Genya Shinazugawa. Una replica impressionante ispirata all'arma unica del Cacciatore di Demoni in <a href=\"https:\/\/kimetsu-no-yaiba.fandom.com\/fr\/wiki\/Wiki_Kimetsu_no_Yaiba\" target=\"_blank\" rel=\"noopener noreferrer\">Ammazzademoni<\/a>. Questo modello \u00e8 realizzato interamente in fibra di vetro, per offrire leggerezza e resistenza. Il suo design meticoloso include un suggestivo effetto di lava, sangue e carne sulla canna, fedele all'estetica dark dell'anime. Non funzionale e puramente decorativa, questa pistola \u00e8 ideale per i cosplayer e i collezionisti che desiderano possedere un pezzo unico. Con una lunghezza complessiva di 29,5 cm, \u00e8 l'accessorio perfetto per completare un cosplay di Genya Shinazugawa. Il suo design realistico e le finiture impeccabili la rendono un must per gli appassionati di Demon Slayer e di repliche di armi mitiche.<\/p>\n<h2>La pistola di Genya Shinazugawa: un'arma insolita in Demon Slayer<\/h2>\n<p>A differenza degli altri Pilastri e degli uccisori di demoni, Genya Shinazugawa non impugna una katana, ma un fucile da battaglia per affrontare gli Oni. La sua pistola, unica nel suo genere, \u00e8 caricata con proiettili forgiati con lo stesso minerale delle Lame Nichirin, che le permettono di neutralizzare i demoni. Il suo design, caratterizzato da un effetto di carne e lava, riflette il suo legame speciale con le tecniche di rigenerazione demoniaca. Infatti, Genya \u00e8 uno dei pochi cacciatori in grado di consumare la carne dei demoni. Questo gli conferisce capacit\u00e0 soprannaturali in battaglia. Quest'arma lo aiuta a compensare la sua incapacit\u00e0 di respirare, permettendogli di combattere gli Oni a distanza. Questa iconica pistola \u00e8 quindi un elemento chiave dello stile di combattimento unico di Genya Shinazugawa in Demon Slayer. Questa replica \u00e8 il modo perfetto per immortalare questo personaggio iconico e il suo diverso approccio alla lotta contro i demoni.<\/p>\n<h2>R\u00e9plique Manga Cin\u00e9: il paradiso per i fan di Demon Slayer e delle katane leggendarie<\/h2>\n<p>Su R\u00e9plique Manga Cin\u00e9 troverete un'eccezionale selezione di katane e armi di Demon Slayer. Collezionatele <a href=\"https:\/\/repliquemangacine.fr\/it\/katana-dacciaio-kimetsu-no-yaiba-metal-katana-demon-slayer\/le-spade-gemelle-di-tengen\/\">Spade gemelle di Tengen<\/a> Uzui, un set impressionante per i fan del Pilastro del Suono. \u00c8 inoltre possibile scoprire le imperdibili katane di Tanjiro e di <a href=\"https:\/\/repliquemangacine.fr\/it\/katana-dacciaio-kimetsu-no-yaiba-metal-katana-demon-slayer\/katana-delluccisore-di-demoni-zenitsu-agatsuma\/\">Zenitsu<\/a>progettato con particolare attenzione ai dettagli. Per un tocco di modernit\u00e0, il <a href=\"https:\/\/repliquemangacine.fr\/it\/katana-leggera-uccisore-di-demoni\/katana-luminosa-delluccisore-di-demoni-sanemi\/\">La katana luminosa di Sanemi<\/a>Le nostre katane, dotate di LED verdi, offrono un effetto spettacolare e unico. Offriamo katane in metallo, legno, forgiate o dotate di LED, adatte sia ai collezionisti che ai cosplayer. Oltre alle spade tradizionali, il nostro negozio offre anche tantos e repliche uniche ispirate a Demon Slayer. In conclusione, R\u00e9plique Manga Cin\u00e9 \u00e8 il negozio da visitare per tutti gli appassionati di armi mitiche e del mondo dei cacciatori di demoni.<\/p>","protected":false},"excerpt":{"rendered":"<p>Incredibile replica della pistola di Genya Shinazugawa in Demon Slayer<\/p>\n<ul>\n<li>Realizzato interamente in fibra di vetro<\/li>\n<li>Effetto lava, sangue e carne sulla parte superiore del barile.<\/li>\n<li>Non funzionale, puramente decorativo.<\/li>\n<li>Ideale per i cosplayer<\/li>\n<li>Lunghezza totale: 29,5 cm<\/li>\n<li>Peso: 525 g<\/li>\n<\/ul>","protected":false},"featured_media":81097,"template":"","meta":[],"product_brand":[896],"product_cat":[63],"product_tag":[],"class_list":{"0":"post-81092","1":"product","2":"type-product","3":"status-publish","4":"has-post-thumbnail","6":"product_brand-replique-manga-cine","7":"product_cat-katana-demon-slayer","9":"first","10":"instock","11":"taxable","12":"shipping-taxable","13":"purchasable","14":"product-type-simple"},"yoast_head":"<!-- This site is optimized with the Yoast SEO plugin v27.4 - https:\/\/yoast.com\/product\/yoast-seo-wordpress\/ -->\n<title>Pistolet Genya Shinazugawa - Demon Slayer - R\u00e9plique Manga Cin\u00e9<\/title>\n<meta name=\"description\" content=\"Bluffant ! Ce Pistolet Genya Shinazugawa dans Demon Slayer. Tout en fibre de verre. Effet sur le canon de lave de sang et de chair. 29.5 cm Id\u00e9al Cosplay.\" \/>\n<meta name=\"robots\" content=\"index, follow, max-snippet:-1, max-image-preview:large, max-video-preview:-1\" \/>\n<link rel=\"canonical\" href=\"https:\/\/repliquemangacine.fr\/it\/katana-uccisore-di-demoni\/pistola-genya-shinazugawa-demon-slayer\/\" \/>\n<meta property=\"og:locale\" content=\"it_IT\" \/>\n<meta property=\"og:type\" content=\"article\" \/>\n<meta property=\"og:title\" content=\"Pistolet Genya Shinazugawa - Demon Slayer - R\u00e9plique Manga Cin\u00e9\" \/>\n<meta property=\"og:description\" content=\"Bluffant ! Ce Pistolet Genya Shinazugawa dans Demon Slayer. Tout en fibre de verre. Effet sur le canon de lave de sang et de chair. 29.5 cm Id\u00e9al Cosplay.\" \/>\n<meta property=\"og:url\" content=\"https:\/\/repliquemangacine.fr\/it\/katana-uccisore-di-demoni\/pistola-genya-shinazugawa-demon-slayer\/\" \/>\n<meta property=\"og:site_name\" content=\"R\u00e9plique Manga Cin\u00e9\" \/>\n<meta property=\"article:publisher\" content=\"https:\/\/www.facebook.com\/RepliqueMangaCine\" \/>\n<meta property=\"article:modified_time\" content=\"2025-11-13T13:56:24+00:00\" \/>\n<meta property=\"og:image\" content=\"https:\/\/repliquemangacine.fr\/wp-content\/uploads\/2025\/01\/Pistolet-de-Genya-Shinazugawa.jpg\" \/>\n\t<meta property=\"og:image:width\" content=\"500\" \/>\n\t<meta property=\"og:image:height\" content=\"500\" \/>\n\t<meta property=\"og:image:type\" content=\"image\/jpeg\" \/>\n<meta name=\"twitter:card\" content=\"summary_large_image\" \/>\n<meta name=\"twitter:label1\" content=\"Tempo di lettura stimato\" \/>\n\t<meta name=\"twitter:data1\" content=\"3 minuti\" \/>\n<script type=\"application\/ld+json\" class=\"yoast-schema-graph\">{\"@context\":\"https:\\\/\\\/schema.org\",\"@graph\":[{\"@type\":\"WebPage\",\"@id\":\"https:\\\/\\\/repliquemangacine.fr\\\/katana-demon-slayer\\\/pistolet-genya-shinazugawa-demon-slayer\\\/\",\"url\":\"https:\\\/\\\/repliquemangacine.fr\\\/katana-demon-slayer\\\/pistolet-genya-shinazugawa-demon-slayer\\\/\",\"name\":\"Pistolet Genya Shinazugawa - Demon Slayer - R\u00e9plique Manga Cin\u00e9\",\"isPartOf\":{\"@id\":\"https:\\\/\\\/repliquemangacine.fr\\\/#website\"},\"primaryImageOfPage\":{\"@id\":\"https:\\\/\\\/repliquemangacine.fr\\\/katana-demon-slayer\\\/pistolet-genya-shinazugawa-demon-slayer\\\/#primaryimage\"},\"image\":{\"@id\":\"https:\\\/\\\/repliquemangacine.fr\\\/katana-demon-slayer\\\/pistolet-genya-shinazugawa-demon-slayer\\\/#primaryimage\"},\"thumbnailUrl\":\"https:\\\/\\\/repliquemangacine.fr\\\/wp-content\\\/uploads\\\/2025\\\/01\\\/Pistolet-de-Genya-Shinazugawa.jpg\",\"datePublished\":\"2025-01-09T17:22:58+00:00\",\"dateModified\":\"2025-11-13T13:56:24+00:00\",\"description\":\"Bluffant ! Ce Pistolet Genya Shinazugawa dans Demon Slayer. Tout en fibre de verre. Effet sur le canon de lave de sang et de chair. 29.5 cm Id\u00e9al Cosplay.\",\"breadcrumb\":{\"@id\":\"https:\\\/\\\/repliquemangacine.fr\\\/katana-demon-slayer\\\/pistolet-genya-shinazugawa-demon-slayer\\\/#breadcrumb\"},\"inLanguage\":\"it-IT\",\"potentialAction\":[{\"@type\":\"ReadAction\",\"target\":[\"https:\\\/\\\/repliquemangacine.fr\\\/katana-demon-slayer\\\/pistolet-genya-shinazugawa-demon-slayer\\\/\"]}]},{\"@type\":\"ImageObject\",\"inLanguage\":\"it-IT\",\"@id\":\"https:\\\/\\\/repliquemangacine.fr\\\/katana-demon-slayer\\\/pistolet-genya-shinazugawa-demon-slayer\\\/#primaryimage\",\"url\":\"https:\\\/\\\/repliquemangacine.fr\\\/wp-content\\\/uploads\\\/2025\\\/01\\\/Pistolet-de-Genya-Shinazugawa.jpg\",\"contentUrl\":\"https:\\\/\\\/repliquemangacine.fr\\\/wp-content\\\/uploads\\\/2025\\\/01\\\/Pistolet-de-Genya-Shinazugawa.jpg\",\"width\":500,\"height\":500,\"caption\":\"Pistolet de Genya Shinazugawa Demon Slayer\"},{\"@type\":\"BreadcrumbList\",\"@id\":\"https:\\\/\\\/repliquemangacine.fr\\\/katana-demon-slayer\\\/pistolet-genya-shinazugawa-demon-slayer\\\/#breadcrumb\",\"itemListElement\":[{\"@type\":\"ListItem\",\"position\":1,\"name\":\"Accueil\",\"item\":\"https:\\\/\\\/repliquemangacine.fr\\\/\"},{\"@type\":\"ListItem\",\"position\":2,\"name\":\"Produits\",\"item\":\"https:\\\/\\\/repliquemangacine.fr\\\/boutique\\\/\"},{\"@type\":\"ListItem\",\"position\":3,\"name\":\"Pistolet Genya Shinazugawa &#8211; Demon Slayer\"}]},{\"@type\":\"WebSite\",\"@id\":\"https:\\\/\\\/repliquemangacine.fr\\\/#website\",\"url\":\"https:\\\/\\\/repliquemangacine.fr\\\/\",\"name\":\"R\u00e9plique Manga Cin\u00e9\",\"description\":\"\",\"publisher\":{\"@id\":\"https:\\\/\\\/repliquemangacine.fr\\\/#organization\"},\"potentialAction\":[{\"@type\":\"SearchAction\",\"target\":{\"@type\":\"EntryPoint\",\"urlTemplate\":\"https:\\\/\\\/repliquemangacine.fr\\\/?s={search_term_string}\"},\"query-input\":{\"@type\":\"PropertyValueSpecification\",\"valueRequired\":true,\"valueName\":\"search_term_string\"}}],\"inLanguage\":\"it-IT\"},{\"@type\":\"Organization\",\"@id\":\"https:\\\/\\\/repliquemangacine.fr\\\/#organization\",\"name\":\"R\u00e9plique Manga Cin\u00e9\",\"url\":\"https:\\\/\\\/repliquemangacine.fr\\\/\",\"logo\":{\"@type\":\"ImageObject\",\"inLanguage\":\"it-IT\",\"@id\":\"https:\\\/\\\/repliquemangacine.fr\\\/#\\\/schema\\\/logo\\\/image\\\/\",\"url\":\"https:\\\/\\\/repliquemangacine.fr\\\/wp-content\\\/uploads\\\/2023\\\/10\\\/RMC-500250.png\",\"contentUrl\":\"https:\\\/\\\/repliquemangacine.fr\\\/wp-content\\\/uploads\\\/2023\\\/10\\\/RMC-500250.png\",\"width\":500,\"height\":250,\"caption\":\"R\u00e9plique Manga Cin\u00e9\"},\"image\":{\"@id\":\"https:\\\/\\\/repliquemangacine.fr\\\/#\\\/schema\\\/logo\\\/image\\\/\"},\"sameAs\":[\"https:\\\/\\\/www.facebook.com\\\/RepliqueMangaCine\",\"https:\\\/\\\/www.instagram.com\\\/repliquemangacine.fr\\\/\"]}]}<\/script>\n<!-- \/ Yoast SEO plugin. -->","yoast_head_json":{"title":"Pistola Genya Shinazugawa - Uccisore di demoni - R\u00e9plique Manga Cin\u00e9","description":"Incredibile! Questa pistola di Genya Shinazugawa in Demon Slayer. Tutta in fibra di vetro. Effetto sangue e carne lavica sulla canna. 29,5 cm Ideale per Cosplay.","robots":{"index":"index","follow":"follow","max-snippet":"max-snippet:-1","max-image-preview":"max-image-preview:large","max-video-preview":"max-video-preview:-1"},"canonical":"https:\/\/repliquemangacine.fr\/it\/katana-uccisore-di-demoni\/pistola-genya-shinazugawa-demon-slayer\/","og_locale":"it_IT","og_type":"article","og_title":"Pistolet Genya Shinazugawa - Demon Slayer - R\u00e9plique Manga Cin\u00e9","og_description":"Bluffant ! Ce Pistolet Genya Shinazugawa dans Demon Slayer. Tout en fibre de verre. Effet sur le canon de lave de sang et de chair. 29.5 cm Id\u00e9al Cosplay.","og_url":"https:\/\/repliquemangacine.fr\/it\/katana-uccisore-di-demoni\/pistola-genya-shinazugawa-demon-slayer\/","og_site_name":"R\u00e9plique Manga Cin\u00e9","article_publisher":"https:\/\/www.facebook.com\/RepliqueMangaCine","article_modified_time":"2025-11-13T13:56:24+00:00","og_image":[{"width":500,"height":500,"url":"https:\/\/repliquemangacine.fr\/wp-content\/uploads\/2025\/01\/Pistolet-de-Genya-Shinazugawa.jpg","type":"image\/jpeg"}],"twitter_card":"summary_large_image","twitter_misc":{"Tempo di lettura stimato":"3 minuti"},"schema":{"@context":"https:\/\/schema.org","@graph":[{"@type":"WebPage","@id":"https:\/\/repliquemangacine.fr\/katana-demon-slayer\/pistolet-genya-shinazugawa-demon-slayer\/","url":"https:\/\/repliquemangacine.fr\/katana-demon-slayer\/pistolet-genya-shinazugawa-demon-slayer\/","name":"Pistola Genya Shinazugawa - Uccisore di demoni - R\u00e9plique Manga Cin\u00e9","isPartOf":{"@id":"https:\/\/repliquemangacine.fr\/#website"},"primaryImageOfPage":{"@id":"https:\/\/repliquemangacine.fr\/katana-demon-slayer\/pistolet-genya-shinazugawa-demon-slayer\/#primaryimage"},"image":{"@id":"https:\/\/repliquemangacine.fr\/katana-demon-slayer\/pistolet-genya-shinazugawa-demon-slayer\/#primaryimage"},"thumbnailUrl":"https:\/\/repliquemangacine.fr\/wp-content\/uploads\/2025\/01\/Pistolet-de-Genya-Shinazugawa.jpg","datePublished":"2025-01-09T17:22:58+00:00","dateModified":"2025-11-13T13:56:24+00:00","description":"Incredibile! Questa pistola di Genya Shinazugawa in Demon Slayer. Tutta in fibra di vetro. Effetto sangue e carne lavica sulla canna. 29,5 cm Ideale per Cosplay.","breadcrumb":{"@id":"https:\/\/repliquemangacine.fr\/katana-demon-slayer\/pistolet-genya-shinazugawa-demon-slayer\/#breadcrumb"},"inLanguage":"it-IT","potentialAction":[{"@type":"ReadAction","target":["https:\/\/repliquemangacine.fr\/katana-demon-slayer\/pistolet-genya-shinazugawa-demon-slayer\/"]}]},{"@type":"ImageObject","inLanguage":"it-IT","@id":"https:\/\/repliquemangacine.fr\/katana-demon-slayer\/pistolet-genya-shinazugawa-demon-slayer\/#primaryimage","url":"https:\/\/repliquemangacine.fr\/wp-content\/uploads\/2025\/01\/Pistolet-de-Genya-Shinazugawa.jpg","contentUrl":"https:\/\/repliquemangacine.fr\/wp-content\/uploads\/2025\/01\/Pistolet-de-Genya-Shinazugawa.jpg","width":500,"height":500,"caption":"Pistolet de Genya Shinazugawa Demon Slayer"},{"@type":"BreadcrumbList","@id":"https:\/\/repliquemangacine.fr\/katana-demon-slayer\/pistolet-genya-shinazugawa-demon-slayer\/#breadcrumb","itemListElement":[{"@type":"ListItem","position":1,"name":"Accueil","item":"https:\/\/repliquemangacine.fr\/"},{"@type":"ListItem","position":2,"name":"Produits","item":"https:\/\/repliquemangacine.fr\/boutique\/"},{"@type":"ListItem","position":3,"name":"Pistolet Genya Shinazugawa &#8211; Demon Slayer"}]},{"@type":"WebSite","@id":"https:\/\/repliquemangacine.fr\/#website","url":"https:\/\/repliquemangacine.fr\/","name":"R\u00e9plique Manga Cin\u00e9","description":"","publisher":{"@id":"https:\/\/repliquemangacine.fr\/#organization"},"potentialAction":[{"@type":"SearchAction","target":{"@type":"EntryPoint","urlTemplate":"https:\/\/repliquemangacine.fr\/?s={search_term_string}"},"query-input":{"@type":"PropertyValueSpecification","valueRequired":true,"valueName":"search_term_string"}}],"inLanguage":"it-IT"},{"@type":"Organization","@id":"https:\/\/repliquemangacine.fr\/#organization","name":"R\u00e9plique Manga Cin\u00e9","url":"https:\/\/repliquemangacine.fr\/","logo":{"@type":"ImageObject","inLanguage":"it-IT","@id":"https:\/\/repliquemangacine.fr\/#\/schema\/logo\/image\/","url":"https:\/\/repliquemangacine.fr\/wp-content\/uploads\/2023\/10\/RMC-500250.png","contentUrl":"https:\/\/repliquemangacine.fr\/wp-content\/uploads\/2023\/10\/RMC-500250.png","width":500,"height":250,"caption":"R\u00e9plique Manga Cin\u00e9"},"image":{"@id":"https:\/\/repliquemangacine.fr\/#\/schema\/logo\/image\/"},"sameAs":["https:\/\/www.facebook.com\/RepliqueMangaCine","https:\/\/www.instagram.com\/repliquemangacine.fr\/"]}]}},"_links":{"self":[{"href":"https:\/\/repliquemangacine.fr\/it\/wp-json\/wp\/v2\/product\/81092","targetHints":{"allow":["GET"]}}],"collection":[{"href":"https:\/\/repliquemangacine.fr\/it\/wp-json\/wp\/v2\/product"}],"about":[{"href":"https:\/\/repliquemangacine.fr\/it\/wp-json\/wp\/v2\/types\/product"}],"wp:featuredmedia":[{"embeddable":true,"href":"https:\/\/repliquemangacine.fr\/it\/wp-json\/wp\/v2\/media\/81097"}],"wp:attachment":[{"href":"https:\/\/repliquemangacine.fr\/it\/wp-json\/wp\/v2\/media?parent=81092"}],"wp:term":[{"taxonomy":"product_brand","embeddable":true,"href":"https:\/\/repliquemangacine.fr\/it\/wp-json\/wp\/v2\/product_brand?post=81092"},{"taxonomy":"product_cat","embeddable":true,"href":"https:\/\/repliquemangacine.fr\/it\/wp-json\/wp\/v2\/product_cat?post=81092"},{"taxonomy":"product_tag","embeddable":true,"href":"https:\/\/repliquemangacine.fr\/it\/wp-json\/wp\/v2\/product_tag?post=81092"}],"curies":[{"name":"wp","href":"https:\/\/api.w.org\/{rel}","templated":true}]}}