





{"id":81084,"date":"2025-01-09T17:28:57","date_gmt":"2025-01-09T16:28:57","guid":{"rendered":"https:\/\/repliquemangacine.fr\/?post_type=product&#038;p=81084"},"modified":"2026-02-17T15:20:22","modified_gmt":"2026-02-17T14:20:22","slug":"signore-degli-anelli-isildur-spada","status":"publish","type":"product","link":"https:\/\/repliquemangacine.fr\/it\/epees-seigneur-des-anneaux\/epee-de-isildur-le-seigneur-des-anneaux\/","title":{"rendered":"Spada di Isildur Il Signore degli Anelli"},"content":{"rendered":"<h2>La Spada di Isildur: una replica maestosa dal design fedele<\/h2>\n<p>Prima di tutto, scoprite la leggendaria Spada di Isildur, una replica fedele dell'arma utilizzata dal re della <a href=\"https:\/\/lotr.fandom.com\/fr\/wiki\/Gondor\" target=\"_blank\" rel=\"noopener noreferrer\">Gondor<\/a> nel Signore degli Anelli. La sua lama in acciaio inossidabile, con scanalatura centrale, garantisce un aspetto realistico e una resistenza esemplare. La guardia in acciaio massiccio finemente decorata e il pomo coordinato riflettono l'eleganza delle fucine di Gondor. L'impugnatura cesellata, progettata per una presa confortevole, unisce estetica ed ergonomia. Fornito con un superbo supporto da parete in legno, decorato con l'Albero Bianco di Gondor, diventer\u00e0 un pezzo da esposizione irrinunciabile. Con una lama lunga 94 cm e una lunghezza complessiva di 121 cm, questa spada \u00e8 tanto maestosa quanto imponente. Il peso di 1775 grammi aumenta il senso di realismo. Che sia per una collezione o per un'ambientazione epica, questa spada di Isildur \u00e8 un degno tributo alla Terra di Mezzo.<\/p>\n<h2>Isildur e la sua spada: l'arma che cambi\u00f2 il destino della Terra di Mezzo<\/h2>\n<p>Nella trilogia, le spade non sono solo armi, ma potenti simboli di potere e destino. Isildur, erede di Elendil, fu colui che strapp\u00f2 l'Unico Anello dalle mani di Sauron, proprio grazie a questa spada. Molto pi\u00f9 di un'arma, essa testimonia le grandi battaglie contro le tenebre e la lotta per la sopravvivenza umana. La spada di Isildur rappresenta il peso dell'eredit\u00e0 regale e le difficili scelte associate al potere. Ogni lama della saga porta con s\u00e9 una storia profonda, e questa era la premessa della grande avventura di Frodo. Attraverso di essa, il destino del mondo cambia, rendendo questa spada un must per ogni appassionato di spade. Possedere questa replica significa rivivere le origini della leggenda. In breve, incarna l'onore, la tragedia e l'eredit\u00e0 del regno caduto di Gondor.<\/p>\n<h2>R\u00e9plique Manga Cin\u00e9: tutte le spade cult de Il Signore degli Anelli vi aspettano<\/h2>\n<p>Nell'R\u00e9plique Manga Cin\u00e9, immergetevi nel mitico mondo de Il Signore degli Anelli con repliche fedeli e dettagliate, piene di carattere. Scoprite l'imponente <a href=\"https:\/\/repliquemangacine.fr\/it\/spade-del-signore-degli-anelli\/fodero-di-lusso-anduril\/\">And\u00faril Fodero di lusso<\/a>la spada riforgiata per Aragorn, che simboleggia il ritorno del legittimo re. \u00c8 inoltre possibile scoprire il <a href=\"https:\/\/repliquemangacine.fr\/it\/il-signore-degli-anelli\/uruk-hai-scimitarra-signore-degli-anelli\/\">Scimitarra Uruk-Hai<\/a>\u00c8 una forza brutale e selvaggia che proviene direttamente dalle fucine di Isengard. I pugnali di Legolas, sottili e temibili, faranno la gioia dei fan dell'agile elfo. L'imperdibile <a href=\"https:\/\/repliquemangacine.fr\/it\/spade-del-signore-degli-anelli\/signore-degli-anelli-re-stregone-spada\/\">Spada del Re Stregone<\/a>Lord of the Nazg\u00fbls, \u00e8 disponibile anche in tutta la sua oscurit\u00e0. Senza dimenticare il maestoso <a href=\"https:\/\/repliquemangacine.fr\/it\/spade-del-signore-degli-anelli\/fodero-glamdring-spada-di-gandalf-lotr\/\">Fodero di Gandalf di Glamdring<\/a>la leggendaria arma del mago bianco. Il nostro negozio offre armi in metallo decorative e funzionali per collezionisti, fan e cosplayer. Grazie a R\u00e9plique Manga Cin\u00e9, potrete vivere la vostra passione attraverso oggetti eccezionali delle pi\u00f9 grandi leggende fantasy.<\/p>","protected":false},"excerpt":{"rendered":"<p>Replica assolutamente notevole della Spada di Isildur nella trilogia del Signore dell'Anello.<\/p>\n<ul>\n<li style=\"list-style-type: none;\">\n<ul>\n<li>Lama in acciaio inox, scanalatura centrale.<\/li>\n<li>Elsa e pomo in acciaio massiccio finemente decorati.<\/li>\n<li>Manico decorato e cesellato per una buona presa.<\/li>\n<li>Viene fornito con una splendida staffa da parete in legno con l'albero di Gondor.<\/li>\n<li>Lunghezza lama: 94 cm - Lunghezza totale: 121 cm<\/li>\n<li>Peso: 1775 g<\/li>\n<\/ul>\n<\/li>\n<\/ul>","protected":false},"featured_media":81086,"template":"","meta":[],"product_brand":[896],"product_cat":[68,29,106],"product_tag":[],"class_list":{"0":"post-81084","1":"product","2":"type-product","3":"status-publish","4":"has-post-thumbnail","6":"product_brand-replique-manga-cine","7":"product_cat-epees-seigneur-des-anneaux","8":"product_cat-le-seigneur-des-anneaux","9":"product_cat-epees-et-dague-les-anneaux-de-pouvoir","11":"first","12":"instock","13":"taxable","14":"shipping-taxable","15":"purchasable","16":"product-type-simple"},"yoast_head":"<!-- This site is optimized with the Yoast SEO plugin v27.4 - https:\/\/yoast.com\/product\/yoast-seo-wordpress\/ -->\n<title>Ep\u00e9e de Isildur Le Seigneur des Anneaux - R\u00e9plique Manga Cin\u00e9<\/title>\n<meta name=\"description\" content=\"Superbe r\u00e9plique de l&#039;Ep\u00e9e d&#039;Isildur dans Le Seigneur des Anneaux. Lame en acier stainless. Garde et pommeau en acier plein d\u00e9cor\u00e9. Support. 121 cm\" \/>\n<meta name=\"robots\" content=\"index, follow, max-snippet:-1, max-image-preview:large, max-video-preview:-1\" \/>\n<link rel=\"canonical\" href=\"https:\/\/repliquemangacine.fr\/it\/spade-del-signore-degli-anelli\/signore-degli-anelli-isildur-spada\/\" \/>\n<meta property=\"og:locale\" content=\"it_IT\" \/>\n<meta property=\"og:type\" content=\"article\" \/>\n<meta property=\"og:title\" content=\"Ep\u00e9e de Isildur Le Seigneur des Anneaux - R\u00e9plique Manga Cin\u00e9\" \/>\n<meta property=\"og:description\" content=\"Superbe r\u00e9plique de l&#039;Ep\u00e9e d&#039;Isildur dans Le Seigneur des Anneaux. Lame en acier stainless. Garde et pommeau en acier plein d\u00e9cor\u00e9. Support. 121 cm\" \/>\n<meta property=\"og:url\" content=\"https:\/\/repliquemangacine.fr\/it\/spade-del-signore-degli-anelli\/signore-degli-anelli-isildur-spada\/\" \/>\n<meta property=\"og:site_name\" content=\"R\u00e9plique Manga Cin\u00e9\" \/>\n<meta property=\"article:publisher\" content=\"https:\/\/www.facebook.com\/RepliqueMangaCine\" \/>\n<meta property=\"article:modified_time\" content=\"2026-02-17T14:20:22+00:00\" \/>\n<meta property=\"og:image\" content=\"https:\/\/repliquemangacine.fr\/wp-content\/uploads\/2025\/01\/Epee-dIsildur.jpg\" \/>\n\t<meta property=\"og:image:width\" content=\"500\" \/>\n\t<meta property=\"og:image:height\" content=\"500\" \/>\n\t<meta property=\"og:image:type\" content=\"image\/jpeg\" \/>\n<meta name=\"twitter:card\" content=\"summary_large_image\" \/>\n<meta name=\"twitter:label1\" content=\"Tempo di lettura stimato\" \/>\n\t<meta name=\"twitter:data1\" content=\"3 minuti\" \/>\n<script type=\"application\/ld+json\" class=\"yoast-schema-graph\">{\"@context\":\"https:\\\/\\\/schema.org\",\"@graph\":[{\"@type\":\"WebPage\",\"@id\":\"https:\\\/\\\/repliquemangacine.fr\\\/epees-seigneur-des-anneaux\\\/epee-de-isildur-le-seigneur-des-anneaux\\\/\",\"url\":\"https:\\\/\\\/repliquemangacine.fr\\\/epees-seigneur-des-anneaux\\\/epee-de-isildur-le-seigneur-des-anneaux\\\/\",\"name\":\"Ep\u00e9e de Isildur Le Seigneur des Anneaux - R\u00e9plique Manga Cin\u00e9\",\"isPartOf\":{\"@id\":\"https:\\\/\\\/repliquemangacine.fr\\\/#website\"},\"primaryImageOfPage\":{\"@id\":\"https:\\\/\\\/repliquemangacine.fr\\\/epees-seigneur-des-anneaux\\\/epee-de-isildur-le-seigneur-des-anneaux\\\/#primaryimage\"},\"image\":{\"@id\":\"https:\\\/\\\/repliquemangacine.fr\\\/epees-seigneur-des-anneaux\\\/epee-de-isildur-le-seigneur-des-anneaux\\\/#primaryimage\"},\"thumbnailUrl\":\"https:\\\/\\\/repliquemangacine.fr\\\/wp-content\\\/uploads\\\/2025\\\/01\\\/Epee-dIsildur.jpg\",\"datePublished\":\"2025-01-09T16:28:57+00:00\",\"dateModified\":\"2026-02-17T14:20:22+00:00\",\"description\":\"Superbe r\u00e9plique de l'Ep\u00e9e d'Isildur dans Le Seigneur des Anneaux. Lame en acier stainless. Garde et pommeau en acier plein d\u00e9cor\u00e9. Support. 121 cm\",\"breadcrumb\":{\"@id\":\"https:\\\/\\\/repliquemangacine.fr\\\/epees-seigneur-des-anneaux\\\/epee-de-isildur-le-seigneur-des-anneaux\\\/#breadcrumb\"},\"inLanguage\":\"it-IT\",\"potentialAction\":[{\"@type\":\"ReadAction\",\"target\":[\"https:\\\/\\\/repliquemangacine.fr\\\/epees-seigneur-des-anneaux\\\/epee-de-isildur-le-seigneur-des-anneaux\\\/\"]}]},{\"@type\":\"ImageObject\",\"inLanguage\":\"it-IT\",\"@id\":\"https:\\\/\\\/repliquemangacine.fr\\\/epees-seigneur-des-anneaux\\\/epee-de-isildur-le-seigneur-des-anneaux\\\/#primaryimage\",\"url\":\"https:\\\/\\\/repliquemangacine.fr\\\/wp-content\\\/uploads\\\/2025\\\/01\\\/Epee-dIsildur.jpg\",\"contentUrl\":\"https:\\\/\\\/repliquemangacine.fr\\\/wp-content\\\/uploads\\\/2025\\\/01\\\/Epee-dIsildur.jpg\",\"width\":500,\"height\":500,\"caption\":\"Ep\u00e9e d'Isildur le Seigneur des Anneaux\"},{\"@type\":\"BreadcrumbList\",\"@id\":\"https:\\\/\\\/repliquemangacine.fr\\\/epees-seigneur-des-anneaux\\\/epee-de-isildur-le-seigneur-des-anneaux\\\/#breadcrumb\",\"itemListElement\":[{\"@type\":\"ListItem\",\"position\":1,\"name\":\"Accueil\",\"item\":\"https:\\\/\\\/repliquemangacine.fr\\\/\"},{\"@type\":\"ListItem\",\"position\":2,\"name\":\"Produits\",\"item\":\"https:\\\/\\\/repliquemangacine.fr\\\/boutique\\\/\"},{\"@type\":\"ListItem\",\"position\":3,\"name\":\"Ep\u00e9e de Isildur Le Seigneur des Anneaux\"}]},{\"@type\":\"WebSite\",\"@id\":\"https:\\\/\\\/repliquemangacine.fr\\\/#website\",\"url\":\"https:\\\/\\\/repliquemangacine.fr\\\/\",\"name\":\"R\u00e9plique Manga Cin\u00e9\",\"description\":\"\",\"publisher\":{\"@id\":\"https:\\\/\\\/repliquemangacine.fr\\\/#organization\"},\"potentialAction\":[{\"@type\":\"SearchAction\",\"target\":{\"@type\":\"EntryPoint\",\"urlTemplate\":\"https:\\\/\\\/repliquemangacine.fr\\\/?s={search_term_string}\"},\"query-input\":{\"@type\":\"PropertyValueSpecification\",\"valueRequired\":true,\"valueName\":\"search_term_string\"}}],\"inLanguage\":\"it-IT\"},{\"@type\":\"Organization\",\"@id\":\"https:\\\/\\\/repliquemangacine.fr\\\/#organization\",\"name\":\"R\u00e9plique Manga Cin\u00e9\",\"url\":\"https:\\\/\\\/repliquemangacine.fr\\\/\",\"logo\":{\"@type\":\"ImageObject\",\"inLanguage\":\"it-IT\",\"@id\":\"https:\\\/\\\/repliquemangacine.fr\\\/#\\\/schema\\\/logo\\\/image\\\/\",\"url\":\"https:\\\/\\\/repliquemangacine.fr\\\/wp-content\\\/uploads\\\/2023\\\/10\\\/RMC-500250.png\",\"contentUrl\":\"https:\\\/\\\/repliquemangacine.fr\\\/wp-content\\\/uploads\\\/2023\\\/10\\\/RMC-500250.png\",\"width\":500,\"height\":250,\"caption\":\"R\u00e9plique Manga Cin\u00e9\"},\"image\":{\"@id\":\"https:\\\/\\\/repliquemangacine.fr\\\/#\\\/schema\\\/logo\\\/image\\\/\"},\"sameAs\":[\"https:\\\/\\\/www.facebook.com\\\/RepliqueMangaCine\",\"https:\\\/\\\/www.instagram.com\\\/repliquemangacine.fr\\\/\"]}]}<\/script>\n<!-- \/ Yoast SEO plugin. -->","yoast_head_json":{"title":"Spada di Isildur Il Signore degli Anelli - R\u00e9plique Manga Cin\u00e9","description":"Splendida replica della spada di Isildur de Il Signore degli Anelli. Lama in acciaio inossidabile. Elsa e pomo in acciaio pieno decorato. Supporto. Lunghezza 121 cm","robots":{"index":"index","follow":"follow","max-snippet":"max-snippet:-1","max-image-preview":"max-image-preview:large","max-video-preview":"max-video-preview:-1"},"canonical":"https:\/\/repliquemangacine.fr\/it\/spade-del-signore-degli-anelli\/signore-degli-anelli-isildur-spada\/","og_locale":"it_IT","og_type":"article","og_title":"Ep\u00e9e de Isildur Le Seigneur des Anneaux - R\u00e9plique Manga Cin\u00e9","og_description":"Superbe r\u00e9plique de l'Ep\u00e9e d'Isildur dans Le Seigneur des Anneaux. Lame en acier stainless. Garde et pommeau en acier plein d\u00e9cor\u00e9. Support. 121 cm","og_url":"https:\/\/repliquemangacine.fr\/it\/spade-del-signore-degli-anelli\/signore-degli-anelli-isildur-spada\/","og_site_name":"R\u00e9plique Manga Cin\u00e9","article_publisher":"https:\/\/www.facebook.com\/RepliqueMangaCine","article_modified_time":"2026-02-17T14:20:22+00:00","og_image":[{"width":500,"height":500,"url":"https:\/\/repliquemangacine.fr\/wp-content\/uploads\/2025\/01\/Epee-dIsildur.jpg","type":"image\/jpeg"}],"twitter_card":"summary_large_image","twitter_misc":{"Tempo di lettura stimato":"3 minuti"},"schema":{"@context":"https:\/\/schema.org","@graph":[{"@type":"WebPage","@id":"https:\/\/repliquemangacine.fr\/epees-seigneur-des-anneaux\/epee-de-isildur-le-seigneur-des-anneaux\/","url":"https:\/\/repliquemangacine.fr\/epees-seigneur-des-anneaux\/epee-de-isildur-le-seigneur-des-anneaux\/","name":"Spada di Isildur Il Signore degli Anelli - R\u00e9plique Manga Cin\u00e9","isPartOf":{"@id":"https:\/\/repliquemangacine.fr\/#website"},"primaryImageOfPage":{"@id":"https:\/\/repliquemangacine.fr\/epees-seigneur-des-anneaux\/epee-de-isildur-le-seigneur-des-anneaux\/#primaryimage"},"image":{"@id":"https:\/\/repliquemangacine.fr\/epees-seigneur-des-anneaux\/epee-de-isildur-le-seigneur-des-anneaux\/#primaryimage"},"thumbnailUrl":"https:\/\/repliquemangacine.fr\/wp-content\/uploads\/2025\/01\/Epee-dIsildur.jpg","datePublished":"2025-01-09T16:28:57+00:00","dateModified":"2026-02-17T14:20:22+00:00","description":"Splendida replica della spada di Isildur de Il Signore degli Anelli. Lama in acciaio inossidabile. Elsa e pomo in acciaio pieno decorato. Supporto. Lunghezza 121 cm","breadcrumb":{"@id":"https:\/\/repliquemangacine.fr\/epees-seigneur-des-anneaux\/epee-de-isildur-le-seigneur-des-anneaux\/#breadcrumb"},"inLanguage":"it-IT","potentialAction":[{"@type":"ReadAction","target":["https:\/\/repliquemangacine.fr\/epees-seigneur-des-anneaux\/epee-de-isildur-le-seigneur-des-anneaux\/"]}]},{"@type":"ImageObject","inLanguage":"it-IT","@id":"https:\/\/repliquemangacine.fr\/epees-seigneur-des-anneaux\/epee-de-isildur-le-seigneur-des-anneaux\/#primaryimage","url":"https:\/\/repliquemangacine.fr\/wp-content\/uploads\/2025\/01\/Epee-dIsildur.jpg","contentUrl":"https:\/\/repliquemangacine.fr\/wp-content\/uploads\/2025\/01\/Epee-dIsildur.jpg","width":500,"height":500,"caption":"Ep\u00e9e d'Isildur le Seigneur des Anneaux"},{"@type":"BreadcrumbList","@id":"https:\/\/repliquemangacine.fr\/epees-seigneur-des-anneaux\/epee-de-isildur-le-seigneur-des-anneaux\/#breadcrumb","itemListElement":[{"@type":"ListItem","position":1,"name":"Accueil","item":"https:\/\/repliquemangacine.fr\/"},{"@type":"ListItem","position":2,"name":"Produits","item":"https:\/\/repliquemangacine.fr\/boutique\/"},{"@type":"ListItem","position":3,"name":"Ep\u00e9e de Isildur Le Seigneur des Anneaux"}]},{"@type":"WebSite","@id":"https:\/\/repliquemangacine.fr\/#website","url":"https:\/\/repliquemangacine.fr\/","name":"R\u00e9plique Manga Cin\u00e9","description":"","publisher":{"@id":"https:\/\/repliquemangacine.fr\/#organization"},"potentialAction":[{"@type":"SearchAction","target":{"@type":"EntryPoint","urlTemplate":"https:\/\/repliquemangacine.fr\/?s={search_term_string}"},"query-input":{"@type":"PropertyValueSpecification","valueRequired":true,"valueName":"search_term_string"}}],"inLanguage":"it-IT"},{"@type":"Organization","@id":"https:\/\/repliquemangacine.fr\/#organization","name":"R\u00e9plique Manga Cin\u00e9","url":"https:\/\/repliquemangacine.fr\/","logo":{"@type":"ImageObject","inLanguage":"it-IT","@id":"https:\/\/repliquemangacine.fr\/#\/schema\/logo\/image\/","url":"https:\/\/repliquemangacine.fr\/wp-content\/uploads\/2023\/10\/RMC-500250.png","contentUrl":"https:\/\/repliquemangacine.fr\/wp-content\/uploads\/2023\/10\/RMC-500250.png","width":500,"height":250,"caption":"R\u00e9plique Manga Cin\u00e9"},"image":{"@id":"https:\/\/repliquemangacine.fr\/#\/schema\/logo\/image\/"},"sameAs":["https:\/\/www.facebook.com\/RepliqueMangaCine","https:\/\/www.instagram.com\/repliquemangacine.fr\/"]}]}},"_links":{"self":[{"href":"https:\/\/repliquemangacine.fr\/it\/wp-json\/wp\/v2\/product\/81084","targetHints":{"allow":["GET"]}}],"collection":[{"href":"https:\/\/repliquemangacine.fr\/it\/wp-json\/wp\/v2\/product"}],"about":[{"href":"https:\/\/repliquemangacine.fr\/it\/wp-json\/wp\/v2\/types\/product"}],"wp:featuredmedia":[{"embeddable":true,"href":"https:\/\/repliquemangacine.fr\/it\/wp-json\/wp\/v2\/media\/81086"}],"wp:attachment":[{"href":"https:\/\/repliquemangacine.fr\/it\/wp-json\/wp\/v2\/media?parent=81084"}],"wp:term":[{"taxonomy":"product_brand","embeddable":true,"href":"https:\/\/repliquemangacine.fr\/it\/wp-json\/wp\/v2\/product_brand?post=81084"},{"taxonomy":"product_cat","embeddable":true,"href":"https:\/\/repliquemangacine.fr\/it\/wp-json\/wp\/v2\/product_cat?post=81084"},{"taxonomy":"product_tag","embeddable":true,"href":"https:\/\/repliquemangacine.fr\/it\/wp-json\/wp\/v2\/product_tag?post=81084"}],"curies":[{"name":"wp","href":"https:\/\/api.w.org\/{rel}","templated":true}]}}