





{"id":81057,"date":"2025-01-08T22:55:16","date_gmt":"2025-01-08T21:55:16","guid":{"rendered":"https:\/\/repliquemangacine.fr\/?post_type=product&#038;p=81057"},"modified":"2026-04-15T12:08:00","modified_gmt":"2026-04-15T10:08:00","slug":"la-spada-del-padre-di-conan-il-barbaro","status":"publish","type":"product","link":"https:\/\/repliquemangacine.fr\/it\/katana-les-epees-de-films-et-series\/epee-du-pere-de-conan-le-barbare\/","title":{"rendered":"La spada del padre di Conan il Barbaro"},"content":{"rendered":"<h2>Una replica eccezionale: la Spada del Padre di Conan il Barbaro<\/h2>\n<p>In primo luogo, il<strong>La spada del padre di Conan<\/strong>, colpisce al primo sguardo per la sua presenza e le sue finiture realistiche. Questa spada iconica non lascia indifferente nessuno. Infatti, la sua lama in acciaio inossidabile \u00e8 decorata con una magnifica serigrafia che ricorda le incisioni ancestrali delle fucine del mondo barbarico. Inoltre, la sua guardia in acciaio pieno rappresenta la testa di un cervo, con le sue maestose corna rifinite in bronzo invecchiato per un effetto grezzo. Il pomello, anch'esso in acciaio, presenta un livello di dettaglio eccezionale, rafforzato da una patina in bronzo antico di grande effetto. L'impugnatura \u00e8 rivestita da un avvolgimento in similpelle beige, che garantisce una presa salda e confortevole durante l'uso.<\/p>\n<p>Ogni dettaglio evoca la potenza bruta e l'eredit\u00e0 di un guerriero mitico, in una finitura ideale per gli appassionati. Una replica di alta qualit\u00e0, decorativa, cinematografica e fedele all'universo di Conan il Barbaro.<\/p>\n<h2>Un'eredit\u00e0 incisa nella memoria dei fan di Conan<\/h2>\n<p>Nel brutale e mitico universo di Conan il Barbaro, la spada di suo padre non \u00e8 un'arma come le altre. \u00c8 la prima che vede forgiare, un simbolo di forza, di trasmissione e dell'educazione dura del giovane Conan. Suo padre gli insegna la verit\u00e0 del mondo: solo la forza e l'acciaio non tradiscono mai. Questa lezione segna per sempre l'eroe. Quando il villaggio viene attaccato, Conan perde tutto. Ma quella spada rimane impressa nella sua memoria come l'ultima eredit\u00e0 paterna. Pi\u00f9 tardi, quando scopre l'Atlantean Sword, un'arma antica, incarna pienamente il barbaro diventato guerriero invincibile.<\/p>\n<p>Ma \u00e8 proprio questa prima spada, quella del padre, che d\u00e0 inizio a tutto. Rappresenta l'inizio di un destino leggendario. Il suo stile grezzo e massiccio riflette l'universo in cui Conan vive: duro, spietato, senza compromessi. Questa replica, fedele al design del film, incarna quindi la forza bruta e le origini profonde di uno dei pi\u00f9 grandi eroi di\u2019<a href=\"https:\/\/www.audible.fr\/blog\/heroic-fantasy-le-guide\" target=\"_blank\" rel=\"noopener noreferrer\">fantasia eroica<\/a>.<\/p>\n<h2>L'arma perfetta da aggiungere alla vostra collezione di repliche cinematografiche<\/h2>\n<p>Sul nostro sito R\u00e9plique Manga Cin\u00e9, \u00e8 un punto d'onore offrire armi da collezione delle pi\u00f9 grandi saghe. L'<strong>La spada del padre di Conan<\/strong> Scoprite una selezione di pezzi unici, decorativi, cinematografici e ricchi di storia. Troverete anche il<a href=\"https:\/\/repliquemangacine.fr\/it\/spada-templare-medievale\/robin-des-bois-spada\/\">La spada di Robin Hood<\/a>Robin Hood\", un'elegante riproduzione di un eroe tanto astuto quanto coraggioso. Siete fan di Highlander? Visitate <a href=\"https:\/\/repliquemangacine.fr\/it\/film-serie-tv-vendita-di-spade-katana-e-prodotti-correlati\/duncan-higlander-katana-v2\/\">katana di Duncan MacLeod<\/a>con il suo manico a forma di serpente, vi aspetta anche sul nostro sito. Senza dimenticare il leggendario <a href=\"https:\/\/repliquemangacine.fr\/it\/katana-kill-bill\/\">spade di Kill Bill.\u00a0<\/a><\/p>\n<p>Ogni prodotto viene selezionato per la sua qualit\u00e0, la sua fedelt\u00e0 al modello originale e la sua capacit\u00e0 di emozionare gli appassionati. <strong>R\u00e9plique Manga Cin\u00e9<\/strong>\u00c8 il luogo in cui il cinema incontra la leggenda, l'avventura e il piacere di collezionare oggetti reali. Non aspettate oltre per arricchire il vostro universo personale con questa spada mitica. E come disse Conan: \"Ci\u00f2 che non ti uccide ti rende pi\u00f9 forte\"... soprattutto con una spada del genere tra le mani!<\/p>","protected":false},"excerpt":{"rendered":"<p>Questa replica della spada di Conan padre \u00e8 assolutamente notevole.<\/p>\n<ul>\n<li>Lama in acciaio inox con serigrafia<\/li>\n<li>Elsa in acciaio massiccio raffigurante la testa di un cervo con le corna in finitura bronzo invecchiato<\/li>\n<li>Pomello in acciaio finemente dettagliato con finitura bronzo invecchiato<\/li>\n<li>Manico rivestito in similpelle beige per una buona presa.<\/li>\n<li>Fornito con staffa da parete in legno<\/li>\n<li>Lunghezza lama: 74 cm - Lunghezza totale: 98 cm<\/li>\n<li>Peso: 1870 g<\/li>\n<\/ul>","protected":false},"featured_media":81058,"template":"","meta":[],"product_brand":[896],"product_cat":[91,24],"product_tag":[],"class_list":{"0":"post-81057","1":"product","2":"type-product","3":"status-publish","4":"has-post-thumbnail","6":"product_brand-replique-manga-cine","7":"product_cat-katana-les-epees-de-films-et-series","8":"product_cat-films-series-tv-vente-de-katana-epee-et-produits-derives","10":"first","11":"instock","12":"taxable","13":"shipping-taxable","14":"purchasable","15":"product-type-simple"},"yoast_head":"<!-- This site is optimized with the Yoast SEO plugin v27.4 - https:\/\/yoast.com\/product\/yoast-seo-wordpress\/ -->\n<title>Ep\u00e9e du p\u00e8re de Conan le Barbare - R\u00e9plique Manga Cin\u00e9<\/title>\n<meta name=\"description\" content=\"Remarquable cette r\u00e9plique de l&#039;Ep\u00e9e du p\u00e8re de Conan le Barbare. Lame en acier s\u00e9rigraphi\u00e9e. Garde et pommeau en acier bronze vieilli. Support - 98 cm\" \/>\n<meta name=\"robots\" content=\"index, follow, max-snippet:-1, max-image-preview:large, max-video-preview:-1\" \/>\n<link rel=\"canonical\" href=\"https:\/\/repliquemangacine.fr\/it\/spade-katana-da-film-e-serie\/la-spada-del-padre-di-conan-il-barbaro\/\" \/>\n<meta property=\"og:locale\" content=\"it_IT\" \/>\n<meta property=\"og:type\" content=\"article\" \/>\n<meta property=\"og:title\" content=\"Ep\u00e9e du p\u00e8re de Conan le Barbare - R\u00e9plique Manga Cin\u00e9\" \/>\n<meta property=\"og:description\" content=\"Remarquable cette r\u00e9plique de l&#039;Ep\u00e9e du p\u00e8re de Conan le Barbare. Lame en acier s\u00e9rigraphi\u00e9e. Garde et pommeau en acier bronze vieilli. Support - 98 cm\" \/>\n<meta property=\"og:url\" content=\"https:\/\/repliquemangacine.fr\/it\/spade-katana-da-film-e-serie\/la-spada-del-padre-di-conan-il-barbaro\/\" \/>\n<meta property=\"og:site_name\" content=\"R\u00e9plique Manga Cin\u00e9\" \/>\n<meta property=\"article:publisher\" content=\"https:\/\/www.facebook.com\/RepliqueMangaCine\" \/>\n<meta property=\"article:modified_time\" content=\"2026-04-15T10:08:00+00:00\" \/>\n<meta property=\"og:image\" content=\"https:\/\/repliquemangacine.fr\/wp-content\/uploads\/2025\/01\/conan-fathers-sword.jpg\" \/>\n\t<meta property=\"og:image:width\" content=\"1000\" \/>\n\t<meta property=\"og:image:height\" content=\"1000\" \/>\n\t<meta property=\"og:image:type\" content=\"image\/jpeg\" \/>\n<meta name=\"twitter:card\" content=\"summary_large_image\" \/>\n<meta name=\"twitter:label1\" content=\"Tempo di lettura stimato\" \/>\n\t<meta name=\"twitter:data1\" content=\"3 minuti\" \/>\n<script type=\"application\/ld+json\" class=\"yoast-schema-graph\">{\"@context\":\"https:\\\/\\\/schema.org\",\"@graph\":[{\"@type\":\"WebPage\",\"@id\":\"https:\\\/\\\/repliquemangacine.fr\\\/katana-les-epees-de-films-et-series\\\/epee-du-pere-de-conan-le-barbare\\\/\",\"url\":\"https:\\\/\\\/repliquemangacine.fr\\\/katana-les-epees-de-films-et-series\\\/epee-du-pere-de-conan-le-barbare\\\/\",\"name\":\"Ep\u00e9e du p\u00e8re de Conan le Barbare - R\u00e9plique Manga Cin\u00e9\",\"isPartOf\":{\"@id\":\"https:\\\/\\\/repliquemangacine.fr\\\/#website\"},\"primaryImageOfPage\":{\"@id\":\"https:\\\/\\\/repliquemangacine.fr\\\/katana-les-epees-de-films-et-series\\\/epee-du-pere-de-conan-le-barbare\\\/#primaryimage\"},\"image\":{\"@id\":\"https:\\\/\\\/repliquemangacine.fr\\\/katana-les-epees-de-films-et-series\\\/epee-du-pere-de-conan-le-barbare\\\/#primaryimage\"},\"thumbnailUrl\":\"https:\\\/\\\/repliquemangacine.fr\\\/wp-content\\\/uploads\\\/2025\\\/01\\\/conan-fathers-sword.jpg\",\"datePublished\":\"2025-01-08T21:55:16+00:00\",\"dateModified\":\"2026-04-15T10:08:00+00:00\",\"description\":\"Remarquable cette r\u00e9plique de l'Ep\u00e9e du p\u00e8re de Conan le Barbare. Lame en acier s\u00e9rigraphi\u00e9e. Garde et pommeau en acier bronze vieilli. Support - 98 cm\",\"breadcrumb\":{\"@id\":\"https:\\\/\\\/repliquemangacine.fr\\\/katana-les-epees-de-films-et-series\\\/epee-du-pere-de-conan-le-barbare\\\/#breadcrumb\"},\"inLanguage\":\"it-IT\",\"potentialAction\":[{\"@type\":\"ReadAction\",\"target\":[\"https:\\\/\\\/repliquemangacine.fr\\\/katana-les-epees-de-films-et-series\\\/epee-du-pere-de-conan-le-barbare\\\/\"]}]},{\"@type\":\"ImageObject\",\"inLanguage\":\"it-IT\",\"@id\":\"https:\\\/\\\/repliquemangacine.fr\\\/katana-les-epees-de-films-et-series\\\/epee-du-pere-de-conan-le-barbare\\\/#primaryimage\",\"url\":\"https:\\\/\\\/repliquemangacine.fr\\\/wp-content\\\/uploads\\\/2025\\\/01\\\/conan-fathers-sword.jpg\",\"contentUrl\":\"https:\\\/\\\/repliquemangacine.fr\\\/wp-content\\\/uploads\\\/2025\\\/01\\\/conan-fathers-sword.jpg\",\"width\":1000,\"height\":1000,\"caption\":\"Ep\u00e9e du p\u00e8re de Conan\"},{\"@type\":\"BreadcrumbList\",\"@id\":\"https:\\\/\\\/repliquemangacine.fr\\\/katana-les-epees-de-films-et-series\\\/epee-du-pere-de-conan-le-barbare\\\/#breadcrumb\",\"itemListElement\":[{\"@type\":\"ListItem\",\"position\":1,\"name\":\"Accueil\",\"item\":\"https:\\\/\\\/repliquemangacine.fr\\\/\"},{\"@type\":\"ListItem\",\"position\":2,\"name\":\"Produits\",\"item\":\"https:\\\/\\\/repliquemangacine.fr\\\/boutique\\\/\"},{\"@type\":\"ListItem\",\"position\":3,\"name\":\"Ep\u00e9e du p\u00e8re de Conan le Barbare\"}]},{\"@type\":\"WebSite\",\"@id\":\"https:\\\/\\\/repliquemangacine.fr\\\/#website\",\"url\":\"https:\\\/\\\/repliquemangacine.fr\\\/\",\"name\":\"R\u00e9plique Manga Cin\u00e9\",\"description\":\"\",\"publisher\":{\"@id\":\"https:\\\/\\\/repliquemangacine.fr\\\/#organization\"},\"potentialAction\":[{\"@type\":\"SearchAction\",\"target\":{\"@type\":\"EntryPoint\",\"urlTemplate\":\"https:\\\/\\\/repliquemangacine.fr\\\/?s={search_term_string}\"},\"query-input\":{\"@type\":\"PropertyValueSpecification\",\"valueRequired\":true,\"valueName\":\"search_term_string\"}}],\"inLanguage\":\"it-IT\"},{\"@type\":\"Organization\",\"@id\":\"https:\\\/\\\/repliquemangacine.fr\\\/#organization\",\"name\":\"R\u00e9plique Manga Cin\u00e9\",\"url\":\"https:\\\/\\\/repliquemangacine.fr\\\/\",\"logo\":{\"@type\":\"ImageObject\",\"inLanguage\":\"it-IT\",\"@id\":\"https:\\\/\\\/repliquemangacine.fr\\\/#\\\/schema\\\/logo\\\/image\\\/\",\"url\":\"https:\\\/\\\/repliquemangacine.fr\\\/wp-content\\\/uploads\\\/2023\\\/10\\\/RMC-500250.png\",\"contentUrl\":\"https:\\\/\\\/repliquemangacine.fr\\\/wp-content\\\/uploads\\\/2023\\\/10\\\/RMC-500250.png\",\"width\":500,\"height\":250,\"caption\":\"R\u00e9plique Manga Cin\u00e9\"},\"image\":{\"@id\":\"https:\\\/\\\/repliquemangacine.fr\\\/#\\\/schema\\\/logo\\\/image\\\/\"},\"sameAs\":[\"https:\\\/\\\/www.facebook.com\\\/RepliqueMangaCine\",\"https:\\\/\\\/www.instagram.com\\\/repliquemangacine.fr\\\/\"]}]}<\/script>\n<!-- \/ Yoast SEO plugin. -->","yoast_head_json":{"title":"Spada del padre di Conan il Barbaro - R\u00e9plique Manga Cin\u00e9","description":"Notevole replica della spada usata dal padre di Conan il Barbaro. Lama in acciaio serigrafato. Elsa e pomo in acciaio bronzo invecchiato. Supporto - 98 cm","robots":{"index":"index","follow":"follow","max-snippet":"max-snippet:-1","max-image-preview":"max-image-preview:large","max-video-preview":"max-video-preview:-1"},"canonical":"https:\/\/repliquemangacine.fr\/it\/spade-katana-da-film-e-serie\/la-spada-del-padre-di-conan-il-barbaro\/","og_locale":"it_IT","og_type":"article","og_title":"Ep\u00e9e du p\u00e8re de Conan le Barbare - R\u00e9plique Manga Cin\u00e9","og_description":"Remarquable cette r\u00e9plique de l'Ep\u00e9e du p\u00e8re de Conan le Barbare. Lame en acier s\u00e9rigraphi\u00e9e. Garde et pommeau en acier bronze vieilli. Support - 98 cm","og_url":"https:\/\/repliquemangacine.fr\/it\/spade-katana-da-film-e-serie\/la-spada-del-padre-di-conan-il-barbaro\/","og_site_name":"R\u00e9plique Manga Cin\u00e9","article_publisher":"https:\/\/www.facebook.com\/RepliqueMangaCine","article_modified_time":"2026-04-15T10:08:00+00:00","og_image":[{"width":1000,"height":1000,"url":"https:\/\/repliquemangacine.fr\/wp-content\/uploads\/2025\/01\/conan-fathers-sword.jpg","type":"image\/jpeg"}],"twitter_card":"summary_large_image","twitter_misc":{"Tempo di lettura stimato":"3 minuti"},"schema":{"@context":"https:\/\/schema.org","@graph":[{"@type":"WebPage","@id":"https:\/\/repliquemangacine.fr\/katana-les-epees-de-films-et-series\/epee-du-pere-de-conan-le-barbare\/","url":"https:\/\/repliquemangacine.fr\/katana-les-epees-de-films-et-series\/epee-du-pere-de-conan-le-barbare\/","name":"Spada del padre di Conan il Barbaro - R\u00e9plique Manga Cin\u00e9","isPartOf":{"@id":"https:\/\/repliquemangacine.fr\/#website"},"primaryImageOfPage":{"@id":"https:\/\/repliquemangacine.fr\/katana-les-epees-de-films-et-series\/epee-du-pere-de-conan-le-barbare\/#primaryimage"},"image":{"@id":"https:\/\/repliquemangacine.fr\/katana-les-epees-de-films-et-series\/epee-du-pere-de-conan-le-barbare\/#primaryimage"},"thumbnailUrl":"https:\/\/repliquemangacine.fr\/wp-content\/uploads\/2025\/01\/conan-fathers-sword.jpg","datePublished":"2025-01-08T21:55:16+00:00","dateModified":"2026-04-15T10:08:00+00:00","description":"Notevole replica della spada usata dal padre di Conan il Barbaro. Lama in acciaio serigrafato. Elsa e pomo in acciaio bronzo invecchiato. Supporto - 98 cm","breadcrumb":{"@id":"https:\/\/repliquemangacine.fr\/katana-les-epees-de-films-et-series\/epee-du-pere-de-conan-le-barbare\/#breadcrumb"},"inLanguage":"it-IT","potentialAction":[{"@type":"ReadAction","target":["https:\/\/repliquemangacine.fr\/katana-les-epees-de-films-et-series\/epee-du-pere-de-conan-le-barbare\/"]}]},{"@type":"ImageObject","inLanguage":"it-IT","@id":"https:\/\/repliquemangacine.fr\/katana-les-epees-de-films-et-series\/epee-du-pere-de-conan-le-barbare\/#primaryimage","url":"https:\/\/repliquemangacine.fr\/wp-content\/uploads\/2025\/01\/conan-fathers-sword.jpg","contentUrl":"https:\/\/repliquemangacine.fr\/wp-content\/uploads\/2025\/01\/conan-fathers-sword.jpg","width":1000,"height":1000,"caption":"Ep\u00e9e du p\u00e8re de Conan"},{"@type":"BreadcrumbList","@id":"https:\/\/repliquemangacine.fr\/katana-les-epees-de-films-et-series\/epee-du-pere-de-conan-le-barbare\/#breadcrumb","itemListElement":[{"@type":"ListItem","position":1,"name":"Accueil","item":"https:\/\/repliquemangacine.fr\/"},{"@type":"ListItem","position":2,"name":"Produits","item":"https:\/\/repliquemangacine.fr\/boutique\/"},{"@type":"ListItem","position":3,"name":"Ep\u00e9e du p\u00e8re de Conan le Barbare"}]},{"@type":"WebSite","@id":"https:\/\/repliquemangacine.fr\/#website","url":"https:\/\/repliquemangacine.fr\/","name":"R\u00e9plique Manga Cin\u00e9","description":"","publisher":{"@id":"https:\/\/repliquemangacine.fr\/#organization"},"potentialAction":[{"@type":"SearchAction","target":{"@type":"EntryPoint","urlTemplate":"https:\/\/repliquemangacine.fr\/?s={search_term_string}"},"query-input":{"@type":"PropertyValueSpecification","valueRequired":true,"valueName":"search_term_string"}}],"inLanguage":"it-IT"},{"@type":"Organization","@id":"https:\/\/repliquemangacine.fr\/#organization","name":"R\u00e9plique Manga Cin\u00e9","url":"https:\/\/repliquemangacine.fr\/","logo":{"@type":"ImageObject","inLanguage":"it-IT","@id":"https:\/\/repliquemangacine.fr\/#\/schema\/logo\/image\/","url":"https:\/\/repliquemangacine.fr\/wp-content\/uploads\/2023\/10\/RMC-500250.png","contentUrl":"https:\/\/repliquemangacine.fr\/wp-content\/uploads\/2023\/10\/RMC-500250.png","width":500,"height":250,"caption":"R\u00e9plique Manga Cin\u00e9"},"image":{"@id":"https:\/\/repliquemangacine.fr\/#\/schema\/logo\/image\/"},"sameAs":["https:\/\/www.facebook.com\/RepliqueMangaCine","https:\/\/www.instagram.com\/repliquemangacine.fr\/"]}]}},"_links":{"self":[{"href":"https:\/\/repliquemangacine.fr\/it\/wp-json\/wp\/v2\/product\/81057","targetHints":{"allow":["GET"]}}],"collection":[{"href":"https:\/\/repliquemangacine.fr\/it\/wp-json\/wp\/v2\/product"}],"about":[{"href":"https:\/\/repliquemangacine.fr\/it\/wp-json\/wp\/v2\/types\/product"}],"wp:featuredmedia":[{"embeddable":true,"href":"https:\/\/repliquemangacine.fr\/it\/wp-json\/wp\/v2\/media\/81058"}],"wp:attachment":[{"href":"https:\/\/repliquemangacine.fr\/it\/wp-json\/wp\/v2\/media?parent=81057"}],"wp:term":[{"taxonomy":"product_brand","embeddable":true,"href":"https:\/\/repliquemangacine.fr\/it\/wp-json\/wp\/v2\/product_brand?post=81057"},{"taxonomy":"product_cat","embeddable":true,"href":"https:\/\/repliquemangacine.fr\/it\/wp-json\/wp\/v2\/product_cat?post=81057"},{"taxonomy":"product_tag","embeddable":true,"href":"https:\/\/repliquemangacine.fr\/it\/wp-json\/wp\/v2\/product_tag?post=81057"}],"curies":[{"name":"wp","href":"https:\/\/api.w.org\/{rel}","templated":true}]}}