





{"id":81049,"date":"2025-01-08T22:13:53","date_gmt":"2025-01-08T21:13:53","guid":{"rendered":"https:\/\/repliquemangacine.fr\/?post_type=product&#038;p=81049"},"modified":"2026-04-01T18:28:33","modified_gmt":"2026-04-01T16:28:33","slug":"spada-dragon-slayer-berserk-guts","status":"publish","type":"product","link":"https:\/\/repliquemangacine.fr\/it\/berserk\/epee-de-guts-dragon-slayer-berserk\/","title":{"rendered":"Spada sventrata dell'Ammazzadraghi - Berserk"},"content":{"rendered":"<h2>La spada Dragon Slayer di Guts - Una replica leggendaria di Berserk<\/h2>\n<p>In primo luogo, il<strong>Spada Guts Dragon Slayer<\/strong> \u00e8 una replica impressionante per tutti gli appassionati di <a href=\"https:\/\/encyclopedia-anime.fandom.com\/fr\/wiki\/Berserk\" target=\"_blank\" rel=\"noopener noreferrer\">Berserk<\/a>. La sua lama in acciaio a doppio taglio (non tagliente) ha una presenza ineguagliabile. La guardia e il pomo sono in acciaio massiccio, fedeli alla versione originale. L'impugnatura in metallo \u00e8 circondata da una striscia di cotone beige per una presa confortevole. Il fodero in pelle nera protegge la spada aggiungendo uno stile autentico. Con una lunghezza della lama di 116 cm e una lunghezza totale di 150 cm, questa replica si fa rispettare. Il peso di 7260 g ne rafforza il realismo e l'aspetto imponente. Ogni dettaglio \u00e8 stato progettato per offrire assoluta fedelt\u00e0 all'arma emblematica del guerriero nero. Questo pezzo \u00e8 ideale per i collezionisti e gli appassionati di cosplay.<\/p>\n<h2>L'importanza delle armi nell'universo di Berserk<\/h2>\n<p>In Berserk, le armi hanno un ruolo centrale e influenzano ogni battaglia. Esse definiscono la forza e la volont\u00e0 dei guerrieri. La spada dell'Ammazzadraghi incarna il potere distruttivo di Guts di fronte ai suoi formidabili avversari. Quest'arma massiccia diventa un'estensione del suo corpo e simboleggia la sua lotta incessante. Inoltre, ogni colpo inferto con questa spada testimonia la rabbia e il passato tormentato del personaggio. Di conseguenza, svolge un ruolo fondamentale nella narrazione e nello sviluppo di Guts. Padroneggiando quest'arma, egli supera nemici sempre pi\u00f9 potenti e spietati. Infine, le armi in Berserk sono pi\u00f9 che semplici strumenti: riflettono l'anima dei guerrieri. Forgiano il loro destino e influenzano il corso della storia con notevole intensit\u00e0.<\/p>\n<h2>Scopri altre spade leggendarie su R\u00e9plique Manga Cin\u00e9<\/h2>\n<p>Su R\u00e9plique Manga Cin\u00e9 troverete una collezione unica di armi iconiche di videogiochi e manga. Scoprite le magistrali <a href=\"https:\/\/repliquemangacine.fr\/it\/katana-e-spada-videogiochi-altri-videogiochi\/epee-du-diable-de-dante-devil-my-cry\/\">La spada del diavolo di Dante<\/a>direttamente ispirato a Devil May Cry. Per i fan di Final Fantasy, il<a href=\"https:\/\/repliquemangacine.fr\/it\/katana-e-spada-videogiochi-altri-videogiochi\/spada-fusion-cloud-multiblade-buster-spada-final-fantasy-vii\/\">spada a fusione<\/a> (Fusion Sword) di Cloud Strife \u00e8 un pezzo impressionante. Composta da sei lame separate, pu\u00f2 essere montata e smontata a piacimento. Immergetevi nel mondo di Warcraft con la <a href=\"https:\/\/repliquemangacine.fr\/it\/spade-di-world-of-warcraft\/frostmourne-deuillegivre-spada-spada-del-re-dei-lich\/\">Gelo del Re dei Lich<\/a>una lama leggendaria dal potere schiacciante. E ci sono molte altre spade da scoprire nel nostro catalogo. Ogni replica \u00e8 progettata meticolosamente per essere assolutamente fedele all'opera originale. Che siate collezionisti o appassionati di cosplay, sul nostro sito troverete armi leggendarie da non perdere. Venite ad arricchire la vostra collezione con pezzi unici e impressionanti!<\/p>","protected":false},"excerpt":{"rendered":"<p>Ancora pi\u00f9 impressionante \u00e8 la spada a grandezza naturale di Guts, l'uccisore di draghi in Berserk.<\/p>\n<ul>\n<li>Lama in acciaio a doppio taglio (non tagliente)<\/li>\n<li>Protezione e pomolo in acciaio appositamente sagomato<\/li>\n<li>Manico in metallo circondato da una fascia di cotone beige<\/li>\n<li>Fodero in pelle nera.<\/li>\n<li>Dimensione reale<\/li>\n<li>Lunghezza lama: 116 cm - Lunghezza totale: 150 cm<\/li>\n<li>Peso: 7260 gr<\/li>\n<\/ul>","protected":false},"featured_media":81050,"template":"","meta":[],"product_brand":[896],"product_cat":[878,23],"product_tag":[],"class_list":{"0":"post-81049","1":"product","2":"type-product","3":"status-publish","4":"has-post-thumbnail","6":"product_brand-replique-manga-cine","7":"product_cat-berserk","8":"product_cat-repliques-manga-jeux-video","10":"first","11":"instock","12":"taxable","13":"shipping-taxable","14":"purchasable","15":"product-type-simple"},"yoast_head":"<!-- This site is optimized with the Yoast SEO plugin v27.4 - https:\/\/yoast.com\/product\/yoast-seo-wordpress\/ -->\n<title>\u00c9p\u00e9e de Guts Dragon Slayer - Berserk - R\u00e9plique Manga Cin\u00e9<\/title>\n<meta name=\"description\" content=\"\u00c9poustouflante cette \u00c9p\u00e9e de Guts en taille r\u00e9elle dans Berserk. Full m\u00e9tal. Lame large double tranchant. Longueur totale : 150 cm - Poids : 7260 g\" \/>\n<meta name=\"robots\" content=\"index, follow, max-snippet:-1, max-image-preview:large, max-video-preview:-1\" \/>\n<link rel=\"canonical\" href=\"https:\/\/repliquemangacine.fr\/it\/berserk\/spada-dragon-slayer-berserk-guts\/\" \/>\n<meta property=\"og:locale\" content=\"it_IT\" \/>\n<meta property=\"og:type\" content=\"article\" \/>\n<meta property=\"og:title\" content=\"\u00c9p\u00e9e de Guts Dragon Slayer - Berserk - R\u00e9plique Manga Cin\u00e9\" \/>\n<meta property=\"og:description\" content=\"\u00c9poustouflante cette \u00c9p\u00e9e de Guts en taille r\u00e9elle dans Berserk. Full m\u00e9tal. Lame large double tranchant. Longueur totale : 150 cm - Poids : 7260 g\" \/>\n<meta property=\"og:url\" content=\"https:\/\/repliquemangacine.fr\/it\/berserk\/spada-dragon-slayer-berserk-guts\/\" \/>\n<meta property=\"og:site_name\" content=\"R\u00e9plique Manga Cin\u00e9\" \/>\n<meta property=\"article:publisher\" content=\"https:\/\/www.facebook.com\/RepliqueMangaCine\" \/>\n<meta property=\"article:modified_time\" content=\"2026-04-01T16:28:33+00:00\" \/>\n<meta property=\"og:image\" content=\"https:\/\/repliquemangacine.fr\/wp-content\/uploads\/2025\/01\/Epee-de-Guts-Dragon-Slayer-Berserk.jpg\" \/>\n\t<meta property=\"og:image:width\" content=\"500\" \/>\n\t<meta property=\"og:image:height\" content=\"500\" \/>\n\t<meta property=\"og:image:type\" content=\"image\/jpeg\" \/>\n<meta name=\"twitter:card\" content=\"summary_large_image\" \/>\n<meta name=\"twitter:label1\" content=\"Tempo di lettura stimato\" \/>\n\t<meta name=\"twitter:data1\" content=\"3 minuti\" \/>\n<script type=\"application\/ld+json\" class=\"yoast-schema-graph\">{\"@context\":\"https:\\\/\\\/schema.org\",\"@graph\":[{\"@type\":\"WebPage\",\"@id\":\"https:\\\/\\\/repliquemangacine.fr\\\/berserk\\\/epee-de-guts-dragon-slayer-berserk\\\/\",\"url\":\"https:\\\/\\\/repliquemangacine.fr\\\/berserk\\\/epee-de-guts-dragon-slayer-berserk\\\/\",\"name\":\"\u00c9p\u00e9e de Guts Dragon Slayer - Berserk - R\u00e9plique Manga Cin\u00e9\",\"isPartOf\":{\"@id\":\"https:\\\/\\\/repliquemangacine.fr\\\/#website\"},\"primaryImageOfPage\":{\"@id\":\"https:\\\/\\\/repliquemangacine.fr\\\/berserk\\\/epee-de-guts-dragon-slayer-berserk\\\/#primaryimage\"},\"image\":{\"@id\":\"https:\\\/\\\/repliquemangacine.fr\\\/berserk\\\/epee-de-guts-dragon-slayer-berserk\\\/#primaryimage\"},\"thumbnailUrl\":\"https:\\\/\\\/repliquemangacine.fr\\\/wp-content\\\/uploads\\\/2025\\\/01\\\/Epee-de-Guts-Dragon-Slayer-Berserk.jpg\",\"datePublished\":\"2025-01-08T21:13:53+00:00\",\"dateModified\":\"2026-04-01T16:28:33+00:00\",\"description\":\"\u00c9poustouflante cette \u00c9p\u00e9e de Guts en taille r\u00e9elle dans Berserk. Full m\u00e9tal. Lame large double tranchant. Longueur totale : 150 cm - Poids : 7260 g\",\"breadcrumb\":{\"@id\":\"https:\\\/\\\/repliquemangacine.fr\\\/berserk\\\/epee-de-guts-dragon-slayer-berserk\\\/#breadcrumb\"},\"inLanguage\":\"it-IT\",\"potentialAction\":[{\"@type\":\"ReadAction\",\"target\":[\"https:\\\/\\\/repliquemangacine.fr\\\/berserk\\\/epee-de-guts-dragon-slayer-berserk\\\/\"]}]},{\"@type\":\"ImageObject\",\"inLanguage\":\"it-IT\",\"@id\":\"https:\\\/\\\/repliquemangacine.fr\\\/berserk\\\/epee-de-guts-dragon-slayer-berserk\\\/#primaryimage\",\"url\":\"https:\\\/\\\/repliquemangacine.fr\\\/wp-content\\\/uploads\\\/2025\\\/01\\\/Epee-de-Guts-Dragon-Slayer-Berserk.jpg\",\"contentUrl\":\"https:\\\/\\\/repliquemangacine.fr\\\/wp-content\\\/uploads\\\/2025\\\/01\\\/Epee-de-Guts-Dragon-Slayer-Berserk.jpg\",\"width\":500,\"height\":500,\"caption\":\"\u00c9p\u00e9e de Guts Dragon Slayer - Berserk\"},{\"@type\":\"BreadcrumbList\",\"@id\":\"https:\\\/\\\/repliquemangacine.fr\\\/berserk\\\/epee-de-guts-dragon-slayer-berserk\\\/#breadcrumb\",\"itemListElement\":[{\"@type\":\"ListItem\",\"position\":1,\"name\":\"Accueil\",\"item\":\"https:\\\/\\\/repliquemangacine.fr\\\/\"},{\"@type\":\"ListItem\",\"position\":2,\"name\":\"Produits\",\"item\":\"https:\\\/\\\/repliquemangacine.fr\\\/boutique\\\/\"},{\"@type\":\"ListItem\",\"position\":3,\"name\":\"\u00c9p\u00e9e de Guts Dragon Slayer &#8211; Berserk\"}]},{\"@type\":\"WebSite\",\"@id\":\"https:\\\/\\\/repliquemangacine.fr\\\/#website\",\"url\":\"https:\\\/\\\/repliquemangacine.fr\\\/\",\"name\":\"R\u00e9plique Manga Cin\u00e9\",\"description\":\"\",\"publisher\":{\"@id\":\"https:\\\/\\\/repliquemangacine.fr\\\/#organization\"},\"potentialAction\":[{\"@type\":\"SearchAction\",\"target\":{\"@type\":\"EntryPoint\",\"urlTemplate\":\"https:\\\/\\\/repliquemangacine.fr\\\/?s={search_term_string}\"},\"query-input\":{\"@type\":\"PropertyValueSpecification\",\"valueRequired\":true,\"valueName\":\"search_term_string\"}}],\"inLanguage\":\"it-IT\"},{\"@type\":\"Organization\",\"@id\":\"https:\\\/\\\/repliquemangacine.fr\\\/#organization\",\"name\":\"R\u00e9plique Manga Cin\u00e9\",\"url\":\"https:\\\/\\\/repliquemangacine.fr\\\/\",\"logo\":{\"@type\":\"ImageObject\",\"inLanguage\":\"it-IT\",\"@id\":\"https:\\\/\\\/repliquemangacine.fr\\\/#\\\/schema\\\/logo\\\/image\\\/\",\"url\":\"https:\\\/\\\/repliquemangacine.fr\\\/wp-content\\\/uploads\\\/2023\\\/10\\\/RMC-500250.png\",\"contentUrl\":\"https:\\\/\\\/repliquemangacine.fr\\\/wp-content\\\/uploads\\\/2023\\\/10\\\/RMC-500250.png\",\"width\":500,\"height\":250,\"caption\":\"R\u00e9plique Manga Cin\u00e9\"},\"image\":{\"@id\":\"https:\\\/\\\/repliquemangacine.fr\\\/#\\\/schema\\\/logo\\\/image\\\/\"},\"sameAs\":[\"https:\\\/\\\/www.facebook.com\\\/RepliqueMangaCine\",\"https:\\\/\\\/www.instagram.com\\\/repliquemangacine.fr\\\/\"]}]}<\/script>\n<!-- \/ Yoast SEO plugin. -->","yoast_head_json":{"title":"Spada Budella dell'Ammazzadraghi - Berserk - R\u00e9plique Manga Cin\u00e9","description":"Splendida spada di Guts a grandezza naturale in Berserk. Completamente in metallo. Larga lama a doppio taglio. Lunghezza totale: 150 cm - Peso: 7260 g","robots":{"index":"index","follow":"follow","max-snippet":"max-snippet:-1","max-image-preview":"max-image-preview:large","max-video-preview":"max-video-preview:-1"},"canonical":"https:\/\/repliquemangacine.fr\/it\/berserk\/spada-dragon-slayer-berserk-guts\/","og_locale":"it_IT","og_type":"article","og_title":"\u00c9p\u00e9e de Guts Dragon Slayer - Berserk - R\u00e9plique Manga Cin\u00e9","og_description":"\u00c9poustouflante cette \u00c9p\u00e9e de Guts en taille r\u00e9elle dans Berserk. Full m\u00e9tal. Lame large double tranchant. Longueur totale : 150 cm - Poids : 7260 g","og_url":"https:\/\/repliquemangacine.fr\/it\/berserk\/spada-dragon-slayer-berserk-guts\/","og_site_name":"R\u00e9plique Manga Cin\u00e9","article_publisher":"https:\/\/www.facebook.com\/RepliqueMangaCine","article_modified_time":"2026-04-01T16:28:33+00:00","og_image":[{"width":500,"height":500,"url":"https:\/\/repliquemangacine.fr\/wp-content\/uploads\/2025\/01\/Epee-de-Guts-Dragon-Slayer-Berserk.jpg","type":"image\/jpeg"}],"twitter_card":"summary_large_image","twitter_misc":{"Tempo di lettura stimato":"3 minuti"},"schema":{"@context":"https:\/\/schema.org","@graph":[{"@type":"WebPage","@id":"https:\/\/repliquemangacine.fr\/berserk\/epee-de-guts-dragon-slayer-berserk\/","url":"https:\/\/repliquemangacine.fr\/berserk\/epee-de-guts-dragon-slayer-berserk\/","name":"Spada Budella dell'Ammazzadraghi - Berserk - R\u00e9plique Manga Cin\u00e9","isPartOf":{"@id":"https:\/\/repliquemangacine.fr\/#website"},"primaryImageOfPage":{"@id":"https:\/\/repliquemangacine.fr\/berserk\/epee-de-guts-dragon-slayer-berserk\/#primaryimage"},"image":{"@id":"https:\/\/repliquemangacine.fr\/berserk\/epee-de-guts-dragon-slayer-berserk\/#primaryimage"},"thumbnailUrl":"https:\/\/repliquemangacine.fr\/wp-content\/uploads\/2025\/01\/Epee-de-Guts-Dragon-Slayer-Berserk.jpg","datePublished":"2025-01-08T21:13:53+00:00","dateModified":"2026-04-01T16:28:33+00:00","description":"Splendida spada di Guts a grandezza naturale in Berserk. Completamente in metallo. Larga lama a doppio taglio. Lunghezza totale: 150 cm - Peso: 7260 g","breadcrumb":{"@id":"https:\/\/repliquemangacine.fr\/berserk\/epee-de-guts-dragon-slayer-berserk\/#breadcrumb"},"inLanguage":"it-IT","potentialAction":[{"@type":"ReadAction","target":["https:\/\/repliquemangacine.fr\/berserk\/epee-de-guts-dragon-slayer-berserk\/"]}]},{"@type":"ImageObject","inLanguage":"it-IT","@id":"https:\/\/repliquemangacine.fr\/berserk\/epee-de-guts-dragon-slayer-berserk\/#primaryimage","url":"https:\/\/repliquemangacine.fr\/wp-content\/uploads\/2025\/01\/Epee-de-Guts-Dragon-Slayer-Berserk.jpg","contentUrl":"https:\/\/repliquemangacine.fr\/wp-content\/uploads\/2025\/01\/Epee-de-Guts-Dragon-Slayer-Berserk.jpg","width":500,"height":500,"caption":"\u00c9p\u00e9e de Guts Dragon Slayer - Berserk"},{"@type":"BreadcrumbList","@id":"https:\/\/repliquemangacine.fr\/berserk\/epee-de-guts-dragon-slayer-berserk\/#breadcrumb","itemListElement":[{"@type":"ListItem","position":1,"name":"Accueil","item":"https:\/\/repliquemangacine.fr\/"},{"@type":"ListItem","position":2,"name":"Produits","item":"https:\/\/repliquemangacine.fr\/boutique\/"},{"@type":"ListItem","position":3,"name":"\u00c9p\u00e9e de Guts Dragon Slayer &#8211; Berserk"}]},{"@type":"WebSite","@id":"https:\/\/repliquemangacine.fr\/#website","url":"https:\/\/repliquemangacine.fr\/","name":"R\u00e9plique Manga Cin\u00e9","description":"","publisher":{"@id":"https:\/\/repliquemangacine.fr\/#organization"},"potentialAction":[{"@type":"SearchAction","target":{"@type":"EntryPoint","urlTemplate":"https:\/\/repliquemangacine.fr\/?s={search_term_string}"},"query-input":{"@type":"PropertyValueSpecification","valueRequired":true,"valueName":"search_term_string"}}],"inLanguage":"it-IT"},{"@type":"Organization","@id":"https:\/\/repliquemangacine.fr\/#organization","name":"R\u00e9plique Manga Cin\u00e9","url":"https:\/\/repliquemangacine.fr\/","logo":{"@type":"ImageObject","inLanguage":"it-IT","@id":"https:\/\/repliquemangacine.fr\/#\/schema\/logo\/image\/","url":"https:\/\/repliquemangacine.fr\/wp-content\/uploads\/2023\/10\/RMC-500250.png","contentUrl":"https:\/\/repliquemangacine.fr\/wp-content\/uploads\/2023\/10\/RMC-500250.png","width":500,"height":250,"caption":"R\u00e9plique Manga Cin\u00e9"},"image":{"@id":"https:\/\/repliquemangacine.fr\/#\/schema\/logo\/image\/"},"sameAs":["https:\/\/www.facebook.com\/RepliqueMangaCine","https:\/\/www.instagram.com\/repliquemangacine.fr\/"]}]}},"_links":{"self":[{"href":"https:\/\/repliquemangacine.fr\/it\/wp-json\/wp\/v2\/product\/81049","targetHints":{"allow":["GET"]}}],"collection":[{"href":"https:\/\/repliquemangacine.fr\/it\/wp-json\/wp\/v2\/product"}],"about":[{"href":"https:\/\/repliquemangacine.fr\/it\/wp-json\/wp\/v2\/types\/product"}],"wp:featuredmedia":[{"embeddable":true,"href":"https:\/\/repliquemangacine.fr\/it\/wp-json\/wp\/v2\/media\/81050"}],"wp:attachment":[{"href":"https:\/\/repliquemangacine.fr\/it\/wp-json\/wp\/v2\/media?parent=81049"}],"wp:term":[{"taxonomy":"product_brand","embeddable":true,"href":"https:\/\/repliquemangacine.fr\/it\/wp-json\/wp\/v2\/product_brand?post=81049"},{"taxonomy":"product_cat","embeddable":true,"href":"https:\/\/repliquemangacine.fr\/it\/wp-json\/wp\/v2\/product_cat?post=81049"},{"taxonomy":"product_tag","embeddable":true,"href":"https:\/\/repliquemangacine.fr\/it\/wp-json\/wp\/v2\/product_tag?post=81049"}],"curies":[{"name":"wp","href":"https:\/\/api.w.org\/{rel}","templated":true}]}}