





{"id":79532,"date":"2024-12-08T21:17:01","date_gmt":"2024-12-08T20:17:01","guid":{"rendered":"https:\/\/repliquemangacine.fr\/?post_type=product&#038;p=79532"},"modified":"2026-04-15T10:34:07","modified_gmt":"2026-04-15T08:34:07","slug":"lancia-celeste-di-toji-jujutsu-kaisen","status":"publish","type":"product","link":"https:\/\/repliquemangacine.fr\/it\/jujutsu-kaisen\/lance-celeste-de-toji-jujutsu-kaisen\/","title":{"rendered":"Lancia celeste di Toji - Jujutsu Kaisen"},"content":{"rendered":"<h2>Una replica fedele e formidabile: Lancia Celeste di Toji - Jujutsu Kaisen<\/h2>\n<p>Prima di tutto, questa sublime replica della <strong>Lancia celeste di Toji<\/strong> colpisce per la sua lama in acciaio con un superbo effetto martellato autentico. Sulla parte superiore della lama, un ideogramma dorato attira immediatamente l'attenzione e rafforza l'autenticit\u00e0 di quest'arma leggendaria. L'elsa e il pomolo sono realizzati in metallo solido, per una finitura realistica, resistente e una piacevole sensazione al tatto. Impugnatura in metallo rivestita in similpelle marrone che garantisce comfort, stabilit\u00e0 e una presa ottimale durante l'uso. Inoltre, all'estremit\u00e0 del pomolo, una catenella metallica aggiunge carattere all'insieme e rispetta perfettamente il design originale del manga. Fornita con il suo fodero in pelle, pratico ed elegante, ideale per un'esposizione o un cosplay di alto livello.<\/p>\n<p>Un'arma fedele, coinvolgente ed elegante che aggiunge potenza e realismo a qualsiasi collezione dedicata ai manga o agli anime. Aggiungi questo pezzo unico alla tua vetrina e prova tutta la forza del mitico personaggio dell'universo Jujutsu Kaisen.<\/p>\n<h2>Toji Fushiguro e la sua lancia celeste: un'arma degna del suo potere<\/h2>\n<p>Toji Fushiguro, soprannominato \u201cl'assassino degli stregoni\u201d, colpisce per la sua forza bruta e il suo stile di combattimento implacabile. Pur non possedendo energie occulte, domina gli utilizzatori di maledizioni grazie al suo fisico sovrumano e alle sue tecniche temibili. La sua Lancia Celeste diventa rapidamente emblematica.<\/p>\n<p>Nell'anime <a href=\"https:\/\/jujutsu-kaisen.fandom.com\/fr\/wiki\/Wiki_Jujutsu_Kaisen\" target=\"_blank\" rel=\"noopener noreferrer\">Jujutsu Kaisen<\/a>, simboleggia perfettamente il contrasto tra la sua mancanza di energia occulta e il suo assoluto controllo del corpo. Ogni combattimento in cui appare \u00e8 spettacolare, sostenuto dall'aura gelida e implacabile del misterioso e pericoloso Toji Fushiguro. Il suo uso preciso e brutale conferisce a ogni scena una tensione unica, in cui la lancia diventa un'estensione della sua volont\u00e0 omicida.<br \/>\nQuest'arma colpisce i fan sia per la sua efficacia che per l'aura oscura e affascinante che circonda il personaggio. Possedere questa replica significa appropriarsi di un frammento dell'universo di Jujutsu Kaisen e provare tutta la potenza di un guerriero solitario.<\/p>\n<h2>R\u00e9plique Manga Cin\u00e9: tutte le armi cult dei pi\u00f9 grandi manga animati<\/h2>\n<p>Sul nostro sito R\u00e9plique Manga Cin\u00e9 troverete un'incredibile selezione di armi tratte dai pi\u00f9 famosi anime e manga. Proponiamo le leggendarie katana di Demon Slayer, fedeli alle lame dei cacciatori di demoni. Sono disponibili anche le katana di One Piece, come Enma o Wado Ichimonji, perfette per i fan di Roronoa Zoro. Anche le iconiche lame di Bleach, come quelle di Ichigo o Byakuya, fanno parte del nostro prestigioso catalogo.<\/p>\n<p>C'\u00e8 anche il <a href=\"https:\/\/repliquemangacine.fr\/it\/katana-e-manga-spada-anime-altri-manga\/pugnale-demoniaco-da-macello\/\">Pugnale del Demone della Strage<\/a> di Yuji Itadori, utilizzato per affettare le maledizioni nel Jujutsu Kaisen. Cos\u00ec come il famoso <a href=\"https:\/\/repliquemangacine.fr\/it\/katana-e-manga-spada-anime-altri-manga\/xeno-trunks-dbz-dragon-ball-z-spada\/\">La spada di Trunks<\/a> in Dragon Ball Z, immediatamente riconoscibile con la sua guardia futuristica stilizzata. Senza dimenticare il<a href=\"https:\/\/repliquemangacine.fr\/it\/katana-e-manga-spada-anime-altri-manga\/spada-thundercats-omens-cosmocats-spada-starlion\/\">spada Omens de Cosmocats<\/a>, pezzo mitico per i nostalgici dei cartoni animati cult degli anni '80.<\/p>\n<p>In conclusione, R\u00e9plique Manga Cin\u00e9 \u00e8 il punto di riferimento per collezionisti esigenti, appassionati di shonen e amanti della cultura giapponese. Esplora il nostro negozio e scopri un mondo in cui l'animazione prende vita attraverso repliche eccezionali, pronte per essere esposte.<\/p>","protected":false},"excerpt":{"rendered":"<p>La superba Lancia Celeste di Toji nel manga animato Jujutsu Kaisen<\/p>\n<ul>\n<li>Lama in acciaio con effetto martellato.<\/li>\n<li>Ideogramma color oro nella parte superiore della lama<\/li>\n<li>Elsa e pomo in metallo<\/li>\n<li>Manico in metallo rivestito in similpelle marrone per una presa sicura.<\/li>\n<li>Catena all'estremit\u00e0 della manopola<\/li>\n<li>Fornito con fodero in pelle<\/li>\n<li>Lunghezza lama: 31 cm - Lunghezza totale: 57,5 cm<\/li>\n<li>Peso: 975 gr<\/li>\n<\/ul>","protected":false},"featured_media":79534,"template":"","meta":[],"product_brand":[896],"product_cat":[879,23],"product_tag":[],"class_list":{"0":"post-79532","1":"product","2":"type-product","3":"status-publish","4":"has-post-thumbnail","6":"product_brand-replique-manga-cine","7":"product_cat-jujutsu-kaisen","8":"product_cat-repliques-manga-jeux-video","10":"first","11":"instock","12":"taxable","13":"shipping-taxable","14":"purchasable","15":"product-type-simple"},"yoast_head":"<!-- This site is optimized with the Yoast SEO plugin v27.4 - https:\/\/yoast.com\/product\/yoast-seo-wordpress\/ -->\n<title>Lance C\u00e9leste de Toji - Jujutsu Kaisen - R\u00e9plique Manga Cin\u00e9<\/title>\n<meta name=\"description\" content=\"Magnifique Lance Celeste de Toji dans Jujutsu Kaisen dans sa version luxe. Lame en acier effet martel\u00e9. Garde m\u00e9tal. Chainette. Fourreau en cuir. 57.5 cm\" \/>\n<meta name=\"robots\" content=\"index, follow, max-snippet:-1, max-image-preview:large, max-video-preview:-1\" \/>\n<link rel=\"canonical\" href=\"https:\/\/repliquemangacine.fr\/it\/jujutsu-kaisen\/lancia-celeste-di-toji-jujutsu-kaisen\/\" \/>\n<meta property=\"og:locale\" content=\"it_IT\" \/>\n<meta property=\"og:type\" content=\"article\" \/>\n<meta property=\"og:title\" content=\"Lance C\u00e9leste de Toji - Jujutsu Kaisen - R\u00e9plique Manga Cin\u00e9\" \/>\n<meta property=\"og:description\" content=\"Magnifique Lance Celeste de Toji dans Jujutsu Kaisen dans sa version luxe. Lame en acier effet martel\u00e9. Garde m\u00e9tal. Chainette. Fourreau en cuir. 57.5 cm\" \/>\n<meta property=\"og:url\" content=\"https:\/\/repliquemangacine.fr\/it\/jujutsu-kaisen\/lancia-celeste-di-toji-jujutsu-kaisen\/\" \/>\n<meta property=\"og:site_name\" content=\"R\u00e9plique Manga Cin\u00e9\" \/>\n<meta property=\"article:publisher\" content=\"https:\/\/www.facebook.com\/RepliqueMangaCine\" \/>\n<meta property=\"article:modified_time\" content=\"2026-04-15T08:34:07+00:00\" \/>\n<meta property=\"og:image\" content=\"https:\/\/repliquemangacine.fr\/wp-content\/uploads\/2024\/12\/Lance-Celeste-de-Toji-Jujutsu-Kaisen.jpg\" \/>\n\t<meta property=\"og:image:width\" content=\"510\" \/>\n\t<meta property=\"og:image:height\" content=\"510\" \/>\n\t<meta property=\"og:image:type\" content=\"image\/jpeg\" \/>\n<meta name=\"twitter:card\" content=\"summary_large_image\" \/>\n<meta name=\"twitter:label1\" content=\"Tempo di lettura stimato\" \/>\n\t<meta name=\"twitter:data1\" content=\"3 minuti\" \/>\n<script type=\"application\/ld+json\" class=\"yoast-schema-graph\">{\"@context\":\"https:\\\/\\\/schema.org\",\"@graph\":[{\"@type\":\"WebPage\",\"@id\":\"https:\\\/\\\/repliquemangacine.fr\\\/jujutsu-kaisen\\\/lance-celeste-de-toji-jujutsu-kaisen\\\/\",\"url\":\"https:\\\/\\\/repliquemangacine.fr\\\/jujutsu-kaisen\\\/lance-celeste-de-toji-jujutsu-kaisen\\\/\",\"name\":\"Lance C\u00e9leste de Toji - Jujutsu Kaisen - R\u00e9plique Manga Cin\u00e9\",\"isPartOf\":{\"@id\":\"https:\\\/\\\/repliquemangacine.fr\\\/#website\"},\"primaryImageOfPage\":{\"@id\":\"https:\\\/\\\/repliquemangacine.fr\\\/jujutsu-kaisen\\\/lance-celeste-de-toji-jujutsu-kaisen\\\/#primaryimage\"},\"image\":{\"@id\":\"https:\\\/\\\/repliquemangacine.fr\\\/jujutsu-kaisen\\\/lance-celeste-de-toji-jujutsu-kaisen\\\/#primaryimage\"},\"thumbnailUrl\":\"https:\\\/\\\/repliquemangacine.fr\\\/wp-content\\\/uploads\\\/2024\\\/12\\\/Lance-Celeste-de-Toji-Jujutsu-Kaisen.jpg\",\"datePublished\":\"2024-12-08T20:17:01+00:00\",\"dateModified\":\"2026-04-15T08:34:07+00:00\",\"description\":\"Magnifique Lance Celeste de Toji dans Jujutsu Kaisen dans sa version luxe. Lame en acier effet martel\u00e9. Garde m\u00e9tal. Chainette. Fourreau en cuir. 57.5 cm\",\"breadcrumb\":{\"@id\":\"https:\\\/\\\/repliquemangacine.fr\\\/jujutsu-kaisen\\\/lance-celeste-de-toji-jujutsu-kaisen\\\/#breadcrumb\"},\"inLanguage\":\"it-IT\",\"potentialAction\":[{\"@type\":\"ReadAction\",\"target\":[\"https:\\\/\\\/repliquemangacine.fr\\\/jujutsu-kaisen\\\/lance-celeste-de-toji-jujutsu-kaisen\\\/\"]}]},{\"@type\":\"ImageObject\",\"inLanguage\":\"it-IT\",\"@id\":\"https:\\\/\\\/repliquemangacine.fr\\\/jujutsu-kaisen\\\/lance-celeste-de-toji-jujutsu-kaisen\\\/#primaryimage\",\"url\":\"https:\\\/\\\/repliquemangacine.fr\\\/wp-content\\\/uploads\\\/2024\\\/12\\\/Lance-Celeste-de-Toji-Jujutsu-Kaisen.jpg\",\"contentUrl\":\"https:\\\/\\\/repliquemangacine.fr\\\/wp-content\\\/uploads\\\/2024\\\/12\\\/Lance-Celeste-de-Toji-Jujutsu-Kaisen.jpg\",\"width\":510,\"height\":510,\"caption\":\"Lance Celeste de Toji - Jujutsu Kaisen\"},{\"@type\":\"BreadcrumbList\",\"@id\":\"https:\\\/\\\/repliquemangacine.fr\\\/jujutsu-kaisen\\\/lance-celeste-de-toji-jujutsu-kaisen\\\/#breadcrumb\",\"itemListElement\":[{\"@type\":\"ListItem\",\"position\":1,\"name\":\"Accueil\",\"item\":\"https:\\\/\\\/repliquemangacine.fr\\\/\"},{\"@type\":\"ListItem\",\"position\":2,\"name\":\"Produits\",\"item\":\"https:\\\/\\\/repliquemangacine.fr\\\/boutique\\\/\"},{\"@type\":\"ListItem\",\"position\":3,\"name\":\"Lance C\u00e9leste de Toji &#8211; Jujutsu Kaisen\"}]},{\"@type\":\"WebSite\",\"@id\":\"https:\\\/\\\/repliquemangacine.fr\\\/#website\",\"url\":\"https:\\\/\\\/repliquemangacine.fr\\\/\",\"name\":\"R\u00e9plique Manga Cin\u00e9\",\"description\":\"\",\"publisher\":{\"@id\":\"https:\\\/\\\/repliquemangacine.fr\\\/#organization\"},\"potentialAction\":[{\"@type\":\"SearchAction\",\"target\":{\"@type\":\"EntryPoint\",\"urlTemplate\":\"https:\\\/\\\/repliquemangacine.fr\\\/?s={search_term_string}\"},\"query-input\":{\"@type\":\"PropertyValueSpecification\",\"valueRequired\":true,\"valueName\":\"search_term_string\"}}],\"inLanguage\":\"it-IT\"},{\"@type\":\"Organization\",\"@id\":\"https:\\\/\\\/repliquemangacine.fr\\\/#organization\",\"name\":\"R\u00e9plique Manga Cin\u00e9\",\"url\":\"https:\\\/\\\/repliquemangacine.fr\\\/\",\"logo\":{\"@type\":\"ImageObject\",\"inLanguage\":\"it-IT\",\"@id\":\"https:\\\/\\\/repliquemangacine.fr\\\/#\\\/schema\\\/logo\\\/image\\\/\",\"url\":\"https:\\\/\\\/repliquemangacine.fr\\\/wp-content\\\/uploads\\\/2023\\\/10\\\/RMC-500250.png\",\"contentUrl\":\"https:\\\/\\\/repliquemangacine.fr\\\/wp-content\\\/uploads\\\/2023\\\/10\\\/RMC-500250.png\",\"width\":500,\"height\":250,\"caption\":\"R\u00e9plique Manga Cin\u00e9\"},\"image\":{\"@id\":\"https:\\\/\\\/repliquemangacine.fr\\\/#\\\/schema\\\/logo\\\/image\\\/\"},\"sameAs\":[\"https:\\\/\\\/www.facebook.com\\\/RepliqueMangaCine\",\"https:\\\/\\\/www.instagram.com\\\/repliquemangacine.fr\\\/\"]}]}<\/script>\n<!-- \/ Yoast SEO plugin. -->","yoast_head_json":{"title":"Lancia celeste di Toji - Jujutsu Kaisen - R\u00e9plique Manga Cin\u00e9","description":"Magnifica Lancia Celeste di Toji in Jujutsu Kaisen nella sua versione di lusso. Lama in acciaio con effetto martellato. Guardia in metallo. Catena. Fodero in pelle. 57,5 cm","robots":{"index":"index","follow":"follow","max-snippet":"max-snippet:-1","max-image-preview":"max-image-preview:large","max-video-preview":"max-video-preview:-1"},"canonical":"https:\/\/repliquemangacine.fr\/it\/jujutsu-kaisen\/lancia-celeste-di-toji-jujutsu-kaisen\/","og_locale":"it_IT","og_type":"article","og_title":"Lance C\u00e9leste de Toji - Jujutsu Kaisen - R\u00e9plique Manga Cin\u00e9","og_description":"Magnifique Lance Celeste de Toji dans Jujutsu Kaisen dans sa version luxe. Lame en acier effet martel\u00e9. Garde m\u00e9tal. Chainette. Fourreau en cuir. 57.5 cm","og_url":"https:\/\/repliquemangacine.fr\/it\/jujutsu-kaisen\/lancia-celeste-di-toji-jujutsu-kaisen\/","og_site_name":"R\u00e9plique Manga Cin\u00e9","article_publisher":"https:\/\/www.facebook.com\/RepliqueMangaCine","article_modified_time":"2026-04-15T08:34:07+00:00","og_image":[{"width":510,"height":510,"url":"https:\/\/repliquemangacine.fr\/wp-content\/uploads\/2024\/12\/Lance-Celeste-de-Toji-Jujutsu-Kaisen.jpg","type":"image\/jpeg"}],"twitter_card":"summary_large_image","twitter_misc":{"Tempo di lettura stimato":"3 minuti"},"schema":{"@context":"https:\/\/schema.org","@graph":[{"@type":"WebPage","@id":"https:\/\/repliquemangacine.fr\/jujutsu-kaisen\/lance-celeste-de-toji-jujutsu-kaisen\/","url":"https:\/\/repliquemangacine.fr\/jujutsu-kaisen\/lance-celeste-de-toji-jujutsu-kaisen\/","name":"Lancia celeste di Toji - Jujutsu Kaisen - R\u00e9plique Manga Cin\u00e9","isPartOf":{"@id":"https:\/\/repliquemangacine.fr\/#website"},"primaryImageOfPage":{"@id":"https:\/\/repliquemangacine.fr\/jujutsu-kaisen\/lance-celeste-de-toji-jujutsu-kaisen\/#primaryimage"},"image":{"@id":"https:\/\/repliquemangacine.fr\/jujutsu-kaisen\/lance-celeste-de-toji-jujutsu-kaisen\/#primaryimage"},"thumbnailUrl":"https:\/\/repliquemangacine.fr\/wp-content\/uploads\/2024\/12\/Lance-Celeste-de-Toji-Jujutsu-Kaisen.jpg","datePublished":"2024-12-08T20:17:01+00:00","dateModified":"2026-04-15T08:34:07+00:00","description":"Magnifica Lancia Celeste di Toji in Jujutsu Kaisen nella sua versione di lusso. Lama in acciaio con effetto martellato. Guardia in metallo. Catena. Fodero in pelle. 57,5 cm","breadcrumb":{"@id":"https:\/\/repliquemangacine.fr\/jujutsu-kaisen\/lance-celeste-de-toji-jujutsu-kaisen\/#breadcrumb"},"inLanguage":"it-IT","potentialAction":[{"@type":"ReadAction","target":["https:\/\/repliquemangacine.fr\/jujutsu-kaisen\/lance-celeste-de-toji-jujutsu-kaisen\/"]}]},{"@type":"ImageObject","inLanguage":"it-IT","@id":"https:\/\/repliquemangacine.fr\/jujutsu-kaisen\/lance-celeste-de-toji-jujutsu-kaisen\/#primaryimage","url":"https:\/\/repliquemangacine.fr\/wp-content\/uploads\/2024\/12\/Lance-Celeste-de-Toji-Jujutsu-Kaisen.jpg","contentUrl":"https:\/\/repliquemangacine.fr\/wp-content\/uploads\/2024\/12\/Lance-Celeste-de-Toji-Jujutsu-Kaisen.jpg","width":510,"height":510,"caption":"Lance Celeste de Toji - Jujutsu Kaisen"},{"@type":"BreadcrumbList","@id":"https:\/\/repliquemangacine.fr\/jujutsu-kaisen\/lance-celeste-de-toji-jujutsu-kaisen\/#breadcrumb","itemListElement":[{"@type":"ListItem","position":1,"name":"Accueil","item":"https:\/\/repliquemangacine.fr\/"},{"@type":"ListItem","position":2,"name":"Produits","item":"https:\/\/repliquemangacine.fr\/boutique\/"},{"@type":"ListItem","position":3,"name":"Lance C\u00e9leste de Toji &#8211; Jujutsu Kaisen"}]},{"@type":"WebSite","@id":"https:\/\/repliquemangacine.fr\/#website","url":"https:\/\/repliquemangacine.fr\/","name":"R\u00e9plique Manga Cin\u00e9","description":"","publisher":{"@id":"https:\/\/repliquemangacine.fr\/#organization"},"potentialAction":[{"@type":"SearchAction","target":{"@type":"EntryPoint","urlTemplate":"https:\/\/repliquemangacine.fr\/?s={search_term_string}"},"query-input":{"@type":"PropertyValueSpecification","valueRequired":true,"valueName":"search_term_string"}}],"inLanguage":"it-IT"},{"@type":"Organization","@id":"https:\/\/repliquemangacine.fr\/#organization","name":"R\u00e9plique Manga Cin\u00e9","url":"https:\/\/repliquemangacine.fr\/","logo":{"@type":"ImageObject","inLanguage":"it-IT","@id":"https:\/\/repliquemangacine.fr\/#\/schema\/logo\/image\/","url":"https:\/\/repliquemangacine.fr\/wp-content\/uploads\/2023\/10\/RMC-500250.png","contentUrl":"https:\/\/repliquemangacine.fr\/wp-content\/uploads\/2023\/10\/RMC-500250.png","width":500,"height":250,"caption":"R\u00e9plique Manga Cin\u00e9"},"image":{"@id":"https:\/\/repliquemangacine.fr\/#\/schema\/logo\/image\/"},"sameAs":["https:\/\/www.facebook.com\/RepliqueMangaCine","https:\/\/www.instagram.com\/repliquemangacine.fr\/"]}]}},"_links":{"self":[{"href":"https:\/\/repliquemangacine.fr\/it\/wp-json\/wp\/v2\/product\/79532","targetHints":{"allow":["GET"]}}],"collection":[{"href":"https:\/\/repliquemangacine.fr\/it\/wp-json\/wp\/v2\/product"}],"about":[{"href":"https:\/\/repliquemangacine.fr\/it\/wp-json\/wp\/v2\/types\/product"}],"wp:featuredmedia":[{"embeddable":true,"href":"https:\/\/repliquemangacine.fr\/it\/wp-json\/wp\/v2\/media\/79534"}],"wp:attachment":[{"href":"https:\/\/repliquemangacine.fr\/it\/wp-json\/wp\/v2\/media?parent=79532"}],"wp:term":[{"taxonomy":"product_brand","embeddable":true,"href":"https:\/\/repliquemangacine.fr\/it\/wp-json\/wp\/v2\/product_brand?post=79532"},{"taxonomy":"product_cat","embeddable":true,"href":"https:\/\/repliquemangacine.fr\/it\/wp-json\/wp\/v2\/product_cat?post=79532"},{"taxonomy":"product_tag","embeddable":true,"href":"https:\/\/repliquemangacine.fr\/it\/wp-json\/wp\/v2\/product_tag?post=79532"}],"curies":[{"name":"wp","href":"https:\/\/api.w.org\/{rel}","templated":true}]}}