





{"id":79522,"date":"2024-12-08T20:53:51","date_gmt":"2024-12-08T19:53:51","guid":{"rendered":"https:\/\/repliquemangacine.fr\/?post_type=product&#038;p=79522"},"modified":"2026-04-15T12:24:56","modified_gmt":"2026-04-15T10:24:56","slug":"katana-kaigaku-in-demon-slayer","status":"publish","type":"product","link":"https:\/\/repliquemangacine.fr\/it\/katana-demon-slayer-metal\/katana-de-kaigaku-dans-demon-slayer\/","title":{"rendered":"Katana di Kaigaku in Demon Slayer"},"content":{"rendered":"<h2>Katana di Kaigaku - Una lama scura con un design abbagliante.<\/h2>\n<p>Prima di tutto, il <strong>Katana Kaigaku<\/strong>un ex allievo del maestro di Zenitsu diventato demone e membro delle Dodici Lune Demoniache, non fa eccezione. Fedele allo stile grafico e all'intensit\u00e0 drammatica dell'anime. Questa replica offre potenza visiva e profondo simbolismo. Questa katana colpisce immediatamente per la sua lama in acciaio al carbonio a tre tonalit\u00e0, che combina finezza, potenza e stile ultra pulito. Un'impressione di fiamma nera attraversa la lama, evocando perfettamente l'aura oscura ed elettrizzante di Kaigaku. <a href=\"https:\/\/kimetsu-no-yaiba.fandom.com\/fr\/wiki\/Wiki_Kimetsu_no_Yaiba\" target=\"_blank\" rel=\"noopener noreferrer\">Ammazzademoni<\/a>. La guardia in acciaio decorata presenta dettagli accurati, che rafforzano l'effetto visivo minaccioso ed elegante di questa arma temibile.<\/p>\n<p>Va sottolineato che nell'universo di Demon Slayer ogni katana racconta una storia, rivela una personalit\u00e0, incarna una tecnica e lascia il segno. Aggiungi questa lama alla tua collezione e incarna il potere oscuro di Kaigaku, l'ex studente diventato demone.<\/p>\n<h2>Kaigaku: un ex cacciatore diventato demone... e portatore di una lama nera e fulminea.<\/h2>\n<p>Kaigaku, un tempo allievo dello stesso maestro di Zenitsu, ha scelto una strada diversa, quella del tradimento e delle tenebre. Diventando uno dei Dodici Demoni Lunari, conserva la sua katana, simbolo deformato del suo passato di umano cacciatore di demoni. Questa katana diventa l'espressione diretta del suo odio, della sua ambizione e della sua volont\u00e0 di superare i suoi ex compagni.<br \/>\nOgni colpo che sferra con quest'arma nell'anime \u00e8 carico di rabbia, velocit\u00e0 e uno stile elettrizzante davvero notevole.<\/p>\n<p>Questa replica incarna tutta la tensione drammatica che circonda il suo personaggio, diviso tra potere, tradimento e rivalit\u00e0. Kaigaku simboleggia i pericoli di un'ambizione mal indirizzata, trasformata in una forza distruttiva al servizio del male assoluto. Possedere questa replica significa anche esplorare il lato oscuro dell'affascinante e tragico universo di Demon Slayer.*<\/p>\n<h2>R\u00e9plique Manga Cin\u00e9: le pi\u00f9 grandi katane manga in un unico negozio<\/h2>\n<p>R\u00e9plique Manga Cin\u00e9 vi offre un'ampia scelta di katane ispirate alle pi\u00f9 grandi saghe di manga e anime.  Oltre alle numerose katane Demon Slayer, troverete modelli per ogni personaggio, dalle versioni a LED alle katane in legno. Abbiamo anche tutte le <a href=\"https:\/\/repliquemangacine.fr\/it\/katana-monopezzo\/\">katana di One Piece<\/a>Abbiamo creato una vasta gamma di personaggi fantasy, come Enma, Wado Ichimonji e Shusui, riprodotti fedelmente e rifiniti secondo gli standard pi\u00f9 elevati. Gli appassionati di fantasy ameranno i nostri <a href=\"https:\/\/repliquemangacine.fr\/it\/anello-di-elden\/\">Katane dell'Anello di Elden<\/a>Le nostre spade sono oscure, misteriose e impregnate di potere soprannaturale. Il nostro negozio vende anche spade ispirate alla nuova ondata di manga, in particolare al <a href=\"https:\/\/repliquemangacine.fr\/it\/kagurabachi\/\">Kagurabachi katana<\/a>, dal design devastante.<\/p>\n<p>R\u00e9plique Manga Cin\u00e9 \u00e8 il punto di riferimento per trovare le tue armi preferite e vivere appieno i tuoi universi preferiti. Aggiungi subito la lama di Kaigaku alla tua collezione ed esplora il nostro catalogo in continua evoluzione. Nuovi modelli arrivano regolarmente per soddisfare i fan degli anime pi\u00f9 cult e pi\u00f9 recenti.<\/p>","protected":false},"excerpt":{"rendered":"<p>Superba replica della Katana di Kaigaku in Demon Slayer<\/p>\n<ul>\n<li>Lama in acciaio al carbonio a tre tonalit\u00e0<\/li>\n<li>Stampa a fiamma nera sulla lama.<\/li>\n<li>Protezione in acciaio decorato<\/li>\n<li>Fodero in legno nero.<\/li>\n<li>Lunghezza lama: 65 cm - Lunghezza totale: 103 cm<\/li>\n<li>Peso: 1050 gr<\/li>\n<\/ul>","protected":false},"featured_media":79526,"template":"","meta":[],"product_brand":[896],"product_cat":[63,117],"product_tag":[],"class_list":{"0":"post-79522","1":"product","2":"type-product","3":"status-publish","4":"has-post-thumbnail","6":"product_brand-replique-manga-cine","7":"product_cat-katana-demon-slayer","8":"product_cat-katana-demon-slayer-metal","10":"first","11":"instock","12":"taxable","13":"shipping-taxable","14":"purchasable","15":"product-type-simple"},"yoast_head":"<!-- This site is optimized with the Yoast SEO plugin v27.4 - https:\/\/yoast.com\/product\/yoast-seo-wordpress\/ -->\n<title>Katana de Kaigaku dans Demon Slayer - R\u00e9plique Manga Cin\u00e9<\/title>\n<meta name=\"description\" content=\"Superbe r\u00e9plique du Katana de Kaigaku dans Demon Slayer. Lame en acier carbone trois tons. Garde m\u00e9tal. Fourreau. Longueur totale : 103 cm\" \/>\n<meta name=\"robots\" content=\"index, follow, max-snippet:-1, max-image-preview:large, max-video-preview:-1\" \/>\n<link rel=\"canonical\" href=\"https:\/\/repliquemangacine.fr\/it\/katana-demon-slayer-metal\/katana-kaigaku-in-demon-slayer\/\" \/>\n<meta property=\"og:locale\" content=\"it_IT\" \/>\n<meta property=\"og:type\" content=\"article\" \/>\n<meta property=\"og:title\" content=\"Katana de Kaigaku dans Demon Slayer - R\u00e9plique Manga Cin\u00e9\" \/>\n<meta property=\"og:description\" content=\"Superbe r\u00e9plique du Katana de Kaigaku dans Demon Slayer. Lame en acier carbone trois tons. Garde m\u00e9tal. Fourreau. Longueur totale : 103 cm\" \/>\n<meta property=\"og:url\" content=\"https:\/\/repliquemangacine.fr\/it\/katana-demon-slayer-metal\/katana-kaigaku-in-demon-slayer\/\" \/>\n<meta property=\"og:site_name\" content=\"R\u00e9plique Manga Cin\u00e9\" \/>\n<meta property=\"article:publisher\" content=\"https:\/\/www.facebook.com\/RepliqueMangaCine\" \/>\n<meta property=\"article:modified_time\" content=\"2026-04-15T10:24:56+00:00\" \/>\n<meta property=\"og:image\" content=\"https:\/\/repliquemangacine.fr\/wp-content\/uploads\/2024\/12\/Katana-de-Kaigaku-dans-Demon-Slayer.jpg\" \/>\n\t<meta property=\"og:image:width\" content=\"500\" \/>\n\t<meta property=\"og:image:height\" content=\"500\" \/>\n\t<meta property=\"og:image:type\" content=\"image\/jpeg\" \/>\n<meta name=\"twitter:card\" content=\"summary_large_image\" \/>\n<meta name=\"twitter:label1\" content=\"Tempo di lettura stimato\" \/>\n\t<meta name=\"twitter:data1\" content=\"3 minuti\" \/>\n<script type=\"application\/ld+json\" class=\"yoast-schema-graph\">{\"@context\":\"https:\\\/\\\/schema.org\",\"@graph\":[{\"@type\":\"WebPage\",\"@id\":\"https:\\\/\\\/repliquemangacine.fr\\\/katana-demon-slayer-metal\\\/katana-de-kaigaku-dans-demon-slayer\\\/\",\"url\":\"https:\\\/\\\/repliquemangacine.fr\\\/katana-demon-slayer-metal\\\/katana-de-kaigaku-dans-demon-slayer\\\/\",\"name\":\"Katana de Kaigaku dans Demon Slayer - R\u00e9plique Manga Cin\u00e9\",\"isPartOf\":{\"@id\":\"https:\\\/\\\/repliquemangacine.fr\\\/#website\"},\"primaryImageOfPage\":{\"@id\":\"https:\\\/\\\/repliquemangacine.fr\\\/katana-demon-slayer-metal\\\/katana-de-kaigaku-dans-demon-slayer\\\/#primaryimage\"},\"image\":{\"@id\":\"https:\\\/\\\/repliquemangacine.fr\\\/katana-demon-slayer-metal\\\/katana-de-kaigaku-dans-demon-slayer\\\/#primaryimage\"},\"thumbnailUrl\":\"https:\\\/\\\/repliquemangacine.fr\\\/wp-content\\\/uploads\\\/2024\\\/12\\\/Katana-de-Kaigaku-dans-Demon-Slayer.jpg\",\"datePublished\":\"2024-12-08T19:53:51+00:00\",\"dateModified\":\"2026-04-15T10:24:56+00:00\",\"description\":\"Superbe r\u00e9plique du Katana de Kaigaku dans Demon Slayer. Lame en acier carbone trois tons. Garde m\u00e9tal. Fourreau. Longueur totale : 103 cm\",\"breadcrumb\":{\"@id\":\"https:\\\/\\\/repliquemangacine.fr\\\/katana-demon-slayer-metal\\\/katana-de-kaigaku-dans-demon-slayer\\\/#breadcrumb\"},\"inLanguage\":\"it-IT\",\"potentialAction\":[{\"@type\":\"ReadAction\",\"target\":[\"https:\\\/\\\/repliquemangacine.fr\\\/katana-demon-slayer-metal\\\/katana-de-kaigaku-dans-demon-slayer\\\/\"]}]},{\"@type\":\"ImageObject\",\"inLanguage\":\"it-IT\",\"@id\":\"https:\\\/\\\/repliquemangacine.fr\\\/katana-demon-slayer-metal\\\/katana-de-kaigaku-dans-demon-slayer\\\/#primaryimage\",\"url\":\"https:\\\/\\\/repliquemangacine.fr\\\/wp-content\\\/uploads\\\/2024\\\/12\\\/Katana-de-Kaigaku-dans-Demon-Slayer.jpg\",\"contentUrl\":\"https:\\\/\\\/repliquemangacine.fr\\\/wp-content\\\/uploads\\\/2024\\\/12\\\/Katana-de-Kaigaku-dans-Demon-Slayer.jpg\",\"width\":500,\"height\":500,\"caption\":\"Katana de Kaigaku dans Demon Slayer\"},{\"@type\":\"BreadcrumbList\",\"@id\":\"https:\\\/\\\/repliquemangacine.fr\\\/katana-demon-slayer-metal\\\/katana-de-kaigaku-dans-demon-slayer\\\/#breadcrumb\",\"itemListElement\":[{\"@type\":\"ListItem\",\"position\":1,\"name\":\"Accueil\",\"item\":\"https:\\\/\\\/repliquemangacine.fr\\\/\"},{\"@type\":\"ListItem\",\"position\":2,\"name\":\"Produits\",\"item\":\"https:\\\/\\\/repliquemangacine.fr\\\/boutique\\\/\"},{\"@type\":\"ListItem\",\"position\":3,\"name\":\"Katana de Kaigaku dans Demon Slayer\"}]},{\"@type\":\"WebSite\",\"@id\":\"https:\\\/\\\/repliquemangacine.fr\\\/#website\",\"url\":\"https:\\\/\\\/repliquemangacine.fr\\\/\",\"name\":\"R\u00e9plique Manga Cin\u00e9\",\"description\":\"\",\"publisher\":{\"@id\":\"https:\\\/\\\/repliquemangacine.fr\\\/#organization\"},\"potentialAction\":[{\"@type\":\"SearchAction\",\"target\":{\"@type\":\"EntryPoint\",\"urlTemplate\":\"https:\\\/\\\/repliquemangacine.fr\\\/?s={search_term_string}\"},\"query-input\":{\"@type\":\"PropertyValueSpecification\",\"valueRequired\":true,\"valueName\":\"search_term_string\"}}],\"inLanguage\":\"it-IT\"},{\"@type\":\"Organization\",\"@id\":\"https:\\\/\\\/repliquemangacine.fr\\\/#organization\",\"name\":\"R\u00e9plique Manga Cin\u00e9\",\"url\":\"https:\\\/\\\/repliquemangacine.fr\\\/\",\"logo\":{\"@type\":\"ImageObject\",\"inLanguage\":\"it-IT\",\"@id\":\"https:\\\/\\\/repliquemangacine.fr\\\/#\\\/schema\\\/logo\\\/image\\\/\",\"url\":\"https:\\\/\\\/repliquemangacine.fr\\\/wp-content\\\/uploads\\\/2023\\\/10\\\/RMC-500250.png\",\"contentUrl\":\"https:\\\/\\\/repliquemangacine.fr\\\/wp-content\\\/uploads\\\/2023\\\/10\\\/RMC-500250.png\",\"width\":500,\"height\":250,\"caption\":\"R\u00e9plique Manga Cin\u00e9\"},\"image\":{\"@id\":\"https:\\\/\\\/repliquemangacine.fr\\\/#\\\/schema\\\/logo\\\/image\\\/\"},\"sameAs\":[\"https:\\\/\\\/www.facebook.com\\\/RepliqueMangaCine\",\"https:\\\/\\\/www.instagram.com\\\/repliquemangacine.fr\\\/\"]}]}<\/script>\n<!-- \/ Yoast SEO plugin. -->","yoast_head_json":{"title":"Katana di Kaigaku in Demon Slayer - R\u00e9plique Manga Cin\u00e9","description":"Splendida replica della Katana di Kaigaku di Demon Slayer. Lama in acciaio al carbonio a tre tonalit\u00e0. Guardia in metallo. Fodero. Lunghezza totale: 103 cm","robots":{"index":"index","follow":"follow","max-snippet":"max-snippet:-1","max-image-preview":"max-image-preview:large","max-video-preview":"max-video-preview:-1"},"canonical":"https:\/\/repliquemangacine.fr\/it\/katana-demon-slayer-metal\/katana-kaigaku-in-demon-slayer\/","og_locale":"it_IT","og_type":"article","og_title":"Katana de Kaigaku dans Demon Slayer - R\u00e9plique Manga Cin\u00e9","og_description":"Superbe r\u00e9plique du Katana de Kaigaku dans Demon Slayer. Lame en acier carbone trois tons. Garde m\u00e9tal. Fourreau. Longueur totale : 103 cm","og_url":"https:\/\/repliquemangacine.fr\/it\/katana-demon-slayer-metal\/katana-kaigaku-in-demon-slayer\/","og_site_name":"R\u00e9plique Manga Cin\u00e9","article_publisher":"https:\/\/www.facebook.com\/RepliqueMangaCine","article_modified_time":"2026-04-15T10:24:56+00:00","og_image":[{"width":500,"height":500,"url":"https:\/\/repliquemangacine.fr\/wp-content\/uploads\/2024\/12\/Katana-de-Kaigaku-dans-Demon-Slayer.jpg","type":"image\/jpeg"}],"twitter_card":"summary_large_image","twitter_misc":{"Tempo di lettura stimato":"3 minuti"},"schema":{"@context":"https:\/\/schema.org","@graph":[{"@type":"WebPage","@id":"https:\/\/repliquemangacine.fr\/katana-demon-slayer-metal\/katana-de-kaigaku-dans-demon-slayer\/","url":"https:\/\/repliquemangacine.fr\/katana-demon-slayer-metal\/katana-de-kaigaku-dans-demon-slayer\/","name":"Katana di Kaigaku in Demon Slayer - R\u00e9plique Manga Cin\u00e9","isPartOf":{"@id":"https:\/\/repliquemangacine.fr\/#website"},"primaryImageOfPage":{"@id":"https:\/\/repliquemangacine.fr\/katana-demon-slayer-metal\/katana-de-kaigaku-dans-demon-slayer\/#primaryimage"},"image":{"@id":"https:\/\/repliquemangacine.fr\/katana-demon-slayer-metal\/katana-de-kaigaku-dans-demon-slayer\/#primaryimage"},"thumbnailUrl":"https:\/\/repliquemangacine.fr\/wp-content\/uploads\/2024\/12\/Katana-de-Kaigaku-dans-Demon-Slayer.jpg","datePublished":"2024-12-08T19:53:51+00:00","dateModified":"2026-04-15T10:24:56+00:00","description":"Splendida replica della Katana di Kaigaku di Demon Slayer. Lama in acciaio al carbonio a tre tonalit\u00e0. Guardia in metallo. Fodero. Lunghezza totale: 103 cm","breadcrumb":{"@id":"https:\/\/repliquemangacine.fr\/katana-demon-slayer-metal\/katana-de-kaigaku-dans-demon-slayer\/#breadcrumb"},"inLanguage":"it-IT","potentialAction":[{"@type":"ReadAction","target":["https:\/\/repliquemangacine.fr\/katana-demon-slayer-metal\/katana-de-kaigaku-dans-demon-slayer\/"]}]},{"@type":"ImageObject","inLanguage":"it-IT","@id":"https:\/\/repliquemangacine.fr\/katana-demon-slayer-metal\/katana-de-kaigaku-dans-demon-slayer\/#primaryimage","url":"https:\/\/repliquemangacine.fr\/wp-content\/uploads\/2024\/12\/Katana-de-Kaigaku-dans-Demon-Slayer.jpg","contentUrl":"https:\/\/repliquemangacine.fr\/wp-content\/uploads\/2024\/12\/Katana-de-Kaigaku-dans-Demon-Slayer.jpg","width":500,"height":500,"caption":"Katana de Kaigaku dans Demon Slayer"},{"@type":"BreadcrumbList","@id":"https:\/\/repliquemangacine.fr\/katana-demon-slayer-metal\/katana-de-kaigaku-dans-demon-slayer\/#breadcrumb","itemListElement":[{"@type":"ListItem","position":1,"name":"Accueil","item":"https:\/\/repliquemangacine.fr\/"},{"@type":"ListItem","position":2,"name":"Produits","item":"https:\/\/repliquemangacine.fr\/boutique\/"},{"@type":"ListItem","position":3,"name":"Katana de Kaigaku dans Demon Slayer"}]},{"@type":"WebSite","@id":"https:\/\/repliquemangacine.fr\/#website","url":"https:\/\/repliquemangacine.fr\/","name":"R\u00e9plique Manga Cin\u00e9","description":"","publisher":{"@id":"https:\/\/repliquemangacine.fr\/#organization"},"potentialAction":[{"@type":"SearchAction","target":{"@type":"EntryPoint","urlTemplate":"https:\/\/repliquemangacine.fr\/?s={search_term_string}"},"query-input":{"@type":"PropertyValueSpecification","valueRequired":true,"valueName":"search_term_string"}}],"inLanguage":"it-IT"},{"@type":"Organization","@id":"https:\/\/repliquemangacine.fr\/#organization","name":"R\u00e9plique Manga Cin\u00e9","url":"https:\/\/repliquemangacine.fr\/","logo":{"@type":"ImageObject","inLanguage":"it-IT","@id":"https:\/\/repliquemangacine.fr\/#\/schema\/logo\/image\/","url":"https:\/\/repliquemangacine.fr\/wp-content\/uploads\/2023\/10\/RMC-500250.png","contentUrl":"https:\/\/repliquemangacine.fr\/wp-content\/uploads\/2023\/10\/RMC-500250.png","width":500,"height":250,"caption":"R\u00e9plique Manga Cin\u00e9"},"image":{"@id":"https:\/\/repliquemangacine.fr\/#\/schema\/logo\/image\/"},"sameAs":["https:\/\/www.facebook.com\/RepliqueMangaCine","https:\/\/www.instagram.com\/repliquemangacine.fr\/"]}]}},"_links":{"self":[{"href":"https:\/\/repliquemangacine.fr\/it\/wp-json\/wp\/v2\/product\/79522","targetHints":{"allow":["GET"]}}],"collection":[{"href":"https:\/\/repliquemangacine.fr\/it\/wp-json\/wp\/v2\/product"}],"about":[{"href":"https:\/\/repliquemangacine.fr\/it\/wp-json\/wp\/v2\/types\/product"}],"wp:featuredmedia":[{"embeddable":true,"href":"https:\/\/repliquemangacine.fr\/it\/wp-json\/wp\/v2\/media\/79526"}],"wp:attachment":[{"href":"https:\/\/repliquemangacine.fr\/it\/wp-json\/wp\/v2\/media?parent=79522"}],"wp:term":[{"taxonomy":"product_brand","embeddable":true,"href":"https:\/\/repliquemangacine.fr\/it\/wp-json\/wp\/v2\/product_brand?post=79522"},{"taxonomy":"product_cat","embeddable":true,"href":"https:\/\/repliquemangacine.fr\/it\/wp-json\/wp\/v2\/product_cat?post=79522"},{"taxonomy":"product_tag","embeddable":true,"href":"https:\/\/repliquemangacine.fr\/it\/wp-json\/wp\/v2\/product_tag?post=79522"}],"curies":[{"name":"wp","href":"https:\/\/api.w.org\/{rel}","templated":true}]}}