





{"id":79503,"date":"2024-12-08T20:06:28","date_gmt":"2024-12-08T19:06:28","guid":{"rendered":"https:\/\/repliquemangacine.fr\/?post_type=product&#038;p=79503"},"modified":"2026-04-15T12:21:27","modified_gmt":"2026-04-15T10:21:27","slug":"spada-del-diavolo-epee-du-diable-de-dante-diavolo-il-mio-grido","status":"publish","type":"product","link":"https:\/\/repliquemangacine.fr\/it\/katana-et-epee-de-jeux-video-autre-jeux-video\/epee-devil-sword-epee-du-diable-de-dante-devil-my-cry\/","title":{"rendered":"Devil Sword Dante - Devil My Cry 5"},"content":{"rendered":"<h2>Devil Sword Dante - Una replica massiccia per gli appassionati di cosplay e di azione<\/h2>\n<p>In primo luogo, la Devil Sword Dante, una replica imponente, realizzata interamente in fibra di vetro, per un risultato leggero e resistente allo stesso tempo. Contiene una struttura metallica interna che garantisce un'eccellente rigidit\u00e0 pur mantenendo un peso adatto ai cosplayer. Ogni esemplare \u00e8 dipinto a mano, con dettagli precisi per ricreare fedelmente l'aspetto infernale della spada del gioco. Progettata per gli appassionati di cosplay, questa arma iconica permette di incarnare Dante in tutta la sua potenza e il suo carisma unico.<br \/>\nDante, met\u00e0 demone e met\u00e0 umano, \u00e8 un temibile e affascinante cacciatore di demoni, diventato leggendario nell'universo di <a href=\"https:\/\/devilmaycrydmc.fandom.com\/fr\/wiki\/Devil_May_Cry\" target=\"_blank\" rel=\"noopener noreferrer\">Devil May Cry<\/a><\/p>\n<p>Possedere questa replica significa rivivere le frenetiche battaglie e la temibile presenza di Dante di fronte ai demoni. Esponetela con orgoglio o usatela per arricchire i vostri abiti da cosplay alle convention o nei servizi fotografici specializzati.<\/p>\n<h2>Una spada mitica al centro della storia di Devil May Cry 5<\/h2>\n<p>La Devil Sword Dante appare in Devil May Cry 5 come arma definitiva, frutto della fusione tra la Ribellione e il demone Sparda. Segna una tappa fondamentale nell'evoluzione di Dante, simboleggiando la sua piena accettazione della sua eredit\u00e0 demoniaca e dei suoi poteri. Visivamente spettacolare, ha una forma organica e minacciosa, con effetti materiali che ricordano una lama vivente e oscura. La sua caratteristica distintiva \u00e8 la capacit\u00e0 di trasformarsi. Questo crea attacchi esplosivi e movimenti unici legati all'energia demoniaca.<br class=\"yoast-text-mark\" \/>lass=\u201dyoast-text-mark\u201d \/&gt;&gt;\u00c8 legata alla storia familiare di Dante, rappresentando il potere di suo padre Sparda trasmesso e sublimato nel tempo. Il suo design iconico la rende una delle armi pi\u00f9 memorabili della saga, imponente, gotica e infernale allo stesso tempo.<\/p>\n<p>Per concludere, esponila con orgoglio o utilizzala per impreziosire i tuoi costumi cosplay durante le convention o i servizi fotografici specializzati.<\/p>\n<h2>R\u00e9plique Manga Cin\u00e9: le armi dei videogiochi pi\u00f9 cult in un solo negozio<\/h2>\n<p>R\u00e9plique Manga Cin\u00e9 vi propone le pi\u00f9 grandi armi iconiche dei migliori videogiochi del momento e di antichi culti. Oltre alla spada del diavolo Dante, scoprite l'impressionante <a href=\"https:\/\/repliquemangacine.fr\/it\/anello-di-elden\/spada-elden-ring-greatsword\/\">Spadone di Elden Ring<\/a>, ideale per gli amanti dei mondi oscuri ed epici.<\/p>\n<p>Proponiamo anche la leggendaria <a href=\"https:\/\/repliquemangacine.fr\/it\/katana-e-spada-videogiochi-altri-videogiochi\/spada-fusion-cloud-multiblade-buster-spada-final-fantasy-vii\/\">Spada di fusione da Cloud Strife<\/a>apparsa in Final Fantasy VII: Advent Children. Questa spada futuristica con la sua lama segmentata affascina tanto per il suo design quanto per il suo forte simbolismo. C'\u00e8 anche la <a href=\"https:\/\/repliquemangacine.fr\/it\/katana-e-spada-videogiochi-altri-videogiochi\/ascia-di-kratos-dio-della-guerra\/\">Ascia Leviathan di Kratos<\/a>, tratta dal gioco God of War, potente e perfettamente dettagliata.<\/p>\n<p>R\u00e9plique Manga Cin\u00e9 \u00e8 il vostro punto di riferimento per le armi da collezione provenienti dai giochi cult e imperdibili del mondo dei videogiochi. In conclusione, repliche spettacolari, pronte per essere esposte o utilizzate durante i vostri eventi cosplay.<\/p>","protected":false},"excerpt":{"rendered":"<p>La magistrale spada del diavolo di Dante in Devil My Cry 5<\/p>\n<ul>\n<li>Realizzato interamente in fibra di vetro<\/li>\n<li>Struttura metallica interna<\/li>\n<li>Dipinto a mano<\/li>\n<li>Ideale per i cosplayer<\/li>\n<li>Lunghezza lama: 97 cm - Lunghezza totale: 140 cm<\/li>\n<li>Peso: 3040 gr<\/li>\n<\/ul>","protected":false},"featured_media":79508,"template":"","meta":[],"product_brand":[896],"product_cat":[880,23,67],"product_tag":[],"class_list":{"0":"post-79503","1":"product","2":"type-product","3":"status-publish","4":"has-post-thumbnail","6":"product_brand-replique-manga-cine","7":"product_cat-devil-may-cry","8":"product_cat-repliques-manga-jeux-video","9":"product_cat-katana-et-epee-de-jeux-video-autre-jeux-video","11":"first","12":"instock","13":"sale","14":"taxable","15":"shipping-taxable","16":"purchasable","17":"product-type-simple"},"yoast_head":"<!-- This site is optimized with the Yoast SEO plugin v27.4 - https:\/\/yoast.com\/product\/yoast-seo-wordpress\/ -->\n<title>Devil Sword Dante - Devil My Cry 5 - R\u00e9plique Manga Cin\u00e9<\/title>\n<meta name=\"description\" content=\"Superbe Ep\u00e9e Devil Sword Dante dans Devil My Cry. Tout en fibre de verre au design embl\u00e9matique. Id\u00e9al pour les cosplayeurs. Longueur totale : 139 cm\" \/>\n<meta name=\"robots\" content=\"index, follow, max-snippet:-1, max-image-preview:large, max-video-preview:-1\" \/>\n<link rel=\"canonical\" href=\"https:\/\/repliquemangacine.fr\/it\/katana-e-spada-videogiochi-altri-videogiochi\/spada-del-diavolo-epee-du-diable-de-dante-diavolo-il-mio-grido\/\" \/>\n<meta property=\"og:locale\" content=\"it_IT\" \/>\n<meta property=\"og:type\" content=\"article\" \/>\n<meta property=\"og:title\" content=\"Devil Sword Dante - Devil My Cry 5 - R\u00e9plique Manga Cin\u00e9\" \/>\n<meta property=\"og:description\" content=\"Superbe Ep\u00e9e Devil Sword Dante dans Devil My Cry. Tout en fibre de verre au design embl\u00e9matique. Id\u00e9al pour les cosplayeurs. Longueur totale : 139 cm\" \/>\n<meta property=\"og:url\" content=\"https:\/\/repliquemangacine.fr\/it\/katana-e-spada-videogiochi-altri-videogiochi\/spada-del-diavolo-epee-du-diable-de-dante-diavolo-il-mio-grido\/\" \/>\n<meta property=\"og:site_name\" content=\"R\u00e9plique Manga Cin\u00e9\" \/>\n<meta property=\"article:publisher\" content=\"https:\/\/www.facebook.com\/RepliqueMangaCine\" \/>\n<meta property=\"article:modified_time\" content=\"2026-04-15T10:21:27+00:00\" \/>\n<meta property=\"og:image\" content=\"https:\/\/repliquemangacine.fr\/wp-content\/uploads\/2024\/12\/Epee-du-Diable-de-Dante.jpg\" \/>\n\t<meta property=\"og:image:width\" content=\"500\" \/>\n\t<meta property=\"og:image:height\" content=\"500\" \/>\n\t<meta property=\"og:image:type\" content=\"image\/jpeg\" \/>\n<meta name=\"twitter:card\" content=\"summary_large_image\" \/>\n<meta name=\"twitter:label1\" content=\"Tempo di lettura stimato\" \/>\n\t<meta name=\"twitter:data1\" content=\"3 minuti\" \/>\n<script type=\"application\/ld+json\" class=\"yoast-schema-graph\">{\"@context\":\"https:\\\/\\\/schema.org\",\"@graph\":[{\"@type\":\"WebPage\",\"@id\":\"https:\\\/\\\/repliquemangacine.fr\\\/katana-et-epee-de-jeux-video-autre-jeux-video\\\/epee-devil-sword-epee-du-diable-de-dante-devil-my-cry\\\/\",\"url\":\"https:\\\/\\\/repliquemangacine.fr\\\/katana-et-epee-de-jeux-video-autre-jeux-video\\\/epee-devil-sword-epee-du-diable-de-dante-devil-my-cry\\\/\",\"name\":\"Devil Sword Dante - Devil My Cry 5 - R\u00e9plique Manga Cin\u00e9\",\"isPartOf\":{\"@id\":\"https:\\\/\\\/repliquemangacine.fr\\\/#website\"},\"primaryImageOfPage\":{\"@id\":\"https:\\\/\\\/repliquemangacine.fr\\\/katana-et-epee-de-jeux-video-autre-jeux-video\\\/epee-devil-sword-epee-du-diable-de-dante-devil-my-cry\\\/#primaryimage\"},\"image\":{\"@id\":\"https:\\\/\\\/repliquemangacine.fr\\\/katana-et-epee-de-jeux-video-autre-jeux-video\\\/epee-devil-sword-epee-du-diable-de-dante-devil-my-cry\\\/#primaryimage\"},\"thumbnailUrl\":\"https:\\\/\\\/repliquemangacine.fr\\\/wp-content\\\/uploads\\\/2024\\\/12\\\/Epee-du-Diable-de-Dante.jpg\",\"datePublished\":\"2024-12-08T19:06:28+00:00\",\"dateModified\":\"2026-04-15T10:21:27+00:00\",\"description\":\"Superbe Ep\u00e9e Devil Sword Dante dans Devil My Cry. Tout en fibre de verre au design embl\u00e9matique. Id\u00e9al pour les cosplayeurs. Longueur totale : 139 cm\",\"breadcrumb\":{\"@id\":\"https:\\\/\\\/repliquemangacine.fr\\\/katana-et-epee-de-jeux-video-autre-jeux-video\\\/epee-devil-sword-epee-du-diable-de-dante-devil-my-cry\\\/#breadcrumb\"},\"inLanguage\":\"it-IT\",\"potentialAction\":[{\"@type\":\"ReadAction\",\"target\":[\"https:\\\/\\\/repliquemangacine.fr\\\/katana-et-epee-de-jeux-video-autre-jeux-video\\\/epee-devil-sword-epee-du-diable-de-dante-devil-my-cry\\\/\"]}]},{\"@type\":\"ImageObject\",\"inLanguage\":\"it-IT\",\"@id\":\"https:\\\/\\\/repliquemangacine.fr\\\/katana-et-epee-de-jeux-video-autre-jeux-video\\\/epee-devil-sword-epee-du-diable-de-dante-devil-my-cry\\\/#primaryimage\",\"url\":\"https:\\\/\\\/repliquemangacine.fr\\\/wp-content\\\/uploads\\\/2024\\\/12\\\/Epee-du-Diable-de-Dante.jpg\",\"contentUrl\":\"https:\\\/\\\/repliquemangacine.fr\\\/wp-content\\\/uploads\\\/2024\\\/12\\\/Epee-du-Diable-de-Dante.jpg\",\"width\":500,\"height\":500,\"caption\":\"Ep\u00e9e du Diable de Dante dans Devil My Cry 5\"},{\"@type\":\"BreadcrumbList\",\"@id\":\"https:\\\/\\\/repliquemangacine.fr\\\/katana-et-epee-de-jeux-video-autre-jeux-video\\\/epee-devil-sword-epee-du-diable-de-dante-devil-my-cry\\\/#breadcrumb\",\"itemListElement\":[{\"@type\":\"ListItem\",\"position\":1,\"name\":\"Accueil\",\"item\":\"https:\\\/\\\/repliquemangacine.fr\\\/\"},{\"@type\":\"ListItem\",\"position\":2,\"name\":\"Produits\",\"item\":\"https:\\\/\\\/repliquemangacine.fr\\\/boutique\\\/\"},{\"@type\":\"ListItem\",\"position\":3,\"name\":\"Devil Sword Dante &#8211; Devil My Cry 5\"}]},{\"@type\":\"WebSite\",\"@id\":\"https:\\\/\\\/repliquemangacine.fr\\\/#website\",\"url\":\"https:\\\/\\\/repliquemangacine.fr\\\/\",\"name\":\"R\u00e9plique Manga Cin\u00e9\",\"description\":\"\",\"publisher\":{\"@id\":\"https:\\\/\\\/repliquemangacine.fr\\\/#organization\"},\"potentialAction\":[{\"@type\":\"SearchAction\",\"target\":{\"@type\":\"EntryPoint\",\"urlTemplate\":\"https:\\\/\\\/repliquemangacine.fr\\\/?s={search_term_string}\"},\"query-input\":{\"@type\":\"PropertyValueSpecification\",\"valueRequired\":true,\"valueName\":\"search_term_string\"}}],\"inLanguage\":\"it-IT\"},{\"@type\":\"Organization\",\"@id\":\"https:\\\/\\\/repliquemangacine.fr\\\/#organization\",\"name\":\"R\u00e9plique Manga Cin\u00e9\",\"url\":\"https:\\\/\\\/repliquemangacine.fr\\\/\",\"logo\":{\"@type\":\"ImageObject\",\"inLanguage\":\"it-IT\",\"@id\":\"https:\\\/\\\/repliquemangacine.fr\\\/#\\\/schema\\\/logo\\\/image\\\/\",\"url\":\"https:\\\/\\\/repliquemangacine.fr\\\/wp-content\\\/uploads\\\/2023\\\/10\\\/RMC-500250.png\",\"contentUrl\":\"https:\\\/\\\/repliquemangacine.fr\\\/wp-content\\\/uploads\\\/2023\\\/10\\\/RMC-500250.png\",\"width\":500,\"height\":250,\"caption\":\"R\u00e9plique Manga Cin\u00e9\"},\"image\":{\"@id\":\"https:\\\/\\\/repliquemangacine.fr\\\/#\\\/schema\\\/logo\\\/image\\\/\"},\"sameAs\":[\"https:\\\/\\\/www.facebook.com\\\/RepliqueMangaCine\",\"https:\\\/\\\/www.instagram.com\\\/repliquemangacine.fr\\\/\"]}]}<\/script>\n<!-- \/ Yoast SEO plugin. -->","yoast_head_json":{"title":"Devil Sword Dante - Devil My Cry 5 - R\u00e9plique Manga Cin\u00e9","description":"Superba spada di Dante in Devil My Cry. Tutta in fibra di vetro con un design iconico. Ideale per i cosplayer. Lunghezza totale: 139 cm","robots":{"index":"index","follow":"follow","max-snippet":"max-snippet:-1","max-image-preview":"max-image-preview:large","max-video-preview":"max-video-preview:-1"},"canonical":"https:\/\/repliquemangacine.fr\/it\/katana-e-spada-videogiochi-altri-videogiochi\/spada-del-diavolo-epee-du-diable-de-dante-diavolo-il-mio-grido\/","og_locale":"it_IT","og_type":"article","og_title":"Devil Sword Dante - Devil My Cry 5 - R\u00e9plique Manga Cin\u00e9","og_description":"Superbe Ep\u00e9e Devil Sword Dante dans Devil My Cry. Tout en fibre de verre au design embl\u00e9matique. Id\u00e9al pour les cosplayeurs. Longueur totale : 139 cm","og_url":"https:\/\/repliquemangacine.fr\/it\/katana-e-spada-videogiochi-altri-videogiochi\/spada-del-diavolo-epee-du-diable-de-dante-diavolo-il-mio-grido\/","og_site_name":"R\u00e9plique Manga Cin\u00e9","article_publisher":"https:\/\/www.facebook.com\/RepliqueMangaCine","article_modified_time":"2026-04-15T10:21:27+00:00","og_image":[{"width":500,"height":500,"url":"https:\/\/repliquemangacine.fr\/wp-content\/uploads\/2024\/12\/Epee-du-Diable-de-Dante.jpg","type":"image\/jpeg"}],"twitter_card":"summary_large_image","twitter_misc":{"Tempo di lettura stimato":"3 minuti"},"schema":{"@context":"https:\/\/schema.org","@graph":[{"@type":"WebPage","@id":"https:\/\/repliquemangacine.fr\/katana-et-epee-de-jeux-video-autre-jeux-video\/epee-devil-sword-epee-du-diable-de-dante-devil-my-cry\/","url":"https:\/\/repliquemangacine.fr\/katana-et-epee-de-jeux-video-autre-jeux-video\/epee-devil-sword-epee-du-diable-de-dante-devil-my-cry\/","name":"Devil Sword Dante - Devil My Cry 5 - R\u00e9plique Manga Cin\u00e9","isPartOf":{"@id":"https:\/\/repliquemangacine.fr\/#website"},"primaryImageOfPage":{"@id":"https:\/\/repliquemangacine.fr\/katana-et-epee-de-jeux-video-autre-jeux-video\/epee-devil-sword-epee-du-diable-de-dante-devil-my-cry\/#primaryimage"},"image":{"@id":"https:\/\/repliquemangacine.fr\/katana-et-epee-de-jeux-video-autre-jeux-video\/epee-devil-sword-epee-du-diable-de-dante-devil-my-cry\/#primaryimage"},"thumbnailUrl":"https:\/\/repliquemangacine.fr\/wp-content\/uploads\/2024\/12\/Epee-du-Diable-de-Dante.jpg","datePublished":"2024-12-08T19:06:28+00:00","dateModified":"2026-04-15T10:21:27+00:00","description":"Superba spada di Dante in Devil My Cry. Tutta in fibra di vetro con un design iconico. Ideale per i cosplayer. Lunghezza totale: 139 cm","breadcrumb":{"@id":"https:\/\/repliquemangacine.fr\/katana-et-epee-de-jeux-video-autre-jeux-video\/epee-devil-sword-epee-du-diable-de-dante-devil-my-cry\/#breadcrumb"},"inLanguage":"it-IT","potentialAction":[{"@type":"ReadAction","target":["https:\/\/repliquemangacine.fr\/katana-et-epee-de-jeux-video-autre-jeux-video\/epee-devil-sword-epee-du-diable-de-dante-devil-my-cry\/"]}]},{"@type":"ImageObject","inLanguage":"it-IT","@id":"https:\/\/repliquemangacine.fr\/katana-et-epee-de-jeux-video-autre-jeux-video\/epee-devil-sword-epee-du-diable-de-dante-devil-my-cry\/#primaryimage","url":"https:\/\/repliquemangacine.fr\/wp-content\/uploads\/2024\/12\/Epee-du-Diable-de-Dante.jpg","contentUrl":"https:\/\/repliquemangacine.fr\/wp-content\/uploads\/2024\/12\/Epee-du-Diable-de-Dante.jpg","width":500,"height":500,"caption":"Ep\u00e9e du Diable de Dante dans Devil My Cry 5"},{"@type":"BreadcrumbList","@id":"https:\/\/repliquemangacine.fr\/katana-et-epee-de-jeux-video-autre-jeux-video\/epee-devil-sword-epee-du-diable-de-dante-devil-my-cry\/#breadcrumb","itemListElement":[{"@type":"ListItem","position":1,"name":"Accueil","item":"https:\/\/repliquemangacine.fr\/"},{"@type":"ListItem","position":2,"name":"Produits","item":"https:\/\/repliquemangacine.fr\/boutique\/"},{"@type":"ListItem","position":3,"name":"Devil Sword Dante &#8211; Devil My Cry 5"}]},{"@type":"WebSite","@id":"https:\/\/repliquemangacine.fr\/#website","url":"https:\/\/repliquemangacine.fr\/","name":"R\u00e9plique Manga Cin\u00e9","description":"","publisher":{"@id":"https:\/\/repliquemangacine.fr\/#organization"},"potentialAction":[{"@type":"SearchAction","target":{"@type":"EntryPoint","urlTemplate":"https:\/\/repliquemangacine.fr\/?s={search_term_string}"},"query-input":{"@type":"PropertyValueSpecification","valueRequired":true,"valueName":"search_term_string"}}],"inLanguage":"it-IT"},{"@type":"Organization","@id":"https:\/\/repliquemangacine.fr\/#organization","name":"R\u00e9plique Manga Cin\u00e9","url":"https:\/\/repliquemangacine.fr\/","logo":{"@type":"ImageObject","inLanguage":"it-IT","@id":"https:\/\/repliquemangacine.fr\/#\/schema\/logo\/image\/","url":"https:\/\/repliquemangacine.fr\/wp-content\/uploads\/2023\/10\/RMC-500250.png","contentUrl":"https:\/\/repliquemangacine.fr\/wp-content\/uploads\/2023\/10\/RMC-500250.png","width":500,"height":250,"caption":"R\u00e9plique Manga Cin\u00e9"},"image":{"@id":"https:\/\/repliquemangacine.fr\/#\/schema\/logo\/image\/"},"sameAs":["https:\/\/www.facebook.com\/RepliqueMangaCine","https:\/\/www.instagram.com\/repliquemangacine.fr\/"]}]}},"_links":{"self":[{"href":"https:\/\/repliquemangacine.fr\/it\/wp-json\/wp\/v2\/product\/79503","targetHints":{"allow":["GET"]}}],"collection":[{"href":"https:\/\/repliquemangacine.fr\/it\/wp-json\/wp\/v2\/product"}],"about":[{"href":"https:\/\/repliquemangacine.fr\/it\/wp-json\/wp\/v2\/types\/product"}],"wp:featuredmedia":[{"embeddable":true,"href":"https:\/\/repliquemangacine.fr\/it\/wp-json\/wp\/v2\/media\/79508"}],"wp:attachment":[{"href":"https:\/\/repliquemangacine.fr\/it\/wp-json\/wp\/v2\/media?parent=79503"}],"wp:term":[{"taxonomy":"product_brand","embeddable":true,"href":"https:\/\/repliquemangacine.fr\/it\/wp-json\/wp\/v2\/product_brand?post=79503"},{"taxonomy":"product_cat","embeddable":true,"href":"https:\/\/repliquemangacine.fr\/it\/wp-json\/wp\/v2\/product_cat?post=79503"},{"taxonomy":"product_tag","embeddable":true,"href":"https:\/\/repliquemangacine.fr\/it\/wp-json\/wp\/v2\/product_tag?post=79503"}],"curies":[{"name":"wp","href":"https:\/\/api.w.org\/{rel}","templated":true}]}}