





{"id":79497,"date":"2024-12-08T19:42:05","date_gmt":"2024-12-08T18:42:05","guid":{"rendered":"https:\/\/repliquemangacine.fr\/?post_type=product&#038;p=79497"},"modified":"2025-11-09T18:28:36","modified_gmt":"2025-11-09T17:28:36","slug":"uccisore-di-draghi-di-budella-berserk","status":"publish","type":"product","link":"https:\/\/repliquemangacine.fr\/it\/berserk\/dragon-slayer-de-guts-berserk\/","title":{"rendered":"Uccisore di draghi di Guts - Berserk"},"content":{"rendered":"","protected":false},"excerpt":{"rendered":"<p>Impressionante spada Dragon Slayer di Guts in Berserk<\/p>\n<ul>\n<li>Lama in acciaio a doppio taglio (non tagliente)<\/li>\n<li>Protezione e pomolo in acciaio appositamente sagomato<\/li>\n<li>Manico in metallo circondato da una fascia di cotone bianco<\/li>\n<li>Fodero in pelle nera.<\/li>\n<li>Lunghezza lama: 94 cm - Lunghezza totale: 126 cm<\/li>\n<li>Peso: 3620 gr<\/li>\n<\/ul>","protected":false},"featured_media":79499,"template":"","meta":[],"product_brand":[896],"product_cat":[878,23],"product_tag":[],"class_list":{"0":"post-79497","1":"product","2":"type-product","3":"status-publish","4":"has-post-thumbnail","6":"product_brand-replique-manga-cine","7":"product_cat-berserk","8":"product_cat-repliques-manga-jeux-video","10":"first","11":"instock","12":"taxable","13":"shipping-taxable","14":"purchasable","15":"product-type-simple"},"yoast_head":"<!-- This site is optimized with the Yoast SEO plugin v27.4 - https:\/\/yoast.com\/product\/yoast-seo-wordpress\/ -->\n<title>Dragon Slayer de Guts - Berserk - R\u00e9plique Manga Cin\u00e9<\/title>\n<meta name=\"description\" content=\"Impressionnante cette \u00e9p\u00e9e Dragon Slayer de Guts dans Berserk. Large lame en acier double tranchant. Fourreau en cuir. Garde et pommeau en acier. L.128 cm\" \/>\n<meta name=\"robots\" content=\"index, follow, max-snippet:-1, max-image-preview:large, max-video-preview:-1\" \/>\n<link rel=\"canonical\" href=\"https:\/\/repliquemangacine.fr\/it\/berserk\/uccisore-di-draghi-di-budella-berserk\/\" \/>\n<meta property=\"og:locale\" content=\"it_IT\" \/>\n<meta property=\"og:type\" content=\"article\" \/>\n<meta property=\"og:title\" content=\"Dragon Slayer de Guts - Berserk - R\u00e9plique Manga Cin\u00e9\" \/>\n<meta property=\"og:description\" content=\"Impressionnante cette \u00e9p\u00e9e Dragon Slayer de Guts dans Berserk. Large lame en acier double tranchant. Fourreau en cuir. Garde et pommeau en acier. L.128 cm\" \/>\n<meta property=\"og:url\" content=\"https:\/\/repliquemangacine.fr\/it\/berserk\/uccisore-di-draghi-di-budella-berserk\/\" \/>\n<meta property=\"og:site_name\" content=\"R\u00e9plique Manga Cin\u00e9\" \/>\n<meta property=\"article:publisher\" content=\"https:\/\/www.facebook.com\/RepliqueMangaCine\" \/>\n<meta property=\"article:modified_time\" content=\"2025-11-09T17:28:36+00:00\" \/>\n<meta property=\"og:image\" content=\"https:\/\/repliquemangacine.fr\/wp-content\/uploads\/2024\/12\/Dragon-Slayer-de-Guts-dans-Berserk.jpg\" \/>\n\t<meta property=\"og:image:width\" content=\"500\" \/>\n\t<meta property=\"og:image:height\" content=\"500\" \/>\n\t<meta property=\"og:image:type\" content=\"image\/jpeg\" \/>\n<meta name=\"twitter:card\" content=\"summary_large_image\" \/>\n<meta name=\"twitter:label1\" content=\"Tempo di lettura stimato\" \/>\n\t<meta name=\"twitter:data1\" content=\"1 minuto\" \/>\n<script type=\"application\/ld+json\" class=\"yoast-schema-graph\">{\"@context\":\"https:\\\/\\\/schema.org\",\"@graph\":[{\"@type\":\"WebPage\",\"@id\":\"https:\\\/\\\/repliquemangacine.fr\\\/berserk\\\/dragon-slayer-de-guts-berserk\\\/\",\"url\":\"https:\\\/\\\/repliquemangacine.fr\\\/berserk\\\/dragon-slayer-de-guts-berserk\\\/\",\"name\":\"Dragon Slayer de Guts - Berserk - R\u00e9plique Manga Cin\u00e9\",\"isPartOf\":{\"@id\":\"https:\\\/\\\/repliquemangacine.fr\\\/#website\"},\"primaryImageOfPage\":{\"@id\":\"https:\\\/\\\/repliquemangacine.fr\\\/berserk\\\/dragon-slayer-de-guts-berserk\\\/#primaryimage\"},\"image\":{\"@id\":\"https:\\\/\\\/repliquemangacine.fr\\\/berserk\\\/dragon-slayer-de-guts-berserk\\\/#primaryimage\"},\"thumbnailUrl\":\"https:\\\/\\\/repliquemangacine.fr\\\/wp-content\\\/uploads\\\/2024\\\/12\\\/Dragon-Slayer-de-Guts-dans-Berserk.jpg\",\"datePublished\":\"2024-12-08T18:42:05+00:00\",\"dateModified\":\"2025-11-09T17:28:36+00:00\",\"description\":\"Impressionnante cette \u00e9p\u00e9e Dragon Slayer de Guts dans Berserk. Large lame en acier double tranchant. Fourreau en cuir. Garde et pommeau en acier. L.128 cm\",\"breadcrumb\":{\"@id\":\"https:\\\/\\\/repliquemangacine.fr\\\/berserk\\\/dragon-slayer-de-guts-berserk\\\/#breadcrumb\"},\"inLanguage\":\"it-IT\",\"potentialAction\":[{\"@type\":\"ReadAction\",\"target\":[\"https:\\\/\\\/repliquemangacine.fr\\\/berserk\\\/dragon-slayer-de-guts-berserk\\\/\"]}]},{\"@type\":\"ImageObject\",\"inLanguage\":\"it-IT\",\"@id\":\"https:\\\/\\\/repliquemangacine.fr\\\/berserk\\\/dragon-slayer-de-guts-berserk\\\/#primaryimage\",\"url\":\"https:\\\/\\\/repliquemangacine.fr\\\/wp-content\\\/uploads\\\/2024\\\/12\\\/Dragon-Slayer-de-Guts-dans-Berserk.jpg\",\"contentUrl\":\"https:\\\/\\\/repliquemangacine.fr\\\/wp-content\\\/uploads\\\/2024\\\/12\\\/Dragon-Slayer-de-Guts-dans-Berserk.jpg\",\"width\":500,\"height\":500,\"caption\":\"Dragon Slayer de Guts dans Berserk\"},{\"@type\":\"BreadcrumbList\",\"@id\":\"https:\\\/\\\/repliquemangacine.fr\\\/berserk\\\/dragon-slayer-de-guts-berserk\\\/#breadcrumb\",\"itemListElement\":[{\"@type\":\"ListItem\",\"position\":1,\"name\":\"Accueil\",\"item\":\"https:\\\/\\\/repliquemangacine.fr\\\/\"},{\"@type\":\"ListItem\",\"position\":2,\"name\":\"Produits\",\"item\":\"https:\\\/\\\/repliquemangacine.fr\\\/boutique\\\/\"},{\"@type\":\"ListItem\",\"position\":3,\"name\":\"Dragon Slayer de Guts &#8211; Berserk\"}]},{\"@type\":\"WebSite\",\"@id\":\"https:\\\/\\\/repliquemangacine.fr\\\/#website\",\"url\":\"https:\\\/\\\/repliquemangacine.fr\\\/\",\"name\":\"R\u00e9plique Manga Cin\u00e9\",\"description\":\"\",\"publisher\":{\"@id\":\"https:\\\/\\\/repliquemangacine.fr\\\/#organization\"},\"potentialAction\":[{\"@type\":\"SearchAction\",\"target\":{\"@type\":\"EntryPoint\",\"urlTemplate\":\"https:\\\/\\\/repliquemangacine.fr\\\/?s={search_term_string}\"},\"query-input\":{\"@type\":\"PropertyValueSpecification\",\"valueRequired\":true,\"valueName\":\"search_term_string\"}}],\"inLanguage\":\"it-IT\"},{\"@type\":\"Organization\",\"@id\":\"https:\\\/\\\/repliquemangacine.fr\\\/#organization\",\"name\":\"R\u00e9plique Manga Cin\u00e9\",\"url\":\"https:\\\/\\\/repliquemangacine.fr\\\/\",\"logo\":{\"@type\":\"ImageObject\",\"inLanguage\":\"it-IT\",\"@id\":\"https:\\\/\\\/repliquemangacine.fr\\\/#\\\/schema\\\/logo\\\/image\\\/\",\"url\":\"https:\\\/\\\/repliquemangacine.fr\\\/wp-content\\\/uploads\\\/2023\\\/10\\\/RMC-500250.png\",\"contentUrl\":\"https:\\\/\\\/repliquemangacine.fr\\\/wp-content\\\/uploads\\\/2023\\\/10\\\/RMC-500250.png\",\"width\":500,\"height\":250,\"caption\":\"R\u00e9plique Manga Cin\u00e9\"},\"image\":{\"@id\":\"https:\\\/\\\/repliquemangacine.fr\\\/#\\\/schema\\\/logo\\\/image\\\/\"},\"sameAs\":[\"https:\\\/\\\/www.facebook.com\\\/RepliqueMangaCine\",\"https:\\\/\\\/www.instagram.com\\\/repliquemangacine.fr\\\/\"]}]}<\/script>\n<!-- \/ Yoast SEO plugin. -->","yoast_head_json":{"title":"Uccisore di draghi di Guts - Berserk - R\u00e9plique Manga Cin\u00e9","description":"Impressionante spada Dragon Slayer di Guts in Berserk. Grande lama a doppio taglio in acciaio. Fodero in pelle. Elsa e pomo in acciaio. Lunghezza 128 cm","robots":{"index":"index","follow":"follow","max-snippet":"max-snippet:-1","max-image-preview":"max-image-preview:large","max-video-preview":"max-video-preview:-1"},"canonical":"https:\/\/repliquemangacine.fr\/it\/berserk\/uccisore-di-draghi-di-budella-berserk\/","og_locale":"it_IT","og_type":"article","og_title":"Dragon Slayer de Guts - Berserk - R\u00e9plique Manga Cin\u00e9","og_description":"Impressionnante cette \u00e9p\u00e9e Dragon Slayer de Guts dans Berserk. Large lame en acier double tranchant. Fourreau en cuir. Garde et pommeau en acier. L.128 cm","og_url":"https:\/\/repliquemangacine.fr\/it\/berserk\/uccisore-di-draghi-di-budella-berserk\/","og_site_name":"R\u00e9plique Manga Cin\u00e9","article_publisher":"https:\/\/www.facebook.com\/RepliqueMangaCine","article_modified_time":"2025-11-09T17:28:36+00:00","og_image":[{"width":500,"height":500,"url":"https:\/\/repliquemangacine.fr\/wp-content\/uploads\/2024\/12\/Dragon-Slayer-de-Guts-dans-Berserk.jpg","type":"image\/jpeg"}],"twitter_card":"summary_large_image","twitter_misc":{"Tempo di lettura stimato":"1 minuto"},"schema":{"@context":"https:\/\/schema.org","@graph":[{"@type":"WebPage","@id":"https:\/\/repliquemangacine.fr\/berserk\/dragon-slayer-de-guts-berserk\/","url":"https:\/\/repliquemangacine.fr\/berserk\/dragon-slayer-de-guts-berserk\/","name":"Uccisore di draghi di Guts - Berserk - R\u00e9plique Manga Cin\u00e9","isPartOf":{"@id":"https:\/\/repliquemangacine.fr\/#website"},"primaryImageOfPage":{"@id":"https:\/\/repliquemangacine.fr\/berserk\/dragon-slayer-de-guts-berserk\/#primaryimage"},"image":{"@id":"https:\/\/repliquemangacine.fr\/berserk\/dragon-slayer-de-guts-berserk\/#primaryimage"},"thumbnailUrl":"https:\/\/repliquemangacine.fr\/wp-content\/uploads\/2024\/12\/Dragon-Slayer-de-Guts-dans-Berserk.jpg","datePublished":"2024-12-08T18:42:05+00:00","dateModified":"2025-11-09T17:28:36+00:00","description":"Impressionante spada Dragon Slayer di Guts in Berserk. Grande lama a doppio taglio in acciaio. Fodero in pelle. Elsa e pomo in acciaio. Lunghezza 128 cm","breadcrumb":{"@id":"https:\/\/repliquemangacine.fr\/berserk\/dragon-slayer-de-guts-berserk\/#breadcrumb"},"inLanguage":"it-IT","potentialAction":[{"@type":"ReadAction","target":["https:\/\/repliquemangacine.fr\/berserk\/dragon-slayer-de-guts-berserk\/"]}]},{"@type":"ImageObject","inLanguage":"it-IT","@id":"https:\/\/repliquemangacine.fr\/berserk\/dragon-slayer-de-guts-berserk\/#primaryimage","url":"https:\/\/repliquemangacine.fr\/wp-content\/uploads\/2024\/12\/Dragon-Slayer-de-Guts-dans-Berserk.jpg","contentUrl":"https:\/\/repliquemangacine.fr\/wp-content\/uploads\/2024\/12\/Dragon-Slayer-de-Guts-dans-Berserk.jpg","width":500,"height":500,"caption":"Dragon Slayer de Guts dans Berserk"},{"@type":"BreadcrumbList","@id":"https:\/\/repliquemangacine.fr\/berserk\/dragon-slayer-de-guts-berserk\/#breadcrumb","itemListElement":[{"@type":"ListItem","position":1,"name":"Accueil","item":"https:\/\/repliquemangacine.fr\/"},{"@type":"ListItem","position":2,"name":"Produits","item":"https:\/\/repliquemangacine.fr\/boutique\/"},{"@type":"ListItem","position":3,"name":"Dragon Slayer de Guts &#8211; Berserk"}]},{"@type":"WebSite","@id":"https:\/\/repliquemangacine.fr\/#website","url":"https:\/\/repliquemangacine.fr\/","name":"R\u00e9plique Manga Cin\u00e9","description":"","publisher":{"@id":"https:\/\/repliquemangacine.fr\/#organization"},"potentialAction":[{"@type":"SearchAction","target":{"@type":"EntryPoint","urlTemplate":"https:\/\/repliquemangacine.fr\/?s={search_term_string}"},"query-input":{"@type":"PropertyValueSpecification","valueRequired":true,"valueName":"search_term_string"}}],"inLanguage":"it-IT"},{"@type":"Organization","@id":"https:\/\/repliquemangacine.fr\/#organization","name":"R\u00e9plique Manga Cin\u00e9","url":"https:\/\/repliquemangacine.fr\/","logo":{"@type":"ImageObject","inLanguage":"it-IT","@id":"https:\/\/repliquemangacine.fr\/#\/schema\/logo\/image\/","url":"https:\/\/repliquemangacine.fr\/wp-content\/uploads\/2023\/10\/RMC-500250.png","contentUrl":"https:\/\/repliquemangacine.fr\/wp-content\/uploads\/2023\/10\/RMC-500250.png","width":500,"height":250,"caption":"R\u00e9plique Manga Cin\u00e9"},"image":{"@id":"https:\/\/repliquemangacine.fr\/#\/schema\/logo\/image\/"},"sameAs":["https:\/\/www.facebook.com\/RepliqueMangaCine","https:\/\/www.instagram.com\/repliquemangacine.fr\/"]}]}},"_links":{"self":[{"href":"https:\/\/repliquemangacine.fr\/it\/wp-json\/wp\/v2\/product\/79497","targetHints":{"allow":["GET"]}}],"collection":[{"href":"https:\/\/repliquemangacine.fr\/it\/wp-json\/wp\/v2\/product"}],"about":[{"href":"https:\/\/repliquemangacine.fr\/it\/wp-json\/wp\/v2\/types\/product"}],"wp:featuredmedia":[{"embeddable":true,"href":"https:\/\/repliquemangacine.fr\/it\/wp-json\/wp\/v2\/media\/79499"}],"wp:attachment":[{"href":"https:\/\/repliquemangacine.fr\/it\/wp-json\/wp\/v2\/media?parent=79497"}],"wp:term":[{"taxonomy":"product_brand","embeddable":true,"href":"https:\/\/repliquemangacine.fr\/it\/wp-json\/wp\/v2\/product_brand?post=79497"},{"taxonomy":"product_cat","embeddable":true,"href":"https:\/\/repliquemangacine.fr\/it\/wp-json\/wp\/v2\/product_cat?post=79497"},{"taxonomy":"product_tag","embeddable":true,"href":"https:\/\/repliquemangacine.fr\/it\/wp-json\/wp\/v2\/product_tag?post=79497"}],"curies":[{"name":"wp","href":"https:\/\/api.w.org\/{rel}","templated":true}]}}