





{"id":79459,"date":"2024-12-08T17:38:47","date_gmt":"2024-12-08T16:38:47","guid":{"rendered":"https:\/\/repliquemangacine.fr\/?post_type=product&#038;p=79459"},"modified":"2025-11-09T18:29:12","modified_gmt":"2025-11-09T17:29:12","slug":"epees-darcher-yin-yang-destino-rimanere-notte","status":"publish","type":"product","link":"https:\/\/repliquemangacine.fr\/it\/katana-et-epee-de-jeux-video-autre-jeux-video\/epees-darcher-yin-yang-fate-stay-night\/","title":{"rendered":"Spade arciere Yin Yang - Il destino resta notturno"},"content":{"rendered":"<h2>Le spade Yin Yang di Archer: repliche fedeli delle iconiche lame di Fate Stay Night<\/h2>\n<p>Per prima cosa, scoprite le Spade Yin Yang di Archer, fedeli repliche ispirate al leggendario Servitore in <a href=\"https:\/\/encyclopedia-anime.fandom.com\/fr\/wiki\/Fate\/Stay_Night\" target=\"_blank\" rel=\"noopener noreferrer\">Il destino resta la notte<\/a>. Queste due spade hanno un design unico, che si riflette perfettamente in questa versione in acciaio massiccio. La prima lama \u00e8 rossa e nera, con il logo Yin Yang vicino al bordo, simbolo di dualit\u00e0 ed equilibrio. Anche la seconda spada, in acciaio, reca lo stesso emblema. Le impugnature sono rivestite in pelle, per garantire una presa comoda e sicura. Queste repliche sono dotate di foderi in pelle e di una tracolla in cordura per facilitare il trasporto. Con una lunghezza della lama di 43,5 cm e una lunghezza complessiva di 65,5 cm, queste spade sono pezzi notevoli. Che siate collezionisti o appassionati di cosplay, queste spade vi faranno immergere direttamente nel mondo di Fate Stay Night.<\/p>\n<h2>Le Spade Yin Yang dell'Arciere: armi iconiche in Fate Stay Night<\/h2>\n<p>Le spade Yin Yang, note anche come Kansh\u014d e Bakuya, sono le armi caratteristiche di Archer in Fate Stay Night. Questo misterioso Servitore brandisce queste due lame gemelle con una precisione spaventosa. Forgiate a immagine dello Yin e dello Yang, simboleggiano l'equilibrio e l'opposizione delle forze. Archer le evoca con la sua magia di proiezione, in grado di creare istantaneamente repliche perfette di armi leggendarie. Nel videogioco e nell'anime, queste spade svolgono un ruolo cruciale nelle sue battaglie contro Shirou Emiya. In realt\u00e0, non sono solo armi, ma un'estensione della sua filosofia e del suo tragico destino. Il loro design unico e la loro importanza nella storia le rendono spade iconiche nell'universo di Fate Stay Night. In conclusione, queste repliche in acciaio catturano tutta l'essenza di queste armi mitiche, offrendo ai fan un imperdibile oggetto da collezione.<\/p>\n<h2>R\u00e9plique Manga Cin\u00e9: un'ampia selezione di spade leggendarie dei videogiochi<\/h2>\n<p>Su R\u00e9plique Manga Cin\u00e9 troverete un'eccezionale collezione di spade ispirate ai pi\u00f9 grandi videogiochi. Scoprite la Holy Moonlight Sword di Bloodborne, simbolo di potere divino e forza mistica. Immergetevi nell'anello di Elden con la spada <a href=\"https:\/\/repliquemangacine.fr\/it\/katana-e-spada-videogiochi-altri-videogiochi\/spada-elden-ring-greatsword\/\">Spadone<\/a>un'arma colossale, o il <a href=\"https:\/\/repliquemangacine.fr\/it\/katana-e-spada-videogiochi-altri-videogiochi\/spada-di-luna-oscura-spada-grande-anello-elden\/\">Spada della Luna Nera<\/a>con impressionanti poteri lunari. C'\u00e8 anche il<a href=\"https:\/\/repliquemangacine.fr\/it\/katana-e-spada-videogiochi-altri-videogiochi\/nuvola-ff7-spada-tritatutto\/\">Spada Cloud Crusher<\/a> in Final Fantasy VII, una lama massiccia che incarna la potenza grezza. Per i fan di World of Warcraft, la Frostmourne - Deuillegivre, l'arma del Re dei Lich, \u00e8 un must have. Gli appassionati di Zelda potranno scegliere tra il <a href=\"https:\/\/repliquemangacine.fr\/it\/spada-di-zelda\/master-sword-zelda-lacrime-del-regno\/\">Maestro di spada<\/a> e la Spada di Link Oscuro, entrambe riprodotte fedelmente. Infine, il nostro negozio offre molte altre repliche di armi iconiche. R\u00e9plique Manga Cin\u00e9 \u00e8 il punto di riferimento per gli appassionati di spade, sciabole e armi leggendarie dei pi\u00f9 grandi universi videoludici.<\/p>","protected":false},"excerpt":{"rendered":"<p>Magnifiche repliche delle due Spade di Archer in Fate Stay Night<\/p>\n<ul>\n<li>Tutto l'acciaio con una forma specifica<\/li>\n<li>La spada \u00e8 rossa e nera con il logo Yin Yang sulla parte superiore della lama.<\/li>\n<li>L'altra spada \u00e8 di colore acciaio e reca anch'essa il logo Yin Yang.<\/li>\n<li>Impugnatura rivestita in pelle per una presa sicura<\/li>\n<li>Fornito con sacche in pelle e spallacci in cordura.<\/li>\n<li>Lunghezza di ogni lama: 43,5 cm - Lunghezza totale: 65,5 cm<\/li>\n<li>Peso individuale: 1235 gr<\/li>\n<\/ul>","protected":false},"featured_media":79466,"template":"","meta":[],"product_brand":[896],"product_cat":[67],"product_tag":[],"class_list":{"0":"post-79459","1":"product","2":"type-product","3":"status-publish","4":"has-post-thumbnail","6":"product_brand-replique-manga-cine","7":"product_cat-katana-et-epee-de-jeux-video-autre-jeux-video","9":"first","10":"instock","11":"sale","12":"taxable","13":"shipping-taxable","14":"purchasable","15":"product-type-simple"},"yoast_head":"<!-- This site is optimized with the Yoast SEO plugin v27.4 - https:\/\/yoast.com\/product\/yoast-seo-wordpress\/ -->\n<title>\u00c9p\u00e9es d&#039;Archer Yin Yang - Fate Stay Night - R\u00e9plique Manga Cin\u00e9<\/title>\n<meta name=\"description\" content=\"Magnifiques r\u00e9pliques des deux \u00c9p\u00e9es d&#039;Archer &quot;Yin Yang&quot; dans Fate Stay Night. Tout en acier. Livr\u00e9 avec fourreau en cuir. Longueur de chaque \u00e9p\u00e9e 65 cm\" \/>\n<meta name=\"robots\" content=\"index, follow, max-snippet:-1, max-image-preview:large, max-video-preview:-1\" \/>\n<link rel=\"canonical\" href=\"https:\/\/repliquemangacine.fr\/it\/katana-e-spada-videogiochi-altri-videogiochi\/epees-darcher-yin-yang-destino-rimanere-notte\/\" \/>\n<meta property=\"og:locale\" content=\"it_IT\" \/>\n<meta property=\"og:type\" content=\"article\" \/>\n<meta property=\"og:title\" content=\"\u00c9p\u00e9es d&#039;Archer Yin Yang - Fate Stay Night - R\u00e9plique Manga Cin\u00e9\" \/>\n<meta property=\"og:description\" content=\"Magnifiques r\u00e9pliques des deux \u00c9p\u00e9es d&#039;Archer &quot;Yin Yang&quot; dans Fate Stay Night. Tout en acier. Livr\u00e9 avec fourreau en cuir. Longueur de chaque \u00e9p\u00e9e 65 cm\" \/>\n<meta property=\"og:url\" content=\"https:\/\/repliquemangacine.fr\/it\/katana-e-spada-videogiochi-altri-videogiochi\/epees-darcher-yin-yang-destino-rimanere-notte\/\" \/>\n<meta property=\"og:site_name\" content=\"R\u00e9plique Manga Cin\u00e9\" \/>\n<meta property=\"article:publisher\" content=\"https:\/\/www.facebook.com\/RepliqueMangaCine\" \/>\n<meta property=\"article:modified_time\" content=\"2025-11-09T17:29:12+00:00\" \/>\n<meta property=\"og:image\" content=\"https:\/\/repliquemangacine.fr\/wp-content\/uploads\/2024\/12\/Epees-dArcher-Yin-Yang-Fate-stay-Night.jpg\" \/>\n\t<meta property=\"og:image:width\" content=\"500\" \/>\n\t<meta property=\"og:image:height\" content=\"500\" \/>\n\t<meta property=\"og:image:type\" content=\"image\/jpeg\" \/>\n<meta name=\"twitter:card\" content=\"summary_large_image\" \/>\n<meta name=\"twitter:label1\" content=\"Tempo di lettura stimato\" \/>\n\t<meta name=\"twitter:data1\" content=\"3 minuti\" \/>\n<script type=\"application\/ld+json\" class=\"yoast-schema-graph\">{\"@context\":\"https:\\\/\\\/schema.org\",\"@graph\":[{\"@type\":\"WebPage\",\"@id\":\"https:\\\/\\\/repliquemangacine.fr\\\/katana-et-epee-de-jeux-video-autre-jeux-video\\\/epees-darcher-yin-yang-fate-stay-night\\\/\",\"url\":\"https:\\\/\\\/repliquemangacine.fr\\\/katana-et-epee-de-jeux-video-autre-jeux-video\\\/epees-darcher-yin-yang-fate-stay-night\\\/\",\"name\":\"\u00c9p\u00e9es d'Archer Yin Yang - Fate Stay Night - R\u00e9plique Manga Cin\u00e9\",\"isPartOf\":{\"@id\":\"https:\\\/\\\/repliquemangacine.fr\\\/#website\"},\"primaryImageOfPage\":{\"@id\":\"https:\\\/\\\/repliquemangacine.fr\\\/katana-et-epee-de-jeux-video-autre-jeux-video\\\/epees-darcher-yin-yang-fate-stay-night\\\/#primaryimage\"},\"image\":{\"@id\":\"https:\\\/\\\/repliquemangacine.fr\\\/katana-et-epee-de-jeux-video-autre-jeux-video\\\/epees-darcher-yin-yang-fate-stay-night\\\/#primaryimage\"},\"thumbnailUrl\":\"https:\\\/\\\/repliquemangacine.fr\\\/wp-content\\\/uploads\\\/2024\\\/12\\\/Epees-dArcher-Yin-Yang-Fate-stay-Night.jpg\",\"datePublished\":\"2024-12-08T16:38:47+00:00\",\"dateModified\":\"2025-11-09T17:29:12+00:00\",\"description\":\"Magnifiques r\u00e9pliques des deux \u00c9p\u00e9es d'Archer \\\"Yin Yang\\\" dans Fate Stay Night. Tout en acier. Livr\u00e9 avec fourreau en cuir. Longueur de chaque \u00e9p\u00e9e 65 cm\",\"breadcrumb\":{\"@id\":\"https:\\\/\\\/repliquemangacine.fr\\\/katana-et-epee-de-jeux-video-autre-jeux-video\\\/epees-darcher-yin-yang-fate-stay-night\\\/#breadcrumb\"},\"inLanguage\":\"it-IT\",\"potentialAction\":[{\"@type\":\"ReadAction\",\"target\":[\"https:\\\/\\\/repliquemangacine.fr\\\/katana-et-epee-de-jeux-video-autre-jeux-video\\\/epees-darcher-yin-yang-fate-stay-night\\\/\"]}]},{\"@type\":\"ImageObject\",\"inLanguage\":\"it-IT\",\"@id\":\"https:\\\/\\\/repliquemangacine.fr\\\/katana-et-epee-de-jeux-video-autre-jeux-video\\\/epees-darcher-yin-yang-fate-stay-night\\\/#primaryimage\",\"url\":\"https:\\\/\\\/repliquemangacine.fr\\\/wp-content\\\/uploads\\\/2024\\\/12\\\/Epees-dArcher-Yin-Yang-Fate-stay-Night.jpg\",\"contentUrl\":\"https:\\\/\\\/repliquemangacine.fr\\\/wp-content\\\/uploads\\\/2024\\\/12\\\/Epees-dArcher-Yin-Yang-Fate-stay-Night.jpg\",\"width\":500,\"height\":500,\"caption\":\"\u00c9p\u00e9es d'Archer Yin Yang\"},{\"@type\":\"BreadcrumbList\",\"@id\":\"https:\\\/\\\/repliquemangacine.fr\\\/katana-et-epee-de-jeux-video-autre-jeux-video\\\/epees-darcher-yin-yang-fate-stay-night\\\/#breadcrumb\",\"itemListElement\":[{\"@type\":\"ListItem\",\"position\":1,\"name\":\"Accueil\",\"item\":\"https:\\\/\\\/repliquemangacine.fr\\\/\"},{\"@type\":\"ListItem\",\"position\":2,\"name\":\"Produits\",\"item\":\"https:\\\/\\\/repliquemangacine.fr\\\/boutique\\\/\"},{\"@type\":\"ListItem\",\"position\":3,\"name\":\"\u00c9p\u00e9es d&#8217;Archer Yin Yang &#8211; Fate Stay Night\"}]},{\"@type\":\"WebSite\",\"@id\":\"https:\\\/\\\/repliquemangacine.fr\\\/#website\",\"url\":\"https:\\\/\\\/repliquemangacine.fr\\\/\",\"name\":\"R\u00e9plique Manga Cin\u00e9\",\"description\":\"\",\"publisher\":{\"@id\":\"https:\\\/\\\/repliquemangacine.fr\\\/#organization\"},\"potentialAction\":[{\"@type\":\"SearchAction\",\"target\":{\"@type\":\"EntryPoint\",\"urlTemplate\":\"https:\\\/\\\/repliquemangacine.fr\\\/?s={search_term_string}\"},\"query-input\":{\"@type\":\"PropertyValueSpecification\",\"valueRequired\":true,\"valueName\":\"search_term_string\"}}],\"inLanguage\":\"it-IT\"},{\"@type\":\"Organization\",\"@id\":\"https:\\\/\\\/repliquemangacine.fr\\\/#organization\",\"name\":\"R\u00e9plique Manga Cin\u00e9\",\"url\":\"https:\\\/\\\/repliquemangacine.fr\\\/\",\"logo\":{\"@type\":\"ImageObject\",\"inLanguage\":\"it-IT\",\"@id\":\"https:\\\/\\\/repliquemangacine.fr\\\/#\\\/schema\\\/logo\\\/image\\\/\",\"url\":\"https:\\\/\\\/repliquemangacine.fr\\\/wp-content\\\/uploads\\\/2023\\\/10\\\/RMC-500250.png\",\"contentUrl\":\"https:\\\/\\\/repliquemangacine.fr\\\/wp-content\\\/uploads\\\/2023\\\/10\\\/RMC-500250.png\",\"width\":500,\"height\":250,\"caption\":\"R\u00e9plique Manga Cin\u00e9\"},\"image\":{\"@id\":\"https:\\\/\\\/repliquemangacine.fr\\\/#\\\/schema\\\/logo\\\/image\\\/\"},\"sameAs\":[\"https:\\\/\\\/www.facebook.com\\\/RepliqueMangaCine\",\"https:\\\/\\\/www.instagram.com\\\/repliquemangacine.fr\\\/\"]}]}<\/script>\n<!-- \/ Yoast SEO plugin. -->","yoast_head_json":{"title":"Spade dell'arciere Yin Yang - Il destino resta notturno - R\u00e9plique Manga Cin\u00e9","description":"Magnifiche repliche delle due spade arciere \"Yin Yang\" di Fate Stay Night. Tutte in acciaio. Fornite con fodero in pelle. Lunghezza di ciascuna spada 65 cm","robots":{"index":"index","follow":"follow","max-snippet":"max-snippet:-1","max-image-preview":"max-image-preview:large","max-video-preview":"max-video-preview:-1"},"canonical":"https:\/\/repliquemangacine.fr\/it\/katana-e-spada-videogiochi-altri-videogiochi\/epees-darcher-yin-yang-destino-rimanere-notte\/","og_locale":"it_IT","og_type":"article","og_title":"\u00c9p\u00e9es d'Archer Yin Yang - Fate Stay Night - R\u00e9plique Manga Cin\u00e9","og_description":"Magnifiques r\u00e9pliques des deux \u00c9p\u00e9es d'Archer \"Yin Yang\" dans Fate Stay Night. Tout en acier. Livr\u00e9 avec fourreau en cuir. Longueur de chaque \u00e9p\u00e9e 65 cm","og_url":"https:\/\/repliquemangacine.fr\/it\/katana-e-spada-videogiochi-altri-videogiochi\/epees-darcher-yin-yang-destino-rimanere-notte\/","og_site_name":"R\u00e9plique Manga Cin\u00e9","article_publisher":"https:\/\/www.facebook.com\/RepliqueMangaCine","article_modified_time":"2025-11-09T17:29:12+00:00","og_image":[{"width":500,"height":500,"url":"https:\/\/repliquemangacine.fr\/wp-content\/uploads\/2024\/12\/Epees-dArcher-Yin-Yang-Fate-stay-Night.jpg","type":"image\/jpeg"}],"twitter_card":"summary_large_image","twitter_misc":{"Tempo di lettura stimato":"3 minuti"},"schema":{"@context":"https:\/\/schema.org","@graph":[{"@type":"WebPage","@id":"https:\/\/repliquemangacine.fr\/katana-et-epee-de-jeux-video-autre-jeux-video\/epees-darcher-yin-yang-fate-stay-night\/","url":"https:\/\/repliquemangacine.fr\/katana-et-epee-de-jeux-video-autre-jeux-video\/epees-darcher-yin-yang-fate-stay-night\/","name":"Spade dell'arciere Yin Yang - Il destino resta notturno - R\u00e9plique Manga Cin\u00e9","isPartOf":{"@id":"https:\/\/repliquemangacine.fr\/#website"},"primaryImageOfPage":{"@id":"https:\/\/repliquemangacine.fr\/katana-et-epee-de-jeux-video-autre-jeux-video\/epees-darcher-yin-yang-fate-stay-night\/#primaryimage"},"image":{"@id":"https:\/\/repliquemangacine.fr\/katana-et-epee-de-jeux-video-autre-jeux-video\/epees-darcher-yin-yang-fate-stay-night\/#primaryimage"},"thumbnailUrl":"https:\/\/repliquemangacine.fr\/wp-content\/uploads\/2024\/12\/Epees-dArcher-Yin-Yang-Fate-stay-Night.jpg","datePublished":"2024-12-08T16:38:47+00:00","dateModified":"2025-11-09T17:29:12+00:00","description":"Magnifiche repliche delle due spade arciere \"Yin Yang\" di Fate Stay Night. Tutte in acciaio. Fornite con fodero in pelle. Lunghezza di ciascuna spada 65 cm","breadcrumb":{"@id":"https:\/\/repliquemangacine.fr\/katana-et-epee-de-jeux-video-autre-jeux-video\/epees-darcher-yin-yang-fate-stay-night\/#breadcrumb"},"inLanguage":"it-IT","potentialAction":[{"@type":"ReadAction","target":["https:\/\/repliquemangacine.fr\/katana-et-epee-de-jeux-video-autre-jeux-video\/epees-darcher-yin-yang-fate-stay-night\/"]}]},{"@type":"ImageObject","inLanguage":"it-IT","@id":"https:\/\/repliquemangacine.fr\/katana-et-epee-de-jeux-video-autre-jeux-video\/epees-darcher-yin-yang-fate-stay-night\/#primaryimage","url":"https:\/\/repliquemangacine.fr\/wp-content\/uploads\/2024\/12\/Epees-dArcher-Yin-Yang-Fate-stay-Night.jpg","contentUrl":"https:\/\/repliquemangacine.fr\/wp-content\/uploads\/2024\/12\/Epees-dArcher-Yin-Yang-Fate-stay-Night.jpg","width":500,"height":500,"caption":"\u00c9p\u00e9es d'Archer Yin Yang"},{"@type":"BreadcrumbList","@id":"https:\/\/repliquemangacine.fr\/katana-et-epee-de-jeux-video-autre-jeux-video\/epees-darcher-yin-yang-fate-stay-night\/#breadcrumb","itemListElement":[{"@type":"ListItem","position":1,"name":"Accueil","item":"https:\/\/repliquemangacine.fr\/"},{"@type":"ListItem","position":2,"name":"Produits","item":"https:\/\/repliquemangacine.fr\/boutique\/"},{"@type":"ListItem","position":3,"name":"\u00c9p\u00e9es d&#8217;Archer Yin Yang &#8211; Fate Stay Night"}]},{"@type":"WebSite","@id":"https:\/\/repliquemangacine.fr\/#website","url":"https:\/\/repliquemangacine.fr\/","name":"R\u00e9plique Manga Cin\u00e9","description":"","publisher":{"@id":"https:\/\/repliquemangacine.fr\/#organization"},"potentialAction":[{"@type":"SearchAction","target":{"@type":"EntryPoint","urlTemplate":"https:\/\/repliquemangacine.fr\/?s={search_term_string}"},"query-input":{"@type":"PropertyValueSpecification","valueRequired":true,"valueName":"search_term_string"}}],"inLanguage":"it-IT"},{"@type":"Organization","@id":"https:\/\/repliquemangacine.fr\/#organization","name":"R\u00e9plique Manga Cin\u00e9","url":"https:\/\/repliquemangacine.fr\/","logo":{"@type":"ImageObject","inLanguage":"it-IT","@id":"https:\/\/repliquemangacine.fr\/#\/schema\/logo\/image\/","url":"https:\/\/repliquemangacine.fr\/wp-content\/uploads\/2023\/10\/RMC-500250.png","contentUrl":"https:\/\/repliquemangacine.fr\/wp-content\/uploads\/2023\/10\/RMC-500250.png","width":500,"height":250,"caption":"R\u00e9plique Manga Cin\u00e9"},"image":{"@id":"https:\/\/repliquemangacine.fr\/#\/schema\/logo\/image\/"},"sameAs":["https:\/\/www.facebook.com\/RepliqueMangaCine","https:\/\/www.instagram.com\/repliquemangacine.fr\/"]}]}},"_links":{"self":[{"href":"https:\/\/repliquemangacine.fr\/it\/wp-json\/wp\/v2\/product\/79459","targetHints":{"allow":["GET"]}}],"collection":[{"href":"https:\/\/repliquemangacine.fr\/it\/wp-json\/wp\/v2\/product"}],"about":[{"href":"https:\/\/repliquemangacine.fr\/it\/wp-json\/wp\/v2\/types\/product"}],"wp:featuredmedia":[{"embeddable":true,"href":"https:\/\/repliquemangacine.fr\/it\/wp-json\/wp\/v2\/media\/79466"}],"wp:attachment":[{"href":"https:\/\/repliquemangacine.fr\/it\/wp-json\/wp\/v2\/media?parent=79459"}],"wp:term":[{"taxonomy":"product_brand","embeddable":true,"href":"https:\/\/repliquemangacine.fr\/it\/wp-json\/wp\/v2\/product_brand?post=79459"},{"taxonomy":"product_cat","embeddable":true,"href":"https:\/\/repliquemangacine.fr\/it\/wp-json\/wp\/v2\/product_cat?post=79459"},{"taxonomy":"product_tag","embeddable":true,"href":"https:\/\/repliquemangacine.fr\/it\/wp-json\/wp\/v2\/product_tag?post=79459"}],"curies":[{"name":"wp","href":"https:\/\/api.w.org\/{rel}","templated":true}]}}