





{"id":79441,"date":"2024-12-08T15:19:27","date_gmt":"2024-12-08T14:19:27","guid":{"rendered":"https:\/\/repliquemangacine.fr\/?post_type=product&#038;p=79441"},"modified":"2025-12-21T23:00:23","modified_gmt":"2025-12-21T22:00:23","slug":"spada-pirata-gold-rogers-spada-ace","status":"publish","type":"product","link":"https:\/\/repliquemangacine.fr\/it\/katana-en-metal-one-piece\/sabre-du-pirate-gold-rogers-epee-de-ace\/","title":{"rendered":"Spada pirata Rogers oro"},"content":{"rendered":"<h2>Spada pirata Gold Rogers: una leggenda tagliente<\/h2>\n<p>Prima di tutto, la spada pirata Gold Rogers incarna il potere e il mistero del leggendario Re dei Pirati di \"One Piece\". Chiamata Ace, \u00e8 una delle 12 migliori lame del mondo. La sua tecnica con questa spada \u00e8 \"Tr\u00e9pas divin\", tiene la spada nella mano destra. Roger la fa oscillare, creando una potente onda d'urto per colpire l'avversario. In effetti, questa spada \u00e8 stata testimone di alcune delle battaglie pi\u00f9 estenuanti e di avventure marittime senza precedenti. Per questo rimane un simbolo di forza incomparabile nel mondo dei pirati. Le storie che circondano la spada di Gold Roger non parlano solo della sua impareggiabile abilit\u00e0 come schermidore. Ma anche della capacit\u00e0 della spada di resistere alla prova del tempo, suscitando ammirazione e cupidigia.  La reputazione della spada, come quella del suo proprietario, stimola l'immaginazione degli appassionati. La pone al centro di storie di coraggio e di avventure senza fine.<\/p>\n<h2>Spada pirata Gold Rogers: l'unico signore dei pirati<\/h2>\n<p>In primo luogo, Gold Roger, pi\u00f9 correttamente conosciuto come Gol D. Roger. Una figura centrale e leggendaria nell'universo di \"One Piece\", il manga e l'anime creati da Eiichiro Oda. Conosciuto come il \"Re dei Pirati\", Rogers \u00e8 l'uomo che ha raggiunto la fine del mondo, Laughtale, l'isola del tesoro definitivo dove si trova il misterioso tesoro chiamato \"<a href=\"https:\/\/onepiece.fandom.com\/fr\/wiki\/One_Piece_Encyclop%C3%A9die\" target=\"_blank\" rel=\"noopener noreferrer\">Un pezzo<\/a>\". Verso la fine della sua vita, scelse di arrendersi alla Marina dopo che gli fu diagnosticata una malattia incurabile. Prima della sua esecuzione, pronunci\u00f2 le sue famose ultime parole, che ispirarono le persone di tutto il mondo a mettersi in mare alla ricerca di \"One Piece\". Disse: \"Il mio tesoro? Se lo volete, potete averlo. Cercatelo! L'ho lasciato tutto in un posto\". Queste parole diedero il via alla Grande Era dei Pirati.<\/p>\n<h2>Armi leggendarie di One Piece<\/h2>\n<p>Per cominciare, l'universo di \"One Piece\" \u00e8 pieno di armi leggendarie.  Dalla spada di Gold Roger alle armi antiche che nascondono poteri devastanti. Vale la pena notare che ogni pezzo rivela un frammento della ricca e complessa storia del mondo di \"One Piece\".  Queste includono la<a href=\"https:\/\/repliquemangacine.fr\/it\/videogiochi-manga-replica\/costume-intero-enma-katana-viola\/\">Spada Enma<\/a>impugnata da Roronoa Zoro, si distingue per la sua capacit\u00e0 di prosciugare l'Haki di chi la usa. C'\u00e8 anche Kikoku, la katana di Trafalgar Law, una spada maledetta dal passato oscuro.  E il bastone da passeggio di Brook, il musicista scheletrico dell'equipaggio. Per concludere, non dimentichiamo la famosa <a href=\"https:\/\/repliquemangacine.fr\/it\/videogiochi-manga-replica\/confezione-di-3-katane-di-zoro\/\">tre spade Zoro<\/a>. Insieme, queste spade illustrano il percorso di Zoro verso la maestria e la sua evoluzione come spadaccino. Infatti, ogni spada contribuisce alla sua leggenda nel mondo di \"One Piece\". In conclusione, le sue armi iconiche sono un'aggiunta essenziale alla vostra collezione.<\/p>","protected":false},"excerpt":{"rendered":"<p>Superba replica della spada del pirata Gold Rogers di One Piece<\/p>\n<ul>\n<li>Lama stretta in acciaio tricolore<\/li>\n<li>Supporto per pentole in acciaio<\/li>\n<li>Manico rivestito di treccia di cotone marrone<\/li>\n<li>Fodero in legno laccato nero con ornamenti gialli.<\/li>\n<li>Lunghezza lama: 65 cm - Lunghezza totale: 101 cm con fodero<\/li>\n<li>Peso: 1075 g (1335 g con fodero)<\/li>\n<\/ul>","protected":false},"featured_media":79443,"template":"","meta":[],"product_brand":[896],"product_cat":[123,36],"product_tag":[],"class_list":{"0":"post-79441","1":"product","2":"type-product","3":"status-publish","4":"has-post-thumbnail","6":"product_brand-replique-manga-cine","7":"product_cat-katana-en-metal-one-piece","8":"product_cat-katana-one-piece","10":"first","11":"instock","12":"taxable","13":"shipping-taxable","14":"purchasable","15":"product-type-simple"},"yoast_head":"<!-- This site is optimized with the Yoast SEO plugin v27.4 - https:\/\/yoast.com\/product\/yoast-seo-wordpress\/ -->\n<title>Sabre du pirate Gold Rogers - One Piece - R\u00e9plique Manga Cin\u00e9<\/title>\n<meta name=\"description\" content=\"Superbe Sabre du pirate Gold Rogers dans One Piece. Lame \u00e9troite en acier trois tons. Fourreau laqu\u00e9 noir. Garde cuill\u00e8re \u00e0 pot. 101 cm\" \/>\n<meta name=\"robots\" content=\"index, follow, max-snippet:-1, max-image-preview:large, max-video-preview:-1\" \/>\n<link rel=\"canonical\" href=\"https:\/\/repliquemangacine.fr\/it\/katana-in-metallo-monopezzo\/spada-pirata-gold-rogers-spada-ace\/\" \/>\n<meta property=\"og:locale\" content=\"it_IT\" \/>\n<meta property=\"og:type\" content=\"article\" \/>\n<meta property=\"og:title\" content=\"Sabre du pirate Gold Rogers - One Piece - R\u00e9plique Manga Cin\u00e9\" \/>\n<meta property=\"og:description\" content=\"Superbe Sabre du pirate Gold Rogers dans One Piece. Lame \u00e9troite en acier trois tons. Fourreau laqu\u00e9 noir. Garde cuill\u00e8re \u00e0 pot. 101 cm\" \/>\n<meta property=\"og:url\" content=\"https:\/\/repliquemangacine.fr\/it\/katana-in-metallo-monopezzo\/spada-pirata-gold-rogers-spada-ace\/\" \/>\n<meta property=\"og:site_name\" content=\"R\u00e9plique Manga Cin\u00e9\" \/>\n<meta property=\"article:publisher\" content=\"https:\/\/www.facebook.com\/RepliqueMangaCine\" \/>\n<meta property=\"article:modified_time\" content=\"2025-12-21T22:00:23+00:00\" \/>\n<meta property=\"og:image\" content=\"https:\/\/repliquemangacine.fr\/wp-content\/uploads\/2024\/12\/Sabre-du-pirate-Gold-Rogers-One-piece.jpg\" \/>\n\t<meta property=\"og:image:width\" content=\"500\" \/>\n\t<meta property=\"og:image:height\" content=\"500\" \/>\n\t<meta property=\"og:image:type\" content=\"image\/jpeg\" \/>\n<meta name=\"twitter:card\" content=\"summary_large_image\" \/>\n<meta name=\"twitter:label1\" content=\"Tempo di lettura stimato\" \/>\n\t<meta name=\"twitter:data1\" content=\"3 minuti\" \/>\n<script type=\"application\/ld+json\" class=\"yoast-schema-graph\">{\"@context\":\"https:\\\/\\\/schema.org\",\"@graph\":[{\"@type\":\"WebPage\",\"@id\":\"https:\\\/\\\/repliquemangacine.fr\\\/katana-en-metal-one-piece\\\/sabre-du-pirate-gold-rogers-epee-de-ace\\\/\",\"url\":\"https:\\\/\\\/repliquemangacine.fr\\\/katana-en-metal-one-piece\\\/sabre-du-pirate-gold-rogers-epee-de-ace\\\/\",\"name\":\"Sabre du pirate Gold Rogers - One Piece - R\u00e9plique Manga Cin\u00e9\",\"isPartOf\":{\"@id\":\"https:\\\/\\\/repliquemangacine.fr\\\/#website\"},\"primaryImageOfPage\":{\"@id\":\"https:\\\/\\\/repliquemangacine.fr\\\/katana-en-metal-one-piece\\\/sabre-du-pirate-gold-rogers-epee-de-ace\\\/#primaryimage\"},\"image\":{\"@id\":\"https:\\\/\\\/repliquemangacine.fr\\\/katana-en-metal-one-piece\\\/sabre-du-pirate-gold-rogers-epee-de-ace\\\/#primaryimage\"},\"thumbnailUrl\":\"https:\\\/\\\/repliquemangacine.fr\\\/wp-content\\\/uploads\\\/2024\\\/12\\\/Sabre-du-pirate-Gold-Rogers-One-piece.jpg\",\"datePublished\":\"2024-12-08T14:19:27+00:00\",\"dateModified\":\"2025-12-21T22:00:23+00:00\",\"description\":\"Superbe Sabre du pirate Gold Rogers dans One Piece. Lame \u00e9troite en acier trois tons. Fourreau laqu\u00e9 noir. Garde cuill\u00e8re \u00e0 pot. 101 cm\",\"breadcrumb\":{\"@id\":\"https:\\\/\\\/repliquemangacine.fr\\\/katana-en-metal-one-piece\\\/sabre-du-pirate-gold-rogers-epee-de-ace\\\/#breadcrumb\"},\"inLanguage\":\"it-IT\",\"potentialAction\":[{\"@type\":\"ReadAction\",\"target\":[\"https:\\\/\\\/repliquemangacine.fr\\\/katana-en-metal-one-piece\\\/sabre-du-pirate-gold-rogers-epee-de-ace\\\/\"]}]},{\"@type\":\"ImageObject\",\"inLanguage\":\"it-IT\",\"@id\":\"https:\\\/\\\/repliquemangacine.fr\\\/katana-en-metal-one-piece\\\/sabre-du-pirate-gold-rogers-epee-de-ace\\\/#primaryimage\",\"url\":\"https:\\\/\\\/repliquemangacine.fr\\\/wp-content\\\/uploads\\\/2024\\\/12\\\/Sabre-du-pirate-Gold-Rogers-One-piece.jpg\",\"contentUrl\":\"https:\\\/\\\/repliquemangacine.fr\\\/wp-content\\\/uploads\\\/2024\\\/12\\\/Sabre-du-pirate-Gold-Rogers-One-piece.jpg\",\"width\":500,\"height\":500,\"caption\":\"Sabre du pirate Gold Rogers dans One Piece\"},{\"@type\":\"BreadcrumbList\",\"@id\":\"https:\\\/\\\/repliquemangacine.fr\\\/katana-en-metal-one-piece\\\/sabre-du-pirate-gold-rogers-epee-de-ace\\\/#breadcrumb\",\"itemListElement\":[{\"@type\":\"ListItem\",\"position\":1,\"name\":\"Accueil\",\"item\":\"https:\\\/\\\/repliquemangacine.fr\\\/\"},{\"@type\":\"ListItem\",\"position\":2,\"name\":\"Produits\",\"item\":\"https:\\\/\\\/repliquemangacine.fr\\\/boutique\\\/\"},{\"@type\":\"ListItem\",\"position\":3,\"name\":\"Sabre du pirate Gold Rogers\"}]},{\"@type\":\"WebSite\",\"@id\":\"https:\\\/\\\/repliquemangacine.fr\\\/#website\",\"url\":\"https:\\\/\\\/repliquemangacine.fr\\\/\",\"name\":\"R\u00e9plique Manga Cin\u00e9\",\"description\":\"\",\"publisher\":{\"@id\":\"https:\\\/\\\/repliquemangacine.fr\\\/#organization\"},\"potentialAction\":[{\"@type\":\"SearchAction\",\"target\":{\"@type\":\"EntryPoint\",\"urlTemplate\":\"https:\\\/\\\/repliquemangacine.fr\\\/?s={search_term_string}\"},\"query-input\":{\"@type\":\"PropertyValueSpecification\",\"valueRequired\":true,\"valueName\":\"search_term_string\"}}],\"inLanguage\":\"it-IT\"},{\"@type\":\"Organization\",\"@id\":\"https:\\\/\\\/repliquemangacine.fr\\\/#organization\",\"name\":\"R\u00e9plique Manga Cin\u00e9\",\"url\":\"https:\\\/\\\/repliquemangacine.fr\\\/\",\"logo\":{\"@type\":\"ImageObject\",\"inLanguage\":\"it-IT\",\"@id\":\"https:\\\/\\\/repliquemangacine.fr\\\/#\\\/schema\\\/logo\\\/image\\\/\",\"url\":\"https:\\\/\\\/repliquemangacine.fr\\\/wp-content\\\/uploads\\\/2023\\\/10\\\/RMC-500250.png\",\"contentUrl\":\"https:\\\/\\\/repliquemangacine.fr\\\/wp-content\\\/uploads\\\/2023\\\/10\\\/RMC-500250.png\",\"width\":500,\"height\":250,\"caption\":\"R\u00e9plique Manga Cin\u00e9\"},\"image\":{\"@id\":\"https:\\\/\\\/repliquemangacine.fr\\\/#\\\/schema\\\/logo\\\/image\\\/\"},\"sameAs\":[\"https:\\\/\\\/www.facebook.com\\\/RepliqueMangaCine\",\"https:\\\/\\\/www.instagram.com\\\/repliquemangacine.fr\\\/\"]}]}<\/script>\n<!-- \/ Yoast SEO plugin. -->","yoast_head_json":{"title":"Spada pirata Gold Rogers - One Piece - R\u00e9plique Manga Cin\u00e9","description":"Splendida spada pirata Gold Rogers di One Piece. Lama stretta in acciaio tricolore. Fodero laccato nero. Guardia a cucchiaio. Lunghezza 101 cm","robots":{"index":"index","follow":"follow","max-snippet":"max-snippet:-1","max-image-preview":"max-image-preview:large","max-video-preview":"max-video-preview:-1"},"canonical":"https:\/\/repliquemangacine.fr\/it\/katana-in-metallo-monopezzo\/spada-pirata-gold-rogers-spada-ace\/","og_locale":"it_IT","og_type":"article","og_title":"Sabre du pirate Gold Rogers - One Piece - R\u00e9plique Manga Cin\u00e9","og_description":"Superbe Sabre du pirate Gold Rogers dans One Piece. Lame \u00e9troite en acier trois tons. Fourreau laqu\u00e9 noir. Garde cuill\u00e8re \u00e0 pot. 101 cm","og_url":"https:\/\/repliquemangacine.fr\/it\/katana-in-metallo-monopezzo\/spada-pirata-gold-rogers-spada-ace\/","og_site_name":"R\u00e9plique Manga Cin\u00e9","article_publisher":"https:\/\/www.facebook.com\/RepliqueMangaCine","article_modified_time":"2025-12-21T22:00:23+00:00","og_image":[{"width":500,"height":500,"url":"https:\/\/repliquemangacine.fr\/wp-content\/uploads\/2024\/12\/Sabre-du-pirate-Gold-Rogers-One-piece.jpg","type":"image\/jpeg"}],"twitter_card":"summary_large_image","twitter_misc":{"Tempo di lettura stimato":"3 minuti"},"schema":{"@context":"https:\/\/schema.org","@graph":[{"@type":"WebPage","@id":"https:\/\/repliquemangacine.fr\/katana-en-metal-one-piece\/sabre-du-pirate-gold-rogers-epee-de-ace\/","url":"https:\/\/repliquemangacine.fr\/katana-en-metal-one-piece\/sabre-du-pirate-gold-rogers-epee-de-ace\/","name":"Spada pirata Gold Rogers - One Piece - R\u00e9plique Manga Cin\u00e9","isPartOf":{"@id":"https:\/\/repliquemangacine.fr\/#website"},"primaryImageOfPage":{"@id":"https:\/\/repliquemangacine.fr\/katana-en-metal-one-piece\/sabre-du-pirate-gold-rogers-epee-de-ace\/#primaryimage"},"image":{"@id":"https:\/\/repliquemangacine.fr\/katana-en-metal-one-piece\/sabre-du-pirate-gold-rogers-epee-de-ace\/#primaryimage"},"thumbnailUrl":"https:\/\/repliquemangacine.fr\/wp-content\/uploads\/2024\/12\/Sabre-du-pirate-Gold-Rogers-One-piece.jpg","datePublished":"2024-12-08T14:19:27+00:00","dateModified":"2025-12-21T22:00:23+00:00","description":"Splendida spada pirata Gold Rogers di One Piece. Lama stretta in acciaio tricolore. Fodero laccato nero. Guardia a cucchiaio. Lunghezza 101 cm","breadcrumb":{"@id":"https:\/\/repliquemangacine.fr\/katana-en-metal-one-piece\/sabre-du-pirate-gold-rogers-epee-de-ace\/#breadcrumb"},"inLanguage":"it-IT","potentialAction":[{"@type":"ReadAction","target":["https:\/\/repliquemangacine.fr\/katana-en-metal-one-piece\/sabre-du-pirate-gold-rogers-epee-de-ace\/"]}]},{"@type":"ImageObject","inLanguage":"it-IT","@id":"https:\/\/repliquemangacine.fr\/katana-en-metal-one-piece\/sabre-du-pirate-gold-rogers-epee-de-ace\/#primaryimage","url":"https:\/\/repliquemangacine.fr\/wp-content\/uploads\/2024\/12\/Sabre-du-pirate-Gold-Rogers-One-piece.jpg","contentUrl":"https:\/\/repliquemangacine.fr\/wp-content\/uploads\/2024\/12\/Sabre-du-pirate-Gold-Rogers-One-piece.jpg","width":500,"height":500,"caption":"Sabre du pirate Gold Rogers dans One Piece"},{"@type":"BreadcrumbList","@id":"https:\/\/repliquemangacine.fr\/katana-en-metal-one-piece\/sabre-du-pirate-gold-rogers-epee-de-ace\/#breadcrumb","itemListElement":[{"@type":"ListItem","position":1,"name":"Accueil","item":"https:\/\/repliquemangacine.fr\/"},{"@type":"ListItem","position":2,"name":"Produits","item":"https:\/\/repliquemangacine.fr\/boutique\/"},{"@type":"ListItem","position":3,"name":"Sabre du pirate Gold Rogers"}]},{"@type":"WebSite","@id":"https:\/\/repliquemangacine.fr\/#website","url":"https:\/\/repliquemangacine.fr\/","name":"R\u00e9plique Manga Cin\u00e9","description":"","publisher":{"@id":"https:\/\/repliquemangacine.fr\/#organization"},"potentialAction":[{"@type":"SearchAction","target":{"@type":"EntryPoint","urlTemplate":"https:\/\/repliquemangacine.fr\/?s={search_term_string}"},"query-input":{"@type":"PropertyValueSpecification","valueRequired":true,"valueName":"search_term_string"}}],"inLanguage":"it-IT"},{"@type":"Organization","@id":"https:\/\/repliquemangacine.fr\/#organization","name":"R\u00e9plique Manga Cin\u00e9","url":"https:\/\/repliquemangacine.fr\/","logo":{"@type":"ImageObject","inLanguage":"it-IT","@id":"https:\/\/repliquemangacine.fr\/#\/schema\/logo\/image\/","url":"https:\/\/repliquemangacine.fr\/wp-content\/uploads\/2023\/10\/RMC-500250.png","contentUrl":"https:\/\/repliquemangacine.fr\/wp-content\/uploads\/2023\/10\/RMC-500250.png","width":500,"height":250,"caption":"R\u00e9plique Manga Cin\u00e9"},"image":{"@id":"https:\/\/repliquemangacine.fr\/#\/schema\/logo\/image\/"},"sameAs":["https:\/\/www.facebook.com\/RepliqueMangaCine","https:\/\/www.instagram.com\/repliquemangacine.fr\/"]}]}},"_links":{"self":[{"href":"https:\/\/repliquemangacine.fr\/it\/wp-json\/wp\/v2\/product\/79441","targetHints":{"allow":["GET"]}}],"collection":[{"href":"https:\/\/repliquemangacine.fr\/it\/wp-json\/wp\/v2\/product"}],"about":[{"href":"https:\/\/repliquemangacine.fr\/it\/wp-json\/wp\/v2\/types\/product"}],"wp:featuredmedia":[{"embeddable":true,"href":"https:\/\/repliquemangacine.fr\/it\/wp-json\/wp\/v2\/media\/79443"}],"wp:attachment":[{"href":"https:\/\/repliquemangacine.fr\/it\/wp-json\/wp\/v2\/media?parent=79441"}],"wp:term":[{"taxonomy":"product_brand","embeddable":true,"href":"https:\/\/repliquemangacine.fr\/it\/wp-json\/wp\/v2\/product_brand?post=79441"},{"taxonomy":"product_cat","embeddable":true,"href":"https:\/\/repliquemangacine.fr\/it\/wp-json\/wp\/v2\/product_cat?post=79441"},{"taxonomy":"product_tag","embeddable":true,"href":"https:\/\/repliquemangacine.fr\/it\/wp-json\/wp\/v2\/product_tag?post=79441"}],"curies":[{"name":"wp","href":"https:\/\/api.w.org\/{rel}","templated":true}]}}