





{"id":79410,"date":"2024-12-08T12:45:31","date_gmt":"2024-12-08T11:45:31","guid":{"rendered":"https:\/\/repliquemangacine.fr\/?post_type=product&#038;p=79410"},"modified":"2025-12-26T10:49:25","modified_gmt":"2025-12-26T09:49:25","slug":"tanto-de-trafalgar-law-one-piece","status":"publish","type":"product","link":"https:\/\/repliquemangacine.fr\/it\/tanto-mini-katana-one-piece\/tanto-de-trafalgar-law-one-piece\/","title":{"rendered":"Tanto di legge di Trafalgar - One Piece"},"content":{"rendered":"<h2>Tanto de Trafalgar Law: una replica fedele e dettagliata della leggendaria mini katana<\/h2>\n<p>Prima di tutto, scoprite il Tanto di Trafalgar Law, un'impressionante replica ispirata al famoso spadaccino e chirurgo della morte in <a href=\"https:\/\/onepiece.fandom.com\/fr\/wiki\/One_Piece_Encyclop%C3%A9die\" target=\"_blank\" rel=\"noopener noreferrer\">Un pezzo<\/a>. Questa mini katana ha una lama in acciaio bicolore, fedele al design dell'anime. L'impugnatura \u00e8 ricoperta da una treccia di cotone viola per una presa comoda e autentica. La guardia di pelliccia ha una forma specifica, elemento emblematico della spada di Law. Il fodero laccato nero decorato aggiunge un tocco elegante e realistico. Fornita con un supporto in ABS, ideale per essere esposta in una collezione. Infine, con una lunghezza della lama di 28 cm e una lunghezza complessiva di 45 cm, questa replica \u00e8 perfetta per gli appassionati. Che si tratti di decorazione, cosplay o collezione, questa Tanto \u00e8 un must per i fan di Trafalgar Law.<\/p>\n<h2>Tanto: una mini katana con un bordo temibile e un design unico.<\/h2>\n<p>La Tanto \u00e8 una versione pi\u00f9 corta della katana, utilizzata dai samurai per il combattimento ravvicinato e le tecniche rapide. Si distingue per la sua lama pi\u00f9 compatta, perfetta per attacchi rapidi e precisi. A differenza del wakizashi, il tanto viene spesso indossato come parte di un'armatura o attaccato a una cintura. Questo \u00e8 essenziale per combattere in spazi ristretti, dove una katana convenzionale sarebbe meno maneggevole. Oggi \u00e8 apprezzata per il suo fascino estetico e per il suo simbolismo guerriero. In One Piece, Trafalgar Law utilizza un'imponente katana, ma questa versione in miniatura si ispira al suo stile unico. Con il suo design fedele al mondo dell'anime, questa Tanto \u00e8 un pregiato oggetto da collezione. Il suo perfetto equilibrio tra maneggevolezza ed estetica lo rende un pezzo eccezionale per i fan delle armi giapponesi e di One Piece.<\/p>\n<h2>Replica Manga Cine: il mondo di One Piece a portata di mano<\/h2>\n<p>Su R\u00e9plique Manga Cine, troverete le pi\u00f9 belle repliche dell'universo di One Piece. Katane in metallo, legno o con LED. Collezionate le iconiche katane di Zoro, come ad esempio <a href=\"https:\/\/repliquemangacine.fr\/it\/videogiochi-manga-replica\/costume-intero-enma-katana-viola\/\">Enma<\/a>Wado Ichimonji e il <a href=\"https:\/\/repliquemangacine.fr\/it\/videogiochi-manga-replica\/katana-in-legno-kitetsu-zoro-one-piece\/\">Sandai Kitetsu<\/a>disponibile in versione classica o luminosa. Scoprite anche la leggendaria katana di Luffy, la <a href=\"https:\/\/repliquemangacine.fr\/it\/katana-luminosa\/katana-nidai-kitetsu-luminoso-luffy-one-piece\/\">Nidai Kitetsu, illuminato da LED<\/a> per un effetto spettacolare. Le nostre repliche sono realizzate con materiali di qualit\u00e0 e offrono realismo e solidit\u00e0. Se siete collezionisti, appassionati o fan di cosplay, le nostre spade sono perfette per arricchire la vostra collezione. Oltre alle spade, offriamo articoli e accessori ispirati al mondo di One Piece. In conclusione, tuffatevi nell'avventura e trovate l'arma perfetta per completare il vostro universo piratesco. R\u00e9plique Manga Cine \u00e8 il posto giusto per gli appassionati di spade mitiche e di oggetti da collezione.<\/p>","protected":false},"excerpt":{"rendered":"<p>Splendida mini katana (tanto) replica di Trafalgar Law in One Piece<\/p>\n<ul>\n<li>Lama in acciaio bicolore<\/li>\n<li>Manico rivestito di treccia di cotone viola<\/li>\n<li>Protezione del pelo appositamente sagomata<\/li>\n<li>Fodero laccato nero con decorazione<\/li>\n<li>Fornito con un piccolo supporto in ABS.<\/li>\n<li>Lunghezza lama: 28 cm - Lunghezza totale: 45 cm<\/li>\n<li>Peso con fodero: 240 gr<\/li>\n<\/ul>","protected":false},"featured_media":79413,"template":"","meta":[],"product_brand":[896],"product_cat":[36,121],"product_tag":[],"class_list":{"0":"post-79410","1":"product","2":"type-product","3":"status-publish","4":"has-post-thumbnail","6":"product_brand-replique-manga-cine","7":"product_cat-katana-one-piece","8":"product_cat-tanto-mini-katana-one-piece","10":"first","11":"instock","12":"taxable","13":"shipping-taxable","14":"purchasable","15":"product-type-simple"},"yoast_head":"<!-- This site is optimized with the Yoast SEO plugin v27.4 - https:\/\/yoast.com\/product\/yoast-seo-wordpress\/ -->\n<title>Tanto de Trafalgar Law - One Piece - R\u00e9plique Manga Cin\u00e9<\/title>\n<meta name=\"description\" content=\"D\u00e9couvrez ce superbe Tanto de Trafalgar Law dans le manga anim\u00e9 One Piece. Lame en acier. Garde en fourrure. Fourreau d\u00e9cor\u00e9. Livr\u00e9 avec support. 45cm\" \/>\n<meta name=\"robots\" content=\"index, follow, max-snippet:-1, max-image-preview:large, max-video-preview:-1\" \/>\n<link rel=\"canonical\" href=\"https:\/\/repliquemangacine.fr\/it\/tanto-mini-katana-one-piece\/tanto-de-trafalgar-law-one-piece\/\" \/>\n<meta property=\"og:locale\" content=\"it_IT\" \/>\n<meta property=\"og:type\" content=\"article\" \/>\n<meta property=\"og:title\" content=\"Tanto de Trafalgar Law - One Piece - R\u00e9plique Manga Cin\u00e9\" \/>\n<meta property=\"og:description\" content=\"D\u00e9couvrez ce superbe Tanto de Trafalgar Law dans le manga anim\u00e9 One Piece. Lame en acier. Garde en fourrure. Fourreau d\u00e9cor\u00e9. Livr\u00e9 avec support. 45cm\" \/>\n<meta property=\"og:url\" content=\"https:\/\/repliquemangacine.fr\/it\/tanto-mini-katana-one-piece\/tanto-de-trafalgar-law-one-piece\/\" \/>\n<meta property=\"og:site_name\" content=\"R\u00e9plique Manga Cin\u00e9\" \/>\n<meta property=\"article:publisher\" content=\"https:\/\/www.facebook.com\/RepliqueMangaCine\" \/>\n<meta property=\"article:modified_time\" content=\"2025-12-26T09:49:25+00:00\" \/>\n<meta property=\"og:image\" content=\"https:\/\/repliquemangacine.fr\/wp-content\/uploads\/2024\/12\/Tanto-trafalgar-Law.jpg\" \/>\n\t<meta property=\"og:image:width\" content=\"500\" \/>\n\t<meta property=\"og:image:height\" content=\"500\" \/>\n\t<meta property=\"og:image:type\" content=\"image\/jpeg\" \/>\n<meta name=\"twitter:card\" content=\"summary_large_image\" \/>\n<meta name=\"twitter:label1\" content=\"Tempo di lettura stimato\" \/>\n\t<meta name=\"twitter:data1\" content=\"3 minuti\" \/>\n<script type=\"application\/ld+json\" class=\"yoast-schema-graph\">{\"@context\":\"https:\\\/\\\/schema.org\",\"@graph\":[{\"@type\":\"WebPage\",\"@id\":\"https:\\\/\\\/repliquemangacine.fr\\\/tanto-mini-katana-one-piece\\\/tanto-de-trafalgar-law-one-piece\\\/\",\"url\":\"https:\\\/\\\/repliquemangacine.fr\\\/tanto-mini-katana-one-piece\\\/tanto-de-trafalgar-law-one-piece\\\/\",\"name\":\"Tanto de Trafalgar Law - One Piece - R\u00e9plique Manga Cin\u00e9\",\"isPartOf\":{\"@id\":\"https:\\\/\\\/repliquemangacine.fr\\\/#website\"},\"primaryImageOfPage\":{\"@id\":\"https:\\\/\\\/repliquemangacine.fr\\\/tanto-mini-katana-one-piece\\\/tanto-de-trafalgar-law-one-piece\\\/#primaryimage\"},\"image\":{\"@id\":\"https:\\\/\\\/repliquemangacine.fr\\\/tanto-mini-katana-one-piece\\\/tanto-de-trafalgar-law-one-piece\\\/#primaryimage\"},\"thumbnailUrl\":\"https:\\\/\\\/repliquemangacine.fr\\\/wp-content\\\/uploads\\\/2024\\\/12\\\/Tanto-trafalgar-Law.jpg\",\"datePublished\":\"2024-12-08T11:45:31+00:00\",\"dateModified\":\"2025-12-26T09:49:25+00:00\",\"description\":\"D\u00e9couvrez ce superbe Tanto de Trafalgar Law dans le manga anim\u00e9 One Piece. Lame en acier. Garde en fourrure. Fourreau d\u00e9cor\u00e9. Livr\u00e9 avec support. 45cm\",\"breadcrumb\":{\"@id\":\"https:\\\/\\\/repliquemangacine.fr\\\/tanto-mini-katana-one-piece\\\/tanto-de-trafalgar-law-one-piece\\\/#breadcrumb\"},\"inLanguage\":\"it-IT\",\"potentialAction\":[{\"@type\":\"ReadAction\",\"target\":[\"https:\\\/\\\/repliquemangacine.fr\\\/tanto-mini-katana-one-piece\\\/tanto-de-trafalgar-law-one-piece\\\/\"]}]},{\"@type\":\"ImageObject\",\"inLanguage\":\"it-IT\",\"@id\":\"https:\\\/\\\/repliquemangacine.fr\\\/tanto-mini-katana-one-piece\\\/tanto-de-trafalgar-law-one-piece\\\/#primaryimage\",\"url\":\"https:\\\/\\\/repliquemangacine.fr\\\/wp-content\\\/uploads\\\/2024\\\/12\\\/Tanto-trafalgar-Law.jpg\",\"contentUrl\":\"https:\\\/\\\/repliquemangacine.fr\\\/wp-content\\\/uploads\\\/2024\\\/12\\\/Tanto-trafalgar-Law.jpg\",\"width\":500,\"height\":500,\"caption\":\"Tanto de Trafalgar Law dans One Piece\"},{\"@type\":\"BreadcrumbList\",\"@id\":\"https:\\\/\\\/repliquemangacine.fr\\\/tanto-mini-katana-one-piece\\\/tanto-de-trafalgar-law-one-piece\\\/#breadcrumb\",\"itemListElement\":[{\"@type\":\"ListItem\",\"position\":1,\"name\":\"Accueil\",\"item\":\"https:\\\/\\\/repliquemangacine.fr\\\/\"},{\"@type\":\"ListItem\",\"position\":2,\"name\":\"Produits\",\"item\":\"https:\\\/\\\/repliquemangacine.fr\\\/boutique\\\/\"},{\"@type\":\"ListItem\",\"position\":3,\"name\":\"Tanto de Trafalgar Law &#8211; One Piece\"}]},{\"@type\":\"WebSite\",\"@id\":\"https:\\\/\\\/repliquemangacine.fr\\\/#website\",\"url\":\"https:\\\/\\\/repliquemangacine.fr\\\/\",\"name\":\"R\u00e9plique Manga Cin\u00e9\",\"description\":\"\",\"publisher\":{\"@id\":\"https:\\\/\\\/repliquemangacine.fr\\\/#organization\"},\"potentialAction\":[{\"@type\":\"SearchAction\",\"target\":{\"@type\":\"EntryPoint\",\"urlTemplate\":\"https:\\\/\\\/repliquemangacine.fr\\\/?s={search_term_string}\"},\"query-input\":{\"@type\":\"PropertyValueSpecification\",\"valueRequired\":true,\"valueName\":\"search_term_string\"}}],\"inLanguage\":\"it-IT\"},{\"@type\":\"Organization\",\"@id\":\"https:\\\/\\\/repliquemangacine.fr\\\/#organization\",\"name\":\"R\u00e9plique Manga Cin\u00e9\",\"url\":\"https:\\\/\\\/repliquemangacine.fr\\\/\",\"logo\":{\"@type\":\"ImageObject\",\"inLanguage\":\"it-IT\",\"@id\":\"https:\\\/\\\/repliquemangacine.fr\\\/#\\\/schema\\\/logo\\\/image\\\/\",\"url\":\"https:\\\/\\\/repliquemangacine.fr\\\/wp-content\\\/uploads\\\/2023\\\/10\\\/RMC-500250.png\",\"contentUrl\":\"https:\\\/\\\/repliquemangacine.fr\\\/wp-content\\\/uploads\\\/2023\\\/10\\\/RMC-500250.png\",\"width\":500,\"height\":250,\"caption\":\"R\u00e9plique Manga Cin\u00e9\"},\"image\":{\"@id\":\"https:\\\/\\\/repliquemangacine.fr\\\/#\\\/schema\\\/logo\\\/image\\\/\"},\"sameAs\":[\"https:\\\/\\\/www.facebook.com\\\/RepliqueMangaCine\",\"https:\\\/\\\/www.instagram.com\\\/repliquemangacine.fr\\\/\"]}]}<\/script>\n<!-- \/ Yoast SEO plugin. -->","yoast_head_json":{"title":"Tanto di legge di Trafalgar - One Piece - R\u00e9plique Manga Cin\u00e9","description":"Scoprite questo superbo Tanto di Trafalgar Law nel manga animato One Piece. Lama in acciaio. Guardia in pelliccia. Fodero decorato. Fornito con supporto. Lunghezza 45 cm","robots":{"index":"index","follow":"follow","max-snippet":"max-snippet:-1","max-image-preview":"max-image-preview:large","max-video-preview":"max-video-preview:-1"},"canonical":"https:\/\/repliquemangacine.fr\/it\/tanto-mini-katana-one-piece\/tanto-de-trafalgar-law-one-piece\/","og_locale":"it_IT","og_type":"article","og_title":"Tanto de Trafalgar Law - One Piece - R\u00e9plique Manga Cin\u00e9","og_description":"D\u00e9couvrez ce superbe Tanto de Trafalgar Law dans le manga anim\u00e9 One Piece. Lame en acier. Garde en fourrure. Fourreau d\u00e9cor\u00e9. Livr\u00e9 avec support. 45cm","og_url":"https:\/\/repliquemangacine.fr\/it\/tanto-mini-katana-one-piece\/tanto-de-trafalgar-law-one-piece\/","og_site_name":"R\u00e9plique Manga Cin\u00e9","article_publisher":"https:\/\/www.facebook.com\/RepliqueMangaCine","article_modified_time":"2025-12-26T09:49:25+00:00","og_image":[{"width":500,"height":500,"url":"https:\/\/repliquemangacine.fr\/wp-content\/uploads\/2024\/12\/Tanto-trafalgar-Law.jpg","type":"image\/jpeg"}],"twitter_card":"summary_large_image","twitter_misc":{"Tempo di lettura stimato":"3 minuti"},"schema":{"@context":"https:\/\/schema.org","@graph":[{"@type":"WebPage","@id":"https:\/\/repliquemangacine.fr\/tanto-mini-katana-one-piece\/tanto-de-trafalgar-law-one-piece\/","url":"https:\/\/repliquemangacine.fr\/tanto-mini-katana-one-piece\/tanto-de-trafalgar-law-one-piece\/","name":"Tanto di legge di Trafalgar - One Piece - R\u00e9plique Manga Cin\u00e9","isPartOf":{"@id":"https:\/\/repliquemangacine.fr\/#website"},"primaryImageOfPage":{"@id":"https:\/\/repliquemangacine.fr\/tanto-mini-katana-one-piece\/tanto-de-trafalgar-law-one-piece\/#primaryimage"},"image":{"@id":"https:\/\/repliquemangacine.fr\/tanto-mini-katana-one-piece\/tanto-de-trafalgar-law-one-piece\/#primaryimage"},"thumbnailUrl":"https:\/\/repliquemangacine.fr\/wp-content\/uploads\/2024\/12\/Tanto-trafalgar-Law.jpg","datePublished":"2024-12-08T11:45:31+00:00","dateModified":"2025-12-26T09:49:25+00:00","description":"Scoprite questo superbo Tanto di Trafalgar Law nel manga animato One Piece. Lama in acciaio. Guardia in pelliccia. Fodero decorato. Fornito con supporto. Lunghezza 45 cm","breadcrumb":{"@id":"https:\/\/repliquemangacine.fr\/tanto-mini-katana-one-piece\/tanto-de-trafalgar-law-one-piece\/#breadcrumb"},"inLanguage":"it-IT","potentialAction":[{"@type":"ReadAction","target":["https:\/\/repliquemangacine.fr\/tanto-mini-katana-one-piece\/tanto-de-trafalgar-law-one-piece\/"]}]},{"@type":"ImageObject","inLanguage":"it-IT","@id":"https:\/\/repliquemangacine.fr\/tanto-mini-katana-one-piece\/tanto-de-trafalgar-law-one-piece\/#primaryimage","url":"https:\/\/repliquemangacine.fr\/wp-content\/uploads\/2024\/12\/Tanto-trafalgar-Law.jpg","contentUrl":"https:\/\/repliquemangacine.fr\/wp-content\/uploads\/2024\/12\/Tanto-trafalgar-Law.jpg","width":500,"height":500,"caption":"Tanto de Trafalgar Law dans One Piece"},{"@type":"BreadcrumbList","@id":"https:\/\/repliquemangacine.fr\/tanto-mini-katana-one-piece\/tanto-de-trafalgar-law-one-piece\/#breadcrumb","itemListElement":[{"@type":"ListItem","position":1,"name":"Accueil","item":"https:\/\/repliquemangacine.fr\/"},{"@type":"ListItem","position":2,"name":"Produits","item":"https:\/\/repliquemangacine.fr\/boutique\/"},{"@type":"ListItem","position":3,"name":"Tanto de Trafalgar Law &#8211; One Piece"}]},{"@type":"WebSite","@id":"https:\/\/repliquemangacine.fr\/#website","url":"https:\/\/repliquemangacine.fr\/","name":"R\u00e9plique Manga Cin\u00e9","description":"","publisher":{"@id":"https:\/\/repliquemangacine.fr\/#organization"},"potentialAction":[{"@type":"SearchAction","target":{"@type":"EntryPoint","urlTemplate":"https:\/\/repliquemangacine.fr\/?s={search_term_string}"},"query-input":{"@type":"PropertyValueSpecification","valueRequired":true,"valueName":"search_term_string"}}],"inLanguage":"it-IT"},{"@type":"Organization","@id":"https:\/\/repliquemangacine.fr\/#organization","name":"R\u00e9plique Manga Cin\u00e9","url":"https:\/\/repliquemangacine.fr\/","logo":{"@type":"ImageObject","inLanguage":"it-IT","@id":"https:\/\/repliquemangacine.fr\/#\/schema\/logo\/image\/","url":"https:\/\/repliquemangacine.fr\/wp-content\/uploads\/2023\/10\/RMC-500250.png","contentUrl":"https:\/\/repliquemangacine.fr\/wp-content\/uploads\/2023\/10\/RMC-500250.png","width":500,"height":250,"caption":"R\u00e9plique Manga Cin\u00e9"},"image":{"@id":"https:\/\/repliquemangacine.fr\/#\/schema\/logo\/image\/"},"sameAs":["https:\/\/www.facebook.com\/RepliqueMangaCine","https:\/\/www.instagram.com\/repliquemangacine.fr\/"]}]}},"_links":{"self":[{"href":"https:\/\/repliquemangacine.fr\/it\/wp-json\/wp\/v2\/product\/79410","targetHints":{"allow":["GET"]}}],"collection":[{"href":"https:\/\/repliquemangacine.fr\/it\/wp-json\/wp\/v2\/product"}],"about":[{"href":"https:\/\/repliquemangacine.fr\/it\/wp-json\/wp\/v2\/types\/product"}],"wp:featuredmedia":[{"embeddable":true,"href":"https:\/\/repliquemangacine.fr\/it\/wp-json\/wp\/v2\/media\/79413"}],"wp:attachment":[{"href":"https:\/\/repliquemangacine.fr\/it\/wp-json\/wp\/v2\/media?parent=79410"}],"wp:term":[{"taxonomy":"product_brand","embeddable":true,"href":"https:\/\/repliquemangacine.fr\/it\/wp-json\/wp\/v2\/product_brand?post=79410"},{"taxonomy":"product_cat","embeddable":true,"href":"https:\/\/repliquemangacine.fr\/it\/wp-json\/wp\/v2\/product_cat?post=79410"},{"taxonomy":"product_tag","embeddable":true,"href":"https:\/\/repliquemangacine.fr\/it\/wp-json\/wp\/v2\/product_tag?post=79410"}],"curies":[{"name":"wp","href":"https:\/\/api.w.org\/{rel}","templated":true}]}}