





{"id":79402,"date":"2024-12-08T12:21:18","date_gmt":"2024-12-08T11:21:18","guid":{"rendered":"https:\/\/repliquemangacine.fr\/?post_type=product&#038;p=79402"},"modified":"2025-12-24T00:08:42","modified_gmt":"2025-12-23T23:08:42","slug":"tanto-dichigo-kurosaki-zanpakuto-bleach","status":"publish","type":"product","link":"https:\/\/repliquemangacine.fr\/it\/katana-bleach\/tanto-dichigo-kurosaki-zanpakuto-bleach\/","title":{"rendered":"Tanto d'ichigo Kurosaki - Zanpakuto Bleach"},"content":{"rendered":"<h2>Tanto di Ichigo Kurosaki: una replica fedele ed elegante dello Zangetsu in miniatura.<\/h2>\n<p>Prima di tutto, scoprite la Tanto di Ichigo Kurosaki, un'eccezionale replica ispirata alla leggendaria Zangetsu in <a href=\"https:\/\/bleach.fandom.com\/fr\/wiki\/Bleach_Wiki\" target=\"_blank\" rel=\"noopener noreferrer\">Candeggina<\/a>. La lama in acciaio nero simboleggia l'energia spirituale di chi lo indossa. L'impugnatura \u00e8 ricoperta da una treccia di cotone nero per una presa comoda e autentica. Una piccola catena di metallo \u00e8 attaccata all'impugnatura, aggiungendo un tocco di fedelt\u00e0 all'anime. La guardia in ABS ha una forma specifica, perfettamente riprodotta per un aspetto realistico. Il fodero laccato nero protegge la lama e ne rafforza l'estetica sobria e potente. Fornito con un supporto in ABS, ideale per essere esposto in una collezione. Con una lunghezza della lama di 28 cm e una lunghezza complessiva di 45 cm, questa replica \u00e8 perfetta per tutti i fan di Bleach e del potente Shinigami Ichigo Kurosaki.<\/p>\n<h2>Shikai e Bankai: l'evoluzione del potere di Zanpakut\u014d in Bleach<\/h2>\n<p>In Bleach, le Zanpakut\u014d hanno due forme di evoluzione: Shikai e Bankai. Ogni Shinigami deve sbloccare il proprio Shikai stabilendo un legame profondo con la propria spada. Inoltre, questa prima trasformazione rivela parte del vero potere dell'arma. Ad esempio, la Zangetsu nello Shikai diventa una lama enorme che Ichigo brandisce con velocit\u00e0 fulminea. Il Bankai, invece, \u00e8 una trasformazione definitiva che sprigiona tutta la potenza della spada. Ichigo attiva il suo Bankai, Tensa Zangetsu, che trasforma la sua lama in una katana pi\u00f9 fine e veloce, aumentando le sue capacit\u00e0 in modo esponenziale. Va notato che ogni Shinigami ha un Bankai unico, che amplifica i suoi poteri in modo spettacolare. Byakuya Kuchiki, T\u014dshir\u014d Hitsugaya e Rukia Kuchiki sono tutti dotati di Bankai con capacit\u00e0 impressionanti. Questo Tanto ispirato a Zangetsu \u00e8 un perfetto tributo all'evoluzione dello Zanpakut\u014d nell'universo di Bleach.<\/p>\n<h2>Replica Manga Cine: il mondo di Bleach in katane e repliche uniche<\/h2>\n<p>Al Replica Manga Cine, immergetevi nel mondo degli Shinigami con le fedeli repliche delle katane di Bleach. Scoprite il leggendario<a href=\"https:\/\/repliquemangacine.fr\/it\/katana-bleach\/doppio-zangetsu-ichigo-bleach-zanpakuto\/\"> Zangetsu di Ichigo<\/a>in versione singola o Double Zangetsu, ispirata alla fusione con il suo Hollow interiore. Ci sono anche i sublimi <a href=\"https:\/\/repliquemangacine.fr\/it\/katana-bleach\/katana-rukia-zanpakuto-shirayuki-rukia-kuchiki\/\">Spade Rukia Kuchiki<\/a>Byakuya Kuchiki e T\u014dshir\u014d Hitsugaya, disponibili in versione metallo o legno. Le nostre repliche sono realizzate con materiali di alta qualit\u00e0, perfetti per i collezionisti e gli appassionati di cosplay. Infine, sia che siate fan del Bankai di Senbonzakura, il <a href=\"https:\/\/repliquemangacine.fr\/it\/katana-bleach\/katana-di-toshiro-hitsugaya-zanpakuto-hyorinmaru\/\">Il gelido Hy\u014drinmaru di Hitsugaya<\/a> o la Sode no Shirayuki di Rukia, abbiamo la katana che fa per voi. In conclusione, le nostre spade combinano realismo e dettagli minuziosi per un'immersione totale nell'universo di Bleach. Trova la tua arma Shinigami ideale su R\u00e9plique Manga Cine, il negozio essenziale per gli appassionati di spade e oggetti da collezione.<\/p>","protected":false},"excerpt":{"rendered":"<p>Superba mini-katana (tanto) replica di Ichigo Kurosaki ispirata al manga Bleach.<\/p>\n<ul>\n<li>Lama in acciaio nero<\/li>\n<li>Manico rivestito con treccia di cotone nero<\/li>\n<li>Catena piccola<\/li>\n<li>Protezione in ABS con forma specifica<\/li>\n<li>Fodero laccato nero<\/li>\n<li>Fornito con un piccolo supporto in ABS.<\/li>\n<li>Lunghezza lama: 28 cm - Lunghezza totale: 45 cm<\/li>\n<li>Peso: 260 g con fodero<\/li>\n<\/ul>","protected":false},"featured_media":79405,"template":"","meta":[],"product_brand":[896],"product_cat":[30],"product_tag":[],"class_list":{"0":"post-79402","1":"product","2":"type-product","3":"status-publish","4":"has-post-thumbnail","6":"product_brand-replique-manga-cine","7":"product_cat-katana-bleach","9":"first","10":"instock","11":"taxable","12":"shipping-taxable","13":"purchasable","14":"product-type-simple"},"yoast_head":"<!-- This site is optimized with the Yoast SEO plugin v27.4 - https:\/\/yoast.com\/product\/yoast-seo-wordpress\/ -->\n<title>Tanto d&#039;ichigo Kurosaki - Zanpakuto Bleach - R\u00e9plique Manga Cin\u00e9<\/title>\n<meta name=\"description\" content=\"D\u00e9couvrez ce superbe Tanto d&#039;ichigo Kurosaki dans Bleach. Ce mini Zanpakuto \u00e0 une lame en acier. Garde en ABS. Livr\u00e9 avec son support. 45 cm\" \/>\n<meta name=\"robots\" content=\"index, follow, max-snippet:-1, max-image-preview:large, max-video-preview:-1\" \/>\n<link rel=\"canonical\" href=\"https:\/\/repliquemangacine.fr\/it\/katana-bleach\/tanto-dichigo-kurosaki-zanpakuto-bleach\/\" \/>\n<meta property=\"og:locale\" content=\"it_IT\" \/>\n<meta property=\"og:type\" content=\"article\" \/>\n<meta property=\"og:title\" content=\"Tanto d&#039;ichigo Kurosaki - Zanpakuto Bleach - R\u00e9plique Manga Cin\u00e9\" \/>\n<meta property=\"og:description\" content=\"D\u00e9couvrez ce superbe Tanto d&#039;ichigo Kurosaki dans Bleach. Ce mini Zanpakuto \u00e0 une lame en acier. Garde en ABS. Livr\u00e9 avec son support. 45 cm\" \/>\n<meta property=\"og:url\" content=\"https:\/\/repliquemangacine.fr\/it\/katana-bleach\/tanto-dichigo-kurosaki-zanpakuto-bleach\/\" \/>\n<meta property=\"og:site_name\" content=\"R\u00e9plique Manga Cin\u00e9\" \/>\n<meta property=\"article:publisher\" content=\"https:\/\/www.facebook.com\/RepliqueMangaCine\" \/>\n<meta property=\"article:modified_time\" content=\"2025-12-23T23:08:42+00:00\" \/>\n<meta property=\"og:image\" content=\"https:\/\/repliquemangacine.fr\/wp-content\/uploads\/2024\/12\/Tanto-dichigo-Kurosaki.jpg\" \/>\n\t<meta property=\"og:image:width\" content=\"500\" \/>\n\t<meta property=\"og:image:height\" content=\"500\" \/>\n\t<meta property=\"og:image:type\" content=\"image\/jpeg\" \/>\n<meta name=\"twitter:card\" content=\"summary_large_image\" \/>\n<meta name=\"twitter:label1\" content=\"Tempo di lettura stimato\" \/>\n\t<meta name=\"twitter:data1\" content=\"3 minuti\" \/>\n<script type=\"application\/ld+json\" class=\"yoast-schema-graph\">{\"@context\":\"https:\\\/\\\/schema.org\",\"@graph\":[{\"@type\":\"WebPage\",\"@id\":\"https:\\\/\\\/repliquemangacine.fr\\\/katana-bleach\\\/tanto-dichigo-kurosaki-zanpakuto-bleach\\\/\",\"url\":\"https:\\\/\\\/repliquemangacine.fr\\\/katana-bleach\\\/tanto-dichigo-kurosaki-zanpakuto-bleach\\\/\",\"name\":\"Tanto d'ichigo Kurosaki - Zanpakuto Bleach - R\u00e9plique Manga Cin\u00e9\",\"isPartOf\":{\"@id\":\"https:\\\/\\\/repliquemangacine.fr\\\/#website\"},\"primaryImageOfPage\":{\"@id\":\"https:\\\/\\\/repliquemangacine.fr\\\/katana-bleach\\\/tanto-dichigo-kurosaki-zanpakuto-bleach\\\/#primaryimage\"},\"image\":{\"@id\":\"https:\\\/\\\/repliquemangacine.fr\\\/katana-bleach\\\/tanto-dichigo-kurosaki-zanpakuto-bleach\\\/#primaryimage\"},\"thumbnailUrl\":\"https:\\\/\\\/repliquemangacine.fr\\\/wp-content\\\/uploads\\\/2024\\\/12\\\/Tanto-dichigo-Kurosaki.jpg\",\"datePublished\":\"2024-12-08T11:21:18+00:00\",\"dateModified\":\"2025-12-23T23:08:42+00:00\",\"description\":\"D\u00e9couvrez ce superbe Tanto d'ichigo Kurosaki dans Bleach. Ce mini Zanpakuto \u00e0 une lame en acier. Garde en ABS. Livr\u00e9 avec son support. 45 cm\",\"breadcrumb\":{\"@id\":\"https:\\\/\\\/repliquemangacine.fr\\\/katana-bleach\\\/tanto-dichigo-kurosaki-zanpakuto-bleach\\\/#breadcrumb\"},\"inLanguage\":\"it-IT\",\"potentialAction\":[{\"@type\":\"ReadAction\",\"target\":[\"https:\\\/\\\/repliquemangacine.fr\\\/katana-bleach\\\/tanto-dichigo-kurosaki-zanpakuto-bleach\\\/\"]}]},{\"@type\":\"ImageObject\",\"inLanguage\":\"it-IT\",\"@id\":\"https:\\\/\\\/repliquemangacine.fr\\\/katana-bleach\\\/tanto-dichigo-kurosaki-zanpakuto-bleach\\\/#primaryimage\",\"url\":\"https:\\\/\\\/repliquemangacine.fr\\\/wp-content\\\/uploads\\\/2024\\\/12\\\/Tanto-dichigo-Kurosaki.jpg\",\"contentUrl\":\"https:\\\/\\\/repliquemangacine.fr\\\/wp-content\\\/uploads\\\/2024\\\/12\\\/Tanto-dichigo-Kurosaki.jpg\",\"width\":500,\"height\":500,\"caption\":\"Tanto d'ichigo Kurosaki dans Bleach\"},{\"@type\":\"BreadcrumbList\",\"@id\":\"https:\\\/\\\/repliquemangacine.fr\\\/katana-bleach\\\/tanto-dichigo-kurosaki-zanpakuto-bleach\\\/#breadcrumb\",\"itemListElement\":[{\"@type\":\"ListItem\",\"position\":1,\"name\":\"Accueil\",\"item\":\"https:\\\/\\\/repliquemangacine.fr\\\/\"},{\"@type\":\"ListItem\",\"position\":2,\"name\":\"Produits\",\"item\":\"https:\\\/\\\/repliquemangacine.fr\\\/boutique\\\/\"},{\"@type\":\"ListItem\",\"position\":3,\"name\":\"Tanto d&#8217;ichigo Kurosaki &#8211; Zanpakuto Bleach\"}]},{\"@type\":\"WebSite\",\"@id\":\"https:\\\/\\\/repliquemangacine.fr\\\/#website\",\"url\":\"https:\\\/\\\/repliquemangacine.fr\\\/\",\"name\":\"R\u00e9plique Manga Cin\u00e9\",\"description\":\"\",\"publisher\":{\"@id\":\"https:\\\/\\\/repliquemangacine.fr\\\/#organization\"},\"potentialAction\":[{\"@type\":\"SearchAction\",\"target\":{\"@type\":\"EntryPoint\",\"urlTemplate\":\"https:\\\/\\\/repliquemangacine.fr\\\/?s={search_term_string}\"},\"query-input\":{\"@type\":\"PropertyValueSpecification\",\"valueRequired\":true,\"valueName\":\"search_term_string\"}}],\"inLanguage\":\"it-IT\"},{\"@type\":\"Organization\",\"@id\":\"https:\\\/\\\/repliquemangacine.fr\\\/#organization\",\"name\":\"R\u00e9plique Manga Cin\u00e9\",\"url\":\"https:\\\/\\\/repliquemangacine.fr\\\/\",\"logo\":{\"@type\":\"ImageObject\",\"inLanguage\":\"it-IT\",\"@id\":\"https:\\\/\\\/repliquemangacine.fr\\\/#\\\/schema\\\/logo\\\/image\\\/\",\"url\":\"https:\\\/\\\/repliquemangacine.fr\\\/wp-content\\\/uploads\\\/2023\\\/10\\\/RMC-500250.png\",\"contentUrl\":\"https:\\\/\\\/repliquemangacine.fr\\\/wp-content\\\/uploads\\\/2023\\\/10\\\/RMC-500250.png\",\"width\":500,\"height\":250,\"caption\":\"R\u00e9plique Manga Cin\u00e9\"},\"image\":{\"@id\":\"https:\\\/\\\/repliquemangacine.fr\\\/#\\\/schema\\\/logo\\\/image\\\/\"},\"sameAs\":[\"https:\\\/\\\/www.facebook.com\\\/RepliqueMangaCine\",\"https:\\\/\\\/www.instagram.com\\\/repliquemangacine.fr\\\/\"]}]}<\/script>\n<!-- \/ Yoast SEO plugin. -->","yoast_head_json":{"title":"Tanto d'ichigo Kurosaki - Zanpakuto Bleach - R\u00e9plique Manga Cin\u00e9","description":"Scopri questa superba Tanto di Ichigo Kurosaki in Bleach. Questa mini Zanpakuto ha una lama in acciaio. Guardia in ABS. Consegnata con il suo supporto. Lunghezza 45 cm","robots":{"index":"index","follow":"follow","max-snippet":"max-snippet:-1","max-image-preview":"max-image-preview:large","max-video-preview":"max-video-preview:-1"},"canonical":"https:\/\/repliquemangacine.fr\/it\/katana-bleach\/tanto-dichigo-kurosaki-zanpakuto-bleach\/","og_locale":"it_IT","og_type":"article","og_title":"Tanto d'ichigo Kurosaki - Zanpakuto Bleach - R\u00e9plique Manga Cin\u00e9","og_description":"D\u00e9couvrez ce superbe Tanto d'ichigo Kurosaki dans Bleach. Ce mini Zanpakuto \u00e0 une lame en acier. Garde en ABS. Livr\u00e9 avec son support. 45 cm","og_url":"https:\/\/repliquemangacine.fr\/it\/katana-bleach\/tanto-dichigo-kurosaki-zanpakuto-bleach\/","og_site_name":"R\u00e9plique Manga Cin\u00e9","article_publisher":"https:\/\/www.facebook.com\/RepliqueMangaCine","article_modified_time":"2025-12-23T23:08:42+00:00","og_image":[{"width":500,"height":500,"url":"https:\/\/repliquemangacine.fr\/wp-content\/uploads\/2024\/12\/Tanto-dichigo-Kurosaki.jpg","type":"image\/jpeg"}],"twitter_card":"summary_large_image","twitter_misc":{"Tempo di lettura stimato":"3 minuti"},"schema":{"@context":"https:\/\/schema.org","@graph":[{"@type":"WebPage","@id":"https:\/\/repliquemangacine.fr\/katana-bleach\/tanto-dichigo-kurosaki-zanpakuto-bleach\/","url":"https:\/\/repliquemangacine.fr\/katana-bleach\/tanto-dichigo-kurosaki-zanpakuto-bleach\/","name":"Tanto d'ichigo Kurosaki - Zanpakuto Bleach - R\u00e9plique Manga Cin\u00e9","isPartOf":{"@id":"https:\/\/repliquemangacine.fr\/#website"},"primaryImageOfPage":{"@id":"https:\/\/repliquemangacine.fr\/katana-bleach\/tanto-dichigo-kurosaki-zanpakuto-bleach\/#primaryimage"},"image":{"@id":"https:\/\/repliquemangacine.fr\/katana-bleach\/tanto-dichigo-kurosaki-zanpakuto-bleach\/#primaryimage"},"thumbnailUrl":"https:\/\/repliquemangacine.fr\/wp-content\/uploads\/2024\/12\/Tanto-dichigo-Kurosaki.jpg","datePublished":"2024-12-08T11:21:18+00:00","dateModified":"2025-12-23T23:08:42+00:00","description":"Scopri questa superba Tanto di Ichigo Kurosaki in Bleach. Questa mini Zanpakuto ha una lama in acciaio. Guardia in ABS. Consegnata con il suo supporto. Lunghezza 45 cm","breadcrumb":{"@id":"https:\/\/repliquemangacine.fr\/katana-bleach\/tanto-dichigo-kurosaki-zanpakuto-bleach\/#breadcrumb"},"inLanguage":"it-IT","potentialAction":[{"@type":"ReadAction","target":["https:\/\/repliquemangacine.fr\/katana-bleach\/tanto-dichigo-kurosaki-zanpakuto-bleach\/"]}]},{"@type":"ImageObject","inLanguage":"it-IT","@id":"https:\/\/repliquemangacine.fr\/katana-bleach\/tanto-dichigo-kurosaki-zanpakuto-bleach\/#primaryimage","url":"https:\/\/repliquemangacine.fr\/wp-content\/uploads\/2024\/12\/Tanto-dichigo-Kurosaki.jpg","contentUrl":"https:\/\/repliquemangacine.fr\/wp-content\/uploads\/2024\/12\/Tanto-dichigo-Kurosaki.jpg","width":500,"height":500,"caption":"Tanto d'ichigo Kurosaki dans Bleach"},{"@type":"BreadcrumbList","@id":"https:\/\/repliquemangacine.fr\/katana-bleach\/tanto-dichigo-kurosaki-zanpakuto-bleach\/#breadcrumb","itemListElement":[{"@type":"ListItem","position":1,"name":"Accueil","item":"https:\/\/repliquemangacine.fr\/"},{"@type":"ListItem","position":2,"name":"Produits","item":"https:\/\/repliquemangacine.fr\/boutique\/"},{"@type":"ListItem","position":3,"name":"Tanto d&#8217;ichigo Kurosaki &#8211; Zanpakuto Bleach"}]},{"@type":"WebSite","@id":"https:\/\/repliquemangacine.fr\/#website","url":"https:\/\/repliquemangacine.fr\/","name":"R\u00e9plique Manga Cin\u00e9","description":"","publisher":{"@id":"https:\/\/repliquemangacine.fr\/#organization"},"potentialAction":[{"@type":"SearchAction","target":{"@type":"EntryPoint","urlTemplate":"https:\/\/repliquemangacine.fr\/?s={search_term_string}"},"query-input":{"@type":"PropertyValueSpecification","valueRequired":true,"valueName":"search_term_string"}}],"inLanguage":"it-IT"},{"@type":"Organization","@id":"https:\/\/repliquemangacine.fr\/#organization","name":"R\u00e9plique Manga Cin\u00e9","url":"https:\/\/repliquemangacine.fr\/","logo":{"@type":"ImageObject","inLanguage":"it-IT","@id":"https:\/\/repliquemangacine.fr\/#\/schema\/logo\/image\/","url":"https:\/\/repliquemangacine.fr\/wp-content\/uploads\/2023\/10\/RMC-500250.png","contentUrl":"https:\/\/repliquemangacine.fr\/wp-content\/uploads\/2023\/10\/RMC-500250.png","width":500,"height":250,"caption":"R\u00e9plique Manga Cin\u00e9"},"image":{"@id":"https:\/\/repliquemangacine.fr\/#\/schema\/logo\/image\/"},"sameAs":["https:\/\/www.facebook.com\/RepliqueMangaCine","https:\/\/www.instagram.com\/repliquemangacine.fr\/"]}]}},"_links":{"self":[{"href":"https:\/\/repliquemangacine.fr\/it\/wp-json\/wp\/v2\/product\/79402","targetHints":{"allow":["GET"]}}],"collection":[{"href":"https:\/\/repliquemangacine.fr\/it\/wp-json\/wp\/v2\/product"}],"about":[{"href":"https:\/\/repliquemangacine.fr\/it\/wp-json\/wp\/v2\/types\/product"}],"wp:featuredmedia":[{"embeddable":true,"href":"https:\/\/repliquemangacine.fr\/it\/wp-json\/wp\/v2\/media\/79405"}],"wp:attachment":[{"href":"https:\/\/repliquemangacine.fr\/it\/wp-json\/wp\/v2\/media?parent=79402"}],"wp:term":[{"taxonomy":"product_brand","embeddable":true,"href":"https:\/\/repliquemangacine.fr\/it\/wp-json\/wp\/v2\/product_brand?post=79402"},{"taxonomy":"product_cat","embeddable":true,"href":"https:\/\/repliquemangacine.fr\/it\/wp-json\/wp\/v2\/product_cat?post=79402"},{"taxonomy":"product_tag","embeddable":true,"href":"https:\/\/repliquemangacine.fr\/it\/wp-json\/wp\/v2\/product_tag?post=79402"}],"curies":[{"name":"wp","href":"https:\/\/api.w.org\/{rel}","templated":true}]}}