





{"id":79395,"date":"2024-12-08T11:58:51","date_gmt":"2024-12-08T10:58:51","guid":{"rendered":"https:\/\/repliquemangacine.fr\/?post_type=product&#038;p=79395"},"modified":"2026-04-15T12:55:16","modified_gmt":"2026-04-15T10:55:16","slug":"tanto-di-giyu-tomioka-cacciatore-di-demoni","status":"publish","type":"product","link":"https:\/\/repliquemangacine.fr\/it\/tanto-mini-katana-demon-slayer\/tanto-de-giyu-tomioka-demon-slayer\/","title":{"rendered":"Tanto di Giyu Tomioka - Uccisore di demoni"},"content":{"rendered":"<h2>Mini Katana o Tanto di Giyu Tomioka: una replica autentica e meticolosa<\/h2>\n<p>Innanzitutto, la mini katana o Tanto di Giyu Tomioka, un pezzo imperdibile per i fan di Demon Slayer. La sua lama misura 28 cm per una lunghezza totale di 45 cm. Realizzata in acciaio di alta qualit\u00e0 con una finitura in tre tonalit\u00e0 e un'elegante incisione che ricorda l'arma originale del Pilastro dell'Acqua. Compatta e fedele nei dettagli, perfetta da esporre. Ogni dettaglio della lama riflette la potenza e la maestria di Giyu.<\/p>\n<p>In secondo luogo, l'impugnatura rivestita con una treccia di cotone bianco, che offre un design autentico e una presa piacevole. La guardia in acciaio ha una forma specifica, fedele a quella vista in <a href=\"https:\/\/kimetsu-no-yaiba.fandom.com\/wiki\/Kimetsu_no_Yaiba_Wiki\" target=\"_blank\" rel=\"noopener noreferrer\">Ammazzademoni<\/a>. Aggiungendo un tocco di eleganza e precisione all'insieme. Ogni elemento di questa replica \u00e8 stato progettato per catturare lo spirito della spada di Giyu Tomioka. L'armonia tra l'elsa e la lama ne fa un pezzo di rara finezza.<\/p>\n<h2>Una collezione impareggiabile: Katane per l'uccisione dei demoni e mini Katane, comprese le lame leggere.<\/h2>\n<p>Il nostro sito vi offre una collezione completa di katane e mini katane dell'avvincente universo di Demon Slayer, con repliche fedeli e opzioni innovative. Trovate l'intensa katana nera di Tanjiro Kamado, simbolo del suo coraggio, oppure la <a href=\"https:\/\/repliquemangacine.fr\/it\/katana-dacciaio-kimetsu-no-yaiba-metal-katana-demon-slayer\/katana-delluccisore-di-demoni-zenitsu-agatsuma\/\">Katana gialla elettrica Zenitsu<\/a> Agatsuma, decorato con spettacolari motivi a forma di fulmini. I fan di Kyojuro Rengoku, il carismatico Pilastro della Fiamma, adoreranno la sua lama fiammeggiante dai toni rossi e arancioni. Per quanto riguarda Muichiro Tokito, Pilastro della Nebbia, la sua katana sfoggia un'estetica raffinata e rasserenante.<\/p>\n<p>Per un tocco di modernit\u00e0, scoprite i nostri <a href=\"https:\/\/repliquemangacine.fr\/it\/katana-leggera-uccisore-di-demoni\/\">katane luminose<\/a>Queste versioni uniche, come la katana Trafalgar Law, uniscono tradizione e innovazione, trasformando la vostra collezione in un'esperienza spettacolare. Queste versioni uniche, come la katana Trafalgar Law, uniscono tradizione e innovazione, trasformando la vostra collezione in un'esperienza spettacolare. Un must per tutti i fan e gli appassionati collezionisti!<\/p>\n<h2>Come prendersi cura della lama della Giyu Tomioka Mini Katana o Tanto<\/h2>\n<p>Per preservare la bellezza e la longevit\u00e0 della vostra mini katana o tanto Giyu Tomioka. Una manutenzione regolare \u00e8 essenziale. Iniziate pulendo la lama con un panno morbido e asciutto dopo ogni utilizzo per rimuovere eventuali impronte digitali, polvere o residui che potrebbero danneggiarne la superficie. Applicare quindi un sottile strato di olio protettivo, come ad esempio<a href=\"https:\/\/repliquemangacine.fr\/it\/armi-storiche\/olio-universale-ballistol\/\">Olio universale Ballistol<\/a>per prevenire l'ossidazione e la corrosione. In conclusione, un'attenta manutenzione garantir\u00e0 alla vostra replica del Demon Slayer un aspetto impeccabile e una durata maggiore.<\/p>","protected":false},"excerpt":{"rendered":"<p>Superba mini katana (tanto) replica di Giyu Tomioka ispirata al manga animato Demon Slayer<\/p>\n<ul>\n<li>Lama in acciaio tricolore con incisione<\/li>\n<li>Manico rivestito con treccia di cotone bianco<\/li>\n<li>Protezione in acciaio appositamente sagomata<\/li>\n<li>Fodero laccato nero<\/li>\n<li>Fornito con un piccolo supporto in ABS.<\/li>\n<li>Lunghezza lama: 28 cm - Lunghezza totale: 45 cm<\/li>\n<li>Peso: 238 g con fodero<\/li>\n<\/ul>","protected":false},"featured_media":79396,"template":"","meta":[],"product_brand":[896],"product_cat":[63,118],"product_tag":[],"class_list":{"0":"post-79395","1":"product","2":"type-product","3":"status-publish","4":"has-post-thumbnail","6":"product_brand-replique-manga-cine","7":"product_cat-katana-demon-slayer","8":"product_cat-tanto-mini-katana-demon-slayer","10":"first","11":"instock","12":"taxable","13":"shipping-taxable","14":"purchasable","15":"product-type-simple"},"yoast_head":"<!-- This site is optimized with the Yoast SEO plugin v27.5 - https:\/\/yoast.com\/product\/yoast-seo-wordpress\/ -->\n<title>Tanto de Giyu Tomioka - Demon Slayer - R\u00e9plique Manga Cin\u00e9<\/title>\n<meta name=\"description\" content=\"D\u00e9couvrez ce superbe Tanto de Giyu Tomioka inspir\u00e9 de Demon Slayer. Lame en acier avec gravure. Fourreau laqu\u00e9. Support \u00e0 poser. 45 cm\" \/>\n<meta name=\"robots\" content=\"index, follow, max-snippet:-1, max-image-preview:large, max-video-preview:-1\" \/>\n<link rel=\"canonical\" href=\"https:\/\/repliquemangacine.fr\/it\/tanto-mini-katana-demon-slayer\/tanto-di-giyu-tomioka-cacciatore-di-demoni\/\" \/>\n<meta property=\"og:locale\" content=\"it_IT\" \/>\n<meta property=\"og:type\" content=\"article\" \/>\n<meta property=\"og:title\" content=\"Tanto de Giyu Tomioka - Demon Slayer - R\u00e9plique Manga Cin\u00e9\" \/>\n<meta property=\"og:description\" content=\"D\u00e9couvrez ce superbe Tanto de Giyu Tomioka inspir\u00e9 de Demon Slayer. Lame en acier avec gravure. Fourreau laqu\u00e9. Support \u00e0 poser. 45 cm\" \/>\n<meta property=\"og:url\" content=\"https:\/\/repliquemangacine.fr\/it\/tanto-mini-katana-demon-slayer\/tanto-di-giyu-tomioka-cacciatore-di-demoni\/\" \/>\n<meta property=\"og:site_name\" content=\"R\u00e9plique Manga Cin\u00e9\" \/>\n<meta property=\"article:publisher\" content=\"https:\/\/www.facebook.com\/RepliqueMangaCine\" \/>\n<meta property=\"article:modified_time\" content=\"2026-04-15T10:55:16+00:00\" \/>\n<meta property=\"og:image\" content=\"https:\/\/repliquemangacine.fr\/wp-content\/uploads\/2024\/12\/Tanto-de-Giyu-Tomioka-demon-slayer.jpg\" \/>\n\t<meta property=\"og:image:width\" content=\"500\" \/>\n\t<meta property=\"og:image:height\" content=\"500\" \/>\n\t<meta property=\"og:image:type\" content=\"image\/jpeg\" \/>\n<meta name=\"twitter:card\" content=\"summary_large_image\" \/>\n<meta name=\"twitter:label1\" content=\"Tempo di lettura stimato\" \/>\n\t<meta name=\"twitter:data1\" content=\"3 minuti\" \/>\n<script type=\"application\/ld+json\" class=\"yoast-schema-graph\">{\"@context\":\"https:\\\/\\\/schema.org\",\"@graph\":[{\"@type\":\"WebPage\",\"@id\":\"https:\\\/\\\/repliquemangacine.fr\\\/tanto-mini-katana-demon-slayer\\\/tanto-de-giyu-tomioka-demon-slayer\\\/\",\"url\":\"https:\\\/\\\/repliquemangacine.fr\\\/tanto-mini-katana-demon-slayer\\\/tanto-de-giyu-tomioka-demon-slayer\\\/\",\"name\":\"Tanto de Giyu Tomioka - Demon Slayer - R\u00e9plique Manga Cin\u00e9\",\"isPartOf\":{\"@id\":\"https:\\\/\\\/repliquemangacine.fr\\\/#website\"},\"primaryImageOfPage\":{\"@id\":\"https:\\\/\\\/repliquemangacine.fr\\\/tanto-mini-katana-demon-slayer\\\/tanto-de-giyu-tomioka-demon-slayer\\\/#primaryimage\"},\"image\":{\"@id\":\"https:\\\/\\\/repliquemangacine.fr\\\/tanto-mini-katana-demon-slayer\\\/tanto-de-giyu-tomioka-demon-slayer\\\/#primaryimage\"},\"thumbnailUrl\":\"https:\\\/\\\/repliquemangacine.fr\\\/wp-content\\\/uploads\\\/2024\\\/12\\\/Tanto-de-Giyu-Tomioka-demon-slayer.jpg\",\"datePublished\":\"2024-12-08T10:58:51+00:00\",\"dateModified\":\"2026-04-15T10:55:16+00:00\",\"description\":\"D\u00e9couvrez ce superbe Tanto de Giyu Tomioka inspir\u00e9 de Demon Slayer. Lame en acier avec gravure. Fourreau laqu\u00e9. Support \u00e0 poser. 45 cm\",\"breadcrumb\":{\"@id\":\"https:\\\/\\\/repliquemangacine.fr\\\/tanto-mini-katana-demon-slayer\\\/tanto-de-giyu-tomioka-demon-slayer\\\/#breadcrumb\"},\"inLanguage\":\"it-IT\",\"potentialAction\":[{\"@type\":\"ReadAction\",\"target\":[\"https:\\\/\\\/repliquemangacine.fr\\\/tanto-mini-katana-demon-slayer\\\/tanto-de-giyu-tomioka-demon-slayer\\\/\"]}]},{\"@type\":\"ImageObject\",\"inLanguage\":\"it-IT\",\"@id\":\"https:\\\/\\\/repliquemangacine.fr\\\/tanto-mini-katana-demon-slayer\\\/tanto-de-giyu-tomioka-demon-slayer\\\/#primaryimage\",\"url\":\"https:\\\/\\\/repliquemangacine.fr\\\/wp-content\\\/uploads\\\/2024\\\/12\\\/Tanto-de-Giyu-Tomioka-demon-slayer.jpg\",\"contentUrl\":\"https:\\\/\\\/repliquemangacine.fr\\\/wp-content\\\/uploads\\\/2024\\\/12\\\/Tanto-de-Giyu-Tomioka-demon-slayer.jpg\",\"width\":500,\"height\":500,\"caption\":\"Tanto de Giyu Tomioka Demon Slayer\"},{\"@type\":\"BreadcrumbList\",\"@id\":\"https:\\\/\\\/repliquemangacine.fr\\\/tanto-mini-katana-demon-slayer\\\/tanto-de-giyu-tomioka-demon-slayer\\\/#breadcrumb\",\"itemListElement\":[{\"@type\":\"ListItem\",\"position\":1,\"name\":\"Accueil\",\"item\":\"https:\\\/\\\/repliquemangacine.fr\\\/\"},{\"@type\":\"ListItem\",\"position\":2,\"name\":\"Produits\",\"item\":\"https:\\\/\\\/repliquemangacine.fr\\\/boutique\\\/\"},{\"@type\":\"ListItem\",\"position\":3,\"name\":\"Tanto de Giyu Tomioka &#8211; Demon Slayer\"}]},{\"@type\":\"WebSite\",\"@id\":\"https:\\\/\\\/repliquemangacine.fr\\\/#website\",\"url\":\"https:\\\/\\\/repliquemangacine.fr\\\/\",\"name\":\"R\u00e9plique Manga Cin\u00e9\",\"description\":\"\",\"publisher\":{\"@id\":\"https:\\\/\\\/repliquemangacine.fr\\\/#organization\"},\"potentialAction\":[{\"@type\":\"SearchAction\",\"target\":{\"@type\":\"EntryPoint\",\"urlTemplate\":\"https:\\\/\\\/repliquemangacine.fr\\\/?s={search_term_string}\"},\"query-input\":{\"@type\":\"PropertyValueSpecification\",\"valueRequired\":true,\"valueName\":\"search_term_string\"}}],\"inLanguage\":\"it-IT\"},{\"@type\":\"Organization\",\"@id\":\"https:\\\/\\\/repliquemangacine.fr\\\/#organization\",\"name\":\"R\u00e9plique Manga Cin\u00e9\",\"url\":\"https:\\\/\\\/repliquemangacine.fr\\\/\",\"logo\":{\"@type\":\"ImageObject\",\"inLanguage\":\"it-IT\",\"@id\":\"https:\\\/\\\/repliquemangacine.fr\\\/#\\\/schema\\\/logo\\\/image\\\/\",\"url\":\"https:\\\/\\\/repliquemangacine.fr\\\/wp-content\\\/uploads\\\/2023\\\/10\\\/RMC-500250.png\",\"contentUrl\":\"https:\\\/\\\/repliquemangacine.fr\\\/wp-content\\\/uploads\\\/2023\\\/10\\\/RMC-500250.png\",\"width\":500,\"height\":250,\"caption\":\"R\u00e9plique Manga Cin\u00e9\"},\"image\":{\"@id\":\"https:\\\/\\\/repliquemangacine.fr\\\/#\\\/schema\\\/logo\\\/image\\\/\"},\"sameAs\":[\"https:\\\/\\\/www.facebook.com\\\/RepliqueMangaCine\",\"https:\\\/\\\/www.instagram.com\\\/repliquemangacine.fr\\\/\"]}]}<\/script>\n<!-- \/ Yoast SEO plugin. -->","yoast_head_json":{"title":"Tanto di Giyu Tomioka - Uccisore di demoni - R\u00e9plique Manga Cin\u00e9","description":"Scoprite questo superbo Tanto di Giyu Tomioka ispirato a Demon Slayer. Lama in acciaio con incisione. Fodero laccato. Supporto. Lunghezza 45 cm","robots":{"index":"index","follow":"follow","max-snippet":"max-snippet:-1","max-image-preview":"max-image-preview:large","max-video-preview":"max-video-preview:-1"},"canonical":"https:\/\/repliquemangacine.fr\/it\/tanto-mini-katana-demon-slayer\/tanto-di-giyu-tomioka-cacciatore-di-demoni\/","og_locale":"it_IT","og_type":"article","og_title":"Tanto de Giyu Tomioka - Demon Slayer - R\u00e9plique Manga Cin\u00e9","og_description":"D\u00e9couvrez ce superbe Tanto de Giyu Tomioka inspir\u00e9 de Demon Slayer. Lame en acier avec gravure. Fourreau laqu\u00e9. Support \u00e0 poser. 45 cm","og_url":"https:\/\/repliquemangacine.fr\/it\/tanto-mini-katana-demon-slayer\/tanto-di-giyu-tomioka-cacciatore-di-demoni\/","og_site_name":"R\u00e9plique Manga Cin\u00e9","article_publisher":"https:\/\/www.facebook.com\/RepliqueMangaCine","article_modified_time":"2026-04-15T10:55:16+00:00","og_image":[{"width":500,"height":500,"url":"https:\/\/repliquemangacine.fr\/wp-content\/uploads\/2024\/12\/Tanto-de-Giyu-Tomioka-demon-slayer.jpg","type":"image\/jpeg"}],"twitter_card":"summary_large_image","twitter_misc":{"Tempo di lettura stimato":"3 minuti"},"schema":{"@context":"https:\/\/schema.org","@graph":[{"@type":"WebPage","@id":"https:\/\/repliquemangacine.fr\/tanto-mini-katana-demon-slayer\/tanto-de-giyu-tomioka-demon-slayer\/","url":"https:\/\/repliquemangacine.fr\/tanto-mini-katana-demon-slayer\/tanto-de-giyu-tomioka-demon-slayer\/","name":"Tanto di Giyu Tomioka - Uccisore di demoni - R\u00e9plique Manga Cin\u00e9","isPartOf":{"@id":"https:\/\/repliquemangacine.fr\/#website"},"primaryImageOfPage":{"@id":"https:\/\/repliquemangacine.fr\/tanto-mini-katana-demon-slayer\/tanto-de-giyu-tomioka-demon-slayer\/#primaryimage"},"image":{"@id":"https:\/\/repliquemangacine.fr\/tanto-mini-katana-demon-slayer\/tanto-de-giyu-tomioka-demon-slayer\/#primaryimage"},"thumbnailUrl":"https:\/\/repliquemangacine.fr\/wp-content\/uploads\/2024\/12\/Tanto-de-Giyu-Tomioka-demon-slayer.jpg","datePublished":"2024-12-08T10:58:51+00:00","dateModified":"2026-04-15T10:55:16+00:00","description":"Scoprite questo superbo Tanto di Giyu Tomioka ispirato a Demon Slayer. Lama in acciaio con incisione. Fodero laccato. Supporto. Lunghezza 45 cm","breadcrumb":{"@id":"https:\/\/repliquemangacine.fr\/tanto-mini-katana-demon-slayer\/tanto-de-giyu-tomioka-demon-slayer\/#breadcrumb"},"inLanguage":"it-IT","potentialAction":[{"@type":"ReadAction","target":["https:\/\/repliquemangacine.fr\/tanto-mini-katana-demon-slayer\/tanto-de-giyu-tomioka-demon-slayer\/"]}]},{"@type":"ImageObject","inLanguage":"it-IT","@id":"https:\/\/repliquemangacine.fr\/tanto-mini-katana-demon-slayer\/tanto-de-giyu-tomioka-demon-slayer\/#primaryimage","url":"https:\/\/repliquemangacine.fr\/wp-content\/uploads\/2024\/12\/Tanto-de-Giyu-Tomioka-demon-slayer.jpg","contentUrl":"https:\/\/repliquemangacine.fr\/wp-content\/uploads\/2024\/12\/Tanto-de-Giyu-Tomioka-demon-slayer.jpg","width":500,"height":500,"caption":"Tanto de Giyu Tomioka Demon Slayer"},{"@type":"BreadcrumbList","@id":"https:\/\/repliquemangacine.fr\/tanto-mini-katana-demon-slayer\/tanto-de-giyu-tomioka-demon-slayer\/#breadcrumb","itemListElement":[{"@type":"ListItem","position":1,"name":"Accueil","item":"https:\/\/repliquemangacine.fr\/"},{"@type":"ListItem","position":2,"name":"Produits","item":"https:\/\/repliquemangacine.fr\/boutique\/"},{"@type":"ListItem","position":3,"name":"Tanto de Giyu Tomioka &#8211; Demon Slayer"}]},{"@type":"WebSite","@id":"https:\/\/repliquemangacine.fr\/#website","url":"https:\/\/repliquemangacine.fr\/","name":"R\u00e9plique Manga Cin\u00e9","description":"","publisher":{"@id":"https:\/\/repliquemangacine.fr\/#organization"},"potentialAction":[{"@type":"SearchAction","target":{"@type":"EntryPoint","urlTemplate":"https:\/\/repliquemangacine.fr\/?s={search_term_string}"},"query-input":{"@type":"PropertyValueSpecification","valueRequired":true,"valueName":"search_term_string"}}],"inLanguage":"it-IT"},{"@type":"Organization","@id":"https:\/\/repliquemangacine.fr\/#organization","name":"R\u00e9plique Manga Cin\u00e9","url":"https:\/\/repliquemangacine.fr\/","logo":{"@type":"ImageObject","inLanguage":"it-IT","@id":"https:\/\/repliquemangacine.fr\/#\/schema\/logo\/image\/","url":"https:\/\/repliquemangacine.fr\/wp-content\/uploads\/2023\/10\/RMC-500250.png","contentUrl":"https:\/\/repliquemangacine.fr\/wp-content\/uploads\/2023\/10\/RMC-500250.png","width":500,"height":250,"caption":"R\u00e9plique Manga Cin\u00e9"},"image":{"@id":"https:\/\/repliquemangacine.fr\/#\/schema\/logo\/image\/"},"sameAs":["https:\/\/www.facebook.com\/RepliqueMangaCine","https:\/\/www.instagram.com\/repliquemangacine.fr\/"]}]}},"_links":{"self":[{"href":"https:\/\/repliquemangacine.fr\/it\/wp-json\/wp\/v2\/product\/79395","targetHints":{"allow":["GET"]}}],"collection":[{"href":"https:\/\/repliquemangacine.fr\/it\/wp-json\/wp\/v2\/product"}],"about":[{"href":"https:\/\/repliquemangacine.fr\/it\/wp-json\/wp\/v2\/types\/product"}],"wp:featuredmedia":[{"embeddable":true,"href":"https:\/\/repliquemangacine.fr\/it\/wp-json\/wp\/v2\/media\/79396"}],"wp:attachment":[{"href":"https:\/\/repliquemangacine.fr\/it\/wp-json\/wp\/v2\/media?parent=79395"}],"wp:term":[{"taxonomy":"product_brand","embeddable":true,"href":"https:\/\/repliquemangacine.fr\/it\/wp-json\/wp\/v2\/product_brand?post=79395"},{"taxonomy":"product_cat","embeddable":true,"href":"https:\/\/repliquemangacine.fr\/it\/wp-json\/wp\/v2\/product_cat?post=79395"},{"taxonomy":"product_tag","embeddable":true,"href":"https:\/\/repliquemangacine.fr\/it\/wp-json\/wp\/v2\/product_tag?post=79395"}],"curies":[{"name":"wp","href":"https:\/\/api.w.org\/{rel}","templated":true}]}}