





{"id":79359,"date":"2024-12-07T19:35:35","date_gmt":"2024-12-07T18:35:35","guid":{"rendered":"https:\/\/repliquemangacine.fr\/?post_type=product&#038;p=79359"},"modified":"2025-12-16T21:36:01","modified_gmt":"2025-12-16T20:36:01","slug":"tanto-de-zenitsu-agatsuma-cacciatore-di-demoni","status":"publish","type":"product","link":"https:\/\/repliquemangacine.fr\/it\/tanto-mini-katana-demon-slayer\/tanto-de-zenitsu-agatsuma-demon-slayer\/","title":{"rendered":"Tanto di Zenitsu Agatsuma - Uccisore di demoni"},"content":{"rendered":"<h2>Tanto di Zenitsu Agatsuma: lama del fulmine giallo dell'uccisore di demoni<\/h2>\n<p>Per cominciare, il <strong>Tanto di Zenitsu Agatsuma<\/strong>tratto dalla famosa serie Demon Slayer, \u00e8 un oggetto unico e iconico. Con una lama d'acciaio ornata da un motivo di fiamme giallo brillante. Questa replica \u00e8 la perfetta incarnazione dell'energia e della velocit\u00e0 fulminea di Zenitsu. Con una dimensione totale di 45 cm, questa mini-katana combina estetica e maneggevolezza, proprio come il suo proprietario nell'anime. Il suo design accattivante e l'attenzione ai dettagli la rendono un must per i fan della serie. \u00c8 perfetta per essere esposta con orgoglio o per essere utilizzata in cosplay di grande effetto.<\/p>\n<h2>Una mini Katana unica, fedele allo spirito di Zenitsu<\/h2>\n<p>Questo tanto, con il suo fodero in legno laccato bianco, riflette la singolare personalit\u00e0 di Zenitsu Agatsuma: purezza e brillantezza. La sua lama, decorata con fiamme gialle, rappresenta la potenza della tecnica del Soffio del Fulmine. Facile da maneggiare grazie alle sue dimensioni compatte, questa replica cattura l'essenza stessa del combattimento veloce e preciso di Zenitsu. A met\u00e0 strada tra un'arma e un'opera d'arte, sar\u00e0 apprezzata anche dagli appassionati di <a href=\"https:\/\/demon-slayer.fr\/wiki\/\">Ammazzademoni<\/a> Gli appassionati di repliche giapponesi. Le sue dimensioni ridotte lo rendono ideale anche per un'esposizione o per completare un costume fedele al personaggio.<\/p>\n<h2>Scoprite lo Zenitsu Tanto e altre repliche eccezionali<\/h2>\n<p>Con R\u00e9plique Manga Cin\u00e9, il tanto di Zenitsu Agatsuma si aggiunge alla collezione di armi iconiche giapponesi. Perfetta per arricchire l'universo di Demon Slayer, \u00e8 il complemento perfetto per la nostra collezione di armi giapponesi. <a href=\"https:\/\/repliquemangacine.fr\/it\/katana-leggera-uccisore-di-demoni\/\">katane luminose<\/a> ispirato a Tanjiro e Rengoku. I nostri prodotti sono progettati con cura per soddisfare gli appassionati di anime e cultura giapponese. Che si tratti di un regalo, di un collezionismo o di un cosplay, questa lama da 45 cm, con il suo raffinato fodero bianco e le sue decorazioni luminose, \u00e8 un vero gioiello. Esplorate anche le nostre altre repliche, come il <a href=\"https:\/\/repliquemangacine.fr\/it\/katana-in-metallo-monopezzo\/\">katana di One Piece<\/a> o <a href=\"https:\/\/repliquemangacine.fr\/it\/spada-il-cacciatore\/\">spade di The Witcher<\/a>immergetevi in un mondo di autenticit\u00e0 e passione.<\/p>","protected":false},"excerpt":{"rendered":"<p>Guardate questa superba mini-katana (Tanto) di Zenitsu Agatsuman in Demon Slayer.<\/p>\n<ul>\n<li>Lama in acciaio bicolore con fiamma gialla<\/li>\n<li>Protezione metallica appositamente sagomata<\/li>\n<li>Fodero in legno laccato bianco<\/li>\n<li>Fornito con un piccolo supporto in ABS<\/li>\n<li>Lunghezza lama: 28 cm - Lunghezza totale: 45 cm<\/li>\n<li>Peso con fodero: 235 g<\/li>\n<\/ul>","protected":false},"featured_media":79361,"template":"","meta":[],"product_brand":[896],"product_cat":[63,118],"product_tag":[],"class_list":{"0":"post-79359","1":"product","2":"type-product","3":"status-publish","4":"has-post-thumbnail","6":"product_brand-replique-manga-cine","7":"product_cat-katana-demon-slayer","8":"product_cat-tanto-mini-katana-demon-slayer","10":"first","11":"instock","12":"taxable","13":"shipping-taxable","14":"purchasable","15":"product-type-simple"},"yoast_head":"<!-- This site is optimized with the Yoast SEO plugin v27.4 - https:\/\/yoast.com\/product\/yoast-seo-wordpress\/ -->\n<title>Tanto de Zenitsu Agatsuma - Demon Slayer - R\u00e9plique Manga Cin\u00e9<\/title>\n<meta name=\"description\" content=\"D\u00e9couvrez ce superbe Tanto de Zenitsu Agatsuma dans D\u00e9mon Slayer. Lame en acier d\u00e9cor\u00e9 d&#039;une flamme jaune. Fourreau bois laqu\u00e9 blanc. Support. 45 cm\" \/>\n<meta name=\"robots\" content=\"index, follow, max-snippet:-1, max-image-preview:large, max-video-preview:-1\" \/>\n<link rel=\"canonical\" href=\"https:\/\/repliquemangacine.fr\/it\/tanto-mini-katana-demon-slayer\/tanto-de-zenitsu-agatsuma-cacciatore-di-demoni\/\" \/>\n<meta property=\"og:locale\" content=\"it_IT\" \/>\n<meta property=\"og:type\" content=\"article\" \/>\n<meta property=\"og:title\" content=\"Tanto de Zenitsu Agatsuma - Demon Slayer - R\u00e9plique Manga Cin\u00e9\" \/>\n<meta property=\"og:description\" content=\"D\u00e9couvrez ce superbe Tanto de Zenitsu Agatsuma dans D\u00e9mon Slayer. Lame en acier d\u00e9cor\u00e9 d&#039;une flamme jaune. Fourreau bois laqu\u00e9 blanc. Support. 45 cm\" \/>\n<meta property=\"og:url\" content=\"https:\/\/repliquemangacine.fr\/it\/tanto-mini-katana-demon-slayer\/tanto-de-zenitsu-agatsuma-cacciatore-di-demoni\/\" \/>\n<meta property=\"og:site_name\" content=\"R\u00e9plique Manga Cin\u00e9\" \/>\n<meta property=\"article:publisher\" content=\"https:\/\/www.facebook.com\/RepliqueMangaCine\" \/>\n<meta property=\"article:modified_time\" content=\"2025-12-16T20:36:01+00:00\" \/>\n<meta property=\"og:image\" content=\"https:\/\/repliquemangacine.fr\/wp-content\/uploads\/2024\/12\/Tanto-de-Zenitsu-Agatsuma.jpg\" \/>\n\t<meta property=\"og:image:width\" content=\"500\" \/>\n\t<meta property=\"og:image:height\" content=\"500\" \/>\n\t<meta property=\"og:image:type\" content=\"image\/jpeg\" \/>\n<meta name=\"twitter:card\" content=\"summary_large_image\" \/>\n<meta name=\"twitter:label1\" content=\"Tempo di lettura stimato\" \/>\n\t<meta name=\"twitter:data1\" content=\"2 minuti\" \/>\n<script type=\"application\/ld+json\" class=\"yoast-schema-graph\">{\"@context\":\"https:\\\/\\\/schema.org\",\"@graph\":[{\"@type\":\"WebPage\",\"@id\":\"https:\\\/\\\/repliquemangacine.fr\\\/tanto-mini-katana-demon-slayer\\\/tanto-de-zenitsu-agatsuma-demon-slayer\\\/\",\"url\":\"https:\\\/\\\/repliquemangacine.fr\\\/tanto-mini-katana-demon-slayer\\\/tanto-de-zenitsu-agatsuma-demon-slayer\\\/\",\"name\":\"Tanto de Zenitsu Agatsuma - Demon Slayer - R\u00e9plique Manga Cin\u00e9\",\"isPartOf\":{\"@id\":\"https:\\\/\\\/repliquemangacine.fr\\\/#website\"},\"primaryImageOfPage\":{\"@id\":\"https:\\\/\\\/repliquemangacine.fr\\\/tanto-mini-katana-demon-slayer\\\/tanto-de-zenitsu-agatsuma-demon-slayer\\\/#primaryimage\"},\"image\":{\"@id\":\"https:\\\/\\\/repliquemangacine.fr\\\/tanto-mini-katana-demon-slayer\\\/tanto-de-zenitsu-agatsuma-demon-slayer\\\/#primaryimage\"},\"thumbnailUrl\":\"https:\\\/\\\/repliquemangacine.fr\\\/wp-content\\\/uploads\\\/2024\\\/12\\\/Tanto-de-Zenitsu-Agatsuma.jpg\",\"datePublished\":\"2024-12-07T18:35:35+00:00\",\"dateModified\":\"2025-12-16T20:36:01+00:00\",\"description\":\"D\u00e9couvrez ce superbe Tanto de Zenitsu Agatsuma dans D\u00e9mon Slayer. Lame en acier d\u00e9cor\u00e9 d'une flamme jaune. Fourreau bois laqu\u00e9 blanc. Support. 45 cm\",\"breadcrumb\":{\"@id\":\"https:\\\/\\\/repliquemangacine.fr\\\/tanto-mini-katana-demon-slayer\\\/tanto-de-zenitsu-agatsuma-demon-slayer\\\/#breadcrumb\"},\"inLanguage\":\"it-IT\",\"potentialAction\":[{\"@type\":\"ReadAction\",\"target\":[\"https:\\\/\\\/repliquemangacine.fr\\\/tanto-mini-katana-demon-slayer\\\/tanto-de-zenitsu-agatsuma-demon-slayer\\\/\"]}]},{\"@type\":\"ImageObject\",\"inLanguage\":\"it-IT\",\"@id\":\"https:\\\/\\\/repliquemangacine.fr\\\/tanto-mini-katana-demon-slayer\\\/tanto-de-zenitsu-agatsuma-demon-slayer\\\/#primaryimage\",\"url\":\"https:\\\/\\\/repliquemangacine.fr\\\/wp-content\\\/uploads\\\/2024\\\/12\\\/Tanto-de-Zenitsu-Agatsuma.jpg\",\"contentUrl\":\"https:\\\/\\\/repliquemangacine.fr\\\/wp-content\\\/uploads\\\/2024\\\/12\\\/Tanto-de-Zenitsu-Agatsuma.jpg\",\"width\":500,\"height\":500,\"caption\":\"Tanto de Zenitsu Agatsuma\"},{\"@type\":\"BreadcrumbList\",\"@id\":\"https:\\\/\\\/repliquemangacine.fr\\\/tanto-mini-katana-demon-slayer\\\/tanto-de-zenitsu-agatsuma-demon-slayer\\\/#breadcrumb\",\"itemListElement\":[{\"@type\":\"ListItem\",\"position\":1,\"name\":\"Accueil\",\"item\":\"https:\\\/\\\/repliquemangacine.fr\\\/\"},{\"@type\":\"ListItem\",\"position\":2,\"name\":\"Produits\",\"item\":\"https:\\\/\\\/repliquemangacine.fr\\\/boutique\\\/\"},{\"@type\":\"ListItem\",\"position\":3,\"name\":\"Tanto de Zenitsu Agatsuma &#8211; Demon Slayer\"}]},{\"@type\":\"WebSite\",\"@id\":\"https:\\\/\\\/repliquemangacine.fr\\\/#website\",\"url\":\"https:\\\/\\\/repliquemangacine.fr\\\/\",\"name\":\"R\u00e9plique Manga Cin\u00e9\",\"description\":\"\",\"publisher\":{\"@id\":\"https:\\\/\\\/repliquemangacine.fr\\\/#organization\"},\"potentialAction\":[{\"@type\":\"SearchAction\",\"target\":{\"@type\":\"EntryPoint\",\"urlTemplate\":\"https:\\\/\\\/repliquemangacine.fr\\\/?s={search_term_string}\"},\"query-input\":{\"@type\":\"PropertyValueSpecification\",\"valueRequired\":true,\"valueName\":\"search_term_string\"}}],\"inLanguage\":\"it-IT\"},{\"@type\":\"Organization\",\"@id\":\"https:\\\/\\\/repliquemangacine.fr\\\/#organization\",\"name\":\"R\u00e9plique Manga Cin\u00e9\",\"url\":\"https:\\\/\\\/repliquemangacine.fr\\\/\",\"logo\":{\"@type\":\"ImageObject\",\"inLanguage\":\"it-IT\",\"@id\":\"https:\\\/\\\/repliquemangacine.fr\\\/#\\\/schema\\\/logo\\\/image\\\/\",\"url\":\"https:\\\/\\\/repliquemangacine.fr\\\/wp-content\\\/uploads\\\/2023\\\/10\\\/RMC-500250.png\",\"contentUrl\":\"https:\\\/\\\/repliquemangacine.fr\\\/wp-content\\\/uploads\\\/2023\\\/10\\\/RMC-500250.png\",\"width\":500,\"height\":250,\"caption\":\"R\u00e9plique Manga Cin\u00e9\"},\"image\":{\"@id\":\"https:\\\/\\\/repliquemangacine.fr\\\/#\\\/schema\\\/logo\\\/image\\\/\"},\"sameAs\":[\"https:\\\/\\\/www.facebook.com\\\/RepliqueMangaCine\",\"https:\\\/\\\/www.instagram.com\\\/repliquemangacine.fr\\\/\"]}]}<\/script>\n<!-- \/ Yoast SEO plugin. -->","yoast_head_json":{"title":"Tanto di Zenitsu Agatsuma - Uccisore di demoni - R\u00e9plique Manga Cin\u00e9","description":"Scoprite questo superbo Tanto di Zenitsu Agatsuma in Demon Slayer. Lama in acciaio decorata con una fiamma gialla. Fodero in legno laccato bianco. Piedistallo. Lunghezza 45 cm.","robots":{"index":"index","follow":"follow","max-snippet":"max-snippet:-1","max-image-preview":"max-image-preview:large","max-video-preview":"max-video-preview:-1"},"canonical":"https:\/\/repliquemangacine.fr\/it\/tanto-mini-katana-demon-slayer\/tanto-de-zenitsu-agatsuma-cacciatore-di-demoni\/","og_locale":"it_IT","og_type":"article","og_title":"Tanto de Zenitsu Agatsuma - Demon Slayer - R\u00e9plique Manga Cin\u00e9","og_description":"D\u00e9couvrez ce superbe Tanto de Zenitsu Agatsuma dans D\u00e9mon Slayer. Lame en acier d\u00e9cor\u00e9 d'une flamme jaune. Fourreau bois laqu\u00e9 blanc. Support. 45 cm","og_url":"https:\/\/repliquemangacine.fr\/it\/tanto-mini-katana-demon-slayer\/tanto-de-zenitsu-agatsuma-cacciatore-di-demoni\/","og_site_name":"R\u00e9plique Manga Cin\u00e9","article_publisher":"https:\/\/www.facebook.com\/RepliqueMangaCine","article_modified_time":"2025-12-16T20:36:01+00:00","og_image":[{"width":500,"height":500,"url":"https:\/\/repliquemangacine.fr\/wp-content\/uploads\/2024\/12\/Tanto-de-Zenitsu-Agatsuma.jpg","type":"image\/jpeg"}],"twitter_card":"summary_large_image","twitter_misc":{"Tempo di lettura stimato":"2 minuti"},"schema":{"@context":"https:\/\/schema.org","@graph":[{"@type":"WebPage","@id":"https:\/\/repliquemangacine.fr\/tanto-mini-katana-demon-slayer\/tanto-de-zenitsu-agatsuma-demon-slayer\/","url":"https:\/\/repliquemangacine.fr\/tanto-mini-katana-demon-slayer\/tanto-de-zenitsu-agatsuma-demon-slayer\/","name":"Tanto di Zenitsu Agatsuma - Uccisore di demoni - R\u00e9plique Manga Cin\u00e9","isPartOf":{"@id":"https:\/\/repliquemangacine.fr\/#website"},"primaryImageOfPage":{"@id":"https:\/\/repliquemangacine.fr\/tanto-mini-katana-demon-slayer\/tanto-de-zenitsu-agatsuma-demon-slayer\/#primaryimage"},"image":{"@id":"https:\/\/repliquemangacine.fr\/tanto-mini-katana-demon-slayer\/tanto-de-zenitsu-agatsuma-demon-slayer\/#primaryimage"},"thumbnailUrl":"https:\/\/repliquemangacine.fr\/wp-content\/uploads\/2024\/12\/Tanto-de-Zenitsu-Agatsuma.jpg","datePublished":"2024-12-07T18:35:35+00:00","dateModified":"2025-12-16T20:36:01+00:00","description":"Scoprite questo superbo Tanto di Zenitsu Agatsuma in Demon Slayer. Lama in acciaio decorata con una fiamma gialla. Fodero in legno laccato bianco. Piedistallo. Lunghezza 45 cm.","breadcrumb":{"@id":"https:\/\/repliquemangacine.fr\/tanto-mini-katana-demon-slayer\/tanto-de-zenitsu-agatsuma-demon-slayer\/#breadcrumb"},"inLanguage":"it-IT","potentialAction":[{"@type":"ReadAction","target":["https:\/\/repliquemangacine.fr\/tanto-mini-katana-demon-slayer\/tanto-de-zenitsu-agatsuma-demon-slayer\/"]}]},{"@type":"ImageObject","inLanguage":"it-IT","@id":"https:\/\/repliquemangacine.fr\/tanto-mini-katana-demon-slayer\/tanto-de-zenitsu-agatsuma-demon-slayer\/#primaryimage","url":"https:\/\/repliquemangacine.fr\/wp-content\/uploads\/2024\/12\/Tanto-de-Zenitsu-Agatsuma.jpg","contentUrl":"https:\/\/repliquemangacine.fr\/wp-content\/uploads\/2024\/12\/Tanto-de-Zenitsu-Agatsuma.jpg","width":500,"height":500,"caption":"Tanto de Zenitsu Agatsuma"},{"@type":"BreadcrumbList","@id":"https:\/\/repliquemangacine.fr\/tanto-mini-katana-demon-slayer\/tanto-de-zenitsu-agatsuma-demon-slayer\/#breadcrumb","itemListElement":[{"@type":"ListItem","position":1,"name":"Accueil","item":"https:\/\/repliquemangacine.fr\/"},{"@type":"ListItem","position":2,"name":"Produits","item":"https:\/\/repliquemangacine.fr\/boutique\/"},{"@type":"ListItem","position":3,"name":"Tanto de Zenitsu Agatsuma &#8211; Demon Slayer"}]},{"@type":"WebSite","@id":"https:\/\/repliquemangacine.fr\/#website","url":"https:\/\/repliquemangacine.fr\/","name":"R\u00e9plique Manga Cin\u00e9","description":"","publisher":{"@id":"https:\/\/repliquemangacine.fr\/#organization"},"potentialAction":[{"@type":"SearchAction","target":{"@type":"EntryPoint","urlTemplate":"https:\/\/repliquemangacine.fr\/?s={search_term_string}"},"query-input":{"@type":"PropertyValueSpecification","valueRequired":true,"valueName":"search_term_string"}}],"inLanguage":"it-IT"},{"@type":"Organization","@id":"https:\/\/repliquemangacine.fr\/#organization","name":"R\u00e9plique Manga Cin\u00e9","url":"https:\/\/repliquemangacine.fr\/","logo":{"@type":"ImageObject","inLanguage":"it-IT","@id":"https:\/\/repliquemangacine.fr\/#\/schema\/logo\/image\/","url":"https:\/\/repliquemangacine.fr\/wp-content\/uploads\/2023\/10\/RMC-500250.png","contentUrl":"https:\/\/repliquemangacine.fr\/wp-content\/uploads\/2023\/10\/RMC-500250.png","width":500,"height":250,"caption":"R\u00e9plique Manga Cin\u00e9"},"image":{"@id":"https:\/\/repliquemangacine.fr\/#\/schema\/logo\/image\/"},"sameAs":["https:\/\/www.facebook.com\/RepliqueMangaCine","https:\/\/www.instagram.com\/repliquemangacine.fr\/"]}]}},"_links":{"self":[{"href":"https:\/\/repliquemangacine.fr\/it\/wp-json\/wp\/v2\/product\/79359","targetHints":{"allow":["GET"]}}],"collection":[{"href":"https:\/\/repliquemangacine.fr\/it\/wp-json\/wp\/v2\/product"}],"about":[{"href":"https:\/\/repliquemangacine.fr\/it\/wp-json\/wp\/v2\/types\/product"}],"wp:featuredmedia":[{"embeddable":true,"href":"https:\/\/repliquemangacine.fr\/it\/wp-json\/wp\/v2\/media\/79361"}],"wp:attachment":[{"href":"https:\/\/repliquemangacine.fr\/it\/wp-json\/wp\/v2\/media?parent=79359"}],"wp:term":[{"taxonomy":"product_brand","embeddable":true,"href":"https:\/\/repliquemangacine.fr\/it\/wp-json\/wp\/v2\/product_brand?post=79359"},{"taxonomy":"product_cat","embeddable":true,"href":"https:\/\/repliquemangacine.fr\/it\/wp-json\/wp\/v2\/product_cat?post=79359"},{"taxonomy":"product_tag","embeddable":true,"href":"https:\/\/repliquemangacine.fr\/it\/wp-json\/wp\/v2\/product_tag?post=79359"}],"curies":[{"name":"wp","href":"https:\/\/api.w.org\/{rel}","templated":true}]}}