





{"id":79344,"date":"2024-12-07T18:18:12","date_gmt":"2024-12-07T17:18:12","guid":{"rendered":"https:\/\/repliquemangacine.fr\/?post_type=product&#038;p=79344"},"modified":"2026-02-17T10:17:36","modified_gmt":"2026-02-17T09:17:36","slug":"spada-del-giudizio-doptimus-prime","status":"publish","type":"product","link":"https:\/\/repliquemangacine.fr\/it\/films-series-tv-vente-de-katana-epee-et-produits-derives\/epee-du-jugement-doptimus-prime\/","title":{"rendered":"Spada del Giudizio di Optimus Prime"},"content":{"rendered":"<h2>La Spada del Giudizio: un'arma leggendaria di Optimus Prime<\/h2>\n<p>Per cominciare, la Spada del Giudizio, utilizzata da Optimus Prime in <a href=\"https:\/\/fr.wikipedia.org\/wiki\/Transformers_:_L%27%C3%82ge_de_l%27extinction\" target=\"_blank\" rel=\"noopener noreferrer\">Transformers: L'era dell'estinzione<\/a>. Molto pi\u00f9 di un'arma: \u00e8 un simbolo di giustizia e forza. Ispirata all'estetica cavalleresca, questa spada massiccia \u00e8 decorata con incisioni cybertroniane. Riflette la sua origine mitica legata ai Cavalieri di Cybertron.<\/p>\n<p>Va sottolineato che questa spada incarna i valori di Optimus: proteggere i deboli e combattere per la pace. Nel film, essa svolge un ruolo centrale nelle battaglie, amplificando l'aura eroica del leader degli Autobot. Questa lama, tanto potente quanto elegante, \u00e8 un pezzo imperdibile per gli appassionati di Transformers e i collezionisti alla ricerca di oggetti iconici e stimolanti.<\/p>\n<h2>Perch\u00e9 la Spada del Giudizio \u00e8 un'arma iconica.<\/h2>\n<p>La Spada del Giudizio non \u00e8 una semplice arma, ma riflette la nobilt\u00e0 di Optimus Prime. Il suo design, che unisce tecnologie cybertroniche ed estetica medievale, evoca una fusione tra tradizione e futurismo. Incarna cos\u00ec gli ideali della cavalleria: coraggio, onore e protezione. Utilizzata in combattimenti epici, come quelli contro Galvatron o Lockdown, rafforza l'immagine di Optimus come cavaliere moderno.<\/p>\n<p>Questa lama simboleggia anche il ruolo del leader degli Autobot, sempre pronto a difendere la Terra dalle minacce. La Spada del Giudizio, una vera e propria opera d'arte marziale, imperdibile per tutti i fan che desiderano possedere un pezzo di questo universo leggendario.<\/p>\n<h2>Scoprite le pi\u00f9 belle repliche su R\u00e9plique Manga Cin\u00e9<\/h2>\n<p>Su R\u00e9plique Manga Cin\u00e9, vi offriamo pezzi eccezionali per arricchire la vostra collezione. Scoprite l'impressionante <a href=\"https:\/\/repliquemangacine.fr\/it\/spade-di-world-of-warcraft\/frostmourne-deuillegivre-spada-spada-del-re-dei-lich\/\">Frostmourne<\/a> di World of Warcraft, una temibile lama carica di magia oscura. Immergetevi in mondi fantastici con le spade replica de Il Signore degli Anelli, come ad esempio <a href=\"https:\/\/repliquemangacine.fr\/it\/spade-e-pugnali-gli-anelli-del-potere\/spada-anduril-aragorn-signore-degli-anelli\/\">And\u00faril<\/a> o Dard, o il<a href=\"https:\/\/repliquemangacine.fr\/it\/spada-il-cacciatore\/spada-dacciaio-geralt-de-riv-the-witcher3\/\">Spada d'acciaio di Geralt<\/a> di The Witcher, un capolavoro.<\/p>\n<p>Per gli appassionati delle novit\u00e0, non perdetevi le nostre ultime <a href=\"https:\/\/repliquemangacine.fr\/it\/katana-leggera-uccisore-di-demoni\/\">katane luminose di Demon Slayer<\/a>Le lame a LED aggiungono un tocco spettacolare. Ognuno di questi pezzi \u00e8 stato progettato per deliziare gli appassionati e offrire un'immersione totale nei vostri franchise preferiti. In conclusione, scegliete la qualit\u00e0 e l'autenticit\u00e0 con le nostre collezioni esclusive!<\/p>","protected":false},"excerpt":{"rendered":"<p>Stupefacente! Questa replica della Spada del Giudizio di Optimus Prime, dalla serie Transformers, \u00e8 una copia della spada del Giudizio.<\/p>\n<ul>\n<li>Lama a doppio taglio in acciaio inox 440 non tagliente.<\/li>\n<li>Su ogni smusso della lama sono incisi gli ideogrammi<\/li>\n<li>Al centro della lama si trova un elemento decorativo in ABS stampato.<\/li>\n<li>Impugnatura in metallo appositamente sagomata<\/li>\n<li>Guardia e pomo in acciaio massiccio rosso e blu<\/li>\n<li>Fornito con piastra a muro per trasformatori<\/li>\n<li>Lunghezza lama: 80 cm - Lunghezza totale: 130 cm<\/li>\n<li>Peso: 3500 gr<\/li>\n<\/ul>","protected":false},"featured_media":79346,"template":"","meta":[],"product_brand":[896],"product_cat":[91,66,24],"product_tag":[],"class_list":{"0":"post-79344","1":"product","2":"type-product","3":"status-publish","4":"has-post-thumbnail","6":"product_brand-replique-manga-cine","7":"product_cat-katana-les-epees-de-films-et-series","8":"product_cat-repliques-d-armes-films-et-series","9":"product_cat-films-series-tv-vente-de-katana-epee-et-produits-derives","11":"first","12":"instock","13":"taxable","14":"shipping-taxable","15":"purchasable","16":"product-type-simple"},"yoast_head":"<!-- This site is optimized with the Yoast SEO plugin v27.4 - https:\/\/yoast.com\/product\/yoast-seo-wordpress\/ -->\n<title>\u00c9p\u00e9e du Jugement d&#039;Optimus Prime - Transformers | RMC<\/title>\n<meta name=\"description\" content=\"\u00c9poustouflante ! Cette \u00c9p\u00e9e du Jugement d&#039;Optimus Prime dans Transformers. Lame en acier 440 avec gravure et plaque d\u00e9corative. Support. Longueur 130cm\" \/>\n<meta name=\"robots\" content=\"index, follow, max-snippet:-1, max-image-preview:large, max-video-preview:-1\" \/>\n<link rel=\"canonical\" href=\"https:\/\/repliquemangacine.fr\/it\/film-serie-tv-vendita-di-spade-katana-e-prodotti-correlati\/spada-del-giudizio-doptimus-prime\/\" \/>\n<meta property=\"og:locale\" content=\"it_IT\" \/>\n<meta property=\"og:type\" content=\"article\" \/>\n<meta property=\"og:title\" content=\"\u00c9p\u00e9e du Jugement d&#039;Optimus Prime - Transformers | RMC\" \/>\n<meta property=\"og:description\" content=\"\u00c9poustouflante ! Cette \u00c9p\u00e9e du Jugement d&#039;Optimus Prime dans Transformers. Lame en acier 440 avec gravure et plaque d\u00e9corative. Support. Longueur 130cm\" \/>\n<meta property=\"og:url\" content=\"https:\/\/repliquemangacine.fr\/it\/film-serie-tv-vendita-di-spade-katana-e-prodotti-correlati\/spada-del-giudizio-doptimus-prime\/\" \/>\n<meta property=\"og:site_name\" content=\"R\u00e9plique Manga Cin\u00e9\" \/>\n<meta property=\"article:publisher\" content=\"https:\/\/www.facebook.com\/RepliqueMangaCine\" \/>\n<meta property=\"article:modified_time\" content=\"2026-02-17T09:17:36+00:00\" \/>\n<meta property=\"og:image\" content=\"https:\/\/repliquemangacine.fr\/wp-content\/uploads\/2024\/12\/Epee-du-jugement-dOptimus-Prime-avec-support.jpg\" \/>\n\t<meta property=\"og:image:width\" content=\"500\" \/>\n\t<meta property=\"og:image:height\" content=\"500\" \/>\n\t<meta property=\"og:image:type\" content=\"image\/jpeg\" \/>\n<meta name=\"twitter:card\" content=\"summary_large_image\" \/>\n<meta name=\"twitter:label1\" content=\"Tempo di lettura stimato\" \/>\n\t<meta name=\"twitter:data1\" content=\"2 minuti\" \/>\n<script type=\"application\/ld+json\" class=\"yoast-schema-graph\">{\"@context\":\"https:\\\/\\\/schema.org\",\"@graph\":[{\"@type\":\"WebPage\",\"@id\":\"https:\\\/\\\/repliquemangacine.fr\\\/films-series-tv-vente-de-katana-epee-et-produits-derives\\\/epee-du-jugement-doptimus-prime\\\/\",\"url\":\"https:\\\/\\\/repliquemangacine.fr\\\/films-series-tv-vente-de-katana-epee-et-produits-derives\\\/epee-du-jugement-doptimus-prime\\\/\",\"name\":\"\u00c9p\u00e9e du Jugement d'Optimus Prime - Transformers | RMC\",\"isPartOf\":{\"@id\":\"https:\\\/\\\/repliquemangacine.fr\\\/#website\"},\"primaryImageOfPage\":{\"@id\":\"https:\\\/\\\/repliquemangacine.fr\\\/films-series-tv-vente-de-katana-epee-et-produits-derives\\\/epee-du-jugement-doptimus-prime\\\/#primaryimage\"},\"image\":{\"@id\":\"https:\\\/\\\/repliquemangacine.fr\\\/films-series-tv-vente-de-katana-epee-et-produits-derives\\\/epee-du-jugement-doptimus-prime\\\/#primaryimage\"},\"thumbnailUrl\":\"https:\\\/\\\/repliquemangacine.fr\\\/wp-content\\\/uploads\\\/2024\\\/12\\\/Epee-du-jugement-dOptimus-Prime-avec-support.jpg\",\"datePublished\":\"2024-12-07T17:18:12+00:00\",\"dateModified\":\"2026-02-17T09:17:36+00:00\",\"description\":\"\u00c9poustouflante ! Cette \u00c9p\u00e9e du Jugement d'Optimus Prime dans Transformers. Lame en acier 440 avec gravure et plaque d\u00e9corative. Support. Longueur 130cm\",\"breadcrumb\":{\"@id\":\"https:\\\/\\\/repliquemangacine.fr\\\/films-series-tv-vente-de-katana-epee-et-produits-derives\\\/epee-du-jugement-doptimus-prime\\\/#breadcrumb\"},\"inLanguage\":\"it-IT\",\"potentialAction\":[{\"@type\":\"ReadAction\",\"target\":[\"https:\\\/\\\/repliquemangacine.fr\\\/films-series-tv-vente-de-katana-epee-et-produits-derives\\\/epee-du-jugement-doptimus-prime\\\/\"]}]},{\"@type\":\"ImageObject\",\"inLanguage\":\"it-IT\",\"@id\":\"https:\\\/\\\/repliquemangacine.fr\\\/films-series-tv-vente-de-katana-epee-et-produits-derives\\\/epee-du-jugement-doptimus-prime\\\/#primaryimage\",\"url\":\"https:\\\/\\\/repliquemangacine.fr\\\/wp-content\\\/uploads\\\/2024\\\/12\\\/Epee-du-jugement-dOptimus-Prime-avec-support.jpg\",\"contentUrl\":\"https:\\\/\\\/repliquemangacine.fr\\\/wp-content\\\/uploads\\\/2024\\\/12\\\/Epee-du-jugement-dOptimus-Prime-avec-support.jpg\",\"width\":500,\"height\":500,\"caption\":\"\u00c9p\u00e9e du Jugement d'Optimus Prime dans Transformers\"},{\"@type\":\"BreadcrumbList\",\"@id\":\"https:\\\/\\\/repliquemangacine.fr\\\/films-series-tv-vente-de-katana-epee-et-produits-derives\\\/epee-du-jugement-doptimus-prime\\\/#breadcrumb\",\"itemListElement\":[{\"@type\":\"ListItem\",\"position\":1,\"name\":\"Accueil\",\"item\":\"https:\\\/\\\/repliquemangacine.fr\\\/\"},{\"@type\":\"ListItem\",\"position\":2,\"name\":\"Produits\",\"item\":\"https:\\\/\\\/repliquemangacine.fr\\\/boutique\\\/\"},{\"@type\":\"ListItem\",\"position\":3,\"name\":\"\u00c9p\u00e9e du Jugement d&#8217;Optimus Prime\"}]},{\"@type\":\"WebSite\",\"@id\":\"https:\\\/\\\/repliquemangacine.fr\\\/#website\",\"url\":\"https:\\\/\\\/repliquemangacine.fr\\\/\",\"name\":\"R\u00e9plique Manga Cin\u00e9\",\"description\":\"\",\"publisher\":{\"@id\":\"https:\\\/\\\/repliquemangacine.fr\\\/#organization\"},\"potentialAction\":[{\"@type\":\"SearchAction\",\"target\":{\"@type\":\"EntryPoint\",\"urlTemplate\":\"https:\\\/\\\/repliquemangacine.fr\\\/?s={search_term_string}\"},\"query-input\":{\"@type\":\"PropertyValueSpecification\",\"valueRequired\":true,\"valueName\":\"search_term_string\"}}],\"inLanguage\":\"it-IT\"},{\"@type\":\"Organization\",\"@id\":\"https:\\\/\\\/repliquemangacine.fr\\\/#organization\",\"name\":\"R\u00e9plique Manga Cin\u00e9\",\"url\":\"https:\\\/\\\/repliquemangacine.fr\\\/\",\"logo\":{\"@type\":\"ImageObject\",\"inLanguage\":\"it-IT\",\"@id\":\"https:\\\/\\\/repliquemangacine.fr\\\/#\\\/schema\\\/logo\\\/image\\\/\",\"url\":\"https:\\\/\\\/repliquemangacine.fr\\\/wp-content\\\/uploads\\\/2023\\\/10\\\/RMC-500250.png\",\"contentUrl\":\"https:\\\/\\\/repliquemangacine.fr\\\/wp-content\\\/uploads\\\/2023\\\/10\\\/RMC-500250.png\",\"width\":500,\"height\":250,\"caption\":\"R\u00e9plique Manga Cin\u00e9\"},\"image\":{\"@id\":\"https:\\\/\\\/repliquemangacine.fr\\\/#\\\/schema\\\/logo\\\/image\\\/\"},\"sameAs\":[\"https:\\\/\\\/www.facebook.com\\\/RepliqueMangaCine\",\"https:\\\/\\\/www.instagram.com\\\/repliquemangacine.fr\\\/\"]}]}<\/script>\n<!-- \/ Yoast SEO plugin. -->","yoast_head_json":{"title":"Spada del Giudizio di Optimus Prime - Transformers | RMC","description":"Stupefacente! Questa spada del giudizio di Optimus Prime in Transformers. Lama in acciaio 440 con incisione e placca decorativa. Supporto. Lunghezza 130 cm","robots":{"index":"index","follow":"follow","max-snippet":"max-snippet:-1","max-image-preview":"max-image-preview:large","max-video-preview":"max-video-preview:-1"},"canonical":"https:\/\/repliquemangacine.fr\/it\/film-serie-tv-vendita-di-spade-katana-e-prodotti-correlati\/spada-del-giudizio-doptimus-prime\/","og_locale":"it_IT","og_type":"article","og_title":"\u00c9p\u00e9e du Jugement d'Optimus Prime - Transformers | RMC","og_description":"\u00c9poustouflante ! Cette \u00c9p\u00e9e du Jugement d'Optimus Prime dans Transformers. Lame en acier 440 avec gravure et plaque d\u00e9corative. Support. Longueur 130cm","og_url":"https:\/\/repliquemangacine.fr\/it\/film-serie-tv-vendita-di-spade-katana-e-prodotti-correlati\/spada-del-giudizio-doptimus-prime\/","og_site_name":"R\u00e9plique Manga Cin\u00e9","article_publisher":"https:\/\/www.facebook.com\/RepliqueMangaCine","article_modified_time":"2026-02-17T09:17:36+00:00","og_image":[{"width":500,"height":500,"url":"https:\/\/repliquemangacine.fr\/wp-content\/uploads\/2024\/12\/Epee-du-jugement-dOptimus-Prime-avec-support.jpg","type":"image\/jpeg"}],"twitter_card":"summary_large_image","twitter_misc":{"Tempo di lettura stimato":"2 minuti"},"schema":{"@context":"https:\/\/schema.org","@graph":[{"@type":"WebPage","@id":"https:\/\/repliquemangacine.fr\/films-series-tv-vente-de-katana-epee-et-produits-derives\/epee-du-jugement-doptimus-prime\/","url":"https:\/\/repliquemangacine.fr\/films-series-tv-vente-de-katana-epee-et-produits-derives\/epee-du-jugement-doptimus-prime\/","name":"Spada del Giudizio di Optimus Prime - Transformers | RMC","isPartOf":{"@id":"https:\/\/repliquemangacine.fr\/#website"},"primaryImageOfPage":{"@id":"https:\/\/repliquemangacine.fr\/films-series-tv-vente-de-katana-epee-et-produits-derives\/epee-du-jugement-doptimus-prime\/#primaryimage"},"image":{"@id":"https:\/\/repliquemangacine.fr\/films-series-tv-vente-de-katana-epee-et-produits-derives\/epee-du-jugement-doptimus-prime\/#primaryimage"},"thumbnailUrl":"https:\/\/repliquemangacine.fr\/wp-content\/uploads\/2024\/12\/Epee-du-jugement-dOptimus-Prime-avec-support.jpg","datePublished":"2024-12-07T17:18:12+00:00","dateModified":"2026-02-17T09:17:36+00:00","description":"Stupefacente! Questa spada del giudizio di Optimus Prime in Transformers. Lama in acciaio 440 con incisione e placca decorativa. Supporto. Lunghezza 130 cm","breadcrumb":{"@id":"https:\/\/repliquemangacine.fr\/films-series-tv-vente-de-katana-epee-et-produits-derives\/epee-du-jugement-doptimus-prime\/#breadcrumb"},"inLanguage":"it-IT","potentialAction":[{"@type":"ReadAction","target":["https:\/\/repliquemangacine.fr\/films-series-tv-vente-de-katana-epee-et-produits-derives\/epee-du-jugement-doptimus-prime\/"]}]},{"@type":"ImageObject","inLanguage":"it-IT","@id":"https:\/\/repliquemangacine.fr\/films-series-tv-vente-de-katana-epee-et-produits-derives\/epee-du-jugement-doptimus-prime\/#primaryimage","url":"https:\/\/repliquemangacine.fr\/wp-content\/uploads\/2024\/12\/Epee-du-jugement-dOptimus-Prime-avec-support.jpg","contentUrl":"https:\/\/repliquemangacine.fr\/wp-content\/uploads\/2024\/12\/Epee-du-jugement-dOptimus-Prime-avec-support.jpg","width":500,"height":500,"caption":"\u00c9p\u00e9e du Jugement d'Optimus Prime dans Transformers"},{"@type":"BreadcrumbList","@id":"https:\/\/repliquemangacine.fr\/films-series-tv-vente-de-katana-epee-et-produits-derives\/epee-du-jugement-doptimus-prime\/#breadcrumb","itemListElement":[{"@type":"ListItem","position":1,"name":"Accueil","item":"https:\/\/repliquemangacine.fr\/"},{"@type":"ListItem","position":2,"name":"Produits","item":"https:\/\/repliquemangacine.fr\/boutique\/"},{"@type":"ListItem","position":3,"name":"\u00c9p\u00e9e du Jugement d&#8217;Optimus Prime"}]},{"@type":"WebSite","@id":"https:\/\/repliquemangacine.fr\/#website","url":"https:\/\/repliquemangacine.fr\/","name":"R\u00e9plique Manga Cin\u00e9","description":"","publisher":{"@id":"https:\/\/repliquemangacine.fr\/#organization"},"potentialAction":[{"@type":"SearchAction","target":{"@type":"EntryPoint","urlTemplate":"https:\/\/repliquemangacine.fr\/?s={search_term_string}"},"query-input":{"@type":"PropertyValueSpecification","valueRequired":true,"valueName":"search_term_string"}}],"inLanguage":"it-IT"},{"@type":"Organization","@id":"https:\/\/repliquemangacine.fr\/#organization","name":"R\u00e9plique Manga Cin\u00e9","url":"https:\/\/repliquemangacine.fr\/","logo":{"@type":"ImageObject","inLanguage":"it-IT","@id":"https:\/\/repliquemangacine.fr\/#\/schema\/logo\/image\/","url":"https:\/\/repliquemangacine.fr\/wp-content\/uploads\/2023\/10\/RMC-500250.png","contentUrl":"https:\/\/repliquemangacine.fr\/wp-content\/uploads\/2023\/10\/RMC-500250.png","width":500,"height":250,"caption":"R\u00e9plique Manga Cin\u00e9"},"image":{"@id":"https:\/\/repliquemangacine.fr\/#\/schema\/logo\/image\/"},"sameAs":["https:\/\/www.facebook.com\/RepliqueMangaCine","https:\/\/www.instagram.com\/repliquemangacine.fr\/"]}]}},"_links":{"self":[{"href":"https:\/\/repliquemangacine.fr\/it\/wp-json\/wp\/v2\/product\/79344","targetHints":{"allow":["GET"]}}],"collection":[{"href":"https:\/\/repliquemangacine.fr\/it\/wp-json\/wp\/v2\/product"}],"about":[{"href":"https:\/\/repliquemangacine.fr\/it\/wp-json\/wp\/v2\/types\/product"}],"wp:featuredmedia":[{"embeddable":true,"href":"https:\/\/repliquemangacine.fr\/it\/wp-json\/wp\/v2\/media\/79346"}],"wp:attachment":[{"href":"https:\/\/repliquemangacine.fr\/it\/wp-json\/wp\/v2\/media?parent=79344"}],"wp:term":[{"taxonomy":"product_brand","embeddable":true,"href":"https:\/\/repliquemangacine.fr\/it\/wp-json\/wp\/v2\/product_brand?post=79344"},{"taxonomy":"product_cat","embeddable":true,"href":"https:\/\/repliquemangacine.fr\/it\/wp-json\/wp\/v2\/product_cat?post=79344"},{"taxonomy":"product_tag","embeddable":true,"href":"https:\/\/repliquemangacine.fr\/it\/wp-json\/wp\/v2\/product_tag?post=79344"}],"curies":[{"name":"wp","href":"https:\/\/api.w.org\/{rel}","templated":true}]}}