





{"id":78735,"date":"2024-11-30T21:35:41","date_gmt":"2024-11-30T20:35:41","guid":{"rendered":"https:\/\/repliquemangacine.fr\/?post_type=product&#038;p=78735"},"modified":"2026-01-11T15:34:52","modified_gmt":"2026-01-11T14:34:52","slug":"fucile-mauser-k98-antico","status":"publish","type":"product","link":"https:\/\/repliquemangacine.fr\/it\/reproductions-armes-seconde-guerre-mondiale-denix\/carabine-mauser-k98-vieilli\/","title":{"rendered":"Vecchia carabina Mauser K98"},"content":{"rendered":"<h2>La carabina Mauser K98: una replica autentica dal fascino antico<\/h2>\n<p>Prima di tutto, scoprite l'eccezionale replica del <strong>Fucile Mauser K98<\/strong>. Un fucile emblematico della Seconda Guerra Mondiale, rivisitato da <a href=\"https:\/\/www.denix.fr\/fr\/catalogue\/nouveautes\/\" target=\"_blank\" rel=\"noopener noreferrer\">Denix<\/a> in versione patinata e invecchiata. Questo modello, utilizzato dalle forze armate tedesche tra il 1935 e il 1945, \u00e8 un vero e proprio simbolo dell'ingegneria militare dell'epoca. La finitura invecchiata di questa replica conferisce un realismo sorprendente, evocando un'arma che ha attraversato decenni di conflitti. Realizzata in metallo robusto e vero legno. Riproduce fedelmente i dettagli originali, dalla culatta alla canna. Questa replica inerte \u00e8 ideale per gli appassionati di storia, i collezionisti o gli amanti delle rievocazioni storiche.<\/p>\n<p>Va sottolineato che ogni pezzo \u00e8 patinato a mano, garantendo un aspetto unico e autentico. Con dimensioni fedeli all'originale e peso realistico. Il Mauser K98 patinato di Denix, una vera e propria immersione nella storia militare.<\/p>\n<h2>Una collezione completa di repliche patinate di Denix<\/h2>\n<p>Oltre al fucile Mauser K98, Denix offre un'impressionante gamma di repliche di armi patinate e invecchiate. Ognuna di esse rende omaggio a un periodo storico chiave. Scoprite il <a href=\"https:\/\/repliquemangacine.fr\/it\/pistola-colt\/confedere-revolver-1860-invecchiato\/\">Colt confederata 1860<\/a>con le sue finiture antiche che evocano il fascino delle armi della Guerra Civile americana. \u00c8 inoltre possibile esplorare il <a href=\"https:\/\/repliquemangacine.fr\/it\/pistole-occidentali\/cavalle-winchester-gamba-invecchiata\/\">Gamba della cavalla<\/a>il famoso fucile accorciato reso popolare dai film western e dal <a href=\"https:\/\/repliquemangacine.fr\/it\/riproduzione-armi-seconda-guerra-mondiale-denix\/pistola-luger-p08-antica\/\">Pistola Luger P08<\/a>Una vera icona della Seconda Guerra Mondiale. Realizzati con materiali di qualit\u00e0, la loro finitura affilata conferisce un sorprendente realismo. Appassionati di western, armi da guerra o epopee storiche. Questa collezione patinata vi permette di viaggiare attraverso le epoche, arricchendo la vostra collezione con oggetti unici.<\/p>\n<h2>Perch\u00e9 scegliere il fucile Mauser K98 invecchiato e come \u00e8 fatto?<\/h2>\n<p>Il fucile Mauser K98 non \u00e8 solo una replica, \u00e8 un pezzo di storia nelle vostre mani. Scegliere questo modello significa optare per l'autenticit\u00e0 e l'artigianalit\u00e0. Realizzato in metallo e legno di alta qualit\u00e0. Progettato per essere fedele all'originale pur rimanendo inerte, nel rispetto delle normative sulle repliche di armi. Infatti, tutti i meccanismi funzionano, ma non \u00e8 assolutamente idoneo a sparare. Invecchiato a mano per creare una finitura unica che simula gli effetti del tempo. Vale la pena sottolineare che questo processo artigianale garantisce un pezzo tanto bello quanto autentico, perfetto per arricchire una collezione o valorizzare una decorazione. In conclusione, con Denix si investe in una replica che unisce estetica, storia e durata.<\/p>","protected":false},"excerpt":{"rendered":"<p>Superba riproduzione del fucile Mauser K98 in patina e invecchiato per un maggiore realismo da parte di Denix.<\/p>\n<ul>\n<li>Calcio e canna in legno massiccio.<\/li>\n<li>Parti metalliche in Zamac patinato e invecchiato.<\/li>\n<li>Armi in funzione e colpi, ma totalmente inadatte a sparare.<\/li>\n<li><strong>Non \u00e8 richiesta alcuna autorizzazione. Vendita e possesso gratuiti<\/strong><\/li>\n<li>Lunghezza: 110,5 cm - Peso: 2925 grammi<\/li>\n<\/ul>","protected":false},"featured_media":84749,"template":"","meta":[],"product_brand":[896],"product_cat":[54,40,28,76],"product_tag":[],"class_list":{"0":"post-78735","1":"product","2":"type-product","3":"status-publish","4":"has-post-thumbnail","6":"product_brand-replique-manga-cine","7":"product_cat-armes-accessoires-guerre-mondiale","8":"product_cat-pistolet-moderne","9":"product_cat-repliques-darmes","10":"product_cat-reproductions-armes-seconde-guerre-mondiale-denix","12":"first","13":"instock","14":"sale","15":"taxable","16":"shipping-taxable","17":"purchasable","18":"product-type-simple"},"yoast_head":"<!-- This site is optimized with the Yoast SEO plugin v27.4 - https:\/\/yoast.com\/product\/yoast-seo-wordpress\/ -->\n<title>Carabine Mauser K98 Vieilli - R\u00e9plique Manga Cin\u00e9<\/title>\n<meta name=\"description\" content=\"Superbe reproduction de la Carabine Mauser K98 Vieilli de Denix. En m\u00e9tal et bois. M\u00e9canisme fonctionnel. Patin\u00e9e et vieillie pour plus de r\u00e9alisme.\" \/>\n<meta name=\"robots\" content=\"index, follow, max-snippet:-1, max-image-preview:large, max-video-preview:-1\" \/>\n<link rel=\"canonical\" href=\"https:\/\/repliquemangacine.fr\/it\/riproduzione-armi-seconda-guerra-mondiale-denix\/fucile-mauser-k98-antico\/\" \/>\n<meta property=\"og:locale\" content=\"it_IT\" \/>\n<meta property=\"og:type\" content=\"article\" \/>\n<meta property=\"og:title\" content=\"Carabine Mauser K98 Vieilli - R\u00e9plique Manga Cin\u00e9\" \/>\n<meta property=\"og:description\" content=\"Superbe reproduction de la Carabine Mauser K98 Vieilli de Denix. En m\u00e9tal et bois. M\u00e9canisme fonctionnel. Patin\u00e9e et vieillie pour plus de r\u00e9alisme.\" \/>\n<meta property=\"og:url\" content=\"https:\/\/repliquemangacine.fr\/it\/riproduzione-armi-seconda-guerra-mondiale-denix\/fucile-mauser-k98-antico\/\" \/>\n<meta property=\"og:site_name\" content=\"R\u00e9plique Manga Cin\u00e9\" \/>\n<meta property=\"article:publisher\" content=\"https:\/\/www.facebook.com\/RepliqueMangaCine\" \/>\n<meta property=\"article:modified_time\" content=\"2026-01-11T14:34:52+00:00\" \/>\n<meta property=\"og:image\" content=\"https:\/\/repliquemangacine.fr\/wp-content\/uploads\/2024\/11\/Carabine-Mauser-K98-vieilli-1.jpg\" \/>\n\t<meta property=\"og:image:width\" content=\"800\" \/>\n\t<meta property=\"og:image:height\" content=\"800\" \/>\n\t<meta property=\"og:image:type\" content=\"image\/jpeg\" \/>\n<meta name=\"twitter:card\" content=\"summary_large_image\" \/>\n<meta name=\"twitter:label1\" content=\"Tempo di lettura stimato\" \/>\n\t<meta name=\"twitter:data1\" content=\"3 minuti\" \/>\n<script type=\"application\/ld+json\" class=\"yoast-schema-graph\">{\"@context\":\"https:\\\/\\\/schema.org\",\"@graph\":[{\"@type\":\"WebPage\",\"@id\":\"https:\\\/\\\/repliquemangacine.fr\\\/reproductions-armes-seconde-guerre-mondiale-denix\\\/carabine-mauser-k98-vieilli\\\/\",\"url\":\"https:\\\/\\\/repliquemangacine.fr\\\/reproductions-armes-seconde-guerre-mondiale-denix\\\/carabine-mauser-k98-vieilli\\\/\",\"name\":\"Carabine Mauser K98 Vieilli - R\u00e9plique Manga Cin\u00e9\",\"isPartOf\":{\"@id\":\"https:\\\/\\\/repliquemangacine.fr\\\/#website\"},\"primaryImageOfPage\":{\"@id\":\"https:\\\/\\\/repliquemangacine.fr\\\/reproductions-armes-seconde-guerre-mondiale-denix\\\/carabine-mauser-k98-vieilli\\\/#primaryimage\"},\"image\":{\"@id\":\"https:\\\/\\\/repliquemangacine.fr\\\/reproductions-armes-seconde-guerre-mondiale-denix\\\/carabine-mauser-k98-vieilli\\\/#primaryimage\"},\"thumbnailUrl\":\"https:\\\/\\\/repliquemangacine.fr\\\/wp-content\\\/uploads\\\/2024\\\/11\\\/Carabine-Mauser-K98-vieilli-1.jpg\",\"datePublished\":\"2024-11-30T20:35:41+00:00\",\"dateModified\":\"2026-01-11T14:34:52+00:00\",\"description\":\"Superbe reproduction de la Carabine Mauser K98 Vieilli de Denix. En m\u00e9tal et bois. M\u00e9canisme fonctionnel. Patin\u00e9e et vieillie pour plus de r\u00e9alisme.\",\"breadcrumb\":{\"@id\":\"https:\\\/\\\/repliquemangacine.fr\\\/reproductions-armes-seconde-guerre-mondiale-denix\\\/carabine-mauser-k98-vieilli\\\/#breadcrumb\"},\"inLanguage\":\"it-IT\",\"potentialAction\":[{\"@type\":\"ReadAction\",\"target\":[\"https:\\\/\\\/repliquemangacine.fr\\\/reproductions-armes-seconde-guerre-mondiale-denix\\\/carabine-mauser-k98-vieilli\\\/\"]}]},{\"@type\":\"ImageObject\",\"inLanguage\":\"it-IT\",\"@id\":\"https:\\\/\\\/repliquemangacine.fr\\\/reproductions-armes-seconde-guerre-mondiale-denix\\\/carabine-mauser-k98-vieilli\\\/#primaryimage\",\"url\":\"https:\\\/\\\/repliquemangacine.fr\\\/wp-content\\\/uploads\\\/2024\\\/11\\\/Carabine-Mauser-K98-vieilli-1.jpg\",\"contentUrl\":\"https:\\\/\\\/repliquemangacine.fr\\\/wp-content\\\/uploads\\\/2024\\\/11\\\/Carabine-Mauser-K98-vieilli-1.jpg\",\"width\":800,\"height\":800,\"caption\":\"Carabine Mauser K98 vieilli\"},{\"@type\":\"BreadcrumbList\",\"@id\":\"https:\\\/\\\/repliquemangacine.fr\\\/reproductions-armes-seconde-guerre-mondiale-denix\\\/carabine-mauser-k98-vieilli\\\/#breadcrumb\",\"itemListElement\":[{\"@type\":\"ListItem\",\"position\":1,\"name\":\"Accueil\",\"item\":\"https:\\\/\\\/repliquemangacine.fr\\\/\"},{\"@type\":\"ListItem\",\"position\":2,\"name\":\"Produits\",\"item\":\"https:\\\/\\\/repliquemangacine.fr\\\/boutique\\\/\"},{\"@type\":\"ListItem\",\"position\":3,\"name\":\"Carabine Mauser K98 Vieilli\"}]},{\"@type\":\"WebSite\",\"@id\":\"https:\\\/\\\/repliquemangacine.fr\\\/#website\",\"url\":\"https:\\\/\\\/repliquemangacine.fr\\\/\",\"name\":\"R\u00e9plique Manga Cin\u00e9\",\"description\":\"\",\"publisher\":{\"@id\":\"https:\\\/\\\/repliquemangacine.fr\\\/#organization\"},\"potentialAction\":[{\"@type\":\"SearchAction\",\"target\":{\"@type\":\"EntryPoint\",\"urlTemplate\":\"https:\\\/\\\/repliquemangacine.fr\\\/?s={search_term_string}\"},\"query-input\":{\"@type\":\"PropertyValueSpecification\",\"valueRequired\":true,\"valueName\":\"search_term_string\"}}],\"inLanguage\":\"it-IT\"},{\"@type\":\"Organization\",\"@id\":\"https:\\\/\\\/repliquemangacine.fr\\\/#organization\",\"name\":\"R\u00e9plique Manga Cin\u00e9\",\"url\":\"https:\\\/\\\/repliquemangacine.fr\\\/\",\"logo\":{\"@type\":\"ImageObject\",\"inLanguage\":\"it-IT\",\"@id\":\"https:\\\/\\\/repliquemangacine.fr\\\/#\\\/schema\\\/logo\\\/image\\\/\",\"url\":\"https:\\\/\\\/repliquemangacine.fr\\\/wp-content\\\/uploads\\\/2023\\\/10\\\/RMC-500250.png\",\"contentUrl\":\"https:\\\/\\\/repliquemangacine.fr\\\/wp-content\\\/uploads\\\/2023\\\/10\\\/RMC-500250.png\",\"width\":500,\"height\":250,\"caption\":\"R\u00e9plique Manga Cin\u00e9\"},\"image\":{\"@id\":\"https:\\\/\\\/repliquemangacine.fr\\\/#\\\/schema\\\/logo\\\/image\\\/\"},\"sameAs\":[\"https:\\\/\\\/www.facebook.com\\\/RepliqueMangaCine\",\"https:\\\/\\\/www.instagram.com\\\/repliquemangacine.fr\\\/\"]}]}<\/script>\n<!-- \/ Yoast SEO plugin. -->","yoast_head_json":{"title":"Fucile Mauser K98 Old - R\u00e9plique Manga Cin\u00e9","description":"Superba riproduzione della carabina Denix Mauser K98 Aged. In metallo e legno. Meccanismo funzionale. Patinato e invecchiato per un maggiore realismo.","robots":{"index":"index","follow":"follow","max-snippet":"max-snippet:-1","max-image-preview":"max-image-preview:large","max-video-preview":"max-video-preview:-1"},"canonical":"https:\/\/repliquemangacine.fr\/it\/riproduzione-armi-seconda-guerra-mondiale-denix\/fucile-mauser-k98-antico\/","og_locale":"it_IT","og_type":"article","og_title":"Carabine Mauser K98 Vieilli - R\u00e9plique Manga Cin\u00e9","og_description":"Superbe reproduction de la Carabine Mauser K98 Vieilli de Denix. En m\u00e9tal et bois. M\u00e9canisme fonctionnel. Patin\u00e9e et vieillie pour plus de r\u00e9alisme.","og_url":"https:\/\/repliquemangacine.fr\/it\/riproduzione-armi-seconda-guerra-mondiale-denix\/fucile-mauser-k98-antico\/","og_site_name":"R\u00e9plique Manga Cin\u00e9","article_publisher":"https:\/\/www.facebook.com\/RepliqueMangaCine","article_modified_time":"2026-01-11T14:34:52+00:00","og_image":[{"width":800,"height":800,"url":"https:\/\/repliquemangacine.fr\/wp-content\/uploads\/2024\/11\/Carabine-Mauser-K98-vieilli-1.jpg","type":"image\/jpeg"}],"twitter_card":"summary_large_image","twitter_misc":{"Tempo di lettura stimato":"3 minuti"},"schema":{"@context":"https:\/\/schema.org","@graph":[{"@type":"WebPage","@id":"https:\/\/repliquemangacine.fr\/reproductions-armes-seconde-guerre-mondiale-denix\/carabine-mauser-k98-vieilli\/","url":"https:\/\/repliquemangacine.fr\/reproductions-armes-seconde-guerre-mondiale-denix\/carabine-mauser-k98-vieilli\/","name":"Fucile Mauser K98 Old - R\u00e9plique Manga Cin\u00e9","isPartOf":{"@id":"https:\/\/repliquemangacine.fr\/#website"},"primaryImageOfPage":{"@id":"https:\/\/repliquemangacine.fr\/reproductions-armes-seconde-guerre-mondiale-denix\/carabine-mauser-k98-vieilli\/#primaryimage"},"image":{"@id":"https:\/\/repliquemangacine.fr\/reproductions-armes-seconde-guerre-mondiale-denix\/carabine-mauser-k98-vieilli\/#primaryimage"},"thumbnailUrl":"https:\/\/repliquemangacine.fr\/wp-content\/uploads\/2024\/11\/Carabine-Mauser-K98-vieilli-1.jpg","datePublished":"2024-11-30T20:35:41+00:00","dateModified":"2026-01-11T14:34:52+00:00","description":"Superba riproduzione della carabina Denix Mauser K98 Aged. In metallo e legno. Meccanismo funzionale. Patinato e invecchiato per un maggiore realismo.","breadcrumb":{"@id":"https:\/\/repliquemangacine.fr\/reproductions-armes-seconde-guerre-mondiale-denix\/carabine-mauser-k98-vieilli\/#breadcrumb"},"inLanguage":"it-IT","potentialAction":[{"@type":"ReadAction","target":["https:\/\/repliquemangacine.fr\/reproductions-armes-seconde-guerre-mondiale-denix\/carabine-mauser-k98-vieilli\/"]}]},{"@type":"ImageObject","inLanguage":"it-IT","@id":"https:\/\/repliquemangacine.fr\/reproductions-armes-seconde-guerre-mondiale-denix\/carabine-mauser-k98-vieilli\/#primaryimage","url":"https:\/\/repliquemangacine.fr\/wp-content\/uploads\/2024\/11\/Carabine-Mauser-K98-vieilli-1.jpg","contentUrl":"https:\/\/repliquemangacine.fr\/wp-content\/uploads\/2024\/11\/Carabine-Mauser-K98-vieilli-1.jpg","width":800,"height":800,"caption":"Carabine Mauser K98 vieilli"},{"@type":"BreadcrumbList","@id":"https:\/\/repliquemangacine.fr\/reproductions-armes-seconde-guerre-mondiale-denix\/carabine-mauser-k98-vieilli\/#breadcrumb","itemListElement":[{"@type":"ListItem","position":1,"name":"Accueil","item":"https:\/\/repliquemangacine.fr\/"},{"@type":"ListItem","position":2,"name":"Produits","item":"https:\/\/repliquemangacine.fr\/boutique\/"},{"@type":"ListItem","position":3,"name":"Carabine Mauser K98 Vieilli"}]},{"@type":"WebSite","@id":"https:\/\/repliquemangacine.fr\/#website","url":"https:\/\/repliquemangacine.fr\/","name":"R\u00e9plique Manga Cin\u00e9","description":"","publisher":{"@id":"https:\/\/repliquemangacine.fr\/#organization"},"potentialAction":[{"@type":"SearchAction","target":{"@type":"EntryPoint","urlTemplate":"https:\/\/repliquemangacine.fr\/?s={search_term_string}"},"query-input":{"@type":"PropertyValueSpecification","valueRequired":true,"valueName":"search_term_string"}}],"inLanguage":"it-IT"},{"@type":"Organization","@id":"https:\/\/repliquemangacine.fr\/#organization","name":"R\u00e9plique Manga Cin\u00e9","url":"https:\/\/repliquemangacine.fr\/","logo":{"@type":"ImageObject","inLanguage":"it-IT","@id":"https:\/\/repliquemangacine.fr\/#\/schema\/logo\/image\/","url":"https:\/\/repliquemangacine.fr\/wp-content\/uploads\/2023\/10\/RMC-500250.png","contentUrl":"https:\/\/repliquemangacine.fr\/wp-content\/uploads\/2023\/10\/RMC-500250.png","width":500,"height":250,"caption":"R\u00e9plique Manga Cin\u00e9"},"image":{"@id":"https:\/\/repliquemangacine.fr\/#\/schema\/logo\/image\/"},"sameAs":["https:\/\/www.facebook.com\/RepliqueMangaCine","https:\/\/www.instagram.com\/repliquemangacine.fr\/"]}]}},"_links":{"self":[{"href":"https:\/\/repliquemangacine.fr\/it\/wp-json\/wp\/v2\/product\/78735","targetHints":{"allow":["GET"]}}],"collection":[{"href":"https:\/\/repliquemangacine.fr\/it\/wp-json\/wp\/v2\/product"}],"about":[{"href":"https:\/\/repliquemangacine.fr\/it\/wp-json\/wp\/v2\/types\/product"}],"wp:featuredmedia":[{"embeddable":true,"href":"https:\/\/repliquemangacine.fr\/it\/wp-json\/wp\/v2\/media\/84749"}],"wp:attachment":[{"href":"https:\/\/repliquemangacine.fr\/it\/wp-json\/wp\/v2\/media?parent=78735"}],"wp:term":[{"taxonomy":"product_brand","embeddable":true,"href":"https:\/\/repliquemangacine.fr\/it\/wp-json\/wp\/v2\/product_brand?post=78735"},{"taxonomy":"product_cat","embeddable":true,"href":"https:\/\/repliquemangacine.fr\/it\/wp-json\/wp\/v2\/product_cat?post=78735"},{"taxonomy":"product_tag","embeddable":true,"href":"https:\/\/repliquemangacine.fr\/it\/wp-json\/wp\/v2\/product_tag?post=78735"}],"curies":[{"name":"wp","href":"https:\/\/api.w.org\/{rel}","templated":true}]}}