





{"id":78716,"date":"2024-11-30T19:44:33","date_gmt":"2024-11-30T18:44:33","guid":{"rendered":"https:\/\/repliquemangacine.fr\/?post_type=product&#038;p=78716"},"modified":"2026-02-01T20:42:23","modified_gmt":"2026-02-01T19:42:23","slug":"master-sword-zelda-lacrime-del-regno","status":"publish","type":"product","link":"https:\/\/repliquemangacine.fr\/it\/epee-zelda\/master-sword-zelda-tears-of-the-kingdom\/","title":{"rendered":"Master sword - Zelda - Le lacrime del regno"},"content":{"rendered":"<h2>Master Sword: la spada leggendaria in Zelda<\/h2>\n<p>Innanzitutto, la Master Sword con la sua lama blu \u00e8 disponibile nel videogioco Zelda \u2013 Tears of the kingdom. Immergetevi nell'universo di Zelda con questa eccezionale replica. Fedele all'originale, questa maestosa lama blu incarna la potenza e la purezza del leggendario eroe Link. Progettata con una notevole attenzione ai dettagli, riflette sia l'eleganza che la robustezza. Un omaggio a una delle armi pi\u00f9 iconiche della saga. Il suo design unico, che combina simboli sacri e finiture curate, la rende un pezzo imperdibile per ogni fan di Zelda.<\/p>\n<p>Inoltre, non si limita ad essere bella: racconta una storia. Il colore della sua lama blu, vivace e luminoso, simboleggia l'amplificazione dei danni inflitti alle forze del male, rappresentando cos\u00ec l'evoluzione e l'ascesa al potere di <a href=\"https:\/\/zelda.fandom.com\/fr\/wiki\/Link\" target=\"_blank\" rel=\"noopener noreferrer\">Collegamento<\/a> nella sua lotta per salvare Hyrule. Questa replica far\u00e0 la gioia dei collezionisti e degli appassionati di oggetti di prestigio legati alle grandi leggende dei videogiochi.<\/p>\n<h2>Completate la vostra collezione di Zelda con i prodotti leggendari<\/h2>\n<p>Immergetevi ancora di pi\u00f9 nel mondo di The Legend of Zelda con la nostra esclusiva gamma di prodotti ispirati alla saga. Oltre alla Master Sword, scoprite la maestosa <a href=\"https:\/\/repliquemangacine.fr\/it\/spada-di-zelda\/scudo-hylian-zelda\/\">Scudo di Hylian<\/a>, disponibile in resina o metallo. Vero e proprio simbolo di protezione, questo scudo sfoggia il famoso emblema della Triforza e lo stemma di Hyrule, perfetto per i fan alla ricerca di autenticit\u00e0 e qualit\u00e0 superiore.<\/p>\n<p>Per gli amanti dei pezzi unici, l\u2019<a href=\"https:\/\/repliquemangacine.fr\/it\/nuovi-prodotti\/leggendaria-spada-corrosa\/\">Spada della leggenda corrosa<\/a> offre un'affascinante interpretazione dell'iconica arma, evocando i misteri del tempo e delle battaglie passate. Aggiungete un tocco di eleganza con il <a href=\"https:\/\/repliquemangacine.fr\/it\/spada-di-zelda\/pugnale-master-sword-zelda\/\">Maestro di spada<\/a>, una versione compatta e raffinata della leggendaria spada, ideale per i collezionisti alla ricerca di un oggetto originale e curato nei dettagli.<\/p>\n<p>Queste repliche, progettate per catturare l'essenza dell'universo di Zelda, sono un must per ogni appassionato.<\/p>\n<h2>Come faccio a mantenere la lama della mia Master Sword?<\/h2>\n<p>Le spade da collezione e decorative sono realizzate e assemblate in modo semplificato. Essendo destinate a scopi decorativi, non dispongono degli elementi di sicurezza necessari per una spada giapponese utilizzata per l'allenamento. Tuttavia, la tua spada Master Sword Zelda ha una lama in acciaio che deve essere mantenuta in buono stato per evitare che si danneggi con il tempo. Infatti, esponendo la tua katana, i tuoi amici saranno curiosi di vedere la lama e di toccarla.<\/p>\n<p>\u00c8 qui che bisogna prestare attenzione: occorre sapere che l'acidit\u00e0 delle dita \u00e8 molto dannosa per l'acciaio, indipendentemente dalla sua qualit\u00e0. Tuttavia, se ci\u00f2 dovesse accadere, non fatevi prendere dal panico. Basta un panno inumidito con un po' d'olio per rimuovere le impronte digitali. In questo modo, la vostra spada durer\u00e0 a lungo.<\/p>","protected":false},"excerpt":{"rendered":"<p>Splendida Master Sword disponibile nel videogioco Zelda - Lacrime del regno<\/p>\n<ul>\n<li>Lama in acciaio inox 440 blu<\/li>\n<li>La Triforza nella parte superiore della lama<\/li>\n<li>Protezione in acciaio massiccio appositamente sagomata<\/li>\n<li>Manico in metallo con nastro di cotone verde per una presa sicura.<\/li>\n<li>Fodero in legno rivestito in finta pelle blu e decorato<\/li>\n<li>Rifiniture dorate alle estremit\u00e0 del fodero<\/li>\n<li>Lunghezza lama: 68 cm - Lunghezza totale: 109 cm<\/li>\n<li>Peso : 1850 gr. con fodero<\/li>\n<\/ul>","protected":false},"featured_media":78720,"template":"","meta":[],"product_brand":[896],"product_cat":[56],"product_tag":[],"class_list":{"0":"post-78716","1":"product","2":"type-product","3":"status-publish","4":"has-post-thumbnail","6":"product_brand-replique-manga-cine","7":"product_cat-epee-zelda","9":"first","10":"instock","11":"taxable","12":"shipping-taxable","13":"purchasable","14":"product-type-simple"},"yoast_head":"<!-- This site is optimized with the Yoast SEO plugin v27.4 - https:\/\/yoast.com\/product\/yoast-seo-wordpress\/ -->\n<title>Master sword - Zelda -Tears of the kingdom - Ep\u00e9e Zelda - RMC<\/title>\n<meta name=\"description\" content=\"Remarquable l&#039;\u00e9p\u00e9e Master Sword et sa lame Bleue dans le jeu vid\u00e9o Zelda - Tears of the kingdom. Tout en acier. Triforce sur le haut de la lame. 109 cm\" \/>\n<meta name=\"robots\" content=\"index, follow, max-snippet:-1, max-image-preview:large, max-video-preview:-1\" \/>\n<link rel=\"canonical\" href=\"https:\/\/repliquemangacine.fr\/it\/spada-di-zelda\/master-sword-zelda-lacrime-del-regno\/\" \/>\n<meta property=\"og:locale\" content=\"it_IT\" \/>\n<meta property=\"og:type\" content=\"article\" \/>\n<meta property=\"og:title\" content=\"Master sword - Zelda -Tears of the kingdom - Ep\u00e9e Zelda - RMC\" \/>\n<meta property=\"og:description\" content=\"Remarquable l&#039;\u00e9p\u00e9e Master Sword et sa lame Bleue dans le jeu vid\u00e9o Zelda - Tears of the kingdom. Tout en acier. Triforce sur le haut de la lame. 109 cm\" \/>\n<meta property=\"og:url\" content=\"https:\/\/repliquemangacine.fr\/it\/spada-di-zelda\/master-sword-zelda-lacrime-del-regno\/\" \/>\n<meta property=\"og:site_name\" content=\"R\u00e9plique Manga Cin\u00e9\" \/>\n<meta property=\"article:publisher\" content=\"https:\/\/www.facebook.com\/RepliqueMangaCine\" \/>\n<meta property=\"article:modified_time\" content=\"2026-02-01T19:42:23+00:00\" \/>\n<meta property=\"og:image\" content=\"https:\/\/repliquemangacine.fr\/wp-content\/uploads\/2024\/11\/Master-sword-zelda.jpg\" \/>\n\t<meta property=\"og:image:width\" content=\"500\" \/>\n\t<meta property=\"og:image:height\" content=\"500\" \/>\n\t<meta property=\"og:image:type\" content=\"image\/jpeg\" \/>\n<meta name=\"twitter:card\" content=\"summary_large_image\" \/>\n<meta name=\"twitter:label1\" content=\"Tempo di lettura stimato\" \/>\n\t<meta name=\"twitter:data1\" content=\"3 minuti\" \/>\n<script type=\"application\/ld+json\" class=\"yoast-schema-graph\">{\"@context\":\"https:\\\/\\\/schema.org\",\"@graph\":[{\"@type\":\"WebPage\",\"@id\":\"https:\\\/\\\/repliquemangacine.fr\\\/epee-zelda\\\/master-sword-zelda-tears-of-the-kingdom\\\/\",\"url\":\"https:\\\/\\\/repliquemangacine.fr\\\/epee-zelda\\\/master-sword-zelda-tears-of-the-kingdom\\\/\",\"name\":\"Master sword - Zelda -Tears of the kingdom - Ep\u00e9e Zelda - RMC\",\"isPartOf\":{\"@id\":\"https:\\\/\\\/repliquemangacine.fr\\\/#website\"},\"primaryImageOfPage\":{\"@id\":\"https:\\\/\\\/repliquemangacine.fr\\\/epee-zelda\\\/master-sword-zelda-tears-of-the-kingdom\\\/#primaryimage\"},\"image\":{\"@id\":\"https:\\\/\\\/repliquemangacine.fr\\\/epee-zelda\\\/master-sword-zelda-tears-of-the-kingdom\\\/#primaryimage\"},\"thumbnailUrl\":\"https:\\\/\\\/repliquemangacine.fr\\\/wp-content\\\/uploads\\\/2024\\\/11\\\/Master-sword-zelda.jpg\",\"datePublished\":\"2024-11-30T18:44:33+00:00\",\"dateModified\":\"2026-02-01T19:42:23+00:00\",\"description\":\"Remarquable l'\u00e9p\u00e9e Master Sword et sa lame Bleue dans le jeu vid\u00e9o Zelda - Tears of the kingdom. Tout en acier. Triforce sur le haut de la lame. 109 cm\",\"breadcrumb\":{\"@id\":\"https:\\\/\\\/repliquemangacine.fr\\\/epee-zelda\\\/master-sword-zelda-tears-of-the-kingdom\\\/#breadcrumb\"},\"inLanguage\":\"it-IT\",\"potentialAction\":[{\"@type\":\"ReadAction\",\"target\":[\"https:\\\/\\\/repliquemangacine.fr\\\/epee-zelda\\\/master-sword-zelda-tears-of-the-kingdom\\\/\"]}]},{\"@type\":\"ImageObject\",\"inLanguage\":\"it-IT\",\"@id\":\"https:\\\/\\\/repliquemangacine.fr\\\/epee-zelda\\\/master-sword-zelda-tears-of-the-kingdom\\\/#primaryimage\",\"url\":\"https:\\\/\\\/repliquemangacine.fr\\\/wp-content\\\/uploads\\\/2024\\\/11\\\/Master-sword-zelda.jpg\",\"contentUrl\":\"https:\\\/\\\/repliquemangacine.fr\\\/wp-content\\\/uploads\\\/2024\\\/11\\\/Master-sword-zelda.jpg\",\"width\":500,\"height\":500,\"caption\":\"Master sword zelda\"},{\"@type\":\"BreadcrumbList\",\"@id\":\"https:\\\/\\\/repliquemangacine.fr\\\/epee-zelda\\\/master-sword-zelda-tears-of-the-kingdom\\\/#breadcrumb\",\"itemListElement\":[{\"@type\":\"ListItem\",\"position\":1,\"name\":\"Accueil\",\"item\":\"https:\\\/\\\/repliquemangacine.fr\\\/\"},{\"@type\":\"ListItem\",\"position\":2,\"name\":\"Produits\",\"item\":\"https:\\\/\\\/repliquemangacine.fr\\\/boutique\\\/\"},{\"@type\":\"ListItem\",\"position\":3,\"name\":\"Master sword &#8211; Zelda -Tears of the kingdom\"}]},{\"@type\":\"WebSite\",\"@id\":\"https:\\\/\\\/repliquemangacine.fr\\\/#website\",\"url\":\"https:\\\/\\\/repliquemangacine.fr\\\/\",\"name\":\"R\u00e9plique Manga Cin\u00e9\",\"description\":\"\",\"publisher\":{\"@id\":\"https:\\\/\\\/repliquemangacine.fr\\\/#organization\"},\"potentialAction\":[{\"@type\":\"SearchAction\",\"target\":{\"@type\":\"EntryPoint\",\"urlTemplate\":\"https:\\\/\\\/repliquemangacine.fr\\\/?s={search_term_string}\"},\"query-input\":{\"@type\":\"PropertyValueSpecification\",\"valueRequired\":true,\"valueName\":\"search_term_string\"}}],\"inLanguage\":\"it-IT\"},{\"@type\":\"Organization\",\"@id\":\"https:\\\/\\\/repliquemangacine.fr\\\/#organization\",\"name\":\"R\u00e9plique Manga Cin\u00e9\",\"url\":\"https:\\\/\\\/repliquemangacine.fr\\\/\",\"logo\":{\"@type\":\"ImageObject\",\"inLanguage\":\"it-IT\",\"@id\":\"https:\\\/\\\/repliquemangacine.fr\\\/#\\\/schema\\\/logo\\\/image\\\/\",\"url\":\"https:\\\/\\\/repliquemangacine.fr\\\/wp-content\\\/uploads\\\/2023\\\/10\\\/RMC-500250.png\",\"contentUrl\":\"https:\\\/\\\/repliquemangacine.fr\\\/wp-content\\\/uploads\\\/2023\\\/10\\\/RMC-500250.png\",\"width\":500,\"height\":250,\"caption\":\"R\u00e9plique Manga Cin\u00e9\"},\"image\":{\"@id\":\"https:\\\/\\\/repliquemangacine.fr\\\/#\\\/schema\\\/logo\\\/image\\\/\"},\"sameAs\":[\"https:\\\/\\\/www.facebook.com\\\/RepliqueMangaCine\",\"https:\\\/\\\/www.instagram.com\\\/repliquemangacine.fr\\\/\"]}]}<\/script>\n<!-- \/ Yoast SEO plugin. -->","yoast_head_json":{"title":"Master sword - Zelda -Tears of the kingdom - Spada Zelda - RMC","description":"La Master Sword e la sua lama blu nel videogioco Zelda - Tears of the Kingdom sono notevoli. Tutta in acciaio. Triforza sulla parte superiore della lama. Lunghezza 109 cm","robots":{"index":"index","follow":"follow","max-snippet":"max-snippet:-1","max-image-preview":"max-image-preview:large","max-video-preview":"max-video-preview:-1"},"canonical":"https:\/\/repliquemangacine.fr\/it\/spada-di-zelda\/master-sword-zelda-lacrime-del-regno\/","og_locale":"it_IT","og_type":"article","og_title":"Master sword - Zelda -Tears of the kingdom - Ep\u00e9e Zelda - RMC","og_description":"Remarquable l'\u00e9p\u00e9e Master Sword et sa lame Bleue dans le jeu vid\u00e9o Zelda - Tears of the kingdom. Tout en acier. Triforce sur le haut de la lame. 109 cm","og_url":"https:\/\/repliquemangacine.fr\/it\/spada-di-zelda\/master-sword-zelda-lacrime-del-regno\/","og_site_name":"R\u00e9plique Manga Cin\u00e9","article_publisher":"https:\/\/www.facebook.com\/RepliqueMangaCine","article_modified_time":"2026-02-01T19:42:23+00:00","og_image":[{"width":500,"height":500,"url":"https:\/\/repliquemangacine.fr\/wp-content\/uploads\/2024\/11\/Master-sword-zelda.jpg","type":"image\/jpeg"}],"twitter_card":"summary_large_image","twitter_misc":{"Tempo di lettura stimato":"3 minuti"},"schema":{"@context":"https:\/\/schema.org","@graph":[{"@type":"WebPage","@id":"https:\/\/repliquemangacine.fr\/epee-zelda\/master-sword-zelda-tears-of-the-kingdom\/","url":"https:\/\/repliquemangacine.fr\/epee-zelda\/master-sword-zelda-tears-of-the-kingdom\/","name":"Master sword - Zelda -Tears of the kingdom - Spada Zelda - RMC","isPartOf":{"@id":"https:\/\/repliquemangacine.fr\/#website"},"primaryImageOfPage":{"@id":"https:\/\/repliquemangacine.fr\/epee-zelda\/master-sword-zelda-tears-of-the-kingdom\/#primaryimage"},"image":{"@id":"https:\/\/repliquemangacine.fr\/epee-zelda\/master-sword-zelda-tears-of-the-kingdom\/#primaryimage"},"thumbnailUrl":"https:\/\/repliquemangacine.fr\/wp-content\/uploads\/2024\/11\/Master-sword-zelda.jpg","datePublished":"2024-11-30T18:44:33+00:00","dateModified":"2026-02-01T19:42:23+00:00","description":"La Master Sword e la sua lama blu nel videogioco Zelda - Tears of the Kingdom sono notevoli. Tutta in acciaio. Triforza sulla parte superiore della lama. Lunghezza 109 cm","breadcrumb":{"@id":"https:\/\/repliquemangacine.fr\/epee-zelda\/master-sword-zelda-tears-of-the-kingdom\/#breadcrumb"},"inLanguage":"it-IT","potentialAction":[{"@type":"ReadAction","target":["https:\/\/repliquemangacine.fr\/epee-zelda\/master-sword-zelda-tears-of-the-kingdom\/"]}]},{"@type":"ImageObject","inLanguage":"it-IT","@id":"https:\/\/repliquemangacine.fr\/epee-zelda\/master-sword-zelda-tears-of-the-kingdom\/#primaryimage","url":"https:\/\/repliquemangacine.fr\/wp-content\/uploads\/2024\/11\/Master-sword-zelda.jpg","contentUrl":"https:\/\/repliquemangacine.fr\/wp-content\/uploads\/2024\/11\/Master-sword-zelda.jpg","width":500,"height":500,"caption":"Master sword zelda"},{"@type":"BreadcrumbList","@id":"https:\/\/repliquemangacine.fr\/epee-zelda\/master-sword-zelda-tears-of-the-kingdom\/#breadcrumb","itemListElement":[{"@type":"ListItem","position":1,"name":"Accueil","item":"https:\/\/repliquemangacine.fr\/"},{"@type":"ListItem","position":2,"name":"Produits","item":"https:\/\/repliquemangacine.fr\/boutique\/"},{"@type":"ListItem","position":3,"name":"Master sword &#8211; Zelda -Tears of the kingdom"}]},{"@type":"WebSite","@id":"https:\/\/repliquemangacine.fr\/#website","url":"https:\/\/repliquemangacine.fr\/","name":"R\u00e9plique Manga Cin\u00e9","description":"","publisher":{"@id":"https:\/\/repliquemangacine.fr\/#organization"},"potentialAction":[{"@type":"SearchAction","target":{"@type":"EntryPoint","urlTemplate":"https:\/\/repliquemangacine.fr\/?s={search_term_string}"},"query-input":{"@type":"PropertyValueSpecification","valueRequired":true,"valueName":"search_term_string"}}],"inLanguage":"it-IT"},{"@type":"Organization","@id":"https:\/\/repliquemangacine.fr\/#organization","name":"R\u00e9plique Manga Cin\u00e9","url":"https:\/\/repliquemangacine.fr\/","logo":{"@type":"ImageObject","inLanguage":"it-IT","@id":"https:\/\/repliquemangacine.fr\/#\/schema\/logo\/image\/","url":"https:\/\/repliquemangacine.fr\/wp-content\/uploads\/2023\/10\/RMC-500250.png","contentUrl":"https:\/\/repliquemangacine.fr\/wp-content\/uploads\/2023\/10\/RMC-500250.png","width":500,"height":250,"caption":"R\u00e9plique Manga Cin\u00e9"},"image":{"@id":"https:\/\/repliquemangacine.fr\/#\/schema\/logo\/image\/"},"sameAs":["https:\/\/www.facebook.com\/RepliqueMangaCine","https:\/\/www.instagram.com\/repliquemangacine.fr\/"]}]}},"_links":{"self":[{"href":"https:\/\/repliquemangacine.fr\/it\/wp-json\/wp\/v2\/product\/78716","targetHints":{"allow":["GET"]}}],"collection":[{"href":"https:\/\/repliquemangacine.fr\/it\/wp-json\/wp\/v2\/product"}],"about":[{"href":"https:\/\/repliquemangacine.fr\/it\/wp-json\/wp\/v2\/types\/product"}],"wp:featuredmedia":[{"embeddable":true,"href":"https:\/\/repliquemangacine.fr\/it\/wp-json\/wp\/v2\/media\/78720"}],"wp:attachment":[{"href":"https:\/\/repliquemangacine.fr\/it\/wp-json\/wp\/v2\/media?parent=78716"}],"wp:term":[{"taxonomy":"product_brand","embeddable":true,"href":"https:\/\/repliquemangacine.fr\/it\/wp-json\/wp\/v2\/product_brand?post=78716"},{"taxonomy":"product_cat","embeddable":true,"href":"https:\/\/repliquemangacine.fr\/it\/wp-json\/wp\/v2\/product_cat?post=78716"},{"taxonomy":"product_tag","embeddable":true,"href":"https:\/\/repliquemangacine.fr\/it\/wp-json\/wp\/v2\/product_tag?post=78716"}],"curies":[{"name":"wp","href":"https:\/\/api.w.org\/{rel}","templated":true}]}}