





{"id":78645,"date":"2024-11-30T17:47:20","date_gmt":"2024-11-30T16:47:20","guid":{"rendered":"https:\/\/repliquemangacine.fr\/?post_type=product&#038;p=78645"},"modified":"2026-02-18T10:55:02","modified_gmt":"2026-02-18T09:55:02","slug":"la-spada-di-massimo-nel-gladiatore","status":"publish","type":"product","link":"https:\/\/repliquemangacine.fr\/it\/epees-glaives-antique\/glaive-de-maximus-dans-gladiator\/","title":{"rendered":"Gladio di Massimo Gladiatore 2"},"content":{"rendered":"<h2>Glaive of Maximus: un omaggio all'eroe del Gladiatore<\/h2>\n<p>Innanzitutto, la spada di Massimo in Il gladiatore, una replica fedele per gli appassionati di storia e cinema.<\/p>\n<p>Immergetevi nell'epico universo di <a href=\"https:\/\/fr.wikipedia.org\/wiki\/Gladiator_2\" target=\"_blank\" rel=\"noopener noreferrer\">Gladiatore<\/a> con questa riproduzione della spada di Massimo, eroe emblematico delle arene romane. Ogni dettaglio di quest'arma \u00e8 stato accuratamente progettato per riflettere l'autenticit\u00e0 storica e l'intensit\u00e0 drammatica del film. La lama, in acciaio inossidabile di alta qualit\u00e0, presenta una finitura lucida che ricorda le armi delle legioni romane. Con il suo manico in metallo invecchiato, questa spada incarna la potenza e la nobilt\u00e0 del generale diventato gladiatore.<\/p>\n<p>Pi\u00f9 che un'arma, questa spada \u00e8 un vero simbolo di determinazione e coraggio di fronte alle avversit\u00e0. Il suo design si ispira direttamente a quello romano, con un'elsa e un equilibrio perfetto che la rendono un oggetto tanto funzionale quanto estetico.\u00a0 Ideale per gli appassionati di rievocazioni storiche, collezionisti o fan di Gladiator, questa replica si ispira allo spirito dell'eroe che sfid\u00f2 un impero.<\/p>\n<h2>Scoprite altri tesori dell'antichit\u00e0 nella nostra collezione<\/h2>\n<p>Per completare la spada Maximus, esplorate la nostra esclusiva selezione di oggetti ispirati al mondo antico.<\/p>\n<ul>\n<li>Iniziate immergendovi nella storia con il <a href=\"https:\/\/repliquemangacine.fr\/it\/spade-katana-da-film-e-serie\/elmo-da-gladiatore-maximus-con-spuntoni\/\">Casco Maximus<\/a>Una riproduzione fedele dei modelli indossati dai gladiatori nell'arena.<\/li>\n<li>Per chi \u00e8 appassionato di strategia e di potenza, la <a href=\"https:\/\/repliquemangacine.fr\/it\/spade-antiche\/spada-romana-jules-cesar-spada-rossa\/\">La spada di Giulio Cesare<\/a> \u00e8 un pezzo eccezionale. Simboleggia la grandezza di Roma e il genio militare del suo famoso imperatore.<\/li>\n<li>Infine, la nostra gamma di<a href=\"https:\/\/repliquemangacine.fr\/it\/spade-antiche\/gladio-spada-dei-legionari-romani\/\"> Spade dei legionari romani<\/a> vi porta nel cuore delle battaglie storiche con modelli autentici. Con la loro semplicit\u00e0 funzionale e la loro formidabile efficacia.<\/li>\n<li>Se siete collezionisti, appassionati di storia o semplicemente affascinati dall'antichit\u00e0, questi pezzi unici arricchiranno la vostra collezione e cattureranno l'essenza di un'epoca leggendaria.<\/li>\n<\/ul>\n<h2>Come faccio a mantenere la lama del mio Maximus Glaive?<\/h2>\n<p>Le spade da collezione e decorative sono realizzate e assemblate in modo semplificato. Poich\u00e9 il loro uso \u00e8 decorativo, non hanno le caratteristiche di sicurezza necessarie per una spada giapponese destinata all'allenamento. Tuttavia, la Glaive de Maximus ha una lama in acciaio che deve essere mantenuta per evitare che si danneggi nel tempo. Se avete intenzione di esporre la vostra spada, i vostri amici saranno curiosi di vedere la lama e di toccarla. \u00c8 qui che bisogna fare attenzione, perch\u00e9 l'acidit\u00e0 delle dita \u00e8 molto dannosa per l'acciaio, qualunque sia la sua qualit\u00e0. Tuttavia, se dovesse succedere, niente panico: basta un panno inumidito con un po' di olio (<a href=\"https:\/\/repliquemangacine.fr\/it\/armi-storiche\/olio-universale-ballistol\/\">Ballistol<\/a>) e pulire le impronte digitali. In questo modo, la spada durer\u00e0 a lungo.<\/p>","protected":false},"excerpt":{"rendered":"<p>Superba Glaive of Maximus, ispirata al film \"Il Gladiatore\".<\/p>\n<ul>\n<li>Lama in acciaio pre-affilata a doppio taglio<\/li>\n<li>Guardia e pomo in acciaio massiccio<\/li>\n<li>Fodero in legno rivestito in vera pelle nera<\/li>\n<li>Quattro anelli sul fodero per il trasporto.<\/li>\n<li>Lunghezza lama: 51,5 cm - Lunghezza totale: 76 cm<\/li>\n<\/ul>","protected":false},"featured_media":78653,"template":"","meta":[],"product_brand":[896],"product_cat":[31,25,91,73],"product_tag":[],"class_list":{"0":"post-78645","1":"product","2":"type-product","3":"status-publish","4":"has-post-thumbnail","6":"product_brand-replique-manga-cine","7":"product_cat-armes-antiques","8":"product_cat-armes-historiques","9":"product_cat-katana-les-epees-de-films-et-series","10":"product_cat-epees-glaives-antique","12":"first","13":"instock","14":"taxable","15":"shipping-taxable","16":"purchasable","17":"product-type-simple"},"yoast_head":"<!-- This site is optimized with the Yoast SEO plugin v27.4 - https:\/\/yoast.com\/product\/yoast-seo-wordpress\/ -->\n<title>Glaive de Maximus Gladiator 2 - R\u00e9plique Manga Cin\u00e9<\/title>\n<meta name=\"description\" content=\"Superbe Glaive de Maximus inspir\u00e9 du film Gladiator. Lame en acier double tranchant pr\u00e9 affut\u00e9. Fourreau en cuir. Garde et pommeau en acier plein.\" \/>\n<meta name=\"robots\" content=\"index, follow, max-snippet:-1, max-image-preview:large, max-video-preview:-1\" \/>\n<link rel=\"canonical\" href=\"https:\/\/repliquemangacine.fr\/it\/spade-antiche\/la-spada-di-massimo-nel-gladiatore\/\" \/>\n<meta property=\"og:locale\" content=\"it_IT\" \/>\n<meta property=\"og:type\" content=\"article\" \/>\n<meta property=\"og:title\" content=\"Glaive de Maximus Gladiator 2 - R\u00e9plique Manga Cin\u00e9\" \/>\n<meta property=\"og:description\" content=\"Superbe Glaive de Maximus inspir\u00e9 du film Gladiator. Lame en acier double tranchant pr\u00e9 affut\u00e9. Fourreau en cuir. Garde et pommeau en acier plein.\" \/>\n<meta property=\"og:url\" content=\"https:\/\/repliquemangacine.fr\/it\/spade-antiche\/la-spada-di-massimo-nel-gladiatore\/\" \/>\n<meta property=\"og:site_name\" content=\"R\u00e9plique Manga Cin\u00e9\" \/>\n<meta property=\"article:publisher\" content=\"https:\/\/www.facebook.com\/RepliqueMangaCine\" \/>\n<meta property=\"article:modified_time\" content=\"2026-02-18T09:55:02+00:00\" \/>\n<meta property=\"og:image\" content=\"https:\/\/repliquemangacine.fr\/wp-content\/uploads\/2024\/11\/Glaive-Gladiateur-Romain.jpg\" \/>\n\t<meta property=\"og:image:width\" content=\"500\" \/>\n\t<meta property=\"og:image:height\" content=\"500\" \/>\n\t<meta property=\"og:image:type\" content=\"image\/jpeg\" \/>\n<meta name=\"twitter:card\" content=\"summary_large_image\" \/>\n<meta name=\"twitter:label1\" content=\"Tempo di lettura stimato\" \/>\n\t<meta name=\"twitter:data1\" content=\"3 minuti\" \/>\n<script type=\"application\/ld+json\" class=\"yoast-schema-graph\">{\"@context\":\"https:\\\/\\\/schema.org\",\"@graph\":[{\"@type\":\"WebPage\",\"@id\":\"https:\\\/\\\/repliquemangacine.fr\\\/epees-glaives-antique\\\/glaive-de-maximus-dans-gladiator\\\/\",\"url\":\"https:\\\/\\\/repliquemangacine.fr\\\/epees-glaives-antique\\\/glaive-de-maximus-dans-gladiator\\\/\",\"name\":\"Glaive de Maximus Gladiator 2 - R\u00e9plique Manga Cin\u00e9\",\"isPartOf\":{\"@id\":\"https:\\\/\\\/repliquemangacine.fr\\\/#website\"},\"primaryImageOfPage\":{\"@id\":\"https:\\\/\\\/repliquemangacine.fr\\\/epees-glaives-antique\\\/glaive-de-maximus-dans-gladiator\\\/#primaryimage\"},\"image\":{\"@id\":\"https:\\\/\\\/repliquemangacine.fr\\\/epees-glaives-antique\\\/glaive-de-maximus-dans-gladiator\\\/#primaryimage\"},\"thumbnailUrl\":\"https:\\\/\\\/repliquemangacine.fr\\\/wp-content\\\/uploads\\\/2024\\\/11\\\/Glaive-Gladiateur-Romain.jpg\",\"datePublished\":\"2024-11-30T16:47:20+00:00\",\"dateModified\":\"2026-02-18T09:55:02+00:00\",\"description\":\"Superbe Glaive de Maximus inspir\u00e9 du film Gladiator. Lame en acier double tranchant pr\u00e9 affut\u00e9. Fourreau en cuir. Garde et pommeau en acier plein.\",\"breadcrumb\":{\"@id\":\"https:\\\/\\\/repliquemangacine.fr\\\/epees-glaives-antique\\\/glaive-de-maximus-dans-gladiator\\\/#breadcrumb\"},\"inLanguage\":\"it-IT\",\"potentialAction\":[{\"@type\":\"ReadAction\",\"target\":[\"https:\\\/\\\/repliquemangacine.fr\\\/epees-glaives-antique\\\/glaive-de-maximus-dans-gladiator\\\/\"]}]},{\"@type\":\"ImageObject\",\"inLanguage\":\"it-IT\",\"@id\":\"https:\\\/\\\/repliquemangacine.fr\\\/epees-glaives-antique\\\/glaive-de-maximus-dans-gladiator\\\/#primaryimage\",\"url\":\"https:\\\/\\\/repliquemangacine.fr\\\/wp-content\\\/uploads\\\/2024\\\/11\\\/Glaive-Gladiateur-Romain.jpg\",\"contentUrl\":\"https:\\\/\\\/repliquemangacine.fr\\\/wp-content\\\/uploads\\\/2024\\\/11\\\/Glaive-Gladiateur-Romain.jpg\",\"width\":500,\"height\":500,\"caption\":\"Glaive-Gladiateur- Maximus\"},{\"@type\":\"BreadcrumbList\",\"@id\":\"https:\\\/\\\/repliquemangacine.fr\\\/epees-glaives-antique\\\/glaive-de-maximus-dans-gladiator\\\/#breadcrumb\",\"itemListElement\":[{\"@type\":\"ListItem\",\"position\":1,\"name\":\"Accueil\",\"item\":\"https:\\\/\\\/repliquemangacine.fr\\\/\"},{\"@type\":\"ListItem\",\"position\":2,\"name\":\"Produits\",\"item\":\"https:\\\/\\\/repliquemangacine.fr\\\/boutique\\\/\"},{\"@type\":\"ListItem\",\"position\":3,\"name\":\"Glaive de Maximus Gladiator 2\"}]},{\"@type\":\"WebSite\",\"@id\":\"https:\\\/\\\/repliquemangacine.fr\\\/#website\",\"url\":\"https:\\\/\\\/repliquemangacine.fr\\\/\",\"name\":\"R\u00e9plique Manga Cin\u00e9\",\"description\":\"\",\"publisher\":{\"@id\":\"https:\\\/\\\/repliquemangacine.fr\\\/#organization\"},\"potentialAction\":[{\"@type\":\"SearchAction\",\"target\":{\"@type\":\"EntryPoint\",\"urlTemplate\":\"https:\\\/\\\/repliquemangacine.fr\\\/?s={search_term_string}\"},\"query-input\":{\"@type\":\"PropertyValueSpecification\",\"valueRequired\":true,\"valueName\":\"search_term_string\"}}],\"inLanguage\":\"it-IT\"},{\"@type\":\"Organization\",\"@id\":\"https:\\\/\\\/repliquemangacine.fr\\\/#organization\",\"name\":\"R\u00e9plique Manga Cin\u00e9\",\"url\":\"https:\\\/\\\/repliquemangacine.fr\\\/\",\"logo\":{\"@type\":\"ImageObject\",\"inLanguage\":\"it-IT\",\"@id\":\"https:\\\/\\\/repliquemangacine.fr\\\/#\\\/schema\\\/logo\\\/image\\\/\",\"url\":\"https:\\\/\\\/repliquemangacine.fr\\\/wp-content\\\/uploads\\\/2023\\\/10\\\/RMC-500250.png\",\"contentUrl\":\"https:\\\/\\\/repliquemangacine.fr\\\/wp-content\\\/uploads\\\/2023\\\/10\\\/RMC-500250.png\",\"width\":500,\"height\":250,\"caption\":\"R\u00e9plique Manga Cin\u00e9\"},\"image\":{\"@id\":\"https:\\\/\\\/repliquemangacine.fr\\\/#\\\/schema\\\/logo\\\/image\\\/\"},\"sameAs\":[\"https:\\\/\\\/www.facebook.com\\\/RepliqueMangaCine\",\"https:\\\/\\\/www.instagram.com\\\/repliquemangacine.fr\\\/\"]}]}<\/script>\n<!-- \/ Yoast SEO plugin. -->","yoast_head_json":{"title":"Gladio di Massimo Gladiatore 2 - R\u00e9plique Manga Cin\u00e9","description":"Superbo Maximus Glaive ispirato al film Il Gladiatore. Lama in acciaio a doppio taglio pre-affilata. Fodero in pelle. Elsa e pomo in acciaio pieno.","robots":{"index":"index","follow":"follow","max-snippet":"max-snippet:-1","max-image-preview":"max-image-preview:large","max-video-preview":"max-video-preview:-1"},"canonical":"https:\/\/repliquemangacine.fr\/it\/spade-antiche\/la-spada-di-massimo-nel-gladiatore\/","og_locale":"it_IT","og_type":"article","og_title":"Glaive de Maximus Gladiator 2 - R\u00e9plique Manga Cin\u00e9","og_description":"Superbe Glaive de Maximus inspir\u00e9 du film Gladiator. Lame en acier double tranchant pr\u00e9 affut\u00e9. Fourreau en cuir. Garde et pommeau en acier plein.","og_url":"https:\/\/repliquemangacine.fr\/it\/spade-antiche\/la-spada-di-massimo-nel-gladiatore\/","og_site_name":"R\u00e9plique Manga Cin\u00e9","article_publisher":"https:\/\/www.facebook.com\/RepliqueMangaCine","article_modified_time":"2026-02-18T09:55:02+00:00","og_image":[{"width":500,"height":500,"url":"https:\/\/repliquemangacine.fr\/wp-content\/uploads\/2024\/11\/Glaive-Gladiateur-Romain.jpg","type":"image\/jpeg"}],"twitter_card":"summary_large_image","twitter_misc":{"Tempo di lettura stimato":"3 minuti"},"schema":{"@context":"https:\/\/schema.org","@graph":[{"@type":"WebPage","@id":"https:\/\/repliquemangacine.fr\/epees-glaives-antique\/glaive-de-maximus-dans-gladiator\/","url":"https:\/\/repliquemangacine.fr\/epees-glaives-antique\/glaive-de-maximus-dans-gladiator\/","name":"Gladio di Massimo Gladiatore 2 - R\u00e9plique Manga Cin\u00e9","isPartOf":{"@id":"https:\/\/repliquemangacine.fr\/#website"},"primaryImageOfPage":{"@id":"https:\/\/repliquemangacine.fr\/epees-glaives-antique\/glaive-de-maximus-dans-gladiator\/#primaryimage"},"image":{"@id":"https:\/\/repliquemangacine.fr\/epees-glaives-antique\/glaive-de-maximus-dans-gladiator\/#primaryimage"},"thumbnailUrl":"https:\/\/repliquemangacine.fr\/wp-content\/uploads\/2024\/11\/Glaive-Gladiateur-Romain.jpg","datePublished":"2024-11-30T16:47:20+00:00","dateModified":"2026-02-18T09:55:02+00:00","description":"Superbo Maximus Glaive ispirato al film Il Gladiatore. Lama in acciaio a doppio taglio pre-affilata. Fodero in pelle. Elsa e pomo in acciaio pieno.","breadcrumb":{"@id":"https:\/\/repliquemangacine.fr\/epees-glaives-antique\/glaive-de-maximus-dans-gladiator\/#breadcrumb"},"inLanguage":"it-IT","potentialAction":[{"@type":"ReadAction","target":["https:\/\/repliquemangacine.fr\/epees-glaives-antique\/glaive-de-maximus-dans-gladiator\/"]}]},{"@type":"ImageObject","inLanguage":"it-IT","@id":"https:\/\/repliquemangacine.fr\/epees-glaives-antique\/glaive-de-maximus-dans-gladiator\/#primaryimage","url":"https:\/\/repliquemangacine.fr\/wp-content\/uploads\/2024\/11\/Glaive-Gladiateur-Romain.jpg","contentUrl":"https:\/\/repliquemangacine.fr\/wp-content\/uploads\/2024\/11\/Glaive-Gladiateur-Romain.jpg","width":500,"height":500,"caption":"Glaive-Gladiateur- Maximus"},{"@type":"BreadcrumbList","@id":"https:\/\/repliquemangacine.fr\/epees-glaives-antique\/glaive-de-maximus-dans-gladiator\/#breadcrumb","itemListElement":[{"@type":"ListItem","position":1,"name":"Accueil","item":"https:\/\/repliquemangacine.fr\/"},{"@type":"ListItem","position":2,"name":"Produits","item":"https:\/\/repliquemangacine.fr\/boutique\/"},{"@type":"ListItem","position":3,"name":"Glaive de Maximus Gladiator 2"}]},{"@type":"WebSite","@id":"https:\/\/repliquemangacine.fr\/#website","url":"https:\/\/repliquemangacine.fr\/","name":"R\u00e9plique Manga Cin\u00e9","description":"","publisher":{"@id":"https:\/\/repliquemangacine.fr\/#organization"},"potentialAction":[{"@type":"SearchAction","target":{"@type":"EntryPoint","urlTemplate":"https:\/\/repliquemangacine.fr\/?s={search_term_string}"},"query-input":{"@type":"PropertyValueSpecification","valueRequired":true,"valueName":"search_term_string"}}],"inLanguage":"it-IT"},{"@type":"Organization","@id":"https:\/\/repliquemangacine.fr\/#organization","name":"R\u00e9plique Manga Cin\u00e9","url":"https:\/\/repliquemangacine.fr\/","logo":{"@type":"ImageObject","inLanguage":"it-IT","@id":"https:\/\/repliquemangacine.fr\/#\/schema\/logo\/image\/","url":"https:\/\/repliquemangacine.fr\/wp-content\/uploads\/2023\/10\/RMC-500250.png","contentUrl":"https:\/\/repliquemangacine.fr\/wp-content\/uploads\/2023\/10\/RMC-500250.png","width":500,"height":250,"caption":"R\u00e9plique Manga Cin\u00e9"},"image":{"@id":"https:\/\/repliquemangacine.fr\/#\/schema\/logo\/image\/"},"sameAs":["https:\/\/www.facebook.com\/RepliqueMangaCine","https:\/\/www.instagram.com\/repliquemangacine.fr\/"]}]}},"_links":{"self":[{"href":"https:\/\/repliquemangacine.fr\/it\/wp-json\/wp\/v2\/product\/78645","targetHints":{"allow":["GET"]}}],"collection":[{"href":"https:\/\/repliquemangacine.fr\/it\/wp-json\/wp\/v2\/product"}],"about":[{"href":"https:\/\/repliquemangacine.fr\/it\/wp-json\/wp\/v2\/types\/product"}],"wp:featuredmedia":[{"embeddable":true,"href":"https:\/\/repliquemangacine.fr\/it\/wp-json\/wp\/v2\/media\/78653"}],"wp:attachment":[{"href":"https:\/\/repliquemangacine.fr\/it\/wp-json\/wp\/v2\/media?parent=78645"}],"wp:term":[{"taxonomy":"product_brand","embeddable":true,"href":"https:\/\/repliquemangacine.fr\/it\/wp-json\/wp\/v2\/product_brand?post=78645"},{"taxonomy":"product_cat","embeddable":true,"href":"https:\/\/repliquemangacine.fr\/it\/wp-json\/wp\/v2\/product_cat?post=78645"},{"taxonomy":"product_tag","embeddable":true,"href":"https:\/\/repliquemangacine.fr\/it\/wp-json\/wp\/v2\/product_tag?post=78645"}],"curies":[{"name":"wp","href":"https:\/\/api.w.org\/{rel}","templated":true}]}}