





{"id":78362,"date":"2024-11-24T18:37:23","date_gmt":"2024-11-24T17:37:23","guid":{"rendered":"https:\/\/repliquemangacine.fr\/?post_type=product&#038;p=78362"},"modified":"2026-04-16T18:51:03","modified_gmt":"2026-04-16T16:51:03","slug":"pistola-luger-p08-antica","status":"publish","type":"product","link":"https:\/\/repliquemangacine.fr\/it\/reproductions-armes-seconde-guerre-mondiale-denix\/pistolet-luger-p08-vieilli\/","title":{"rendered":"Pistola Luger P08 antica"},"content":{"rendered":"<h2>L'antica pistola P08 Luger: una replica storica con patina realistica<\/h2>\n<p>La prima \u00e8 la Luger P08 invecchiata, nota anche come Parabellum. Una delle pistole pi\u00f9 iconiche del XX secolo, ampiamente utilizzata durante entrambe le guerre mondiali. La replica patinata e invecchiata della <a href=\"https:\/\/www.denix.fr\/fr\/catalogue\/nouveautes\/\" target=\"_blank\" rel=\"noopener noreferrer\">Denix<\/a> cattura l'essenza di quest'arma leggendaria con una cura dei dettagli straordinaria.<\/p>\n<p>Realizzata in metallo e decorata con una finitura anticata, questa riproduzione d\u00e0 l'impressione di aver attraversato i campi di battaglia dell'epoca. Dotata di meccanismi funzionali come una culatta mobile e un caricatore rimovibile. Questa replica inerte \u00e8 ideale per collezionisti, mostre o rievocazioni storiche. Il suo design senza tempo, combinato con la patina che simula l'usura naturale, la rende un oggetto unico e autentico, un vero omaggio a un pezzo di storia militare.<\/p>\n<h2>Una collezione completa di repliche patinate di Denix<\/h2>\n<p>Oltre alla Luger P08, Denix offre un'impressionante gamma di repliche di armi con finitura patinata e invecchiata. Ognuna di esse rende omaggio a un periodo storico chiave. Scoprite la <a href=\"https:\/\/repliquemangacine.fr\/it\/pistola-colt\/confedere-revolver-1860-invecchiato\/\">Colt confederata 1860<\/a>con le sue finiture antiche che evocano il fascino delle armi della Guerra Civile americana. \u00c8 inoltre possibile esplorare il <a href=\"https:\/\/repliquemangacine.fr\/it\/pistole-occidentali\/cavalle-winchester-gamba-invecchiata\/\">Gamba della cavalla<\/a>, famosa carabina accorciata resa popolare dai film western. C'\u00e8 anche il fucile M1 Garand, vera icona della Seconda Guerra Mondiale.<\/p>\n<p>Ciascuno di questi pezzi, realizzati con materiali di alta qualit\u00e0 e rifiniti con un effetto invecchiato, conferisce un realismo sorprendente. Che siate appassionati di western, armi da guerra o epopee storiche, questa collezione patinata vi permette di viaggiare attraverso le epoche, arricchendo al contempo la vostra collezione di oggetti unici.<\/p>\n<h2>Perch\u00e9 scegliere la pistola Luger P08 invecchiata e come \u00e8 fatta?<\/h2>\n<p>La Denix Luger P08 \u00e8 pi\u00f9 di una semplice replica: \u00e8 un omaggio all'artigianato e alla storia. Realizzata in metallo robusto, incorpora dettagli fedeli all'originale, come i meccanismi funzionali che imitano quelli dell'epoca. La finitura patinata applicata a mano garantisce un aspetto realistico e unico a ogni pezzo, evocando un'arma che ha superato la prova del tempo. Questo processo artigianale assicura una qualit\u00e0 eccezionale e un realismo senza pari. Scegliere questa replica significa optare per un oggetto autentico, ideale per rievocazioni storiche, collezioni o decorazioni. In conclusione, con Denix si beneficia di un prodotto che unisce accuratezza storica, estetica e durata, per rivivere la storia nelle proprie mani.<\/p>","protected":false},"excerpt":{"rendered":"<p>Pistola Denix P08 Luger notevolmente riprodotta.<\/p>\n<ul>\n<li>Tutto metallo (zamac)<\/li>\n<li>Invecchiato e invecchiato<\/li>\n<li>Piastra di presa in ABS stampato<\/li>\n<li>Caricabatterie rimovibile<\/li>\n<li>Il meccanismo funziona, ma non tira<\/li>\n<li>Non \u00e8 richiesta alcuna autorizzazione. Vendita e possesso gratuiti.<\/li>\n<li>Lunghezza totale: 25,5 cm - Peso: 965 gr<\/li>\n<\/ul>","protected":false},"featured_media":84704,"template":"","meta":[],"product_brand":[896],"product_cat":[102,52,76],"product_tag":[],"class_list":{"0":"post-78362","1":"product","2":"type-product","3":"status-publish","4":"has-post-thumbnail","6":"product_brand-replique-manga-cine","7":"product_cat-denix","8":"product_cat-pistolet-ancien","9":"product_cat-reproductions-armes-seconde-guerre-mondiale-denix","11":"first","12":"instock","13":"sale","14":"taxable","15":"shipping-taxable","16":"purchasable","17":"product-type-simple"},"yoast_head":"<!-- This site is optimized with the Yoast SEO plugin v27.5 - https:\/\/yoast.com\/product\/yoast-seo-wordpress\/ -->\n<title>Pistolet Luger P08 Vieilli - Reproduction Denix | R\u00e9plique Manga Cin\u00e9<\/title>\n<meta name=\"description\" content=\"Remarquable cette reproduction du Pistolet Luger P08 Vieilli de chez Denix. Aspect patin\u00e9 et vieilli pour plus de r\u00e9alisme. M\u00e9canisme fonctionnel\" \/>\n<meta name=\"robots\" content=\"index, follow, max-snippet:-1, max-image-preview:large, max-video-preview:-1\" \/>\n<link rel=\"canonical\" href=\"https:\/\/repliquemangacine.fr\/it\/riproduzione-armi-seconda-guerra-mondiale-denix\/pistola-luger-p08-antica\/\" \/>\n<meta property=\"og:locale\" content=\"it_IT\" \/>\n<meta property=\"og:type\" content=\"article\" \/>\n<meta property=\"og:title\" content=\"Pistolet Luger P08 Vieilli - Reproduction Denix | R\u00e9plique Manga Cin\u00e9\" \/>\n<meta property=\"og:description\" content=\"Remarquable cette reproduction du Pistolet Luger P08 Vieilli de chez Denix. Aspect patin\u00e9 et vieilli pour plus de r\u00e9alisme. M\u00e9canisme fonctionnel\" \/>\n<meta property=\"og:url\" content=\"https:\/\/repliquemangacine.fr\/it\/riproduzione-armi-seconda-guerra-mondiale-denix\/pistola-luger-p08-antica\/\" \/>\n<meta property=\"og:site_name\" content=\"R\u00e9plique Manga Cin\u00e9\" \/>\n<meta property=\"article:publisher\" content=\"https:\/\/www.facebook.com\/RepliqueMangaCine\" \/>\n<meta property=\"article:modified_time\" content=\"2026-04-16T16:51:03+00:00\" \/>\n<meta property=\"og:image\" content=\"https:\/\/repliquemangacine.fr\/wp-content\/uploads\/2024\/11\/Pistolet-Luger-P08-Vieilli.jpg\" \/>\n\t<meta property=\"og:image:width\" content=\"800\" \/>\n\t<meta property=\"og:image:height\" content=\"800\" \/>\n\t<meta property=\"og:image:type\" content=\"image\/jpeg\" \/>\n<meta name=\"twitter:card\" content=\"summary_large_image\" \/>\n<meta name=\"twitter:label1\" content=\"Tempo di lettura stimato\" \/>\n\t<meta name=\"twitter:data1\" content=\"3 minuti\" \/>\n<script type=\"application\/ld+json\" class=\"yoast-schema-graph\">{\"@context\":\"https:\\\/\\\/schema.org\",\"@graph\":[{\"@type\":\"WebPage\",\"@id\":\"https:\\\/\\\/repliquemangacine.fr\\\/reproductions-armes-seconde-guerre-mondiale-denix\\\/pistolet-luger-p08-vieilli\\\/\",\"url\":\"https:\\\/\\\/repliquemangacine.fr\\\/reproductions-armes-seconde-guerre-mondiale-denix\\\/pistolet-luger-p08-vieilli\\\/\",\"name\":\"Pistolet Luger P08 Vieilli - Reproduction Denix | R\u00e9plique Manga Cin\u00e9\",\"isPartOf\":{\"@id\":\"https:\\\/\\\/repliquemangacine.fr\\\/#website\"},\"primaryImageOfPage\":{\"@id\":\"https:\\\/\\\/repliquemangacine.fr\\\/reproductions-armes-seconde-guerre-mondiale-denix\\\/pistolet-luger-p08-vieilli\\\/#primaryimage\"},\"image\":{\"@id\":\"https:\\\/\\\/repliquemangacine.fr\\\/reproductions-armes-seconde-guerre-mondiale-denix\\\/pistolet-luger-p08-vieilli\\\/#primaryimage\"},\"thumbnailUrl\":\"https:\\\/\\\/repliquemangacine.fr\\\/wp-content\\\/uploads\\\/2024\\\/11\\\/Pistolet-Luger-P08-Vieilli.jpg\",\"datePublished\":\"2024-11-24T17:37:23+00:00\",\"dateModified\":\"2026-04-16T16:51:03+00:00\",\"description\":\"Remarquable cette reproduction du Pistolet Luger P08 Vieilli de chez Denix. Aspect patin\u00e9 et vieilli pour plus de r\u00e9alisme. M\u00e9canisme fonctionnel\",\"breadcrumb\":{\"@id\":\"https:\\\/\\\/repliquemangacine.fr\\\/reproductions-armes-seconde-guerre-mondiale-denix\\\/pistolet-luger-p08-vieilli\\\/#breadcrumb\"},\"inLanguage\":\"it-IT\",\"potentialAction\":[{\"@type\":\"ReadAction\",\"target\":[\"https:\\\/\\\/repliquemangacine.fr\\\/reproductions-armes-seconde-guerre-mondiale-denix\\\/pistolet-luger-p08-vieilli\\\/\"]}]},{\"@type\":\"ImageObject\",\"inLanguage\":\"it-IT\",\"@id\":\"https:\\\/\\\/repliquemangacine.fr\\\/reproductions-armes-seconde-guerre-mondiale-denix\\\/pistolet-luger-p08-vieilli\\\/#primaryimage\",\"url\":\"https:\\\/\\\/repliquemangacine.fr\\\/wp-content\\\/uploads\\\/2024\\\/11\\\/Pistolet-Luger-P08-Vieilli.jpg\",\"contentUrl\":\"https:\\\/\\\/repliquemangacine.fr\\\/wp-content\\\/uploads\\\/2024\\\/11\\\/Pistolet-Luger-P08-Vieilli.jpg\",\"width\":800,\"height\":800,\"caption\":\"Pistolet Luger P08 Vieilli denix\"},{\"@type\":\"BreadcrumbList\",\"@id\":\"https:\\\/\\\/repliquemangacine.fr\\\/reproductions-armes-seconde-guerre-mondiale-denix\\\/pistolet-luger-p08-vieilli\\\/#breadcrumb\",\"itemListElement\":[{\"@type\":\"ListItem\",\"position\":1,\"name\":\"Accueil\",\"item\":\"https:\\\/\\\/repliquemangacine.fr\\\/\"},{\"@type\":\"ListItem\",\"position\":2,\"name\":\"Produits\",\"item\":\"https:\\\/\\\/repliquemangacine.fr\\\/boutique\\\/\"},{\"@type\":\"ListItem\",\"position\":3,\"name\":\"Pistolet Luger P08 Vieilli\"}]},{\"@type\":\"WebSite\",\"@id\":\"https:\\\/\\\/repliquemangacine.fr\\\/#website\",\"url\":\"https:\\\/\\\/repliquemangacine.fr\\\/\",\"name\":\"R\u00e9plique Manga Cin\u00e9\",\"description\":\"\",\"publisher\":{\"@id\":\"https:\\\/\\\/repliquemangacine.fr\\\/#organization\"},\"potentialAction\":[{\"@type\":\"SearchAction\",\"target\":{\"@type\":\"EntryPoint\",\"urlTemplate\":\"https:\\\/\\\/repliquemangacine.fr\\\/?s={search_term_string}\"},\"query-input\":{\"@type\":\"PropertyValueSpecification\",\"valueRequired\":true,\"valueName\":\"search_term_string\"}}],\"inLanguage\":\"it-IT\"},{\"@type\":\"Organization\",\"@id\":\"https:\\\/\\\/repliquemangacine.fr\\\/#organization\",\"name\":\"R\u00e9plique Manga Cin\u00e9\",\"url\":\"https:\\\/\\\/repliquemangacine.fr\\\/\",\"logo\":{\"@type\":\"ImageObject\",\"inLanguage\":\"it-IT\",\"@id\":\"https:\\\/\\\/repliquemangacine.fr\\\/#\\\/schema\\\/logo\\\/image\\\/\",\"url\":\"https:\\\/\\\/repliquemangacine.fr\\\/wp-content\\\/uploads\\\/2023\\\/10\\\/RMC-500250.png\",\"contentUrl\":\"https:\\\/\\\/repliquemangacine.fr\\\/wp-content\\\/uploads\\\/2023\\\/10\\\/RMC-500250.png\",\"width\":500,\"height\":250,\"caption\":\"R\u00e9plique Manga Cin\u00e9\"},\"image\":{\"@id\":\"https:\\\/\\\/repliquemangacine.fr\\\/#\\\/schema\\\/logo\\\/image\\\/\"},\"sameAs\":[\"https:\\\/\\\/www.facebook.com\\\/RepliqueMangaCine\",\"https:\\\/\\\/www.instagram.com\\\/repliquemangacine.fr\\\/\"]}]}<\/script>\n<!-- \/ Yoast SEO plugin. -->","yoast_head_json":{"title":"Vecchia pistola Luger P08 - Riproduzione Denix | R\u00e9plique Manga Cin\u00e9","description":"Notevole riproduzione della pistola P08 Luger invecchiata di Denix. Aspetto patinato e invecchiato per un maggiore realismo. Meccanismo funzionale","robots":{"index":"index","follow":"follow","max-snippet":"max-snippet:-1","max-image-preview":"max-image-preview:large","max-video-preview":"max-video-preview:-1"},"canonical":"https:\/\/repliquemangacine.fr\/it\/riproduzione-armi-seconda-guerra-mondiale-denix\/pistola-luger-p08-antica\/","og_locale":"it_IT","og_type":"article","og_title":"Pistolet Luger P08 Vieilli - Reproduction Denix | R\u00e9plique Manga Cin\u00e9","og_description":"Remarquable cette reproduction du Pistolet Luger P08 Vieilli de chez Denix. Aspect patin\u00e9 et vieilli pour plus de r\u00e9alisme. M\u00e9canisme fonctionnel","og_url":"https:\/\/repliquemangacine.fr\/it\/riproduzione-armi-seconda-guerra-mondiale-denix\/pistola-luger-p08-antica\/","og_site_name":"R\u00e9plique Manga Cin\u00e9","article_publisher":"https:\/\/www.facebook.com\/RepliqueMangaCine","article_modified_time":"2026-04-16T16:51:03+00:00","og_image":[{"width":800,"height":800,"url":"https:\/\/repliquemangacine.fr\/wp-content\/uploads\/2024\/11\/Pistolet-Luger-P08-Vieilli.jpg","type":"image\/jpeg"}],"twitter_card":"summary_large_image","twitter_misc":{"Tempo di lettura stimato":"3 minuti"},"schema":{"@context":"https:\/\/schema.org","@graph":[{"@type":"WebPage","@id":"https:\/\/repliquemangacine.fr\/reproductions-armes-seconde-guerre-mondiale-denix\/pistolet-luger-p08-vieilli\/","url":"https:\/\/repliquemangacine.fr\/reproductions-armes-seconde-guerre-mondiale-denix\/pistolet-luger-p08-vieilli\/","name":"Vecchia pistola Luger P08 - Riproduzione Denix | R\u00e9plique Manga Cin\u00e9","isPartOf":{"@id":"https:\/\/repliquemangacine.fr\/#website"},"primaryImageOfPage":{"@id":"https:\/\/repliquemangacine.fr\/reproductions-armes-seconde-guerre-mondiale-denix\/pistolet-luger-p08-vieilli\/#primaryimage"},"image":{"@id":"https:\/\/repliquemangacine.fr\/reproductions-armes-seconde-guerre-mondiale-denix\/pistolet-luger-p08-vieilli\/#primaryimage"},"thumbnailUrl":"https:\/\/repliquemangacine.fr\/wp-content\/uploads\/2024\/11\/Pistolet-Luger-P08-Vieilli.jpg","datePublished":"2024-11-24T17:37:23+00:00","dateModified":"2026-04-16T16:51:03+00:00","description":"Notevole riproduzione della pistola P08 Luger invecchiata di Denix. Aspetto patinato e invecchiato per un maggiore realismo. Meccanismo funzionale","breadcrumb":{"@id":"https:\/\/repliquemangacine.fr\/reproductions-armes-seconde-guerre-mondiale-denix\/pistolet-luger-p08-vieilli\/#breadcrumb"},"inLanguage":"it-IT","potentialAction":[{"@type":"ReadAction","target":["https:\/\/repliquemangacine.fr\/reproductions-armes-seconde-guerre-mondiale-denix\/pistolet-luger-p08-vieilli\/"]}]},{"@type":"ImageObject","inLanguage":"it-IT","@id":"https:\/\/repliquemangacine.fr\/reproductions-armes-seconde-guerre-mondiale-denix\/pistolet-luger-p08-vieilli\/#primaryimage","url":"https:\/\/repliquemangacine.fr\/wp-content\/uploads\/2024\/11\/Pistolet-Luger-P08-Vieilli.jpg","contentUrl":"https:\/\/repliquemangacine.fr\/wp-content\/uploads\/2024\/11\/Pistolet-Luger-P08-Vieilli.jpg","width":800,"height":800,"caption":"Pistolet Luger P08 Vieilli denix"},{"@type":"BreadcrumbList","@id":"https:\/\/repliquemangacine.fr\/reproductions-armes-seconde-guerre-mondiale-denix\/pistolet-luger-p08-vieilli\/#breadcrumb","itemListElement":[{"@type":"ListItem","position":1,"name":"Accueil","item":"https:\/\/repliquemangacine.fr\/"},{"@type":"ListItem","position":2,"name":"Produits","item":"https:\/\/repliquemangacine.fr\/boutique\/"},{"@type":"ListItem","position":3,"name":"Pistolet Luger P08 Vieilli"}]},{"@type":"WebSite","@id":"https:\/\/repliquemangacine.fr\/#website","url":"https:\/\/repliquemangacine.fr\/","name":"R\u00e9plique Manga Cin\u00e9","description":"","publisher":{"@id":"https:\/\/repliquemangacine.fr\/#organization"},"potentialAction":[{"@type":"SearchAction","target":{"@type":"EntryPoint","urlTemplate":"https:\/\/repliquemangacine.fr\/?s={search_term_string}"},"query-input":{"@type":"PropertyValueSpecification","valueRequired":true,"valueName":"search_term_string"}}],"inLanguage":"it-IT"},{"@type":"Organization","@id":"https:\/\/repliquemangacine.fr\/#organization","name":"R\u00e9plique Manga Cin\u00e9","url":"https:\/\/repliquemangacine.fr\/","logo":{"@type":"ImageObject","inLanguage":"it-IT","@id":"https:\/\/repliquemangacine.fr\/#\/schema\/logo\/image\/","url":"https:\/\/repliquemangacine.fr\/wp-content\/uploads\/2023\/10\/RMC-500250.png","contentUrl":"https:\/\/repliquemangacine.fr\/wp-content\/uploads\/2023\/10\/RMC-500250.png","width":500,"height":250,"caption":"R\u00e9plique Manga Cin\u00e9"},"image":{"@id":"https:\/\/repliquemangacine.fr\/#\/schema\/logo\/image\/"},"sameAs":["https:\/\/www.facebook.com\/RepliqueMangaCine","https:\/\/www.instagram.com\/repliquemangacine.fr\/"]}]}},"_links":{"self":[{"href":"https:\/\/repliquemangacine.fr\/it\/wp-json\/wp\/v2\/product\/78362","targetHints":{"allow":["GET"]}}],"collection":[{"href":"https:\/\/repliquemangacine.fr\/it\/wp-json\/wp\/v2\/product"}],"about":[{"href":"https:\/\/repliquemangacine.fr\/it\/wp-json\/wp\/v2\/types\/product"}],"wp:featuredmedia":[{"embeddable":true,"href":"https:\/\/repliquemangacine.fr\/it\/wp-json\/wp\/v2\/media\/84704"}],"wp:attachment":[{"href":"https:\/\/repliquemangacine.fr\/it\/wp-json\/wp\/v2\/media?parent=78362"}],"wp:term":[{"taxonomy":"product_brand","embeddable":true,"href":"https:\/\/repliquemangacine.fr\/it\/wp-json\/wp\/v2\/product_brand?post=78362"},{"taxonomy":"product_cat","embeddable":true,"href":"https:\/\/repliquemangacine.fr\/it\/wp-json\/wp\/v2\/product_cat?post=78362"},{"taxonomy":"product_tag","embeddable":true,"href":"https:\/\/repliquemangacine.fr\/it\/wp-json\/wp\/v2\/product_tag?post=78362"}],"curies":[{"name":"wp","href":"https:\/\/api.w.org\/{rel}","templated":true}]}}