





{"id":78352,"date":"2024-11-24T17:20:49","date_gmt":"2024-11-24T16:20:49","guid":{"rendered":"https:\/\/repliquemangacine.fr\/?post_type=product&#038;p=78352"},"modified":"2026-01-10T18:26:42","modified_gmt":"2026-01-10T17:26:42","slug":"cavalle-winchester-gamba-invecchiata","status":"publish","type":"product","link":"https:\/\/repliquemangacine.fr\/it\/armes-westerns\/winchester-mares-leg-vieilli\/","title":{"rendered":"Winchester Gamba di cavalla invecchiata"},"content":{"rendered":"<h2>La zampa di cavalla Winchester invecchiata: una replica iconica dal fascino invecchiato<\/h2>\n<p>Iniziate immergendovi nel mondo dei cowboy con il Winchester Mare's Leg Vieilli. Proprio cos\u00ec, <a href=\"https:\/\/www.denix.fr\/fr\/catalogue\/nouveautes\/\" target=\"_blank\" rel=\"noopener noreferrer\">Denix<\/a> ha arricchito il proprio catalogo con una collezione di repliche di armi dall'aspetto patinato e invecchiato. Offrendo cos\u00ec un maggiore realismo per collezionisti e appassionati di storia.<\/p>\n<p>Questa fedele riproduzione del fucile accorciato, reso popolare dai classici western, offre un realismo sorprendente. Il metallo e il legno di alta qualit\u00e0 utilizzati per la sua fabbricazione, combinati con una finitura invecchiata, danno l'impressione che quest'arma abbia attraversato decenni di cavalcate e duelli. Ideale per gli appassionati di rievocazioni storiche, decorazioni o collezionismo. La Mare's Leg patinata porta un vero pezzo di storia nel vostro mondo. Con i suoi meccanismi funzionali, ma inerti al tiro, rimane una replica sicura, pur conservando un fascino innegabile.<\/p>\n<h2>Scoprite le repliche patinate di Denix: un viaggio nel tempo<\/h2>\n<p>Denix \u00e8 rinomata per la sua esperienza nella creazione di repliche di armi storiche. Oltre alla Gamba di Mare, \u00e8 possibile esplorare una gamma impressionante di pistole leggendarie come la Colt 1873 da 4,75 pollici. C'\u00e8 anche la <a href=\"https:\/\/repliquemangacine.fr\/it\/pistola-colt\/confedere-revolver-1860-invecchiato\/\">Rivoltella confederata<\/a> del 1860 in due tonalit\u00e0 che gli conferiscono un aspetto raffinato. Ogni pezzo presenta una finitura invecchiata che simula l'usura naturale, per un realismo senza pari.<\/p>\n<p>Gli appassionati della guerra mondiale possono optare per le repliche della Luger P08 o del fucile USM1 Para. Cos\u00ec come per fucili iconici come l'M1 Garand.<\/p>\n<p>Con Denix, ogni prodotto \u00e8 una porta aperta su un'epoca affascinante, che rende omaggio alle armi che hanno segnato la storia.<\/p>\n<h2>Perch\u00e9 scegliere il Winchester Mare's Aged Leg e come viene prodotto?<\/h2>\n<p>Scegliendo il Winchester Patinated Mare's Leg di Denix, si acquista un pezzo autentico e unico. Realizzata con materiali di alta qualit\u00e0, questa replica combina un robusto corpo in metallo con un calcio e una calciatura in vero legno. Ogni pezzo \u00e8 accuratamente patinato a mano, garantendo un aspetto realistico e unico. Questo processo artigianale conferisce all'arma una patina naturale, simulando l'usura del tempo e rispettando i dettagli storici. Questa pistola-cabina \u00e8 ideale per gli appassionati che cercano una replica fedele all'originale, sia per arricchire una collezione, sia per abbellire una decorazione o per realizzare rievocazioni storiche. In conclusione, con Denix potrete beneficiare di un'esperienza senza pari e di un'immersione totale nella storia delle armi mitiche.<\/p>\n<p>&nbsp;<\/p>","protected":false},"excerpt":{"rendered":"<p>Superba riproduzione del Winchester Mare's Leg Vieilli di Denix.<\/p>\n<ul>\n<li>Tutto metallo e legno<\/li>\n<li>Invecchiato e invecchiato<\/li>\n<li>Stock di legno<\/li>\n<li>Meccanismi funzionanti, ma non adatti al tiro.<\/li>\n<li>Ampia protezione della leva<\/li>\n<li><strong>Non \u00e8 richiesta alcuna autorizzazione. Vendita e possesso gratuiti.<\/strong><\/li>\n<li>Lunghezza totale: 50 cm - Peso: 1487 grammi<\/li>\n<\/ul>","protected":false},"featured_media":84706,"template":"","meta":[],"product_brand":[896],"product_cat":[34,39,86,102,27],"product_tag":[],"class_list":{"0":"post-78352","1":"product","2":"type-product","3":"status-publish","4":"has-post-thumbnail","6":"product_brand-replique-manga-cine","7":"product_cat-armes-westerns","8":"product_cat-carabine-winchester","9":"product_cat-repliques-carabine-winchester-western","10":"product_cat-denix","11":"product_cat-armes-et-accessoires-western","13":"first","14":"instock","15":"taxable","16":"shipping-taxable","17":"purchasable","18":"product-type-simple"},"yoast_head":"<!-- This site is optimized with the Yoast SEO plugin v27.4 - https:\/\/yoast.com\/product\/yoast-seo-wordpress\/ -->\n<title>Winchester Mare&#039;s Leg Vieilli - Reproduction Denix | RMC<\/title>\n<meta name=\"description\" content=\"Superbe cette reproduction de la Winchester Mare&#039;s Leg Vieilli de la marque Denix. Tout en m\u00e9tal et bois. Aspect patin\u00e9 et vieilli. M\u00e9canismes fonctionnels.\" \/>\n<meta name=\"robots\" content=\"index, follow, max-snippet:-1, max-image-preview:large, max-video-preview:-1\" \/>\n<link rel=\"canonical\" href=\"https:\/\/repliquemangacine.fr\/it\/pistole-occidentali\/cavalle-winchester-gamba-invecchiata\/\" \/>\n<meta property=\"og:locale\" content=\"it_IT\" \/>\n<meta property=\"og:type\" content=\"article\" \/>\n<meta property=\"og:title\" content=\"Winchester Mare&#039;s Leg Vieilli - Reproduction Denix | RMC\" \/>\n<meta property=\"og:description\" content=\"Superbe cette reproduction de la Winchester Mare&#039;s Leg Vieilli de la marque Denix. Tout en m\u00e9tal et bois. Aspect patin\u00e9 et vieilli. M\u00e9canismes fonctionnels.\" \/>\n<meta property=\"og:url\" content=\"https:\/\/repliquemangacine.fr\/it\/pistole-occidentali\/cavalle-winchester-gamba-invecchiata\/\" \/>\n<meta property=\"og:site_name\" content=\"R\u00e9plique Manga Cin\u00e9\" \/>\n<meta property=\"article:publisher\" content=\"https:\/\/www.facebook.com\/RepliqueMangaCine\" \/>\n<meta property=\"article:modified_time\" content=\"2026-01-10T17:26:42+00:00\" \/>\n<meta property=\"og:image\" content=\"https:\/\/repliquemangacine.fr\/wp-content\/uploads\/2024\/11\/Winchester-Mares-Leg-Vieilli-1.jpg\" \/>\n\t<meta property=\"og:image:width\" content=\"800\" \/>\n\t<meta property=\"og:image:height\" content=\"800\" \/>\n\t<meta property=\"og:image:type\" content=\"image\/jpeg\" \/>\n<meta name=\"twitter:card\" content=\"summary_large_image\" \/>\n<meta name=\"twitter:label1\" content=\"Tempo di lettura stimato\" \/>\n\t<meta name=\"twitter:data1\" content=\"3 minuti\" \/>\n<script type=\"application\/ld+json\" class=\"yoast-schema-graph\">{\"@context\":\"https:\\\/\\\/schema.org\",\"@graph\":[{\"@type\":\"WebPage\",\"@id\":\"https:\\\/\\\/repliquemangacine.fr\\\/armes-westerns\\\/winchester-mares-leg-vieilli\\\/\",\"url\":\"https:\\\/\\\/repliquemangacine.fr\\\/armes-westerns\\\/winchester-mares-leg-vieilli\\\/\",\"name\":\"Winchester Mare's Leg Vieilli - Reproduction Denix | RMC\",\"isPartOf\":{\"@id\":\"https:\\\/\\\/repliquemangacine.fr\\\/#website\"},\"primaryImageOfPage\":{\"@id\":\"https:\\\/\\\/repliquemangacine.fr\\\/armes-westerns\\\/winchester-mares-leg-vieilli\\\/#primaryimage\"},\"image\":{\"@id\":\"https:\\\/\\\/repliquemangacine.fr\\\/armes-westerns\\\/winchester-mares-leg-vieilli\\\/#primaryimage\"},\"thumbnailUrl\":\"https:\\\/\\\/repliquemangacine.fr\\\/wp-content\\\/uploads\\\/2024\\\/11\\\/Winchester-Mares-Leg-Vieilli-1.jpg\",\"datePublished\":\"2024-11-24T16:20:49+00:00\",\"dateModified\":\"2026-01-10T17:26:42+00:00\",\"description\":\"Superbe cette reproduction de la Winchester Mare's Leg Vieilli de la marque Denix. Tout en m\u00e9tal et bois. Aspect patin\u00e9 et vieilli. M\u00e9canismes fonctionnels.\",\"breadcrumb\":{\"@id\":\"https:\\\/\\\/repliquemangacine.fr\\\/armes-westerns\\\/winchester-mares-leg-vieilli\\\/#breadcrumb\"},\"inLanguage\":\"it-IT\",\"potentialAction\":[{\"@type\":\"ReadAction\",\"target\":[\"https:\\\/\\\/repliquemangacine.fr\\\/armes-westerns\\\/winchester-mares-leg-vieilli\\\/\"]}]},{\"@type\":\"ImageObject\",\"inLanguage\":\"it-IT\",\"@id\":\"https:\\\/\\\/repliquemangacine.fr\\\/armes-westerns\\\/winchester-mares-leg-vieilli\\\/#primaryimage\",\"url\":\"https:\\\/\\\/repliquemangacine.fr\\\/wp-content\\\/uploads\\\/2024\\\/11\\\/Winchester-Mares-Leg-Vieilli-1.jpg\",\"contentUrl\":\"https:\\\/\\\/repliquemangacine.fr\\\/wp-content\\\/uploads\\\/2024\\\/11\\\/Winchester-Mares-Leg-Vieilli-1.jpg\",\"width\":800,\"height\":800,\"caption\":\"Winchester Mare\u2019s Leg Vieilli\"},{\"@type\":\"BreadcrumbList\",\"@id\":\"https:\\\/\\\/repliquemangacine.fr\\\/armes-westerns\\\/winchester-mares-leg-vieilli\\\/#breadcrumb\",\"itemListElement\":[{\"@type\":\"ListItem\",\"position\":1,\"name\":\"Accueil\",\"item\":\"https:\\\/\\\/repliquemangacine.fr\\\/\"},{\"@type\":\"ListItem\",\"position\":2,\"name\":\"Produits\",\"item\":\"https:\\\/\\\/repliquemangacine.fr\\\/boutique\\\/\"},{\"@type\":\"ListItem\",\"position\":3,\"name\":\"Winchester Mare&#8217;s Leg Vieilli\"}]},{\"@type\":\"WebSite\",\"@id\":\"https:\\\/\\\/repliquemangacine.fr\\\/#website\",\"url\":\"https:\\\/\\\/repliquemangacine.fr\\\/\",\"name\":\"R\u00e9plique Manga Cin\u00e9\",\"description\":\"\",\"publisher\":{\"@id\":\"https:\\\/\\\/repliquemangacine.fr\\\/#organization\"},\"potentialAction\":[{\"@type\":\"SearchAction\",\"target\":{\"@type\":\"EntryPoint\",\"urlTemplate\":\"https:\\\/\\\/repliquemangacine.fr\\\/?s={search_term_string}\"},\"query-input\":{\"@type\":\"PropertyValueSpecification\",\"valueRequired\":true,\"valueName\":\"search_term_string\"}}],\"inLanguage\":\"it-IT\"},{\"@type\":\"Organization\",\"@id\":\"https:\\\/\\\/repliquemangacine.fr\\\/#organization\",\"name\":\"R\u00e9plique Manga Cin\u00e9\",\"url\":\"https:\\\/\\\/repliquemangacine.fr\\\/\",\"logo\":{\"@type\":\"ImageObject\",\"inLanguage\":\"it-IT\",\"@id\":\"https:\\\/\\\/repliquemangacine.fr\\\/#\\\/schema\\\/logo\\\/image\\\/\",\"url\":\"https:\\\/\\\/repliquemangacine.fr\\\/wp-content\\\/uploads\\\/2023\\\/10\\\/RMC-500250.png\",\"contentUrl\":\"https:\\\/\\\/repliquemangacine.fr\\\/wp-content\\\/uploads\\\/2023\\\/10\\\/RMC-500250.png\",\"width\":500,\"height\":250,\"caption\":\"R\u00e9plique Manga Cin\u00e9\"},\"image\":{\"@id\":\"https:\\\/\\\/repliquemangacine.fr\\\/#\\\/schema\\\/logo\\\/image\\\/\"},\"sameAs\":[\"https:\\\/\\\/www.facebook.com\\\/RepliqueMangaCine\",\"https:\\\/\\\/www.instagram.com\\\/repliquemangacine.fr\\\/\"]}]}<\/script>\n<!-- \/ Yoast SEO plugin. -->","yoast_head_json":{"title":"Winchester Gamba di cavalla invecchiata - Riproduzione Denix | RMC","description":"Superba riproduzione del Winchester Mare's Leg Vieilli di Denix. Tutto metallo e legno. Aspetto invecchiato e patinato. Meccanismi funzionali.","robots":{"index":"index","follow":"follow","max-snippet":"max-snippet:-1","max-image-preview":"max-image-preview:large","max-video-preview":"max-video-preview:-1"},"canonical":"https:\/\/repliquemangacine.fr\/it\/pistole-occidentali\/cavalle-winchester-gamba-invecchiata\/","og_locale":"it_IT","og_type":"article","og_title":"Winchester Mare's Leg Vieilli - Reproduction Denix | RMC","og_description":"Superbe cette reproduction de la Winchester Mare's Leg Vieilli de la marque Denix. Tout en m\u00e9tal et bois. Aspect patin\u00e9 et vieilli. M\u00e9canismes fonctionnels.","og_url":"https:\/\/repliquemangacine.fr\/it\/pistole-occidentali\/cavalle-winchester-gamba-invecchiata\/","og_site_name":"R\u00e9plique Manga Cin\u00e9","article_publisher":"https:\/\/www.facebook.com\/RepliqueMangaCine","article_modified_time":"2026-01-10T17:26:42+00:00","og_image":[{"width":800,"height":800,"url":"https:\/\/repliquemangacine.fr\/wp-content\/uploads\/2024\/11\/Winchester-Mares-Leg-Vieilli-1.jpg","type":"image\/jpeg"}],"twitter_card":"summary_large_image","twitter_misc":{"Tempo di lettura stimato":"3 minuti"},"schema":{"@context":"https:\/\/schema.org","@graph":[{"@type":"WebPage","@id":"https:\/\/repliquemangacine.fr\/armes-westerns\/winchester-mares-leg-vieilli\/","url":"https:\/\/repliquemangacine.fr\/armes-westerns\/winchester-mares-leg-vieilli\/","name":"Winchester Gamba di cavalla invecchiata - Riproduzione Denix | RMC","isPartOf":{"@id":"https:\/\/repliquemangacine.fr\/#website"},"primaryImageOfPage":{"@id":"https:\/\/repliquemangacine.fr\/armes-westerns\/winchester-mares-leg-vieilli\/#primaryimage"},"image":{"@id":"https:\/\/repliquemangacine.fr\/armes-westerns\/winchester-mares-leg-vieilli\/#primaryimage"},"thumbnailUrl":"https:\/\/repliquemangacine.fr\/wp-content\/uploads\/2024\/11\/Winchester-Mares-Leg-Vieilli-1.jpg","datePublished":"2024-11-24T16:20:49+00:00","dateModified":"2026-01-10T17:26:42+00:00","description":"Superba riproduzione del Winchester Mare's Leg Vieilli di Denix. Tutto metallo e legno. Aspetto invecchiato e patinato. Meccanismi funzionali.","breadcrumb":{"@id":"https:\/\/repliquemangacine.fr\/armes-westerns\/winchester-mares-leg-vieilli\/#breadcrumb"},"inLanguage":"it-IT","potentialAction":[{"@type":"ReadAction","target":["https:\/\/repliquemangacine.fr\/armes-westerns\/winchester-mares-leg-vieilli\/"]}]},{"@type":"ImageObject","inLanguage":"it-IT","@id":"https:\/\/repliquemangacine.fr\/armes-westerns\/winchester-mares-leg-vieilli\/#primaryimage","url":"https:\/\/repliquemangacine.fr\/wp-content\/uploads\/2024\/11\/Winchester-Mares-Leg-Vieilli-1.jpg","contentUrl":"https:\/\/repliquemangacine.fr\/wp-content\/uploads\/2024\/11\/Winchester-Mares-Leg-Vieilli-1.jpg","width":800,"height":800,"caption":"Winchester Mare\u2019s Leg Vieilli"},{"@type":"BreadcrumbList","@id":"https:\/\/repliquemangacine.fr\/armes-westerns\/winchester-mares-leg-vieilli\/#breadcrumb","itemListElement":[{"@type":"ListItem","position":1,"name":"Accueil","item":"https:\/\/repliquemangacine.fr\/"},{"@type":"ListItem","position":2,"name":"Produits","item":"https:\/\/repliquemangacine.fr\/boutique\/"},{"@type":"ListItem","position":3,"name":"Winchester Mare&#8217;s Leg Vieilli"}]},{"@type":"WebSite","@id":"https:\/\/repliquemangacine.fr\/#website","url":"https:\/\/repliquemangacine.fr\/","name":"R\u00e9plique Manga Cin\u00e9","description":"","publisher":{"@id":"https:\/\/repliquemangacine.fr\/#organization"},"potentialAction":[{"@type":"SearchAction","target":{"@type":"EntryPoint","urlTemplate":"https:\/\/repliquemangacine.fr\/?s={search_term_string}"},"query-input":{"@type":"PropertyValueSpecification","valueRequired":true,"valueName":"search_term_string"}}],"inLanguage":"it-IT"},{"@type":"Organization","@id":"https:\/\/repliquemangacine.fr\/#organization","name":"R\u00e9plique Manga Cin\u00e9","url":"https:\/\/repliquemangacine.fr\/","logo":{"@type":"ImageObject","inLanguage":"it-IT","@id":"https:\/\/repliquemangacine.fr\/#\/schema\/logo\/image\/","url":"https:\/\/repliquemangacine.fr\/wp-content\/uploads\/2023\/10\/RMC-500250.png","contentUrl":"https:\/\/repliquemangacine.fr\/wp-content\/uploads\/2023\/10\/RMC-500250.png","width":500,"height":250,"caption":"R\u00e9plique Manga Cin\u00e9"},"image":{"@id":"https:\/\/repliquemangacine.fr\/#\/schema\/logo\/image\/"},"sameAs":["https:\/\/www.facebook.com\/RepliqueMangaCine","https:\/\/www.instagram.com\/repliquemangacine.fr\/"]}]}},"_links":{"self":[{"href":"https:\/\/repliquemangacine.fr\/it\/wp-json\/wp\/v2\/product\/78352","targetHints":{"allow":["GET"]}}],"collection":[{"href":"https:\/\/repliquemangacine.fr\/it\/wp-json\/wp\/v2\/product"}],"about":[{"href":"https:\/\/repliquemangacine.fr\/it\/wp-json\/wp\/v2\/types\/product"}],"wp:featuredmedia":[{"embeddable":true,"href":"https:\/\/repliquemangacine.fr\/it\/wp-json\/wp\/v2\/media\/84706"}],"wp:attachment":[{"href":"https:\/\/repliquemangacine.fr\/it\/wp-json\/wp\/v2\/media?parent=78352"}],"wp:term":[{"taxonomy":"product_brand","embeddable":true,"href":"https:\/\/repliquemangacine.fr\/it\/wp-json\/wp\/v2\/product_brand?post=78352"},{"taxonomy":"product_cat","embeddable":true,"href":"https:\/\/repliquemangacine.fr\/it\/wp-json\/wp\/v2\/product_cat?post=78352"},{"taxonomy":"product_tag","embeddable":true,"href":"https:\/\/repliquemangacine.fr\/it\/wp-json\/wp\/v2\/product_tag?post=78352"}],"curies":[{"name":"wp","href":"https:\/\/api.w.org\/{rel}","templated":true}]}}