





{"id":78334,"date":"2024-11-24T12:20:47","date_gmt":"2024-11-24T11:20:47","guid":{"rendered":"https:\/\/repliquemangacine.fr\/?post_type=product&#038;p=78334"},"modified":"2026-04-12T17:59:02","modified_gmt":"2026-04-12T15:59:02","slug":"confedere-revolver-1860-invecchiato","status":"publish","type":"product","link":"https:\/\/repliquemangacine.fr\/it\/colt-pistolet\/revolver-confedere-1860-vieilli\/","title":{"rendered":"Antico revolver confederato del 1860"},"content":{"rendered":"<h2>Replica di revolver confederato antico del 1860: un'opera d'arte storica<\/h2>\n<p>Iniziate immergendovi nella storia della Guerra Civile Americana con questo libro. <strong>Antico revolver confederato del 1860<\/strong>. Prodotto da <a href=\"https:\/\/www.denix.fr\/fr\/\" target=\"_blank\" rel=\"noopener noreferrer\">Denix<\/a>, questa riproduzione patinata e invecchiata evoca il realismo e l'autenticit\u00e0 del passato. Ogni dettaglio, dalla canna incisa alle eleganti linee del calcio in legno. Accuratamente lavorato per riflettere l'arma originale utilizzata dagli ufficiali confederati. Inoltre, l'effetto patinato d\u00e0 un'impressione di usura naturale, come se questo pezzo avesse attraversato i campi di battaglia dell'epoca.<\/p>\n<p>Ideale per collezionisti, rievocazioni storiche o mostre, questo revolver \u00e8 un vero e proprio tuffo nella storia. Offre un fascino senza tempo a tutti gli appassionati di armi antiche.<\/p>\n<h2>Una collezione completa di repliche patinate di Denix<\/h2>\n<p>Oltre alla pistola dei Confederati del 1860, Denix ha recentemente arricchito il proprio catalogo con una collezione di repliche di armi dall'aspetto patinato e invecchiato. Offrendo cos\u00ec un maggiore realismo per collezionisti e appassionati di storia. Queste repliche simulano l'usura del tempo, conferendo ulteriore autenticit\u00e0 ai pezzi.<\/p>\n<p>Tra i modelli disponibili troviamo la pistola Luger P08 Parabellum, utilizzata durante le due guerre mondiali. Questa replica in metallo presenta una finitura invecchiata, con meccanismi funzionali quali otturatore mobile e caricatore rimovibile, sebbene non sia in grado di sparare. C'\u00e8 anche l'M1 Garand, il primo fucile semiautomatico standard dell'esercito americano. Arma emblematica della Seconda Guerra Mondiale. Questa versione patinata e invecchiata di questo fucile offre ai collezionisti e agli appassionati di storia una riproduzione fedele. E molto altro ancora da scoprire nel nostro negozio online R\u00e9plique Manga Cin\u00e9. \u00c8 evidente che Denix sta facendo colpo con questa nuova gamma.<\/p>\n<h2>Perch\u00e9 scegliere il Revolver confederato del 1860 e come \u00e8 fatto?<\/h2>\n<p>Il revolver confederato del 1860 non \u00e8 solo una replica, \u00e8 un pezzo di storia nelle vostre mani. Scegliere questo modello significa optare per l'autenticit\u00e0 e l'artigianalit\u00e0. Realizzato in metallo e legno di alta qualit\u00e0. Progettato per essere fedele all'originale pur rimanendo inerte, nel rispetto delle normative sulle repliche di armi. Infatti, tutti i meccanismi funzionano, ma non \u00e8 assolutamente in grado di sparare. Ogni revolver \u00e8 invecchiato a mano per creare una finitura unica che simula gli effetti del tempo. Vale la pena sottolineare che questo processo artigianale garantisce un pezzo tanto bello quanto autentico, perfetto per arricchire una collezione o sublimare una decorazione. In conclusione, con Denix si investe in una replica che unisce estetica, storia e durata.<\/p>\n<p>&nbsp;<\/p>\n<p>&nbsp;<\/p>","protected":false},"excerpt":{"rendered":"<p>Sublime riproduzione del Revolver confederato 1860 invecchiato da Denix<\/p>\n<ul>\n<li>Tutto il metallo (Zamac) e il legno<\/li>\n<li>Patinato e invecchiato a mano<\/li>\n<li>Stock di legno<\/li>\n<li>Meccanismi funzionanti, ma incapaci di sparare<\/li>\n<li>Barile rotante<\/li>\n<li><strong>Non \u00e8 richiesta alcuna autorizzazione. Vendita e possesso gratuiti.<\/strong><\/li>\n<li>Lunghezza totale: 35 cm - Peso: 975 gr<\/li>\n<\/ul>","protected":false},"featured_media":84705,"template":"","meta":[],"product_brand":[896],"product_cat":[33,102,52,28,27],"product_tag":[],"class_list":{"0":"post-78334","1":"product","2":"type-product","3":"status-publish","4":"has-post-thumbnail","6":"product_brand-replique-manga-cine","7":"product_cat-colt-pistolet","8":"product_cat-denix","9":"product_cat-pistolet-ancien","10":"product_cat-repliques-darmes","11":"product_cat-armes-et-accessoires-western","13":"first","14":"instock","15":"sale","16":"taxable","17":"shipping-taxable","18":"purchasable","19":"product-type-simple"},"yoast_head":"<!-- This site is optimized with the Yoast SEO plugin v27.4 - https:\/\/yoast.com\/product\/yoast-seo-wordpress\/ -->\n<title>Revolver Conf\u00e9d\u00e9r\u00e9 1860 vieilli - Reproduction armes Denix | RMC<\/title>\n<meta name=\"description\" content=\"D\u00e9couvrez le Revolver Conf\u00e9d\u00e9r\u00e9 1860 vieilli par Denix : une r\u00e9plique authentique et d\u00e9taill\u00e9e, id\u00e9ale pour collectionneurs et passionn\u00e9s d\u2019histoire.\" \/>\n<meta name=\"robots\" content=\"index, follow, max-snippet:-1, max-image-preview:large, max-video-preview:-1\" \/>\n<link rel=\"canonical\" href=\"https:\/\/repliquemangacine.fr\/it\/pistola-colt\/confedere-revolver-1860-invecchiato\/\" \/>\n<meta property=\"og:locale\" content=\"it_IT\" \/>\n<meta property=\"og:type\" content=\"article\" \/>\n<meta property=\"og:title\" content=\"Revolver Conf\u00e9d\u00e9r\u00e9 1860 vieilli - Reproduction armes Denix | RMC\" \/>\n<meta property=\"og:description\" content=\"D\u00e9couvrez le Revolver Conf\u00e9d\u00e9r\u00e9 1860 vieilli par Denix : une r\u00e9plique authentique et d\u00e9taill\u00e9e, id\u00e9ale pour collectionneurs et passionn\u00e9s d\u2019histoire.\" \/>\n<meta property=\"og:url\" content=\"https:\/\/repliquemangacine.fr\/it\/pistola-colt\/confedere-revolver-1860-invecchiato\/\" \/>\n<meta property=\"og:site_name\" content=\"R\u00e9plique Manga Cin\u00e9\" \/>\n<meta property=\"article:publisher\" content=\"https:\/\/www.facebook.com\/RepliqueMangaCine\" \/>\n<meta property=\"article:modified_time\" content=\"2026-04-12T15:59:02+00:00\" \/>\n<meta property=\"og:image\" content=\"https:\/\/repliquemangacine.fr\/wp-content\/uploads\/2024\/11\/Revolver-Confedere-1860-vieilli.jpg\" \/>\n\t<meta property=\"og:image:width\" content=\"800\" \/>\n\t<meta property=\"og:image:height\" content=\"800\" \/>\n\t<meta property=\"og:image:type\" content=\"image\/jpeg\" \/>\n<meta name=\"twitter:card\" content=\"summary_large_image\" \/>\n<meta name=\"twitter:label1\" content=\"Tempo di lettura stimato\" \/>\n\t<meta name=\"twitter:data1\" content=\"3 minuti\" \/>\n<script type=\"application\/ld+json\" class=\"yoast-schema-graph\">{\"@context\":\"https:\\\/\\\/schema.org\",\"@graph\":[{\"@type\":\"WebPage\",\"@id\":\"https:\\\/\\\/repliquemangacine.fr\\\/colt-pistolet\\\/revolver-confedere-1860-vieilli\\\/\",\"url\":\"https:\\\/\\\/repliquemangacine.fr\\\/colt-pistolet\\\/revolver-confedere-1860-vieilli\\\/\",\"name\":\"Revolver Conf\u00e9d\u00e9r\u00e9 1860 vieilli - Reproduction armes Denix | RMC\",\"isPartOf\":{\"@id\":\"https:\\\/\\\/repliquemangacine.fr\\\/#website\"},\"primaryImageOfPage\":{\"@id\":\"https:\\\/\\\/repliquemangacine.fr\\\/colt-pistolet\\\/revolver-confedere-1860-vieilli\\\/#primaryimage\"},\"image\":{\"@id\":\"https:\\\/\\\/repliquemangacine.fr\\\/colt-pistolet\\\/revolver-confedere-1860-vieilli\\\/#primaryimage\"},\"thumbnailUrl\":\"https:\\\/\\\/repliquemangacine.fr\\\/wp-content\\\/uploads\\\/2024\\\/11\\\/Revolver-Confedere-1860-vieilli.jpg\",\"datePublished\":\"2024-11-24T11:20:47+00:00\",\"dateModified\":\"2026-04-12T15:59:02+00:00\",\"description\":\"D\u00e9couvrez le Revolver Conf\u00e9d\u00e9r\u00e9 1860 vieilli par Denix : une r\u00e9plique authentique et d\u00e9taill\u00e9e, id\u00e9ale pour collectionneurs et passionn\u00e9s d\u2019histoire.\",\"breadcrumb\":{\"@id\":\"https:\\\/\\\/repliquemangacine.fr\\\/colt-pistolet\\\/revolver-confedere-1860-vieilli\\\/#breadcrumb\"},\"inLanguage\":\"it-IT\",\"potentialAction\":[{\"@type\":\"ReadAction\",\"target\":[\"https:\\\/\\\/repliquemangacine.fr\\\/colt-pistolet\\\/revolver-confedere-1860-vieilli\\\/\"]}]},{\"@type\":\"ImageObject\",\"inLanguage\":\"it-IT\",\"@id\":\"https:\\\/\\\/repliquemangacine.fr\\\/colt-pistolet\\\/revolver-confedere-1860-vieilli\\\/#primaryimage\",\"url\":\"https:\\\/\\\/repliquemangacine.fr\\\/wp-content\\\/uploads\\\/2024\\\/11\\\/Revolver-Confedere-1860-vieilli.jpg\",\"contentUrl\":\"https:\\\/\\\/repliquemangacine.fr\\\/wp-content\\\/uploads\\\/2024\\\/11\\\/Revolver-Confedere-1860-vieilli.jpg\",\"width\":800,\"height\":800,\"caption\":\"Revolver Conf\u00e9d\u00e9r\u00e9 1860 vieilli denix\"},{\"@type\":\"BreadcrumbList\",\"@id\":\"https:\\\/\\\/repliquemangacine.fr\\\/colt-pistolet\\\/revolver-confedere-1860-vieilli\\\/#breadcrumb\",\"itemListElement\":[{\"@type\":\"ListItem\",\"position\":1,\"name\":\"Accueil\",\"item\":\"https:\\\/\\\/repliquemangacine.fr\\\/\"},{\"@type\":\"ListItem\",\"position\":2,\"name\":\"Produits\",\"item\":\"https:\\\/\\\/repliquemangacine.fr\\\/boutique\\\/\"},{\"@type\":\"ListItem\",\"position\":3,\"name\":\"Revolver Conf\u00e9d\u00e9r\u00e9 1860 vieilli\"}]},{\"@type\":\"WebSite\",\"@id\":\"https:\\\/\\\/repliquemangacine.fr\\\/#website\",\"url\":\"https:\\\/\\\/repliquemangacine.fr\\\/\",\"name\":\"R\u00e9plique Manga Cin\u00e9\",\"description\":\"\",\"publisher\":{\"@id\":\"https:\\\/\\\/repliquemangacine.fr\\\/#organization\"},\"potentialAction\":[{\"@type\":\"SearchAction\",\"target\":{\"@type\":\"EntryPoint\",\"urlTemplate\":\"https:\\\/\\\/repliquemangacine.fr\\\/?s={search_term_string}\"},\"query-input\":{\"@type\":\"PropertyValueSpecification\",\"valueRequired\":true,\"valueName\":\"search_term_string\"}}],\"inLanguage\":\"it-IT\"},{\"@type\":\"Organization\",\"@id\":\"https:\\\/\\\/repliquemangacine.fr\\\/#organization\",\"name\":\"R\u00e9plique Manga Cin\u00e9\",\"url\":\"https:\\\/\\\/repliquemangacine.fr\\\/\",\"logo\":{\"@type\":\"ImageObject\",\"inLanguage\":\"it-IT\",\"@id\":\"https:\\\/\\\/repliquemangacine.fr\\\/#\\\/schema\\\/logo\\\/image\\\/\",\"url\":\"https:\\\/\\\/repliquemangacine.fr\\\/wp-content\\\/uploads\\\/2023\\\/10\\\/RMC-500250.png\",\"contentUrl\":\"https:\\\/\\\/repliquemangacine.fr\\\/wp-content\\\/uploads\\\/2023\\\/10\\\/RMC-500250.png\",\"width\":500,\"height\":250,\"caption\":\"R\u00e9plique Manga Cin\u00e9\"},\"image\":{\"@id\":\"https:\\\/\\\/repliquemangacine.fr\\\/#\\\/schema\\\/logo\\\/image\\\/\"},\"sameAs\":[\"https:\\\/\\\/www.facebook.com\\\/RepliqueMangaCine\",\"https:\\\/\\\/www.instagram.com\\\/repliquemangacine.fr\\\/\"]}]}<\/script>\n<!-- \/ Yoast SEO plugin. -->","yoast_head_json":{"title":"Antico revolver confederato del 1860 - Riproduzione di armi Denix | RMC","description":"Scoprite il Revolver confederato del 1860 invecchiato da Denix: una replica autentica e dettagliata, ideale per i collezionisti e gli appassionati di storia.","robots":{"index":"index","follow":"follow","max-snippet":"max-snippet:-1","max-image-preview":"max-image-preview:large","max-video-preview":"max-video-preview:-1"},"canonical":"https:\/\/repliquemangacine.fr\/it\/pistola-colt\/confedere-revolver-1860-invecchiato\/","og_locale":"it_IT","og_type":"article","og_title":"Revolver Conf\u00e9d\u00e9r\u00e9 1860 vieilli - Reproduction armes Denix | RMC","og_description":"D\u00e9couvrez le Revolver Conf\u00e9d\u00e9r\u00e9 1860 vieilli par Denix : une r\u00e9plique authentique et d\u00e9taill\u00e9e, id\u00e9ale pour collectionneurs et passionn\u00e9s d\u2019histoire.","og_url":"https:\/\/repliquemangacine.fr\/it\/pistola-colt\/confedere-revolver-1860-invecchiato\/","og_site_name":"R\u00e9plique Manga Cin\u00e9","article_publisher":"https:\/\/www.facebook.com\/RepliqueMangaCine","article_modified_time":"2026-04-12T15:59:02+00:00","og_image":[{"width":800,"height":800,"url":"https:\/\/repliquemangacine.fr\/wp-content\/uploads\/2024\/11\/Revolver-Confedere-1860-vieilli.jpg","type":"image\/jpeg"}],"twitter_card":"summary_large_image","twitter_misc":{"Tempo di lettura stimato":"3 minuti"},"schema":{"@context":"https:\/\/schema.org","@graph":[{"@type":"WebPage","@id":"https:\/\/repliquemangacine.fr\/colt-pistolet\/revolver-confedere-1860-vieilli\/","url":"https:\/\/repliquemangacine.fr\/colt-pistolet\/revolver-confedere-1860-vieilli\/","name":"Antico revolver confederato del 1860 - Riproduzione di armi Denix | RMC","isPartOf":{"@id":"https:\/\/repliquemangacine.fr\/#website"},"primaryImageOfPage":{"@id":"https:\/\/repliquemangacine.fr\/colt-pistolet\/revolver-confedere-1860-vieilli\/#primaryimage"},"image":{"@id":"https:\/\/repliquemangacine.fr\/colt-pistolet\/revolver-confedere-1860-vieilli\/#primaryimage"},"thumbnailUrl":"https:\/\/repliquemangacine.fr\/wp-content\/uploads\/2024\/11\/Revolver-Confedere-1860-vieilli.jpg","datePublished":"2024-11-24T11:20:47+00:00","dateModified":"2026-04-12T15:59:02+00:00","description":"Scoprite il Revolver confederato del 1860 invecchiato da Denix: una replica autentica e dettagliata, ideale per i collezionisti e gli appassionati di storia.","breadcrumb":{"@id":"https:\/\/repliquemangacine.fr\/colt-pistolet\/revolver-confedere-1860-vieilli\/#breadcrumb"},"inLanguage":"it-IT","potentialAction":[{"@type":"ReadAction","target":["https:\/\/repliquemangacine.fr\/colt-pistolet\/revolver-confedere-1860-vieilli\/"]}]},{"@type":"ImageObject","inLanguage":"it-IT","@id":"https:\/\/repliquemangacine.fr\/colt-pistolet\/revolver-confedere-1860-vieilli\/#primaryimage","url":"https:\/\/repliquemangacine.fr\/wp-content\/uploads\/2024\/11\/Revolver-Confedere-1860-vieilli.jpg","contentUrl":"https:\/\/repliquemangacine.fr\/wp-content\/uploads\/2024\/11\/Revolver-Confedere-1860-vieilli.jpg","width":800,"height":800,"caption":"Revolver Conf\u00e9d\u00e9r\u00e9 1860 vieilli denix"},{"@type":"BreadcrumbList","@id":"https:\/\/repliquemangacine.fr\/colt-pistolet\/revolver-confedere-1860-vieilli\/#breadcrumb","itemListElement":[{"@type":"ListItem","position":1,"name":"Accueil","item":"https:\/\/repliquemangacine.fr\/"},{"@type":"ListItem","position":2,"name":"Produits","item":"https:\/\/repliquemangacine.fr\/boutique\/"},{"@type":"ListItem","position":3,"name":"Revolver Conf\u00e9d\u00e9r\u00e9 1860 vieilli"}]},{"@type":"WebSite","@id":"https:\/\/repliquemangacine.fr\/#website","url":"https:\/\/repliquemangacine.fr\/","name":"R\u00e9plique Manga Cin\u00e9","description":"","publisher":{"@id":"https:\/\/repliquemangacine.fr\/#organization"},"potentialAction":[{"@type":"SearchAction","target":{"@type":"EntryPoint","urlTemplate":"https:\/\/repliquemangacine.fr\/?s={search_term_string}"},"query-input":{"@type":"PropertyValueSpecification","valueRequired":true,"valueName":"search_term_string"}}],"inLanguage":"it-IT"},{"@type":"Organization","@id":"https:\/\/repliquemangacine.fr\/#organization","name":"R\u00e9plique Manga Cin\u00e9","url":"https:\/\/repliquemangacine.fr\/","logo":{"@type":"ImageObject","inLanguage":"it-IT","@id":"https:\/\/repliquemangacine.fr\/#\/schema\/logo\/image\/","url":"https:\/\/repliquemangacine.fr\/wp-content\/uploads\/2023\/10\/RMC-500250.png","contentUrl":"https:\/\/repliquemangacine.fr\/wp-content\/uploads\/2023\/10\/RMC-500250.png","width":500,"height":250,"caption":"R\u00e9plique Manga Cin\u00e9"},"image":{"@id":"https:\/\/repliquemangacine.fr\/#\/schema\/logo\/image\/"},"sameAs":["https:\/\/www.facebook.com\/RepliqueMangaCine","https:\/\/www.instagram.com\/repliquemangacine.fr\/"]}]}},"_links":{"self":[{"href":"https:\/\/repliquemangacine.fr\/it\/wp-json\/wp\/v2\/product\/78334","targetHints":{"allow":["GET"]}}],"collection":[{"href":"https:\/\/repliquemangacine.fr\/it\/wp-json\/wp\/v2\/product"}],"about":[{"href":"https:\/\/repliquemangacine.fr\/it\/wp-json\/wp\/v2\/types\/product"}],"wp:featuredmedia":[{"embeddable":true,"href":"https:\/\/repliquemangacine.fr\/it\/wp-json\/wp\/v2\/media\/84705"}],"wp:attachment":[{"href":"https:\/\/repliquemangacine.fr\/it\/wp-json\/wp\/v2\/media?parent=78334"}],"wp:term":[{"taxonomy":"product_brand","embeddable":true,"href":"https:\/\/repliquemangacine.fr\/it\/wp-json\/wp\/v2\/product_brand?post=78334"},{"taxonomy":"product_cat","embeddable":true,"href":"https:\/\/repliquemangacine.fr\/it\/wp-json\/wp\/v2\/product_cat?post=78334"},{"taxonomy":"product_tag","embeddable":true,"href":"https:\/\/repliquemangacine.fr\/it\/wp-json\/wp\/v2\/product_tag?post=78334"}],"curies":[{"name":"wp","href":"https:\/\/api.w.org\/{rel}","templated":true}]}}