





{"id":78310,"date":"2024-11-23T17:41:33","date_gmt":"2024-11-23T16:41:33","guid":{"rendered":"https:\/\/repliquemangacine.fr\/?post_type=product&#038;p=78310"},"modified":"2026-04-02T03:47:21","modified_gmt":"2026-04-02T01:47:21","slug":"katana-shuisui-fatta-a-mano-in-un-unico-pezzo","status":"publish","type":"product","link":"https:\/\/repliquemangacine.fr\/it\/katana-en-metal-one-piece\/katana-shuisui-hand-made-one-piece\/","title":{"rendered":"Katana Shusui fatta a mano - Pezzo unico"},"content":{"rendered":"<h2>La Katana Shusui fatta a mano: la maledizione del prestigio leggendario<\/h2>\n<p>La Katana Shusui Hand Made, conosciuta anche come \"la maledetta\", un'arma emblematica di <a href=\"https:\/\/onepiece.fandom.com\/fr\/wiki\/Roronoa_Zoro\" target=\"_blank\" rel=\"noopener noreferrer\">Roronoa Zoro<\/a> in un pezzo unico. Parte del 21 \u014c Wazamono, questa lama nera \u00e8 nota per la sua eccezionale resistenza e il suo affascinante design. Realizzata interamente a mano, questa katana presenta una lama in acciaio al carbonio pre-affilata, ideale per i collezionisti che cercano autenticit\u00e0 e qualit\u00e0. Il fodero in legno, rivestito di lacca nera con ideogrammi rosa, riflette perfettamente il suo carattere misterioso e temibile. L'impugnatura, realizzata in pelle di razza intrecciata con cotone nero, offre una presa salda e piacevole. La Shusui \u00e8 molto pi\u00f9 di una semplice spada: simboleggia la tenacia e l'eredit\u00e0 dei grandi guerrieri, incarnando il legame tra l'arte del combattimento e la padronanza della spada. Una spada leggendaria per coloro che osano sfidare il destino.<\/p>\n<h2>Altre spade mitiche di One Piece<\/h2>\n<p>L'universo di One Piece \u00e8 pieno di spade e armi uniche come i loro portatori. Il <a href=\"https:\/\/repliquemangacine.fr\/it\/katana-in-metallo-monopezzo\/katana-wado-ichimonji-fatto-a-mano-pezzo-unico\/\">Wado Ichimonji<\/a>una delle spade pi\u00f9 preziose di Zoro, \u00e8 un simbolo di onore e di rispetto per il suo ex maestro. Il <a href=\"https:\/\/repliquemangacine.fr\/it\/videogiochi-manga-replica\/canna-da-spada-brook\/\">Bastone di Brook<\/a>La katana, che nasconde una spada sottile, riflette l'eleganza e lo stile inimitabile di questo personaggio atipico. La katana <a href=\"https:\/\/repliquemangacine.fr\/it\/videogiochi-manga-replica\/ame-no-habakiri-katana-de-zoro-one-piece\/\">Ame no Habakiri<\/a>\u00e8 famoso per il suo potere terrificante e per la sua capacit\u00e0 di assorbire l'energia di chi lo indossa, richiedendo una padronanza assoluta. Infine, il <a href=\"https:\/\/repliquemangacine.fr\/it\/katana-in-metallo-monopezzo\/spada-monopezzo-gold-rogers\/\">Spada Gol D Roger<\/a> rimane un mistero affascinante, carico di un'aura mitica, proprio come il suo proprietario. Inoltre, ogni arma di questo universo ha una storia avvincente e queste fedeli repliche permettono ai fan di entrare in contatto con l'essenza dei personaggi che le impugnano.<\/p>\n<h2>Perch\u00e9 scegliere la Katana Shusui Hand Made e come prendersene cura?<\/h2>\n<p>Lo Shusui \u00e8 un must per gli appassionati di One Piece e per gli amanti delle lame eccezionali. Il suo design artigianale e i dettagli minuziosi lo rendono un pezzo unico. \u00c8 l'aggiunta perfetta a qualsiasi collezione o decorazione. Questa misteriosa e prestigiosa katana incarna la forza e la determinazione dei samurai. Per prendersene cura, pulire regolarmente la lama con un panno morbido. Applicare un sottile strato di olio per prevenire la ruggine. Maneggiare il fodero con cura per preservarne il motivo laccato. Mantenere l'impugnatura asciutta per conservare la trama di cotone nero in buone condizioni. Infine, conservatelo in un luogo sicuro e asciutto per garantirne la longevit\u00e0. In conclusione, con la Shusui non si possiede solo una spada: si adotta una parte della leggenda di One Piece.<\/p>","protected":false},"excerpt":{"rendered":"<p>Splendida replica della katana Shusui nota come \"The Cursed One\" in One Piece.<\/p>\n<ul>\n<li>Interamente realizzato a mano<\/li>\n<li>Lama in acciaio al carbonio con scanalatura decorata<\/li>\n<li>Lama preaffilata<\/li>\n<li>Fodero in legno laccato nero con ideogramma<\/li>\n<li>Manico in pelle di pastinaca rivestito con treccia di cotone nero<\/li>\n<li>Fornito con una copertura protettiva.<\/li>\n<li>Lunghezza lama: 71,5 cm - Lunghezza totale: 105 cm<\/li>\n<li>Peso con fodero: 1262 g<\/li>\n<\/ul>","protected":false},"featured_media":78311,"template":"","meta":[],"product_brand":[896],"product_cat":[123,36],"product_tag":[],"class_list":{"0":"post-78310","1":"product","2":"type-product","3":"status-publish","4":"has-post-thumbnail","6":"product_brand-replique-manga-cine","7":"product_cat-katana-en-metal-one-piece","8":"product_cat-katana-one-piece","10":"first","11":"instock","12":"taxable","13":"shipping-taxable","14":"purchasable","15":"product-type-simple"},"yoast_head":"<!-- This site is optimized with the Yoast SEO plugin v27.4 - https:\/\/yoast.com\/product\/yoast-seo-wordpress\/ -->\n<title>Katana Shusui Hand Made - One Piece - R\u00e9plique Manga Cin\u00e9<\/title>\n<meta name=\"description\" content=\"Superbe r\u00e9plique du Katana Shusui Hand Made dans One Piece. Lame en acier carbone d\u00e9cor\u00e9e et pr\u00e9-aff\u00fbt\u00e9e. Fait \u00e0 la main. Fourreau laqu\u00e9 avec d\u00e9cors\" \/>\n<meta name=\"robots\" content=\"index, follow, max-snippet:-1, max-image-preview:large, max-video-preview:-1\" \/>\n<link rel=\"canonical\" href=\"https:\/\/repliquemangacine.fr\/it\/katana-in-metallo-monopezzo\/katana-shuisui-fatta-a-mano-in-un-unico-pezzo\/\" \/>\n<meta property=\"og:locale\" content=\"it_IT\" \/>\n<meta property=\"og:type\" content=\"article\" \/>\n<meta property=\"og:title\" content=\"Katana Shusui Hand Made - One Piece - R\u00e9plique Manga Cin\u00e9\" \/>\n<meta property=\"og:description\" content=\"Superbe r\u00e9plique du Katana Shusui Hand Made dans One Piece. Lame en acier carbone d\u00e9cor\u00e9e et pr\u00e9-aff\u00fbt\u00e9e. Fait \u00e0 la main. Fourreau laqu\u00e9 avec d\u00e9cors\" \/>\n<meta property=\"og:url\" content=\"https:\/\/repliquemangacine.fr\/it\/katana-in-metallo-monopezzo\/katana-shuisui-fatta-a-mano-in-un-unico-pezzo\/\" \/>\n<meta property=\"og:site_name\" content=\"R\u00e9plique Manga Cin\u00e9\" \/>\n<meta property=\"article:publisher\" content=\"https:\/\/www.facebook.com\/RepliqueMangaCine\" \/>\n<meta property=\"article:modified_time\" content=\"2026-04-02T01:47:21+00:00\" \/>\n<meta property=\"og:image\" content=\"https:\/\/repliquemangacine.fr\/wp-content\/uploads\/2024\/11\/katana-shushui-one-piece.jpg\" \/>\n\t<meta property=\"og:image:width\" content=\"500\" \/>\n\t<meta property=\"og:image:height\" content=\"500\" \/>\n\t<meta property=\"og:image:type\" content=\"image\/jpeg\" \/>\n<meta name=\"twitter:card\" content=\"summary_large_image\" \/>\n<meta name=\"twitter:label1\" content=\"Tempo di lettura stimato\" \/>\n\t<meta name=\"twitter:data1\" content=\"3 minuti\" \/>\n<script type=\"application\/ld+json\" class=\"yoast-schema-graph\">{\"@context\":\"https:\\\/\\\/schema.org\",\"@graph\":[{\"@type\":\"WebPage\",\"@id\":\"https:\\\/\\\/repliquemangacine.fr\\\/katana-en-metal-one-piece\\\/katana-shuisui-hand-made-one-piece\\\/\",\"url\":\"https:\\\/\\\/repliquemangacine.fr\\\/katana-en-metal-one-piece\\\/katana-shuisui-hand-made-one-piece\\\/\",\"name\":\"Katana Shusui Hand Made - One Piece - R\u00e9plique Manga Cin\u00e9\",\"isPartOf\":{\"@id\":\"https:\\\/\\\/repliquemangacine.fr\\\/#website\"},\"primaryImageOfPage\":{\"@id\":\"https:\\\/\\\/repliquemangacine.fr\\\/katana-en-metal-one-piece\\\/katana-shuisui-hand-made-one-piece\\\/#primaryimage\"},\"image\":{\"@id\":\"https:\\\/\\\/repliquemangacine.fr\\\/katana-en-metal-one-piece\\\/katana-shuisui-hand-made-one-piece\\\/#primaryimage\"},\"thumbnailUrl\":\"https:\\\/\\\/repliquemangacine.fr\\\/wp-content\\\/uploads\\\/2024\\\/11\\\/katana-shushui-one-piece.jpg\",\"datePublished\":\"2024-11-23T16:41:33+00:00\",\"dateModified\":\"2026-04-02T01:47:21+00:00\",\"description\":\"Superbe r\u00e9plique du Katana Shusui Hand Made dans One Piece. Lame en acier carbone d\u00e9cor\u00e9e et pr\u00e9-aff\u00fbt\u00e9e. Fait \u00e0 la main. Fourreau laqu\u00e9 avec d\u00e9cors\",\"breadcrumb\":{\"@id\":\"https:\\\/\\\/repliquemangacine.fr\\\/katana-en-metal-one-piece\\\/katana-shuisui-hand-made-one-piece\\\/#breadcrumb\"},\"inLanguage\":\"it-IT\",\"potentialAction\":[{\"@type\":\"ReadAction\",\"target\":[\"https:\\\/\\\/repliquemangacine.fr\\\/katana-en-metal-one-piece\\\/katana-shuisui-hand-made-one-piece\\\/\"]}]},{\"@type\":\"ImageObject\",\"inLanguage\":\"it-IT\",\"@id\":\"https:\\\/\\\/repliquemangacine.fr\\\/katana-en-metal-one-piece\\\/katana-shuisui-hand-made-one-piece\\\/#primaryimage\",\"url\":\"https:\\\/\\\/repliquemangacine.fr\\\/wp-content\\\/uploads\\\/2024\\\/11\\\/katana-shushui-one-piece.jpg\",\"contentUrl\":\"https:\\\/\\\/repliquemangacine.fr\\\/wp-content\\\/uploads\\\/2024\\\/11\\\/katana-shushui-one-piece.jpg\",\"width\":500,\"height\":500,\"caption\":\"Katana Shuisui Hand Made One Piece\"},{\"@type\":\"BreadcrumbList\",\"@id\":\"https:\\\/\\\/repliquemangacine.fr\\\/katana-en-metal-one-piece\\\/katana-shuisui-hand-made-one-piece\\\/#breadcrumb\",\"itemListElement\":[{\"@type\":\"ListItem\",\"position\":1,\"name\":\"Accueil\",\"item\":\"https:\\\/\\\/repliquemangacine.fr\\\/\"},{\"@type\":\"ListItem\",\"position\":2,\"name\":\"Produits\",\"item\":\"https:\\\/\\\/repliquemangacine.fr\\\/boutique\\\/\"},{\"@type\":\"ListItem\",\"position\":3,\"name\":\"Katana Shusui Hand Made &#8211; One Piece\"}]},{\"@type\":\"WebSite\",\"@id\":\"https:\\\/\\\/repliquemangacine.fr\\\/#website\",\"url\":\"https:\\\/\\\/repliquemangacine.fr\\\/\",\"name\":\"R\u00e9plique Manga Cin\u00e9\",\"description\":\"\",\"publisher\":{\"@id\":\"https:\\\/\\\/repliquemangacine.fr\\\/#organization\"},\"potentialAction\":[{\"@type\":\"SearchAction\",\"target\":{\"@type\":\"EntryPoint\",\"urlTemplate\":\"https:\\\/\\\/repliquemangacine.fr\\\/?s={search_term_string}\"},\"query-input\":{\"@type\":\"PropertyValueSpecification\",\"valueRequired\":true,\"valueName\":\"search_term_string\"}}],\"inLanguage\":\"it-IT\"},{\"@type\":\"Organization\",\"@id\":\"https:\\\/\\\/repliquemangacine.fr\\\/#organization\",\"name\":\"R\u00e9plique Manga Cin\u00e9\",\"url\":\"https:\\\/\\\/repliquemangacine.fr\\\/\",\"logo\":{\"@type\":\"ImageObject\",\"inLanguage\":\"it-IT\",\"@id\":\"https:\\\/\\\/repliquemangacine.fr\\\/#\\\/schema\\\/logo\\\/image\\\/\",\"url\":\"https:\\\/\\\/repliquemangacine.fr\\\/wp-content\\\/uploads\\\/2023\\\/10\\\/RMC-500250.png\",\"contentUrl\":\"https:\\\/\\\/repliquemangacine.fr\\\/wp-content\\\/uploads\\\/2023\\\/10\\\/RMC-500250.png\",\"width\":500,\"height\":250,\"caption\":\"R\u00e9plique Manga Cin\u00e9\"},\"image\":{\"@id\":\"https:\\\/\\\/repliquemangacine.fr\\\/#\\\/schema\\\/logo\\\/image\\\/\"},\"sameAs\":[\"https:\\\/\\\/www.facebook.com\\\/RepliqueMangaCine\",\"https:\\\/\\\/www.instagram.com\\\/repliquemangacine.fr\\\/\"]}]}<\/script>\n<!-- \/ Yoast SEO plugin. -->","yoast_head_json":{"title":"Katana Shusui fatta a mano - Un pezzo - R\u00e9plique Manga Cin\u00e9","description":"Splendida replica della Katana Shusui di One Piece. Lama in acciaio al carbonio decorata e pre-affilata. Realizzata a mano. Fodero laccato con decorazioni","robots":{"index":"index","follow":"follow","max-snippet":"max-snippet:-1","max-image-preview":"max-image-preview:large","max-video-preview":"max-video-preview:-1"},"canonical":"https:\/\/repliquemangacine.fr\/it\/katana-in-metallo-monopezzo\/katana-shuisui-fatta-a-mano-in-un-unico-pezzo\/","og_locale":"it_IT","og_type":"article","og_title":"Katana Shusui Hand Made - One Piece - R\u00e9plique Manga Cin\u00e9","og_description":"Superbe r\u00e9plique du Katana Shusui Hand Made dans One Piece. Lame en acier carbone d\u00e9cor\u00e9e et pr\u00e9-aff\u00fbt\u00e9e. Fait \u00e0 la main. Fourreau laqu\u00e9 avec d\u00e9cors","og_url":"https:\/\/repliquemangacine.fr\/it\/katana-in-metallo-monopezzo\/katana-shuisui-fatta-a-mano-in-un-unico-pezzo\/","og_site_name":"R\u00e9plique Manga Cin\u00e9","article_publisher":"https:\/\/www.facebook.com\/RepliqueMangaCine","article_modified_time":"2026-04-02T01:47:21+00:00","og_image":[{"width":500,"height":500,"url":"https:\/\/repliquemangacine.fr\/wp-content\/uploads\/2024\/11\/katana-shushui-one-piece.jpg","type":"image\/jpeg"}],"twitter_card":"summary_large_image","twitter_misc":{"Tempo di lettura stimato":"3 minuti"},"schema":{"@context":"https:\/\/schema.org","@graph":[{"@type":"WebPage","@id":"https:\/\/repliquemangacine.fr\/katana-en-metal-one-piece\/katana-shuisui-hand-made-one-piece\/","url":"https:\/\/repliquemangacine.fr\/katana-en-metal-one-piece\/katana-shuisui-hand-made-one-piece\/","name":"Katana Shusui fatta a mano - Un pezzo - R\u00e9plique Manga Cin\u00e9","isPartOf":{"@id":"https:\/\/repliquemangacine.fr\/#website"},"primaryImageOfPage":{"@id":"https:\/\/repliquemangacine.fr\/katana-en-metal-one-piece\/katana-shuisui-hand-made-one-piece\/#primaryimage"},"image":{"@id":"https:\/\/repliquemangacine.fr\/katana-en-metal-one-piece\/katana-shuisui-hand-made-one-piece\/#primaryimage"},"thumbnailUrl":"https:\/\/repliquemangacine.fr\/wp-content\/uploads\/2024\/11\/katana-shushui-one-piece.jpg","datePublished":"2024-11-23T16:41:33+00:00","dateModified":"2026-04-02T01:47:21+00:00","description":"Splendida replica della Katana Shusui di One Piece. Lama in acciaio al carbonio decorata e pre-affilata. Realizzata a mano. Fodero laccato con decorazioni","breadcrumb":{"@id":"https:\/\/repliquemangacine.fr\/katana-en-metal-one-piece\/katana-shuisui-hand-made-one-piece\/#breadcrumb"},"inLanguage":"it-IT","potentialAction":[{"@type":"ReadAction","target":["https:\/\/repliquemangacine.fr\/katana-en-metal-one-piece\/katana-shuisui-hand-made-one-piece\/"]}]},{"@type":"ImageObject","inLanguage":"it-IT","@id":"https:\/\/repliquemangacine.fr\/katana-en-metal-one-piece\/katana-shuisui-hand-made-one-piece\/#primaryimage","url":"https:\/\/repliquemangacine.fr\/wp-content\/uploads\/2024\/11\/katana-shushui-one-piece.jpg","contentUrl":"https:\/\/repliquemangacine.fr\/wp-content\/uploads\/2024\/11\/katana-shushui-one-piece.jpg","width":500,"height":500,"caption":"Katana Shuisui Hand Made One Piece"},{"@type":"BreadcrumbList","@id":"https:\/\/repliquemangacine.fr\/katana-en-metal-one-piece\/katana-shuisui-hand-made-one-piece\/#breadcrumb","itemListElement":[{"@type":"ListItem","position":1,"name":"Accueil","item":"https:\/\/repliquemangacine.fr\/"},{"@type":"ListItem","position":2,"name":"Produits","item":"https:\/\/repliquemangacine.fr\/boutique\/"},{"@type":"ListItem","position":3,"name":"Katana Shusui Hand Made &#8211; One Piece"}]},{"@type":"WebSite","@id":"https:\/\/repliquemangacine.fr\/#website","url":"https:\/\/repliquemangacine.fr\/","name":"R\u00e9plique Manga Cin\u00e9","description":"","publisher":{"@id":"https:\/\/repliquemangacine.fr\/#organization"},"potentialAction":[{"@type":"SearchAction","target":{"@type":"EntryPoint","urlTemplate":"https:\/\/repliquemangacine.fr\/?s={search_term_string}"},"query-input":{"@type":"PropertyValueSpecification","valueRequired":true,"valueName":"search_term_string"}}],"inLanguage":"it-IT"},{"@type":"Organization","@id":"https:\/\/repliquemangacine.fr\/#organization","name":"R\u00e9plique Manga Cin\u00e9","url":"https:\/\/repliquemangacine.fr\/","logo":{"@type":"ImageObject","inLanguage":"it-IT","@id":"https:\/\/repliquemangacine.fr\/#\/schema\/logo\/image\/","url":"https:\/\/repliquemangacine.fr\/wp-content\/uploads\/2023\/10\/RMC-500250.png","contentUrl":"https:\/\/repliquemangacine.fr\/wp-content\/uploads\/2023\/10\/RMC-500250.png","width":500,"height":250,"caption":"R\u00e9plique Manga Cin\u00e9"},"image":{"@id":"https:\/\/repliquemangacine.fr\/#\/schema\/logo\/image\/"},"sameAs":["https:\/\/www.facebook.com\/RepliqueMangaCine","https:\/\/www.instagram.com\/repliquemangacine.fr\/"]}]}},"_links":{"self":[{"href":"https:\/\/repliquemangacine.fr\/it\/wp-json\/wp\/v2\/product\/78310","targetHints":{"allow":["GET"]}}],"collection":[{"href":"https:\/\/repliquemangacine.fr\/it\/wp-json\/wp\/v2\/product"}],"about":[{"href":"https:\/\/repliquemangacine.fr\/it\/wp-json\/wp\/v2\/types\/product"}],"wp:featuredmedia":[{"embeddable":true,"href":"https:\/\/repliquemangacine.fr\/it\/wp-json\/wp\/v2\/media\/78311"}],"wp:attachment":[{"href":"https:\/\/repliquemangacine.fr\/it\/wp-json\/wp\/v2\/media?parent=78310"}],"wp:term":[{"taxonomy":"product_brand","embeddable":true,"href":"https:\/\/repliquemangacine.fr\/it\/wp-json\/wp\/v2\/product_brand?post=78310"},{"taxonomy":"product_cat","embeddable":true,"href":"https:\/\/repliquemangacine.fr\/it\/wp-json\/wp\/v2\/product_cat?post=78310"},{"taxonomy":"product_tag","embeddable":true,"href":"https:\/\/repliquemangacine.fr\/it\/wp-json\/wp\/v2\/product_tag?post=78310"}],"curies":[{"name":"wp","href":"https:\/\/api.w.org\/{rel}","templated":true}]}}