





{"id":78303,"date":"2024-11-23T16:56:58","date_gmt":"2024-11-23T15:56:58","guid":{"rendered":"https:\/\/repliquemangacine.fr\/?post_type=product&#038;p=78303"},"modified":"2026-04-11T00:11:46","modified_gmt":"2026-04-10T22:11:46","slug":"katana-sandai-kitetsu-fatto-a-mano-pezzo-unico","status":"publish","type":"product","link":"https:\/\/repliquemangacine.fr\/it\/katana-one-piece\/katana-sandai-kitetsu-handmade-one-piece\/","title":{"rendered":"Katana Sanda\u00ef Kitetsu fatta a mano - Pezzo unico"},"content":{"rendered":"<h2>La Katana Sanda\u00ef Kitetsu fatta a mano: l'ombra del destino<\/h2>\n<p>La prima \u00e8 la katana Sanda\u00ef Kitetsu HandMade, brandita da Roronoa Zoro in One Piece, una delle lame pi\u00f9 intriganti dell'universo. Appartenente alla famiglia Wazamono, si ritiene che sia una lama maledetta, che porta sfortuna ai suoi incauti portatori. Realizzata a mano con cura meticolosa, questa katana si distingue per la sua lama in acciaio al carbonio pre-affilata, ideale per i collezionisti in cerca di autenticit\u00e0. Il fodero in legno laccato rosso, ornato da decorazioni in metallo dorato e da una treccia di cotone rosso al centro, \u00e8 un capolavoro di eleganza. L'impugnatura, rivestita in pelle di razza e intrecciata in cotone rosso, offre una presa comoda e stabile. In breve, il Sanda\u00ef Kitetsu incarna la sfida e la determinazione di un'arma che non ha bisogno di essere usata. <a href=\"https:\/\/onepiece.fandom.com\/fr\/wiki\/Roronoa_Zoro\" target=\"_blank\" rel=\"noopener noreferrer\">Zoro<\/a>pronto a dominare questa lama leggendaria nonostante i suoi pericoli.<\/p>\n<h2>Le altre lame leggendarie di One Piece<\/h2>\n<p>L'universo di One Piece \u00e8 pieno di spade e sciabole affascinanti. Per cominciare, le <a href=\"https:\/\/repliquemangacine.fr\/it\/videogiochi-manga-replica\/nidai-kitetsu-la-spada-di-luffy-one-piece\/\">Nidai Kitetsu<\/a>una spada usata per un certo periodo da Luffy. Una lama leggendaria ancora pi\u00f9 potente della Sanda\u00ef Kitetsu, con una reputazione simile per le maledizioni. C'\u00e8 anche la<a href=\"https:\/\/repliquemangacine.fr\/it\/videogiochi-manga-replica\/stinchi-le-roux-spada\/\">spada di Shanks il Rosso<\/a>Pur essendo misterioso, simboleggia il potere e il carisma di uno dei Quattro Imperatori. Per quanto riguarda il <a href=\"https:\/\/repliquemangacine.fr\/it\/videogiochi-manga-replica\/katana-enma-di-zoro-one-piece\/\">Enma katana<\/a>brandita da Zoro, famosa per la sua capacit\u00e0 di drenare energia da chi la indossa. Richiede una padronanza assoluta. Infine, il <a href=\"https:\/\/repliquemangacine.fr\/it\/videogiochi-manga-replica\/spada-kokuto-yoru-dracula-spada-mihawk-one-piece\/\">Spada Yoru<\/a>brandita da Mihawk, una gigantesca lama nera. Considerata una delle dodici Saijo \u014c Wazamono, le migliori lame del mondo. Queste repliche, emblemi degli eroi e degli antagonisti di One Piece, sono ideali per i fan che vogliono avvicinarsi ai loro personaggi preferiti.<\/p>\n<h2>Perch\u00e9 scegliere la Katana Sanda\u00ef Kitetsu fatta a mano e come prendersene cura?<\/h2>\n<p>La Sanda\u00ef Kitetsu \u00e8 la scelta perfetta per ogni collezionista o amante delle spade di One Piece. La sua lavorazione artigianale, la qualit\u00e0 dei materiali e il design fedele al manga la rendono un pezzo eccezionale. Questa katana unisce bellezza, storia e mistero, incarnando lo spirito dei samurai. Per preservare la sua brillantezza, pulire regolarmente la lama con un panno morbido. Applicare un sottile strato di olio per prevenire la ruggine. Il fodero in legno laccato deve essere maneggiato con cura per evitare graffi. L'impugnatura in cotone deve essere mantenuta pulita e asciutta. Conservare la spada in un luogo asciutto, lontano dall'umidit\u00e0, per garantirne la longevit\u00e0. In conclusione, scegliendo la Sanda\u00ef Kitetsu, si adotta una lama leggendaria, per un tocco unico alla propria collezione.<\/p>","protected":false},"excerpt":{"rendered":"<p>Superba replica della katana di Zoro Sanda\u00ef Kitetsu in One Piece.<\/p>\n<ul>\n<li><strong>Interamente realizzato a mano<\/strong><\/li>\n<li>Lama in acciaio al carbonio con scanalatura <strong>pre-affilato<\/strong><\/li>\n<li>Fodero in legno laccato rosso con finiture dorate e treccia di cotone.<\/li>\n<li>Manico in pelle di pastinaca ricoperto di treccia di cotone rosso<\/li>\n<li>Fornito con una copertura protettiva.<\/li>\n<li>Lunghezza lama: 72,5 cm - Lunghezza totale: 106 cm<\/li>\n<li>Peso con fodero: 1266 gr<\/li>\n<\/ul>","protected":false},"featured_media":78306,"template":"","meta":[],"product_brand":[896],"product_cat":[123,36],"product_tag":[],"class_list":{"0":"post-78303","1":"product","2":"type-product","3":"status-publish","4":"has-post-thumbnail","6":"product_brand-replique-manga-cine","7":"product_cat-katana-en-metal-one-piece","8":"product_cat-katana-one-piece","10":"first","11":"outofstock","12":"taxable","13":"shipping-taxable","14":"purchasable","15":"product-type-simple"},"yoast_head":"<!-- This site is optimized with the Yoast SEO plugin v27.4 - https:\/\/yoast.com\/product\/yoast-seo-wordpress\/ -->\n<title>Katana Sanda\u00ef Kitetsu HandMade - One Piece | R\u00e9plique Manga Cin\u00e9<\/title>\n<meta name=\"description\" content=\"Magnifique r\u00e9plique du Katana Sanda\u00ef Kitetsu HandMade dans One Piece. Ce sabre de Zoro \u00e0 une lame en acier carbone. Fait \u00e0 la main. Fourreau laqu\u00e9 et d\u00e9cor\u00e9\" \/>\n<meta name=\"robots\" content=\"index, follow, max-snippet:-1, max-image-preview:large, max-video-preview:-1\" \/>\n<link rel=\"canonical\" href=\"https:\/\/repliquemangacine.fr\/it\/katana-monopezzo\/katana-sandai-kitetsu-fatto-a-mano-pezzo-unico\/\" \/>\n<meta property=\"og:locale\" content=\"it_IT\" \/>\n<meta property=\"og:type\" content=\"article\" \/>\n<meta property=\"og:title\" content=\"Katana Sanda\u00ef Kitetsu HandMade - One Piece | R\u00e9plique Manga Cin\u00e9\" \/>\n<meta property=\"og:description\" content=\"Magnifique r\u00e9plique du Katana Sanda\u00ef Kitetsu HandMade dans One Piece. Ce sabre de Zoro \u00e0 une lame en acier carbone. Fait \u00e0 la main. Fourreau laqu\u00e9 et d\u00e9cor\u00e9\" \/>\n<meta property=\"og:url\" content=\"https:\/\/repliquemangacine.fr\/it\/katana-monopezzo\/katana-sandai-kitetsu-fatto-a-mano-pezzo-unico\/\" \/>\n<meta property=\"og:site_name\" content=\"R\u00e9plique Manga Cin\u00e9\" \/>\n<meta property=\"article:publisher\" content=\"https:\/\/www.facebook.com\/RepliqueMangaCine\" \/>\n<meta property=\"article:modified_time\" content=\"2026-04-10T22:11:46+00:00\" \/>\n<meta property=\"og:image\" content=\"https:\/\/repliquemangacine.fr\/wp-content\/uploads\/2024\/11\/katana-sandai-kitetsu-one-piece.jpg\" \/>\n\t<meta property=\"og:image:width\" content=\"500\" \/>\n\t<meta property=\"og:image:height\" content=\"500\" \/>\n\t<meta property=\"og:image:type\" content=\"image\/jpeg\" \/>\n<meta name=\"twitter:card\" content=\"summary_large_image\" \/>\n<meta name=\"twitter:label1\" content=\"Tempo di lettura stimato\" \/>\n\t<meta name=\"twitter:data1\" content=\"3 minuti\" \/>\n<script type=\"application\/ld+json\" class=\"yoast-schema-graph\">{\"@context\":\"https:\\\/\\\/schema.org\",\"@graph\":[{\"@type\":\"WebPage\",\"@id\":\"https:\\\/\\\/repliquemangacine.fr\\\/katana-one-piece\\\/katana-sandai-kitetsu-handmade-one-piece\\\/\",\"url\":\"https:\\\/\\\/repliquemangacine.fr\\\/katana-one-piece\\\/katana-sandai-kitetsu-handmade-one-piece\\\/\",\"name\":\"Katana Sanda\u00ef Kitetsu HandMade - One Piece | R\u00e9plique Manga Cin\u00e9\",\"isPartOf\":{\"@id\":\"https:\\\/\\\/repliquemangacine.fr\\\/#website\"},\"primaryImageOfPage\":{\"@id\":\"https:\\\/\\\/repliquemangacine.fr\\\/katana-one-piece\\\/katana-sandai-kitetsu-handmade-one-piece\\\/#primaryimage\"},\"image\":{\"@id\":\"https:\\\/\\\/repliquemangacine.fr\\\/katana-one-piece\\\/katana-sandai-kitetsu-handmade-one-piece\\\/#primaryimage\"},\"thumbnailUrl\":\"https:\\\/\\\/repliquemangacine.fr\\\/wp-content\\\/uploads\\\/2024\\\/11\\\/katana-sandai-kitetsu-one-piece.jpg\",\"datePublished\":\"2024-11-23T15:56:58+00:00\",\"dateModified\":\"2026-04-10T22:11:46+00:00\",\"description\":\"Magnifique r\u00e9plique du Katana Sanda\u00ef Kitetsu HandMade dans One Piece. Ce sabre de Zoro \u00e0 une lame en acier carbone. Fait \u00e0 la main. Fourreau laqu\u00e9 et d\u00e9cor\u00e9\",\"breadcrumb\":{\"@id\":\"https:\\\/\\\/repliquemangacine.fr\\\/katana-one-piece\\\/katana-sandai-kitetsu-handmade-one-piece\\\/#breadcrumb\"},\"inLanguage\":\"it-IT\",\"potentialAction\":[{\"@type\":\"ReadAction\",\"target\":[\"https:\\\/\\\/repliquemangacine.fr\\\/katana-one-piece\\\/katana-sandai-kitetsu-handmade-one-piece\\\/\"]}]},{\"@type\":\"ImageObject\",\"inLanguage\":\"it-IT\",\"@id\":\"https:\\\/\\\/repliquemangacine.fr\\\/katana-one-piece\\\/katana-sandai-kitetsu-handmade-one-piece\\\/#primaryimage\",\"url\":\"https:\\\/\\\/repliquemangacine.fr\\\/wp-content\\\/uploads\\\/2024\\\/11\\\/katana-sandai-kitetsu-one-piece.jpg\",\"contentUrl\":\"https:\\\/\\\/repliquemangacine.fr\\\/wp-content\\\/uploads\\\/2024\\\/11\\\/katana-sandai-kitetsu-one-piece.jpg\",\"width\":500,\"height\":500,\"caption\":\"Katana Sanda\u00ef Kitetsu HandMade One Piece\"},{\"@type\":\"BreadcrumbList\",\"@id\":\"https:\\\/\\\/repliquemangacine.fr\\\/katana-one-piece\\\/katana-sandai-kitetsu-handmade-one-piece\\\/#breadcrumb\",\"itemListElement\":[{\"@type\":\"ListItem\",\"position\":1,\"name\":\"Accueil\",\"item\":\"https:\\\/\\\/repliquemangacine.fr\\\/\"},{\"@type\":\"ListItem\",\"position\":2,\"name\":\"Produits\",\"item\":\"https:\\\/\\\/repliquemangacine.fr\\\/boutique\\\/\"},{\"@type\":\"ListItem\",\"position\":3,\"name\":\"Katana Sanda\u00ef Kitetsu HandMade &#8211; One Piece\"}]},{\"@type\":\"WebSite\",\"@id\":\"https:\\\/\\\/repliquemangacine.fr\\\/#website\",\"url\":\"https:\\\/\\\/repliquemangacine.fr\\\/\",\"name\":\"R\u00e9plique Manga Cin\u00e9\",\"description\":\"\",\"publisher\":{\"@id\":\"https:\\\/\\\/repliquemangacine.fr\\\/#organization\"},\"potentialAction\":[{\"@type\":\"SearchAction\",\"target\":{\"@type\":\"EntryPoint\",\"urlTemplate\":\"https:\\\/\\\/repliquemangacine.fr\\\/?s={search_term_string}\"},\"query-input\":{\"@type\":\"PropertyValueSpecification\",\"valueRequired\":true,\"valueName\":\"search_term_string\"}}],\"inLanguage\":\"it-IT\"},{\"@type\":\"Organization\",\"@id\":\"https:\\\/\\\/repliquemangacine.fr\\\/#organization\",\"name\":\"R\u00e9plique Manga Cin\u00e9\",\"url\":\"https:\\\/\\\/repliquemangacine.fr\\\/\",\"logo\":{\"@type\":\"ImageObject\",\"inLanguage\":\"it-IT\",\"@id\":\"https:\\\/\\\/repliquemangacine.fr\\\/#\\\/schema\\\/logo\\\/image\\\/\",\"url\":\"https:\\\/\\\/repliquemangacine.fr\\\/wp-content\\\/uploads\\\/2023\\\/10\\\/RMC-500250.png\",\"contentUrl\":\"https:\\\/\\\/repliquemangacine.fr\\\/wp-content\\\/uploads\\\/2023\\\/10\\\/RMC-500250.png\",\"width\":500,\"height\":250,\"caption\":\"R\u00e9plique Manga Cin\u00e9\"},\"image\":{\"@id\":\"https:\\\/\\\/repliquemangacine.fr\\\/#\\\/schema\\\/logo\\\/image\\\/\"},\"sameAs\":[\"https:\\\/\\\/www.facebook.com\\\/RepliqueMangaCine\",\"https:\\\/\\\/www.instagram.com\\\/repliquemangacine.fr\\\/\"]}]}<\/script>\n<!-- \/ Yoast SEO plugin. -->","yoast_head_json":{"title":"Katana Sanda\u00ef Kitetsu fatta a mano - One Piece | R\u00e9plique Manga Cin\u00e9","description":"Magnifica replica della Katana Sanda\u00ef Kitetsu realizzata a mano in One Piece. Questa spada Zoro ha una lama in acciaio al carbonio. Fatta a mano. Fodero laccato e decorato.","robots":{"index":"index","follow":"follow","max-snippet":"max-snippet:-1","max-image-preview":"max-image-preview:large","max-video-preview":"max-video-preview:-1"},"canonical":"https:\/\/repliquemangacine.fr\/it\/katana-monopezzo\/katana-sandai-kitetsu-fatto-a-mano-pezzo-unico\/","og_locale":"it_IT","og_type":"article","og_title":"Katana Sanda\u00ef Kitetsu HandMade - One Piece | R\u00e9plique Manga Cin\u00e9","og_description":"Magnifique r\u00e9plique du Katana Sanda\u00ef Kitetsu HandMade dans One Piece. Ce sabre de Zoro \u00e0 une lame en acier carbone. Fait \u00e0 la main. Fourreau laqu\u00e9 et d\u00e9cor\u00e9","og_url":"https:\/\/repliquemangacine.fr\/it\/katana-monopezzo\/katana-sandai-kitetsu-fatto-a-mano-pezzo-unico\/","og_site_name":"R\u00e9plique Manga Cin\u00e9","article_publisher":"https:\/\/www.facebook.com\/RepliqueMangaCine","article_modified_time":"2026-04-10T22:11:46+00:00","og_image":[{"width":500,"height":500,"url":"https:\/\/repliquemangacine.fr\/wp-content\/uploads\/2024\/11\/katana-sandai-kitetsu-one-piece.jpg","type":"image\/jpeg"}],"twitter_card":"summary_large_image","twitter_misc":{"Tempo di lettura stimato":"3 minuti"},"schema":{"@context":"https:\/\/schema.org","@graph":[{"@type":"WebPage","@id":"https:\/\/repliquemangacine.fr\/katana-one-piece\/katana-sandai-kitetsu-handmade-one-piece\/","url":"https:\/\/repliquemangacine.fr\/katana-one-piece\/katana-sandai-kitetsu-handmade-one-piece\/","name":"Katana Sanda\u00ef Kitetsu fatta a mano - One Piece | R\u00e9plique Manga Cin\u00e9","isPartOf":{"@id":"https:\/\/repliquemangacine.fr\/#website"},"primaryImageOfPage":{"@id":"https:\/\/repliquemangacine.fr\/katana-one-piece\/katana-sandai-kitetsu-handmade-one-piece\/#primaryimage"},"image":{"@id":"https:\/\/repliquemangacine.fr\/katana-one-piece\/katana-sandai-kitetsu-handmade-one-piece\/#primaryimage"},"thumbnailUrl":"https:\/\/repliquemangacine.fr\/wp-content\/uploads\/2024\/11\/katana-sandai-kitetsu-one-piece.jpg","datePublished":"2024-11-23T15:56:58+00:00","dateModified":"2026-04-10T22:11:46+00:00","description":"Magnifica replica della Katana Sanda\u00ef Kitetsu realizzata a mano in One Piece. Questa spada Zoro ha una lama in acciaio al carbonio. Fatta a mano. Fodero laccato e decorato.","breadcrumb":{"@id":"https:\/\/repliquemangacine.fr\/katana-one-piece\/katana-sandai-kitetsu-handmade-one-piece\/#breadcrumb"},"inLanguage":"it-IT","potentialAction":[{"@type":"ReadAction","target":["https:\/\/repliquemangacine.fr\/katana-one-piece\/katana-sandai-kitetsu-handmade-one-piece\/"]}]},{"@type":"ImageObject","inLanguage":"it-IT","@id":"https:\/\/repliquemangacine.fr\/katana-one-piece\/katana-sandai-kitetsu-handmade-one-piece\/#primaryimage","url":"https:\/\/repliquemangacine.fr\/wp-content\/uploads\/2024\/11\/katana-sandai-kitetsu-one-piece.jpg","contentUrl":"https:\/\/repliquemangacine.fr\/wp-content\/uploads\/2024\/11\/katana-sandai-kitetsu-one-piece.jpg","width":500,"height":500,"caption":"Katana Sanda\u00ef Kitetsu HandMade One Piece"},{"@type":"BreadcrumbList","@id":"https:\/\/repliquemangacine.fr\/katana-one-piece\/katana-sandai-kitetsu-handmade-one-piece\/#breadcrumb","itemListElement":[{"@type":"ListItem","position":1,"name":"Accueil","item":"https:\/\/repliquemangacine.fr\/"},{"@type":"ListItem","position":2,"name":"Produits","item":"https:\/\/repliquemangacine.fr\/boutique\/"},{"@type":"ListItem","position":3,"name":"Katana Sanda\u00ef Kitetsu HandMade &#8211; One Piece"}]},{"@type":"WebSite","@id":"https:\/\/repliquemangacine.fr\/#website","url":"https:\/\/repliquemangacine.fr\/","name":"R\u00e9plique Manga Cin\u00e9","description":"","publisher":{"@id":"https:\/\/repliquemangacine.fr\/#organization"},"potentialAction":[{"@type":"SearchAction","target":{"@type":"EntryPoint","urlTemplate":"https:\/\/repliquemangacine.fr\/?s={search_term_string}"},"query-input":{"@type":"PropertyValueSpecification","valueRequired":true,"valueName":"search_term_string"}}],"inLanguage":"it-IT"},{"@type":"Organization","@id":"https:\/\/repliquemangacine.fr\/#organization","name":"R\u00e9plique Manga Cin\u00e9","url":"https:\/\/repliquemangacine.fr\/","logo":{"@type":"ImageObject","inLanguage":"it-IT","@id":"https:\/\/repliquemangacine.fr\/#\/schema\/logo\/image\/","url":"https:\/\/repliquemangacine.fr\/wp-content\/uploads\/2023\/10\/RMC-500250.png","contentUrl":"https:\/\/repliquemangacine.fr\/wp-content\/uploads\/2023\/10\/RMC-500250.png","width":500,"height":250,"caption":"R\u00e9plique Manga Cin\u00e9"},"image":{"@id":"https:\/\/repliquemangacine.fr\/#\/schema\/logo\/image\/"},"sameAs":["https:\/\/www.facebook.com\/RepliqueMangaCine","https:\/\/www.instagram.com\/repliquemangacine.fr\/"]}]}},"_links":{"self":[{"href":"https:\/\/repliquemangacine.fr\/it\/wp-json\/wp\/v2\/product\/78303","targetHints":{"allow":["GET"]}}],"collection":[{"href":"https:\/\/repliquemangacine.fr\/it\/wp-json\/wp\/v2\/product"}],"about":[{"href":"https:\/\/repliquemangacine.fr\/it\/wp-json\/wp\/v2\/types\/product"}],"wp:featuredmedia":[{"embeddable":true,"href":"https:\/\/repliquemangacine.fr\/it\/wp-json\/wp\/v2\/media\/78306"}],"wp:attachment":[{"href":"https:\/\/repliquemangacine.fr\/it\/wp-json\/wp\/v2\/media?parent=78303"}],"wp:term":[{"taxonomy":"product_brand","embeddable":true,"href":"https:\/\/repliquemangacine.fr\/it\/wp-json\/wp\/v2\/product_brand?post=78303"},{"taxonomy":"product_cat","embeddable":true,"href":"https:\/\/repliquemangacine.fr\/it\/wp-json\/wp\/v2\/product_cat?post=78303"},{"taxonomy":"product_tag","embeddable":true,"href":"https:\/\/repliquemangacine.fr\/it\/wp-json\/wp\/v2\/product_tag?post=78303"}],"curies":[{"name":"wp","href":"https:\/\/api.w.org\/{rel}","templated":true}]}}