





{"id":78295,"date":"2024-11-23T16:12:04","date_gmt":"2024-11-23T15:12:04","guid":{"rendered":"https:\/\/repliquemangacine.fr\/?post_type=product&#038;p=78295"},"modified":"2026-04-12T06:16:11","modified_gmt":"2026-04-12T04:16:11","slug":"katana-wado-ichimonji-fatto-a-mano-pezzo-unico","status":"publish","type":"product","link":"https:\/\/repliquemangacine.fr\/it\/katana-en-metal-one-piece\/katana-wado-ichimonji-handmade-one-piece\/","title":{"rendered":"Katana Wado Ichimonji fatta a mano - Pezzo unico"},"content":{"rendered":"<h2>La Katana Wado Ichimonji fatta a mano: l'eredit\u00e0 di Roronoa Zoro<\/h2>\n<p>La prima \u00e8 la katana Wado Ichimonji HandMade, l'iconica spada di Roronoa Zoro in One Piece. Pi\u00f9 che un'arma, \u00e8 un simbolo di onore e lealt\u00e0. Rinomata per la sua forza e precisione, questa katana \u00e8 una delle 21 \u014c Wazamono, lame di qualit\u00e0 superiore. Interamente realizzata a mano, presenta una lama in acciaio al carbonio pre-affilata, ideale per gli amanti del realismo e dell'autenticit\u00e0. Il fodero in legno laccato bianco \u00e8 un omaggio alla sua eleganza, mentre l'impugnatura rivestita in pelle di pastinaca intrecciata in cotone bianco assicura una presa perfetta. A proposito, <a href=\"https:\/\/onepiece.fandom.com\/fr\/wiki\/Roronoa_Zoro\" target=\"_blank\" rel=\"noopener noreferrer\">Zoro<\/a> La tiene tra i denti, incarnando la potenza e la disciplina di uno spadaccino impareggiabile. Questa fedele replica far\u00e0 la gioia dei fan che desiderano fare proprio un pezzo di questa leggenda.<\/p>\n<h2>Altre spade mitiche di One Piece<\/h2>\n<p>Nell'universo di One Piece, le spade di Zoro e dei suoi compagni hanno un'aura unica. In primo luogo, le <a href=\"https:\/\/repliquemangacine.fr\/it\/videogiochi-manga-replica\/katana-shusui-zoro-pezzo-unico\/\">Katana Shusui<\/a>conosciuta anche come la Maledetta, \u00e8 una temibile lama nera. Conosciuta per la sua forza e la sua misteriosa maledizione. Poi, la <a href=\"https:\/\/repliquemangacine.fr\/it\/videogiochi-manga-replica\/spada-katana-sandai-kitetsu-zoro\/\">Sanda\u00ef Kitetsu<\/a>una macchina notoriamente pericolosa, sfida i suoi utenti con la sua leggendaria sfortuna. Per quanto riguarda il <a href=\"https:\/\/repliquemangacine.fr\/it\/videogiochi-manga-replica\/costume-intero-enma-katana-viola\/\">Enma katana<\/a>noto per la sua incredibile capacit\u00e0 di attingere all'energia vitale di chi lo indossa, richiedendo un controllo perfetto. Infine, non dimentichiamo il <a href=\"https:\/\/repliquemangacine.fr\/it\/videogiochi-manga-replica\/costume-intero-katana-trafalgar-law-viola\/\">Spada di Trafalgar Law<\/a>Un nodachi dalle proporzioni imponenti e una guardia di pelliccia. Queste lame incarnano la storia e i valori dei personaggi che le impugnano. Scoprite queste repliche per completare la vostra collezione e immergervi nell'affascinante mondo dei samurai di One Piece.<\/p>\n<h2>Perch\u00e9 scegliere la Katana artigianale Wado Ichimonji e come prendersene cura?<\/h2>\n<p>Il Wado Ichimonji non \u00e8 una semplice katana, \u00e8 un pezzo eccezionale per ogni appassionato o collezionista. La sua lavorazione artigianale, i materiali pregiati e i dettagli accurati lo rendono un oggetto unico da possedere. Che siate appassionati di arti marziali o amanti dell'arredamento, questa spada dar\u00e0 un tocco di autenticit\u00e0 e storia alla vostra collezione.<\/p>\n<p>Per mantenerlo in buono stato, pulite regolarmente la lama con un panno morbido e applicate un olio protettivo per evitare l'ossidazione. Riponetelo nel suo fodero di legno per proteggerlo dagli agenti atmosferici e maneggiatelo con cura per preservarne lo stato. In conclusione, con il Wado Ichimonji, una parte del mondo di One Piece prende vita nella vostra casa.<\/p>","protected":false},"excerpt":{"rendered":"<p>Replica eccellente della katana di Zoro Ichimonji in One Piece.<\/p>\n<ul>\n<li><strong>Interamente realizzato a mano<\/strong><\/li>\n<li>Lama in acciaio al carbonio con scanalatura <strong>pre-affilato<\/strong><\/li>\n<li>Fodero in legno laccato bianco<\/li>\n<li>Manico in pelle di pastinaca rivestito con treccia di cotone bianco<\/li>\n<li>Fornito con una copertura protettiva.<\/li>\n<li>Lunghezza lama: 72,5 cm - Lunghezza totale: 105 cm<\/li>\n<li>Peso con fodero: 1306 gr<\/li>\n<\/ul>","protected":false},"featured_media":78296,"template":"","meta":[],"product_brand":[896],"product_cat":[123,36],"product_tag":[],"class_list":{"0":"post-78295","1":"product","2":"type-product","3":"status-publish","4":"has-post-thumbnail","6":"product_brand-replique-manga-cine","7":"product_cat-katana-en-metal-one-piece","8":"product_cat-katana-one-piece","10":"first","11":"instock","12":"taxable","13":"shipping-taxable","14":"purchasable","15":"product-type-simple"},"yoast_head":"<!-- This site is optimized with the Yoast SEO plugin v27.5 - https:\/\/yoast.com\/product\/yoast-seo-wordpress\/ -->\n<title>Katana Wado Ichimonji HandMade - One Piece - R\u00e9plique Manga Cin\u00e9<\/title>\n<meta name=\"description\" content=\"Superbe r\u00e9plique du Katana Wado Ichimonji Handmade dans One Piece. Lame en acier carbone pr\u00e9-aff\u00fbt\u00e9e. Enti\u00e8rement fait \u00e0 la main. Fourreau laqu\u00e9. 105 cm\" \/>\n<meta name=\"robots\" content=\"index, follow, max-snippet:-1, max-image-preview:large, max-video-preview:-1\" \/>\n<link rel=\"canonical\" href=\"https:\/\/repliquemangacine.fr\/it\/katana-in-metallo-monopezzo\/katana-wado-ichimonji-fatto-a-mano-pezzo-unico\/\" \/>\n<meta property=\"og:locale\" content=\"it_IT\" \/>\n<meta property=\"og:type\" content=\"article\" \/>\n<meta property=\"og:title\" content=\"Katana Wado Ichimonji HandMade - One Piece - R\u00e9plique Manga Cin\u00e9\" \/>\n<meta property=\"og:description\" content=\"Superbe r\u00e9plique du Katana Wado Ichimonji Handmade dans One Piece. Lame en acier carbone pr\u00e9-aff\u00fbt\u00e9e. Enti\u00e8rement fait \u00e0 la main. Fourreau laqu\u00e9. 105 cm\" \/>\n<meta property=\"og:url\" content=\"https:\/\/repliquemangacine.fr\/it\/katana-in-metallo-monopezzo\/katana-wado-ichimonji-fatto-a-mano-pezzo-unico\/\" \/>\n<meta property=\"og:site_name\" content=\"R\u00e9plique Manga Cin\u00e9\" \/>\n<meta property=\"article:publisher\" content=\"https:\/\/www.facebook.com\/RepliqueMangaCine\" \/>\n<meta property=\"article:modified_time\" content=\"2026-04-12T04:16:11+00:00\" \/>\n<meta property=\"og:image\" content=\"https:\/\/repliquemangacine.fr\/wp-content\/uploads\/2024\/11\/katana-wado-ichimonji.jpg\" \/>\n\t<meta property=\"og:image:width\" content=\"500\" \/>\n\t<meta property=\"og:image:height\" content=\"500\" \/>\n\t<meta property=\"og:image:type\" content=\"image\/jpeg\" \/>\n<meta name=\"twitter:card\" content=\"summary_large_image\" \/>\n<meta name=\"twitter:label1\" content=\"Tempo di lettura stimato\" \/>\n\t<meta name=\"twitter:data1\" content=\"3 minuti\" \/>\n<script type=\"application\/ld+json\" class=\"yoast-schema-graph\">{\"@context\":\"https:\\\/\\\/schema.org\",\"@graph\":[{\"@type\":\"WebPage\",\"@id\":\"https:\\\/\\\/repliquemangacine.fr\\\/katana-en-metal-one-piece\\\/katana-wado-ichimonji-handmade-one-piece\\\/\",\"url\":\"https:\\\/\\\/repliquemangacine.fr\\\/katana-en-metal-one-piece\\\/katana-wado-ichimonji-handmade-one-piece\\\/\",\"name\":\"Katana Wado Ichimonji HandMade - One Piece - R\u00e9plique Manga Cin\u00e9\",\"isPartOf\":{\"@id\":\"https:\\\/\\\/repliquemangacine.fr\\\/#website\"},\"primaryImageOfPage\":{\"@id\":\"https:\\\/\\\/repliquemangacine.fr\\\/katana-en-metal-one-piece\\\/katana-wado-ichimonji-handmade-one-piece\\\/#primaryimage\"},\"image\":{\"@id\":\"https:\\\/\\\/repliquemangacine.fr\\\/katana-en-metal-one-piece\\\/katana-wado-ichimonji-handmade-one-piece\\\/#primaryimage\"},\"thumbnailUrl\":\"https:\\\/\\\/repliquemangacine.fr\\\/wp-content\\\/uploads\\\/2024\\\/11\\\/katana-wado-ichimonji.jpg\",\"datePublished\":\"2024-11-23T15:12:04+00:00\",\"dateModified\":\"2026-04-12T04:16:11+00:00\",\"description\":\"Superbe r\u00e9plique du Katana Wado Ichimonji Handmade dans One Piece. Lame en acier carbone pr\u00e9-aff\u00fbt\u00e9e. Enti\u00e8rement fait \u00e0 la main. Fourreau laqu\u00e9. 105 cm\",\"breadcrumb\":{\"@id\":\"https:\\\/\\\/repliquemangacine.fr\\\/katana-en-metal-one-piece\\\/katana-wado-ichimonji-handmade-one-piece\\\/#breadcrumb\"},\"inLanguage\":\"it-IT\",\"potentialAction\":[{\"@type\":\"ReadAction\",\"target\":[\"https:\\\/\\\/repliquemangacine.fr\\\/katana-en-metal-one-piece\\\/katana-wado-ichimonji-handmade-one-piece\\\/\"]}]},{\"@type\":\"ImageObject\",\"inLanguage\":\"it-IT\",\"@id\":\"https:\\\/\\\/repliquemangacine.fr\\\/katana-en-metal-one-piece\\\/katana-wado-ichimonji-handmade-one-piece\\\/#primaryimage\",\"url\":\"https:\\\/\\\/repliquemangacine.fr\\\/wp-content\\\/uploads\\\/2024\\\/11\\\/katana-wado-ichimonji.jpg\",\"contentUrl\":\"https:\\\/\\\/repliquemangacine.fr\\\/wp-content\\\/uploads\\\/2024\\\/11\\\/katana-wado-ichimonji.jpg\",\"width\":500,\"height\":500,\"caption\":\"Katana Wado Ichimonji Handmade\"},{\"@type\":\"BreadcrumbList\",\"@id\":\"https:\\\/\\\/repliquemangacine.fr\\\/katana-en-metal-one-piece\\\/katana-wado-ichimonji-handmade-one-piece\\\/#breadcrumb\",\"itemListElement\":[{\"@type\":\"ListItem\",\"position\":1,\"name\":\"Accueil\",\"item\":\"https:\\\/\\\/repliquemangacine.fr\\\/\"},{\"@type\":\"ListItem\",\"position\":2,\"name\":\"Produits\",\"item\":\"https:\\\/\\\/repliquemangacine.fr\\\/boutique\\\/\"},{\"@type\":\"ListItem\",\"position\":3,\"name\":\"Katana Wado Ichimonji HandMade &#8211; One Piece\"}]},{\"@type\":\"WebSite\",\"@id\":\"https:\\\/\\\/repliquemangacine.fr\\\/#website\",\"url\":\"https:\\\/\\\/repliquemangacine.fr\\\/\",\"name\":\"R\u00e9plique Manga Cin\u00e9\",\"description\":\"\",\"publisher\":{\"@id\":\"https:\\\/\\\/repliquemangacine.fr\\\/#organization\"},\"potentialAction\":[{\"@type\":\"SearchAction\",\"target\":{\"@type\":\"EntryPoint\",\"urlTemplate\":\"https:\\\/\\\/repliquemangacine.fr\\\/?s={search_term_string}\"},\"query-input\":{\"@type\":\"PropertyValueSpecification\",\"valueRequired\":true,\"valueName\":\"search_term_string\"}}],\"inLanguage\":\"it-IT\"},{\"@type\":\"Organization\",\"@id\":\"https:\\\/\\\/repliquemangacine.fr\\\/#organization\",\"name\":\"R\u00e9plique Manga Cin\u00e9\",\"url\":\"https:\\\/\\\/repliquemangacine.fr\\\/\",\"logo\":{\"@type\":\"ImageObject\",\"inLanguage\":\"it-IT\",\"@id\":\"https:\\\/\\\/repliquemangacine.fr\\\/#\\\/schema\\\/logo\\\/image\\\/\",\"url\":\"https:\\\/\\\/repliquemangacine.fr\\\/wp-content\\\/uploads\\\/2023\\\/10\\\/RMC-500250.png\",\"contentUrl\":\"https:\\\/\\\/repliquemangacine.fr\\\/wp-content\\\/uploads\\\/2023\\\/10\\\/RMC-500250.png\",\"width\":500,\"height\":250,\"caption\":\"R\u00e9plique Manga Cin\u00e9\"},\"image\":{\"@id\":\"https:\\\/\\\/repliquemangacine.fr\\\/#\\\/schema\\\/logo\\\/image\\\/\"},\"sameAs\":[\"https:\\\/\\\/www.facebook.com\\\/RepliqueMangaCine\",\"https:\\\/\\\/www.instagram.com\\\/repliquemangacine.fr\\\/\"]}]}<\/script>\n<!-- \/ Yoast SEO plugin. -->","yoast_head_json":{"title":"Katana Wado Ichimonji fatta a mano - Un pezzo - R\u00e9plique Manga Cin\u00e9","description":"Splendida replica della Katana artigianale Wado Ichimonji di One Piece. Lama in acciaio al carbonio pre-affilata. Interamente realizzata a mano. Fodero laccato. 105 cm","robots":{"index":"index","follow":"follow","max-snippet":"max-snippet:-1","max-image-preview":"max-image-preview:large","max-video-preview":"max-video-preview:-1"},"canonical":"https:\/\/repliquemangacine.fr\/it\/katana-in-metallo-monopezzo\/katana-wado-ichimonji-fatto-a-mano-pezzo-unico\/","og_locale":"it_IT","og_type":"article","og_title":"Katana Wado Ichimonji HandMade - One Piece - R\u00e9plique Manga Cin\u00e9","og_description":"Superbe r\u00e9plique du Katana Wado Ichimonji Handmade dans One Piece. Lame en acier carbone pr\u00e9-aff\u00fbt\u00e9e. Enti\u00e8rement fait \u00e0 la main. Fourreau laqu\u00e9. 105 cm","og_url":"https:\/\/repliquemangacine.fr\/it\/katana-in-metallo-monopezzo\/katana-wado-ichimonji-fatto-a-mano-pezzo-unico\/","og_site_name":"R\u00e9plique Manga Cin\u00e9","article_publisher":"https:\/\/www.facebook.com\/RepliqueMangaCine","article_modified_time":"2026-04-12T04:16:11+00:00","og_image":[{"width":500,"height":500,"url":"https:\/\/repliquemangacine.fr\/wp-content\/uploads\/2024\/11\/katana-wado-ichimonji.jpg","type":"image\/jpeg"}],"twitter_card":"summary_large_image","twitter_misc":{"Tempo di lettura stimato":"3 minuti"},"schema":{"@context":"https:\/\/schema.org","@graph":[{"@type":"WebPage","@id":"https:\/\/repliquemangacine.fr\/katana-en-metal-one-piece\/katana-wado-ichimonji-handmade-one-piece\/","url":"https:\/\/repliquemangacine.fr\/katana-en-metal-one-piece\/katana-wado-ichimonji-handmade-one-piece\/","name":"Katana Wado Ichimonji fatta a mano - Un pezzo - R\u00e9plique Manga Cin\u00e9","isPartOf":{"@id":"https:\/\/repliquemangacine.fr\/#website"},"primaryImageOfPage":{"@id":"https:\/\/repliquemangacine.fr\/katana-en-metal-one-piece\/katana-wado-ichimonji-handmade-one-piece\/#primaryimage"},"image":{"@id":"https:\/\/repliquemangacine.fr\/katana-en-metal-one-piece\/katana-wado-ichimonji-handmade-one-piece\/#primaryimage"},"thumbnailUrl":"https:\/\/repliquemangacine.fr\/wp-content\/uploads\/2024\/11\/katana-wado-ichimonji.jpg","datePublished":"2024-11-23T15:12:04+00:00","dateModified":"2026-04-12T04:16:11+00:00","description":"Splendida replica della Katana artigianale Wado Ichimonji di One Piece. Lama in acciaio al carbonio pre-affilata. Interamente realizzata a mano. Fodero laccato. 105 cm","breadcrumb":{"@id":"https:\/\/repliquemangacine.fr\/katana-en-metal-one-piece\/katana-wado-ichimonji-handmade-one-piece\/#breadcrumb"},"inLanguage":"it-IT","potentialAction":[{"@type":"ReadAction","target":["https:\/\/repliquemangacine.fr\/katana-en-metal-one-piece\/katana-wado-ichimonji-handmade-one-piece\/"]}]},{"@type":"ImageObject","inLanguage":"it-IT","@id":"https:\/\/repliquemangacine.fr\/katana-en-metal-one-piece\/katana-wado-ichimonji-handmade-one-piece\/#primaryimage","url":"https:\/\/repliquemangacine.fr\/wp-content\/uploads\/2024\/11\/katana-wado-ichimonji.jpg","contentUrl":"https:\/\/repliquemangacine.fr\/wp-content\/uploads\/2024\/11\/katana-wado-ichimonji.jpg","width":500,"height":500,"caption":"Katana Wado Ichimonji Handmade"},{"@type":"BreadcrumbList","@id":"https:\/\/repliquemangacine.fr\/katana-en-metal-one-piece\/katana-wado-ichimonji-handmade-one-piece\/#breadcrumb","itemListElement":[{"@type":"ListItem","position":1,"name":"Accueil","item":"https:\/\/repliquemangacine.fr\/"},{"@type":"ListItem","position":2,"name":"Produits","item":"https:\/\/repliquemangacine.fr\/boutique\/"},{"@type":"ListItem","position":3,"name":"Katana Wado Ichimonji HandMade &#8211; One Piece"}]},{"@type":"WebSite","@id":"https:\/\/repliquemangacine.fr\/#website","url":"https:\/\/repliquemangacine.fr\/","name":"R\u00e9plique Manga Cin\u00e9","description":"","publisher":{"@id":"https:\/\/repliquemangacine.fr\/#organization"},"potentialAction":[{"@type":"SearchAction","target":{"@type":"EntryPoint","urlTemplate":"https:\/\/repliquemangacine.fr\/?s={search_term_string}"},"query-input":{"@type":"PropertyValueSpecification","valueRequired":true,"valueName":"search_term_string"}}],"inLanguage":"it-IT"},{"@type":"Organization","@id":"https:\/\/repliquemangacine.fr\/#organization","name":"R\u00e9plique Manga Cin\u00e9","url":"https:\/\/repliquemangacine.fr\/","logo":{"@type":"ImageObject","inLanguage":"it-IT","@id":"https:\/\/repliquemangacine.fr\/#\/schema\/logo\/image\/","url":"https:\/\/repliquemangacine.fr\/wp-content\/uploads\/2023\/10\/RMC-500250.png","contentUrl":"https:\/\/repliquemangacine.fr\/wp-content\/uploads\/2023\/10\/RMC-500250.png","width":500,"height":250,"caption":"R\u00e9plique Manga Cin\u00e9"},"image":{"@id":"https:\/\/repliquemangacine.fr\/#\/schema\/logo\/image\/"},"sameAs":["https:\/\/www.facebook.com\/RepliqueMangaCine","https:\/\/www.instagram.com\/repliquemangacine.fr\/"]}]}},"_links":{"self":[{"href":"https:\/\/repliquemangacine.fr\/it\/wp-json\/wp\/v2\/product\/78295","targetHints":{"allow":["GET"]}}],"collection":[{"href":"https:\/\/repliquemangacine.fr\/it\/wp-json\/wp\/v2\/product"}],"about":[{"href":"https:\/\/repliquemangacine.fr\/it\/wp-json\/wp\/v2\/types\/product"}],"wp:featuredmedia":[{"embeddable":true,"href":"https:\/\/repliquemangacine.fr\/it\/wp-json\/wp\/v2\/media\/78296"}],"wp:attachment":[{"href":"https:\/\/repliquemangacine.fr\/it\/wp-json\/wp\/v2\/media?parent=78295"}],"wp:term":[{"taxonomy":"product_brand","embeddable":true,"href":"https:\/\/repliquemangacine.fr\/it\/wp-json\/wp\/v2\/product_brand?post=78295"},{"taxonomy":"product_cat","embeddable":true,"href":"https:\/\/repliquemangacine.fr\/it\/wp-json\/wp\/v2\/product_cat?post=78295"},{"taxonomy":"product_tag","embeddable":true,"href":"https:\/\/repliquemangacine.fr\/it\/wp-json\/wp\/v2\/product_tag?post=78295"}],"curies":[{"name":"wp","href":"https:\/\/api.w.org\/{rel}","templated":true}]}}