





{"id":78221,"date":"2024-11-21T19:26:25","date_gmt":"2024-11-21T18:26:25","guid":{"rendered":"https:\/\/repliquemangacine.fr\/?post_type=product&#038;p=78221"},"modified":"2025-11-29T20:02:56","modified_gmt":"2025-11-29T19:02:56","slug":"9-coltelli-da-lancio-e-astuccio","status":"publish","type":"product","link":"https:\/\/repliquemangacine.fr\/it\/kunai-et-shuriken-naruto\/9-couteaux-a-lancer-et-pochette\/","title":{"rendered":"9 coltelli da lancio e astuccio"},"content":{"rendered":"<h2>Coltelli da lancio con custodia, design giapponese<\/h2>\n<p>Scoprite innanzitutto l'eleganza e la precisione incarnate in questo esclusivo set di 9 coltelli da lancio. Ispirati all'arte tradizionale giapponese, ogni coltello reca inciso sul metallo un segno giapponese distintivo, simbolo di potenza, armonia e maestria.<\/p>\n<p>Questi coltelli, realizzati in metallo in un unico pezzo, offrono una robustezza e una stabilit\u00e0 eccezionali durante il lancio. Impugnatura impreziosita da un cordino rosso, che unisce stile e funzionalit\u00e0 per una presa ottimale.<\/p>\n<p>Il tutto \u00e8 riposto con cura in una custodia in cordura nera, resistente e pratica. Regolabile, pu\u00f2 essere indossata sia sulla coscia che sul braccio, per un accesso rapido e uno stile marziale deciso.<\/p>\n<h2>Scoprite i nostri prodotti ispirati all'universo di Naruto: Kunais, Shuriken e Lame Chakra<\/h2>\n<p>Immergetevi nell'affascinante mondo di Naruto con la nostra gamma di repliche delle armi iconiche della serie! Le nostre repliche imperdibili includono il <a href=\"https:\/\/repliquemangacine.fr\/it\/naruto-kunai-e-shuriken\/set-di-3-naruto-kunai\/\">set di 3 kunei<\/a> Consegnato in una pratica custodia. Ideale per gli appassionati che vogliono imparare a lanciare o arricchire la propria collezione. Per i collezionisti appassionati, offriamo anche il <a href=\"https:\/\/repliquemangacine.fr\/it\/naruto-kunai-e-shuriken\/naruto-kunai-grande\/\">kunai grande<\/a> di 25 cm. Un pezzo da esposizione imponente, perfetto per mostrare il tuo attaccamento a questo universo mitico.<\/p>\n<p>Ti piacciono l'agilit\u00e0 e la precisione dei ninja? Lasciati conquistare dai nostri shuriken in metallo, perfettamente bilanciati e riprendenti i classici design dell'anime. Infine, gli appassionati di Asuma Sarutobi saranno felici di scoprire le repliche dei <a href=\"https:\/\/repliquemangacine.fr\/it\/naruto-kunai-e-shuriken\/lama-di-chakra-asuma\/\">lame di chakra<\/a>, riprodotte fedelmente con dettagli minuziosi, ideali per completare un cosplay o arricchire una collezione.<\/p>\n<p>Per concludere, ogni prodotto \u00e8 stato accuratamente progettato per combinare qualit\u00e0, autenticit\u00e0 e passione. Che sia per uso decorativo, per allenamenti o per incarnare i vostri personaggi preferiti, la nostra selezione soddisfer\u00e0 tutte le vostre aspettative. Aggiungete un tocco di <a href=\"https:\/\/naruto.fandom.com\/wiki\/Narutopedia\" target=\"_blank\" rel=\"noopener noreferrer\">Naruto<\/a> e unisciti ai ranghi dei leggendari ninja!<\/p>\n<h2>Come prendersi cura dei propri 9 coltelli da lancio<\/h2>\n<p>Per garantire la longevit\u00e0 e le prestazioni dei vostri 9 coltelli da lancio, \u00e8 indispensabile una manutenzione regolare. Questi pezzi, interamente realizzati in metallo in un unico pezzo, sono robusti. Tuttavia, gli impatti ripetuti e le condizioni ambientali possono comprometterne lo stato se non vengono sottoposti a una corretta manutenzione.<\/p>\n<p>Iniziate pulendo le lame dopo ogni utilizzo per rimuovere residui, polvere o umidit\u00e0 che potrebbero causare corrosione. Utilizzate un panno morbido leggermente inumidito, quindi asciugate completamente per evitare la formazione di ruggine. Se le utilizzate frequentemente all'aperto, ricordate di applicare un sottile strato di\u2019<a href=\"https:\/\/repliquemangacine.fr\/it\/armi-storiche\/olio-universale-ballistol\/\">Olio Ballistoll<\/a> per proteggere le lame dall'ossidazione.<\/p>\n<p>Seguendo questi semplici consigli, i vostri coltelli non solo rimarranno funzionali, ma anche visivamente impeccabili, pronti a stupire durante le vostre sessioni di lancio o come pezzi da collezione.<\/p>\n<p>&nbsp;<\/p>","protected":false},"excerpt":{"rendered":"<p>Magnifico set da 10 pezzi, comprendente 9 coltelli da lancio e astuccio.<\/p>\n<ul>\n<li>Lama in acciaio inox 440 non affilata<\/li>\n<li>Costruzione a codolo pieno<\/li>\n<li>Ogni coltello ha il suo segno giapponese.<\/li>\n<li>Impugnatura rivestita di corda rossa<\/li>\n<li>Marsupio a 9 posti, regolabile per il braccio o la coscia<\/li>\n<li>Lunghezza di ogni coltello: 15 cm<\/li>\n<\/ul>","protected":false},"featured_media":78222,"template":"","meta":[],"product_brand":[896],"product_cat":[894,108,42],"product_tag":[],"class_list":{"0":"post-78221","1":"product","2":"type-product","3":"status-publish","4":"has-post-thumbnail","6":"product_brand-replique-manga-cine","7":"product_cat-couteaux-de-lancer-et-etoiles","8":"product_cat-kunai-et-shuriken-naruto","9":"product_cat-katana-goodies-naruto-kunai","11":"first","12":"instock","13":"taxable","14":"shipping-taxable","15":"purchasable","16":"product-type-simple"},"yoast_head":"<!-- This site is optimized with the Yoast SEO plugin v27.4 - https:\/\/yoast.com\/product\/yoast-seo-wordpress\/ -->\n<title>9 Couteaux \u00e0 lancer et pochette - R\u00e9plique Manga Cin\u00e9<\/title>\n<meta name=\"description\" content=\"Superbe set de 9 Couteaux \u00e0 lancer avec pochette de rangement. Tout en acier 440 stainless. Signe Japonais sur chaque couteau. Longueur totale : 15 cm\" \/>\n<meta name=\"robots\" content=\"index, follow, max-snippet:-1, max-image-preview:large, max-video-preview:-1\" \/>\n<link rel=\"canonical\" href=\"https:\/\/repliquemangacine.fr\/it\/naruto-kunai-e-shuriken\/9-coltelli-da-lancio-e-astuccio\/\" \/>\n<meta property=\"og:locale\" content=\"it_IT\" \/>\n<meta property=\"og:type\" content=\"article\" \/>\n<meta property=\"og:title\" content=\"9 Couteaux \u00e0 lancer et pochette - R\u00e9plique Manga Cin\u00e9\" \/>\n<meta property=\"og:description\" content=\"Superbe set de 9 Couteaux \u00e0 lancer avec pochette de rangement. Tout en acier 440 stainless. Signe Japonais sur chaque couteau. Longueur totale : 15 cm\" \/>\n<meta property=\"og:url\" content=\"https:\/\/repliquemangacine.fr\/it\/naruto-kunai-e-shuriken\/9-coltelli-da-lancio-e-astuccio\/\" \/>\n<meta property=\"og:site_name\" content=\"R\u00e9plique Manga Cin\u00e9\" \/>\n<meta property=\"article:publisher\" content=\"https:\/\/www.facebook.com\/RepliqueMangaCine\" \/>\n<meta property=\"article:modified_time\" content=\"2025-11-29T19:02:56+00:00\" \/>\n<meta property=\"og:image\" content=\"https:\/\/repliquemangacine.fr\/wp-content\/uploads\/2024\/11\/couteau-a-lancer-ensemble-de-10-pieces.jpg\" \/>\n\t<meta property=\"og:image:width\" content=\"500\" \/>\n\t<meta property=\"og:image:height\" content=\"500\" \/>\n\t<meta property=\"og:image:type\" content=\"image\/jpeg\" \/>\n<meta name=\"twitter:card\" content=\"summary_large_image\" \/>\n<meta name=\"twitter:label1\" content=\"Tempo di lettura stimato\" \/>\n\t<meta name=\"twitter:data1\" content=\"3 minuti\" \/>\n<script type=\"application\/ld+json\" class=\"yoast-schema-graph\">{\"@context\":\"https:\\\/\\\/schema.org\",\"@graph\":[{\"@type\":\"WebPage\",\"@id\":\"https:\\\/\\\/repliquemangacine.fr\\\/kunai-et-shuriken-naruto\\\/9-couteaux-a-lancer-et-pochette\\\/\",\"url\":\"https:\\\/\\\/repliquemangacine.fr\\\/kunai-et-shuriken-naruto\\\/9-couteaux-a-lancer-et-pochette\\\/\",\"name\":\"9 Couteaux \u00e0 lancer et pochette - R\u00e9plique Manga Cin\u00e9\",\"isPartOf\":{\"@id\":\"https:\\\/\\\/repliquemangacine.fr\\\/#website\"},\"primaryImageOfPage\":{\"@id\":\"https:\\\/\\\/repliquemangacine.fr\\\/kunai-et-shuriken-naruto\\\/9-couteaux-a-lancer-et-pochette\\\/#primaryimage\"},\"image\":{\"@id\":\"https:\\\/\\\/repliquemangacine.fr\\\/kunai-et-shuriken-naruto\\\/9-couteaux-a-lancer-et-pochette\\\/#primaryimage\"},\"thumbnailUrl\":\"https:\\\/\\\/repliquemangacine.fr\\\/wp-content\\\/uploads\\\/2024\\\/11\\\/couteau-a-lancer-ensemble-de-10-pieces.jpg\",\"datePublished\":\"2024-11-21T18:26:25+00:00\",\"dateModified\":\"2025-11-29T19:02:56+00:00\",\"description\":\"Superbe set de 9 Couteaux \u00e0 lancer avec pochette de rangement. Tout en acier 440 stainless. Signe Japonais sur chaque couteau. Longueur totale : 15 cm\",\"breadcrumb\":{\"@id\":\"https:\\\/\\\/repliquemangacine.fr\\\/kunai-et-shuriken-naruto\\\/9-couteaux-a-lancer-et-pochette\\\/#breadcrumb\"},\"inLanguage\":\"it-IT\",\"potentialAction\":[{\"@type\":\"ReadAction\",\"target\":[\"https:\\\/\\\/repliquemangacine.fr\\\/kunai-et-shuriken-naruto\\\/9-couteaux-a-lancer-et-pochette\\\/\"]}]},{\"@type\":\"ImageObject\",\"inLanguage\":\"it-IT\",\"@id\":\"https:\\\/\\\/repliquemangacine.fr\\\/kunai-et-shuriken-naruto\\\/9-couteaux-a-lancer-et-pochette\\\/#primaryimage\",\"url\":\"https:\\\/\\\/repliquemangacine.fr\\\/wp-content\\\/uploads\\\/2024\\\/11\\\/couteau-a-lancer-ensemble-de-10-pieces.jpg\",\"contentUrl\":\"https:\\\/\\\/repliquemangacine.fr\\\/wp-content\\\/uploads\\\/2024\\\/11\\\/couteau-a-lancer-ensemble-de-10-pieces.jpg\",\"width\":500,\"height\":500,\"caption\":\"9 couteaux \u00e0 lancer avec pochette\"},{\"@type\":\"BreadcrumbList\",\"@id\":\"https:\\\/\\\/repliquemangacine.fr\\\/kunai-et-shuriken-naruto\\\/9-couteaux-a-lancer-et-pochette\\\/#breadcrumb\",\"itemListElement\":[{\"@type\":\"ListItem\",\"position\":1,\"name\":\"Accueil\",\"item\":\"https:\\\/\\\/repliquemangacine.fr\\\/\"},{\"@type\":\"ListItem\",\"position\":2,\"name\":\"Produits\",\"item\":\"https:\\\/\\\/repliquemangacine.fr\\\/boutique\\\/\"},{\"@type\":\"ListItem\",\"position\":3,\"name\":\"9 Couteaux \u00e0 lancer et pochette\"}]},{\"@type\":\"WebSite\",\"@id\":\"https:\\\/\\\/repliquemangacine.fr\\\/#website\",\"url\":\"https:\\\/\\\/repliquemangacine.fr\\\/\",\"name\":\"R\u00e9plique Manga Cin\u00e9\",\"description\":\"\",\"publisher\":{\"@id\":\"https:\\\/\\\/repliquemangacine.fr\\\/#organization\"},\"potentialAction\":[{\"@type\":\"SearchAction\",\"target\":{\"@type\":\"EntryPoint\",\"urlTemplate\":\"https:\\\/\\\/repliquemangacine.fr\\\/?s={search_term_string}\"},\"query-input\":{\"@type\":\"PropertyValueSpecification\",\"valueRequired\":true,\"valueName\":\"search_term_string\"}}],\"inLanguage\":\"it-IT\"},{\"@type\":\"Organization\",\"@id\":\"https:\\\/\\\/repliquemangacine.fr\\\/#organization\",\"name\":\"R\u00e9plique Manga Cin\u00e9\",\"url\":\"https:\\\/\\\/repliquemangacine.fr\\\/\",\"logo\":{\"@type\":\"ImageObject\",\"inLanguage\":\"it-IT\",\"@id\":\"https:\\\/\\\/repliquemangacine.fr\\\/#\\\/schema\\\/logo\\\/image\\\/\",\"url\":\"https:\\\/\\\/repliquemangacine.fr\\\/wp-content\\\/uploads\\\/2023\\\/10\\\/RMC-500250.png\",\"contentUrl\":\"https:\\\/\\\/repliquemangacine.fr\\\/wp-content\\\/uploads\\\/2023\\\/10\\\/RMC-500250.png\",\"width\":500,\"height\":250,\"caption\":\"R\u00e9plique Manga Cin\u00e9\"},\"image\":{\"@id\":\"https:\\\/\\\/repliquemangacine.fr\\\/#\\\/schema\\\/logo\\\/image\\\/\"},\"sameAs\":[\"https:\\\/\\\/www.facebook.com\\\/RepliqueMangaCine\",\"https:\\\/\\\/www.instagram.com\\\/repliquemangacine.fr\\\/\"]}]}<\/script>\n<!-- \/ Yoast SEO plugin. -->","yoast_head_json":{"title":"9 coltelli da lancio e astuccio - R\u00e9plique Manga Cin\u00e9","description":"Eccellente set di 9 coltelli da lancio con custodia. Tutti in acciaio inox 440. Segno giapponese su ogni coltello. Lunghezza totale: 15 cm","robots":{"index":"index","follow":"follow","max-snippet":"max-snippet:-1","max-image-preview":"max-image-preview:large","max-video-preview":"max-video-preview:-1"},"canonical":"https:\/\/repliquemangacine.fr\/it\/naruto-kunai-e-shuriken\/9-coltelli-da-lancio-e-astuccio\/","og_locale":"it_IT","og_type":"article","og_title":"9 Couteaux \u00e0 lancer et pochette - R\u00e9plique Manga Cin\u00e9","og_description":"Superbe set de 9 Couteaux \u00e0 lancer avec pochette de rangement. Tout en acier 440 stainless. Signe Japonais sur chaque couteau. Longueur totale : 15 cm","og_url":"https:\/\/repliquemangacine.fr\/it\/naruto-kunai-e-shuriken\/9-coltelli-da-lancio-e-astuccio\/","og_site_name":"R\u00e9plique Manga Cin\u00e9","article_publisher":"https:\/\/www.facebook.com\/RepliqueMangaCine","article_modified_time":"2025-11-29T19:02:56+00:00","og_image":[{"width":500,"height":500,"url":"https:\/\/repliquemangacine.fr\/wp-content\/uploads\/2024\/11\/couteau-a-lancer-ensemble-de-10-pieces.jpg","type":"image\/jpeg"}],"twitter_card":"summary_large_image","twitter_misc":{"Tempo di lettura stimato":"3 minuti"},"schema":{"@context":"https:\/\/schema.org","@graph":[{"@type":"WebPage","@id":"https:\/\/repliquemangacine.fr\/kunai-et-shuriken-naruto\/9-couteaux-a-lancer-et-pochette\/","url":"https:\/\/repliquemangacine.fr\/kunai-et-shuriken-naruto\/9-couteaux-a-lancer-et-pochette\/","name":"9 coltelli da lancio e astuccio - R\u00e9plique Manga Cin\u00e9","isPartOf":{"@id":"https:\/\/repliquemangacine.fr\/#website"},"primaryImageOfPage":{"@id":"https:\/\/repliquemangacine.fr\/kunai-et-shuriken-naruto\/9-couteaux-a-lancer-et-pochette\/#primaryimage"},"image":{"@id":"https:\/\/repliquemangacine.fr\/kunai-et-shuriken-naruto\/9-couteaux-a-lancer-et-pochette\/#primaryimage"},"thumbnailUrl":"https:\/\/repliquemangacine.fr\/wp-content\/uploads\/2024\/11\/couteau-a-lancer-ensemble-de-10-pieces.jpg","datePublished":"2024-11-21T18:26:25+00:00","dateModified":"2025-11-29T19:02:56+00:00","description":"Eccellente set di 9 coltelli da lancio con custodia. Tutti in acciaio inox 440. Segno giapponese su ogni coltello. Lunghezza totale: 15 cm","breadcrumb":{"@id":"https:\/\/repliquemangacine.fr\/kunai-et-shuriken-naruto\/9-couteaux-a-lancer-et-pochette\/#breadcrumb"},"inLanguage":"it-IT","potentialAction":[{"@type":"ReadAction","target":["https:\/\/repliquemangacine.fr\/kunai-et-shuriken-naruto\/9-couteaux-a-lancer-et-pochette\/"]}]},{"@type":"ImageObject","inLanguage":"it-IT","@id":"https:\/\/repliquemangacine.fr\/kunai-et-shuriken-naruto\/9-couteaux-a-lancer-et-pochette\/#primaryimage","url":"https:\/\/repliquemangacine.fr\/wp-content\/uploads\/2024\/11\/couteau-a-lancer-ensemble-de-10-pieces.jpg","contentUrl":"https:\/\/repliquemangacine.fr\/wp-content\/uploads\/2024\/11\/couteau-a-lancer-ensemble-de-10-pieces.jpg","width":500,"height":500,"caption":"9 couteaux \u00e0 lancer avec pochette"},{"@type":"BreadcrumbList","@id":"https:\/\/repliquemangacine.fr\/kunai-et-shuriken-naruto\/9-couteaux-a-lancer-et-pochette\/#breadcrumb","itemListElement":[{"@type":"ListItem","position":1,"name":"Accueil","item":"https:\/\/repliquemangacine.fr\/"},{"@type":"ListItem","position":2,"name":"Produits","item":"https:\/\/repliquemangacine.fr\/boutique\/"},{"@type":"ListItem","position":3,"name":"9 Couteaux \u00e0 lancer et pochette"}]},{"@type":"WebSite","@id":"https:\/\/repliquemangacine.fr\/#website","url":"https:\/\/repliquemangacine.fr\/","name":"R\u00e9plique Manga Cin\u00e9","description":"","publisher":{"@id":"https:\/\/repliquemangacine.fr\/#organization"},"potentialAction":[{"@type":"SearchAction","target":{"@type":"EntryPoint","urlTemplate":"https:\/\/repliquemangacine.fr\/?s={search_term_string}"},"query-input":{"@type":"PropertyValueSpecification","valueRequired":true,"valueName":"search_term_string"}}],"inLanguage":"it-IT"},{"@type":"Organization","@id":"https:\/\/repliquemangacine.fr\/#organization","name":"R\u00e9plique Manga Cin\u00e9","url":"https:\/\/repliquemangacine.fr\/","logo":{"@type":"ImageObject","inLanguage":"it-IT","@id":"https:\/\/repliquemangacine.fr\/#\/schema\/logo\/image\/","url":"https:\/\/repliquemangacine.fr\/wp-content\/uploads\/2023\/10\/RMC-500250.png","contentUrl":"https:\/\/repliquemangacine.fr\/wp-content\/uploads\/2023\/10\/RMC-500250.png","width":500,"height":250,"caption":"R\u00e9plique Manga Cin\u00e9"},"image":{"@id":"https:\/\/repliquemangacine.fr\/#\/schema\/logo\/image\/"},"sameAs":["https:\/\/www.facebook.com\/RepliqueMangaCine","https:\/\/www.instagram.com\/repliquemangacine.fr\/"]}]}},"_links":{"self":[{"href":"https:\/\/repliquemangacine.fr\/it\/wp-json\/wp\/v2\/product\/78221","targetHints":{"allow":["GET"]}}],"collection":[{"href":"https:\/\/repliquemangacine.fr\/it\/wp-json\/wp\/v2\/product"}],"about":[{"href":"https:\/\/repliquemangacine.fr\/it\/wp-json\/wp\/v2\/types\/product"}],"wp:featuredmedia":[{"embeddable":true,"href":"https:\/\/repliquemangacine.fr\/it\/wp-json\/wp\/v2\/media\/78222"}],"wp:attachment":[{"href":"https:\/\/repliquemangacine.fr\/it\/wp-json\/wp\/v2\/media?parent=78221"}],"wp:term":[{"taxonomy":"product_brand","embeddable":true,"href":"https:\/\/repliquemangacine.fr\/it\/wp-json\/wp\/v2\/product_brand?post=78221"},{"taxonomy":"product_cat","embeddable":true,"href":"https:\/\/repliquemangacine.fr\/it\/wp-json\/wp\/v2\/product_cat?post=78221"},{"taxonomy":"product_tag","embeddable":true,"href":"https:\/\/repliquemangacine.fr\/it\/wp-json\/wp\/v2\/product_tag?post=78221"}],"curies":[{"name":"wp","href":"https:\/\/api.w.org\/{rel}","templated":true}]}}