





{"id":78140,"date":"2024-11-18T18:30:28","date_gmt":"2024-11-18T17:30:28","guid":{"rendered":"https:\/\/repliquemangacine.fr\/?post_type=product&#038;p=78140"},"modified":"2025-11-17T21:43:03","modified_gmt":"2025-11-17T20:43:03","slug":"katana-dellultimo-samurai-v2","status":"publish","type":"product","link":"https:\/\/repliquemangacine.fr\/it\/katanas-le-dernier-samourai\/katana-dernier-samourai-v2\/","title":{"rendered":"Katana Ultimo Samurai V2"},"content":{"rendered":"<h2>Katana L'ultimo samurai V2 - Edizione Nathan Algren<\/h2>\n<p>Innanzitutto, la Katana Last Samurai V2, ispirata all'omonimo film. Entra nel mondo dei samurai con questa replica indossata da Nathan Algren, il personaggio interpretato da Tom Cruise nel film cult L'ultimo samurai. Simbolo di onore e maestria, molto pi\u00f9 di un'arma: \u00e8 un omaggio all'eredit\u00e0 dei guerrieri giapponesi.<\/p>\n<p>Il film \u00e8 ambientato durante la transizione dall'era Edo all'era Meiji. <a href=\"https:\/\/www.lhistoire.fr\/carte\/le-japon-de-l%C3%A8re-meiji\" target=\"_blank\" rel=\"noopener noreferrer\">l'epoca Meiji<\/a> (1868-1912). Un periodo in cui il Giappone abbandon\u00f2 le sue strutture feudali per adottare una societ\u00e0 moderna, industrializzata e influenzata dall'Occidente. Questa transizione port\u00f2 a profondi conflitti tra tradizione e modernit\u00e0, incarnati da figure come Katsumoto e Nathan Algren nel film.<\/p>\n<p>In conclusione, Nathan Algren non \u00e8 una persona realmente esistita nella storia, ma un personaggio composito basato su figure come Jules Brunet e sugli eventi dell'epoca Meiji. Rappresenta lo scontro tra culture diverse e l'ammirazione per il codice dei samurai, che continua ad affascinare il mondo ancora oggi.<\/p>\n<h2>Perch\u00e9 scegliere questa katana Dernier Samoura\u00ef V2?<\/h2>\n<p>Questa katana si distingue per i suoi dettagli unici e la sua eccezionale qualit\u00e0. La combinazione della lama incisa e del fodero aperto la rende un pezzo raro, perfetto per impressionare i vostri amici o arricchire la vostra collezione. Infatti, il fodero (saya) presenta una fessura accuratamente lavorata che permette di vedere le incisioni della lama anche quando \u00e8 riposta.<\/p>\n<p>R\u00e9plique Manga Cin\u00e9 vi propone anche il <a href=\"https:\/\/repliquemangacine.fr\/it\/katana-lultimo-samurai\/la-katana-forgia-lultimo-samurai\/\">Katana Ultimo Samurai<\/a> nella versione forgiata. Consegnato in una confezione con supporto di presentazione, kit di manutenzione e manuale.<\/p>\n<p>Vi proponiamo anche il <a href=\"https:\/\/repliquemangacine.fr\/it\/nuovi-prodotti\/bokken-del-drago-in-legno\/\">Drago Bokken<\/a> per il vostro allenamento di Kendo o Aikido. Proprio come si vede nel film. Unitevi allo spirito dei samurai e lasciatevi trasportare dall'epopea de L'ultimo samurai. Cliccate sul pulsante \"Aggiungi al carrello\" per ottenere questa katana eccezionale e trasformare la vostra collezione in un vero tesoro.<\/p>\n<h2>Come si mantiene la lama della spada giapponese?<\/h2>\n<p>Le katane da collezione e decorative sono realizzate e assemblate in modo semplificato. Poich\u00e9 il loro uso \u00e8 decorativo, non hanno le caratteristiche di sicurezza richieste da una spada giapponese destinata all'allenamento. Tuttavia, la katana Dernier Samoura\u00ef V2 ha una lama in acciaio che deve essere mantenuta per evitare danni nel tempo. Se avete intenzione di esporre la vostra katana, i vostri amici saranno curiosi di vedere la lama e di toccarla. \u00c8 qui che bisogna fare attenzione, perch\u00e9 l'acidit\u00e0 delle dita \u00e8 molto dannosa per l'acciaio, qualunque sia la sua qualit\u00e0. Tuttavia, se ci\u00f2 accade, non fatevi prendere dal panico: basta usare un panno inumidito con un po' d'olio e cancellare le impronte digitali. Se lo farete, la vostra spada durer\u00e0 molto a lungo.<\/p>","protected":false},"excerpt":{"rendered":"<p>Splendida replica della Katana V2 dell'Ultimo Samurai, ispirata al film L'Ultimo Samurai.<\/p>\n<ul>\n<li>Lama in acciaio inossidabile con incisione<\/li>\n<li>Protezione metallica rotonda e appositamente sagomata<\/li>\n<li>Fodero in legno nero con nastro viola e apertura della lama incisa.<\/li>\n<li>Manico rivestito di treccia di cotone nero.<\/li>\n<li>Lunghezza totale: 102 cm<\/li>\n<\/ul>","protected":false},"featured_media":78141,"template":"","meta":[],"product_brand":[896],"product_cat":[32,88],"product_tag":[],"class_list":{"0":"post-78140","1":"product","2":"type-product","3":"status-publish","4":"has-post-thumbnail","6":"product_brand-replique-manga-cine","7":"product_cat-katana-decoration","8":"product_cat-katanas-le-dernier-samourai","10":"first","11":"outofstock","12":"taxable","13":"shipping-taxable","14":"purchasable","15":"product-type-simple"},"yoast_head":"<!-- This site is optimized with the Yoast SEO plugin v27.4 - https:\/\/yoast.com\/product\/yoast-seo-wordpress\/ -->\n<title>Katana Dernier Samoura\u00ef V2 - R\u00e9plique Manga Cin\u00e9<\/title>\n<meta name=\"description\" content=\"Superbe r\u00e9plique du Katana Dernier Samoura\u00ef V2. Lame en acier avec gravure. Fourreau bois avec ouverture sur la lame grav\u00e9e. Garde m\u00e9tal. 102 cm\" \/>\n<meta name=\"robots\" content=\"index, follow, max-snippet:-1, max-image-preview:large, max-video-preview:-1\" \/>\n<link rel=\"canonical\" href=\"https:\/\/repliquemangacine.fr\/it\/katana-lultimo-samurai\/katana-dellultimo-samurai-v2\/\" \/>\n<meta property=\"og:locale\" content=\"it_IT\" \/>\n<meta property=\"og:type\" content=\"article\" \/>\n<meta property=\"og:title\" content=\"Katana Dernier Samoura\u00ef V2 - R\u00e9plique Manga Cin\u00e9\" \/>\n<meta property=\"og:description\" content=\"Superbe r\u00e9plique du Katana Dernier Samoura\u00ef V2. Lame en acier avec gravure. Fourreau bois avec ouverture sur la lame grav\u00e9e. Garde m\u00e9tal. 102 cm\" \/>\n<meta property=\"og:url\" content=\"https:\/\/repliquemangacine.fr\/it\/katana-lultimo-samurai\/katana-dellultimo-samurai-v2\/\" \/>\n<meta property=\"og:site_name\" content=\"R\u00e9plique Manga Cin\u00e9\" \/>\n<meta property=\"article:publisher\" content=\"https:\/\/www.facebook.com\/RepliqueMangaCine\" \/>\n<meta property=\"article:modified_time\" content=\"2025-11-17T20:43:03+00:00\" \/>\n<meta property=\"og:image\" content=\"https:\/\/repliquemangacine.fr\/wp-content\/uploads\/2024\/11\/Katana-violet-hors-son-fourreau.jpg\" \/>\n\t<meta property=\"og:image:width\" content=\"500\" \/>\n\t<meta property=\"og:image:height\" content=\"500\" \/>\n\t<meta property=\"og:image:type\" content=\"image\/jpeg\" \/>\n<meta name=\"twitter:card\" content=\"summary_large_image\" \/>\n<meta name=\"twitter:label1\" content=\"Tempo di lettura stimato\" \/>\n\t<meta name=\"twitter:data1\" content=\"3 minuti\" \/>\n<script type=\"application\/ld+json\" class=\"yoast-schema-graph\">{\"@context\":\"https:\\\/\\\/schema.org\",\"@graph\":[{\"@type\":\"WebPage\",\"@id\":\"https:\\\/\\\/repliquemangacine.fr\\\/katanas-le-dernier-samourai\\\/katana-dernier-samourai-v2\\\/\",\"url\":\"https:\\\/\\\/repliquemangacine.fr\\\/katanas-le-dernier-samourai\\\/katana-dernier-samourai-v2\\\/\",\"name\":\"Katana Dernier Samoura\u00ef V2 - R\u00e9plique Manga Cin\u00e9\",\"isPartOf\":{\"@id\":\"https:\\\/\\\/repliquemangacine.fr\\\/#website\"},\"primaryImageOfPage\":{\"@id\":\"https:\\\/\\\/repliquemangacine.fr\\\/katanas-le-dernier-samourai\\\/katana-dernier-samourai-v2\\\/#primaryimage\"},\"image\":{\"@id\":\"https:\\\/\\\/repliquemangacine.fr\\\/katanas-le-dernier-samourai\\\/katana-dernier-samourai-v2\\\/#primaryimage\"},\"thumbnailUrl\":\"https:\\\/\\\/repliquemangacine.fr\\\/wp-content\\\/uploads\\\/2024\\\/11\\\/Katana-violet-hors-son-fourreau.jpg\",\"datePublished\":\"2024-11-18T17:30:28+00:00\",\"dateModified\":\"2025-11-17T20:43:03+00:00\",\"description\":\"Superbe r\u00e9plique du Katana Dernier Samoura\u00ef V2. Lame en acier avec gravure. Fourreau bois avec ouverture sur la lame grav\u00e9e. Garde m\u00e9tal. 102 cm\",\"breadcrumb\":{\"@id\":\"https:\\\/\\\/repliquemangacine.fr\\\/katanas-le-dernier-samourai\\\/katana-dernier-samourai-v2\\\/#breadcrumb\"},\"inLanguage\":\"it-IT\",\"potentialAction\":[{\"@type\":\"ReadAction\",\"target\":[\"https:\\\/\\\/repliquemangacine.fr\\\/katanas-le-dernier-samourai\\\/katana-dernier-samourai-v2\\\/\"]}]},{\"@type\":\"ImageObject\",\"inLanguage\":\"it-IT\",\"@id\":\"https:\\\/\\\/repliquemangacine.fr\\\/katanas-le-dernier-samourai\\\/katana-dernier-samourai-v2\\\/#primaryimage\",\"url\":\"https:\\\/\\\/repliquemangacine.fr\\\/wp-content\\\/uploads\\\/2024\\\/11\\\/Katana-violet-hors-son-fourreau.jpg\",\"contentUrl\":\"https:\\\/\\\/repliquemangacine.fr\\\/wp-content\\\/uploads\\\/2024\\\/11\\\/Katana-violet-hors-son-fourreau.jpg\",\"width\":500,\"height\":500,\"caption\":\"Katana Dernier Samoura\u00ef V2 hors de son fourreau\"},{\"@type\":\"BreadcrumbList\",\"@id\":\"https:\\\/\\\/repliquemangacine.fr\\\/katanas-le-dernier-samourai\\\/katana-dernier-samourai-v2\\\/#breadcrumb\",\"itemListElement\":[{\"@type\":\"ListItem\",\"position\":1,\"name\":\"Accueil\",\"item\":\"https:\\\/\\\/repliquemangacine.fr\\\/\"},{\"@type\":\"ListItem\",\"position\":2,\"name\":\"Produits\",\"item\":\"https:\\\/\\\/repliquemangacine.fr\\\/boutique\\\/\"},{\"@type\":\"ListItem\",\"position\":3,\"name\":\"Katana Dernier Samoura\u00ef V2\"}]},{\"@type\":\"WebSite\",\"@id\":\"https:\\\/\\\/repliquemangacine.fr\\\/#website\",\"url\":\"https:\\\/\\\/repliquemangacine.fr\\\/\",\"name\":\"R\u00e9plique Manga Cin\u00e9\",\"description\":\"\",\"publisher\":{\"@id\":\"https:\\\/\\\/repliquemangacine.fr\\\/#organization\"},\"potentialAction\":[{\"@type\":\"SearchAction\",\"target\":{\"@type\":\"EntryPoint\",\"urlTemplate\":\"https:\\\/\\\/repliquemangacine.fr\\\/?s={search_term_string}\"},\"query-input\":{\"@type\":\"PropertyValueSpecification\",\"valueRequired\":true,\"valueName\":\"search_term_string\"}}],\"inLanguage\":\"it-IT\"},{\"@type\":\"Organization\",\"@id\":\"https:\\\/\\\/repliquemangacine.fr\\\/#organization\",\"name\":\"R\u00e9plique Manga Cin\u00e9\",\"url\":\"https:\\\/\\\/repliquemangacine.fr\\\/\",\"logo\":{\"@type\":\"ImageObject\",\"inLanguage\":\"it-IT\",\"@id\":\"https:\\\/\\\/repliquemangacine.fr\\\/#\\\/schema\\\/logo\\\/image\\\/\",\"url\":\"https:\\\/\\\/repliquemangacine.fr\\\/wp-content\\\/uploads\\\/2023\\\/10\\\/RMC-500250.png\",\"contentUrl\":\"https:\\\/\\\/repliquemangacine.fr\\\/wp-content\\\/uploads\\\/2023\\\/10\\\/RMC-500250.png\",\"width\":500,\"height\":250,\"caption\":\"R\u00e9plique Manga Cin\u00e9\"},\"image\":{\"@id\":\"https:\\\/\\\/repliquemangacine.fr\\\/#\\\/schema\\\/logo\\\/image\\\/\"},\"sameAs\":[\"https:\\\/\\\/www.facebook.com\\\/RepliqueMangaCine\",\"https:\\\/\\\/www.instagram.com\\\/repliquemangacine.fr\\\/\"]}]}<\/script>\n<!-- \/ Yoast SEO plugin. -->","yoast_head_json":{"title":"Katana Ultimo Samurai V2 - R\u00e9plique Manga Cin\u00e9","description":"Superba replica della Katana V2 dell'Ultimo Samurai. Lama in acciaio con incisione. Fodero in legno con apertura della lama incisa. Guardia in metallo. Lunghezza 102 cm","robots":{"index":"index","follow":"follow","max-snippet":"max-snippet:-1","max-image-preview":"max-image-preview:large","max-video-preview":"max-video-preview:-1"},"canonical":"https:\/\/repliquemangacine.fr\/it\/katana-lultimo-samurai\/katana-dellultimo-samurai-v2\/","og_locale":"it_IT","og_type":"article","og_title":"Katana Dernier Samoura\u00ef V2 - R\u00e9plique Manga Cin\u00e9","og_description":"Superbe r\u00e9plique du Katana Dernier Samoura\u00ef V2. Lame en acier avec gravure. Fourreau bois avec ouverture sur la lame grav\u00e9e. Garde m\u00e9tal. 102 cm","og_url":"https:\/\/repliquemangacine.fr\/it\/katana-lultimo-samurai\/katana-dellultimo-samurai-v2\/","og_site_name":"R\u00e9plique Manga Cin\u00e9","article_publisher":"https:\/\/www.facebook.com\/RepliqueMangaCine","article_modified_time":"2025-11-17T20:43:03+00:00","og_image":[{"width":500,"height":500,"url":"https:\/\/repliquemangacine.fr\/wp-content\/uploads\/2024\/11\/Katana-violet-hors-son-fourreau.jpg","type":"image\/jpeg"}],"twitter_card":"summary_large_image","twitter_misc":{"Tempo di lettura stimato":"3 minuti"},"schema":{"@context":"https:\/\/schema.org","@graph":[{"@type":"WebPage","@id":"https:\/\/repliquemangacine.fr\/katanas-le-dernier-samourai\/katana-dernier-samourai-v2\/","url":"https:\/\/repliquemangacine.fr\/katanas-le-dernier-samourai\/katana-dernier-samourai-v2\/","name":"Katana Ultimo Samurai V2 - R\u00e9plique Manga Cin\u00e9","isPartOf":{"@id":"https:\/\/repliquemangacine.fr\/#website"},"primaryImageOfPage":{"@id":"https:\/\/repliquemangacine.fr\/katanas-le-dernier-samourai\/katana-dernier-samourai-v2\/#primaryimage"},"image":{"@id":"https:\/\/repliquemangacine.fr\/katanas-le-dernier-samourai\/katana-dernier-samourai-v2\/#primaryimage"},"thumbnailUrl":"https:\/\/repliquemangacine.fr\/wp-content\/uploads\/2024\/11\/Katana-violet-hors-son-fourreau.jpg","datePublished":"2024-11-18T17:30:28+00:00","dateModified":"2025-11-17T20:43:03+00:00","description":"Superba replica della Katana V2 dell'Ultimo Samurai. Lama in acciaio con incisione. Fodero in legno con apertura della lama incisa. Guardia in metallo. Lunghezza 102 cm","breadcrumb":{"@id":"https:\/\/repliquemangacine.fr\/katanas-le-dernier-samourai\/katana-dernier-samourai-v2\/#breadcrumb"},"inLanguage":"it-IT","potentialAction":[{"@type":"ReadAction","target":["https:\/\/repliquemangacine.fr\/katanas-le-dernier-samourai\/katana-dernier-samourai-v2\/"]}]},{"@type":"ImageObject","inLanguage":"it-IT","@id":"https:\/\/repliquemangacine.fr\/katanas-le-dernier-samourai\/katana-dernier-samourai-v2\/#primaryimage","url":"https:\/\/repliquemangacine.fr\/wp-content\/uploads\/2024\/11\/Katana-violet-hors-son-fourreau.jpg","contentUrl":"https:\/\/repliquemangacine.fr\/wp-content\/uploads\/2024\/11\/Katana-violet-hors-son-fourreau.jpg","width":500,"height":500,"caption":"Katana Dernier Samoura\u00ef V2 hors de son fourreau"},{"@type":"BreadcrumbList","@id":"https:\/\/repliquemangacine.fr\/katanas-le-dernier-samourai\/katana-dernier-samourai-v2\/#breadcrumb","itemListElement":[{"@type":"ListItem","position":1,"name":"Accueil","item":"https:\/\/repliquemangacine.fr\/"},{"@type":"ListItem","position":2,"name":"Produits","item":"https:\/\/repliquemangacine.fr\/boutique\/"},{"@type":"ListItem","position":3,"name":"Katana Dernier Samoura\u00ef V2"}]},{"@type":"WebSite","@id":"https:\/\/repliquemangacine.fr\/#website","url":"https:\/\/repliquemangacine.fr\/","name":"R\u00e9plique Manga Cin\u00e9","description":"","publisher":{"@id":"https:\/\/repliquemangacine.fr\/#organization"},"potentialAction":[{"@type":"SearchAction","target":{"@type":"EntryPoint","urlTemplate":"https:\/\/repliquemangacine.fr\/?s={search_term_string}"},"query-input":{"@type":"PropertyValueSpecification","valueRequired":true,"valueName":"search_term_string"}}],"inLanguage":"it-IT"},{"@type":"Organization","@id":"https:\/\/repliquemangacine.fr\/#organization","name":"R\u00e9plique Manga Cin\u00e9","url":"https:\/\/repliquemangacine.fr\/","logo":{"@type":"ImageObject","inLanguage":"it-IT","@id":"https:\/\/repliquemangacine.fr\/#\/schema\/logo\/image\/","url":"https:\/\/repliquemangacine.fr\/wp-content\/uploads\/2023\/10\/RMC-500250.png","contentUrl":"https:\/\/repliquemangacine.fr\/wp-content\/uploads\/2023\/10\/RMC-500250.png","width":500,"height":250,"caption":"R\u00e9plique Manga Cin\u00e9"},"image":{"@id":"https:\/\/repliquemangacine.fr\/#\/schema\/logo\/image\/"},"sameAs":["https:\/\/www.facebook.com\/RepliqueMangaCine","https:\/\/www.instagram.com\/repliquemangacine.fr\/"]}]}},"_links":{"self":[{"href":"https:\/\/repliquemangacine.fr\/it\/wp-json\/wp\/v2\/product\/78140","targetHints":{"allow":["GET"]}}],"collection":[{"href":"https:\/\/repliquemangacine.fr\/it\/wp-json\/wp\/v2\/product"}],"about":[{"href":"https:\/\/repliquemangacine.fr\/it\/wp-json\/wp\/v2\/types\/product"}],"wp:featuredmedia":[{"embeddable":true,"href":"https:\/\/repliquemangacine.fr\/it\/wp-json\/wp\/v2\/media\/78141"}],"wp:attachment":[{"href":"https:\/\/repliquemangacine.fr\/it\/wp-json\/wp\/v2\/media?parent=78140"}],"wp:term":[{"taxonomy":"product_brand","embeddable":true,"href":"https:\/\/repliquemangacine.fr\/it\/wp-json\/wp\/v2\/product_brand?post=78140"},{"taxonomy":"product_cat","embeddable":true,"href":"https:\/\/repliquemangacine.fr\/it\/wp-json\/wp\/v2\/product_cat?post=78140"},{"taxonomy":"product_tag","embeddable":true,"href":"https:\/\/repliquemangacine.fr\/it\/wp-json\/wp\/v2\/product_tag?post=78140"}],"curies":[{"name":"wp","href":"https:\/\/api.w.org\/{rel}","templated":true}]}}