





{"id":76054,"date":"2024-11-09T18:01:55","date_gmt":"2024-11-09T17:01:55","guid":{"rendered":"https:\/\/repliquemangacine.fr\/?post_type=product&#038;p=76054"},"modified":"2025-11-17T21:43:38","modified_gmt":"2025-11-17T20:43:38","slug":"pezzo-unico-luminoso-katana-trafalgar-law","status":"publish","type":"product","link":"https:\/\/repliquemangacine.fr\/it\/katana-en-metal-one-piece\/katana-lumineux-trafalgar-law-one-piece\/","title":{"rendered":"Katana luminosa di Trafalgar Law"},"content":{"rendered":"<h2>La katana luminosa di Trafalgar Law in One Piece<\/h2>\n<p>Per prima cosa, scoprite una novit\u00e0 eccezionale: la<strong> La katana luminosa di Trafalgar Law<\/strong> in One Piece. Ispirata a Kikoku, la caratteristica spada di Law, spesso riconoscibile per il fodero bianco e nero e i motivi a croce che richiamano il suo emblema. Questa replica luminosa offre ai fan di One Piece un'immersione totale nell'universo del personaggio, ricreando l'aura misteriosa e potente di Law.<\/p>\n<p>Questa katana unica nel suo genere funziona a batterie e si illumina grazie a LED integrati, conferendo cos\u00ec una dimensione fiammeggiante a questa fedele riproduzione. Basta premere un pulsante di accensione\/spegnimento discretamente integrato nell'impugnatura. La lama si illumina istantaneamente, evocando la grazia e la precisione del suo stile di combattimento ispirato alla natura. Questa tecnologia a LED offre un realismo senza precedenti, una novit\u00e0 assoluta per le katana luminose di questa qualit\u00e0. Perfetta per collezionisti e appassionati. <a href=\"https:\/\/onepiece.fandom.com\/fr\/wiki\/One_Piece_Encyclop%C3%A9die\" target=\"_blank\" rel=\"noopener noreferrer\">Un pezzo<\/a>. Questa katana combina autenticit\u00e0 e innovazione per offrire un'esperienza visiva di grande impatto. Ideale per esporre o ricreare scene epiche. Un vero e proprio oggetto da collezione per tutti i fan di One Piece e delle avventure di questo enigmatico chirurgo!<\/p>\n<h2>Scopri le altre nuove katane luminose<\/h2>\n<p>Oltre al<strong> La katana luminosa di Trafalgar Law<\/strong>La gamma di katane luminose comprende anche altre impressionanti repliche dell'universo di Demon Slayer.<\/p>\n<ul>\n<li>Le <a href=\"https:\/\/repliquemangacine.fr\/it\/katana-leggera-uccisore-di-demoni\/katana-leggera-yoriichi\/\">La katana luminosa di Yoriichi<\/a> Tsugikuni, leggendario cacciatore di demoni, risplende per incarnare il potere senza pari di questo personaggio mitico.<br \/>\nIl suo stile di combattimento \u00e8 Il Soffio del Sole, chiamato anche Soffio Originale.<\/li>\n<li>Le <a href=\"https:\/\/repliquemangacine.fr\/it\/katana-leggera-uccisore-di-demoni\/katana-leggera-tanjiro\/\">La katana luminosa di Tanjiro<\/a> Kamado, protagonista della serie, anch'egli dotato di LED che illuminano la sua lama nera, simbolo della forza e della perseveranza di Tanjiro.<br \/>\nnella sua ricerca per proteggere i propri cari.<\/li>\n<li>Le <a href=\"https:\/\/repliquemangacine.fr\/it\/katana-leggera-uccisore-di-demoni\/katana-luminosa-delluccisore-di-demoni-sanemi\/\">katana luminosa di Sanemi Shinazugawa<\/a>Sanemi \u00e8 il terzo spadaccino pi\u00f9 potente del mondo. La lama si illumina all'istante, evocando la forza e l'agilit\u00e0 di Sanemi, pari a quelle di un demone. E molti altri da scoprire nel nostro negozio.<\/li>\n<\/ul>\n<p>Ogni katana di questa collezione, dotata di LED, offre un'esperienza immersiva unica, che unisce innovazione tecnologica e rispetto dei dettagli dell'universo Demon Slayer.<\/p>\n<p>Queste repliche luminose sono perfette per i fan pi\u00f9 appassionati.<\/p>\n<h2>L'innovazione al servizio degli appassionati: eccezionali katane luminose<\/h2>\n<p>Il mondo delle repliche di katana ha raggiunto un nuovo livello con questi modelli luminosi. Ed \u00e8 una rivoluzione per i fan di Demon Slayer. Cos\u00ec come la loro qualit\u00e0 costruttiva e la loro fedelt\u00e0 alle armi viste nell'anime. Queste katane sono dotate di tecnologia LED che aggiunge una nuova dimensione immersiva. Ogni katana diventa molto pi\u00f9 di un semplice oggetto da collezione. \u00c8 un elemento veramente interattivo, in grado di brillare e di evocare il potere dei personaggi che rappresenta. I LED sono facilmente attivabili tramite un pulsante discreto, in modo da poter godere appieno dell'esperienza. Che si tratti di mostre, foto o anche di cosplay. Questa innovazione, che unisce tradizione e tecnologia, rende le katane luminose una rivoluzione per gli appassionati che cercano repliche autentiche ma innovative. Se volete arricchire la vostra collezione con qualcosa di unico e sorprendente, allora queste katane luminose fanno al caso vostro!<\/p>\n<p>&nbsp;<\/p>","protected":false},"excerpt":{"rendered":"<p>Splendida replica della Katana luminosa di Trafalgar Law di One Piece.<\/p>\n<ul>\n<li>Lama di metallo sulla parte superiore.<\/li>\n<li>La parte inferiore \u00e8 realizzata in ABS rigido con LED bianchi all'interno.<\/li>\n<li>Pulsante di accensione\/spegnimento discreto e facile da usare<\/li>\n<li>Protezione in metallo con pelliccia bianca<\/li>\n<li>Manico in finta pelle di razza, ricoperto da una treccia di cotone marrone.<\/li>\n<li>L'estremit\u00e0 del manico pu\u00f2 essere staccata per inserire due batterie AAA (non fornite).<\/li>\n<li>Fodero in legno laccato nero con croce bianca.<\/li>\n<li>Lunghezza lama: 67 cm - Lunghezza totale: 103 cm - Peso: 1010 grammi<\/li>\n<\/ul>","protected":false},"featured_media":76056,"template":"","meta":[],"product_brand":[896],"product_cat":[123,868,36,101],"product_tag":[],"class_list":{"0":"post-76054","1":"product","2":"type-product","3":"status-publish","4":"has-post-thumbnail","6":"product_brand-replique-manga-cine","7":"product_cat-katana-en-metal-one-piece","8":"product_cat-katana-lumineux","9":"product_cat-katana-one-piece","10":"product_cat-soldes","12":"first","13":"instock","14":"sale","15":"taxable","16":"shipping-taxable","17":"purchasable","18":"product-type-simple"},"yoast_head":"<!-- This site is optimized with the Yoast SEO plugin v27.4 - https:\/\/yoast.com\/product\/yoast-seo-wordpress\/ -->\n<title>Katana Lumineux Trafalgar Law - One Piece | R\u00e9plique Manga Cin\u00e9<\/title>\n<meta name=\"description\" content=\"Nouveaut\u00e9 exceptionnelle, le Katana lumineux de Trafalgar Law. Lame acier avec LEDS. Bouton marche\/arr\u00eat. Fonctionne \u00e0 piles. 103 cm\" \/>\n<meta name=\"robots\" content=\"index, follow, max-snippet:-1, max-image-preview:large, max-video-preview:-1\" \/>\n<link rel=\"canonical\" href=\"https:\/\/repliquemangacine.fr\/it\/katana-in-metallo-monopezzo\/pezzo-unico-luminoso-katana-trafalgar-law\/\" \/>\n<meta property=\"og:locale\" content=\"it_IT\" \/>\n<meta property=\"og:type\" content=\"article\" \/>\n<meta property=\"og:title\" content=\"Katana Lumineux Trafalgar Law - One Piece | R\u00e9plique Manga Cin\u00e9\" \/>\n<meta property=\"og:description\" content=\"Nouveaut\u00e9 exceptionnelle, le Katana lumineux de Trafalgar Law. Lame acier avec LEDS. Bouton marche\/arr\u00eat. Fonctionne \u00e0 piles. 103 cm\" \/>\n<meta property=\"og:url\" content=\"https:\/\/repliquemangacine.fr\/it\/katana-in-metallo-monopezzo\/pezzo-unico-luminoso-katana-trafalgar-law\/\" \/>\n<meta property=\"og:site_name\" content=\"R\u00e9plique Manga Cin\u00e9\" \/>\n<meta property=\"article:publisher\" content=\"https:\/\/www.facebook.com\/RepliqueMangaCine\" \/>\n<meta property=\"article:modified_time\" content=\"2025-11-17T20:43:38+00:00\" \/>\n<meta property=\"og:image\" content=\"https:\/\/repliquemangacine.fr\/wp-content\/uploads\/2024\/11\/Katana-lumineux-Trafalgar-Law.jpg\" \/>\n\t<meta property=\"og:image:width\" content=\"500\" \/>\n\t<meta property=\"og:image:height\" content=\"500\" \/>\n\t<meta property=\"og:image:type\" content=\"image\/jpeg\" \/>\n<meta name=\"twitter:card\" content=\"summary_large_image\" \/>\n<meta name=\"twitter:label1\" content=\"Tempo di lettura stimato\" \/>\n\t<meta name=\"twitter:data1\" content=\"3 minuti\" \/>\n<script type=\"application\/ld+json\" class=\"yoast-schema-graph\">{\"@context\":\"https:\\\/\\\/schema.org\",\"@graph\":[{\"@type\":\"WebPage\",\"@id\":\"https:\\\/\\\/repliquemangacine.fr\\\/katana-en-metal-one-piece\\\/katana-lumineux-trafalgar-law-one-piece\\\/\",\"url\":\"https:\\\/\\\/repliquemangacine.fr\\\/katana-en-metal-one-piece\\\/katana-lumineux-trafalgar-law-one-piece\\\/\",\"name\":\"Katana Lumineux Trafalgar Law - One Piece | R\u00e9plique Manga Cin\u00e9\",\"isPartOf\":{\"@id\":\"https:\\\/\\\/repliquemangacine.fr\\\/#website\"},\"primaryImageOfPage\":{\"@id\":\"https:\\\/\\\/repliquemangacine.fr\\\/katana-en-metal-one-piece\\\/katana-lumineux-trafalgar-law-one-piece\\\/#primaryimage\"},\"image\":{\"@id\":\"https:\\\/\\\/repliquemangacine.fr\\\/katana-en-metal-one-piece\\\/katana-lumineux-trafalgar-law-one-piece\\\/#primaryimage\"},\"thumbnailUrl\":\"https:\\\/\\\/repliquemangacine.fr\\\/wp-content\\\/uploads\\\/2024\\\/11\\\/Katana-lumineux-Trafalgar-Law.jpg\",\"datePublished\":\"2024-11-09T17:01:55+00:00\",\"dateModified\":\"2025-11-17T20:43:38+00:00\",\"description\":\"Nouveaut\u00e9 exceptionnelle, le Katana lumineux de Trafalgar Law. Lame acier avec LEDS. Bouton marche\\\/arr\u00eat. Fonctionne \u00e0 piles. 103 cm\",\"breadcrumb\":{\"@id\":\"https:\\\/\\\/repliquemangacine.fr\\\/katana-en-metal-one-piece\\\/katana-lumineux-trafalgar-law-one-piece\\\/#breadcrumb\"},\"inLanguage\":\"it-IT\",\"potentialAction\":[{\"@type\":\"ReadAction\",\"target\":[\"https:\\\/\\\/repliquemangacine.fr\\\/katana-en-metal-one-piece\\\/katana-lumineux-trafalgar-law-one-piece\\\/\"]}]},{\"@type\":\"ImageObject\",\"inLanguage\":\"it-IT\",\"@id\":\"https:\\\/\\\/repliquemangacine.fr\\\/katana-en-metal-one-piece\\\/katana-lumineux-trafalgar-law-one-piece\\\/#primaryimage\",\"url\":\"https:\\\/\\\/repliquemangacine.fr\\\/wp-content\\\/uploads\\\/2024\\\/11\\\/Katana-lumineux-Trafalgar-Law.jpg\",\"contentUrl\":\"https:\\\/\\\/repliquemangacine.fr\\\/wp-content\\\/uploads\\\/2024\\\/11\\\/Katana-lumineux-Trafalgar-Law.jpg\",\"width\":500,\"height\":500,\"caption\":\"Katana lumineux de Trafalgar Law dans One Piece\"},{\"@type\":\"BreadcrumbList\",\"@id\":\"https:\\\/\\\/repliquemangacine.fr\\\/katana-en-metal-one-piece\\\/katana-lumineux-trafalgar-law-one-piece\\\/#breadcrumb\",\"itemListElement\":[{\"@type\":\"ListItem\",\"position\":1,\"name\":\"Accueil\",\"item\":\"https:\\\/\\\/repliquemangacine.fr\\\/\"},{\"@type\":\"ListItem\",\"position\":2,\"name\":\"Produits\",\"item\":\"https:\\\/\\\/repliquemangacine.fr\\\/boutique\\\/\"},{\"@type\":\"ListItem\",\"position\":3,\"name\":\"Katana Lumineux Trafalgar Law\"}]},{\"@type\":\"WebSite\",\"@id\":\"https:\\\/\\\/repliquemangacine.fr\\\/#website\",\"url\":\"https:\\\/\\\/repliquemangacine.fr\\\/\",\"name\":\"R\u00e9plique Manga Cin\u00e9\",\"description\":\"\",\"publisher\":{\"@id\":\"https:\\\/\\\/repliquemangacine.fr\\\/#organization\"},\"potentialAction\":[{\"@type\":\"SearchAction\",\"target\":{\"@type\":\"EntryPoint\",\"urlTemplate\":\"https:\\\/\\\/repliquemangacine.fr\\\/?s={search_term_string}\"},\"query-input\":{\"@type\":\"PropertyValueSpecification\",\"valueRequired\":true,\"valueName\":\"search_term_string\"}}],\"inLanguage\":\"it-IT\"},{\"@type\":\"Organization\",\"@id\":\"https:\\\/\\\/repliquemangacine.fr\\\/#organization\",\"name\":\"R\u00e9plique Manga Cin\u00e9\",\"url\":\"https:\\\/\\\/repliquemangacine.fr\\\/\",\"logo\":{\"@type\":\"ImageObject\",\"inLanguage\":\"it-IT\",\"@id\":\"https:\\\/\\\/repliquemangacine.fr\\\/#\\\/schema\\\/logo\\\/image\\\/\",\"url\":\"https:\\\/\\\/repliquemangacine.fr\\\/wp-content\\\/uploads\\\/2023\\\/10\\\/RMC-500250.png\",\"contentUrl\":\"https:\\\/\\\/repliquemangacine.fr\\\/wp-content\\\/uploads\\\/2023\\\/10\\\/RMC-500250.png\",\"width\":500,\"height\":250,\"caption\":\"R\u00e9plique Manga Cin\u00e9\"},\"image\":{\"@id\":\"https:\\\/\\\/repliquemangacine.fr\\\/#\\\/schema\\\/logo\\\/image\\\/\"},\"sameAs\":[\"https:\\\/\\\/www.facebook.com\\\/RepliqueMangaCine\",\"https:\\\/\\\/www.instagram.com\\\/repliquemangacine.fr\\\/\"]}]}<\/script>\n<!-- \/ Yoast SEO plugin. -->","yoast_head_json":{"title":"Katana luminosa Trafalgar Law - One Piece | R\u00e9plique Manga Cin\u00e9","description":"Un nuovo prodotto eccezionale, la Katana luminosa di Trafalgar Law. Lama in acciaio con LED. Pulsante di accensione e spegnimento. Funzionamento a batteria. 103 cm","robots":{"index":"index","follow":"follow","max-snippet":"max-snippet:-1","max-image-preview":"max-image-preview:large","max-video-preview":"max-video-preview:-1"},"canonical":"https:\/\/repliquemangacine.fr\/it\/katana-in-metallo-monopezzo\/pezzo-unico-luminoso-katana-trafalgar-law\/","og_locale":"it_IT","og_type":"article","og_title":"Katana Lumineux Trafalgar Law - One Piece | R\u00e9plique Manga Cin\u00e9","og_description":"Nouveaut\u00e9 exceptionnelle, le Katana lumineux de Trafalgar Law. Lame acier avec LEDS. Bouton marche\/arr\u00eat. Fonctionne \u00e0 piles. 103 cm","og_url":"https:\/\/repliquemangacine.fr\/it\/katana-in-metallo-monopezzo\/pezzo-unico-luminoso-katana-trafalgar-law\/","og_site_name":"R\u00e9plique Manga Cin\u00e9","article_publisher":"https:\/\/www.facebook.com\/RepliqueMangaCine","article_modified_time":"2025-11-17T20:43:38+00:00","og_image":[{"width":500,"height":500,"url":"https:\/\/repliquemangacine.fr\/wp-content\/uploads\/2024\/11\/Katana-lumineux-Trafalgar-Law.jpg","type":"image\/jpeg"}],"twitter_card":"summary_large_image","twitter_misc":{"Tempo di lettura stimato":"3 minuti"},"schema":{"@context":"https:\/\/schema.org","@graph":[{"@type":"WebPage","@id":"https:\/\/repliquemangacine.fr\/katana-en-metal-one-piece\/katana-lumineux-trafalgar-law-one-piece\/","url":"https:\/\/repliquemangacine.fr\/katana-en-metal-one-piece\/katana-lumineux-trafalgar-law-one-piece\/","name":"Katana luminosa Trafalgar Law - One Piece | R\u00e9plique Manga Cin\u00e9","isPartOf":{"@id":"https:\/\/repliquemangacine.fr\/#website"},"primaryImageOfPage":{"@id":"https:\/\/repliquemangacine.fr\/katana-en-metal-one-piece\/katana-lumineux-trafalgar-law-one-piece\/#primaryimage"},"image":{"@id":"https:\/\/repliquemangacine.fr\/katana-en-metal-one-piece\/katana-lumineux-trafalgar-law-one-piece\/#primaryimage"},"thumbnailUrl":"https:\/\/repliquemangacine.fr\/wp-content\/uploads\/2024\/11\/Katana-lumineux-Trafalgar-Law.jpg","datePublished":"2024-11-09T17:01:55+00:00","dateModified":"2025-11-17T20:43:38+00:00","description":"Un nuovo prodotto eccezionale, la Katana luminosa di Trafalgar Law. Lama in acciaio con LED. Pulsante di accensione e spegnimento. Funzionamento a batteria. 103 cm","breadcrumb":{"@id":"https:\/\/repliquemangacine.fr\/katana-en-metal-one-piece\/katana-lumineux-trafalgar-law-one-piece\/#breadcrumb"},"inLanguage":"it-IT","potentialAction":[{"@type":"ReadAction","target":["https:\/\/repliquemangacine.fr\/katana-en-metal-one-piece\/katana-lumineux-trafalgar-law-one-piece\/"]}]},{"@type":"ImageObject","inLanguage":"it-IT","@id":"https:\/\/repliquemangacine.fr\/katana-en-metal-one-piece\/katana-lumineux-trafalgar-law-one-piece\/#primaryimage","url":"https:\/\/repliquemangacine.fr\/wp-content\/uploads\/2024\/11\/Katana-lumineux-Trafalgar-Law.jpg","contentUrl":"https:\/\/repliquemangacine.fr\/wp-content\/uploads\/2024\/11\/Katana-lumineux-Trafalgar-Law.jpg","width":500,"height":500,"caption":"Katana lumineux de Trafalgar Law dans One Piece"},{"@type":"BreadcrumbList","@id":"https:\/\/repliquemangacine.fr\/katana-en-metal-one-piece\/katana-lumineux-trafalgar-law-one-piece\/#breadcrumb","itemListElement":[{"@type":"ListItem","position":1,"name":"Accueil","item":"https:\/\/repliquemangacine.fr\/"},{"@type":"ListItem","position":2,"name":"Produits","item":"https:\/\/repliquemangacine.fr\/boutique\/"},{"@type":"ListItem","position":3,"name":"Katana Lumineux Trafalgar Law"}]},{"@type":"WebSite","@id":"https:\/\/repliquemangacine.fr\/#website","url":"https:\/\/repliquemangacine.fr\/","name":"R\u00e9plique Manga Cin\u00e9","description":"","publisher":{"@id":"https:\/\/repliquemangacine.fr\/#organization"},"potentialAction":[{"@type":"SearchAction","target":{"@type":"EntryPoint","urlTemplate":"https:\/\/repliquemangacine.fr\/?s={search_term_string}"},"query-input":{"@type":"PropertyValueSpecification","valueRequired":true,"valueName":"search_term_string"}}],"inLanguage":"it-IT"},{"@type":"Organization","@id":"https:\/\/repliquemangacine.fr\/#organization","name":"R\u00e9plique Manga Cin\u00e9","url":"https:\/\/repliquemangacine.fr\/","logo":{"@type":"ImageObject","inLanguage":"it-IT","@id":"https:\/\/repliquemangacine.fr\/#\/schema\/logo\/image\/","url":"https:\/\/repliquemangacine.fr\/wp-content\/uploads\/2023\/10\/RMC-500250.png","contentUrl":"https:\/\/repliquemangacine.fr\/wp-content\/uploads\/2023\/10\/RMC-500250.png","width":500,"height":250,"caption":"R\u00e9plique Manga Cin\u00e9"},"image":{"@id":"https:\/\/repliquemangacine.fr\/#\/schema\/logo\/image\/"},"sameAs":["https:\/\/www.facebook.com\/RepliqueMangaCine","https:\/\/www.instagram.com\/repliquemangacine.fr\/"]}]}},"_links":{"self":[{"href":"https:\/\/repliquemangacine.fr\/it\/wp-json\/wp\/v2\/product\/76054","targetHints":{"allow":["GET"]}}],"collection":[{"href":"https:\/\/repliquemangacine.fr\/it\/wp-json\/wp\/v2\/product"}],"about":[{"href":"https:\/\/repliquemangacine.fr\/it\/wp-json\/wp\/v2\/types\/product"}],"wp:featuredmedia":[{"embeddable":true,"href":"https:\/\/repliquemangacine.fr\/it\/wp-json\/wp\/v2\/media\/76056"}],"wp:attachment":[{"href":"https:\/\/repliquemangacine.fr\/it\/wp-json\/wp\/v2\/media?parent=76054"}],"wp:term":[{"taxonomy":"product_brand","embeddable":true,"href":"https:\/\/repliquemangacine.fr\/it\/wp-json\/wp\/v2\/product_brand?post=76054"},{"taxonomy":"product_cat","embeddable":true,"href":"https:\/\/repliquemangacine.fr\/it\/wp-json\/wp\/v2\/product_cat?post=76054"},{"taxonomy":"product_tag","embeddable":true,"href":"https:\/\/repliquemangacine.fr\/it\/wp-json\/wp\/v2\/product_tag?post=76054"}],"curies":[{"name":"wp","href":"https:\/\/api.w.org\/{rel}","templated":true}]}}